{"id":122461,"date":"2024-05-15T14:21:12","date_gmt":"2024-05-15T14:21:12","guid":{"rendered":"https:\/\/bas-ip.com\/?page_id=122461"},"modified":"2024-11-05T14:30:34","modified_gmt":"2024-11-05T14:30:34","slug":"firmware-tamogatasi-politika","status":"publish","type":"page","link":"https:\/\/bas-ip.com\/hu\/firmware-tamogatasi-politika\/","title":{"rendered":"Firmware t\u00e1mogat\u00e1si politika"},"content":{"rendered":"<p><strong>A firmware karbantart\u00e1sa<\/strong><\/p>\n\n\n\n<p id=\"block-cb820ac4-36cc-4cd9-8942-4aab20b26305\">A BAS-IP saj\u00e1t bel\u00e1t\u00e1sa szerint alapszint\u0171 firmware-t\u00e1mogat\u00e1st ny\u00fajthat a hardverre vonatkoz\u00f3 j\u00f3t\u00e1ll\u00e1si id\u0151szak alatt. A j\u00f3t\u00e1ll\u00e1si id\u0151szak alatt a BAS-IP karbantart\u00e1si kiad\u00e1sokat vagy hibajav\u00edt\u00e1sokat adhat ki a hardverhez.<\/p>\n\n\n\n<p id=\"block-1add4516-3e9d-4e35-a796-8a44d837a084\">A j\u00f3t\u00e1ll\u00e1si id\u0151szak lej\u00e1rt\u00e1val a BAS-IP nem fejleszti, nem karbantartja \u00e9s nem teszteli tov\u00e1bb a sz\u00f3ban forg\u00f3 firmware-t. A BAS-IP azonban saj\u00e1t kiz\u00e1r\u00f3lagos v\u00e1laszt\u00e1sa szerint \u00e9s term\u00e9kenk\u00e9nti alapon t\u00e1mogat\u00e1st ny\u00fajthat a j\u00f3t\u00e1ll\u00e1si id\u0151szak lej\u00e1rta ut\u00e1n. Minden BAS-IP firmware, bele\u00e9rtve, de nem kiz\u00e1r\u00f3lagosan, a BAS-IP hardverre el\u0151re telep\u00edtett firmware-t, \u00e9s amennyiben a hardver RMA-szolg\u00e1ltat\u00e1s t\u00e1rgy\u00e1t k\u00e9pezi, \u00fagy sz\u00e1ll\u00edtj\u00e1k, ahogy van.<\/p>\n\n\n\n<p>A BAS-IP firmware-re a BAS-IP garanci\u00e1ja nem terjed ki.<\/p>\n\n\n\n<p><\/p>\n\n\n\n<p><\/p>","protected":false},"excerpt":{"rendered":"<p>A firmware karbantart\u00e1sa A BAS-IP saj\u00e1t bel\u00e1t\u00e1sa szerint alapszint\u0171 firmware-t\u00e1mogat\u00e1st ny\u00fajthat a hardverre vonatkoz\u00f3 j\u00f3t\u00e1ll\u00e1si id\u0151szak alatt. A j\u00f3t\u00e1ll\u00e1si id\u0151szak alatt a BAS-IP karbantart\u00e1si kiad\u00e1sokat vagy hibajav\u00edt\u00e1sokat adhat ki a hardverhez. A j\u00f3t\u00e1ll\u00e1si id\u0151szak lej\u00e1rt\u00e1val a BAS-IP nem fejleszti, nem karbantartja \u00e9s nem teszteli tov\u00e1bb a sz\u00f3ban forg\u00f3 firmware-t. A BAS-IP azonban saj\u00e1t kiz\u00e1r\u00f3lagos v\u00e1laszt\u00e1sa [&hellip;]<\/p>","protected":false},"author":3,"featured_media":0,"parent":0,"menu_order":0,"comment_status":"closed","ping_status":"closed","template":"","meta":{"inline_featured_image":false,"footnotes":""},"class_list":["post-122461","page","type-page","status-publish","hentry"],"acf":[],"_links":{"self":[{"href":"https:\/\/bas-ip.com\/hu\/wp-json\/wp\/v2\/pages\/122461","targetHints":{"allow":["GET"]}}],"collection":[{"href":"https:\/\/bas-ip.com\/hu\/wp-json\/wp\/v2\/pages"}],"about":[{"href":"https:\/\/bas-ip.com\/hu\/wp-json\/wp\/v2\/types\/page"}],"author":[{"embeddable":true,"href":"https:\/\/bas-ip.com\/hu\/wp-json\/wp\/v2\/users\/3"}],"replies":[{"embeddable":true,"href":"https:\/\/bas-ip.com\/hu\/wp-json\/wp\/v2\/comments?post=122461"}],"version-history":[{"count":1,"href":"https:\/\/bas-ip.com\/hu\/wp-json\/wp\/v2\/pages\/122461\/revisions"}],"predecessor-version":[{"id":122462,"href":"https:\/\/bas-ip.com\/hu\/wp-json\/wp\/v2\/pages\/122461\/revisions\/122462"}],"wp:attachment":[{"href":"https:\/\/bas-ip.com\/hu\/wp-json\/wp\/v2\/media?parent=122461"}],"curies":[{"name":"wp","href":"https:\/\/api.w.org\/{rel}","templated":true}]}}