{"id":121695,"date":"2024-02-14T09:43:47","date_gmt":"2024-02-14T09:43:47","guid":{"rendered":"https:\/\/bas-ip.com\/?page_id=121695"},"modified":"2024-11-04T17:27:45","modified_gmt":"2024-11-04T17:27:45","slug":"axis","status":"publish","type":"page","link":"https:\/\/bas-ip.com\/hu\/axis\/","title":{"rendered":"Axis"},"content":{"rendered":"<div class=\"wp-block-image\">\n<figure class=\"aligncenter size-medium\"><img loading=\"lazy\" decoding=\"async\" width=\"300\" height=\"108\" src=\"https:\/\/bas-ip.com\/wp-content\/uploads\/2024\/02\/Axis_Communications_logo.svg-300x108.png\" alt=\"\" class=\"wp-image-108863\" srcset=\"https:\/\/bas-ip.com\/wp-content\/uploads\/2024\/02\/Axis_Communications_logo.svg-300x108.png 300w,  https:\/\/bas-ip.com\/wp-content\/uploads\/2024\/02\/Axis_Communications_logo.svg-1024x369.png 1024w,  https:\/\/bas-ip.com\/wp-content\/uploads\/2024\/02\/Axis_Communications_logo.svg-768x277.png 768w,  https:\/\/bas-ip.com\/wp-content\/uploads\/2024\/02\/Axis_Communications_logo.svg-767x276.png 767w,  https:\/\/bas-ip.com\/wp-content\/uploads\/2024\/02\/Axis_Communications_logo.svg.png 1280w\" sizes=\"auto, (max-width: 300px) 100vw, 300px\" \/><\/figure>\n<\/div>\n\n\n<p>A BAS-IP kaputelefonok integr\u00e1l\u00e1sa az AXIS CCTV kamer\u00e1kkal, k\u00fcl\u00f6n\u00f6sen az automatikus rendsz\u00e1mfelismer\u0151 (ALPR) funkci\u00f3hoz, egyszer\u0171, de hat\u00e9kony be\u00e1ll\u00edt\u00e1ssal t\u00f6rt\u00e9nik. Ez az integr\u00e1ci\u00f3 z\u00f6kken\u0151mentes m\u0171k\u00f6d\u00e9st \u00e9s k\u00f6lts\u00e9ghat\u00e9konys\u00e1got tesz lehet\u0151v\u00e9, mivel nincs sz\u00fcks\u00e9g professzion\u00e1lis ALPR szoftverre. Az al\u00e1bbiakban r\u00e9szletesen le\u00edrjuk, hogyan m\u0171k\u00f6dik ez az integr\u00e1ci\u00f3:<\/p>\n\n\n\n<p><strong>Integr\u00e1ci\u00f3s \u00e1ttekint\u00e9s<\/strong><\/p>\n\n\n\n<p>C\u00e9lkit\u0171z\u00e9s: A kapunyit\u00e1s automatiz\u00e1l\u00e1sa rendsz\u00e1mfelismer\u00e9s seg\u00edts\u00e9g\u00e9vel, BAS-IP kaputelefonok \u00e9s ALPR-k\u00e9pes AXIS CCTV kamer\u00e1k haszn\u00e1lat\u00e1val.<\/p>\n\n\n\n<p><strong>Alkatr\u00e9szek:<\/strong><\/p>\n\n\n\n<p><strong>1.<\/strong> BAS-IP kaputelefon panel: IP-kamer\u00e1kkal integr\u00e1lhat\u00f3, kifinomult kaputelefon-rendszer.<\/p>\n\n\n\n<p id=\"block-f101bdc9-2e63-4c6a-9c7d-8f49050d043c\"><strong>2. <\/strong>AXIS kamera ALPR funkci\u00f3val: Az AXIS P1455-LE-3, AXIS P3245-LVE-3 vagy AXIS Q1700-LE modellek alkalmasak erre az integr\u00e1ci\u00f3ra.<\/p>\n\n\n\n<p><strong>3.<\/strong> Rendsz\u00e1mt\u00e1bla adatb\u00e1zis: A BAS-IP kaputelefon k\u00fclt\u00e9ri panelmem\u00f3ri\u00e1j\u00e1ban vagy a BAS-IP Link szoftverben van t\u00e1rolva.<\/p>\n\n\n\n<p><strong>Hogyan m\u0171k\u00f6dik<\/strong><\/p>\n\n\n\n<p><strong>1.<\/strong> Telep\u00edt\u00e9s \u00e9s be\u00e1ll\u00edt\u00e1s: A felhaszn\u00e1l\u00f3 v\u00e1s\u00e1rol egy BAS-IP intercom panelt \u00e9s egy ALPR technol\u00f3gi\u00e1val felszerelt AXIS kamer\u00e1t.<\/p>\n\n\n\n<p id=\"block-48ac0c5d-186b-49ab-a367-8ca81f35b38b\"><strong>2.<\/strong> H\u00e1l\u00f3zati konfigur\u00e1ci\u00f3: A hat\u00e9kony kommunik\u00e1ci\u00f3hoz az AXIS kamer\u00e1nak \u00e9s a BAS-IP bej\u00e1rati panelnek ugyanazon az alh\u00e1l\u00f3zaton kell lennie.<\/p>\n\n\n\n<p id=\"block-d9615f8c-dfbb-40fd-bbab-9371973f572e\"><strong>3.<\/strong> Rendsz\u00e1mt\u00e1bla regisztr\u00e1ci\u00f3: A j\u00e1rm\u0171 rendsz\u00e1mt\u00e1bl\u00e1it regisztr\u00e1lj\u00e1k \u00e9s t\u00e1rolj\u00e1k. Ezt a kaputelefon webes fel\u00fclet\u00e9n vagy a BAS-IP Link szoftveren kereszt\u00fcl teheti meg.<\/p>\n\n\n\n<p id=\"block-cb8cbef6-8760-4294-b9a5-08dc00cb87db\"><strong>4.<\/strong> Rendsz\u00e1mt\u00e1bla szkennel\u00e9s: Amikor egy j\u00e1rm\u0171 k\u00f6zeledik a kapuhoz, az AXIS kamera letapogatja a rendsz\u00e1mt\u00e1bl\u00e1t.<\/p>\n\n\n\n<p><strong>5.<\/strong> Felismer\u00e9s \u00e9s cselekv\u00e9s: Ha a beolvasott rendsz\u00e1mt\u00e1bla megegyezik a t\u00e1rolt adatb\u00e1zisban szerepl\u0151vel, a BAS-IP kaputelefon automatikusan kinyitja a kaput.<\/p>\n\n\n\n<p><strong>El\u0151ny\u00f6k<\/strong><\/p>\n\n\n\n<p>K\u00f6lts\u00e9ghat\u00e9kony: Megsz\u00fcnteti a dr\u00e1ga professzion\u00e1lis ALPR-szoftver sz\u00fcks\u00e9gess\u00e9g\u00e9t.<\/p>\n\n\n\n<p id=\"block-b0fa9cd8-178f-4204-9233-7dc3487eadb4\">K\u00f6nny\u0171 haszn\u00e1lat: Egyszer\u0171 be\u00e1ll\u00edt\u00e1s \u00e9s a rendsz\u00e1mt\u00e1bl\u00e1k felhaszn\u00e1l\u00f3bar\u00e1t kezel\u00e9se a webes fel\u00fcleten vagy a BAS-IP szoftveren kereszt\u00fcl.<\/p>\n\n\n\n<p id=\"block-b81fbb5c-4c16-4d90-a762-2e4d5d63c7ab\">Fokozott biztons\u00e1g: A felismert rendsz\u00e1mt\u00e1bl\u00e1k alapj\u00e1n t\u00f6rt\u00e9n\u0151 automatiz\u00e1lt kapum\u0171k\u00f6d\u00e9s tov\u00e1bbi biztons\u00e1gi szintet jelent.<\/p>\n\n\n\n<p>Rugalmass\u00e1g: Alkalmas k\u00fcl\u00f6nb\u00f6z\u0151 alkalmaz\u00e1sokhoz, p\u00e9ld\u00e1ul lak\u00f3parkokhoz, irodah\u00e1zakhoz vagy z\u00e1rt k\u00f6z\u00f6ss\u00e9gekhez.<\/p>\n\n\n\n<p>A BAS-IP kaputelefonok fejlett technol\u00f3gi\u00e1j\u00e1nak \u00e9s az ALPR-rel felszerelt AXIS kamer\u00e1k pontoss\u00e1g\u00e1nak kombin\u00e1l\u00e1s\u00e1val a felhaszn\u00e1l\u00f3k magas szint\u0171 biztons\u00e1got \u00e9s k\u00e9nyelmet \u00e9lvezhetnek an\u00e9lk\u00fcl, hogy tov\u00e1bbi ALPR-szoftverre lenne sz\u00fcks\u00e9g\u00fck.<\/p>\n\n\n<!-- START Block Sign Up --><section id=\"block_629678229e935\" class=\"sign-up-section\">\r\n\r\n    <div class=\"form-holder js-form\" data-aos=\"fade-right\">\r\n                    <div class=\"title-block h3\">Sign up for connection<\/div>\r\n        \r\n                    <div class=\"text-block\">\r\n                Filling out all the information needed to answer you as quickly as possible            <\/div>\r\n        \r\n                    \n<div class=\"wpcf7 no-js\" id=\"wpcf7-f102-o1\" lang=\"en-US\" dir=\"ltr\">\n<div class=\"screen-reader-response\"><p role=\"status\" aria-live=\"polite\" aria-atomic=\"true\"><\/p> <ul><\/ul><\/div>\n<form action=\"\/hu\/wp-json\/wp\/v2\/pages\/121695#wpcf7-f102-o1\" method=\"post\" class=\"wpcf7-form init\" aria-label=\"Contact form\" enctype=\"multipart\/form-data\" novalidate=\"novalidate\" data-status=\"init\">\n<div style=\"display: none;\">\n<input type=\"hidden\" name=\"_wpcf7\" value=\"102\" \/>\n<input type=\"hidden\" name=\"_wpcf7_version\" value=\"5.8.3\" \/>\n<input type=\"hidden\" name=\"_wpcf7_locale\" value=\"en_US\" \/>\n<input type=\"hidden\" name=\"_wpcf7_unit_tag\" value=\"wpcf7-f102-o1\" \/>\n<input type=\"hidden\" name=\"_wpcf7_container_post\" value=\"0\" \/>\n<input type=\"hidden\" name=\"_wpcf7_posted_data_hash\" value=\"\" \/>\n<input type=\"hidden\" name=\"_wpcf7_recaptcha_response\" value=\"\" \/>\n<\/div>\n<div class=\"row\"> \n <label><span class=\"label-text\">Name<\/span> \n  <span class=\"wpcf7-form-control-wrap\" data-name=\"text-full-name\"><input size=\"40\" class=\"wpcf7-form-control wpcf7-text wpcf7-validates-as-required\" aria-required=\"true\" aria-invalid=\"false\" placeholder=\"Name\" value=\"\" type=\"text\" name=\"text-full-name\" \/><\/span><\/label> \n<\/div> \n<div class=\"row\"> \n <label><span class=\"label-text\">Phone*<\/span> \n<span class=\"wpcf7-form-control-wrap\" data-name=\"phonetext-270\"><input size=\"40\" class=\"wpcf7-form-control wpcf7-phonetext wpcf7-validates-as-required wpcf7-text wpcf7-validates-as-phonetext\" aria-required=\"true\" aria-invalid=\"false\" placeholder=\"Phone*\" value=\"\" type=\"text\" name=\"phonetext-270\" \/><input type=\"hidden\" name=\"phonetext-270-country-code\" class=\"wpcf7-phonetext-country-code\" \/><\/span><\/label> \n<\/div> \n<div class=\"row\"> \n <label><span class=\"label-text\">E-mail<\/span> \n  <span class=\"wpcf7-form-control-wrap\" data-name=\"email-e-mail\"><input size=\"40\" class=\"wpcf7-form-control wpcf7-email wpcf7-validates-as-required wpcf7-text wpcf7-validates-as-email\" aria-required=\"true\" aria-invalid=\"false\" placeholder=\"E-mail\" value=\"\" type=\"email\" name=\"email-e-mail\" \/><\/span><\/label> \n<\/div> \n<div class=\"row\"><span>Your country<\/span> \n <label><span class=\"wpcf7-form-control-wrap\" data-name=\"countrytext-126\"><input size=\"40\" class=\"wpcf7-form-control wpcf7-countrytext wpcf7-text wpcf7-validates-as-countrytext\" aria-invalid=\"false\" value=\"\" type=\"text\" name=\"countrytext-126\" \/><\/span> <\/label>\n<\/div> \n<div class=\"row\"> \n <button type=\"submit\" class=\"btn\">Send<\/button> \n<\/div> \n<div class=\"row\"> \n <span class=\"wpcf7-form-control-wrap\" data-name=\"checkbox-931\"><span class=\"wpcf7-form-control wpcf7-checkbox\"><span class=\"wpcf7-list-item first\"><label><input type=\"checkbox\" name=\"checkbox-931[]\" value=\"Integrator\" \/><span class=\"wpcf7-list-item-label\">Integrator<\/span><\/label><\/span><span class=\"wpcf7-list-item\"><label><input type=\"checkbox\" name=\"checkbox-931[]\" value=\"Builder\" \/><span class=\"wpcf7-list-item-label\">Builder<\/span><\/label><\/span><span class=\"wpcf7-list-item last\"><label><input type=\"checkbox\" name=\"checkbox-931[]\" value=\"End-User\" \/><span class=\"wpcf7-list-item-label\">End-User<\/span><\/label><\/span><\/span><\/span> \n<\/div> \n<div class=\"row row-upload-file\"> \n <label class=\"upload-file-block js-upload-file\">Attach file \n  <span class=\"wpcf7-form-control-wrap\" data-name=\"file-466\"><input size=\"40\" class=\"wpcf7-form-control wpcf7-file\" accept=\"audio\/*,video\/*,image\/*\" aria-invalid=\"false\" type=\"file\" name=\"file-466\" \/><\/span><\/label> \n<\/div><input type='hidden' class='wpcf7-pum' value='{\"closepopup\":false,\"closedelay\":0,\"openpopup\":false,\"openpopup_id\":0}' \/><div class=\"wpcf7-response-output\" aria-hidden=\"true\"><\/div>\n<\/form>\n<\/div>\n            <\/div>\r\n\r\n\t\t    <div class=\"text-holder\" data-aos=\"fade-left\">\r\n\t\t\t\t\t\t    <h3 class=\"title-block\">How Can We Help?<\/h3>\r\n\t\t\t\r\n\t\t\t                <div class=\"text-block\">\r\n                    Please select a topic below related to your inquiry. If you don&#8217;t find what you need, fill out our contact form.                <\/div>\r\n\t\t\t\r\n\t\t\t\t\t\t    <ul class=\"link-list\">\r\n\t\t\t\t\t\t\t\t\t\t\t\t\t\t\t\t\t\t<li>\r\n\t\t\t\t\t\t\t\t\t\t\t\t\t\t\t\t    <strong>Get Inspired<\/strong>\r\n\t\t\t\t\t\t\t\t\t\t\t\t\t\t\t\t\t\t\t\t\t\t\t\t    <a href=\"\/features\/\">\r\n\t\t\t\t\t\t\t\t        Discover what&#8217;s beneath our intercom\t\t\t\t\t\t\t\t    <\/a>\r\n\t\t\t\t\t\t\t\t\t\t\t\t\t\t\t<\/li>\r\n\t\t\t\t\t\t\t\t\t\t\t\t\t\t\t\t\t\t\t\t\t\t\t\t<li>\r\n\t\t\t\t\t\t\t\t\t\t\t\t\t\t\t\t    <strong>Become a Partner<\/strong>\r\n\t\t\t\t\t\t\t\t\t\t\t\t\t\t\t\t\t\t\t\t\t\t\t\t    <a href=\"\/distributors\/\">\r\n\t\t\t\t\t\t\t\t        Expand your business with BAS-IP intercom\t\t\t\t\t\t\t\t    <\/a>\r\n\t\t\t\t\t\t\t\t\t\t\t\t\t\t\t<\/li>\r\n\t\t\t\t\t\t\t\t\t\t\t\t\t\t\t\t\t\t\t\t\t\t\t\t<li>\r\n\t\t\t\t\t\t\t\t\t\t\t\t\t\t\t\t    <strong>Check the Guides<\/strong>\r\n\t\t\t\t\t\t\t\t\t\t\t\t\t\t\t\t\t\t\t\t\t\t\t\t    <a href=\"\/support\/\">\r\n\t\t\t\t\t\t\t\t        Download detailed manuals and schemes\t\t\t\t\t\t\t\t    <\/a>\r\n\t\t\t\t\t\t\t\t\t\t\t\t\t\t\t<\/li>\r\n\t\t\t\t\t\t\t\t\t\t\t\t\t\t\t<\/ul>\r\n\t\t\t\r\n\t\t\t\t\t\t    <h3 class=\"title-block\">Our contacts<\/h3>\r\n\t\t\t\r\n\t\t\t\t\t\t\t<ul class=\"contact-list\">\r\n\t\t\t\t\t\t\t\t\t\t\t\t\t\t\t\t\t\t<li>\r\n\t\t\t\t\t\t\t\t\t\t\t\t\t\t\t\t\t<strong>Sales:<\/strong>\r\n\t\t\t\t\t\t\t\t\t\t\t\t\t\t\t\t\t\t\t\t\t\t\t\t    <a href=\"mailto:sa&#108;es&#64;&#98;&#97;&#115;-ip.&#99;&#111;&#109;\">s&#97;&#108;e&#115;&#64;&#98;&#97;&#115;&#45;&#105;&#112;&#46;&#99;&#111;m<\/a>\r\n\t\t\t\t\t\t\t\t\t\t\t\t\t\t\t<\/li>\r\n\t\t\t\t\t\t\t\t\t\t\t\t\t\t\t\t\t\t\t\t\t\t\t\t<li>\r\n\t\t\t\t\t\t\t\t\t\t\t\t\t\t\t\t\t<strong>Technical support:<\/strong>\r\n\t\t\t\t\t\t\t\t\t\t\t\t\t\t\t\t\t\t\t\t\t\t\t\t    <a href=\"mailto:s&#117;&#112;port&#64;b&#97;&#115;-ip.com\">&#115;&#117;ppo&#114;t&#64;&#98;as-ip.&#99;o&#109;<\/a>\r\n\t\t\t\t\t\t\t\t\t\t\t\t\t\t\t<\/li>\r\n\t\t\t\t\t\t\t\t\t\t\t\t\t\t\t<\/ul>\r\n\t\t\t\t\t<\/div>\r\n\t<\/section>\r\n\r\n\r\n\r\n<!-- END Block Sign Up -->","protected":false},"excerpt":{"rendered":"<p>A BAS-IP kaputelefonok integr\u00e1l\u00e1sa az AXIS CCTV kamer\u00e1kkal, k\u00fcl\u00f6n\u00f6sen az automatikus rendsz\u00e1mfelismer\u0151 (ALPR) funkci\u00f3hoz, egyszer\u0171, de hat\u00e9kony be\u00e1ll\u00edt\u00e1ssal t\u00f6rt\u00e9nik. Ez az integr\u00e1ci\u00f3 z\u00f6kken\u0151mentes m\u0171k\u00f6d\u00e9st \u00e9s k\u00f6lts\u00e9ghat\u00e9konys\u00e1got tesz lehet\u0151v\u00e9, mivel nincs sz\u00fcks\u00e9g professzion\u00e1lis ALPR szoftverre. Az al\u00e1bbiakban r\u00e9szletesen le\u00edrjuk, hogyan m\u0171k\u00f6dik ez az integr\u00e1ci\u00f3: Integr\u00e1ci\u00f3s \u00e1ttekint\u00e9s C\u00e9lkit\u0171z\u00e9s: A kapunyit\u00e1s automatiz\u00e1l\u00e1sa rendsz\u00e1mfelismer\u00e9s seg\u00edts\u00e9g\u00e9vel, BAS-IP kaputelefonok \u00e9s ALPR-k\u00e9pes [&hellip;]<\/p>","protected":false},"author":3,"featured_media":0,"parent":0,"menu_order":0,"comment_status":"closed","ping_status":"closed","template":"page-custom-breadcrumbs.php","meta":{"inline_featured_image":false,"footnotes":""},"class_list":["post-121695","page","type-page","status-publish","hentry"],"acf":[],"_links":{"self":[{"href":"https:\/\/bas-ip.com\/hu\/wp-json\/wp\/v2\/pages\/121695","targetHints":{"allow":["GET"]}}],"collection":[{"href":"https:\/\/bas-ip.com\/hu\/wp-json\/wp\/v2\/pages"}],"about":[{"href":"https:\/\/bas-ip.com\/hu\/wp-json\/wp\/v2\/types\/page"}],"author":[{"embeddable":true,"href":"https:\/\/bas-ip.com\/hu\/wp-json\/wp\/v2\/users\/3"}],"replies":[{"embeddable":true,"href":"https:\/\/bas-ip.com\/hu\/wp-json\/wp\/v2\/comments?post=121695"}],"version-history":[{"count":1,"href":"https:\/\/bas-ip.com\/hu\/wp-json\/wp\/v2\/pages\/121695\/revisions"}],"predecessor-version":[{"id":121696,"href":"https:\/\/bas-ip.com\/hu\/wp-json\/wp\/v2\/pages\/121695\/revisions\/121696"}],"wp:attachment":[{"href":"https:\/\/bas-ip.com\/hu\/wp-json\/wp\/v2\/media?parent=121695"}],"curies":[{"name":"wp","href":"https:\/\/api.w.org\/{rel}","templated":true}]}}