{"id":77576,"date":"2022-10-19T09:56:51","date_gmt":"2022-10-19T09:56:51","guid":{"rendered":"https:\/\/bas-ip.com\/?page_id=77576"},"modified":"2023-05-02T07:46:46","modified_gmt":"2023-05-02T07:46:46","slug":"personalizacija","status":"publish","type":"page","link":"https:\/\/bas-ip.com\/hr\/personalizacija\/","title":{"rendered":"Personalizacija"},"content":{"rendered":"<!-- START Block Home Hero Slider --><section id=\"block_63dcf9efc6125\" class=\"home-hero-slider-section js-home-hero-slider-section\">\r\n            <div class=\"home-hero-slide\">\r\n        <picture>\r\n            \r\n            \r\n                        <img decoding=\"async\" class=\"d-block w-100\" src=\"https:\/\/bas-ip.com\/wp-content\/uploads\/2023\/02\/1_main.jpg\"\r\n                alt=\"slide\">\r\n            \r\n        <\/picture>\r\n        <div class=\"container\">\r\n            <div class=\"text-holder fullsize__device\">\r\n                                <div class=\"h1 title-page\">Individualna rje\u0161enja za svakoga<\/div>\r\n                                                <div class=\"text-block\">\r\n                    Odaberite boju, veli\u010dinu, materijal, na\u010din ugradnje i graviranje!                <\/div>\r\n                                            <\/div>\r\n            <div class=\"text-holder medium__device__show\">\r\n                                                            <\/div>\r\n            <div class=\"text-holder small__device__show\">\r\n                                                            <\/div>\r\n        <\/div>\r\n    <\/div>\r\n        <\/section>\r\n<!-- END Block Home Hero Slider -->\n\n<!-- START Block Product Installation --><section id=\"block_63dd0dfdc612a\" class=\"product-installation-section\">\r\n\t<div class=\"text-holder\">\r\n                            <div class=\"text-section\" data-aos=\"fade-right\">\r\n                <p>U BAS-IP-u razumijemo da <b>svaki klijent ima jedinstvene potrebe i preferencije<\/b>. Zato nudimo \u0161irok raspon mogu\u0107nosti prilagodbe kako bi na\u0161i interkom sustavi savr\u0161eno odgovarali va\u0161im potrebama.<\/p>\n            <\/div>\r\n            <\/div>\r\n\r\n\t\t    <div class=\"installation-blocks-list\">\r\n\t\t\t\t\t\t\t\t\t\t\t\t<div class=\"installation-block-item image-position-left\">\r\n\t\t\t\t\t\t<div class=\"text-holder\" data-aos=\"fade-left\">\r\n                                                            <h3 class=\"h2 title-section\">Graviranje<\/h3>\r\n                            \r\n                                                            <div class=\"text-section\">\r\n                                  <p>Personalizirajte svoj portafon prilago\u0111enim graviranjem, kao \u0161to je logotip va\u0161e tvrtke, naziv zgrade ili prilago\u0111ena imena stambenih jedinica.<br \/>\nGraviranje mo\u017ee dodati vrijednost portafonu na nekoliko na\u010dina, \u010dine\u0107i ga privla\u010dnijim, personaliziranijim i funkcionalnijim. To mo\u017ee pobolj\u0161ati cjelokupni izgled prednje plo\u010de, \u010dine\u0107i je privla\u010dnijom potencijalnim kupcima ili korisnicima.<br \/>\nPrilago\u0111eno graviranje omogu\u0107uje vam dodavanje personaliziranog teksta ili simbola, poput prezimena, logotipa tvrtke ili monograma. Ova razina personalizacije mo\u017ee interkom plo\u010du u\u010diniti jedinstvenom i vrijednijom za vlasnika.<br \/>\nZa tvrtke, graviranje logotipa ili naziva tvrtke na ulaznu plo\u010du portafona mo\u017ee poslu\u017eiti kao suptilan alat za brendiranje, pobolj\u0161avaju\u0107i identitet tvrtke.<\/p>\n                                <\/div>\r\n                                                    <\/div>\r\n\r\n                                                    <div class=\"image-holder\" data-aos=\"fade-right\">\r\n                                <div class=\"image-block\">\r\n                                    <img loading=\"lazy\" decoding=\"async\" width=\"944\" height=\"560\" src=\"https:\/\/bas-ip.com\/wp-content\/uploads\/2023\/02\/2_block_1.png\" class=\"attachment-full size-full\" alt=\"Engraving\" srcset=\"https:\/\/bas-ip.com\/wp-content\/uploads\/2023\/02\/2_block_1.png 944w,  https:\/\/bas-ip.com\/wp-content\/uploads\/2023\/02\/2_block_1-300x178.png 300w,  https:\/\/bas-ip.com\/wp-content\/uploads\/2023\/02\/2_block_1-768x456.png 768w,  https:\/\/bas-ip.com\/wp-content\/uploads\/2023\/02\/2_block_1-767x455.png 767w\" sizes=\"auto, (max-width: 944px) 100vw, 944px\" \/>                                <\/div>\r\n                            <\/div>\r\n                            \t\t\t\t\t<\/div>\r\n\t\t\t\t\t\t\t\t\t\t\t\t\t\t\t\t<div class=\"installation-block-item image-position-right\">\r\n\t\t\t\t\t\t<div class=\"text-holder\" data-aos=\"fade-right\">\r\n                                                            <h3 class=\"h2 title-section\">Materijala<\/h3>\r\n                            \r\n                                                            <div class=\"text-section\">\r\n                                  <p>Ponosni smo \u0161to svojim klijentima nudimo raznolik izbor <b>materijala visoke kvalitete<\/b> izme\u0111u kojih mogu birati:<\/p>\n<p>1. Odi\u0161ite luksuzom i \u0161armom uz na\u0161e pa\u017eljivo izra\u0111ene <b>telefonske plo\u010de od britanske mesinga<\/b>. Svaki je element stru\u010dno izra\u0111en kako bi stvorio osje\u0107aj veli\u010danstvenosti i pru\u017eio iznimnu izdr\u017eljivost, osiguravaju\u0107i da \u0107e va\u0161 ulazni sustav izdr\u017eati test vremena.<br \/>\n2.Prihvatite moderni minimalizam s na\u0161im elegantnim <b>aluminijskim<\/b> interfonskim plo\u010dama. Poznat po svojoj lako\u0107i, ali \u010dvrsto\u0107i, aluminij ima izvrsnu otpornost na koroziju, \u0161to ga \u010dini idealnim izborom za stambene i komercijalne primjene.<br \/>\n3. Do\u017eivite trajnu privla\u010dnost na\u0161ih portafonskih sustava od <b>nehr\u0111aju\u0107eg \u010delika<\/b>. S vrhunskom \u010dvrsto\u0107om i otporno\u0161\u0107u na koroziju, ove plo\u010de imaju izuzetnu poliranu zavr\u0161nu obradu, bez napora kombiniraju\u0107i stil i prakti\u010dnost.<br \/>\n4. Oslobodite svoju kreativnost s na\u0161im interfonskim plo\u010dama od <b>obojenog metala<\/b>. Dostupni u nizu \u017eivih boja i zavr\u0161nih obrada, ovi prilagodljivi paneli omogu\u0107uju vam da izrazite svoj jedinstveni ukus i osobnost dok u\u017eivate u izdr\u017eljivosti i pouzdanosti metalne konstrukcije.<\/p>\n                                <\/div>\r\n                                                    <\/div>\r\n\r\n                                                    <div class=\"image-holder\" data-aos=\"fade-left\">\r\n                                <div class=\"image-block\">\r\n                                    <img loading=\"lazy\" decoding=\"async\" width=\"944\" height=\"560\" src=\"https:\/\/bas-ip.com\/wp-content\/uploads\/2023\/02\/2_block_2.png\" class=\"attachment-full size-full\" alt=\"FLEXIBILITY OF MATERIALS\" srcset=\"https:\/\/bas-ip.com\/wp-content\/uploads\/2023\/02\/2_block_2.png 944w,  https:\/\/bas-ip.com\/wp-content\/uploads\/2023\/02\/2_block_2-300x178.png 300w,  https:\/\/bas-ip.com\/wp-content\/uploads\/2023\/02\/2_block_2-768x456.png 768w,  https:\/\/bas-ip.com\/wp-content\/uploads\/2023\/02\/2_block_2-767x455.png 767w\" sizes=\"auto, (max-width: 944px) 100vw, 944px\" \/>                                <\/div>\r\n                            <\/div>\r\n                            \t\t\t\t\t<\/div>\r\n\t\t\t\t\t\t\t\t\t\t\t\t\t\t\t\t<div class=\"installation-block-item image-position-left\">\r\n\t\t\t\t\t\t<div class=\"text-holder\" data-aos=\"fade-left\">\r\n                                                            <h3 class=\"h2 title-section\">Boje<\/h3>\r\n                            \r\n                                                            <div class=\"text-section\">\r\n                                  <p>Otvorite svijet neograni\u010dene kreativnosti s kolekcijom BAS-IP Custom Color, gdje je va\u0161a ma\u0161ta klju\u010dna za stvaranje savr\u0161ene ulazne plo\u010de. Razumijemo da je <b>va\u0161a nekretnina produ\u017eetak va\u0161eg osobnog stila<\/b> i kao takvi sa zadovoljstvom nudimo neograni\u010den izbor boja kako bismo o\u017eivjeli va\u0161u viziju.<br \/>\nUz BAS-IP Custom Color Collection, <b>vi\u0161e niste ograni\u010deni na ograni\u010denu paletu boja<\/b>. Odaberite iz \u0161irokog raspona nijansi, tonova i nijansi kako biste savr\u0161eno odgovarali eksterijeru svoje nekretnine ili dali hrabru izjavu s kontrastnim mrljama boja.<br \/>\nNa\u0161e <b>Boje<\/b> su otporne na UV zra\u010denje i dizajnirane da izdr\u017ee vremenske uvjete za dugotrajnu ljepotu i izdr\u017eljivost.<br \/>\nNa\u0161i vje\u0161ti tehni\u010dari pa\u017eljivo nanose boju po va\u0161em izboru, osiguravaju\u0107i besprijekoran, ujedna\u010den zavr\u0161ni sloj na svakoj BAS-IP ulaznoj plo\u010di. <b>Do\u017eivite savr\u0161en spoj <b>umjetnosti<\/b> i tehnologije dok na\u0161 tim pa\u017eljivo dizajnira svaku plo\u010du prema va\u0161im to\u010dnim specifikacijama.<\/p>\n                                <\/div>\r\n                                                    <\/div>\r\n\r\n                                                    <div class=\"image-holder\" data-aos=\"fade-right\">\r\n                                <div class=\"image-block\">\r\n                                    <img loading=\"lazy\" decoding=\"async\" width=\"1920\" height=\"960\" src=\"https:\/\/bas-ip.com\/wp-content\/uploads\/2023\/02\/Individual-Color-Solution2-1.png\" class=\"attachment-full size-full\" alt=\"\" srcset=\"https:\/\/bas-ip.com\/wp-content\/uploads\/2023\/02\/Individual-Color-Solution2-1.png 1920w,  https:\/\/bas-ip.com\/wp-content\/uploads\/2023\/02\/Individual-Color-Solution2-1-300x150.png 300w,  https:\/\/bas-ip.com\/wp-content\/uploads\/2023\/02\/Individual-Color-Solution2-1-1024x512.png 1024w,  https:\/\/bas-ip.com\/wp-content\/uploads\/2023\/02\/Individual-Color-Solution2-1-768x384.png 768w,  https:\/\/bas-ip.com\/wp-content\/uploads\/2023\/02\/Individual-Color-Solution2-1-1536x768.png 1536w,  https:\/\/bas-ip.com\/wp-content\/uploads\/2023\/02\/Individual-Color-Solution2-1-767x384.png 767w,  https:\/\/bas-ip.com\/wp-content\/uploads\/2023\/02\/Individual-Color-Solution2-1-1534x767.png 1534w\" sizes=\"auto, (max-width: 1920px) 100vw, 1920px\" \/>                                <\/div>\r\n                            <\/div>\r\n                            \t\t\t\t\t<\/div>\r\n\t\t\t\t\t\t\t\t\t<\/div>\r\n\t<\/section>\r\n<!-- END Block Product Installation -->\n\n<!-- START Block Video Banner -->    <div data-aos=\"fade-up\" class=\"video-banner-section-wrapper\">\r\n        <section id=\"block_63dcf4d0c6123\" class=\"video-banner-section\" style=\"background-image: url('https:\/\/bas-ip.com\/wp-content\/uploads\/2023\/02\/4_long-for-sait.jpg');\">\r\n            <div class=\"container\">\r\n                <div class=\"text-holder\" data-aos=\"fade-right\" data-aos-delay=\"300\">\r\n                                        <h2 class=\"title-section\">Zamjena UKEY \u010dita\u010da<\/h2>\r\n                                                          <div class=\"text-section\">\r\n                        <p>Mogu\u0107nost zamjene postoje\u0107eg UKEY \u010dita\u010da u ulaznim plo\u010dama onim koji je programeru\/klijentu potreban kada je to stvarno potrebno.<\/p>\n                      <\/div>\r\n                                  <\/div>\r\n                                    <a href=\"https:\/\/bas-ip.com\/wp-content\/uploads\/2023\/02\/reader.mp4\" data-fancybox class=\"icon-play\" data-aos=\"fade-left\" data-aos-delay=\"300\">\r\n                        <svg width=\"74\" height=\"74\" viewBox=\"0 0 74 74\" fill=\"none\" xmlns=\"http:\/\/www.w3.org\/2000\/svg\">\r\n                            <path d=\"M47.0084 35.0371C49.685 36.5593 49.7101 40.4083 47.0535 41.9652L34.4076 49.3762C31.751 50.9331 28.4052 49.0303 28.3852 45.9512L28.29 31.2941C28.27 28.2149 31.5907 26.2688 34.2673 27.791L47.0084 35.0371Z\" fill=\"currentColor\"\/>\r\n                            <circle cx=\"37\" cy=\"37\" r=\"36.5\" stroke=\"currentColor\"\/>\r\n                        <\/svg>\r\n                        <span><\/span>\r\n                    <\/a>\r\n                            <\/div>\r\n        <\/section>\r\n    <\/div>\r\n<!-- END Block Video Banner -->\n\n<!-- START Block Info Boxes Gated Community --><section id=\"block_63dceb1ec611f\" class=\"info-boxes-gated-community-section\">\r\n\t\t    <h2 class=\"title-section\" data-aos=\"fade-right\">Razne mogu\u0107nosti ugradnje<\/h2>\r\n\t\r\n\t\t    <div class=\"features-list\">\r\n            \t\t\t\t\t\t\t\t\t\t\t\t<div class=\"features-item\" data-aos=\"fade-up\" data-aos-delay=\"100\">\r\n\t\t\t\t\t\t<div class=\"features-box\">\r\n\t\t\t\t\t\t\t\t\t\t\t\t\t\t\t<div class=\"image-holder\">\r\n\t\t\t\t\t\t\t\t\t<img loading=\"lazy\" decoding=\"async\" width=\"350\" height=\"320\" src=\"https:\/\/bas-ip.com\/wp-content\/uploads\/2023\/02\/5_block_3-1-350x320.jpg\" class=\"attachment-thumbnail_350x320 size-thumbnail_350x320\" alt=\"The Pedestal\" srcset=\"https:\/\/bas-ip.com\/wp-content\/uploads\/2023\/02\/5_block_3-1.jpg 350w,  https:\/\/bas-ip.com\/wp-content\/uploads\/2023\/02\/5_block_3-1-300x274.jpg 300w\" sizes=\"auto, (max-width: 350px) 100vw, 350px\" \/>\t\t\t\t\t\t\t\t<\/div>\r\n\t\t\t\t\t\t\t\r\n\t\t\t\t\t\t\t<div class=\"text-holder\">\r\n\t\t\t\t\t\t\t\t\t\t\t\t\t\t\t\t\t<h3 class=\"title-block\">Pijedestal<\/h3>\r\n\t\t\t\t\t\t\t\t\r\n\t\t\t\t\t\t\t\t\t\t\t\t\t\t\t<\/div>\r\n\t\t\t\t\t\t<\/div>\r\n\t\t\t\t\t<\/div>\r\n\t\t\t\t              \t\t\t\t\t\t\t\t\t\t\t\t<div class=\"features-item\" data-aos=\"fade-up\" data-aos-delay=\"200\">\r\n\t\t\t\t\t\t<div class=\"features-box\">\r\n\t\t\t\t\t\t\t\t\t\t\t\t\t\t\t<div class=\"image-holder\">\r\n\t\t\t\t\t\t\t\t\t<img loading=\"lazy\" decoding=\"async\" width=\"350\" height=\"320\" src=\"https:\/\/bas-ip.com\/wp-content\/uploads\/2023\/02\/5_block_2-1-350x320.jpg\" class=\"attachment-thumbnail_350x320 size-thumbnail_350x320\" alt=\"Wall Mounting\" srcset=\"https:\/\/bas-ip.com\/wp-content\/uploads\/2023\/02\/5_block_2-1.jpg 350w,  https:\/\/bas-ip.com\/wp-content\/uploads\/2023\/02\/5_block_2-1-300x274.jpg 300w\" sizes=\"auto, (max-width: 350px) 100vw, 350px\" \/>\t\t\t\t\t\t\t\t<\/div>\r\n\t\t\t\t\t\t\t\r\n\t\t\t\t\t\t\t<div class=\"text-holder\">\r\n\t\t\t\t\t\t\t\t\t\t\t\t\t\t\t\t\t<h3 class=\"title-block\">zidni nosa\u010d<\/h3>\r\n\t\t\t\t\t\t\t\t\r\n\t\t\t\t\t\t\t\t\t\t\t\t\t\t\t<\/div>\r\n\t\t\t\t\t\t<\/div>\r\n\t\t\t\t\t<\/div>\r\n\t\t\t\t              \t\t\t\t\t\t\t\t\t\t\t\t<div class=\"features-item\" data-aos=\"fade-up\" data-aos-delay=\"300\">\r\n\t\t\t\t\t\t<div class=\"features-box\">\r\n\t\t\t\t\t\t\t\t\t\t\t\t\t\t\t<div class=\"image-holder\">\r\n\t\t\t\t\t\t\t\t\t<img loading=\"lazy\" decoding=\"async\" width=\"350\" height=\"320\" src=\"https:\/\/bas-ip.com\/wp-content\/uploads\/2023\/02\/5_block_1-1-350x320.jpg\" class=\"attachment-thumbnail_350x320 size-thumbnail_350x320\" alt=\"Flush Mounting\" srcset=\"https:\/\/bas-ip.com\/wp-content\/uploads\/2023\/02\/5_block_1-1.jpg 350w,  https:\/\/bas-ip.com\/wp-content\/uploads\/2023\/02\/5_block_1-1-300x274.jpg 300w\" sizes=\"auto, (max-width: 350px) 100vw, 350px\" \/>\t\t\t\t\t\t\t\t<\/div>\r\n\t\t\t\t\t\t\t\r\n\t\t\t\t\t\t\t<div class=\"text-holder\">\r\n\t\t\t\t\t\t\t\t\t\t\t\t\t\t\t\t\t<h3 class=\"title-block\">Monta\u017ea u ravnini<\/h3>\r\n\t\t\t\t\t\t\t\t\r\n\t\t\t\t\t\t\t\t\t\t\t\t\t\t\t<\/div>\r\n\t\t\t\t\t\t<\/div>\r\n\t\t\t\t\t<\/div>\r\n\t\t\t\t              \t\t\t\t\t<\/div>\r\n\t<\/section>\r\n<!-- END Block Info Boxes Gated Community -->\n\n<!-- START Block Product Installation --><section id=\"block_641db96570b23\" class=\"product-installation-section\">\r\n\t<div class=\"text-holder\">\r\n                    <\/div>\r\n\r\n\t\t    <div class=\"installation-blocks-list\">\r\n\t\t\t\t\t\t\t\t\t\t\t\t<div class=\"installation-block-item image-position-left\">\r\n\t\t\t\t\t\t<div class=\"text-holder\" data-aos=\"fade-left\">\r\n                                                            <h3 class=\"h2 title-section\">Odaberite BAS-IP gdje se nenadma\u0161na kvaliteta susre\u0107e s bezvremenskom elegancijom<\/h3>\r\n                            \r\n                                                            <div class=\"text-section\">\r\n                                  <p>Do\u017eivite <b>nenadma\u0161nu izvedbu<\/b> i <b>stil bez premca<\/b> iz izvrsne kolekcije BAS-IP portafona. Dizajniran imaju\u0107i na umu va\u0161e potrebe, na\u0161 raznolik asortiman proizvoda osigurava da mo\u017eete prona\u0107i savr\u0161eno rje\u0161enje za svoju nekretninu, bilo da tra\u017eite da\u0161ak klasi\u010dne elegancije ili suvremeni ukras.<\/p>\n<p>Unaprijedite svoj sustav kontrole pristupa i ostavite trajan dojam pa\u017eljivo osmi\u0161ljenim BAS-IP portafonskim sustavima. Na\u0161a predanost kvaliteti, inovaciji i dizajnu osigurava da mo\u017eete u\u017eivati \u200b\u200bu ljepoti i funkciji u jednom izvrsnom pakiranju.<\/p>\n<p>Investirajte u BAS-IP portafonski sustav ve\u0107 danas i otkrijte razliku koju iznimni materijali i izrada mogu u\u010diniti. Pretvorite svoj ulaz u zapanjuju\u0107u sredi\u0161nju to\u010dku koja odra\u017eava va\u0161 pronicljiv ukus i predanost izvrsnosti.<\/p>\n                                <\/div>\r\n                                                    <\/div>\r\n\r\n                                                    <div class=\"image-holder\" data-aos=\"fade-right\">\r\n                                <div class=\"image-block\">\r\n                                    <img loading=\"lazy\" decoding=\"async\" width=\"799\" height=\"439\" src=\"https:\/\/bas-ip.com\/wp-content\/uploads\/2023\/03\/18_2.jpg\" class=\"attachment-full size-full\" alt=\"\" srcset=\"https:\/\/bas-ip.com\/wp-content\/uploads\/2023\/03\/18_2.jpg 799w,  https:\/\/bas-ip.com\/wp-content\/uploads\/2023\/03\/18_2-300x165.jpg 300w,  https:\/\/bas-ip.com\/wp-content\/uploads\/2023\/03\/18_2-768x422.jpg 768w,  https:\/\/bas-ip.com\/wp-content\/uploads\/2023\/03\/18_2-767x421.jpg 767w\" sizes=\"auto, (max-width: 799px) 100vw, 799px\" \/>                                <\/div>\r\n                            <\/div>\r\n                            \t\t\t\t\t<\/div>\r\n\t\t\t\t\t\t\t\t\t<\/div>\r\n\t<\/section>\r\n<!-- END Block Product Installation -->\n\n<!-- START Block Sign Up --><section id=\"block_629678229e935\" class=\"sign-up-section\">\r\n\r\n    <div class=\"form-holder js-form\" data-aos=\"fade-right\">\r\n                    <div class=\"title-block h3\">Sign up for connection<\/div>\r\n        \r\n                    <div class=\"text-block\">\r\n                Filling out all the information needed to answer you as quickly as possible            <\/div>\r\n        \r\n                    \n<div class=\"wpcf7 no-js\" id=\"wpcf7-f102-o1\" lang=\"en-US\" dir=\"ltr\">\n<div class=\"screen-reader-response\"><p role=\"status\" aria-live=\"polite\" aria-atomic=\"true\"><\/p> <ul><\/ul><\/div>\n<form action=\"\/hr\/wp-json\/wp\/v2\/pages\/77576#wpcf7-f102-o1\" method=\"post\" class=\"wpcf7-form init\" aria-label=\"Contact form\" enctype=\"multipart\/form-data\" novalidate=\"novalidate\" data-status=\"init\">\n<div style=\"display: none;\">\n<input type=\"hidden\" name=\"_wpcf7\" value=\"102\" \/>\n<input type=\"hidden\" name=\"_wpcf7_version\" value=\"5.8.3\" \/>\n<input type=\"hidden\" name=\"_wpcf7_locale\" value=\"en_US\" \/>\n<input type=\"hidden\" name=\"_wpcf7_unit_tag\" value=\"wpcf7-f102-o1\" \/>\n<input type=\"hidden\" name=\"_wpcf7_container_post\" value=\"0\" \/>\n<input type=\"hidden\" name=\"_wpcf7_posted_data_hash\" value=\"\" \/>\n<input type=\"hidden\" name=\"_wpcf7_recaptcha_response\" value=\"\" \/>\n<\/div>\n<div class=\"row\"> \n <label><span class=\"label-text\">Name<\/span> \n  <span class=\"wpcf7-form-control-wrap\" data-name=\"text-full-name\"><input size=\"40\" class=\"wpcf7-form-control wpcf7-text wpcf7-validates-as-required\" aria-required=\"true\" aria-invalid=\"false\" placeholder=\"Name\" value=\"\" type=\"text\" name=\"text-full-name\" \/><\/span><\/label> \n<\/div> \n<div class=\"row\"> \n <label><span class=\"label-text\">Phone*<\/span> \n<span class=\"wpcf7-form-control-wrap\" data-name=\"phonetext-270\"><input size=\"40\" class=\"wpcf7-form-control wpcf7-phonetext wpcf7-validates-as-required wpcf7-text wpcf7-validates-as-phonetext\" aria-required=\"true\" aria-invalid=\"false\" placeholder=\"Phone*\" value=\"\" type=\"text\" name=\"phonetext-270\" \/><input type=\"hidden\" name=\"phonetext-270-country-code\" class=\"wpcf7-phonetext-country-code\" \/><\/span><\/label> \n<\/div> \n<div class=\"row\"> \n <label><span class=\"label-text\">E-mail<\/span> \n  <span class=\"wpcf7-form-control-wrap\" data-name=\"email-e-mail\"><input size=\"40\" class=\"wpcf7-form-control wpcf7-email wpcf7-validates-as-required wpcf7-text wpcf7-validates-as-email\" aria-required=\"true\" aria-invalid=\"false\" placeholder=\"E-mail\" value=\"\" type=\"email\" name=\"email-e-mail\" \/><\/span><\/label> \n<\/div> \n<div class=\"row\"><span>Your country<\/span> \n <label><span class=\"wpcf7-form-control-wrap\" data-name=\"countrytext-126\"><input size=\"40\" class=\"wpcf7-form-control wpcf7-countrytext wpcf7-text wpcf7-validates-as-countrytext\" aria-invalid=\"false\" value=\"\" type=\"text\" name=\"countrytext-126\" \/><\/span> <\/label>\n<\/div> \n<div class=\"row\"> \n <button type=\"submit\" class=\"btn\">Send<\/button> \n<\/div> \n<div class=\"row\"> \n <span class=\"wpcf7-form-control-wrap\" data-name=\"checkbox-931\"><span class=\"wpcf7-form-control wpcf7-checkbox\"><span class=\"wpcf7-list-item first\"><label><input type=\"checkbox\" name=\"checkbox-931[]\" value=\"Integrator\" \/><span class=\"wpcf7-list-item-label\">Integrator<\/span><\/label><\/span><span class=\"wpcf7-list-item\"><label><input type=\"checkbox\" name=\"checkbox-931[]\" value=\"Builder\" \/><span class=\"wpcf7-list-item-label\">Builder<\/span><\/label><\/span><span class=\"wpcf7-list-item last\"><label><input type=\"checkbox\" name=\"checkbox-931[]\" value=\"End-User\" \/><span class=\"wpcf7-list-item-label\">End-User<\/span><\/label><\/span><\/span><\/span> \n<\/div> \n<div class=\"row row-upload-file\"> \n <label class=\"upload-file-block js-upload-file\">Attach file \n  <span class=\"wpcf7-form-control-wrap\" data-name=\"file-466\"><input size=\"40\" class=\"wpcf7-form-control wpcf7-file\" accept=\"audio\/*,video\/*,image\/*\" aria-invalid=\"false\" type=\"file\" name=\"file-466\" \/><\/span><\/label> \n<\/div><input type='hidden' class='wpcf7-pum' value='{\"closepopup\":false,\"closedelay\":0,\"openpopup\":false,\"openpopup_id\":0}' \/><div class=\"wpcf7-response-output\" aria-hidden=\"true\"><\/div>\n<\/form>\n<\/div>\n            <\/div>\r\n\r\n\t\t    <div class=\"text-holder\" data-aos=\"fade-left\">\r\n\t\t\t\t\t\t    <h3 class=\"title-block\">How Can We Help?<\/h3>\r\n\t\t\t\r\n\t\t\t                <div class=\"text-block\">\r\n                    Please select a topic below related to your inquiry. If you don&#8217;t find what you need, fill out our contact form.                <\/div>\r\n\t\t\t\r\n\t\t\t\t\t\t    <ul class=\"link-list\">\r\n\t\t\t\t\t\t\t\t\t\t\t\t\t\t\t\t\t\t<li>\r\n\t\t\t\t\t\t\t\t\t\t\t\t\t\t\t\t    <strong>Get Inspired<\/strong>\r\n\t\t\t\t\t\t\t\t\t\t\t\t\t\t\t\t\t\t\t\t\t\t\t\t    <a href=\"\/features\/\">\r\n\t\t\t\t\t\t\t\t        Discover what&#8217;s beneath our intercom\t\t\t\t\t\t\t\t    <\/a>\r\n\t\t\t\t\t\t\t\t\t\t\t\t\t\t\t<\/li>\r\n\t\t\t\t\t\t\t\t\t\t\t\t\t\t\t\t\t\t\t\t\t\t\t\t<li>\r\n\t\t\t\t\t\t\t\t\t\t\t\t\t\t\t\t    <strong>Become a Partner<\/strong>\r\n\t\t\t\t\t\t\t\t\t\t\t\t\t\t\t\t\t\t\t\t\t\t\t\t    <a href=\"\/distributors\/\">\r\n\t\t\t\t\t\t\t\t        Expand your business with BAS-IP intercom\t\t\t\t\t\t\t\t    <\/a>\r\n\t\t\t\t\t\t\t\t\t\t\t\t\t\t\t<\/li>\r\n\t\t\t\t\t\t\t\t\t\t\t\t\t\t\t\t\t\t\t\t\t\t\t\t<li>\r\n\t\t\t\t\t\t\t\t\t\t\t\t\t\t\t\t    <strong>Check the Guides<\/strong>\r\n\t\t\t\t\t\t\t\t\t\t\t\t\t\t\t\t\t\t\t\t\t\t\t\t    <a href=\"\/support\/\">\r\n\t\t\t\t\t\t\t\t        Download detailed manuals and schemes\t\t\t\t\t\t\t\t    <\/a>\r\n\t\t\t\t\t\t\t\t\t\t\t\t\t\t\t<\/li>\r\n\t\t\t\t\t\t\t\t\t\t\t\t\t\t\t<\/ul>\r\n\t\t\t\r\n\t\t\t\t\t\t    <h3 class=\"title-block\">Our contacts<\/h3>\r\n\t\t\t\r\n\t\t\t\t\t\t\t<ul class=\"contact-list\">\r\n\t\t\t\t\t\t\t\t\t\t\t\t\t\t\t\t\t\t<li>\r\n\t\t\t\t\t\t\t\t\t\t\t\t\t\t\t\t\t<strong>Sales:<\/strong>\r\n\t\t\t\t\t\t\t\t\t\t\t\t\t\t\t\t\t\t\t\t\t\t\t\t    <a href=\"mailto:s&#97;les&#64;b&#97;&#115;&#45;ip&#46;&#99;&#111;m\">sal&#101;s&#64;&#98;&#97;&#115;&#45;&#105;p&#46;co&#109;<\/a>\r\n\t\t\t\t\t\t\t\t\t\t\t\t\t\t\t<\/li>\r\n\t\t\t\t\t\t\t\t\t\t\t\t\t\t\t\t\t\t\t\t\t\t\t\t<li>\r\n\t\t\t\t\t\t\t\t\t\t\t\t\t\t\t\t\t<strong>Technical support:<\/strong>\r\n\t\t\t\t\t\t\t\t\t\t\t\t\t\t\t\t\t\t\t\t\t\t\t\t    <a href=\"mailto:s&#117;&#112;&#112;o&#114;&#116;&#64;&#98;&#97;s-&#105;p&#46;&#99;o&#109;\">&#115;&#117;pport&#64;b&#97;s-ip&#46;com<\/a>\r\n\t\t\t\t\t\t\t\t\t\t\t\t\t\t\t<\/li>\r\n\t\t\t\t\t\t\t\t\t\t\t\t\t\t\t<\/ul>\r\n\t\t\t\t\t<\/div>\r\n\t<\/section>\r\n\r\n\r\n\r\n<!-- END Block Sign Up -->\n\n<!-- START Block Info Boxes Gated Community --><!-- END Block Info Boxes Gated Community -->","protected":false},"excerpt":{"rendered":"","protected":false},"author":1,"featured_media":0,"parent":0,"menu_order":0,"comment_status":"closed","ping_status":"closed","template":"","meta":{"inline_featured_image":false,"footnotes":""},"class_list":["post-77576","page","type-page","status-publish","hentry"],"acf":[],"_links":{"self":[{"href":"https:\/\/bas-ip.com\/hr\/wp-json\/wp\/v2\/pages\/77576","targetHints":{"allow":["GET"]}}],"collection":[{"href":"https:\/\/bas-ip.com\/hr\/wp-json\/wp\/v2\/pages"}],"about":[{"href":"https:\/\/bas-ip.com\/hr\/wp-json\/wp\/v2\/types\/page"}],"author":[{"embeddable":true,"href":"https:\/\/bas-ip.com\/hr\/wp-json\/wp\/v2\/users\/1"}],"replies":[{"embeddable":true,"href":"https:\/\/bas-ip.com\/hr\/wp-json\/wp\/v2\/comments?post=77576"}],"version-history":[{"count":2,"href":"https:\/\/bas-ip.com\/hr\/wp-json\/wp\/v2\/pages\/77576\/revisions"}],"predecessor-version":[{"id":77601,"href":"https:\/\/bas-ip.com\/hr\/wp-json\/wp\/v2\/pages\/77576\/revisions\/77601"}],"wp:attachment":[{"href":"https:\/\/bas-ip.com\/hr\/wp-json\/wp\/v2\/media?parent=77576"}],"curies":[{"name":"wp","href":"https:\/\/api.w.org\/{rel}","templated":true}]}}