{"id":151725,"date":"2025-09-24T10:20:27","date_gmt":"2025-09-24T10:20:27","guid":{"rendered":"https:\/\/bas-ip.com\/warranty-policy-global-south\/"},"modified":"2025-12-03T11:30:52","modified_gmt":"2025-12-03T11:30:52","slug":"warranty-policy-global-south","status":"publish","type":"page","link":"https:\/\/bas-ip.com\/hr\/warranty-policy-global-south\/","title":{"rendered":"Jamstvena Politika (Globalni Jug)"},"content":{"rendered":"<p data-path-to-node=\"2\">Na snazi je politika zamjene jamstvenih dijelova ure\u0111aja kompletnim, sklopljenim modulima.<\/p>\n<p data-path-to-node=\"3\">Prema statisti\u010dkim podacima o servisnim zahtjevima, ve\u0107ina problema mo\u017ee se rije\u0161iti daljinski putem a\u017euriranja firmwarea ili rekonfiguracije ure\u0111aja. Kako biste poku\u0161ali rije\u0161iti svoj problem daljinski, molimo vas da nas kontaktirate putem sljede\u0107ih komunikacijskih kanala:<\/p>\n<p data-path-to-node=\"4,0,0\"><b>WhatsApp:<\/b> <a class=\"ng-star-inserted\" href=\"https:\/\/wa.me\/message\/TQPHTSMDUD6UE1\" target=\"_blank\" rel=\"noopener\" data-hveid=\"0\" data-ved=\"0CAAQ_4QMahcKEwjz2vOypaGRAxUAAAAAHQAAAAAQTQ\">https:\/\/wa.me\/message\/TQPHTSMDUD6UE1<\/a><\/p>\n<p data-path-to-node=\"4,1,0\"><b>Telegram:<\/b> <a class=\"ng-star-inserted\" href=\"https:\/\/t.me\/bas_ip_international_support_bot\" target=\"_blank\" rel=\"noopener\" data-hveid=\"0\" data-ved=\"0CAAQ_4QMahcKEwjz2vOypaGRAxUAAAAAHQAAAAAQTg\">https:\/\/t.me\/bas_ip_international_support_bot<\/a><\/p>\n<p data-path-to-node=\"4,2,0\"><b>E-po\u0161ta:<\/b> <a href=\"mailto:support@bas-ip.com\">support@bas-ip.com<\/a><\/p>\n<p data-path-to-node=\"4,3,0\"><b>Radno vrijeme:<\/b> Ponedjeljak do petka, 06:00\u201322:00 (GMT)<\/p>\n<p data-path-to-node=\"6\">Ako se va\u0161 problem ne mo\u017ee rije\u0161iti daljinski, molimo vas da slijedite dolje navedeni postupak:<\/p>\n<p data-path-to-node=\"7\">Molimo vas da unaprijed pripremite informacije o <b>datumu kupnje<\/b> i <b>partnerskoj tvrtki<\/b> od koje je proizvod kupljen.<\/p>\n<p data-path-to-node=\"8,0,0\">&#8211; Na va\u0161 zahtjev, na\u0161i stru\u010dnjaci \u0107e zatra\u017eiti <b>sve potrebne informacije<\/b> (model ure\u0111aja, serijski broj, razlog reklamacije, datum kupnje, eventualne pritu\u017ebe, fotografije) kako bi pokrenuli proceduru za otpremu potpuno sklopljenih modula.<\/p>\n<p data-path-to-node=\"8,1,0\">&#8211; Nakon \u0161to sve dostavljene informacije budu analizirane, bit \u0107ete kontaktirani putem va\u0161ih navedenih podataka za kontakt i obavije\u0161teni o donesenoj odluci i naknadnim koracima koje treba poduzeti za otpremu potpuno sklopljenih modula.<\/p>\n<p data-path-to-node=\"8,2,0\">&#8211; U slu\u010daju otpreme potpuno sklopljenih modula, <b>po\u0161iljka \u0107e biti izvr\u0161ena iz partnerske tvrtke<\/b> od koje ste kupili ure\u0111aj.<\/p>\n<p data-path-to-node=\"10\"><strong>Jamstveni rok za proizvod je trideset i \u0161est (36) mjeseci od datuma prodaje.<\/strong><\/p>\n<p data-path-to-node=\"11,0,0\"><strong>&#8211;\u00a0<\/strong>Prijevoz ure\u0111aja mora se obavljati u <b>originalnom pakiranju<\/b> koje je isporu\u010dio prodavatelj ili u pakiranju <b>ekvivalentnih za\u0161titnih i radnih svojstava<\/b>.<\/p>\n<p data-path-to-node=\"11,1,0\"><b>&#8211; Ograni\u010deno jamstvo od dvanaest (12) mjeseci<\/b> od datuma prodaje primjenjuje se na razli\u010dite vrste monta\u017enih nosa\u010da, uklju\u010duju\u0107i ugradne, nadgradne, stolne nosa\u010de, \u0161titnike za ki\u0161u i sunce, kutne okretne elemente.<\/p>\n<p data-path-to-node=\"11,2,0\">&#8211; Ovi jamstveni uvjeti <b>dopunjuju<\/b> ustavna i druga potro\u0161a\u010dka prava primjenjiva u zemlji prebivali\u0161ta potro\u0161a\u010da i <b>ni na koji na\u010din ne ograni\u010davaju<\/b> ta prava.<\/p>\n<h2 data-path-to-node=\"13\">Jamstveni Uvjeti<\/h2>\n<ol>\n<li data-path-to-node=\"14\">Prilikom podno\u0161enja RMA zahtjeva tvrtki BAS-IP, potrebno je dostaviti <b>detaljne informacije<\/b> o to\u010dnom <b>modelu ure\u0111aja<\/b> uklju\u010duju\u0107i njegovu <b>boju<\/b>, <b>serijski broj<\/b> ure\u0111aja, <b>datum kupnje<\/b> i <b>zahtjev<\/b> s potpunim i to\u010dnim <b>opisom problema<\/b> koji je doveo do RMA.<\/li>\n<li data-path-to-node=\"14\"><b style=\"font-size: revert; color: initial;\">Dostava<\/b><span style=\"font-size: revert; color: initial;\"> do BAS-IP-a ili njegovog Servisnog Centra je <\/span><b style=\"font-size: revert; color: initial;\">odgovornost i na tro\u0161ak kupca<\/b><span style=\"font-size: revert; color: initial;\">.<\/span><\/li>\n<li data-path-to-node=\"14\">Jamstveni servis pru\u017ea se <b style=\"font-size: revert; color: initial;\">samo unutar jamstvenog roka<\/b><span style=\"font-size: revert; color: initial;\"> navedenog u ovoj jamstvenoj politici.<\/span><\/li>\n<li data-path-to-node=\"14\"><b style=\"font-size: revert; color: initial;\">Vrijeme utro\u0161eno na vra\u0107anje<\/b><span style=\"font-size: revert; color: initial;\"> operativnosti ure\u0111aja <\/span><b style=\"font-size: revert; color: initial;\">dodat \u0107e se<\/b><span style=\"font-size: revert; color: initial;\"> utvr\u0111enom jamstvenom roku navedenom u ovoj jamstvenoj politici.<\/span><\/li>\n<\/ol>\n<h2 data-path-to-node=\"19\">Kr\u0161enje Jamstvenih Uvjeta<\/h2>\n<ol>\n<li data-path-to-node=\"20\">Ovi jamstveni uvjeti postaju <b>ni\u0161tavni<\/b> ako su standardni ili serijski brojevi proizvoda <b>izmijenjeni, izbrisani, uklonjeni ili postali ne\u010ditljivi<\/b>.<\/li>\n<li data-path-to-node=\"20\">Jamstvene odredbe bit \u0107e <b style=\"font-size: revert; color: initial;\">neva\u017ee\u0107e<\/b><span style=\"font-size: revert; color: initial;\"> u slu\u010daju <\/span><b style=\"font-size: revert; color: initial;\">bilo kakvih modifikacija, prilagodbi ili preinaka<\/b><span style=\"font-size: revert; color: initial;\"> proizvoda namijenjenih pobolj\u0161anju ili pro\u0161irenju normalnog opsega uporabe navedenog u korisni\u010dkom priru\u010dniku.<\/span><\/li>\n<li data-path-to-node=\"20\">Jamstvo je <b style=\"font-size: revert; color: initial;\">neva\u017ee\u0107e<\/b><span style=\"font-size: revert; color: initial;\"> ako se proizvod koristi <\/span><b style=\"font-size: revert; color: initial;\">suprotno svojoj namjeni<\/b><span style=\"font-size: revert; color: initial;\"> ili na na\u010din <\/span><b style=\"font-size: revert; color: initial;\">koji nije u skladu s uputama<\/b><span style=\"font-size: revert; color: initial;\"> za uporabu i odr\u017eavanje.<\/span><\/li>\n<li data-path-to-node=\"20\">Jamstveno pokri\u0107e se <b style=\"font-size: revert; color: initial;\">gubi<\/b><span style=\"font-size: revert; color: initial;\"> ako <\/span><b style=\"font-size: revert; color: initial;\">strani predmeti, tvari, teku\u0107ine, pare, korozivni plinovi ili insekti<\/b><span style=\"font-size: revert; color: initial;\"> prodru u unutarnje ili vanjske dijelove proizvoda, bilo slu\u010dajno ili namjerno.<\/span><\/li>\n<li data-path-to-node=\"20\">Jamstvo je <b style=\"font-size: revert; color: initial;\">neva\u017ee\u0107e<\/b><span style=\"font-size: revert; color: initial;\"> u slu\u010dajevima <\/span><b style=\"font-size: revert; color: initial;\">nepravilnog povezivanja<\/b><span style=\"font-size: revert; color: initial;\"> proizvoda s drugim sustavima ili <\/span><b style=\"font-size: revert; color: initial;\">neispravne instalacije i monta\u017ee<\/b><span style=\"font-size: revert; color: initial;\">.<\/span><\/li>\n<li data-path-to-node=\"20\">Ovo jamstvo <b style=\"font-size: revert; color: initial;\">se ne odnosi<\/b><span style=\"font-size: revert; color: initial;\"> na nedostatke ili \u0161tete nastale na <\/span><b style=\"font-size: revert; color: initial;\">bilo kojem sustavu<\/b><span style=\"font-size: revert; color: initial;\"> u koji je proizvod integriran ili kori\u0161ten u kombinaciji s njim.<\/span><\/li>\n<li data-path-to-node=\"20\">Jamstvo se smatra <b style=\"font-size: revert; color: initial;\">neva\u017ee\u0107im i ni\u0161tavnim<\/b><span style=\"font-size: revert; color: initial;\"> ako proizvod pokazuje <\/span><b style=\"font-size: revert; color: initial;\">mehani\u010dka o\u0161te\u0107enja, odlomke, udubljenja, pukotine, znakove neovla\u0161tene manipulacije<\/b><span style=\"font-size: revert; color: initial;\"> ili sli\u010dne nedostatke.<\/span><\/li>\n<li data-path-to-node=\"20\">Jamstvo <b style=\"font-size: revert; color: initial;\">ne pokriva<\/b><span style=\"font-size: revert; color: initial;\"> proizvode o\u0161te\u0107ene zbog <\/span><b style=\"font-size: revert; color: initial;\">nepridr\u017eavanja standarda<\/b><span style=\"font-size: revert; color: initial;\"> primjenjivih u zemlji rada, uklju\u010duju\u0107i probleme vezane uz <\/span><b style=\"font-size: revert; color: initial;\">parametre napajanja, telekomunikacijske, kabelske mre\u017ee<\/b><span style=\"font-size: revert; color: initial;\"> ili druge vanjske \u010dimbenike.<\/span><\/li>\n<li data-path-to-node=\"20\">Jamstveno pokri\u0107e <b style=\"font-size: revert; color: initial;\">isklju\u010duje<\/b><span style=\"font-size: revert; color: initial;\"> \u0161tetu nastalu uslijed <\/span><b style=\"font-size: revert; color: initial;\">vanjskih \u010dimbenika<\/b><span style=\"font-size: revert; color: initial;\"> kao \u0161to su prirodne katastrofe, rat, po\u017ear, poplava, munja, oluje, fluktuacije napona ili drugi uzroci izvan kontrole proizvo\u0111a\u010da.<\/span><\/li>\n<li data-path-to-node=\"20\">Jamstvo je <b style=\"font-size: revert; color: initial;\">ni\u0161tavno<\/b><span style=\"font-size: revert; color: initial;\"> ako se poku\u0161aji popravka ili modifikacije vr\u0161e od strane <\/span><b style=\"font-size: revert; color: initial;\">neovla\u0161tenih servisnih centara<\/b><span style=\"font-size: revert; color: initial;\"> ili osoba\/organizacija koje <\/span><b style=\"font-size: revert; color: initial;\">nemaju zakonsko ovla\u0161tenje<\/b><span style=\"font-size: revert; color: initial;\"> za obavljanje takvih popravaka ili modifikacija.<\/span><\/li>\n<li data-path-to-node=\"20\">Ovi jamstveni uvjeti <b style=\"font-size: revert; color: initial;\">ne primjenjuju se na dodatnu opremu<\/b><span style=\"font-size: revert; color: initial;\"> (uklju\u010duju\u0107i, ali ne ograni\u010davaju\u0107i se na baterije, vanjske izvore napajanja, spojne kabele, privjeske za klju\u010deve, kartice, identifikatore) ili <\/span><b style=\"font-size: revert; color: initial;\">dijelove proizvoda podlo\u017ene normalnom tro\u0161enju<\/b><span style=\"font-size: revert; color: initial;\">.<\/span><\/li>\n<\/ol>","protected":false},"excerpt":{"rendered":"<p>Na snazi je politika zamjene jamstvenih dijelova ure\u0111aja kompletnim, sklopljenim modulima. Prema statisti\u010dkim podacima o servisnim zahtjevima, ve\u0107ina problema mo\u017ee se rije\u0161iti daljinski putem a\u017euriranja firmwarea ili rekonfiguracije ure\u0111aja. Kako biste poku\u0161ali rije\u0161iti svoj problem daljinski, molimo vas da nas kontaktirate putem sljede\u0107ih komunikacijskih kanala: WhatsApp: https:\/\/wa.me\/message\/TQPHTSMDUD6UE1 Telegram: https:\/\/t.me\/bas_ip_international_support_bot E-po\u0161ta: support@bas-ip.com Radno vrijeme: Ponedjeljak do [&hellip;]<\/p>","protected":false},"author":1,"featured_media":0,"parent":0,"menu_order":0,"comment_status":"closed","ping_status":"closed","template":"","meta":{"inline_featured_image":false,"footnotes":""},"class_list":["post-151725","page","type-page","status-publish","hentry"],"acf":[],"_links":{"self":[{"href":"https:\/\/bas-ip.com\/hr\/wp-json\/wp\/v2\/pages\/151725","targetHints":{"allow":["GET"]}}],"collection":[{"href":"https:\/\/bas-ip.com\/hr\/wp-json\/wp\/v2\/pages"}],"about":[{"href":"https:\/\/bas-ip.com\/hr\/wp-json\/wp\/v2\/types\/page"}],"author":[{"embeddable":true,"href":"https:\/\/bas-ip.com\/hr\/wp-json\/wp\/v2\/users\/1"}],"replies":[{"embeddable":true,"href":"https:\/\/bas-ip.com\/hr\/wp-json\/wp\/v2\/comments?post=151725"}],"version-history":[{"count":3,"href":"https:\/\/bas-ip.com\/hr\/wp-json\/wp\/v2\/pages\/151725\/revisions"}],"predecessor-version":[{"id":151791,"href":"https:\/\/bas-ip.com\/hr\/wp-json\/wp\/v2\/pages\/151725\/revisions\/151791"}],"wp:attachment":[{"href":"https:\/\/bas-ip.com\/hr\/wp-json\/wp\/v2\/media?parent=151725"}],"curies":[{"name":"wp","href":"https:\/\/api.w.org\/{rel}","templated":true}]}}