{"id":151512,"date":"2025-09-24T10:12:14","date_gmt":"2025-09-24T10:12:14","guid":{"rendered":"https:\/\/bas-ip.com\/warranty-policy-north-america\/"},"modified":"2025-12-02T13:38:13","modified_gmt":"2025-12-02T13:38:13","slug":"warranty-policy-north-america","status":"publish","type":"page","link":"https:\/\/bas-ip.com\/hr\/warranty-policy-north-america\/","title":{"rendered":"Jamstvena Politika (Sjeverna Amerika)"},"content":{"rendered":"<p data-path-to-node=\"2\">Uvjeti korisni\u010dke slu\u017ebe se razlikuju i ovise o zemljopisnoj regiji u kojoj se na\u0161i klijenti nalaze i posluju. Sukladno tome, jamstvene politike i obveze tako\u0111er mogu pokazivati manje varijacije ovisno o lokaciji i operativnom kontekstu klijenta. Za pravilno pru\u017eanje usluga, molimo nastavite odabirom regije u kojoj se trenutno nalazite.<\/p>\n<p data-path-to-node=\"3\">Na snazi je politika zamjene ure\u0111aja u jamstvu i zamjene dijelova ure\u0111aja s kompletnim sastavljenim modulima.<\/p>\n<p data-path-to-node=\"4\">Prema statisti\u010dkim podacima o zahtjevima za servis, <b>ve\u0107ina nastalih problema mo\u017ee se rije\u0161iti daljinski<\/b> putem a\u017euriranja firmvera ili ponovnog konfiguriranja ure\u0111aja. Da biste poku\u0161ali rije\u0161iti problem daljinski, kontaktirajte nas putem sljede\u0107ih komunikacijskih kanala:<\/p>\n<p data-path-to-node=\"5,0,0\"><b>WhatsApp:<\/b> <a class=\"ng-star-inserted\" href=\"https:\/\/wa.me\/message\/TQPHTSMDUD6UE1\" target=\"_blank\" rel=\"noopener\" data-hveid=\"0\" data-ved=\"0CAAQ_4QMahgKEwi_nvaJkJyRAxUAAAAAHQAAAAAQwgM\">https:\/\/wa.me\/message\/TQPHTSMDUD6UE1<\/a><\/p>\n<p data-path-to-node=\"5,1,0\"><b>Telegram:<\/b> <a class=\"ng-star-inserted\" href=\"https:\/\/t.me\/bas_ip_international_support_bot\" target=\"_blank\" rel=\"noopener\" data-hveid=\"0\" data-ved=\"0CAAQ_4QMahgKEwi_nvaJkJyRAxUAAAAAHQAAAAAQwwM\">https:\/\/t.me\/bas_ip_international_support_bot<\/a><\/p>\n<p data-path-to-node=\"5,2,0\"><b>E-po\u0161ta:<\/b> <a href=\"mailto:support@bas-ip.com\">support@bas-ip.com<\/a><\/p>\n<p data-path-to-node=\"5,3,0\"><b>Radno vrijeme:<\/b> Od ponedjeljka do petka, 06:00\u201322:00 (GMT)<\/p>\n<p data-path-to-node=\"6\">Ako va\u0161 problem ne mo\u017ee biti rije\u0161en daljinski, molimo slijedite sljede\u0107i postupak:<\/p>\n<p data-path-to-node=\"7,0,0\"><b>Molimo vas da unaprijed pripremite<\/b> informacije o datumu kupnje i pojedinostima o partneru od kojeg je proizvod nabavljen.<\/p>\n<p data-path-to-node=\"7,1,0\">&#8211; Na va\u0161 zahtjev, na\u0161im \u0107e stru\u010dnjacima biti potrebne sve potrebne informacije (model ure\u0111aja, serijski broj, razlog reklamacije, datum kupnje, eventualne pritu\u017ebe, fotografije) kako bi pokrenuli postupak zamjene ili slanja potpuno sastavljenih modula.<\/p>\n<p data-path-to-node=\"7,2,0\">&#8211; Nakon analize svih dostavljenih informacija, bit \u0107ete kontaktirani putem navedenih podataka kako bismo vas obavijestili o odluci i daljnjim koracima koje treba poduzeti, kao \u0161to je zamjena ure\u0111aja ili slanje potpuno sastavljenih modula. Osim toga, na\u0161i \u0107e vas stru\u010dnjaci savjetovati je li potrebno vratiti va\u0161 trenutni ure\u0111aj.<\/p>\n<p data-path-to-node=\"7,3,0\">&#8211; U slu\u010daju potpune zamjene ure\u0111aja ili slanja potpuno sastavljenih modula, <b>po\u0161iljka \u0107e biti poslana od tvrtke partnera od koje ste kupili ure\u0111aj<\/b>. Tamo gdje je primjenjivo, va\u0161 trenutni neispravan ure\u0111aj bit \u0107e vra\u0107en istoj tvrtki partneru.<\/p>\n<p data-path-to-node=\"10\"><strong>Jamstveni rok za proizvod je trideset i \u0161est (36) mjeseci od datuma prodaje.<\/strong><\/p>\n<p data-path-to-node=\"11,0,0\">&#8211; Prijevoz ure\u0111aja mora se obavljati u originalnom pakiranju koje je isporu\u010dio prodavatelj ili u pakiranju s ekvivalentnim za\u0161titnim i radnim karakteristikama.<\/p>\n<p data-path-to-node=\"11,1,0\">&#8211; Ograni\u010deno jamstvo od <b>dvanaest (12) mjeseci<\/b> od datuma prodaje primjenjuje se na razli\u010dite vrste monta\u017enih nosa\u010da, uklju\u010duju\u0107i ugradne, nadgradne, stolne nosa\u010de, \u0161titnike od ki\u0161e i sunca te kutne nosa\u010de.<\/p>\n<p data-path-to-node=\"11,2,0\">&#8211; Ovi jamstveni uvjeti nadopunjuju ustavna i druga potro\u0161a\u010dka prava primjenjiva u zemlji prebivali\u0161ta potro\u0161a\u010da i ni na koji na\u010din ne ograni\u010davaju takva prava.<\/p>\n<h3>Jamstveni Uvjeti<\/h3>\n<ol>\n<li>Prilikom podno\u0161enja RMA zahtjeva tvrtki BAS-IP, potrebno je pru\u017eiti detaljne informacije o <b>to\u010dnom modelu ure\u0111aja uklju\u010duju\u0107i njegovu boju, serijski broj ure\u0111aja, datum kupnje i reklamaciju s potpunim i to\u010dnim opisom problema<\/b> koji je doveo do RMA.<\/li>\n<li data-path-to-node=\"14\">Dostava u BAS-IP ili njegov Servisni centar odgovornost je i <b style=\"font-size: revert; color: initial;\">tro\u0161ak kupca<\/b><span style=\"font-size: revert; color: initial;\">.<\/span><\/li>\n<li data-path-to-node=\"14\">Jamstveni servis pru\u017ea se samo <b style=\"font-size: revert; color: initial;\">unutar jamstvenog razdoblja<\/b><span style=\"font-size: revert; color: initial;\"> navedenog u ovoj jamstvenoj politici.<\/span><\/li>\n<li data-path-to-node=\"14\">Vrijeme utro\u0161eno na vra\u0107anje ispravnosti ure\u0111aja <b style=\"font-size: revert; color: initial;\">bit \u0107e dodano utvr\u0111enom jamstvenom razdoblju<\/b><span style=\"font-size: revert; color: initial;\"> navedenom u ovoj jamstvenoj politici.<\/span><\/li>\n<\/ol>\n<h3>Kr\u0161enje Jamstvenih Uvjeta<\/h3>\n<ol>\n<li data-path-to-node=\"20\">Ovi jamstveni uvjeti <b>postaju ni\u0161tavni<\/b> ako su standardni ili serijski brojevi proizvoda izmijenjeni, izbrisani, uklonjeni ili u\u010dinjeni ne\u010ditljivima.<\/li>\n<li data-path-to-node=\"20\">Jamstvene odredbe <b style=\"font-size: revert; color: initial;\">bit \u0107e poni\u0161tene<\/b><span style=\"font-size: revert; color: initial;\"> u slu\u010daju bilo kakvih modifikacija, prilagodbi ili preinaka proizvoda namijenjenih pobolj\u0161anju ili pro\u0161irenju uobi\u010dajenog opsega uporabe kako je navedeno u korisni\u010dkom priru\u010dniku.<\/span><\/li>\n<li data-path-to-node=\"20\">Jamstvo <b style=\"font-size: revert; color: initial;\">\u0107e biti neva\u017ee\u0107e<\/b><span style=\"font-size: revert; color: initial;\"> ako se proizvod koristi suprotno svojoj namjeni ili na na\u010din koji nije u skladu s uputama za uporabu i odr\u017eavanje.<\/span><\/li>\n<li data-path-to-node=\"20\">Jamstveno pokri\u0107e <b style=\"font-size: revert; color: initial;\">bit \u0107e izgubljeno<\/b><span style=\"font-size: revert; color: initial;\"> ako strani predmeti, tvari, teku\u0107ine, pare, korozivni plinovi ili insekti prodru u unutarnje ili vanjske dijelove proizvoda, bilo slu\u010dajno ili namjerno.<\/span><\/li>\n<li data-path-to-node=\"20\">Jamstvo <b style=\"font-size: revert; color: initial;\">\u0107e biti neva\u017ee\u0107e<\/b><span style=\"font-size: revert; color: initial;\"> u slu\u010dajevima nepravilnog spajanja proizvoda na druge sustave ili nepravilne instalacije i monta\u017ee.<\/span><\/li>\n<li data-path-to-node=\"20\">Ovo jamstvo <b style=\"font-size: revert; color: initial;\">ne obuhva\u0107a<\/b><span style=\"font-size: revert; color: initial;\"> nedostatke ili o\u0161te\u0107enja nastala na bilo kojem sustavu u koji je proizvod integriran ili se koristi zajedno s njim.<\/span><\/li>\n<li data-path-to-node=\"20\">Jamstvo <b style=\"font-size: revert; color: initial;\">\u0107e se smatrati neva\u017ee\u0107im i ni\u0161tavnim<\/b><span style=\"font-size: revert; color: initial;\"> ako proizvod pokazuje mehani\u010dka o\u0161te\u0107enja, odlomke, udubljenja, pukotine, znakove neovla\u0161tenog rukovanja ili sli\u010dne nedostatke.<\/span><\/li>\n<li data-path-to-node=\"20\">Jamstvo <b style=\"font-size: revert; color: initial;\">ne pokriva<\/b><span style=\"font-size: revert; color: initial;\"> proizvode o\u0161te\u0107ene zbog nepridr\u017eavanja standarda primjenjivih u zemlji rada, uklju\u010duju\u0107i probleme vezane uz parametre napajanja, telekomunikacije, kabelske mre\u017ee ili druge vanjske \u010dimbenike.<\/span><\/li>\n<li data-path-to-node=\"20\">Jamstveno pokri\u0107e <b style=\"font-size: revert; color: initial;\">isklju\u010duje<\/b><span style=\"font-size: revert; color: initial;\"> \u0161tetu nastalu uslijed vanjskih \u010dimbenika kao \u0161to su prirodne katastrofe, rat, po\u017ear, poplava, munja, oluje, fluktuacije napona ili drugi uzroci izvan kontrole proizvo\u0111a\u010da.<\/span><\/li>\n<li data-path-to-node=\"20\">Jamstvo <b style=\"font-size: revert; color: initial;\">\u0107e biti neva\u017ee\u0107e<\/b><span style=\"font-size: revert; color: initial;\"> ako popravke ili preinake poku\u0161aju izvr\u0161iti neovla\u0161teni servisni centri ili osobe\/organizacije koje nemaju zakonsko ovla\u0161tenje za obavljanje takvih popravaka ili preinaka.<\/span><\/li>\n<li data-path-to-node=\"20\">Ovi jamstveni uvjeti <b style=\"font-size: revert; color: initial;\">ne primjenjuju se na dodatke<\/b><span style=\"font-size: revert; color: initial;\"> (uklju\u010duju\u0107i, ali ne ograni\u010davaju\u0107i se na baterije, vanjske izvore napajanja, spojne kabele, privjeske za klju\u010deve, kartice, identifikatore) ili dijelove proizvoda podlo\u017ene normalnom tro\u0161enju.<\/span><\/li>\n<\/ol>","protected":false},"excerpt":{"rendered":"<p>Uvjeti korisni\u010dke slu\u017ebe se razlikuju i ovise o zemljopisnoj regiji u kojoj se na\u0161i klijenti nalaze i posluju. Sukladno tome, jamstvene politike i obveze tako\u0111er mogu pokazivati manje varijacije ovisno o lokaciji i operativnom kontekstu klijenta. Za pravilno pru\u017eanje usluga, molimo nastavite odabirom regije u kojoj se trenutno nalazite. Na snazi je politika zamjene ure\u0111aja [&hellip;]<\/p>","protected":false},"author":1,"featured_media":0,"parent":0,"menu_order":0,"comment_status":"closed","ping_status":"closed","template":"","meta":{"inline_featured_image":false,"footnotes":""},"class_list":["post-151512","page","type-page","status-publish","hentry"],"acf":[],"_links":{"self":[{"href":"https:\/\/bas-ip.com\/hr\/wp-json\/wp\/v2\/pages\/151512","targetHints":{"allow":["GET"]}}],"collection":[{"href":"https:\/\/bas-ip.com\/hr\/wp-json\/wp\/v2\/pages"}],"about":[{"href":"https:\/\/bas-ip.com\/hr\/wp-json\/wp\/v2\/types\/page"}],"author":[{"embeddable":true,"href":"https:\/\/bas-ip.com\/hr\/wp-json\/wp\/v2\/users\/1"}],"replies":[{"embeddable":true,"href":"https:\/\/bas-ip.com\/hr\/wp-json\/wp\/v2\/comments?post=151512"}],"version-history":[{"count":3,"href":"https:\/\/bas-ip.com\/hr\/wp-json\/wp\/v2\/pages\/151512\/revisions"}],"predecessor-version":[{"id":151618,"href":"https:\/\/bas-ip.com\/hr\/wp-json\/wp\/v2\/pages\/151512\/revisions\/151618"}],"wp:attachment":[{"href":"https:\/\/bas-ip.com\/hr\/wp-json\/wp\/v2\/media?parent=151512"}],"curies":[{"name":"wp","href":"https:\/\/api.w.org\/{rel}","templated":true}]}}