{"id":148158,"date":"2025-02-06T12:39:32","date_gmt":"2025-02-06T12:39:32","guid":{"rendered":"https:\/\/bas-ip.com\/hikvision\/"},"modified":"2025-11-19T10:37:08","modified_gmt":"2025-11-19T10:37:08","slug":"hikvision","status":"publish","type":"page","link":"https:\/\/bas-ip.com\/hr\/hikvision\/","title":{"rendered":"Hikvision"},"content":{"rendered":"<h2 class=\"wp-block-heading\"><strong>BAS-IP i Hikvision: Integracija za Pametno Upravljanje Pristupom<\/strong><\/h2>\n\n\n<div class=\"wp-block-image\">\n<figure class=\"aligncenter size-full\"><img loading=\"lazy\" decoding=\"async\" width=\"900\" height=\"254\" src=\"https:\/\/bas-ip.com\/wp-content\/uploads\/2025\/02\/Hikvision-logo_n.png\" alt=\"\" class=\"wp-image-130158\" srcset=\"https:\/\/bas-ip.com\/wp-content\/uploads\/2025\/02\/Hikvision-logo_n.png 900w,  https:\/\/bas-ip.com\/wp-content\/uploads\/2025\/02\/Hikvision-logo_n-300x85.png 300w,  https:\/\/bas-ip.com\/wp-content\/uploads\/2025\/02\/Hikvision-logo_n-768x217.png 768w,  https:\/\/bas-ip.com\/wp-content\/uploads\/2025\/02\/Hikvision-logo_n-767x216.png 767w\" sizes=\"auto, (max-width: 900px) 100vw, 900px\" \/><\/figure>\n<\/div>\n\n<p data-path-to-node=\"1\">Integracija <b>BAS-IP<\/b> i <b>Hikvision<\/b> nudi moderno rje\u0161enje za automatsko upravljanje pristupom putem prepoznavanja registarskih plo\u010dica. <b>Hikvision<\/b> omogu\u0107uje kori\u0161tenje registarskih plo\u010dica kao identifikatora za automatsko otvaranje rampe, koriste\u0107i opciju <b>ALPR<\/b> (Automatic License Plate Recognition &#8211; Automatsko Prepoznavanje Registarskih Plo\u010dica).<\/p>\n<p data-path-to-node=\"2\"><b>BAS-IP Link<\/b> poslu\u017eitelj kompatibilan je ne samo s <b>Axis<\/b> kamerama, ve\u0107 i s kamerama drugih proizvo\u0111a\u010da kao \u0161to je <b>Axxon One<\/b>. To pro\u0161iruje mogu\u0107nosti integracije i upotrebe <b>ALPR-a<\/b> za prepoznavanje i skeniranje, \u010dine\u0107i ga prikladnim za moderne objekte gdje su automatizacija i sigurnost od iznimne va\u017enosti.<\/p>\n<p data-path-to-node=\"4\">\u00a0<\/p>\n<h3>Prednosti Integracije BAS-IP i Hikvision:<\/h3>\n<p>\u00a0<\/p>\n<ul>\n<li data-path-to-node=\"5,0,0\"><b>Automatsko Upravljanje Pristupom:<\/b> Kori\u0161tenje registarskih plo\u010dica za automatsko otvaranje vrata pojednostavljuje proces ulaska i pove\u0107ava razinu sigurnosti.<\/li>\n<li data-path-to-node=\"5,0,0\"><b>Kompatibilnost s Razli\u010ditim Kamerama:<\/b> Podr\u0161ka za kamere <b>Axis<\/b>, <b>Axxon One<\/b> i drugih proizvo\u0111a\u010da pru\u017ea fleksibilnost i izbor pri izgradnji sustava nadzora.<\/li>\n<li data-path-to-node=\"5,0,0\"><b>Jednostavnost Konfiguracije:<\/b> Integracija se lako konfigurira putem <b>BAS-IP Link<\/b> poslu\u017eitelja, \u0161to pojednostavljuje proces implementacije.<\/li>\n<li data-path-to-node=\"5,0,0\"><b>ALPR Podr\u0161ka:<\/b> Kori\u0161tenje naprednih <b>ALPR<\/b> tehnologija omogu\u0107uje precizno i brzo prepoznavanje registarskih plo\u010dica, pobolj\u0161avaju\u0107i u\u010dinkovitost pristupa.<\/li>\n<\/ul>\n<p data-path-to-node=\"7\">\u00a0<\/p>\n<h3>Klju\u010dne Prednosti Integracije:<\/h3>\n<p>\u00a0<\/p>\n<p data-path-to-node=\"8\">Suradnja izme\u0111u <b>BAS-IP<\/b> i <b>Hikvision<\/b> omogu\u0107uje:<\/p>\n<ul>\n<li data-path-to-node=\"9,0,0\">Mogu\u0107nost integracije prepoznavanja registarskih plo\u010dica s <b>BAS-IP<\/b> tehnologijama za upravljanje pristupom.<\/li>\n<li data-path-to-node=\"9,0,0\">Pobolj\u0161ane zna\u010dajke nadzora zbog kompatibilnosti s kamerama.<\/li>\n<li data-path-to-node=\"9,0,0\">Fleksibilne konfiguracije za optimizaciju performansi sustava.<\/li>\n<\/ul>\n<p data-path-to-node=\"10\">Ovo rje\u0161enje je namijenjeno objektima koji \u017eele optimizirati upravljanje pristupom i pobolj\u0161ati sigurnost koriste\u0107i moderne tehnologije. Zajedni\u010dki napori <b>BAS-IP<\/b> i <b>Hikvision<\/b> stvaraju pouzdan i u\u010dinkovit alat za osiguravanje sigurnosti i prakti\u010dnosti.<\/p>\n<p data-path-to-node=\"11\">Za detaljnije upute za instalaciju i konfiguraciju, molimo pogledajte na\u0161 <a href=\"https:\/\/basip.atlassian.net\/wiki\/spaces\/Integrations\/pages\/249856010\/Integration+with+Hikvision\" target=\"_blank\" rel=\"noopener\"><b>Wiki Priru\u010dnik<\/b><\/a>.<\/p>\n\n<!-- START Block Sign Up --><section id=\"block_629678229e935\" class=\"sign-up-section\">\r\n\r\n    <div class=\"form-holder js-form\" data-aos=\"fade-right\">\r\n                    <div class=\"title-block h3\">Sign up for connection<\/div>\r\n        \r\n                    <div class=\"text-block\">\r\n                Filling out all the information needed to answer you as quickly as possible            <\/div>\r\n        \r\n                    \n<div class=\"wpcf7 no-js\" id=\"wpcf7-f102-o1\" lang=\"en-US\" dir=\"ltr\">\n<div class=\"screen-reader-response\"><p role=\"status\" aria-live=\"polite\" aria-atomic=\"true\"><\/p> <ul><\/ul><\/div>\n<form action=\"\/hr\/wp-json\/wp\/v2\/pages\/148158#wpcf7-f102-o1\" method=\"post\" class=\"wpcf7-form init\" aria-label=\"Contact form\" enctype=\"multipart\/form-data\" novalidate=\"novalidate\" data-status=\"init\">\n<div style=\"display: none;\">\n<input type=\"hidden\" name=\"_wpcf7\" value=\"102\" \/>\n<input type=\"hidden\" name=\"_wpcf7_version\" value=\"5.8.3\" \/>\n<input type=\"hidden\" name=\"_wpcf7_locale\" value=\"en_US\" \/>\n<input type=\"hidden\" name=\"_wpcf7_unit_tag\" value=\"wpcf7-f102-o1\" \/>\n<input type=\"hidden\" name=\"_wpcf7_container_post\" value=\"0\" \/>\n<input type=\"hidden\" name=\"_wpcf7_posted_data_hash\" value=\"\" \/>\n<input type=\"hidden\" name=\"_wpcf7_recaptcha_response\" value=\"\" \/>\n<\/div>\n<div class=\"row\"> \n <label><span class=\"label-text\">Name<\/span> \n  <span class=\"wpcf7-form-control-wrap\" data-name=\"text-full-name\"><input size=\"40\" class=\"wpcf7-form-control wpcf7-text wpcf7-validates-as-required\" aria-required=\"true\" aria-invalid=\"false\" placeholder=\"Name\" value=\"\" type=\"text\" name=\"text-full-name\" \/><\/span><\/label> \n<\/div> \n<div class=\"row\"> \n <label><span class=\"label-text\">Phone*<\/span> \n<span class=\"wpcf7-form-control-wrap\" data-name=\"phonetext-270\"><input size=\"40\" class=\"wpcf7-form-control wpcf7-phonetext wpcf7-validates-as-required wpcf7-text wpcf7-validates-as-phonetext\" aria-required=\"true\" aria-invalid=\"false\" placeholder=\"Phone*\" value=\"\" type=\"text\" name=\"phonetext-270\" \/><input type=\"hidden\" name=\"phonetext-270-country-code\" class=\"wpcf7-phonetext-country-code\" \/><\/span><\/label> \n<\/div> \n<div class=\"row\"> \n <label><span class=\"label-text\">E-mail<\/span> \n  <span class=\"wpcf7-form-control-wrap\" data-name=\"email-e-mail\"><input size=\"40\" class=\"wpcf7-form-control wpcf7-email wpcf7-validates-as-required wpcf7-text wpcf7-validates-as-email\" aria-required=\"true\" aria-invalid=\"false\" placeholder=\"E-mail\" value=\"\" type=\"email\" name=\"email-e-mail\" \/><\/span><\/label> \n<\/div> \n<div class=\"row\"><span>Your country<\/span> \n <label><span class=\"wpcf7-form-control-wrap\" data-name=\"countrytext-126\"><input size=\"40\" class=\"wpcf7-form-control wpcf7-countrytext wpcf7-text wpcf7-validates-as-countrytext\" aria-invalid=\"false\" value=\"\" type=\"text\" name=\"countrytext-126\" \/><\/span> <\/label>\n<\/div> \n<div class=\"row\"> \n <button type=\"submit\" class=\"btn\">Send<\/button> \n<\/div> \n<div class=\"row\"> \n <span class=\"wpcf7-form-control-wrap\" data-name=\"checkbox-931\"><span class=\"wpcf7-form-control wpcf7-checkbox\"><span class=\"wpcf7-list-item first\"><label><input type=\"checkbox\" name=\"checkbox-931[]\" value=\"Integrator\" \/><span class=\"wpcf7-list-item-label\">Integrator<\/span><\/label><\/span><span class=\"wpcf7-list-item\"><label><input type=\"checkbox\" name=\"checkbox-931[]\" value=\"Builder\" \/><span class=\"wpcf7-list-item-label\">Builder<\/span><\/label><\/span><span class=\"wpcf7-list-item last\"><label><input type=\"checkbox\" name=\"checkbox-931[]\" value=\"End-User\" \/><span class=\"wpcf7-list-item-label\">End-User<\/span><\/label><\/span><\/span><\/span> \n<\/div> \n<div class=\"row row-upload-file\"> \n <label class=\"upload-file-block js-upload-file\">Attach file \n  <span class=\"wpcf7-form-control-wrap\" data-name=\"file-466\"><input size=\"40\" class=\"wpcf7-form-control wpcf7-file\" accept=\"audio\/*,video\/*,image\/*\" aria-invalid=\"false\" type=\"file\" name=\"file-466\" \/><\/span><\/label> \n<\/div><input type='hidden' class='wpcf7-pum' value='{\"closepopup\":false,\"closedelay\":0,\"openpopup\":false,\"openpopup_id\":0}' \/><div class=\"wpcf7-response-output\" aria-hidden=\"true\"><\/div>\n<\/form>\n<\/div>\n            <\/div>\r\n\r\n\t\t    <div class=\"text-holder\" data-aos=\"fade-left\">\r\n\t\t\t\t\t\t    <h3 class=\"title-block\">How Can We Help?<\/h3>\r\n\t\t\t\r\n\t\t\t                <div class=\"text-block\">\r\n                    Please select a topic below related to your inquiry. If you don&#8217;t find what you need, fill out our contact form.                <\/div>\r\n\t\t\t\r\n\t\t\t\t\t\t    <ul class=\"link-list\">\r\n\t\t\t\t\t\t\t\t\t\t\t\t\t\t\t\t\t\t<li>\r\n\t\t\t\t\t\t\t\t\t\t\t\t\t\t\t\t    <strong>Get Inspired<\/strong>\r\n\t\t\t\t\t\t\t\t\t\t\t\t\t\t\t\t\t\t\t\t\t\t\t\t    <a href=\"\/features\/\">\r\n\t\t\t\t\t\t\t\t        Discover what&#8217;s beneath our intercom\t\t\t\t\t\t\t\t    <\/a>\r\n\t\t\t\t\t\t\t\t\t\t\t\t\t\t\t<\/li>\r\n\t\t\t\t\t\t\t\t\t\t\t\t\t\t\t\t\t\t\t\t\t\t\t\t<li>\r\n\t\t\t\t\t\t\t\t\t\t\t\t\t\t\t\t    <strong>Become a Partner<\/strong>\r\n\t\t\t\t\t\t\t\t\t\t\t\t\t\t\t\t\t\t\t\t\t\t\t\t    <a href=\"\/distributors\/\">\r\n\t\t\t\t\t\t\t\t        Expand your business with BAS-IP intercom\t\t\t\t\t\t\t\t    <\/a>\r\n\t\t\t\t\t\t\t\t\t\t\t\t\t\t\t<\/li>\r\n\t\t\t\t\t\t\t\t\t\t\t\t\t\t\t\t\t\t\t\t\t\t\t\t<li>\r\n\t\t\t\t\t\t\t\t\t\t\t\t\t\t\t\t    <strong>Check the Guides<\/strong>\r\n\t\t\t\t\t\t\t\t\t\t\t\t\t\t\t\t\t\t\t\t\t\t\t\t    <a href=\"\/support\/\">\r\n\t\t\t\t\t\t\t\t        Download detailed manuals and schemes\t\t\t\t\t\t\t\t    <\/a>\r\n\t\t\t\t\t\t\t\t\t\t\t\t\t\t\t<\/li>\r\n\t\t\t\t\t\t\t\t\t\t\t\t\t\t\t<\/ul>\r\n\t\t\t\r\n\t\t\t\t\t\t    <h3 class=\"title-block\">Our contacts<\/h3>\r\n\t\t\t\r\n\t\t\t\t\t\t\t<ul class=\"contact-list\">\r\n\t\t\t\t\t\t\t\t\t\t\t\t\t\t\t\t\t\t<li>\r\n\t\t\t\t\t\t\t\t\t\t\t\t\t\t\t\t\t<strong>Sales:<\/strong>\r\n\t\t\t\t\t\t\t\t\t\t\t\t\t\t\t\t\t\t\t\t\t\t\t\t    <a href=\"mailto:&#115;&#97;&#108;&#101;s&#64;&#98;a&#115;-&#105;p.&#99;&#111;m\">&#115;&#97;&#108;&#101;&#115;&#64;&#98;&#97;s-i&#112;&#46;c&#111;&#109;<\/a>\r\n\t\t\t\t\t\t\t\t\t\t\t\t\t\t\t<\/li>\r\n\t\t\t\t\t\t\t\t\t\t\t\t\t\t\t\t\t\t\t\t\t\t\t\t<li>\r\n\t\t\t\t\t\t\t\t\t\t\t\t\t\t\t\t\t<strong>Technical support:<\/strong>\r\n\t\t\t\t\t\t\t\t\t\t\t\t\t\t\t\t\t\t\t\t\t\t\t\t    <a href=\"mailto:&#115;u&#112;&#112;ort&#64;bas&#45;&#105;p&#46;c&#111;m\">s&#117;p&#112;&#111;&#114;t&#64;b&#97;s-&#105;p.c&#111;m<\/a>\r\n\t\t\t\t\t\t\t\t\t\t\t\t\t\t\t<\/li>\r\n\t\t\t\t\t\t\t\t\t\t\t\t\t\t\t<\/ul>\r\n\t\t\t\t\t<\/div>\r\n\t<\/section>\r\n\r\n\r\n\r\n<!-- END Block Sign Up -->\n\n\n<p><\/p>","protected":false},"excerpt":{"rendered":"<p>BAS-IP i Hikvision: Integracija za Pametno Upravljanje Pristupom Integracija BAS-IP i Hikvision nudi moderno rje\u0161enje za automatsko upravljanje pristupom putem prepoznavanja registarskih plo\u010dica. Hikvision omogu\u0107uje kori\u0161tenje registarskih plo\u010dica kao identifikatora za automatsko otvaranje rampe, koriste\u0107i opciju ALPR (Automatic License Plate Recognition &#8211; Automatsko Prepoznavanje Registarskih Plo\u010dica). BAS-IP Link poslu\u017eitelj kompatibilan je ne samo s Axis [&hellip;]<\/p>","protected":false},"author":1,"featured_media":0,"parent":0,"menu_order":0,"comment_status":"closed","ping_status":"closed","template":"page-custom-breadcrumbs.php","meta":{"inline_featured_image":false,"footnotes":""},"class_list":["post-148158","page","type-page","status-publish","hentry"],"acf":[],"_links":{"self":[{"href":"https:\/\/bas-ip.com\/hr\/wp-json\/wp\/v2\/pages\/148158","targetHints":{"allow":["GET"]}}],"collection":[{"href":"https:\/\/bas-ip.com\/hr\/wp-json\/wp\/v2\/pages"}],"about":[{"href":"https:\/\/bas-ip.com\/hr\/wp-json\/wp\/v2\/types\/page"}],"author":[{"embeddable":true,"href":"https:\/\/bas-ip.com\/hr\/wp-json\/wp\/v2\/users\/1"}],"replies":[{"embeddable":true,"href":"https:\/\/bas-ip.com\/hr\/wp-json\/wp\/v2\/comments?post=148158"}],"version-history":[{"count":2,"href":"https:\/\/bas-ip.com\/hr\/wp-json\/wp\/v2\/pages\/148158\/revisions"}],"predecessor-version":[{"id":150414,"href":"https:\/\/bas-ip.com\/hr\/wp-json\/wp\/v2\/pages\/148158\/revisions\/150414"}],"wp:attachment":[{"href":"https:\/\/bas-ip.com\/hr\/wp-json\/wp\/v2\/media?parent=148158"}],"curies":[{"name":"wp","href":"https:\/\/api.w.org\/{rel}","templated":true}]}}