{"id":145695,"date":"2025-09-22T13:03:10","date_gmt":"2025-09-22T13:03:10","guid":{"rendered":"https:\/\/bas-ip.com\/career\/"},"modified":"2025-10-02T10:11:00","modified_gmt":"2025-10-02T10:11:00","slug":"career","status":"publish","type":"page","link":"https:\/\/bas-ip.com\/hr\/career\/","title":{"rendered":"Karijera"},"content":{"rendered":"<!-- START Block Career Hero -->   <div class=\"careers-hero\" style=\"background-image:url(https:\/\/bas-ip.com\/wp-content\/uploads\/2025\/09\/career_top_bg_2-scaled.jpg)\">\r\n    <div class=\"careers-hero__overlay\"><\/div>\r\n    <div class=\"careers-container careers-hero__content\">\r\n      <h1 class=\"careers-hero__title\">Mi <span>tra\u017eimo<\/span> vje\u0161te ljude<\/h1>\r\n              <p class=\"careers-hero__subtitle\">Razvijamo vrhunska rje\u0161enja u podru\u010dju sigurnosti &#8211; od IP portafona do sustava kontrole pristupa i video nadzora.<br>\r\nAli najva\u017enija stvar koju gradimo je tim.<\/p>\r\n                    <a class=\"careers-btn careers-btn--primary\" href=\"https:\/\/bas-ip.com\/vacancies\/\">\r\n          radite s nama        <\/a>\r\n          <\/div>\r\n  <\/div>\r\n     <section class=\"careers-benefits\">\r\n    <div class=\"careers-container\">\r\n              <h2 class=\"careers-section-title\">radite s nama<\/h2>\r\n                    <div class=\"careers-benefits__grid\">\r\n                      <div class=\"careers-benefit\">\r\n                              <div class=\"careers-benefit__icon\"><img decoding=\"async\" src=\"https:\/\/bas-ip.com\/wp-content\/uploads\/2025\/09\/hugeicons_global.svg\" alt=\"icon\"><\/div>\r\n                                            <h3>Daljinski pristup<\/h3>\r\n                                            <p>Radite s bilo kojeg mjesta u svijetu<\/p>\r\n                          <\/div>\r\n                      <div class=\"careers-benefit\">\r\n                              <div class=\"careers-benefit__icon\"><img decoding=\"async\" src=\"https:\/\/bas-ip.com\/wp-content\/uploads\/2025\/09\/iconoir_brain.svg\" alt=\"icon\"><\/div>\r\n                                            <h3>Inovativni proizvodi<\/h3>\r\n                                            <p>Vrhunska tehnologija na tr\u017ei\u0161tu sigurnosti<\/p>\r\n                          <\/div>\r\n                      <div class=\"careers-benefit\">\r\n                              <div class=\"careers-benefit__icon\"><img decoding=\"async\" src=\"https:\/\/bas-ip.com\/wp-content\/uploads\/2025\/09\/fluent_people-team-16-regular.svg\" alt=\"icon\"><\/div>\r\n                                            <h3>Globalni tim<\/h3>\r\n                                            <p>Sura\u0111ujte preko granica i vremenskih zona<\/p>\r\n                          <\/div>\r\n                      <div class=\"careers-benefit\">\r\n                              <div class=\"careers-benefit__icon\"><img decoding=\"async\" src=\"https:\/\/bas-ip.com\/wp-content\/uploads\/2025\/09\/tabler_rocket.svg\" alt=\"icon\"><\/div>\r\n                                            <h3>Vo\u0111en rastom<\/h3>\r\n                                            <p>Podr\u017eavamo va\u0161e u\u010denje i razvoj karijere<\/p>\r\n                          <\/div>\r\n                      <div class=\"careers-benefit\">\r\n                              <div class=\"careers-benefit__icon\"><img decoding=\"async\" src=\"https:\/\/bas-ip.com\/wp-content\/uploads\/2025\/09\/octicon_goal-24.svg\" alt=\"icon\"><\/div>\r\n                                            <h3>Rezultati iznad birokracije<\/h3>\r\n                                            <p>Cijenimo djelovanje i vlasni\u0161tvo<\/p>\r\n                          <\/div>\r\n                      <div class=\"careers-benefit\">\r\n                              <div class=\"careers-benefit__icon\"><img decoding=\"async\" src=\"https:\/\/bas-ip.com\/wp-content\/uploads\/2025\/09\/hugeicons_idea.svg\" alt=\"icon\"><\/div>\r\n                                            <h3>Tvoj glas je va\u017ean<\/h3>\r\n                                            <p>Inicijativa je dobrodo\u0161la i nagra\u0111ena<\/p>\r\n                          <\/div>\r\n                  <\/div>\r\n          <\/div>\r\n  <\/section>\r\n    <section class=\"careers-vision\">\r\n    <div class=\"careers-container careers-vision__grid\">\r\n      <div class=\"careers-vision__media\">\r\n                  <img decoding=\"async\" src=\"https:\/\/bas-ip.com\/wp-content\/uploads\/2025\/09\/vision.jpg\" alt=\"\" class=\"careers-vision__img careers-vision__img--single\">\r\n              <\/div>\r\n      <div class=\"careers-vision__text\">\r\n                  <h2 class=\"careers-section-title careers-section-title--left\">na\u0161a vizija<\/h2>\r\n                          <p>U <b>BAS-IP-u<\/b> su vam dostupne prilike za profesionalni razvoj, inspirativni projekti i globalni tim koji kreira budu\u0107nost pametne sigurnosti.<\/p>\n<p>Na\u0161 tim \u010dini <b>vi\u0161e od 60 zaposlenika<\/b> koji rade s razli\u010ditih lokacija \u0161irom svijeta \u2014 jer za talent ne postoje granice.<\/p>\n<p>Okupili smo profesionalce u podru\u010djima Istra\u017eivanja i razvoja (R&amp;D), Prodaje, Podr\u0161ke, Marketinga, Nabave i Logistike, Financija te Ljudskih resursa (HR). Na\u0161a <b>raznolikost<\/b> je na\u0161a klju\u010dna prednost.<\/p>\n<p>Podr\u017eavamo nove \u010dlanove tima, me\u0111usobno se inspiriramo, brzo donosimo odluke i visoko cijenimo inicijativu. Ovdje ne\u0107ete samo obavljati posao \u2014 vi \u0107ete <b>aktivno doprinositi<\/b>.<\/p>\n                          <a class=\"careers-btn careers-btn--primary\" href=\"https:\/\/bas-ip.com\/vacancies\/\">\r\n            radite s nama          <\/a>\r\n              <\/div>\r\n    <\/div>\r\n  <\/section>\r\n  <section class=\"careers-values\">\r\n    <div class=\"careers-container\">\r\n              <h2 class=\"careers-section-title\">Na\u0161e vrijednosti<\/h2>\r\n        <p>U BAS-IP-u, na\u0161a kultura izgra\u0111ena je na vi\u0161e od samih ciljeva \u2013 oblikovana je zajedni\u010dkim vrijednostima koje vode na\u0161 svakodnevni rad:<\/p>\r\n                    <div class=\"careers-values__grid\">\r\n                      <article class=\"careers-card\">\r\n                              <img decoding=\"async\" src=\"https:\/\/bas-ip.com\/wp-content\/uploads\/2025\/09\/honesty3.jpg\" alt=\"\">\r\n                            <div class=\"careers-card__body\">\r\n                                  <h3>Po\u0161tenje<\/h3>\r\n                                                  <p>Otvorenost i transparentnost u svemu \u0161to radimo<\/p>\r\n                              <\/div>\r\n            <\/article>\r\n                      <article class=\"careers-card\">\r\n                              <img decoding=\"async\" src=\"https:\/\/bas-ip.com\/wp-content\/uploads\/2025\/09\/optimism.jpg\" alt=\"\">\r\n                            <div class=\"careers-card__body\">\r\n                                  <h3>Optimizam<\/h3>\r\n                                                  <p>Vjerujemo u sebe i uspjeh na\u0161eg tima<\/p>\r\n                              <\/div>\r\n            <\/article>\r\n                      <article class=\"careers-card\">\r\n                              <img decoding=\"async\" src=\"https:\/\/bas-ip.com\/wp-content\/uploads\/2025\/09\/support2.jpg\" alt=\"\">\r\n                            <div class=\"careers-card__body\">\r\n                                  <h3>Podr\u0161ka<\/h3>\r\n                                                  <p>Pomaganje jedni drugima s ljubazno\u0161\u0107u i pa\u017enjom<\/p>\r\n                              <\/div>\r\n            <\/article>\r\n                      <article class=\"careers-card\">\r\n                              <img decoding=\"async\" src=\"https:\/\/bas-ip.com\/wp-content\/uploads\/2025\/09\/selfdev-1.jpg\" alt=\"\">\r\n                            <div class=\"careers-card__body\">\r\n                                  <h3>Samorazvoj<\/h3>\r\n                                                  <p>Uvijek te\u017eimo u\u010denju i rastu<\/p>\r\n                              <\/div>\r\n            <\/article>\r\n                  <\/div>\r\n          <\/div>\r\n  <\/section>\r\n    <section class=\"careers-banner\">\r\n    <div class=\"careers-banner__bg\" style=\"background-image:url(https:\/\/bas-ip.com\/wp-content\/uploads\/2025\/09\/careerbannerbg1-scaled.jpg)\"><\/div>\r\n    <div class=\"careers-container careers-banner__content\">\r\n              <p class=\"careers-banner__title\">MI NE GRADIMO SAMO TEHNOLOGIJU \u2014 <span>MI GRADIMO<br>\r\nTIM<\/span> KOJI ODRA\u017dAVA OVE VRIJEDNOSTI NA SVAKOM KORAKU.<\/p>\r\n          <\/div>\r\n  <\/section>\r\n\r\n  \r\n    <section id=\"open\" class=\"careers-open\">\r\n    <div class=\"careers-container careers-open__inner\">\r\n              <h2 class=\"careers-section-title\">Otvorene pozicije<\/h2>\r\n                    <p>Istra\u017eite na\u0161e trenutne otvorene pozicije i prijavite se izravno. Uvijek tra\u017eimo strastvene profesionalce koji \u0107e nam se pridru\u017eiti.<\/p>\r\n                    <a class=\"careers-btn careers-btn--primary\" href=\"https:\/\/bas-ip.com\/vacancies\/\">\r\n          radite s nama        <\/a>\r\n          <\/div>\r\n  <\/section><!-- END Block Career Hero -->","protected":false},"excerpt":{"rendered":"","protected":false},"author":2,"featured_media":0,"parent":0,"menu_order":0,"comment_status":"closed","ping_status":"closed","template":"","meta":{"inline_featured_image":false,"footnotes":""},"class_list":["post-145695","page","type-page","status-publish","hentry"],"acf":[],"_links":{"self":[{"href":"https:\/\/bas-ip.com\/hr\/wp-json\/wp\/v2\/pages\/145695","targetHints":{"allow":["GET"]}}],"collection":[{"href":"https:\/\/bas-ip.com\/hr\/wp-json\/wp\/v2\/pages"}],"about":[{"href":"https:\/\/bas-ip.com\/hr\/wp-json\/wp\/v2\/types\/page"}],"author":[{"embeddable":true,"href":"https:\/\/bas-ip.com\/hr\/wp-json\/wp\/v2\/users\/2"}],"replies":[{"embeddable":true,"href":"https:\/\/bas-ip.com\/hr\/wp-json\/wp\/v2\/comments?post=145695"}],"version-history":[{"count":3,"href":"https:\/\/bas-ip.com\/hr\/wp-json\/wp\/v2\/pages\/145695\/revisions"}],"predecessor-version":[{"id":145752,"href":"https:\/\/bas-ip.com\/hr\/wp-json\/wp\/v2\/pages\/145695\/revisions\/145752"}],"wp:attachment":[{"href":"https:\/\/bas-ip.com\/hr\/wp-json\/wp\/v2\/media?parent=145695"}],"curies":[{"name":"wp","href":"https:\/\/api.w.org\/{rel}","templated":true}]}}