{"id":140846,"date":"2025-06-03T12:48:57","date_gmt":"2025-06-03T12:48:57","guid":{"rendered":"https:\/\/bas-ip.com\/condo-control\/"},"modified":"2025-08-04T13:11:28","modified_gmt":"2025-08-04T13:11:28","slug":"condo-control","status":"publish","type":"page","link":"https:\/\/bas-ip.com\/hr\/condo-control\/","title":{"rendered":"Condo Control"},"content":{"rendered":"<h2><strong>BAS-IP i Condo Control objavljuju integraciju za pobolj\u0161anje \u017eivotnog iskustva u stambenim zgradama<\/strong><\/h2>\n\n<div class=\"wp-block-image\">\n<figure class=\"aligncenter size-large\"><img loading=\"lazy\" decoding=\"async\" width=\"1024\" height=\"235\" src=\"https:\/\/bas-ip.com\/wp-content\/uploads\/2025\/06\/Condo-Control-1024x235.png\" alt=\"\" class=\"wp-image-138764\" srcset=\"https:\/\/bas-ip.com\/wp-content\/uploads\/2025\/06\/Condo-Control-1024x235.png 1024w,  https:\/\/bas-ip.com\/wp-content\/uploads\/2025\/06\/Condo-Control-300x69.png 300w,  https:\/\/bas-ip.com\/wp-content\/uploads\/2025\/06\/Condo-Control-768x177.png 768w,  https:\/\/bas-ip.com\/wp-content\/uploads\/2025\/06\/Condo-Control-767x176.png 767w,  https:\/\/bas-ip.com\/wp-content\/uploads\/2025\/06\/Condo-Control.png 1266w\" sizes=\"auto, (max-width: 1024px) 100vw, 1024px\" \/><\/figure>\n<\/div>\n\n<p>BAS-IP, vode\u0107i proizvo\u0111a\u010d sustava IP interfona, i Condo Control, sveobuhvatna platforma koja digitalizira poslovanje za vi\u0161e od 2 milijuna stanara, danas su objavili strate\u0161ku integraciju. Ova suradnja stvara jedinstveni izvor istinitih podataka o stanarima, eliminiraju\u0107i duplicirane unose i omogu\u0107uju\u0107i besprijekornu sinkronizaciju podataka o stanarima izme\u0111u dva sustava. Time se osigurava nova razina prakti\u010dnosti i to\u010dnosti podataka za stanare i upravitelje nekretnina u Kanadi.<\/p>\n<p>Klju\u010dna zna\u010dajka ove integracije je sinkronizacija popisa stanara s platforme Condo Control s BAS-IP interfonima. Umjesto biranja brojeva stanova, posjetitelji sada mogu pretra\u017eivati abecedni pametni imenik, dodirnuti ime, a pozivna plo\u010da \u0107e prikazati telefonski imenik s imenima stanara, pru\u017eaju\u0107i intuitivniji i korisni\u010dki usmjeren pristup.<\/p>\n<p>Sustav Condo Control slu\u017ei kao primarno su\u010delje za administratore nekretnina, omogu\u0107uju\u0107i im jednostavno dodavanje, brisanje i a\u017euriranje zapisa o stanarima. Te se promjene automatski prenose u pametni imenik interfonskog sustava putem platforme za upravljanje BAS-IP Link, koja djeluje kao posrednik. BAS-IP Link tako\u0111er upravlja procesom pozivanja, osiguravaju\u0107i pouzdanu komunikaciju.<\/p>\n<p>Ovo pobolj\u0161anje implementirano je s obzirom na preferencije kanadskih stanara, koji su naviknuti primati pozive na svoje osobne mobilne brojeve umjesto na fiksni ure\u0111aj u stanu.<\/p>\n<p>&#8220;Na\u0161a je misija digitalizirati i pojednostaviti poslovanje zajednica,&#8221; rekao je Brian Bosscher, iz Condo Controla. &#8220;Partnerstvo s BAS-IP-om omogu\u0107uje upraviteljima da a\u017euriraju podatke samo jednom i daje stanarima jednostavan pristup putem mobitela kakav o\u010dekuju.&#8221;<\/p>\n<p><strong><u>Glavne prednosti:<\/u><\/strong><\/p>\n<ul>\n<li><b>Bez dvostrukog unosa<\/b> \u2013 podaci o stanarima automatski se prenose.<\/li>\n<li><b>Pozivi uvijek sti\u017eu pravoj osobi<\/b> \u2013 manje povratnih poziva iz predvorja.<\/li>\n<li><b>Iskustvo usmjereno na mobilne ure\u0111aje<\/b> \u2013 stanari mogu odgovoriti s bilo kojeg mobilnog telefona.<\/li>\n<li><b>Uvijek a\u017eurno:<\/b> brojevi telefona i podaci o useljenju\/iseljenju sinkroniziraju se trenutno.<\/li>\n<\/ul>\n<p><strong><u>Proces pozivanja pobolj\u0161an je za maksimalnu fleksibilnost:<\/u><\/strong><\/p>\n<ul>\n<li><b>Izravno pozivanje stanara:<\/b> Posjetitelji mogu nazvati odre\u0111enog stanara na njegov osobni telefonski broj ili putem mobilne aplikacije BAS-IP Link odabirom njegovog imena iz pametnog imenika ili biranjem odre\u0111enog koda.<\/li>\n<li><b>Pozivanje stana:<\/b> Tradicionalna opcija istovremenog pozivanja svih stanara u stanu i dalje je dostupna.<\/li>\n<li><b>Hibridni model:<\/b> Obje opcije mogu se istodobno koristiti na jednom pozivnom ure\u0111aju.<\/li>\n<\/ul>\n<p><strong><u>Kako integracija funkcionira:<\/u><\/strong><\/p>\n<ul>\n<li><b>Registracija:<\/b> Administrator registrira stanara u sustavu Condo Control i dodaje njegove kontakt podatke.<\/li>\n<li><b>Sinkronizacija:<\/b> BAS-IP Link poslu\u017eitelj automatski \u0161alje podatke o stanaru u pametni imenik na pozivnoj plo\u010di.<\/li>\n<li><b>Poziv:<\/b> Kurir ili gost odabire stanara po imenu ili bira njegov kod.<\/li>\n<li><b>Odgovor:<\/b> Stanar odgovara na poziv s panela na svom osobnom mobilnom broju (putem povezanog Twilio SIP trunka) ili u aplikaciji BAS-IP Link.<\/li>\n<li><b>Pristup:<\/b> Stanar mo\u017ee daljinski otvoriti vrata.<\/li>\n<\/ul>\n<p>Integracija tako\u0111er osigurava automatsko a\u017euriranje podataka. Sve promjene telefonskog broja stanara, brisanje korisnika ili sesija mobilne aplikacije u sustavu Condo Control odmah se odra\u017eavaju u shemi proslje\u0111ivanja BAS-IP Linka, jam\u010de\u0107i da su kontakt podaci uvijek a\u017eurni.<\/p>\n<p>Ova integracija predstavlja zna\u010dajan korak naprijed u stvaranju pametnijih i prakti\u010dnijih \u017eivotnih prostora. Kombiniraju\u0107i vrhunsku BAS-IP IP interfonsku tehnologiju s mo\u0107nim mogu\u0107nostima upravljanja nekretninama Condo Controla, tvrtke isporu\u010duju rje\u0161enje koje zadovoljava moderne potrebe stanara i pojednostavljuje radni tijek za administratore.<\/p>\n\n<!-- START Block Sign Up --><section id=\"block_629678229e935\" class=\"sign-up-section\">\r\n\r\n    <div class=\"form-holder js-form\" data-aos=\"fade-right\">\r\n                    <div class=\"title-block h3\">Sign up for connection<\/div>\r\n        \r\n                    <div class=\"text-block\">\r\n                Filling out all the information needed to answer you as quickly as possible            <\/div>\r\n        \r\n                    \n<div class=\"wpcf7 no-js\" id=\"wpcf7-f102-o1\" lang=\"en-US\" dir=\"ltr\">\n<div class=\"screen-reader-response\"><p role=\"status\" aria-live=\"polite\" aria-atomic=\"true\"><\/p> <ul><\/ul><\/div>\n<form action=\"\/hr\/wp-json\/wp\/v2\/pages\/140846#wpcf7-f102-o1\" method=\"post\" class=\"wpcf7-form init\" aria-label=\"Contact form\" enctype=\"multipart\/form-data\" novalidate=\"novalidate\" data-status=\"init\">\n<div style=\"display: none;\">\n<input type=\"hidden\" name=\"_wpcf7\" value=\"102\" \/>\n<input type=\"hidden\" name=\"_wpcf7_version\" value=\"5.8.3\" \/>\n<input type=\"hidden\" name=\"_wpcf7_locale\" value=\"en_US\" \/>\n<input type=\"hidden\" name=\"_wpcf7_unit_tag\" value=\"wpcf7-f102-o1\" \/>\n<input type=\"hidden\" name=\"_wpcf7_container_post\" value=\"0\" \/>\n<input type=\"hidden\" name=\"_wpcf7_posted_data_hash\" value=\"\" \/>\n<input type=\"hidden\" name=\"_wpcf7_recaptcha_response\" value=\"\" \/>\n<\/div>\n<div class=\"row\"> \n <label><span class=\"label-text\">Name<\/span> \n  <span class=\"wpcf7-form-control-wrap\" data-name=\"text-full-name\"><input size=\"40\" class=\"wpcf7-form-control wpcf7-text wpcf7-validates-as-required\" aria-required=\"true\" aria-invalid=\"false\" placeholder=\"Name\" value=\"\" type=\"text\" name=\"text-full-name\" \/><\/span><\/label> \n<\/div> \n<div class=\"row\"> \n <label><span class=\"label-text\">Phone*<\/span> \n<span class=\"wpcf7-form-control-wrap\" data-name=\"phonetext-270\"><input size=\"40\" class=\"wpcf7-form-control wpcf7-phonetext wpcf7-validates-as-required wpcf7-text wpcf7-validates-as-phonetext\" aria-required=\"true\" aria-invalid=\"false\" placeholder=\"Phone*\" value=\"\" type=\"text\" name=\"phonetext-270\" \/><input type=\"hidden\" name=\"phonetext-270-country-code\" class=\"wpcf7-phonetext-country-code\" \/><\/span><\/label> \n<\/div> \n<div class=\"row\"> \n <label><span class=\"label-text\">E-mail<\/span> \n  <span class=\"wpcf7-form-control-wrap\" data-name=\"email-e-mail\"><input size=\"40\" class=\"wpcf7-form-control wpcf7-email wpcf7-validates-as-required wpcf7-text wpcf7-validates-as-email\" aria-required=\"true\" aria-invalid=\"false\" placeholder=\"E-mail\" value=\"\" type=\"email\" name=\"email-e-mail\" \/><\/span><\/label> \n<\/div> \n<div class=\"row\"><span>Your country<\/span> \n <label><span class=\"wpcf7-form-control-wrap\" data-name=\"countrytext-126\"><input size=\"40\" class=\"wpcf7-form-control wpcf7-countrytext wpcf7-text wpcf7-validates-as-countrytext\" aria-invalid=\"false\" value=\"\" type=\"text\" name=\"countrytext-126\" \/><\/span> <\/label>\n<\/div> \n<div class=\"row\"> \n <button type=\"submit\" class=\"btn\">Send<\/button> \n<\/div> \n<div class=\"row\"> \n <span class=\"wpcf7-form-control-wrap\" data-name=\"checkbox-931\"><span class=\"wpcf7-form-control wpcf7-checkbox\"><span class=\"wpcf7-list-item first\"><label><input type=\"checkbox\" name=\"checkbox-931[]\" value=\"Integrator\" \/><span class=\"wpcf7-list-item-label\">Integrator<\/span><\/label><\/span><span class=\"wpcf7-list-item\"><label><input type=\"checkbox\" name=\"checkbox-931[]\" value=\"Builder\" \/><span class=\"wpcf7-list-item-label\">Builder<\/span><\/label><\/span><span class=\"wpcf7-list-item last\"><label><input type=\"checkbox\" name=\"checkbox-931[]\" value=\"End-User\" \/><span class=\"wpcf7-list-item-label\">End-User<\/span><\/label><\/span><\/span><\/span> \n<\/div> \n<div class=\"row row-upload-file\"> \n <label class=\"upload-file-block js-upload-file\">Attach file \n  <span class=\"wpcf7-form-control-wrap\" data-name=\"file-466\"><input size=\"40\" class=\"wpcf7-form-control wpcf7-file\" accept=\"audio\/*,video\/*,image\/*\" aria-invalid=\"false\" type=\"file\" name=\"file-466\" \/><\/span><\/label> \n<\/div><input type='hidden' class='wpcf7-pum' value='{\"closepopup\":false,\"closedelay\":0,\"openpopup\":false,\"openpopup_id\":0}' \/><div class=\"wpcf7-response-output\" aria-hidden=\"true\"><\/div>\n<\/form>\n<\/div>\n            <\/div>\r\n\r\n\t\t    <div class=\"text-holder\" data-aos=\"fade-left\">\r\n\t\t\t\t\t\t    <h3 class=\"title-block\">How Can We Help?<\/h3>\r\n\t\t\t\r\n\t\t\t                <div class=\"text-block\">\r\n                    Please select a topic below related to your inquiry. If you don&#8217;t find what you need, fill out our contact form.                <\/div>\r\n\t\t\t\r\n\t\t\t\t\t\t    <ul class=\"link-list\">\r\n\t\t\t\t\t\t\t\t\t\t\t\t\t\t\t\t\t\t<li>\r\n\t\t\t\t\t\t\t\t\t\t\t\t\t\t\t\t    <strong>Get Inspired<\/strong>\r\n\t\t\t\t\t\t\t\t\t\t\t\t\t\t\t\t\t\t\t\t\t\t\t\t    <a href=\"\/features\/\">\r\n\t\t\t\t\t\t\t\t        Discover what&#8217;s beneath our intercom\t\t\t\t\t\t\t\t    <\/a>\r\n\t\t\t\t\t\t\t\t\t\t\t\t\t\t\t<\/li>\r\n\t\t\t\t\t\t\t\t\t\t\t\t\t\t\t\t\t\t\t\t\t\t\t\t<li>\r\n\t\t\t\t\t\t\t\t\t\t\t\t\t\t\t\t    <strong>Become a Partner<\/strong>\r\n\t\t\t\t\t\t\t\t\t\t\t\t\t\t\t\t\t\t\t\t\t\t\t\t    <a href=\"\/distributors\/\">\r\n\t\t\t\t\t\t\t\t        Expand your business with BAS-IP intercom\t\t\t\t\t\t\t\t    <\/a>\r\n\t\t\t\t\t\t\t\t\t\t\t\t\t\t\t<\/li>\r\n\t\t\t\t\t\t\t\t\t\t\t\t\t\t\t\t\t\t\t\t\t\t\t\t<li>\r\n\t\t\t\t\t\t\t\t\t\t\t\t\t\t\t\t    <strong>Check the Guides<\/strong>\r\n\t\t\t\t\t\t\t\t\t\t\t\t\t\t\t\t\t\t\t\t\t\t\t\t    <a href=\"\/support\/\">\r\n\t\t\t\t\t\t\t\t        Download detailed manuals and schemes\t\t\t\t\t\t\t\t    <\/a>\r\n\t\t\t\t\t\t\t\t\t\t\t\t\t\t\t<\/li>\r\n\t\t\t\t\t\t\t\t\t\t\t\t\t\t\t<\/ul>\r\n\t\t\t\r\n\t\t\t\t\t\t    <h3 class=\"title-block\">Our contacts<\/h3>\r\n\t\t\t\r\n\t\t\t\t\t\t\t<ul class=\"contact-list\">\r\n\t\t\t\t\t\t\t\t\t\t\t\t\t\t\t\t\t\t<li>\r\n\t\t\t\t\t\t\t\t\t\t\t\t\t\t\t\t\t<strong>Sales:<\/strong>\r\n\t\t\t\t\t\t\t\t\t\t\t\t\t\t\t\t\t\t\t\t\t\t\t\t    <a href=\"mailto:sal&#101;s&#64;b&#97;&#115;-i&#112;.c&#111;m\">&#115;&#97;l&#101;&#115;&#64;b&#97;&#115;&#45;&#105;p.&#99;&#111;m<\/a>\r\n\t\t\t\t\t\t\t\t\t\t\t\t\t\t\t<\/li>\r\n\t\t\t\t\t\t\t\t\t\t\t\t\t\t\t\t\t\t\t\t\t\t\t\t<li>\r\n\t\t\t\t\t\t\t\t\t\t\t\t\t\t\t\t\t<strong>Technical support:<\/strong>\r\n\t\t\t\t\t\t\t\t\t\t\t\t\t\t\t\t\t\t\t\t\t\t\t\t    <a href=\"mailto:su&#112;p&#111;&#114;&#116;&#64;b&#97;&#115;-i&#112;.com\">sup&#112;o&#114;t&#64;&#98;&#97;s&#45;ip&#46;&#99;&#111;m<\/a>\r\n\t\t\t\t\t\t\t\t\t\t\t\t\t\t\t<\/li>\r\n\t\t\t\t\t\t\t\t\t\t\t\t\t\t\t<\/ul>\r\n\t\t\t\t\t<\/div>\r\n\t<\/section>\r\n\r\n\r\n\r\n<!-- END Block Sign Up -->","protected":false},"excerpt":{"rendered":"<p>BAS-IP i Condo Control objavljuju integraciju za pobolj\u0161anje \u017eivotnog iskustva u stambenim zgradama BAS-IP, vode\u0107i proizvo\u0111a\u010d sustava IP interfona, i Condo Control, sveobuhvatna platforma koja digitalizira poslovanje za vi\u0161e od 2 milijuna stanara, danas su objavili strate\u0161ku integraciju. Ova suradnja stvara jedinstveni izvor istinitih podataka o stanarima, eliminiraju\u0107i duplicirane unose i omogu\u0107uju\u0107i besprijekornu sinkronizaciju podataka [&hellip;]<\/p>","protected":false},"author":1,"featured_media":0,"parent":0,"menu_order":0,"comment_status":"closed","ping_status":"closed","template":"page-custom-breadcrumbs.php","meta":{"inline_featured_image":false,"footnotes":""},"class_list":["post-140846","page","type-page","status-publish","hentry"],"acf":[],"_links":{"self":[{"href":"https:\/\/bas-ip.com\/hr\/wp-json\/wp\/v2\/pages\/140846","targetHints":{"allow":["GET"]}}],"collection":[{"href":"https:\/\/bas-ip.com\/hr\/wp-json\/wp\/v2\/pages"}],"about":[{"href":"https:\/\/bas-ip.com\/hr\/wp-json\/wp\/v2\/types\/page"}],"author":[{"embeddable":true,"href":"https:\/\/bas-ip.com\/hr\/wp-json\/wp\/v2\/users\/1"}],"replies":[{"embeddable":true,"href":"https:\/\/bas-ip.com\/hr\/wp-json\/wp\/v2\/comments?post=140846"}],"version-history":[{"count":2,"href":"https:\/\/bas-ip.com\/hr\/wp-json\/wp\/v2\/pages\/140846\/revisions"}],"predecessor-version":[{"id":140881,"href":"https:\/\/bas-ip.com\/hr\/wp-json\/wp\/v2\/pages\/140846\/revisions\/140881"}],"wp:attachment":[{"href":"https:\/\/bas-ip.com\/hr\/wp-json\/wp\/v2\/media?parent=140846"}],"curies":[{"name":"wp","href":"https:\/\/api.w.org\/{rel}","templated":true}]}}