{"id":133930,"date":"2023-03-27T09:32:04","date_gmt":"2023-03-27T09:32:04","guid":{"rendered":"https:\/\/bas-ip.com\/medical\/"},"modified":"2025-03-20T10:46:59","modified_gmt":"2025-03-20T10:46:59","slug":"medical","status":"publish","type":"page","link":"https:\/\/bas-ip.com\/hr\/medical\/","title":{"rendered":"Za bolnice \/ medicinske ustanove"},"content":{"rendered":"<h1 class=\"wp-block-heading\"><strong>Bolni\u010dki interkom sustav BAS-IP &#8211; Pove\u0107ajte brigu o pacijentima<\/strong><\/h1>\n\n\n\n<p>Medicina se kontinuirano razvija kako bi pacijentima pru\u017eila najbolju mogu\u0107u njegu. Budu\u0107i da komunikacija igra klju\u010dnu ulogu u pru\u017eanju u\u010dinkovitih i sigurnih medicinskih usluga, nadogradnja na moderni bolni\u010dki interkom sustav postaje nu\u017ena. Inovativni medicinski interkom sustavi BAS-IP, dizajnirani posebno za \u010diste sobe i medicinske ustanove, donose neusporedivu udobnost i pouzdanost zdravstvenim stru\u010dnjacima i njihovim pacijentima. U ovom \u010dlanku istra\u017eujemo zna\u010dajke i prednosti bolni\u010dkog interkoma BAS-IP-a i kako on mo\u017ee revolucionirati na\u010din na koji medicinske ustanove rade.<\/p>\n\n\n\n<h2 class=\"wp-block-heading\"><strong>Snaga bolni\u010dkog interkoma BAS-IP-a<\/strong><\/h2>\n\n\n<!-- START Block Features --><section id=\"block_64304f018b5e4\" class=\"features-section\">\r\n\t\r\n    <div class=\"features-list\">\r\n                    <div class=\"features-item\" data-aos=\"fade-up\">\r\n    <div class=\"features-box\">\r\n                    <div class=\"image-holder\">\r\n                <img loading=\"lazy\" decoding=\"async\" width=\"350\" height=\"320\" src=\"https:\/\/bas-ip.com\/wp-content\/uploads\/2023\/04\/1-2-350x320.jpg\" class=\"attachment-thumbnail_350x320 size-thumbnail_350x320\" alt=\"\" \/>            <\/div>\r\n        \r\n        <div class=\"text-holder\">\r\n                        <h3 class=\"title-block\">Besprijekorna integracija s IP lokalnim mre\u017eama<\/h3>\r\n          \r\n                        <div class=\"text-block\">\r\n                <p>Jedna od zna\u010dajnih prednosti medicinskih interkom sustava BAS-IP je njihova sposobnost besprijekornog rada unutar iste IP lokalne mre\u017ee. Ova kompatibilnost osigurava nesmetanu komunikaciju izme\u0111u razli\u010ditih interkom ure\u0111aja, smanjuju\u0107i ka\u0161njenje i pobolj\u0161avaju\u0107i ukupnu u\u010dinkovitost.<\/p>\n              <\/div>\r\n                  <\/div>\r\n    <\/div>\r\n<\/div>\r\n                    <div class=\"features-item\" data-aos=\"fade-up\">\r\n    <div class=\"features-box\">\r\n                    <div class=\"image-holder\">\r\n                <img loading=\"lazy\" decoding=\"async\" width=\"350\" height=\"320\" src=\"https:\/\/bas-ip.com\/wp-content\/uploads\/2023\/04\/2-2-350x320.jpg\" class=\"attachment-thumbnail_350x320 size-thumbnail_350x320\" alt=\"\" \/>            <\/div>\r\n        \r\n        <div class=\"text-holder\">\r\n                        <h3 class=\"title-block\">Napredne zna\u010dajke za pobolj\u0161anu komunikaciju<\/h3>\r\n          \r\n                        <div class=\"text-block\">\r\n                <p>BAS-IP nudi \u0161irok raspon jedinstvenih zna\u010dajki za svoj bolni\u010dki interkom sustav, \u010dime se izdvaja od konkurencije. Neke od tih zna\u010dajki uklju\u010duju HD video pozive, kontrolu pristupa i kompatibilnost s razli\u010ditim IP ure\u0111ajima, \u010dime se osigurava pojednostavljena komunikacija i pove\u0107ana sigurnost za medicinske ustanove.<\/p>\n              <\/div>\r\n                  <\/div>\r\n    <\/div>\r\n<\/div>\r\n                    <div class=\"features-item\" data-aos=\"fade-up\">\r\n    <div class=\"features-box\">\r\n                    <div class=\"image-holder\">\r\n                <img loading=\"lazy\" decoding=\"async\" width=\"350\" height=\"320\" src=\"https:\/\/bas-ip.com\/wp-content\/uploads\/2023\/04\/3-2-350x320.jpg\" class=\"attachment-thumbnail_350x320 size-thumbnail_350x320\" alt=\"\" \/>            <\/div>\r\n        \r\n        <div class=\"text-holder\">\r\n                        <h3 class=\"title-block\">Mogu\u0107nosti interkoma \u010diste sobe<\/h3>\r\n          \r\n                        <div class=\"text-block\">\r\n                <p>\u010ciste sobe zahtijevaju stroge higijenske standarde, a bolni\u010dki interkom sustav BAS-IP dizajniran je da zadovolji te zahtjeve. Interkom za \u010diste sobe osigurava da komunikacija izme\u0111u zdravstvenih stru\u010dnjaka ostane nesmetana, bez ugro\u017eavanja sterilnosti i sigurnosti tih specijaliziranih prostora.<\/p>\n              <\/div>\r\n                  <\/div>\r\n    <\/div>\r\n<\/div>\r\n            <\/div>\r\n<\/section>\r\n<!-- END Block Features -->\n\n\n<h2 class=\"wp-block-heading\"><strong>BAS-IP-ove visokokvalitetne hardverske komponente<\/strong><\/h2>\n\n\n<!-- START Block Features --><section id=\"block_64304f888b5e8\" class=\"features-section\">\r\n\t\r\n    <div class=\"features-list\">\r\n                    <div class=\"features-item\" data-aos=\"fade-up\">\r\n    <div class=\"features-box\">\r\n                    <div class=\"image-holder\">\r\n                <img loading=\"lazy\" decoding=\"async\" width=\"350\" height=\"320\" src=\"https:\/\/bas-ip.com\/wp-content\/uploads\/2023\/04\/4-2-350x320.jpg\" class=\"attachment-thumbnail_350x320 size-thumbnail_350x320\" alt=\"\" \/>            <\/div>\r\n        \r\n        <div class=\"text-holder\">\r\n                        <h3 class=\"title-block\">AV-04AFD \u2013 Ultimativni interkom ure\u0111aj<\/h3>\r\n          \r\n                        <div class=\"text-block\">\r\n                <p>AV-04AFD je svestran interkom ure\u0111aj dizajniran za pru\u017eanje vrhunskih performansi u medicinskim ustanovama. Sa svojim HD audio pozivima, integracijom kontrole pristupa i kompatibilno\u0161\u0107u s razli\u010ditim IP ure\u0111ajima, nudi neusporedive zna\u010dajke komunikacije i sigurnosti u elegantnom i modernom dizajnu.<\/p>\n              <\/div>\r\n                  <\/div>\r\n    <\/div>\r\n<\/div>\r\n                    <div class=\"features-item\" data-aos=\"fade-up\">\r\n    <div class=\"features-box\">\r\n                    <div class=\"image-holder\">\r\n                <img loading=\"lazy\" decoding=\"async\" width=\"350\" height=\"320\" src=\"https:\/\/bas-ip.com\/wp-content\/uploads\/2023\/04\/5-3-350x320.jpg\" class=\"attachment-thumbnail_350x320 size-thumbnail_350x320\" alt=\"\" \/>            <\/div>\r\n        \r\n        <div class=\"text-holder\">\r\n                        <h3 class=\"title-block\">AM-02 \u2013 U\u010dinkovit terminal Consierge<\/h3>\r\n          \r\n                        <div class=\"text-block\">\r\n                <p>AM-02 konzijerski terminal osigurava jasnu i pouzdanu komunikaciju izme\u0111u zdravstvenih stru\u010dnjaka. Ovaj ure\u0111aj jednostavan za instalaciju mo\u017ee se besprijekorno integrirati u bolni\u010dki interkom sustav, pru\u017eaju\u0107i u\u010dinkovito i isplativo rje\u0161enje za medicinske ustanove.<\/p>\n              <\/div>\r\n                  <\/div>\r\n    <\/div>\r\n<\/div>\r\n                    <div class=\"features-item\" data-aos=\"fade-up\">\r\n    <div class=\"features-box\">\r\n                    <div class=\"image-holder\">\r\n                <img loading=\"lazy\" decoding=\"async\" width=\"350\" height=\"320\" src=\"https:\/\/bas-ip.com\/wp-content\/uploads\/2023\/04\/6-2-350x320.jpg\" class=\"attachment-thumbnail_350x320 size-thumbnail_350x320\" alt=\"\" \/>            <\/div>\r\n        \r\n        <div class=\"text-holder\">\r\n                        <h3 class=\"title-block\">SH-31TM &#8211; Modul temperature ulazne plo\u010de<\/h3>\r\n          \r\n                        <div class=\"text-block\">\r\n                <p>Modul za temperaturu vrata s mjerenjem temperature na zglobu bez kontakta klju\u010dni je dio bolni\u010dkog interkom sustava. Ovaj inovativni ure\u0111aj kombinira funkcije kontrole pristupa i zdravstvene provjere kako bi osigurao sigurno i za\u0161ti\u0107eno okru\u017eenje za pacijente i osoblje u zdravstvenim ustanovama.<\/p>\n              <\/div>\r\n                  <\/div>\r\n    <\/div>\r\n<\/div>\r\n            <\/div>\r\n<\/section>\r\n<!-- END Block Features -->\n\n<!-- START Block FAQ --><section id=\"block_642163c6f4e28\" class=\"faq-section\">\r\n\t\t    <h2 class=\"title-section\" data-aos=\"fade-right\">\u010cesto postavljana pitanja (FAQ)<\/h2>\r\n\t\t\t    <div class=\"faq-list js-accordion\" data-aos=\"fade-up\">\r\n\t\t\t\t\t\t\t\t\t\t\t    <div class=\"accordion-item faq-item\">\r\n                        <div class=\"accordion-opener\">\r\n                            Q: Kako BAS-IP-ov bolni\u010dki interkom sustav pobolj\u0161ava u\u010dinkovitost u medicinskim ustanovama?                            <i class=\"fa-solid fa-chevron-down\"><\/i>\r\n                        <\/div>\r\n                        <div class=\"accordion-slide\">\r\n\t\t\t\t\t\t    <p>Bolni\u010dki interkom sustav BAS-IP omogu\u0107ava zdravstvenim stru\u010dnjacima besprijekornu i sigurnu komunikaciju, \u010dime se pove\u0107ava ukupna u\u010dinkovitost. Integriranjem naprednih zna\u010dajki poput HD audio i video poziva, kontrole pristupa i kompatibilnosti s razli\u010ditim IP ure\u0111ajima, sustav pojednostavljuje komunikaciju i smanjuje vrijeme odgovora u kriti\u010dnim situacijama.<\/p>\n                        <\/div>\r\n\t\t\t\t\t<\/div>\r\n\t\t\t\t\t\t\t\t\t\t\t\t\t\t\t    <div class=\"accordion-item faq-item\">\r\n                        <div class=\"accordion-opener\">\r\n                            Q: Mo\u017ee li se BAS-IP bolni\u010dki interkom sustav prilagoditi zahtjevima odre\u0111ene medicinske ustanove?                            <i class=\"fa-solid fa-chevron-down\"><\/i>\r\n                        <\/div>\r\n                        <div class=\"accordion-slide\">\r\n\t\t\t\t\t\t    <p>Da, bolni\u010dki interkom sustav BAS-IP mo\u017ee se prilagoditi specifi\u010dnim potrebama medicinske ustanove. Njegova kompatibilnost s razli\u010ditim IP ure\u0111ajima i besprijekorna integracija s IP lokalnim mre\u017eama osiguravaju da se sustav mo\u017ee prilagoditi kako bi pru\u017eio naju\u010dinkovitije i najsvrsishodnije komunikacijsko rje\u0161enje za va\u0161u ustanovu.<\/p>\n                        <\/div>\r\n\t\t\t\t\t<\/div>\r\n\t\t\t\t\t\t\t\t\t\t\t\t\t\t\t    <div class=\"accordion-item faq-item\">\r\n                        <div class=\"accordion-opener\">\r\n                            Q: \u0160to \u010dini BAS-IP interkom za \u010diste sobe prikladnim za sterilna okru\u017eenja?                            <i class=\"fa-solid fa-chevron-down\"><\/i>\r\n                        <\/div>\r\n                        <div class=\"accordion-slide\">\r\n\t\t\t\t\t\t    <p>Interkom za \u010diste sobe BAS-IP dizajniran je kako bi zadovoljio stroge higijenske standarde koji su potrebni u sterilnim okru\u017eenjima. Sustav osigurava nesmetanu komunikaciju bez ugro\u017eavanja sterilnosti i sigurnosti \u010distih soba, \u0161to ga \u010dini idealnim izborom za medicinske ustanove s visokim zahtjevima za higijenu.<\/p>\n                        <\/div>\r\n\t\t\t\t\t<\/div>\r\n\t\t\t\t\t\t\t\t\t\t\t\t\t\t\t    <div class=\"accordion-item faq-item\">\r\n                        <div class=\"accordion-opener\">\r\n                            Q: Koliko je jednostavno instalirati i odr\u017eavati BAS-IP bolni\u010dki interkom sustav?                            <i class=\"fa-solid fa-chevron-down\"><\/i>\r\n                        <\/div>\r\n                        <div class=\"accordion-slide\">\r\n\t\t\t\t\t\t    <p>Bolni\u010dki interkom sustav BAS-IP dizajniran je za jednostavnu instalaciju i odr\u017eavanje. Besprijekorna integracija sustava s IP lokalnim mre\u017eama pojednostavljuje proces instalacije, dok njegovi visokokvalitetni hardverski dijelovi, poput AV-04AFD i AM-02, osiguravaju pouzdanost i dugovje\u010dnost za dugoro\u010dnu uporabu.<\/p>\n                        <\/div>\r\n\t\t\t\t\t<\/div>\r\n\t\t\t\t\t\t\t\t\t<\/div>\r\n\t<\/section>\r\n<!-- END Block FAQ -->\n\n\n<p>Bolni\u010dki interkom sustav BAS-IP nudi napredno komunikacijsko rje\u0161enje za medicinske ustanove, pobolj\u0161avaju\u0107i u\u010dinkovitost, sigurnost i higijenu. Nadogradite na bolni\u010dki interkom sustav BAS-IP ve\u0107 danas i do\u017eivite razliku u komunikaciji i operacijama va\u0161e zdravstvene ustanove.<\/p>","protected":false},"excerpt":{"rendered":"<p>Bolni\u010dki interkom sustav BAS-IP &#8211; Pove\u0107ajte brigu o pacijentima Medicina se kontinuirano razvija kako bi pacijentima pru\u017eila najbolju mogu\u0107u njegu. Budu\u0107i da komunikacija igra klju\u010dnu ulogu u pru\u017eanju u\u010dinkovitih i sigurnih medicinskih usluga, nadogradnja na moderni bolni\u010dki interkom sustav postaje nu\u017ena. Inovativni medicinski interkom sustavi BAS-IP, dizajnirani posebno za \u010diste sobe i medicinske ustanove, donose [&hellip;]<\/p>","protected":false},"author":1,"featured_media":0,"parent":0,"menu_order":0,"comment_status":"closed","ping_status":"closed","template":"","meta":{"inline_featured_image":false,"footnotes":""},"class_list":["post-133930","page","type-page","status-publish","hentry"],"acf":[],"_links":{"self":[{"href":"https:\/\/bas-ip.com\/hr\/wp-json\/wp\/v2\/pages\/133930","targetHints":{"allow":["GET"]}}],"collection":[{"href":"https:\/\/bas-ip.com\/hr\/wp-json\/wp\/v2\/pages"}],"about":[{"href":"https:\/\/bas-ip.com\/hr\/wp-json\/wp\/v2\/types\/page"}],"author":[{"embeddable":true,"href":"https:\/\/bas-ip.com\/hr\/wp-json\/wp\/v2\/users\/1"}],"replies":[{"embeddable":true,"href":"https:\/\/bas-ip.com\/hr\/wp-json\/wp\/v2\/comments?post=133930"}],"version-history":[{"count":4,"href":"https:\/\/bas-ip.com\/hr\/wp-json\/wp\/v2\/pages\/133930\/revisions"}],"predecessor-version":[{"id":133990,"href":"https:\/\/bas-ip.com\/hr\/wp-json\/wp\/v2\/pages\/133930\/revisions\/133990"}],"wp:attachment":[{"href":"https:\/\/bas-ip.com\/hr\/wp-json\/wp\/v2\/media?parent=133930"}],"curies":[{"name":"wp","href":"https:\/\/api.w.org\/{rel}","templated":true}]}}