{"id":133745,"date":"2023-03-27T16:07:41","date_gmt":"2023-03-27T16:07:41","guid":{"rendered":"https:\/\/bas-ip.com\/gates\/"},"modified":"2025-03-17T11:16:08","modified_gmt":"2025-03-17T11:16:08","slug":"gates","status":"publish","type":"page","link":"https:\/\/bas-ip.com\/hr\/gates\/","title":{"rendered":"Vrata"},"content":{"rendered":"<h1 class=\"wp-block-heading\"><strong>Portafonski sustav: pobolj\u0161ajte svoju sigurnost<\/strong><\/h1>\n\n\n\n<p>Dobrodo\u0161li u budu\u0107nost upravljanja pristupom nekretninama, gdje se udobnost, sigurnost i najnovija tehnologija spajaju. Uz BAS-IP sustav interkomova za vrata, mo\u017eete iskusiti neusporedivu kontrolu nad pristupnim to\u010dkama va\u0161e nekretnine. Bilo da se radi o stambenoj ku\u0107i, stambenom kompleksu ili komercijalnoj zgradi, na\u0161i sustavi interkoma za vrata nude jedinstvene zna\u010dajke koje zadovoljavaju va\u0161e svakodnevne potrebe. Prou\u010dit \u0107emo klju\u010dne zna\u010dajke i prednosti BAS-IP interkoma za vrata, pru\u017eaju\u0107i vam sve informacije koje su vam potrebne za dono\u0161enje informirane odluke.<\/p>\n\n\n\n<h2 class=\"wp-block-heading\"><strong>Za\u0161to odabrati BAS-IP portafonski sustav?<\/strong><\/h2>\n\n\n\n<p>BAS-IP sustavi interkoma za vrata nude obilje zna\u010dajki koje ih izdvajaju od tradicionalnih interkoma za vrata. Evo nekih od glavnih prednosti odabira BAS-IP sustava interkoma za ulazna vrata:<\/p>\n\n\n<!-- START Block Features --><section id=\"block_6430528dc3f3e\" class=\"features-section\">\r\n\t\r\n    <div class=\"features-list\">\r\n                    <div class=\"features-item\" data-aos=\"fade-up\">\r\n    <div class=\"features-box\">\r\n                    <div class=\"image-holder\">\r\n                <img loading=\"lazy\" decoding=\"async\" width=\"350\" height=\"320\" src=\"https:\/\/bas-ip.com\/wp-content\/uploads\/2023\/04\/1-3-350x320.jpg\" class=\"attachment-thumbnail_350x320 size-thumbnail_350x320\" alt=\"\" \/>            <\/div>\r\n        \r\n        <div class=\"text-holder\">\r\n                        <h3 class=\"title-block\">Besprijekorna integracija unutar IP lokalne mre\u017ee<\/h3>\r\n          \r\n                        <div class=\"text-block\">\r\n                <p>BAS-IP sustavi interkoma za vrata dizajnirani su za glatko djelovanje unutar iste IP lokalne mre\u017ee, \u010dime se osigurava jednostavna instalacija i konfiguracija. Ova besprijekorna integracija omogu\u0107uje vam da bez napora uklju\u010dite svoj sustav interkoma u postoje\u0107u mre\u017enu infrastrukturu, minimiziraju\u0107i probleme s kompatibilno\u0161\u0107u i smanjuju\u0107i slo\u017eenost.<\/p>\n              <\/div>\r\n                  <\/div>\r\n    <\/div>\r\n<\/div>\r\n                    <div class=\"features-item\" data-aos=\"fade-up\">\r\n    <div class=\"features-box\">\r\n                    <div class=\"image-holder\">\r\n                <img loading=\"lazy\" decoding=\"async\" width=\"350\" height=\"320\" src=\"https:\/\/bas-ip.com\/wp-content\/uploads\/2023\/04\/2-3-350x320.jpg\" class=\"attachment-thumbnail_350x320 size-thumbnail_350x320\" alt=\"\" \/>            <\/div>\r\n        \r\n        <div class=\"text-holder\">\r\n                        <h3 class=\"title-block\">Povezivanje na velike udaljenosti<\/h3>\r\n          \r\n                        <div class=\"text-block\">\r\n                <p>Jedna od izvanrednih zna\u010dajki BAS-IP sustava interkoma za vrata je njihova sposobnost rada na velikim udaljenostima. To ih \u010dini idealnim izborom za velike nekretnine, prostrane stambene komplekse ili komercijalne objekte gdje su pristupne to\u010dke mo\u017eda ra\u0161irene. Uz BAS-IP rje\u0161enja za interkome za vrata, mo\u017eete odr\u017eavati sigurnu komunikaciju i kontrolu diljem svoje nekretnine, bez obzira na udaljenost.<\/p>\n              <\/div>\r\n                  <\/div>\r\n    <\/div>\r\n<\/div>\r\n                    <div class=\"features-item\" data-aos=\"fade-up\">\r\n    <div class=\"features-box\">\r\n                    <div class=\"image-holder\">\r\n                <img loading=\"lazy\" decoding=\"async\" width=\"350\" height=\"320\" src=\"https:\/\/bas-ip.com\/wp-content\/uploads\/2023\/04\/3-3-350x320.jpg\" class=\"attachment-thumbnail_350x320 size-thumbnail_350x320\" alt=\"\" \/>            <\/div>\r\n        \r\n        <div class=\"text-holder\">\r\n                        <h3 class=\"title-block\">Upravljanje vratima temeljeno na ra\u010dunalu<\/h3>\r\n          \r\n                        <div class=\"text-block\">\r\n                <p>BAS-IP sustavi interkoma za vrata nude fleksibilnost otvaranja i upravljanja va\u0161im vratima s ra\u010dunala. To zna\u010di da mo\u017eete daljinski i prakti\u010dno kontrolirati pristup bez potrebe za namjenskim fizi\u010dkim su\u010deljem. Bilo da ste kod ku\u0107e ili u uredu, imat \u0107ete potpunu kontrolu nad pristupnim to\u010dkama va\u0161e nekretnine, doslovno na dohvat ruke.<\/p>\n              <\/div>\r\n                  <\/div>\r\n    <\/div>\r\n<\/div>\r\n                    <div class=\"features-item\" data-aos=\"fade-up\">\r\n    <div class=\"features-box\">\r\n                    <div class=\"image-holder\">\r\n                <img loading=\"lazy\" decoding=\"async\" width=\"350\" height=\"320\" src=\"https:\/\/bas-ip.com\/wp-content\/uploads\/2023\/04\/4-3-350x320.jpg\" class=\"attachment-thumbnail_350x320 size-thumbnail_350x320\" alt=\"\" \/>            <\/div>\r\n        \r\n        <div class=\"text-holder\">\r\n                        <h3 class=\"title-block\">Modul dvostrukog zaklju\u010davanja za vi\u0161estruko upravljanje vratima<\/h3>\r\n          \r\n                        <div class=\"text-block\">\r\n                <p>BAS-IP SH-42 modul za dvostruku bravu omogu\u0107uje vam upravljanje dvama vratima istovremeno koriste\u0107i jedan sustav interkoma za vrata. Ova zna\u010dajka je savr\u0161ena za nekretnine s vi\u0161e pristupnih to\u010daka ili odvojenim pje\u0161a\u010dkim i vozilnim ulazima, omogu\u0107uju\u0107i u\u010dinkovito upravljanje svim va\u0161im vratima s jednog centraliziranog sustava.<\/p>\n              <\/div>\r\n                  <\/div>\r\n    <\/div>\r\n<\/div>\r\n                    <div class=\"features-item\" data-aos=\"fade-up\">\r\n    <div class=\"features-box\">\r\n                    <div class=\"image-holder\">\r\n                <img loading=\"lazy\" decoding=\"async\" width=\"350\" height=\"320\" src=\"https:\/\/bas-ip.com\/wp-content\/uploads\/2023\/04\/5-4-350x320.jpg\" class=\"attachment-thumbnail_350x320 size-thumbnail_350x320\" alt=\"\" \/>            <\/div>\r\n        \r\n        <div class=\"text-holder\">\r\n                        <h3 class=\"title-block\">Integracija s postoje\u0107im IP CCTV sustavima<\/h3>\r\n          \r\n                        <div class=\"text-block\">\r\n                <p>BAS-IP video interkom sustavi za vrata mogu se lako integrirati s va\u0161om postoje\u0107om IP CCTV infrastrukturom. To vam omogu\u0107uje pra\u0107enje i kontrolu pristupnih to\u010daka va\u0161e nekretnine koriste\u0107i isto su\u010delje kao i va\u0161e sigurnosne kamere, pojednostavljuju\u0107i upravljanje sigurno\u0161\u0107u i pove\u0107avaju\u0107i ukupnu u\u010dinkovitost.<\/p>\n              <\/div>\r\n                  <\/div>\r\n    <\/div>\r\n<\/div>\r\n                    <div class=\"features-item\" data-aos=\"fade-up\">\r\n    <div class=\"features-box\">\r\n                    <div class=\"image-holder\">\r\n                <img loading=\"lazy\" decoding=\"async\" width=\"350\" height=\"320\" src=\"https:\/\/bas-ip.com\/wp-content\/uploads\/2023\/04\/6-3-350x320.jpg\" class=\"attachment-thumbnail_350x320 size-thumbnail_350x320\" alt=\"\" \/>            <\/div>\r\n        \r\n        <div class=\"text-holder\">\r\n                        <h3 class=\"title-block\">Integracija prepoznavanja registarskih tablica<\/h3>\r\n          \r\n                        <div class=\"text-block\">\r\n                <p>BAS-IP ulazni paneli mogu se integrirati s kamerama za prepoznavanje registarskih plo\u010dica, \u0161to omogu\u0107uje automatizaciju pristupa za prethodno autorizirana vozila. Ova napredna zna\u010dajka zna\u010dajno pobolj\u0161ava sigurnost i udobnost automatskim otvaranjem barijera za autorizirana vozila, smanjuju\u0107i vrijeme \u010dekanja i potrebu za ru\u010dnom kontrolom pristupa.<\/p>\n              <\/div>\r\n                  <\/div>\r\n    <\/div>\r\n<\/div>\r\n            <\/div>\r\n<\/section>\r\n<!-- END Block Features -->\n\n\n<h2 class=\"wp-block-heading\"><strong>Kompatibilan s raznim vrstama vrata<\/strong><\/h2>\n\n\n\n<p>BAS-IP interkomi za vrata mogu se integrirati s razli\u010ditim mehanizmima vrata, pru\u017eaju\u0107i korisnicima besprijekorno iskustvo komunikacije:<\/p>\n\n\n\n<ol class=\"wp-block-list\">\n<li><strong>Swing vrata:<\/strong> Ova vrata se otvaraju i zatvaraju kliznim pokretom, bilo prema unutra ili prema van. Popularna su u stambenim i komercijalnim objektima zbog svog klasi\u010dnog izgleda i jednostavnosti upotrebe.<\/li>\n\n\n\n<li><strong>Klizna vrata: <\/strong>\u010cesto se koriste u komercijalnim i industrijskim objektima, klizna vrata se pomi\u010du horizontalno uz vodilicu kako bi se otvorila i zatvorila.<\/li>\n\n\n\n<li><strong>Barijerna vrata:<\/strong> \u010cesto se nalaze na parkirali\u0161tima i podru\u010djima s kontroliranim pristupom, barijerna vrata koriste vertikalnu ruku za kontrolu ulaska i izlaska.<\/li>\n\n\n\n<li><strong>Dvosklopna vrata:<\/strong> Ova vrata sastoje se od dva panela koja se sklapaju zajedno prilikom otvaranja, \u0161tede\u0107i prostor i pru\u017eaju\u0107i elegantan izgled.<\/li>\n\n\n\n<li><strong>Vertikalna podizna vrata:<\/strong> Obi\u010dno se koriste u podru\u010djima s visokom sigurno\u0161\u0107u, vertikalna podizna vrata pomi\u010du se gore i dolje kako bi se otvorila i zatvorila.<\/li>\n\n\n\n<li><strong>Okretna vrata<\/strong>: \u010cesta u \u010dvori\u0161tima javnog prijevoza i nekim komercijalnim zgradama, okretna vrata kontroliraju pristup dopu\u0161taju\u0107i samo jednoj osobi da pro\u0111e u isto vrijeme.<\/li>\n\n\n\n<li><strong>Pje\u0161a\u010dka vrata:<\/strong> Ova vrata dizajnirana su isklju\u010divo za pje\u0161a\u010dki promet i mogu se na\u0107i u razli\u010ditim okru\u017eenjima, kao \u0161to su stambene zajednice, parkovi ili komercijalni kompleksi.<\/li>\n<\/ol>\n\n\n\n<p>Prilagodljivost BAS-IP interkoma \u010dini ga idealnim izborom za \u0161irok raspon vrsta vrata, osiguravaju\u0107i u\u010dinkovitu i sigurnu kontrolu pristupa za stambene, komercijalne i industrijske nekretnine.<\/p>\n\n\n\n<h2 class=\"wp-block-heading\"><strong>Razumijevanje komponenti BAS-IP interkom sustava za vrata<\/strong><\/h2>\n\n\n\n<p>BAS-IP portafonski sustavi sastoje se od tri glavne komponente, od kojih svaka igra klju\u010dnu ulogu u stvaranju sveobuhvatnog i u\u010dinkovitog portafonskog sustava:<\/p>\n\n\n<!-- START Block Features --><section id=\"block_643053d1c3f45\" class=\"features-section\">\r\n\t\r\n    <div class=\"features-list\">\r\n                    <div class=\"features-item\" data-aos=\"fade-up\">\r\n    <div class=\"features-box\">\r\n                    <div class=\"image-holder\">\r\n                <img loading=\"lazy\" decoding=\"async\" width=\"350\" height=\"320\" src=\"https:\/\/bas-ip.com\/wp-content\/uploads\/2023\/04\/7-1-350x320.jpg\" class=\"attachment-thumbnail_350x320 size-thumbnail_350x320\" alt=\"\" \/>            <\/div>\r\n        \r\n        <div class=\"text-holder\">\r\n                        <h3 class=\"title-block\">IP interkom paneli za vrata<\/h3>\r\n          \r\n                        <div class=\"text-block\">\r\n                <p>BAS-IP paneli za ulazna vrata slu\u017ee kao primarno su\u010delje za va\u0161 sustav interkoma za vrata. Dizajnirani su da budu izdr\u017eljivi, otporni na vremenske uvjete i jednostavni za kori\u0161tenje. S nizom dizajna i zavr\u0161nih obrada, ovi paneli mogu se prilagoditi kako bi odgovarali estetskom izgledu va\u0161e nekretnine. S ugra\u0111enim kamerama, mikrofonima i zvu\u010dnicima, BAS-IP paneli za vrata omogu\u0107uju kristalno jasnu audio i video komunikaciju izme\u0111u posjetitelja i stanara ili sigurnosnog osoblja.<\/p>\n              <\/div>\r\n                  <\/div>\r\n    <\/div>\r\n<\/div>\r\n                    <div class=\"features-item\" data-aos=\"fade-up\">\r\n    <div class=\"features-box\">\r\n                    <div class=\"image-holder\">\r\n                <img loading=\"lazy\" decoding=\"async\" width=\"350\" height=\"320\" src=\"https:\/\/bas-ip.com\/wp-content\/uploads\/2023\/04\/8-1-350x320.jpg\" class=\"attachment-thumbnail_350x320 size-thumbnail_350x320\" alt=\"\" \/>            <\/div>\r\n        \r\n        <div class=\"text-holder\">\r\n                        <h3 class=\"title-block\">Video telefoni<\/h3>\r\n          \r\n                        <div class=\"text-block\">\r\n                <p>BAS-IP video telefonski ure\u0111aji slu\u017ee kao interno su\u010delje za va\u0161 sustav interkoma, omogu\u0107uju\u0107i vam da vidite i razgovarate s posjetiteljima na va\u0161im vratima. Ovi ure\u0111aji nude visokokvalitetnu video i audio komunikaciju, osiguravaju\u0107i da mo\u017eete jasno identificirati i komunicirati s posjetiteljima prije nego im omogu\u0107ite pristup va\u0161oj nekretnini.<\/p>\n              <\/div>\r\n                  <\/div>\r\n    <\/div>\r\n<\/div>\r\n                    <div class=\"features-item\" data-aos=\"fade-up\">\r\n    <div class=\"features-box\">\r\n                    <div class=\"image-holder\">\r\n                <img loading=\"lazy\" decoding=\"async\" width=\"350\" height=\"320\" src=\"https:\/\/bas-ip.com\/wp-content\/uploads\/2023\/04\/9-1-350x320.jpg\" class=\"attachment-thumbnail_350x320 size-thumbnail_350x320\" alt=\"\" \/>            <\/div>\r\n        \r\n        <div class=\"text-holder\">\r\n                        <h3 class=\"title-block\">POE sklopke<\/h3>\r\n          \r\n                        <div class=\"text-block\">\r\n                <p>Power over Ethernet (POE) preklopnici klju\u010dna su komponenta BAS-IP interkoma za elektri\u010dna vrata. Oni pru\u017eaju i napajanje i podatkovnu povezanost va\u0161im interkom ure\u0111ajima koriste\u0107i jedan Ethernet kabel. Ovo pojednostavljuje instalaciju, smanjuje nered s kabelima i osigurava pouzdanu, visok brzu vezu izme\u0111u komponenti va\u0161eg interkoma za vrata.<\/p>\n              <\/div>\r\n                  <\/div>\r\n    <\/div>\r\n<\/div>\r\n            <\/div>\r\n<\/section>\r\n<!-- END Block Features -->\n\n<!-- START Block FAQ --><section id=\"block_6421c0e7ae86e\" class=\"faq-section\">\r\n\t\t    <h2 class=\"title-section\" data-aos=\"fade-right\">\u010cesto postavljana pitanja (FAQ)<\/h2>\r\n\t\t\t    <div class=\"faq-list js-accordion\" data-aos=\"fade-up\">\r\n\t\t\t\t\t\t\t\t\t\t\t    <div class=\"accordion-item faq-item\">\r\n                        <div class=\"accordion-opener\">\r\n                            Q: Mogu li koristiti BAS-IP portafonski sustav sa svojom postoje\u0107om IP lokalnom mre\u017eom?                            <i class=\"fa-solid fa-chevron-down\"><\/i>\r\n                        <\/div>\r\n                        <div class=\"accordion-slide\">\r\n\t\t\t\t\t\t    <p>Da, BAS-IP sustavi interkoma za vrata dizajnirani su za besprijekorno djelovanje unutar va\u0161e postoje\u0107e IP lokalne mre\u017ee, \u0161to \u010dini integraciju jednostavnom i bez problema.<\/p>\n                        <\/div>\r\n\t\t\t\t\t<\/div>\r\n\t\t\t\t\t\t\t\t\t\t\t\t\t\t\t    <div class=\"accordion-item faq-item\">\r\n                        <div class=\"accordion-opener\">\r\n                            Q: Kako BAS-IP portafonski sustavi za kapije rade na velikim udaljenostima?                            <i class=\"fa-solid fa-chevron-down\"><\/i>\r\n                        <\/div>\r\n                        <div class=\"accordion-slide\">\r\n\t\t\t\t\t\t    <p>BAS-IP sustavi interkoma za vrata dizajnirani su za u\u010dinkovito djelovanje na velikim udaljenostima, \u0161to ih \u010dini idealnim izborom za nekretnine s ra\u0161irenim pristupnim to\u010dkama ili velikim objektima.<\/p>\n                        <\/div>\r\n\t\t\t\t\t<\/div>\r\n\t\t\t\t\t\t\t\t\t\t\t\t\t\t\t    <div class=\"accordion-item faq-item\">\r\n                        <div class=\"accordion-opener\">\r\n                            Q: Kako mogu integrirati svoj BAS-IP gate video portafon sa svojim postoje\u0107im IP CCTV sustavom?                            <i class=\"fa-solid fa-chevron-down\"><\/i>\r\n                        <\/div>\r\n                        <div class=\"accordion-slide\">\r\n\t\t\t\t\t\t    <p>BAS-IP sustavi interkoma za vrata mogu se lako integrirati s va\u0161om postoje\u0107om IP CCTV infrastrukturom, omogu\u0107uju\u0107i vam upravljanje i pra\u0107enje pristupnih to\u010daka va\u0161e nekretnine koriste\u0107i isto su\u010delje kao i va\u0161e sigurnosne kamere.<\/p>\n                        <\/div>\r\n\t\t\t\t\t<\/div>\r\n\t\t\t\t\t\t\t\t\t\t\t\t\t\t\t    <div class=\"accordion-item faq-item\">\r\n                        <div class=\"accordion-opener\">\r\n                            Q: Je li mogu\u0107e kontrolirati vi\u0161e kapija pomo\u0107u jednog BAS-IP portafonskog ure\u0111aja?                            <i class=\"fa-solid fa-chevron-down\"><\/i>\r\n                        <\/div>\r\n                        <div class=\"accordion-slide\">\r\n\t\t\t\t\t\t    <p>Da, uz BAS-IP SH-42 modul za dvostruku bravu, mo\u017eete upravljati dvama vratima istovremeno koriste\u0107i jedan sustav interkoma za vrata. Ova zna\u010dajka je savr\u0161ena za nekretnine s vi\u0161e pristupnih to\u010daka ili odvojenim pje\u0161a\u010dkim i vozilnim ulazima.<\/p>\n                        <\/div>\r\n\t\t\t\t\t<\/div>\r\n\t\t\t\t\t\t\t\t\t<\/div>\r\n\t<\/section>\r\n<!-- END Block FAQ -->\n\n\n<p>BAS-IP sustavi interkoma za vrata nude savr\u0161enu kombinaciju udobnosti, sigurnosti i napredne tehnologije za neusporedivu kontrolu pristupa va\u0161oj nekretnini. S jedinstvenim zna\u010dajkama kao \u0161to su besprijekorna integracija IP lokalne mre\u017ee, povezanost na velikim udaljenostima, upravljanje vratima putem ra\u010dunala, funkcionalnost dvostrukog modula brave, integracija IP CCTV sustava i kompatibilnost s kamerama za prepoznavanje registarskih plo\u010dica, BAS-IP interkom sustavi za vrata izvanredan su izbor za svakog vlasnika nekretnine koji \u017eeli pobolj\u0161ati upravljanje pristupom.<\/p>\n\n\n\n<p>Odabirom BAS-IP sustava interkoma za ulazna vrata, ula\u017eete u rje\u0161enje koje se lako prilago\u0111ava va\u0161im potrebama, raste s va\u0161om nekretninom i pru\u017ea vam miran san jer znate da je va\u0161a nekretnina sigurna i dostupna samo onima kojima vjerujete. Iskusite razliku koju BAS-IP sustav interkoma za vrata mo\u017ee donijeti va\u0161oj nekretnini ve\u0107 danas.<\/p>","protected":false},"excerpt":{"rendered":"<p>Portafonski sustav: pobolj\u0161ajte svoju sigurnost Dobrodo\u0161li u budu\u0107nost upravljanja pristupom nekretninama, gdje se udobnost, sigurnost i najnovija tehnologija spajaju. Uz BAS-IP sustav interkomova za vrata, mo\u017eete iskusiti neusporedivu kontrolu nad pristupnim to\u010dkama va\u0161e nekretnine. Bilo da se radi o stambenoj ku\u0107i, stambenom kompleksu ili komercijalnoj zgradi, na\u0161i sustavi interkoma za vrata nude jedinstvene zna\u010dajke koje [&hellip;]<\/p>","protected":false},"author":1,"featured_media":0,"parent":0,"menu_order":0,"comment_status":"closed","ping_status":"closed","template":"","meta":{"inline_featured_image":false,"footnotes":""},"class_list":["post-133745","page","type-page","status-publish","hentry"],"acf":[],"_links":{"self":[{"href":"https:\/\/bas-ip.com\/hr\/wp-json\/wp\/v2\/pages\/133745","targetHints":{"allow":["GET"]}}],"collection":[{"href":"https:\/\/bas-ip.com\/hr\/wp-json\/wp\/v2\/pages"}],"about":[{"href":"https:\/\/bas-ip.com\/hr\/wp-json\/wp\/v2\/types\/page"}],"author":[{"embeddable":true,"href":"https:\/\/bas-ip.com\/hr\/wp-json\/wp\/v2\/users\/1"}],"replies":[{"embeddable":true,"href":"https:\/\/bas-ip.com\/hr\/wp-json\/wp\/v2\/comments?post=133745"}],"version-history":[{"count":3,"href":"https:\/\/bas-ip.com\/hr\/wp-json\/wp\/v2\/pages\/133745\/revisions"}],"predecessor-version":[{"id":133805,"href":"https:\/\/bas-ip.com\/hr\/wp-json\/wp\/v2\/pages\/133745\/revisions\/133805"}],"wp:attachment":[{"href":"https:\/\/bas-ip.com\/hr\/wp-json\/wp\/v2\/media?parent=133745"}],"curies":[{"name":"wp","href":"https:\/\/api.w.org\/{rel}","templated":true}]}}