{"id":133464,"date":"2023-03-27T12:22:38","date_gmt":"2023-03-27T12:22:38","guid":{"rendered":"https:\/\/bas-ip.com\/school\/"},"modified":"2025-03-12T09:46:16","modified_gmt":"2025-03-12T09:46:16","slug":"school","status":"publish","type":"page","link":"https:\/\/bas-ip.com\/hr\/school\/","title":{"rendered":"\u0160kola"},"content":{"rendered":"<h1 class=\"wp-block-heading\"><strong>Interfonski sustavi za \u0161kole<\/strong><\/h1>\n\n\n\n<p>U dana\u0161njem svijetu, besprijekorna komunikacija i sigurnost su klju\u010dne komponente svake obrazovne institucije. U\u010dinkovit \u0161kolski portafonski sustav ne samo da osigurava brzu komunikaciju, ve\u0107 i pove\u0107ava sigurnost u\u010denika, nastavnika i osoblja. Predstavljamo BAS-IP portafonski sustav za \u0161kole, savr\u0161eno rje\u0161enje koje kombinira robusnu tehnologiju, inovativne zna\u010dajke i nenadma\u0161ne performanse. Ovaj \u010dlanak se bavi klju\u010dnim zna\u010dajkama i prednostima BAS-IP portafonskih sustava i pokazuje za\u0161to su oni najbolji izbor za va\u0161u \u0161kolu.<\/p>\n\n\n\n<h2 class=\"wp-block-heading\"><strong>Snaga IP interkoma za \u0161kole<\/strong><\/h2>\n\n\n\n<h3 class=\"wp-block-heading\"><strong>\u017di\u010dani IP interkom sustav: vrhunski izbor<\/strong><\/h3>\n\n\n\n<p>Lako be\u017ei\u010dni portafonski sustavi nude odre\u0111enu razinu prakti\u010dnosti, \u017ei\u010dani IP portafonski sustavi pru\u017eaju vi\u0161u razinu pouzdanosti, sigurnosti i performansi. Kori\u0161tenjem BAS-IP portafonskog sustava za \u0161kole, ula\u017eete u sigurno i stabilno rje\u0161enje koje jam\u010di neprekidnu komunikaciju i kontrolu.<\/p>\n\n\n\n<h3 class=\"wp-block-heading\"><strong>Sveobuhvatno rje\u0161enje za obrazovne ustanove<\/strong><\/h3>\n\n\n\n<p>BAS-IP portafonski sustav dizajniran je da udovolji potrebama \u0161kola, kampusa i fakulteta. Besprijekorno integrira audio panele, portirske terminale i POE preklopnike, stvaraju\u0107i jedinstvenu komunikacijsku mre\u017eu koja je i u\u010dinkovita i isplativa. S jedinstvenim zna\u010dajkama, poput nadzora temperature na ulazu u \u0161kolu, ovaj portafonski sustav osigurava pove\u0107anu sigurnost i udobnost za sve korisnike.<\/p>\n\n\n\n<h2 class=\"wp-block-heading\"><strong>Klju\u010dne komponente BAS-IP \u0161kolskog interkom sustava<\/strong><\/h2>\n\n\n<!-- START Block Features --><section id=\"block_6430565dc8a2b\" class=\"features-section\">\r\n\t\r\n    <div class=\"features-list\">\r\n                    <div class=\"features-item\" data-aos=\"fade-up\">\r\n    <div class=\"features-box\">\r\n                    <div class=\"image-holder\">\r\n                <img loading=\"lazy\" decoding=\"async\" width=\"350\" height=\"320\" src=\"https:\/\/bas-ip.com\/wp-content\/uploads\/2023\/04\/1-4-350x320.jpg\" class=\"attachment-thumbnail_350x320 size-thumbnail_350x320\" alt=\"\" \/>            <\/div>\r\n        \r\n        <div class=\"text-holder\">\r\n                        <h3 class=\"title-block\">BAS-IP AV-04AFD Audio Panel<\/h3>\r\n          \r\n                        <div class=\"text-block\">\r\n                <p>Audio panel AV-04AFD je pristupa\u010dno i zna\u010dajkama bogato portafonsko rje\u0161enje dizajnirano posebno za obrazovne ustanove. Omogu\u0107uje kristalno jasnu komunikaciju izme\u0111u razli\u010ditih podru\u010dja \u0161kole, istovremeno osiguravaju\u0107i brzu kontrolu pristupa.<\/p>\n              <\/div>\r\n                  <\/div>\r\n    <\/div>\r\n<\/div>\r\n                    <div class=\"features-item\" data-aos=\"fade-up\">\r\n    <div class=\"features-box\">\r\n                    <div class=\"image-holder\">\r\n                <img loading=\"lazy\" decoding=\"async\" width=\"350\" height=\"320\" src=\"https:\/\/bas-ip.com\/wp-content\/uploads\/2023\/04\/2-4-350x320.jpg\" class=\"attachment-thumbnail_350x320 size-thumbnail_350x320\" alt=\"\" \/>            <\/div>\r\n        \r\n        <div class=\"text-holder\">\r\n                        <h3 class=\"title-block\">BAS-IP AM-02 Concierge Terminal<\/h3>\r\n          \r\n                        <div class=\"text-block\">\r\n                <p>Portirski terminal AM-02 slu\u017ei kao sredi\u0161nja kontrolna to\u010dka za cijeli portafonski sustav, omogu\u0107uju\u0107i osoblju da upravlja pozivima, nadzire ulaze i s lako\u0107om odobrava pristup. Njegovo korisni\u010dko su\u010delje \u010dini ga savr\u0161enim izborom za u\u010dinkovitu komunikaciju i administraciju.<\/p>\n              <\/div>\r\n                  <\/div>\r\n    <\/div>\r\n<\/div>\r\n                    <div class=\"features-item\" data-aos=\"fade-up\">\r\n    <div class=\"features-box\">\r\n                    <div class=\"image-holder\">\r\n                <img loading=\"lazy\" decoding=\"async\" width=\"350\" height=\"320\" src=\"https:\/\/bas-ip.com\/wp-content\/uploads\/2023\/04\/3-4-350x320.jpg\" class=\"attachment-thumbnail_350x320 size-thumbnail_350x320\" alt=\"\" \/>            <\/div>\r\n        \r\n        <div class=\"text-holder\">\r\n                        <h3 class=\"title-block\">BAS-IP SH-20.16 16-portni POE prekida\u010d<\/h3>\r\n          \r\n                        <div class=\"text-block\">\r\n                <p>POE preklopnik SH-20.16 s 16 priklju\u010daka osigurava potrebnu snagu i povezivost za BAS-IP portafonski sustav, jam\u010de\u0107i glatke i neprekidne performanse na cijelom \u0161kolskom kampusu.<\/p>\n              <\/div>\r\n                  <\/div>\r\n    <\/div>\r\n<\/div>\r\n                    <div class=\"features-item\" data-aos=\"fade-up\">\r\n    <div class=\"features-box\">\r\n                    <div class=\"image-holder\">\r\n                <img loading=\"lazy\" decoding=\"async\" width=\"350\" height=\"320\" src=\"https:\/\/bas-ip.com\/wp-content\/uploads\/2023\/04\/4-4-350x320.jpg\" class=\"attachment-thumbnail_350x320 size-thumbnail_350x320\" alt=\"\" \/>            <\/div>\r\n        \r\n        <div class=\"text-holder\">\r\n                        <h3 class=\"title-block\">BAS-IP SH-31TM Temperaturni Model<\/h3>\r\n          \r\n                        <div class=\"text-block\">\r\n                <p>Temperaturni model SH-31TM mo\u017ee se instalirati na ulazu u \u0161kolu, omogu\u0107uju\u0107i pra\u0107enje temperature u stvarnom vremenu i poma\u017eu\u0107i u odr\u017eavanju zdravog okru\u017eenja za u\u010denike, osoblje i posjetitelje. Dodavanjem ovog dodatnog sloja sigurnosti, va\u0161a \u0161kola mo\u017ee proaktivno rje\u0161avati potencijalne zdravstvene probleme i osigurati dobrobit svih na kampusu<\/p>\n              <\/div>\r\n                  <\/div>\r\n    <\/div>\r\n<\/div>\r\n                    <div class=\"features-item features-full-width\" data-aos=\"fade-up\">\r\n    <div class=\"features-box image-position-left\">\r\n                <div class=\"image-holder\">\r\n            <img loading=\"lazy\" decoding=\"async\" width=\"1\" height=\"1\" src=\"https:\/\/bas-ip.com\/wp-content\/uploads\/2023\/04\/school-1.svg\" class=\"attachment-thumbnail_350x320 size-thumbnail_350x320\" alt=\"\" \/>          <\/div>\r\n      \r\n      <div class=\"text-holder\">\r\n                        <h3 class=\"title-block\">Iskori\u0161tavanje IP mre\u017ea za besprijekornu integraciju<\/h3>\r\n          \r\n                        <div class=\"text-block\">\r\n                <p>BAS-IP portafonski sustavi dizajnirani su za besprijekoran rad unutar postoje\u0107e IP lokalne mre\u017ee va\u0161e \u0161kole, \u0161to omogu\u0107uje jednostavnu instalaciju i odr\u017eavanje. Ova integracija olak\u0161ava bolju komunikaciju, kontrolu pristupa i sigurnost u cijeloj obrazovnoj ustanovi.<\/p>\n              <\/div>\r\n                <\/div>\r\n    <\/div>\r\n<\/div>\r\n                    <div class=\"features-item features-full-width\" data-aos=\"fade-up\">\r\n    <div class=\"features-box image-position-right\">\r\n                <div class=\"image-holder\">\r\n            <img loading=\"lazy\" decoding=\"async\" width=\"1\" height=\"1\" src=\"https:\/\/bas-ip.com\/wp-content\/uploads\/2023\/04\/collage-1.svg\" class=\"attachment-thumbnail_350x320 size-thumbnail_350x320\" alt=\"\" \/>          <\/div>\r\n      \r\n      <div class=\"text-holder\">\r\n                        <h3 class=\"title-block\">Daljinski pristup i upravljanje s va\u0161eg ra\u010dunala<\/h3>\r\n          \r\n                        <div class=\"text-block\">\r\n                <p>S naprednim portafonskim sustavom BAS-IP, \u0161kolsko osoblje mo\u017ee jednostavno koristiti svoja ra\u010dunala za komunikaciju putem portafona, nadzor ulaza i kontrolu pristupa vratima. Ova fleksibilnost omogu\u0107uje pobolj\u0161ano vrijeme odziva i ve\u0107u u\u010dinkovitost u upravljanju svakodnevnim zadacima i hitnim situacijama.<\/p>\n              <\/div>\r\n                <\/div>\r\n    <\/div>\r\n<\/div>\r\n            <\/div>\r\n<\/section>\r\n<!-- END Block Features -->\n\n<!-- START Block FAQ --><section id=\"block_64218de5ac119\" class=\"faq-section\">\r\n\t\t    <h2 class=\"title-section\" data-aos=\"fade-right\">\u010cesto postavljana pitanja<\/h2>\r\n\t\t\t    <div class=\"faq-list js-accordion\" data-aos=\"fade-up\">\r\n\t\t\t\t\t\t\t\t\t\t\t    <div class=\"accordion-item faq-item\">\r\n                        <div class=\"accordion-opener\">\r\n                            Q: Mo\u017ee li se BAS-IP portafonski sustav za \u0161kole lako integrirati u na\u0161u postoje\u0107u infrastrukturu?                            <i class=\"fa-solid fa-chevron-down\"><\/i>\r\n                        <\/div>\r\n                        <div class=\"accordion-slide\">\r\n\t\t\t\t\t\t    <p>Da, BAS-IP portafonski sustavi se lako mogu integrirati u postoje\u0107u IP lokalnu mre\u017eu va\u0161e \u0161kole, omogu\u0107uju\u0107i besprijekoran i isplativ proces instalacije.<\/p>\n                        <\/div>\r\n\t\t\t\t\t<\/div>\r\n\t\t\t\t\t\t\t\t\t\t\t\t\t\t\t    <div class=\"accordion-item faq-item\">\r\n                        <div class=\"accordion-opener\">\r\n                            Q: Kako BAS-IP portafonski sustav osigurava sigurnost na\u0161ih u\u010denika i osoblja?                            <i class=\"fa-solid fa-chevron-down\"><\/i>\r\n                        <\/div>\r\n                        <div class=\"accordion-slide\">\r\n\t\t\t\t\t\t    <p>BAS-IP portafonski sustav nudi vi\u0161estruke sigurnosne zna\u010dajke, kao \u0161to su pra\u0107enje temperature na ulazima, brza kontrola pristupa i mogu\u0107nost nadzora i upravljanja komunikacijom i pristupom vratima s va\u0161eg ra\u010dunala, \u010dime se osigurava sigurno okru\u017eenje za sve.<\/p>\n                        <\/div>\r\n\t\t\t\t\t<\/div>\r\n\t\t\t\t\t\t\t\t\t\t\t\t\t\t\t    <div class=\"accordion-item faq-item\">\r\n                        <div class=\"accordion-opener\">\r\n                            Q: Je li BAS-IP portafonski sustav kompatibilan s drugim komunikacijskim ure\u0111ajima i sustavima?                            <i class=\"fa-solid fa-chevron-down\"><\/i>\r\n                        <\/div>\r\n                        <div class=\"accordion-slide\">\r\n\t\t\t\t\t\t    <p>Da, BAS-IP portafonski sustav dizajniran je za besprijekoran rad s razli\u010ditim komunikacijskim ure\u0111ajima i sustavima, pru\u017eaju\u0107i sveobuhvatno i fleksibilno rje\u0161enje za komunikacijske potrebe va\u0161e \u0161kole.<\/p>\n                        <\/div>\r\n\t\t\t\t\t<\/div>\r\n\t\t\t\t\t\t\t\t\t\t\t\t\t\t\t    <div class=\"accordion-item faq-item\">\r\n                        <div class=\"accordion-opener\">\r\n                            Q: Koliko su pouzdani \u017ei\u010dani IP portafonski sustavi u usporedbi s be\u017ei\u010dnim interfonskim sustavima?                            <i class=\"fa-solid fa-chevron-down\"><\/i>\r\n                        <\/div>\r\n                        <div class=\"accordion-slide\">\r\n\t\t\t\t\t\t    <p>\u017di\u010dani IP portafonski sustavi, poput BAS-IP portafonskog sustava za \u0161kole, nude superiornu pouzdanost, sigurnost i performanse u usporedbi s be\u017ei\u010dnim portafonskim sustavima. Osiguravaju stabilnu, neprekidnu komunikaciju i kontrolu, \u0161to ih \u010dini idealnim izborom za obrazovne ustanove.<\/p>\n                        <\/div>\r\n\t\t\t\t\t<\/div>\r\n\t\t\t\t\t\t\t\t\t\t\t\t\t\t\t    <div class=\"accordion-item faq-item\">\r\n                        <div class=\"accordion-opener\">\r\n                            Q: Mo\u017eemo li BAS-IP portafonski sustav prilagoditi specifi\u010dnim potrebama na\u0161e \u0161kole?                            <i class=\"fa-solid fa-chevron-down\"><\/i>\r\n                        <\/div>\r\n                        <div class=\"accordion-slide\">\r\n\t\t\t\t\t\t    <p>Da, BAS-IP portafonski sustav je vrlo prilagodljiv i mo\u017ee se prilagoditi jedinstvenim zahtjevima va\u0161e \u0161kole. Njegov modularni dizajn omogu\u0107uje dodavanje razli\u010ditih komponenti, poput temperaturnog modela, za pobolj\u0161anje sigurnosti i funkcionalnosti<\/p>\n                        <\/div>\r\n\t\t\t\t\t<\/div>\r\n\t\t\t\t\t\t\t\t\t<\/div>\r\n\t<\/section>\r\n<!-- END Block FAQ -->\n\n\n<p>Ulaganje u pouzdan, zna\u010dajkama bogat i siguran portafonski sustav klju\u010dno je za sigurnost i u\u010dinkovitost svake obrazovne ustanove. BAS-IP portafonski sustav za \u0161kole nudi neusporedive performanse, inovativne zna\u010dajke i besprijekornu integraciju s postoje\u0107im IP mre\u017eama. Odabirom BAS-IP-a, ula\u017eete u budu\u0107nost komunikacijske i sigurnosne infrastrukture va\u0161e \u0161kole. Do\u017eivite revoluciju u komunikaciji s najboljim \u0161kolskim portafonskim sustavom \u2013 BAS-IP. Pobolj\u0161ajte sigurnost, komunikaciju i cjelokupno okru\u017eenje va\u0161e obrazovne ustanove, osiguravaju\u0107i dobrobit u\u010denika, osoblja i posjetitelja. Ne pristajte na kompromise u pogledu kvalitete; vjerujte BAS-IP-u da \u0107e isporu\u010diti iznimne performanse i pouzdanost za va\u0161u \u0161kolu.<\/p>","protected":false},"excerpt":{"rendered":"<p>Interfonski sustavi za \u0161kole U dana\u0161njem svijetu, besprijekorna komunikacija i sigurnost su klju\u010dne komponente svake obrazovne institucije. U\u010dinkovit \u0161kolski portafonski sustav ne samo da osigurava brzu komunikaciju, ve\u0107 i pove\u0107ava sigurnost u\u010denika, nastavnika i osoblja. Predstavljamo BAS-IP portafonski sustav za \u0161kole, savr\u0161eno rje\u0161enje koje kombinira robusnu tehnologiju, inovativne zna\u010dajke i nenadma\u0161ne performanse. Ovaj \u010dlanak se [&hellip;]<\/p>","protected":false},"author":1,"featured_media":0,"parent":0,"menu_order":0,"comment_status":"closed","ping_status":"closed","template":"","meta":{"inline_featured_image":false,"footnotes":""},"class_list":["post-133464","page","type-page","status-publish","hentry"],"acf":[],"_links":{"self":[{"href":"https:\/\/bas-ip.com\/hr\/wp-json\/wp\/v2\/pages\/133464","targetHints":{"allow":["GET"]}}],"collection":[{"href":"https:\/\/bas-ip.com\/hr\/wp-json\/wp\/v2\/pages"}],"about":[{"href":"https:\/\/bas-ip.com\/hr\/wp-json\/wp\/v2\/types\/page"}],"author":[{"embeddable":true,"href":"https:\/\/bas-ip.com\/hr\/wp-json\/wp\/v2\/users\/1"}],"replies":[{"embeddable":true,"href":"https:\/\/bas-ip.com\/hr\/wp-json\/wp\/v2\/comments?post=133464"}],"version-history":[{"count":5,"href":"https:\/\/bas-ip.com\/hr\/wp-json\/wp\/v2\/pages\/133464\/revisions"}],"predecessor-version":[{"id":133526,"href":"https:\/\/bas-ip.com\/hr\/wp-json\/wp\/v2\/pages\/133464\/revisions\/133526"}],"wp:attachment":[{"href":"https:\/\/bas-ip.com\/hr\/wp-json\/wp\/v2\/media?parent=133464"}],"curies":[{"name":"wp","href":"https:\/\/api.w.org\/{rel}","templated":true}]}}