{"id":133217,"date":"2023-03-27T09:04:54","date_gmt":"2023-03-27T09:04:54","guid":{"rendered":"https:\/\/bas-ip.com\/%d1%82%d1%8a%d1%80%d0%b3%d0%be%d0%b2%d1%81%d0%ba%d0%b8-%d0%bf%d1%80%d0%be%d0%bc%d0%b8%d1%88%d0%bb%d0%b5%d0%bd%d0%b8\/"},"modified":"2025-03-07T11:08:00","modified_gmt":"2025-03-07T11:08:00","slug":"commercial","status":"publish","type":"page","link":"https:\/\/bas-ip.com\/hr\/komercijalni-industrijski\/","title":{"rendered":"Komercijalni \/ Industrijski"},"content":{"rendered":"<h1 class=\"wp-block-heading\"><strong>Revolucionirajte svoje radno mjesto poslovnim interfonskim sustavima.<\/strong><\/h1>\n\n\n\n<p>Kako tehnologija neprestano napreduje, klju\u010dno je da tvrtke ostanu u toku s najnovijim inovacijama. Jedan od takvih napredaka je integracija poslovnih interkom sustava, koji pru\u017eaju pobolj\u0161anu sigurnost i u\u010dinkovitu komunikaciju za urede i komercijalne objekte. IP interkomi BAS-IP-a nude sveobuhvatno rje\u0161enje s nizom jedinstvenih zna\u010dajki prilago\u0111enih modernom radnom okru\u017eenju. Istra\u017eit \u0107emo prednosti usvajanja poslovnog interkom sustava i detaljno se posvetiti vrhunskim proizvodima BAS-IP-a.<\/p>\n\n\n\n<h2 class=\"wp-block-heading\"><strong>Za\u0161to odabrati BAS-IP za va\u0161 poslovni interkom sustav?<\/strong><\/h2>\n\n\n\n<p>BAS-IP je pionir u razvoju naprednih interfonskih sustava za poslovne subjekte, nude\u0107i \u0161irok raspon inovativnih proizvoda dizajniranih za ispunjavanje zahtjeva modernih radnih okru\u017eenja. Integracijom vrhunskih zna\u010dajki i pouzdanog hardvera, BAS-IP-ovi komercijalni interfonski sustavi osiguravaju u\u010dinkovitu komunikaciju i pove\u0107anu sigurnost kako za urede, tako i za industrijske objekte.<\/p>\n\n\n<!-- START Block Features --><section id=\"block_642edd596eeb4\" class=\"features-section\">\r\n\t\r\n    <div class=\"features-list\">\r\n                    <div class=\"features-item\" data-aos=\"fade-up\">\r\n    <div class=\"features-box\">\r\n                    <div class=\"image-holder\">\r\n                <img loading=\"lazy\" decoding=\"async\" width=\"350\" height=\"320\" src=\"https:\/\/bas-ip.com\/wp-content\/uploads\/2023\/04\/1-350x320.jpg\" class=\"attachment-thumbnail_350x320 size-thumbnail_350x320\" alt=\"\" \/>            <\/div>\r\n        \r\n        <div class=\"text-holder\">\r\n                        <h3 class=\"title-block\">Moc IP Interfonskih Sustava na Radnom Mjestu<\/h3>\r\n          \r\n                        <div class=\"text-block\">\r\n                <p>IP interkom sustavi BAS-IP nude \u0161irok spektar prednosti, uklju\u010duju\u0107i besprijekornu integraciju u postoje\u0107e IP lokalne mre\u017ee.<\/p>\n<p>Ovo omogu\u0107ava zaposlenicima da jednostavno pristupe interkom sustavu i otvore vrata s svojih ra\u010dunala, \u010dime se pojednostavljuje komunikacija i sigurnost unutar ureda.<\/p>\n<p>\u0160tovi\u0161e, infrastruktura temeljena na IP tehnologiji omogu\u0107ava skalabilnost i prilagodljivost, osiguravaju\u0107i da va\u0161 poslovni interkom sustav mo\u017ee rasti i razvijati se zajedno s va\u0161om organizacijom.<\/p>\n              <\/div>\r\n                  <\/div>\r\n    <\/div>\r\n<\/div>\r\n                    <div class=\"features-item\" data-aos=\"fade-up\">\r\n    <div class=\"features-box\">\r\n                    <div class=\"image-holder\">\r\n                <img loading=\"lazy\" decoding=\"async\" width=\"350\" height=\"320\" src=\"https:\/\/bas-ip.com\/wp-content\/uploads\/2023\/04\/2-350x320.jpg\" class=\"attachment-thumbnail_350x320 size-thumbnail_350x320\" alt=\"Business intercom systems\" \/>            <\/div>\r\n        \r\n        <div class=\"text-holder\">\r\n                        <h3 class=\"title-block\">Vrhunske Hardverske Komponente<\/h3>\r\n          \r\n                        <div class=\"text-block\">\r\n                <p>Najbolji poslovni interkom sustav od BAS-IP-a sastoji se od AV-08FBL, AT-10 i BR-AT10. Ove komponente rade zajedno kako bi pru\u017eile iznimnu izvedbu i korisni\u010dko iskustvo, \u010dine\u0107i ih idealnim za urede i komercijalne objekte.<\/p>\n<p>AV-08FBL: Ova vanjska plo\u010da ima elegantan dizajn, ugra\u0111enu kameru i RFID \u010dita\u010d, osiguravaju\u0107i sigurnu kontrolu pristupa i vizualnu identifikaciju posjetitelja.<\/p>\n<p>AT-10: Ova modern\u00e1 unutarnja plo\u010da osjetljivog zaslona nudi ekran visoke rezolucije, intuitivno korisni\u010dko su\u010delje i kompatibilnost s raznim pametnim ure\u0111ajima za ku\u0107nu automatizaciju i sigurnost.<\/p>\n<p>BR-AT10: Ovaj vi\u0161enamjenski dr\u017ea\u010d za stol olak\u0161ava jednostavnu instalaciju AT-10 plo\u010de na radnu povr\u0161inu.<\/p>\n              <\/div>\r\n                  <\/div>\r\n    <\/div>\r\n<\/div>\r\n                    <div class=\"features-item\" data-aos=\"fade-up\">\r\n    <div class=\"features-box\">\r\n                    <div class=\"image-holder\">\r\n                <img loading=\"lazy\" decoding=\"async\" width=\"350\" height=\"320\" src=\"https:\/\/bas-ip.com\/wp-content\/uploads\/2023\/04\/3-350x320.jpg\" class=\"attachment-thumbnail_350x320 size-thumbnail_350x320\" alt=\"\" \/>            <\/div>\r\n        \r\n        <div class=\"text-holder\">\r\n                        <h3 class=\"title-block\">Pouzdana korisni\u010dka podr\u0161ka i usluga<\/h3>\r\n          \r\n                        <div class=\"text-block\">\r\n                <p>BAS-IP se posve\u0107uje pru\u017eanju izvanredne korisni\u010dke podr\u0161ke, nude\u0107i profesionalnu pomo\u0107 i podr\u0161ku za svoje proizvode kroz cijeli proces instalacije i nakon njega.<\/p>\n<p>Na\u0161 stru\u010dni tim za podr\u0161ku mo\u017ee pomo\u0107i u rje\u0161avanju bilo kakvih problema koji se mogu pojaviti, osiguravaju\u0107i da va\u0161 poslovni interkom sustav ostane funkcionalan i u\u010dinkovit.<\/p>\n<p>\u0160tovi\u0161e, na\u0161a posve\u0107enost stalnom istra\u017eivanju i razvoju zna\u010di da \u0107e BAS-IP proizvodi nastaviti pobolj\u0161avati, pru\u017eaju\u0107i va\u0161em poslovanju interkom rje\u0161enje koje \u0107e uvijek biti ispred konkurencije u pogledu tehnologije i izvedbe.<\/p>\n              <\/div>\r\n                  <\/div>\r\n    <\/div>\r\n<\/div>\r\n            <\/div>\r\n<\/section>\r\n<!-- END Block Features -->\n\n\n<h2 class=\"wp-block-heading\"><strong>Klju\u010dne Zna\u010dajke BAS-IP Poslovnih Interkom Sustava<\/strong><\/h2>\n\n\n\n<p>Interkom sustavi BAS-IP za poslovanje odlikuju se nizom jedinstvenih zna\u010dajki koje ih izdvajaju od konkurencije. Iskori\u0161tavanjem ovih naprednih mogu\u0107nosti, mo\u017eete pobolj\u0161ati u\u010dinkovitost, sigurnost i ukupnu funkcionalnost va\u0161eg radnog mjesta.<\/p>\n\n\n<!-- START Block Features --><section id=\"block_642edfc06eeba\" class=\"features-section\">\r\n\t\r\n    <div class=\"features-list\">\r\n                    <div class=\"features-item\" data-aos=\"fade-up\">\r\n    <div class=\"features-box\">\r\n                    <div class=\"image-holder\">\r\n                <img loading=\"lazy\" decoding=\"async\" width=\"350\" height=\"320\" src=\"https:\/\/bas-ip.com\/wp-content\/uploads\/2023\/04\/4-350x320.jpg\" class=\"attachment-thumbnail_350x320 size-thumbnail_350x320\" alt=\"\" \/>            <\/div>\r\n        \r\n        <div class=\"text-holder\">\r\n                        <h3 class=\"title-block\">\u017di\u010dni interkom sustavi za poslovanje<\/h3>\r\n          \r\n                        <div class=\"text-block\">\r\n                <p>Iako be\u017ei\u010dna tehnologija i dalje dobiva na popularnosti, \u017ei\u010dni interkom sustavi za poslovanje nude nekoliko prednosti, uklju\u010duju\u0107i ve\u0107u pouzdanost, smanjeno ometanje i pobolj\u0161anu sigurnost. \u017di\u010dni interkom sustavi BAS-IP dizajnirani su za pru\u017eanje dosljedne izvedbe, osiguravaju\u0107i besprijekornu komunikaciju i kontrolu pristupa u va\u0161em uredu ili komercijalnom objektu.<\/p>\n              <\/div>\r\n                  <\/div>\r\n    <\/div>\r\n<\/div>\r\n                    <div class=\"features-item\" data-aos=\"fade-up\">\r\n    <div class=\"features-box\">\r\n                    <div class=\"image-holder\">\r\n                <img loading=\"lazy\" decoding=\"async\" width=\"350\" height=\"320\" src=\"https:\/\/bas-ip.com\/wp-content\/uploads\/2023\/04\/5-1-350x320.jpg\" class=\"attachment-thumbnail_350x320 size-thumbnail_350x320\" alt=\"\" \/>            <\/div>\r\n        \r\n        <div class=\"text-holder\">\r\n                        <h3 class=\"title-block\">Interkom za Stol i Integracija Uredskog Interkoma<\/h3>\r\n          \r\n                        <div class=\"text-block\">\r\n                <p>BAS-IP poslovni interkom sustavi mogu se jednostavno integrirati u stolne telefone i uredske interkom sustave, omogu\u0107uju\u0107i zaposlenicima da komuniciraju bez napora unutar radnog prostora. To poti\u010de suradni\u010dko okru\u017eenje i osigurava da se va\u017eene informacije mogu prenijeti brzo i to\u010dno.<\/p>\n              <\/div>\r\n                  <\/div>\r\n    <\/div>\r\n<\/div>\r\n                    <div class=\"features-item\" data-aos=\"fade-up\">\r\n    <div class=\"features-box\">\r\n                    <div class=\"image-holder\">\r\n                <img loading=\"lazy\" decoding=\"async\" width=\"350\" height=\"320\" src=\"https:\/\/bas-ip.com\/wp-content\/uploads\/2023\/04\/6-350x320.jpg\" class=\"attachment-thumbnail_350x320 size-thumbnail_350x320\" alt=\"\" \/>            <\/div>\r\n        \r\n        <div class=\"text-holder\">\r\n                        <h3 class=\"title-block\">Kompatibilnost Industrijskog Interkom Sustava<\/h3>\r\n          \r\n                        <div class=\"text-block\">\r\n                <p>Za tvrtke koje posluju u industrijskim okru\u017eenjima, BAS-IP interkom sustavi pru\u017eaju sna\u017ena komunikacijska rje\u0161enja dizajnirana da izdr\u017ee te\u0161ke uvjete. Implementacijom pouzdane industrijske interkom sustave, mo\u017eete odr\u017eati u\u010dinkovitu komunikaciju i sigurnu kontrolu pristupa \u010dak i u najzahtjevnijim uvjetima.<\/p>\n              <\/div>\r\n                  <\/div>\r\n    <\/div>\r\n<\/div>\r\n            <\/div>\r\n<\/section>\r\n<!-- END Block Features -->\n\n<!-- START Block FAQ --><section id=\"block_64215db07ecd6\" class=\"faq-section\">\r\n\t\t    <h2 class=\"title-section\" data-aos=\"fade-right\">\u010cesto postavljana pitanja o poslovnim interkom sustavima<\/h2>\r\n\t\t\t    <div class=\"faq-list js-accordion\" data-aos=\"fade-up\">\r\n\t\t\t\t\t\t\t\t\t\t\t    <div class=\"accordion-item faq-item\">\r\n                        <div class=\"accordion-opener\">\r\n                            Q: Kako poslovni interkom sustav mo\u017ee pobolj\u0161ati sigurnost u uredu?                            <i class=\"fa-solid fa-chevron-down\"><\/i>\r\n                        <\/div>\r\n                        <div class=\"accordion-slide\">\r\n\t\t\t\t\t\t    <p>Integriranjem zna\u010dajki poput video nadzora, kontrole pristupa i identifikacije posjetitelja, poslovni interkom sustavi poma\u017eu u za\u0161titi va\u0161eg ureda ili komercijalne nekretnine od neovla\u0161tenog pristupa i potencijalnih prijetnji.<\/p>\n                        <\/div>\r\n\t\t\t\t\t<\/div>\r\n\t\t\t\t\t\t\t\t\t\t\t\t\t\t\t    <div class=\"accordion-item faq-item\">\r\n                        <div class=\"accordion-opener\">\r\n                            Q: Mogu li integrirati BAS-IP interkom sustav u svoju postoje\u0107u IP lokalnu mre\u017eu?                            <i class=\"fa-solid fa-chevron-down\"><\/i>\r\n                        <\/div>\r\n                        <div class=\"accordion-slide\">\r\n\t\t\t\t\t\t    <p>Da, BAS-IP interkom sustavi mogu se besprijekorno integrirati u postoje\u0107e IP lokalne mre\u017ee, omogu\u0107uju\u0107i zaposlenicima da pristupe sustavu i otvore vrata s svojih ra\u010dunala i drugih povezanih ure\u0111aja. Ovo pojednostavljuje komunikaciju i kontrolu pristupa unutar va\u0161eg radnog mjesta.<\/p>\n                        <\/div>\r\n\t\t\t\t\t<\/div>\r\n\t\t\t\t\t\t\t\t\t\t\t\t\t\t\t    <div class=\"accordion-item faq-item\">\r\n                        <div class=\"accordion-opener\">\r\n                            Q: \u0160to \u010dini BAS-IP \u017ei\u010dne interkom sustave boljim izborom u odnosu na be\u017ei\u010dne opcije?                            <i class=\"fa-solid fa-chevron-down\"><\/i>\r\n                        <\/div>\r\n                        <div class=\"accordion-slide\">\r\n\t\t\t\t\t\t    <p>\u017di\u010dni interkom sustavi nude ve\u0107u pouzdanost, smanjeno ometanje i pobolj\u0161anu sigurnost u odnosu na be\u017ei\u010dne opcije. BAS-IP \u017ei\u010dni interkom sustavi dizajnirani su za dosljednu izvedbu, \u0161to ih \u010dini idealnim za tvrtke koje tra\u017ee pouzdana komunikacijska rje\u0161enja.<\/p>\n                        <\/div>\r\n\t\t\t\t\t<\/div>\r\n\t\t\t\t\t\t\t\t\t\t\t\t\t\t\t    <div class=\"accordion-item faq-item\">\r\n                        <div class=\"accordion-opener\">\r\n                            Q: Jesu li BAS-IP interkom sustavi pogodni za industrijska okru\u017eenja?                            <i class=\"fa-solid fa-chevron-down\"><\/i>\r\n                        <\/div>\r\n                        <div class=\"accordion-slide\">\r\n\t\t\t\t\t\t    <p>Da, BAS-IP interkom sustavi dizajnirani su za kompatibilnost s industrijskim okru\u017eenjima. Ovi robusni sustavi mogu izdr\u017eati te\u0161ke uvjete, osiguravaju\u0107i u\u010dinkovitu komunikaciju i sigurnu kontrolu pristupa u razli\u010ditim industrijama.<\/p>\n                        <\/div>\r\n\t\t\t\t\t<\/div>\r\n\t\t\t\t\t\t\t\t\t\t\t\t\t\t\t    <div class=\"accordion-item faq-item\">\r\n                        <div class=\"accordion-opener\">\r\n                            Q: Mogu li koristiti BAS-IP interkom sustav za integraciju s mojim pametnim uredskim ure\u0111ajima?                            <i class=\"fa-solid fa-chevron-down\"><\/i>\r\n                        <\/div>\r\n                        <div class=\"accordion-slide\">\r\n\t\t\t\t\t\t    <p>Da, BAS-IP interkom sustavi dizajnirani su za kompatibilnost s nizom pametnih uredskih ure\u0111aja, poput sustava za osvjetljenje i kontrolu klime. To omogu\u0107ava besprijekornu integraciju i pobolj\u0161anu ukupnu funkcionalnost va\u0161eg radnog prostora.<\/p>\n                        <\/div>\r\n\t\t\t\t\t<\/div>\r\n\t\t\t\t\t\t\t\t\t<\/div>\r\n\t<\/section>\r\n<!-- END Block FAQ -->\n\n\n<p>U dana\u0161njem brzom poslovnom okru\u017eenju, u\u010dinkovita komunikacija i robusne sigurnosne mjere su klju\u010dne. BAS-IP poslovni interkom sustavi nude sveobuhvatno rje\u0161enje, kombiniraju\u0107i najnovije zna\u010dajke, pouzdani hardver i besprijekornu integraciju u postoje\u0107e IP lokalne mre\u017ee. Implementacijom BAS-IP interkom sustava za va\u0161 ured ili komercijalnu nekretninu, mo\u017eete pobolj\u0161ati komunikaciju, sigurnost i ukupnu funkcionalnost radnog prostora. Iskusite prednosti interkom sustava svjetske klase i revolucionirajte svoje radno okru\u017eenje s BAS-IP inovativnim interkom rje\u0161enjima. Istra\u017eite mogu\u0107nosti u\u010dinkovite komunikacije, napredne sigurnosti i besprijekorne integracije koje mogu osna\u017eiti va\u0161e poslovanje i omogu\u0107iti mu da napreduje u sve povezanijem svijetu.<\/p>","protected":false},"excerpt":{"rendered":"<p>Revolucionirajte svoje radno mjesto poslovnim interfonskim sustavima. Kako tehnologija neprestano napreduje, klju\u010dno je da tvrtke ostanu u toku s najnovijim inovacijama. Jedan od takvih napredaka je integracija poslovnih interkom sustava, koji pru\u017eaju pobolj\u0161anu sigurnost i u\u010dinkovitu komunikaciju za urede i komercijalne objekte. IP interkomi BAS-IP-a nude sveobuhvatno rje\u0161enje s nizom jedinstvenih zna\u010dajki prilago\u0111enih modernom radnom [&hellip;]<\/p>","protected":false},"author":1,"featured_media":0,"parent":0,"menu_order":0,"comment_status":"closed","ping_status":"closed","template":"","meta":{"inline_featured_image":false,"footnotes":""},"class_list":["post-133217","page","type-page","status-publish","hentry"],"acf":[],"_links":{"self":[{"href":"https:\/\/bas-ip.com\/hr\/wp-json\/wp\/v2\/pages\/133217","targetHints":{"allow":["GET"]}}],"collection":[{"href":"https:\/\/bas-ip.com\/hr\/wp-json\/wp\/v2\/pages"}],"about":[{"href":"https:\/\/bas-ip.com\/hr\/wp-json\/wp\/v2\/types\/page"}],"author":[{"embeddable":true,"href":"https:\/\/bas-ip.com\/hr\/wp-json\/wp\/v2\/users\/1"}],"replies":[{"embeddable":true,"href":"https:\/\/bas-ip.com\/hr\/wp-json\/wp\/v2\/comments?post=133217"}],"version-history":[{"count":5,"href":"https:\/\/bas-ip.com\/hr\/wp-json\/wp\/v2\/pages\/133217\/revisions"}],"predecessor-version":[{"id":133275,"href":"https:\/\/bas-ip.com\/hr\/wp-json\/wp\/v2\/pages\/133217\/revisions\/133275"}],"wp:attachment":[{"href":"https:\/\/bas-ip.com\/hr\/wp-json\/wp\/v2\/media?parent=133217"}],"curies":[{"name":"wp","href":"https:\/\/api.w.org\/{rel}","templated":true}]}}