{"id":133055,"date":"2023-03-28T17:03:55","date_gmt":"2023-03-28T17:03:55","guid":{"rendered":"https:\/\/bas-ip.com\/case-studies\/"},"modified":"2025-03-05T11:47:05","modified_gmt":"2025-03-05T11:47:05","slug":"case-studies","status":"publish","type":"page","link":"https:\/\/bas-ip.com\/hr\/case-studies\/","title":{"rendered":"Rje\u0161enja"},"content":{"rendered":"<h1 class=\"wp-block-heading\"><strong>Interfonska rje\u0161enja<\/strong><\/h1>\n\n\n\n<p>BAS-IP \u0458\u0435 \u0432\u043e\u0434\u0435\u045b\u0438 \u0443 \u043f\u0440\u0443\u0436\u0430\u045a\u0443 \u0432\u0440\u0445\u0443\u043d\u0441\u043a\u0438\u0445 \u0438\u043d\u0442\u0435\u0440\u0444\u043e\u043d\u0441\u043a\u0438\u0445 \u0440\u0435\u0448\u0435\u045a\u0430 \u0437\u0430 \u0440\u0430\u0437\u043b\u0438\u0447\u0438\u0442\u0435 \u0438\u043d\u0434\u0443\u0441\u0442\u0440\u0438\u0458\u0435, \u043d\u0443\u0434\u0435\u045b\u0438 \u0438\u0437\u0443\u0437\u0435\u0442\u043d\u0430 \u0431\u0435\u0437\u0431\u0435\u0434\u043d\u043e\u0441\u043d\u0430 \u0438 \u043a\u043e\u043c\u0443\u043d\u0438\u043a\u0430\u0446\u0438\u043e\u043d\u0430 \u0438\u0441\u043a\u0443\u0441\u0442\u0432\u0430. \u0423 \u043e\u0432\u043e\u043c \u0447\u043b\u0430\u043d\u043a\u0443 \u0438\u0441\u0442\u0440\u0430\u0436\u0443\u0458\u0435\u043c\u043e \u0448\u0435\u0441\u0442 \u0443\u0431\u0435\u0434\u0459\u0438\u0432\u0438\u0445 \u0441\u0442\u0443\u0434\u0438\u0458\u0430 \u0441\u043b\u0443\u0447\u0430\u0458\u0430 \u0438\u043d\u0442\u0435\u0440\u0444\u043e\u043d\u0430 \u043a\u043e\u0458\u0438 \u0434\u0435\u043c\u043e\u043d\u0441\u0442\u0440\u0438\u0440\u0430\u0458\u0443 \u0441\u0432\u0435\u0441\u0442\u0440\u0430\u043d\u043e\u0441\u0442 \u0438 \u0435\u0444\u0438\u043a\u0430\u0441\u043d\u043e\u0441\u0442 \u043f\u0440\u043e\u0438\u0437\u0432\u043e\u0434\u0430 BAS-IP \u0443 \u0440\u0430\u0437\u043b\u0438\u0447\u0438\u0442\u0438\u043c \u043e\u043a\u0440\u0443\u0436\u0435\u045a\u0438\u043c\u0430. \u041e\u0434 \u0432\u0438\u0448\u0435\u0441\u0442\u0430\u043c\u0431\u0435\u043d\u0438\u0445 \u0437\u0433\u0440\u0430\u0434\u0430 \u0434\u043e \u0431\u043e\u043b\u043d\u0438\u0447\u043a\u0438\u0445 \u043e\u0431\u0458\u0435\u043a\u0430\u0442\u0430, \u043e\u0432\u0435 \u0441\u0442\u0443\u0434\u0438\u0458\u0435 \u0441\u043b\u0443\u0447\u0430\u0458\u0430 \u0438\u0441\u0442\u0438\u0447\u0443 \u0442\u0440\u0430\u043d\u0441\u0444\u043e\u0440\u043c\u0430\u0442\u0438\u0432\u043d\u0443 \u043c\u043e\u045b \u0438\u043d\u0442\u0435\u0440\u0444\u043e\u043d\u0441\u043a\u0438\u0445 \u0441\u0438\u0441\u0442\u0435\u043c\u0430 BAS-IP.<\/p>\n\n\n<!-- START Block Info 3 Columns with links --><section id=\"block_6437b6d9794a8\" class=\"info-columns-section\">\r\n   <div class=\"column-list\">\r\n                        <div class=\"column-item\" data-aos=\"fade-up\" data-aos-delay=\"100\">\r\n                  <div class=\"image-block\">\r\n            <a href=\"\/building-intercom-system\/\">\r\n               <img loading=\"lazy\" decoding=\"async\" width=\"320\" height=\"232\" src=\"https:\/\/bas-ip.com\/wp-content\/uploads\/2023\/04\/1-5.jpg\" class=\"attachment-thumbnail_345x250 size-thumbnail_345x250\" alt=\"\" srcset=\"https:\/\/bas-ip.com\/wp-content\/uploads\/2023\/04\/1-5.jpg 320w,  https:\/\/bas-ip.com\/wp-content\/uploads\/2023\/04\/1-5-300x218.jpg 300w\" sizes=\"auto, (max-width: 320px) 100vw, 320px\" \/><\/a>\r\n         <\/div>\r\n         \r\n                  <a href=\"\/building-intercom-system\/\">\r\n            <h3 class=\"title-section\">Vi\u0161estambena zgrada: Besprijekorno iskustvo stanovanja<\/h3>\r\n         <\/a>\r\n                           <div class=\"text-block\">\r\n            <p>Interfonska rje\u0161enja BAS-IP-a revolucionirala su na\u010din na koji stanari komuniciraju sa svojim \u017eivotnim okru\u017eenjem. U vi\u0161estambenoj zgradi, implementacija interfonskog sustava BAS-IP ne samo da je pobolj\u0161ala sigurnost, ve\u0107 je i olak\u0161ala besprijekornu komunikaciju izme\u0111u stanara, posjetitelja i upravitelja zgrade. Korisni\u010dko su\u010delje sustava i integracija s tehnologijom pametnog doma pru\u017eili su novu razinu prakti\u010dnosti i pristupa\u010dnosti stanarima, podi\u017eu\u0107i njihovo iskustvo stanovanja.<\/p>\n         <\/div>\r\n               <\/div>\r\n                              <div class=\"column-item\" data-aos=\"fade-up\" data-aos-delay=\"200\">\r\n                  <div class=\"image-block\">\r\n            <a href=\"\/business-intercom-systems-for-office\/\">\r\n               <img loading=\"lazy\" decoding=\"async\" width=\"320\" height=\"232\" src=\"https:\/\/bas-ip.com\/wp-content\/uploads\/2023\/04\/2-5.jpg\" class=\"attachment-thumbnail_345x250 size-thumbnail_345x250\" alt=\"\" srcset=\"https:\/\/bas-ip.com\/wp-content\/uploads\/2023\/04\/2-5.jpg 320w,  https:\/\/bas-ip.com\/wp-content\/uploads\/2023\/04\/2-5-300x218.jpg 300w\" sizes=\"auto, (max-width: 320px) 100vw, 320px\" \/><\/a>\r\n         <\/div>\r\n         \r\n                  <a href=\"\/business-intercom-systems-for-office\/\">\r\n            <h3 class=\"title-section\">Komercijalno: Pojednostavljenje operacija i sigurnosti<\/h3>\r\n         <\/a>\r\n                           <div class=\"text-block\">\r\n            <p>U komercijalnom ili industrijskom okru\u017eenju, u\u010dinkovita komunikacija i sigurnost su klju\u010dni za glatko odvijanje operacija. Interfonska rje\u0161enja BAS-IP-a odigrala su klju\u010dnu ulogu u pobolj\u0161anju tijeka rada i sigurnosnih mjera u velikom proizvodnom pogonu. Integracijom interfonskog sustava s kontrolom pristupa, video nadzorom i zna\u010dajkama hitnog odgovora, pogon je do\u017eivio zna\u010dajno pobolj\u0161anje u komunikaciji i ukupnoj sigurnosti.<\/p>\n         <\/div>\r\n               <\/div>\r\n                              <div class=\"column-item\" data-aos=\"fade-up\" data-aos-delay=\"300\">\r\n                  <div class=\"image-block\">\r\n            <a href=\"\/intercom-systems-for-home-and-house\/\">\r\n               <img loading=\"lazy\" decoding=\"async\" width=\"320\" height=\"232\" src=\"https:\/\/bas-ip.com\/wp-content\/uploads\/2023\/04\/3-5.jpg\" class=\"attachment-thumbnail_345x250 size-thumbnail_345x250\" alt=\"\" srcset=\"https:\/\/bas-ip.com\/wp-content\/uploads\/2023\/04\/3-5.jpg 320w,  https:\/\/bas-ip.com\/wp-content\/uploads\/2023\/04\/3-5-300x218.jpg 300w\" sizes=\"auto, (max-width: 320px) 100vw, 320px\" \/><\/a>\r\n         <\/div>\r\n         \r\n                  <a href=\"\/intercom-systems-for-home-and-house\/\">\r\n            <h3 class=\"title-section\">Dom: Pobolj\u0161anje sigurnosti i povezanosti<\/h3>\r\n         <\/a>\r\n                           <div class=\"text-block\">\r\n            <p>Budu\u0107i da vlasnici ku\u0107a sve vi\u0161e daju prednost sigurnosti i tehnologiji pametnog doma, interfonska rje\u0161enja BAS-IP-a pojavila su se kao popularan izbor. U prigradskoj ku\u0107i, instalacija interfonskog sustava BAS-IP ne samo da je pove\u0107ala sigurnost, ve\u0107 je i pobolj\u0161ala povezanost s \u010dlanovima obitelji i gostima. Intuitivno su\u010delje i kompatibilnost s pametnim telefonima omogu\u0107ili su vlasnicima ku\u0107a da nadziru svoju imovinu i komuniciraju bez napora, stvaraju\u0107i sigurno i povezano \u017eivotno okru\u017eenje.<\/p>\n         <\/div>\r\n               <\/div>\r\n                              <div class=\"column-item\" data-aos=\"fade-up\" data-aos-delay=\"400\">\r\n                  <div class=\"image-block\">\r\n            <a href=\"\/medical-hospital-intercom-system\/\">\r\n               <img loading=\"lazy\" decoding=\"async\" width=\"320\" height=\"232\" src=\"https:\/\/bas-ip.com\/wp-content\/uploads\/2023\/04\/4-5.jpg\" class=\"attachment-thumbnail_345x250 size-thumbnail_345x250\" alt=\"\" srcset=\"https:\/\/bas-ip.com\/wp-content\/uploads\/2023\/04\/4-5.jpg 320w,  https:\/\/bas-ip.com\/wp-content\/uploads\/2023\/04\/4-5-300x218.jpg 300w\" sizes=\"auto, (max-width: 320px) 100vw, 320px\" \/><\/a>\r\n         <\/div>\r\n         \r\n                  <a href=\"\/medical-hospital-intercom-system\/\">\r\n            <h3 class=\"title-section\">Bolnica: Ja\u010danje skrbi za pacijente i sigurnosti<\/h3>\r\n         <\/a>\r\n                           <div class=\"text-block\">\r\n            <p>Bolnice i medicinski objekti zahtijevaju napredne komunikacijske sustave kako bi se osigurala u\u010dinkovita skrb za pacijente i sigurnost. U najsuvremenijoj bolnici, interfonska rje\u0161enja BAS-IP-a kori\u0161tena su za pojednostavljenje komunikacije izme\u0111u medicinskog osoblja, pacijenata i posjetitelja. Sustav je olak\u0161ao brzi odgovor na hitne slu\u010dajeve, pobolj\u0161ao privatnost pacijenata i pobolj\u0161ao ukupnu sigurnost bolnice. Integracija interfonskog sustava BAS-IP pokazala se kao prekretnica u pru\u017eanju iznimne skrbi za pacijente.<\/p>\n         <\/div>\r\n               <\/div>\r\n                              <div class=\"column-item\" data-aos=\"fade-up\" data-aos-delay=\"500\">\r\n                  <div class=\"image-block\">\r\n            <a href=\"\/intercom-systems-for-schools\/\">\r\n               <img loading=\"lazy\" decoding=\"async\" width=\"320\" height=\"232\" src=\"https:\/\/bas-ip.com\/wp-content\/uploads\/2023\/04\/5-5.jpg\" class=\"attachment-thumbnail_345x250 size-thumbnail_345x250\" alt=\"\" srcset=\"https:\/\/bas-ip.com\/wp-content\/uploads\/2023\/04\/5-5.jpg 320w,  https:\/\/bas-ip.com\/wp-content\/uploads\/2023\/04\/5-5-300x218.jpg 300w\" sizes=\"auto, (max-width: 320px) 100vw, 320px\" \/><\/a>\r\n         <\/div>\r\n         \r\n                  <a href=\"\/intercom-systems-for-schools\/\">\r\n            <h3 class=\"title-section\">\u0160kola: Poticanje sigurnog okru\u017eenja za u\u010denje<\/h3>\r\n         <\/a>\r\n                           <div class=\"text-block\">\r\n            <p>Obrazovne institucije trebaju robusne sigurnosne i komunikacijske sustave za za\u0161titu u\u010denika i osoblja. U progresivnoj \u0161koli, interfonska rje\u0161enja BAS-IP-a bila su klju\u010dna za osiguravanje sigurnog okru\u017eenja za u\u010denje. Sustav je omogu\u0107io besprijekornu komunikaciju izme\u0111u u\u010dionica, administrativnih ureda i vanjskih posjetitelja, osiguravaju\u0107i sigurnost u\u010denika i osoblja. Dodatno, integracija interfonskog sustava s kontrolom pristupa i zna\u010dajkama video nadzora zna\u010dajno je pobolj\u0161ala ukupnu sigurnost \u0161kole.<\/p>\n         <\/div>\r\n               <\/div>\r\n                              <div class=\"column-item\" data-aos=\"fade-up\" data-aos-delay=\"600\">\r\n                  <div class=\"image-block\">\r\n            <a href=\"\/gate-intercom-system\/\">\r\n               <img loading=\"lazy\" decoding=\"async\" width=\"320\" height=\"232\" src=\"https:\/\/bas-ip.com\/wp-content\/uploads\/2023\/04\/6-4.jpg\" class=\"attachment-thumbnail_345x250 size-thumbnail_345x250\" alt=\"\" srcset=\"https:\/\/bas-ip.com\/wp-content\/uploads\/2023\/04\/6-4.jpg 320w,  https:\/\/bas-ip.com\/wp-content\/uploads\/2023\/04\/6-4-300x218.jpg 300w\" sizes=\"auto, (max-width: 320px) 100vw, 320px\" \/><\/a>\r\n         <\/div>\r\n         \r\n                  <a href=\"\/gate-intercom-system\/\">\r\n            <h3 class=\"title-section\">Vrata: Ja\u010danje perimetarske sigurnosti<\/h3>\r\n         <\/a>\r\n                           <div class=\"text-block\">\r\n            <p>Sigurnost vrata klju\u010dna je za za\u0161titu imovine i odr\u017eavanje privatnosti. U vrhunskom stambenom naselju, interfonska rje\u0161enja BAS-IP-a implementirana su za ja\u010danje perimetarske sigurnosti. Sustav je omogu\u0107io stanarima da daljinski odobre ili odbiju pristup posjetiteljima, a integracija s video nadzorom omogu\u0107ila je besprijekorno pra\u0107enje ulaza i izlaza naselja. Ovo napredno interfonsko rje\u0161enje doprinijelo je pove\u0107anom osje\u0107aju sigurnosti i mira za stanare.<\/p>\n         <\/div>\r\n               <\/div>\r\n                     <\/div>\r\n<\/section>\r\n<!-- END Block Info 3 Columns with links -->\n\n\n<p>Ove studije slu\u010daja interfona prikazuju izvanrednu svestranost i u\u010dinkovitost interfonskih rje\u0161enja BAS-IP-a u razli\u010ditim sektorima. Od stambenih zajednica do bolnica, implementacija interfonskih sustava BAS-IP-a transformirala je komunikaciju, sigurnost i cjelokupno korisni\u010dko iskustvo. Kako tehnologija nastavlja napredovati, BAS-IP ostaje predan pru\u017eanju inovativnih i vrhunskih interfonskih rje\u0161enja koja zadovoljavaju promjenjive potrebe razli\u010ditih industrija.<\/p>\n\n\n<!-- START Block FAQ --><section id=\"block_64231e53deae2\" class=\"faq-section\">\r\n\t\t    <h2 class=\"title-section\" data-aos=\"fade-right\">\u010cesto postavljana pitanja<\/h2>\r\n\t\t\t    <div class=\"faq-list js-accordion\" data-aos=\"fade-up\">\r\n\t\t\t\t\t\t\t\t\t\t\t    <div class=\"accordion-item faq-item\">\r\n                        <div class=\"accordion-opener\">\r\n                            Q: Kako BAS-IP osigurava sigurnost i pouzdanost svojih interfonskih rje\u0161enja?                            <i class=\"fa-solid fa-chevron-down\"><\/i>\r\n                        <\/div>\r\n                        <div class=\"accordion-slide\">\r\n\t\t\t\t\t\t    <p>BAS-IP \u043a\u043e\u0440\u0438\u0441\u0442\u0438 \u043d\u0430\u043f\u0440\u0435\u0434\u043d\u0435 \u043f\u0440\u043e\u0442\u043e\u043a\u043e\u043b\u0435 \u0437\u0430 \u0435\u043d\u043a\u0440\u0438\u043f\u0446\u0438\u0458\u0443 \u0438 \u0440\u043e\u0431\u0443\u0441\u0442\u0430\u043d \u0445\u0430\u0440\u0434\u0432\u0435\u0440 \u043a\u0430\u043a\u043e \u0431\u0438 \u043e\u0441\u0438\u0433\u0443\u0440\u0430\u043e \u0441\u0438\u0433\u0443\u0440\u043d\u043e\u0441\u0442 \u0438 \u043f\u043e\u0443\u0437\u0434\u0430\u043d\u043e\u0441\u0442 \u0441\u0432\u043e\u0458\u0438\u0445 \u0438\u043d\u0442\u0435\u0440\u0444\u043e\u043d\u0441\u043a\u0438\u0445 \u0441\u0438\u0441\u0442\u0435\u043c\u0430. \u041e\u0432\u0430 \u043f\u043e\u0441\u0432\u0435\u045b\u0435\u043d\u043e\u0441\u0442 \u043f\u0440\u0443\u0436\u0430\u045a\u0443 \u0432\u0440\u0445\u0443\u043d\u0441\u043a\u0435 \u0442\u0435\u0445\u043d\u043e\u043b\u043e\u0433\u0438\u0458\u0435 \u0443\u0447\u0438\u043d\u0438\u043b\u0430 \u0458\u0435 BAS-IP \u043f\u043e\u0443\u0437\u0434\u0430\u043d\u0438\u043c \u0438\u0437\u0431\u043e\u0440\u043e\u043c \u0437\u0430 \u0440\u0430\u0437\u043b\u0438\u0447\u0438\u0442\u0435 \u0438\u043d\u0434\u0443\u0441\u0442\u0440\u0438\u0458\u0435 \u0448\u0438\u0440\u043e\u043c \u0441\u0432\u0435\u0442\u0430.<\/p>\n                        <\/div>\r\n\t\t\t\t\t<\/div>\r\n\t\t\t\t\t\t\t\t\t\t\t\t\t\t\t    <div class=\"accordion-item faq-item\">\r\n                        <div class=\"accordion-opener\">\r\n                            Q: Kako interfonska rje\u0161enja BAS-IP-a doprinose energetskoj u\u010dinkovitosti?                            <i class=\"fa-solid fa-chevron-down\"><\/i>\r\n                        <\/div>\r\n                        <div class=\"accordion-slide\">\r\n\t\t\t\t\t\t    <p>Interfonski sustavi BAS-IP-a projektirani su s obzirom na energetsku u\u010dinkovitost. Uklju\u010divanjem zna\u010dajki kao \u0161to su rasvjeta aktivirana pokretom, pametna kontrola klime i na\u010dini rada u stanju pripravnosti koji \u0161tede energiju, interfonska rje\u0161enja BAS-IP-a doprinose zelenijem i odr\u017eivijem okoli\u0161u.<\/p>\n                        <\/div>\r\n\t\t\t\t\t<\/div>\r\n\t\t\t\t\t\t\t\t\t\t\t\t\t\t\t    <div class=\"accordion-item faq-item\">\r\n                        <div class=\"accordion-opener\">\r\n                            Q: \u041a\u0430\u043a\u0432\u0443 \u0432\u0440\u0441\u0442\u0443 \u043f\u043e\u0434\u0440\u0448\u043a\u0435 BAS-IP \u043d\u0443\u0434\u0438 \u0437\u0430 \u0441\u0432\u043e\u0458\u0430 \u0438\u043d\u0442\u0435\u0440\u0444\u043e\u043d\u0441\u043a\u0430 \u0440\u0435\u0448\u0435\u045a\u0430?                            <i class=\"fa-solid fa-chevron-down\"><\/i>\r\n                        <\/div>\r\n                        <div class=\"accordion-slide\">\r\n\t\t\t\t\t\t    <p>BAS-IP \u0458\u0435 \u043f\u043e\u0441\u0432\u0435\u045b\u0435\u043d \u043f\u0440\u0443\u0436\u0430\u045a\u0443 \u0438\u0437\u0443\u0437\u0435\u0442\u043d\u0435 \u043a\u043e\u0440\u0438\u0441\u043d\u0438\u0447\u043a\u0435 \u043f\u043e\u0434\u0440\u0448\u043a\u0435, \u043d\u0443\u0434\u0435\u045b\u0438 \u0441\u0432\u0435\u043e\u0431\u0443\u0445\u0432\u0430\u0442\u043d\u0443 \u0442\u0435\u0445\u043d\u0438\u0447\u043a\u0443 \u043f\u043e\u043c\u043e\u045b \u0438 \u0440\u0435\u0441\u0443\u0440\u0441\u0435 \u043a\u0430\u043a\u043e \u0431\u0438 \u0441\u0435 \u043e\u0441\u0438\u0433\u0443\u0440\u0430\u043b\u0430 \u0433\u043b\u0430\u0442\u043a\u0430 \u0438\u043c\u043f\u043b\u0435\u043c\u0435\u043d\u0442\u0430\u0446\u0438\u0458\u0430 \u0438 \u0440\u0430\u0434 \u045a\u0435\u0433\u043e\u0432\u0438\u0445 \u0438\u043d\u0442\u0435\u0440\u0444\u043e\u043d\u0441\u043a\u0438\u0445 \u0441\u0438\u0441\u0442\u0435\u043c\u0430. \u041e\u0432\u0430 \u043f\u043e\u0441\u0432\u0435\u045b\u0435\u043d\u043e\u0441\u0442 \u0437\u0430\u0434\u043e\u0432\u043e\u0459\u0441\u0442\u0432\u0443 \u043a\u043e\u0440\u0438\u0441\u043d\u0438\u043a\u0430 \u0434\u043e\u043d\u0435\u043b\u0430 \u0458\u0435 BAS-IP-\u0443 \u043e\u0434\u043b\u0438\u0447\u043d\u0443 \u0440\u0435\u043f\u0443\u0442\u0430\u0446\u0438\u0458\u0443 \u0443 \u0438\u043d\u0434\u0443\u0441\u0442\u0440\u0438\u0458\u0438.<\/p>\n                        <\/div>\r\n\t\t\t\t\t<\/div>\r\n\t\t\t\t\t\t\t\t\t<\/div>\r\n\t<\/section>\r\n<!-- END Block FAQ -->","protected":false},"excerpt":{"rendered":"<p>Interfonska rje\u0161enja BAS-IP \u0458\u0435 \u0432\u043e\u0434\u0435\u045b\u0438 \u0443 \u043f\u0440\u0443\u0436\u0430\u045a\u0443 \u0432\u0440\u0445\u0443\u043d\u0441\u043a\u0438\u0445 \u0438\u043d\u0442\u0435\u0440\u0444\u043e\u043d\u0441\u043a\u0438\u0445 \u0440\u0435\u0448\u0435\u045a\u0430 \u0437\u0430 \u0440\u0430\u0437\u043b\u0438\u0447\u0438\u0442\u0435 \u0438\u043d\u0434\u0443\u0441\u0442\u0440\u0438\u0458\u0435, \u043d\u0443\u0434\u0435\u045b\u0438 \u0438\u0437\u0443\u0437\u0435\u0442\u043d\u0430 \u0431\u0435\u0437\u0431\u0435\u0434\u043d\u043e\u0441\u043d\u0430 \u0438 \u043a\u043e\u043c\u0443\u043d\u0438\u043a\u0430\u0446\u0438\u043e\u043d\u0430 \u0438\u0441\u043a\u0443\u0441\u0442\u0432\u0430. \u0423 \u043e\u0432\u043e\u043c \u0447\u043b\u0430\u043d\u043a\u0443 \u0438\u0441\u0442\u0440\u0430\u0436\u0443\u0458\u0435\u043c\u043e \u0448\u0435\u0441\u0442 \u0443\u0431\u0435\u0434\u0459\u0438\u0432\u0438\u0445 \u0441\u0442\u0443\u0434\u0438\u0458\u0430 \u0441\u043b\u0443\u0447\u0430\u0458\u0430 \u0438\u043d\u0442\u0435\u0440\u0444\u043e\u043d\u0430 \u043a\u043e\u0458\u0438 \u0434\u0435\u043c\u043e\u043d\u0441\u0442\u0440\u0438\u0440\u0430\u0458\u0443 \u0441\u0432\u0435\u0441\u0442\u0440\u0430\u043d\u043e\u0441\u0442 \u0438 \u0435\u0444\u0438\u043a\u0430\u0441\u043d\u043e\u0441\u0442 \u043f\u0440\u043e\u0438\u0437\u0432\u043e\u0434\u0430 BAS-IP \u0443 \u0440\u0430\u0437\u043b\u0438\u0447\u0438\u0442\u0438\u043c \u043e\u043a\u0440\u0443\u0436\u0435\u045a\u0438\u043c\u0430. \u041e\u0434 \u0432\u0438\u0448\u0435\u0441\u0442\u0430\u043c\u0431\u0435\u043d\u0438\u0445 \u0437\u0433\u0440\u0430\u0434\u0430 \u0434\u043e \u0431\u043e\u043b\u043d\u0438\u0447\u043a\u0438\u0445 \u043e\u0431\u0458\u0435\u043a\u0430\u0442\u0430, \u043e\u0432\u0435 \u0441\u0442\u0443\u0434\u0438\u0458\u0435 \u0441\u043b\u0443\u0447\u0430\u0458\u0430 \u0438\u0441\u0442\u0438\u0447\u0443 \u0442\u0440\u0430\u043d\u0441\u0444\u043e\u0440\u043c\u0430\u0442\u0438\u0432\u043d\u0443 \u043c\u043e\u045b \u0438\u043d\u0442\u0435\u0440\u0444\u043e\u043d\u0441\u043a\u0438\u0445 \u0441\u0438\u0441\u0442\u0435\u043c\u0430 BAS-IP. Ove studije [&hellip;]<\/p>","protected":false},"author":1,"featured_media":0,"parent":0,"menu_order":0,"comment_status":"closed","ping_status":"closed","template":"","meta":{"inline_featured_image":false,"footnotes":""},"class_list":["post-133055","page","type-page","status-publish","hentry"],"acf":[],"_links":{"self":[{"href":"https:\/\/bas-ip.com\/hr\/wp-json\/wp\/v2\/pages\/133055","targetHints":{"allow":["GET"]}}],"collection":[{"href":"https:\/\/bas-ip.com\/hr\/wp-json\/wp\/v2\/pages"}],"about":[{"href":"https:\/\/bas-ip.com\/hr\/wp-json\/wp\/v2\/types\/page"}],"author":[{"embeddable":true,"href":"https:\/\/bas-ip.com\/hr\/wp-json\/wp\/v2\/users\/1"}],"replies":[{"embeddable":true,"href":"https:\/\/bas-ip.com\/hr\/wp-json\/wp\/v2\/comments?post=133055"}],"version-history":[{"count":4,"href":"https:\/\/bas-ip.com\/hr\/wp-json\/wp\/v2\/pages\/133055\/revisions"}],"predecessor-version":[{"id":133117,"href":"https:\/\/bas-ip.com\/hr\/wp-json\/wp\/v2\/pages\/133055\/revisions\/133117"}],"wp:attachment":[{"href":"https:\/\/bas-ip.com\/hr\/wp-json\/wp\/v2\/media?parent=133055"}],"curies":[{"name":"wp","href":"https:\/\/api.w.org\/{rel}","templated":true}]}}