{"id":131201,"date":"2025-02-19T15:47:09","date_gmt":"2025-02-19T15:47:09","guid":{"rendered":"https:\/\/bas-ip.com\/intercom-migration-to-link\/"},"modified":"2025-02-24T11:13:20","modified_gmt":"2025-02-24T11:13:20","slug":"intercom-migration-to-link","status":"publish","type":"page","link":"https:\/\/bas-ip.com\/hr\/intercom-migration-to-link\/","title":{"rendered":"Migracija Intercoma na Link"},"content":{"rendered":"<h2 data-sourcepos=\"1:1-1:49\">Intercom se seli na Link: \u0160to to zna\u010di za vas?<\/h2>\n<p data-sourcepos=\"3:1-3:321\">Od 4. o\u017eujka 2025. aplikacija Intercom za Android vi\u0161e ne\u0107e biti dostupna u Trgovini Google Play. Me\u0111utim, web verzija i iOS aplikacija nastavit \u0107e funkcionirati bez ikakvih promjena, a Intercomovi poslu\u017eitelji ostat \u0107e aktivni kako bi se osigurala stabilnost i pristup va\u0161im podacima do prestanka podr\u0161ke za poslu\u017eitelj.<\/p>\n<p data-sourcepos=\"5:1-5:217\">Pozivamo vas da prije\u0111ete na Link &#8211; mo\u0107no rje\u0161enje dizajnirano za va\u0161u udobnost. Platforma nudi napredne mogu\u0107nosti upravljanja, visoku razinu stabilnosti i sigurnost koja zadovoljava najnovije industrijske standarde.<\/p>\n<p data-sourcepos=\"7:1-7:164\">Razumijemo da ova promjena mo\u017ee izazvati pitanja, stoga smo pripremili detaljne upute i sveobuhvatnu podr\u0161ku kako bismo prijelaz u\u010dinili \u0161to glatkijim i bez napora.<\/p>\n<h2 data-sourcepos=\"9:1-9:29\">Za\u0161to radimo ovu promjenu?<\/h2>\n<p data-sourcepos=\"11:1-11:355\">Na\u0161a odluka o prelasku na Link vo\u0111ena je potrebom da vam pru\u017eimo bolju kvalitetu usluge i moderne alate za upravljanje ure\u0111ajima. Aplikacija Intercom za Android je zastarjela i vi\u0161e ne zadovoljava trenutne zahtjeve. Umjesto a\u017euriranja stare platforme, odlu\u010dili smo razviti mo\u0107nije i user-friendly rje\u0161enje koje \u0107e postaviti novi standard za va\u0161u udobnost.<\/p>\n<h2 data-sourcepos=\"13:1-13:15\">\u0160to je Link?<\/h2>\n<p data-sourcepos=\"15:1-15:187\">Link je platforma dizajnirana za one koji cijene udobnost i pouzdanost. Zamjenjuje Intercom i nudi vi\u0161e zna\u010dajki, pobolj\u0161ani dizajn i dugoro\u010dnu podr\u0161ku. Evo \u0161to mo\u017eete o\u010dekivati od Linka:<\/p>\n<ul data-sourcepos=\"17:1-21:0\">\n<li data-sourcepos=\"17:1-17:106\"><strong>Preoblikovano su\u010delje:<\/strong> Jednostavan i intuitivan dizajn stvoren za besprijekorno korisni\u010dko iskustvo.<\/li>\n<li data-sourcepos=\"18:1-18:127\"><strong>Podr\u0161ka za moderne ure\u0111aje:<\/strong> Link je kompatibilan s najnovijim operativnim sustavima i integrira se s novim tehnologijama.<\/li>\n<li data-sourcepos=\"19:1-19:128\"><strong>Napredne zna\u010dajke:<\/strong> Upravljanje pristupom, sigurnost i fleksibilna konfiguracija ure\u0111aja &#8211; sve dostupno na novoj platformi.<\/li>\n<li data-sourcepos=\"20:1-21:0\"><strong>Stabilnost i pouzdanost:<\/strong> Izgra\u0111en za rukovanje velikim optere\u0107enjima, osiguravaju\u0107i neprekidan rad.<\/li>\n<\/ul>\n<h2 data-sourcepos=\"22:1-22:32\">Kako \u0107e se odvijati prijelaz?<\/h2>\n<p data-sourcepos=\"24:1-24:334\">Proces prijelaza u\u010dinili smo \u0161to jednostavnijim. Aktivni Intercom ra\u010duni automatski \u0107e se migrirati na platformu Link, a korisnici \u0107e dobiti licence za Basic verziju jednake broju SIP brojeva na svom ra\u010dunu. Proces je osmi\u0161ljen kako bi se smanjile sve potencijalne pote\u0161ko\u0107e uz osiguranje pristupa svim dostupnim zna\u010dajkama platforme.<\/p>\n<p data-sourcepos=\"26:1-26:52\">Za vlasnike nekretnina prijelaz \u0107e biti jednostavan:<\/p>\n<ol data-sourcepos=\"28:1-30:0\">\n<li data-sourcepos=\"28:1-28:71\">Postavite svoj ra\u010dun i pove\u017eite interfonske ure\u0111aje s poslu\u017eiteljem.<\/li>\n<li data-sourcepos=\"29:1-30:0\">Ispunite tablicu s informacijama o stanarima i prenesite je u sustav.<\/li>\n<\/ol>\n<p data-sourcepos=\"31:1-31:144\">Sustav \u0107e se pobrinuti za ostalo: kreirat \u0107e korisni\u010dke ra\u010dune, slati pozivnice, konfigurirati interfonske ure\u0111aje i odobriti pristup platformi.<\/p>\n<p data-sourcepos=\"33:1-33:106\">Stanari \u0107e trebati samo dovr\u0161iti registraciju putem pozivnice &#8211; i mogu odmah po\u010deti koristiti novi sustav.<\/p>\n<h2 data-sourcepos=\"35:1-35:27\">\u0160to \u0107e platforma raditi:<\/h2>\n<ul data-sourcepos=\"37:1-40:0\">\n<li data-sourcepos=\"37:1-37:91\">Automatski \u0107e povezati korisni\u010dke ra\u010dune s njihovim ure\u0111ajima i osigurati pristup usluzi.<\/li>\n<li data-sourcepos=\"38:1-38:104\">Konfigurirat \u0107e integraciju interfona, uklju\u010duju\u0107i sinkronizaciju telefonskog imenika ako je potrebno.<\/li>\n<li data-sourcepos=\"39:1-40:0\">Obraditi podatke i izdati licence za Basic verziju za Link.<\/li>\n<\/ul>\n<p data-sourcepos=\"41:1-41:160\">Za slo\u017eenije slu\u010dajeve, poput rada sa starijim ure\u0111ajima ili ru\u010dnog prijenosa podataka, razvili smo alate koji \u0107e partnerima pomo\u0107i u pojednostavljenju procesa.<\/p>\n<h2 data-sourcepos=\"43:1-43:28\">Koje su prednosti za vas?<\/h2>\n<p data-sourcepos=\"45:1-45:84\">Kako bi prijelaz bio \u0161to korisniji, platforma Link nudi \u0161irok raspon novih zna\u010dajki:<\/p>\n<p data-sourcepos=\"47:1-47:26\"><strong>Upravljanje pristupom:<\/strong><\/p>\n<ul data-sourcepos=\"49:1-50:0\">\n<li data-sourcepos=\"49:1-50:0\">Potpuna kontrola nad pristupom zgradi putem mobilne aplikacije, uklju\u010duju\u0107i daljinsko otklju\u010davanje vrata i upravljanje pristupom gostiju.<\/li>\n<\/ul>\n<p data-sourcepos=\"51:1-51:38\"><strong>Pobolj\u0161ane mogu\u0107nosti interakcije:<\/strong><\/p>\n<ul data-sourcepos=\"53:1-54:0\">\n<li data-sourcepos=\"53:1-54:0\">Integracija s modernim ure\u0111ajima poput Apple Watch i Siri, upravljanje obiteljskim doga\u0111ajima i rezervacija soba putem platforme.<\/li>\n<\/ul>\n<p data-sourcepos=\"55:1-55:29\"><strong>Evidentiranje i pra\u0107enje:<\/strong><\/p>\n<ul data-sourcepos=\"57:1-58:0\">\n<li data-sourcepos=\"57:1-58:0\">Pregled povijesti poziva, evidencije pristupa i upravljanje rasporedima i ograni\u010denjima.<\/li>\n<\/ul>\n<p data-sourcepos=\"59:1-59:29\"><strong>Modularnost i prilagodba:<\/strong><\/p>\n<ul data-sourcepos=\"61:1-62:0\">\n<li data-sourcepos=\"61:1-62:0\">Stvaranje prostora za stambene i poslovne nekretnine, konfiguriranje fleksibilnih pravila za proslje\u0111ivanje poziva i upravljanje telefonskim imenicima.<\/li>\n<\/ul>\n<p data-sourcepos=\"63:1-63:33\"><strong>Napredne telefonske zna\u010dajke:<\/strong><\/p>\n<ul data-sourcepos=\"65:1-66:0\">\n<li data-sourcepos=\"65:1-66:0\">Podr\u0161ka za SIP trunking, virtualne brojeve i funkcionalnost softphonea za besprijekornu komunikaciju.<\/li>\n<\/ul>\n<p data-sourcepos=\"67:1-67:21\"><strong>Sigurnosni alati:<\/strong><\/p>\n<ul data-sourcepos=\"69:1-70:0\">\n<li data-sourcepos=\"69:1-70:0\">Integracija s ure\u0111ajima za hitne pozive, upravljanje pristupom dizalu i kontrola nad ograni\u010denim podru\u010djima.<\/li>\n<\/ul>\n<h2 data-sourcepos=\"71:1-71:36\">Kako \u0107emo obavijestiti korisnike?<\/h2>\n<p data-sourcepos=\"73:1-73:75\">Pripremili smo niz obavijesti koje \u0107e vas voditi kroz svaku fazu prijelaza:<\/p>\n<ul data-sourcepos=\"75:1-79:0\">\n<li data-sourcepos=\"75:1-75:162\"><strong>Informativni e-mailovi:<\/strong> Primit \u0107ete e-mailove s detaljima o promjenama, vremenskom planu prijelaza, prednostima Linka i uputama za migraciju korak po korak.<\/li>\n<li data-sourcepos=\"76:1-76:125\"><strong>Pozivnice za registraciju:<\/strong> Nakon migracije podataka primit \u0107ete pozivnicu za dovr\u0161etak registracije na novoj platformi.<\/li>\n<li data-sourcepos=\"77:1-77:145\"><strong>Podsjetnici:<\/strong> Ako je potrebno, poslat \u0107emo podsjetnike kako bismo osigurali da dovr\u0161ite postavljanje i po\u010dnete koristiti Link bez odga\u0111anja.<\/li>\n<li data-sourcepos=\"78:1-79:0\"><strong>Korisni\u010dka podr\u0161ka:<\/strong> Na\u0161 tim bit \u0107e dostupan za odgovore na va\u0161a pitanja putem e-po\u0161te i drugih kanala podr\u0161ke.<\/li>\n<\/ul>\n<h2 data-sourcepos=\"80:1-80:54\">Migracija s Intercoma na Link: Vodi\u010d korak po korak<\/h2>\n<p data-sourcepos=\"82:1-82:312\">Kako biste osigurali nesmetan prijelaz, primit \u0107ete pozivnicu za pridru\u017eivanje novom Link poslu\u017eitelju izme\u0111u 20. i 25. velja\u010de. Ova \u0107e pozivnica biti poslana na adresu e-po\u0161te koju ste koristili za registraciju u Intercomu. Molimo provjerite svoju pristiglu po\u0161tu (i mapu ne\u017eeljene po\u0161te) tijekom tog razdoblja.<\/p>\n<h2 data-sourcepos=\"84:1-84:24\">Po\u010detak rada s Linkom<\/h2>\n<ol data-sourcepos=\"86:1-90:0\">\n<li data-sourcepos=\"86:1-86:99\"><strong>Prihvatite pozivnicu:<\/strong> Kliknite na vezu u e-poruci s pozivnicom za pristup Link poslu\u017eitelju.<\/li>\n<li data-sourcepos=\"87:1-87:89\"><strong>Kreirajte lozinku:<\/strong> Bit \u0107ete zatra\u017eeni da kreirate novu lozinku za svoj Link ra\u010dun.<\/li>\n<li data-sourcepos=\"88:1-88:148\"><strong>Prijavite se:<\/strong> Nakon \u0161to kreirate lozinku, mo\u017eete se prijaviti na Link poslu\u017eitelj koriste\u0107i svoju registriranu adresu e-po\u0161te i novu lozinku.<\/li>\n<li data-sourcepos=\"89:1-90:0\"><strong>Slijedite upute za postavljanje:<\/strong> Nakon prijave bit \u0107ete vo\u0111eni kroz postupak postavljanja. Upute \u0107e se razlikovati ovisno o vrsti korisnika i opremi.<\/li>\n<\/ol>\n<h2 data-sourcepos=\"91:1-91:32\">Upute specifi\u010dne za korisnika<\/h2>\n<p data-sourcepos=\"93:1-93:114\">Kako bismo proces migracije u\u010dinili \u0161to jednostavnijim, pru\u017eili smo detaljne upute za razli\u010dite skupine korisnika<span style=\"font-size: revert; color: initial;\">:<\/span><\/p>\n<div id=\"model-response-message-contentr_7cc64dd4d44cdcb4\" class=\"markdown markdown-main-panel\" dir=\"ltr\">\n<p data-sourcepos=\"20:5-20:17\"><strong>Partneri:<\/strong><\/p>\n<ul>\n<li><a href=\"https:\/\/basip.atlassian.net\/wiki\/spaces\/migrationtothelink\/pages\/354812908\" target=\"_blank\" rel=\"noopener\">Vlasnici nove opreme ili oni koji su odgovorni za njezino postavljanje<\/a><\/li>\n<li><a href=\"https:\/\/basip.atlassian.net\/wiki\/spaces\/migrationtothelink\/pages\/354713882\" target=\"_blank\" rel=\"noopener\">Vlasnici stare opreme (ili oni koji su odgovorni za njezino postavljanje) koja se ne mo\u017ee povezati s novim Link poslu\u017eiteljem<\/a><\/li>\n<li><a style=\"font-size: revert;\" href=\"https:\/\/basip.atlassian.net\/wiki\/spaces\/migrationtothelink\/pages\/354877460\" target=\"_blank\" rel=\"noopener\">Vlasnici stare opreme (ili oni koji su odgovorni za njeno postavljanje) koja podr\u017eava povezivanje s novim Link poslu\u017eiteljem<\/a><\/li>\n<\/ul>\n<p><strong>Stanovnici stambenih kompleksa ili privatni klijenti:<\/strong><\/p>\n<ul>\n<li><a href=\"https:\/\/basip.atlassian.net\/wiki\/spaces\/migrationtothelink\/pages\/354713902\" target=\"_blank\" rel=\"noopener\">Korisnici Intercoma koji nemaju portafon, ali imaju mobilnu aplikaciju<\/a><\/li>\n<li><a href=\"https:\/\/basip.atlassian.net\/wiki\/spaces\/migrationtothelink\/pages\/354713892\" target=\"_blank\" rel=\"noopener\">Korisnici Intercoma koji imaju i portafon i mobilnu aplikaciju<\/a><\/li>\n<\/ul>\n<p data-sourcepos=\"1:1-1:205\">Preporu\u010dujemo da pregledate upute koje su relevantne za va\u0161u vrstu korisnika i opremu. Ako imate bilo kakvih pitanja ili trebate pomo\u0107 tijekom procesa migracije, slobodno se obratite na\u0161em timu za podr\u0161ku.<\/p>\n<p data-sourcepos=\"3:1-3:123\">Uvjereni smo da \u0107ete u\u017eivati u pobolj\u0161anom iskustvu komunikacije koje Link pru\u017ea. Hvala vam na va\u0161oj kontinuiranoj podr\u0161ci!<\/p>\n<p data-sourcepos=\"5:1-5:18\">Dobrodo\u0161li u Link!<\/p>\n<\/div>\n\n<!-- START Block Sign Up --><section id=\"block_629678229e935\" class=\"sign-up-section\">\r\n\r\n    <div class=\"form-holder js-form\" data-aos=\"fade-right\">\r\n                    <div class=\"title-block h3\">Sign up for connection<\/div>\r\n        \r\n                    <div class=\"text-block\">\r\n                Filling out all the information needed to answer you as quickly as possible            <\/div>\r\n        \r\n                    \n<div class=\"wpcf7 no-js\" id=\"wpcf7-f102-o1\" lang=\"en-US\" dir=\"ltr\">\n<div class=\"screen-reader-response\"><p role=\"status\" aria-live=\"polite\" aria-atomic=\"true\"><\/p> <ul><\/ul><\/div>\n<form action=\"\/hr\/wp-json\/wp\/v2\/pages\/131201#wpcf7-f102-o1\" method=\"post\" class=\"wpcf7-form init\" aria-label=\"Contact form\" enctype=\"multipart\/form-data\" novalidate=\"novalidate\" data-status=\"init\">\n<div style=\"display: none;\">\n<input type=\"hidden\" name=\"_wpcf7\" value=\"102\" \/>\n<input type=\"hidden\" name=\"_wpcf7_version\" value=\"5.8.3\" \/>\n<input type=\"hidden\" name=\"_wpcf7_locale\" value=\"en_US\" \/>\n<input type=\"hidden\" name=\"_wpcf7_unit_tag\" value=\"wpcf7-f102-o1\" \/>\n<input type=\"hidden\" name=\"_wpcf7_container_post\" value=\"0\" \/>\n<input type=\"hidden\" name=\"_wpcf7_posted_data_hash\" value=\"\" \/>\n<input type=\"hidden\" name=\"_wpcf7_recaptcha_response\" value=\"\" \/>\n<\/div>\n<div class=\"row\"> \n <label><span class=\"label-text\">Name<\/span> \n  <span class=\"wpcf7-form-control-wrap\" data-name=\"text-full-name\"><input size=\"40\" class=\"wpcf7-form-control wpcf7-text wpcf7-validates-as-required\" aria-required=\"true\" aria-invalid=\"false\" placeholder=\"Name\" value=\"\" type=\"text\" name=\"text-full-name\" \/><\/span><\/label> \n<\/div> \n<div class=\"row\"> \n <label><span class=\"label-text\">Phone*<\/span> \n<span class=\"wpcf7-form-control-wrap\" data-name=\"phonetext-270\"><input size=\"40\" class=\"wpcf7-form-control wpcf7-phonetext wpcf7-validates-as-required wpcf7-text wpcf7-validates-as-phonetext\" aria-required=\"true\" aria-invalid=\"false\" placeholder=\"Phone*\" value=\"\" type=\"text\" name=\"phonetext-270\" \/><input type=\"hidden\" name=\"phonetext-270-country-code\" class=\"wpcf7-phonetext-country-code\" \/><\/span><\/label> \n<\/div> \n<div class=\"row\"> \n <label><span class=\"label-text\">E-mail<\/span> \n  <span class=\"wpcf7-form-control-wrap\" data-name=\"email-e-mail\"><input size=\"40\" class=\"wpcf7-form-control wpcf7-email wpcf7-validates-as-required wpcf7-text wpcf7-validates-as-email\" aria-required=\"true\" aria-invalid=\"false\" placeholder=\"E-mail\" value=\"\" type=\"email\" name=\"email-e-mail\" \/><\/span><\/label> \n<\/div> \n<div class=\"row\"><span>Your country<\/span> \n <label><span class=\"wpcf7-form-control-wrap\" data-name=\"countrytext-126\"><input size=\"40\" class=\"wpcf7-form-control wpcf7-countrytext wpcf7-text wpcf7-validates-as-countrytext\" aria-invalid=\"false\" value=\"\" type=\"text\" name=\"countrytext-126\" \/><\/span> <\/label>\n<\/div> \n<div class=\"row\"> \n <button type=\"submit\" class=\"btn\">Send<\/button> \n<\/div> \n<div class=\"row\"> \n <span class=\"wpcf7-form-control-wrap\" data-name=\"checkbox-931\"><span class=\"wpcf7-form-control wpcf7-checkbox\"><span class=\"wpcf7-list-item first\"><label><input type=\"checkbox\" name=\"checkbox-931[]\" value=\"Integrator\" \/><span class=\"wpcf7-list-item-label\">Integrator<\/span><\/label><\/span><span class=\"wpcf7-list-item\"><label><input type=\"checkbox\" name=\"checkbox-931[]\" value=\"Builder\" \/><span class=\"wpcf7-list-item-label\">Builder<\/span><\/label><\/span><span class=\"wpcf7-list-item last\"><label><input type=\"checkbox\" name=\"checkbox-931[]\" value=\"End-User\" \/><span class=\"wpcf7-list-item-label\">End-User<\/span><\/label><\/span><\/span><\/span> \n<\/div> \n<div class=\"row row-upload-file\"> \n <label class=\"upload-file-block js-upload-file\">Attach file \n  <span class=\"wpcf7-form-control-wrap\" data-name=\"file-466\"><input size=\"40\" class=\"wpcf7-form-control wpcf7-file\" accept=\"audio\/*,video\/*,image\/*\" aria-invalid=\"false\" type=\"file\" name=\"file-466\" \/><\/span><\/label> \n<\/div><input type='hidden' class='wpcf7-pum' value='{\"closepopup\":false,\"closedelay\":0,\"openpopup\":false,\"openpopup_id\":0}' \/><div class=\"wpcf7-response-output\" aria-hidden=\"true\"><\/div>\n<\/form>\n<\/div>\n            <\/div>\r\n\r\n\t\t    <div class=\"text-holder\" data-aos=\"fade-left\">\r\n\t\t\t\t\t\t    <h3 class=\"title-block\">How Can We Help?<\/h3>\r\n\t\t\t\r\n\t\t\t                <div class=\"text-block\">\r\n                    Please select a topic below related to your inquiry. If you don&#8217;t find what you need, fill out our contact form.                <\/div>\r\n\t\t\t\r\n\t\t\t\t\t\t    <ul class=\"link-list\">\r\n\t\t\t\t\t\t\t\t\t\t\t\t\t\t\t\t\t\t<li>\r\n\t\t\t\t\t\t\t\t\t\t\t\t\t\t\t\t    <strong>Get Inspired<\/strong>\r\n\t\t\t\t\t\t\t\t\t\t\t\t\t\t\t\t\t\t\t\t\t\t\t\t    <a href=\"\/features\/\">\r\n\t\t\t\t\t\t\t\t        Discover what&#8217;s beneath our intercom\t\t\t\t\t\t\t\t    <\/a>\r\n\t\t\t\t\t\t\t\t\t\t\t\t\t\t\t<\/li>\r\n\t\t\t\t\t\t\t\t\t\t\t\t\t\t\t\t\t\t\t\t\t\t\t\t<li>\r\n\t\t\t\t\t\t\t\t\t\t\t\t\t\t\t\t    <strong>Become a Partner<\/strong>\r\n\t\t\t\t\t\t\t\t\t\t\t\t\t\t\t\t\t\t\t\t\t\t\t\t    <a href=\"\/distributors\/\">\r\n\t\t\t\t\t\t\t\t        Expand your business with BAS-IP intercom\t\t\t\t\t\t\t\t    <\/a>\r\n\t\t\t\t\t\t\t\t\t\t\t\t\t\t\t<\/li>\r\n\t\t\t\t\t\t\t\t\t\t\t\t\t\t\t\t\t\t\t\t\t\t\t\t<li>\r\n\t\t\t\t\t\t\t\t\t\t\t\t\t\t\t\t    <strong>Check the Guides<\/strong>\r\n\t\t\t\t\t\t\t\t\t\t\t\t\t\t\t\t\t\t\t\t\t\t\t\t    <a href=\"\/support\/\">\r\n\t\t\t\t\t\t\t\t        Download detailed manuals and schemes\t\t\t\t\t\t\t\t    <\/a>\r\n\t\t\t\t\t\t\t\t\t\t\t\t\t\t\t<\/li>\r\n\t\t\t\t\t\t\t\t\t\t\t\t\t\t\t<\/ul>\r\n\t\t\t\r\n\t\t\t\t\t\t    <h3 class=\"title-block\">Our contacts<\/h3>\r\n\t\t\t\r\n\t\t\t\t\t\t\t<ul class=\"contact-list\">\r\n\t\t\t\t\t\t\t\t\t\t\t\t\t\t\t\t\t\t<li>\r\n\t\t\t\t\t\t\t\t\t\t\t\t\t\t\t\t\t<strong>Sales:<\/strong>\r\n\t\t\t\t\t\t\t\t\t\t\t\t\t\t\t\t\t\t\t\t\t\t\t\t    <a href=\"mailto:&#115;&#97;l&#101;s&#64;&#98;as-i&#112;.c&#111;m\">sa&#108;e&#115;&#64;b&#97;s&#45;&#105;p.&#99;o&#109;<\/a>\r\n\t\t\t\t\t\t\t\t\t\t\t\t\t\t\t<\/li>\r\n\t\t\t\t\t\t\t\t\t\t\t\t\t\t\t\t\t\t\t\t\t\t\t\t<li>\r\n\t\t\t\t\t\t\t\t\t\t\t\t\t\t\t\t\t<strong>Technical support:<\/strong>\r\n\t\t\t\t\t\t\t\t\t\t\t\t\t\t\t\t\t\t\t\t\t\t\t\t    <a href=\"mailto:s&#117;&#112;po&#114;t&#64;&#98;&#97;s-i&#112;.co&#109;\">&#115;up&#112;o&#114;t&#64;b&#97;s-ip.&#99;om<\/a>\r\n\t\t\t\t\t\t\t\t\t\t\t\t\t\t\t<\/li>\r\n\t\t\t\t\t\t\t\t\t\t\t\t\t\t\t<\/ul>\r\n\t\t\t\t\t<\/div>\r\n\t<\/section>\r\n\r\n\r\n\r\n<!-- END Block Sign Up -->","protected":false},"excerpt":{"rendered":"<p>Intercom se seli na Link: \u0160to to zna\u010di za vas? Od 4. o\u017eujka 2025. aplikacija Intercom za Android vi\u0161e ne\u0107e biti dostupna u Trgovini Google Play. Me\u0111utim, web verzija i iOS aplikacija nastavit \u0107e funkcionirati bez ikakvih promjena, a Intercomovi poslu\u017eitelji ostat \u0107e aktivni kako bi se osigurala stabilnost i pristup va\u0161im podacima do prestanka [&hellip;]<\/p>","protected":false},"author":1,"featured_media":0,"parent":0,"menu_order":0,"comment_status":"closed","ping_status":"closed","template":"","meta":{"inline_featured_image":false,"footnotes":""},"class_list":["post-131201","page","type-page","status-publish","hentry"],"acf":[],"_links":{"self":[{"href":"https:\/\/bas-ip.com\/hr\/wp-json\/wp\/v2\/pages\/131201","targetHints":{"allow":["GET"]}}],"collection":[{"href":"https:\/\/bas-ip.com\/hr\/wp-json\/wp\/v2\/pages"}],"about":[{"href":"https:\/\/bas-ip.com\/hr\/wp-json\/wp\/v2\/types\/page"}],"author":[{"embeddable":true,"href":"https:\/\/bas-ip.com\/hr\/wp-json\/wp\/v2\/users\/1"}],"replies":[{"embeddable":true,"href":"https:\/\/bas-ip.com\/hr\/wp-json\/wp\/v2\/comments?post=131201"}],"version-history":[{"count":3,"href":"https:\/\/bas-ip.com\/hr\/wp-json\/wp\/v2\/pages\/131201\/revisions"}],"predecessor-version":[{"id":131494,"href":"https:\/\/bas-ip.com\/hr\/wp-json\/wp\/v2\/pages\/131201\/revisions\/131494"}],"wp:attachment":[{"href":"https:\/\/bas-ip.com\/hr\/wp-json\/wp\/v2\/media?parent=131201"}],"curies":[{"name":"wp","href":"https:\/\/api.w.org\/{rel}","templated":true}]}}