{"id":123144,"date":"2023-03-31T12:50:05","date_gmt":"2023-03-31T12:50:05","guid":{"rendered":"https:\/\/bas-ip.com\/?page_id=123144"},"modified":"2025-03-14T09:38:42","modified_gmt":"2025-03-14T09:38:42","slug":"lift-lift","status":"publish","type":"page","link":"https:\/\/bas-ip.com\/hr\/lift-lift\/","title":{"rendered":"Lift"},"content":{"rendered":"<h1 class=\"wp-block-heading\"><strong>Interkom za dizalo temeljen na IP tehnologiji<\/strong><\/h1>\n\n\n\n<p>U svijetu koji je uvijek povezan, komunikacija je postala najva\u017enija. To je osobito istinito u okru\u017eenjima gdje su sigurnost i pristupa\u010dnost klju\u010dni, kao \u0161to su dizala. Interfonski sustav dizala igra klju\u010dnu ulogu u osiguravanju dobrobiti putnika i sve se vi\u0161e smatra obaveznim elementom. Zaronimo u prednosti kori\u0161tenja BAS-IP interkom sustava za dizala koji se temelje na IP-u i kako oni revolucioniraju iskustvo dizala.<\/p>\n\n\n<!-- START Block Features --><section id=\"block_6437d003aff43\" class=\"features-section\">\r\n\t\r\n    <div class=\"features-list\">\r\n                    <div class=\"features-item\" data-aos=\"fade-up\">\r\n    <div class=\"features-box\">\r\n                    <div class=\"image-holder\">\r\n                <img loading=\"lazy\" decoding=\"async\" width=\"350\" height=\"320\" src=\"https:\/\/bas-ip.com\/wp-content\/uploads\/2023\/04\/1-6-350x320.jpg\" class=\"attachment-thumbnail_350x320 size-thumbnail_350x320\" alt=\"\" \/>            <\/div>\r\n        \r\n        <div class=\"text-holder\">\r\n                        <h3 class=\"title-block\">Potreba za interfonima u dizalima<\/h3>\r\n          \r\n                        <div class=\"text-block\">\r\n                <p>Portafoni za dizala slu\u017ee kao spas za putnike u hitnim slu\u010dajevima ili tehni\u010dkim problemima. Oni pru\u017eaju izravan komunikacijski kanal za upravu zgrade ili hitne slu\u017ebe, osiguravaju\u0107i brzu pomo\u0107 kada je potrebna. Kao takav, posjedovanje pouzdanog i u\u010dinkovitog interkom sustava u dizalima klju\u010dno je za odr\u017eavanje sigurnosnih standarda i uvjeravanje putnika.<\/p>\n              <\/div>\r\n                  <\/div>\r\n    <\/div>\r\n<\/div>\r\n                    <div class=\"features-item\" data-aos=\"fade-up\">\r\n    <div class=\"features-box\">\r\n                    <div class=\"image-holder\">\r\n                <img loading=\"lazy\" decoding=\"async\" width=\"350\" height=\"320\" src=\"https:\/\/bas-ip.com\/wp-content\/uploads\/2023\/04\/2-6-350x320.jpg\" class=\"attachment-thumbnail_350x320 size-thumbnail_350x320\" alt=\"\" \/>            <\/div>\r\n        \r\n        <div class=\"text-holder\">\r\n                        <h3 class=\"title-block\">Portafoni temeljeni na IP-u: korak iznad tradicionalnih sustava<\/h3>\r\n          \r\n                        <div class=\"text-block\">\r\n                <p>Tradicionalni analogni portafonski sustavi ve\u0107 su godinama standard. Me\u0111utim, pojava rje\u0161enja temeljenih na IP-u, koja koriste internetski protokol (IP) i protokol za pokretanje sesije (SIP), dovela je do promjene paradigme u na\u010dinu na koji komuniciramo unutar dizala.<\/p>\n              <\/div>\r\n                  <\/div>\r\n    <\/div>\r\n<\/div>\r\n                    <div class=\"features-item\" data-aos=\"fade-up\">\r\n    <div class=\"features-box\">\r\n                    <div class=\"image-holder\">\r\n                <img loading=\"lazy\" decoding=\"async\" width=\"350\" height=\"320\" src=\"https:\/\/bas-ip.com\/wp-content\/uploads\/2023\/04\/3-6-350x320.jpg\" class=\"attachment-thumbnail_350x320 size-thumbnail_350x320\" alt=\"\" \/>            <\/div>\r\n        \r\n        <div class=\"text-holder\">\r\n                        <h3 class=\"title-block\">Partnerstvo s globalnim proizvo\u0111a\u010dima dizala<\/h3>\r\n          \r\n                        <div class=\"text-block\">\r\n                <p>BAS-IP je uspostavio partnerstvo s vode\u0107im proizvo\u0111a\u010dima dizala, kao \u0161to je Kone, kako bi omogu\u0107io besprijekornu integraciju s njihovim proizvodima. Ova suradnja omogu\u0107uje potpunu kontrolu nad Kone dizalima s BAS-IP portafona instaliranih u stanovima, stvaraju\u0107i kohezivno i pojednostavljeno korisni\u010dko iskustvo.<\/p>\n              <\/div>\r\n                  <\/div>\r\n    <\/div>\r\n<\/div>\r\n            <\/div>\r\n<\/section>\r\n<!-- END Block Features -->\n\n\n<h2 class=\"wp-block-heading\"><strong>Prednosti BAS-IP interfona za podizanje<\/strong><\/h2>\n\n\n\n<p>U usporedbi s tradicionalnim analognim sustavima, IP portafoni za dizala, poput rje\u0161enja BAS-IP, nude nekoliko prednosti:<\/p>\n\n\n<!-- START Block Features --><section id=\"block_6437d09daff47\" class=\"features-section\">\r\n\t\r\n    <div class=\"features-list\">\r\n                    <div class=\"features-item\" data-aos=\"fade-up\">\r\n    <div class=\"features-box\">\r\n                    <div class=\"image-holder\">\r\n                <img loading=\"lazy\" decoding=\"async\" width=\"350\" height=\"320\" src=\"https:\/\/bas-ip.com\/wp-content\/uploads\/2023\/04\/4-6-350x320.jpg\" class=\"attachment-thumbnail_350x320 size-thumbnail_350x320\" alt=\"\" \/>            <\/div>\r\n        \r\n        <div class=\"text-holder\">\r\n                        <h3 class=\"title-block\">Pobolj\u0161ana kvaliteta zvuka i videa<\/h3>\r\n          \r\n                        <div class=\"text-block\">\r\n                <p>BAS-IP portafoni dolaze s ugra\u0111enim kamerama, \u010dime se osigurava da uprava zgrade i sigurnosno osoblje mogu nadzirati aktivnost dizala u stvarnom vremenu. Ova zna\u010dajka ne samo da pove\u0107ava ukupnu sigurnost zgrade, ve\u0107 slu\u017ei i kao sredstvo odvra\u0107anja potencijalnih prijestupnika.<\/p>\n              <\/div>\r\n                  <\/div>\r\n    <\/div>\r\n<\/div>\r\n                    <div class=\"features-item\" data-aos=\"fade-up\">\r\n    <div class=\"features-box\">\r\n                    <div class=\"image-holder\">\r\n                <img loading=\"lazy\" decoding=\"async\" width=\"350\" height=\"320\" src=\"https:\/\/bas-ip.com\/wp-content\/uploads\/2023\/04\/5-6-350x320.jpg\" class=\"attachment-thumbnail_350x320 size-thumbnail_350x320\" alt=\"\" \/>            <\/div>\r\n        \r\n        <div class=\"text-holder\">\r\n                        <h3 class=\"title-block\">Neograni\u010den broj ure\u0111aja i podr\u0161ka za Concierge terminal<\/h3>\r\n          \r\n                        <div class=\"text-block\">\r\n                <p>BAS-IP rje\u0161enje podr\u017eava neograni\u010den broj ure\u0111aja unutar mre\u017ee, uklju\u010duju\u0107i integraciju concierge terminala. Ova skalabilnost osigurava da sustav mo\u017ee rasti sa zgradom, prilago\u0111avaju\u0107i se svim promjenama u zahtjevima bez ugro\u017eavanja performansi ili pouzdanosti.<\/p>\n              <\/div>\r\n                  <\/div>\r\n    <\/div>\r\n<\/div>\r\n                    <div class=\"features-item\" data-aos=\"fade-up\">\r\n    <div class=\"features-box\">\r\n                    <div class=\"image-holder\">\r\n                <img loading=\"lazy\" decoding=\"async\" width=\"350\" height=\"320\" src=\"https:\/\/bas-ip.com\/wp-content\/uploads\/2023\/04\/6-5-350x320.jpg\" class=\"attachment-thumbnail_350x320 size-thumbnail_350x320\" alt=\"\" \/>            <\/div>\r\n        \r\n        <div class=\"text-holder\">\r\n                        <h3 class=\"title-block\">Lak\u0161a instalacija i odr\u017eavanje<\/h3>\r\n          \r\n                        <div class=\"text-block\">\r\n                <p>IP portafoni za podizanje koriste postoje\u0107u mre\u017enu infrastrukturu, \u0161to ih \u010dini jednostavnijim i isplativijim za instaliranje i odr\u017eavanje.<\/p>\n<p>U dana\u0161njem sve povezanijem svijetu, ne mo\u017ee se precijeniti potreba za u\u010dinkovitom i pouzdanom komunikacijom unutar dizala. Interkom sustavi za dizala bazirani na IP-u, kao \u0161to je BAS-IP rje\u0161enje, postali su zlatni standard u ovoj domeni, nude\u0107i brojne prednosti u odnosu na tradicionalne analogne sustave. Od pobolj\u0161ane audio i video kvalitete do besprijekorne integracije s drugim sustavima upravljanja zgradom, IP interfoni mijenjaju iskustvo dizala na bolje. Kao rezultat toga, vlasnici zgrada, upravitelji i stanari mogu u\u017eivati \u200b\u200bu ve\u0107oj sigurnosti, prakti\u010dnosti i bezbri\u017enosti.<\/p>\n              <\/div>\r\n                  <\/div>\r\n    <\/div>\r\n<\/div>\r\n            <\/div>\r\n<\/section>\r\n<!-- END Block Features -->\n\n<!-- START Block FAQ --><section id=\"block_6426d69cbc4a0\" class=\"faq-section\">\r\n\t\t    <h2 class=\"title-section\" data-aos=\"fade-right\">\u010cesto postavljana pitanja<\/h2>\r\n\t\t\t    <div class=\"faq-list js-accordion\" data-aos=\"fade-up\">\r\n\t\t\t\t\t\t\t\t\t\t\t    <div class=\"accordion-item faq-item\">\r\n                        <div class=\"accordion-opener\">\r\n                            Q: Za\u0161to se portafoni za dizala smatraju obaveznim?                            <i class=\"fa-solid fa-chevron-down\"><\/i>\r\n                        <\/div>\r\n                        <div class=\"accordion-slide\">\r\n\t\t\t\t\t\t    <p>Portafoni dizala smatraju se obaveznim jer pru\u017eaju izravan komunikacijski kanal izme\u0111u putnika i uprave zgrade ili hitnih slu\u017ebi, osiguravaju\u0107i pravovremenu pomo\u0107 u hitnim slu\u010dajevima ili tehni\u010dkim problemima.<\/p>\n                        <\/div>\r\n\t\t\t\t\t<\/div>\r\n\t\t\t\t\t\t\t\t\t\t\t\t\t\t\t    <div class=\"accordion-item faq-item\">\r\n                        <div class=\"accordion-opener\">\r\n                            Q: Po \u010demu su portafoni za dizala temeljeni na IP-u bolji od tradicionalnih analognih sustava?                            <i class=\"fa-solid fa-chevron-down\"><\/i>\r\n                        <\/div>\r\n                        <div class=\"accordion-slide\">\r\n\t\t\t\t\t\t    <p>Portafoni za dizala temeljeni na IP-u, kao \u0161to je rje\u0161enje BAS-IP, nude nekoliko prednosti u odnosu na tradicionalne analogne sustave, uklju\u010duju\u0107i pobolj\u0161anu audio i video kvalitetu, skalabilnost, lak\u0161u instalaciju i odr\u017eavanje, zna\u010dajke ugra\u0111ene kamere i besprijekornu integraciju s drugim IP-temeljenim sustavima. <\/p>\n                        <\/div>\r\n\t\t\t\t\t<\/div>\r\n\t\t\t\t\t\t\t\t\t\t\t\t\t\t\t    <div class=\"accordion-item faq-item\">\r\n                        <div class=\"accordion-opener\">\r\n                            Q: Kako zna\u010dajka ugra\u0111ene kamere u IP portafonima pobolj\u0161ava sigurnost dizala?                            <i class=\"fa-solid fa-chevron-down\"><\/i>\r\n                        <\/div>\r\n                        <div class=\"accordion-slide\">\r\n\t\t\t\t\t\t    <p>Zna\u010dajka ugra\u0111ene kamere u IP portafonima omogu\u0107uje upravi zgrade i sigurnosnom osoblju pra\u0107enje aktivnosti dizala u stvarnom vremenu. Ovaj dodatni sloj sigurnosti mo\u017ee djelovati kao sredstvo odvra\u0107anja za potencijalne prijestupnike i pru\u017ea vizualni dokaz u slu\u010daju bilo kakvih incidenata.<\/p>\n                        <\/div>\r\n\t\t\t\t\t<\/div>\r\n\t\t\t\t\t\t\t\t\t\t\t\t\t\t\t    <div class=\"accordion-item faq-item\">\r\n                        <div class=\"accordion-opener\">\r\n                            Q: Mogu li interfoni za dizala temeljeni na IP-u raditi s drugim sustavima upravljanja zgradom?                            <i class=\"fa-solid fa-chevron-down\"><\/i>\r\n                        <\/div>\r\n                        <div class=\"accordion-slide\">\r\n\t\t\t\t\t\t    <p>Da, portafoni za dizala koji se temelje na IP-u dizajnirani su za besprijekornu integraciju s drugim sustavima za upravljanje zgradama koji se temelje na IP-u. Ovo olak\u0161ava povezaniji i u\u010dinkovitiji ekosustav upravljanja zgradom, pove\u0107avaju\u0107i ukupnu sigurnost i prakti\u010dnost.<\/p>\n                        <\/div>\r\n\t\t\t\t\t<\/div>\r\n\t\t\t\t\t\t\t\t\t\t\t\t\t\t\t    <div class=\"accordion-item faq-item\">\r\n                        <div class=\"accordion-opener\">\r\n                            Q: Kako partnerstvo izme\u0111u BAS-IP-a i proizvo\u0111a\u010da dizala poput Konea koristi korisnicima?                            <i class=\"fa-solid fa-chevron-down\"><\/i>\r\n                        <\/div>\r\n                        <div class=\"accordion-slide\">\r\n\t\t\t\t\t\t    <p>Partnerstvo izme\u0111u BAS-IP-a i proizvo\u0111a\u010da dizala poput Konea omogu\u0107uje besprijekornu integraciju njihovih proizvoda. Ova suradnja omogu\u0107uje potpunu kontrolu nad Kone dizalima s BAS-IP interfona instaliranih u stanovima, pru\u017eaju\u0107i kohezivno i pojednostavljeno korisni\u010dko iskustvo.<\/p>\n                        <\/div>\r\n\t\t\t\t\t<\/div>\r\n\t\t\t\t\t\t\t\t\t<\/div>\r\n\t<\/section>\r\n<!-- END Block FAQ -->","protected":false},"excerpt":{"rendered":"<p>Interkom za dizalo temeljen na IP tehnologiji U svijetu koji je uvijek povezan, komunikacija je postala najva\u017enija. To je osobito istinito u okru\u017eenjima gdje su sigurnost i pristupa\u010dnost klju\u010dni, kao \u0161to su dizala. Interfonski sustav dizala igra klju\u010dnu ulogu u osiguravanju dobrobiti putnika i sve se vi\u0161e smatra obaveznim elementom. Zaronimo u prednosti kori\u0161tenja BAS-IP [&hellip;]<\/p>","protected":false},"author":3,"featured_media":0,"parent":0,"menu_order":0,"comment_status":"closed","ping_status":"closed","template":"","meta":{"inline_featured_image":false,"footnotes":""},"class_list":["post-123144","page","type-page","status-publish","hentry"],"acf":[],"_links":{"self":[{"href":"https:\/\/bas-ip.com\/hr\/wp-json\/wp\/v2\/pages\/123144","targetHints":{"allow":["GET"]}}],"collection":[{"href":"https:\/\/bas-ip.com\/hr\/wp-json\/wp\/v2\/pages"}],"about":[{"href":"https:\/\/bas-ip.com\/hr\/wp-json\/wp\/v2\/types\/page"}],"author":[{"embeddable":true,"href":"https:\/\/bas-ip.com\/hr\/wp-json\/wp\/v2\/users\/3"}],"replies":[{"embeddable":true,"href":"https:\/\/bas-ip.com\/hr\/wp-json\/wp\/v2\/comments?post=123144"}],"version-history":[{"count":3,"href":"https:\/\/bas-ip.com\/hr\/wp-json\/wp\/v2\/pages\/123144\/revisions"}],"predecessor-version":[{"id":133668,"href":"https:\/\/bas-ip.com\/hr\/wp-json\/wp\/v2\/pages\/123144\/revisions\/133668"}],"wp:attachment":[{"href":"https:\/\/bas-ip.com\/hr\/wp-json\/wp\/v2\/media?parent=123144"}],"curies":[{"name":"wp","href":"https:\/\/api.w.org\/{rel}","templated":true}]}}