{"id":122441,"date":"2024-05-15T14:21:12","date_gmt":"2024-05-15T14:21:12","guid":{"rendered":"https:\/\/bas-ip.com\/?page_id=122441"},"modified":"2024-11-05T14:19:45","modified_gmt":"2024-11-05T14:19:45","slug":"politika-podrske-za-firmver","status":"publish","type":"page","link":"https:\/\/bas-ip.com\/hr\/politika-podrske-za-firmver\/","title":{"rendered":"Politika podr\u0161ke za firmver"},"content":{"rendered":"<p><strong>Odr\u017eavanje firmware-a<\/strong><\/p>\n\n\n\n<p>BAS-IP mo\u017ee, prema vlastitom naho\u0111enju, dati osnovnu podr\u0161ku za firmver tijekom va\u017ee\u0107eg jamstvenog roka za hardver. Tijekom jamstvenog roka BAS-IP mo\u017ee izdati izdanja za odr\u017eavanje ili ispravke gre\u0161aka na hardveru.<\/p>\n\n\n\n<p>Kada razdoblje jamstva istekne, BAS-IP vi\u0161e ne\u0107e razvijati, odr\u017eavati ili testirati doti\u010dni firmware. Me\u0111utim, BAS-IP mo\u017ee, prema vlastitom izboru i na temelju proizvoda, ponuditi podr\u0161ku nakon isteka jamstvenog roka. Sav BAS-IP firmware, uklju\u010duju\u0107i, ali ne ograni\u010davaju\u0107i se na firmware isporu\u010den unaprijed instaliran na BAS-IP hardveru i gdje hardver podlije\u017ee RMA usluzi, isporu\u010duje se &#8220;kakav jest&#8221;.<\/p>\n\n\n\n<p>BAS-IP firmware nije pokriven BAS-IP jamstvom.<\/p>\n\n\n\n<p><\/p>\n\n\n\n<p><\/p>","protected":false},"excerpt":{"rendered":"<p>Odr\u017eavanje firmware-a BAS-IP mo\u017ee, prema vlastitom naho\u0111enju, dati osnovnu podr\u0161ku za firmver tijekom va\u017ee\u0107eg jamstvenog roka za hardver. Tijekom jamstvenog roka BAS-IP mo\u017ee izdati izdanja za odr\u017eavanje ili ispravke gre\u0161aka na hardveru. Kada razdoblje jamstva istekne, BAS-IP vi\u0161e ne\u0107e razvijati, odr\u017eavati ili testirati doti\u010dni firmware. Me\u0111utim, BAS-IP mo\u017ee, prema vlastitom izboru i na temelju proizvoda, [&hellip;]<\/p>","protected":false},"author":3,"featured_media":0,"parent":0,"menu_order":0,"comment_status":"closed","ping_status":"closed","template":"","meta":{"inline_featured_image":false,"footnotes":""},"class_list":["post-122441","page","type-page","status-publish","hentry"],"acf":[],"_links":{"self":[{"href":"https:\/\/bas-ip.com\/hr\/wp-json\/wp\/v2\/pages\/122441","targetHints":{"allow":["GET"]}}],"collection":[{"href":"https:\/\/bas-ip.com\/hr\/wp-json\/wp\/v2\/pages"}],"about":[{"href":"https:\/\/bas-ip.com\/hr\/wp-json\/wp\/v2\/types\/page"}],"author":[{"embeddable":true,"href":"https:\/\/bas-ip.com\/hr\/wp-json\/wp\/v2\/users\/3"}],"replies":[{"embeddable":true,"href":"https:\/\/bas-ip.com\/hr\/wp-json\/wp\/v2\/comments?post=122441"}],"version-history":[{"count":1,"href":"https:\/\/bas-ip.com\/hr\/wp-json\/wp\/v2\/pages\/122441\/revisions"}],"predecessor-version":[{"id":122442,"href":"https:\/\/bas-ip.com\/hr\/wp-json\/wp\/v2\/pages\/122441\/revisions\/122442"}],"wp:attachment":[{"href":"https:\/\/bas-ip.com\/hr\/wp-json\/wp\/v2\/media?parent=122441"}],"curies":[{"name":"wp","href":"https:\/\/api.w.org\/{rel}","templated":true}]}}