{"id":82900,"date":"2023-03-27T09:32:04","date_gmt":"2023-03-27T09:32:04","guid":{"rendered":"https:\/\/bas-ip.com\/?page_id=82900"},"modified":"2025-03-20T11:30:57","modified_gmt":"2025-03-20T11:30:57","slug":"interphone-hopital-et-sante","status":"publish","type":"page","link":"https:\/\/bas-ip.com\/fr\/interphone-hopital-et-sante\/","title":{"rendered":"H\u00f4pital"},"content":{"rendered":"<h1 class=\"wp-block-heading\"><strong>Syst\u00e8me d&rsquo;interphone d&rsquo;h\u00f4pital par BAS-IP &#8211; Am\u00e9liorez les soins aux patients<\/strong><\/h1>\n\n\n\n<p>L&rsquo;industrie m\u00e9dicale est en constante \u00e9volution pour offrir aux patients les meilleurs soins possibles. Comme la communication joue un r\u00f4le crucial dans la prestation de services m\u00e9dicaux efficaces et s\u00fbrs, la mise \u00e0 niveau vers un syst\u00e8me d&rsquo;interphone hospitalier de pointe est indispensable. Les syst\u00e8mes d&rsquo;interphonie m\u00e9dicale innovants de BAS-IP, con\u00e7us sp\u00e9cifiquement pour les salles blanches et les installations m\u00e9dicales, apportent une commodit\u00e9 et une fiabilit\u00e9 in\u00e9gal\u00e9es aux professionnels de la sant\u00e9 et \u00e0 leurs patients. Dans cet article, nous explorons les caract\u00e9ristiques et les avantages de l&rsquo;interphone hospitalier de BAS-IP et comment il peut r\u00e9volutionner le fonctionnement des \u00e9tablissements m\u00e9dicaux.<\/p>\n\n\n\n<h2 class=\"wp-block-heading\"><strong>La puissance de l&rsquo;interphone hospitalier de BAS-IP<\/strong><\/h2>\n\n\n<!-- START Block Features --><section id=\"block_64304f018b5e4\" class=\"features-section\">\r\n\t\r\n    <div class=\"features-list\">\r\n                    <div class=\"features-item\" data-aos=\"fade-up\">\r\n    <div class=\"features-box\">\r\n                    <div class=\"image-holder\">\r\n                <img loading=\"lazy\" decoding=\"async\" width=\"350\" height=\"320\" src=\"https:\/\/bas-ip.com\/wp-content\/uploads\/2023\/04\/1-2-350x320.jpg\" class=\"attachment-thumbnail_350x320 size-thumbnail_350x320\" alt=\"\" \/>            <\/div>\r\n        \r\n        <div class=\"text-holder\">\r\n                        <h3 class=\"title-block\">Int\u00e9gration transparente avec les r\u00e9seaux locaux IP<\/h3>\r\n          \r\n                        <div class=\"text-block\">\r\n                <p>L&rsquo;un des avantages significatifs des syst\u00e8mes d&rsquo;interphonie m\u00e9dicale de BAS-IP est leur capacit\u00e9 \u00e0 fonctionner de mani\u00e8re transparente au sein du m\u00eame r\u00e9seau local IP. Cette compatibilit\u00e9 assure une communication fluide entre les diff\u00e9rents dispositifs d&rsquo;interphonie, r\u00e9duisant la latence et am\u00e9liorant l&rsquo;efficacit\u00e9 globale.<\/p>\n              <\/div>\r\n                  <\/div>\r\n    <\/div>\r\n<\/div>\r\n                    <div class=\"features-item\" data-aos=\"fade-up\">\r\n    <div class=\"features-box\">\r\n                    <div class=\"image-holder\">\r\n                <img loading=\"lazy\" decoding=\"async\" width=\"350\" height=\"320\" src=\"https:\/\/bas-ip.com\/wp-content\/uploads\/2023\/04\/2-2-350x320.jpg\" class=\"attachment-thumbnail_350x320 size-thumbnail_350x320\" alt=\"\" \/>            <\/div>\r\n        \r\n        <div class=\"text-holder\">\r\n                        <h3 class=\"title-block\">Fonctionnalit\u00e9s avanc\u00e9es pour une communication am\u00e9lior\u00e9e<\/h3>\r\n          \r\n                        <div class=\"text-block\">\r\n                <p>BAS-IP offre une large gamme de fonctionnalit\u00e9s uniques pour son syst\u00e8me d&rsquo;interphone hospitalier, ce qui le distingue de ses concurrents. Certaines de ces fonctionnalit\u00e9s incluent les appels vid\u00e9o HD, le contr\u00f4le d&rsquo;acc\u00e8s et la compatibilit\u00e9 avec divers appareils IP, garantissant une communication simplifi\u00e9e et une s\u00e9curit\u00e9 accrue pour les installations m\u00e9dicales.<\/p>\n              <\/div>\r\n                  <\/div>\r\n    <\/div>\r\n<\/div>\r\n                    <div class=\"features-item\" data-aos=\"fade-up\">\r\n    <div class=\"features-box\">\r\n                    <div class=\"image-holder\">\r\n                <img loading=\"lazy\" decoding=\"async\" width=\"350\" height=\"320\" src=\"https:\/\/bas-ip.com\/wp-content\/uploads\/2023\/04\/3-2-350x320.jpg\" class=\"attachment-thumbnail_350x320 size-thumbnail_350x320\" alt=\"\" \/>            <\/div>\r\n        \r\n        <div class=\"text-holder\">\r\n                        <h3 class=\"title-block\">Capacit\u00e9s d&rsquo;interphone de salle blanche<\/h3>\r\n          \r\n                        <div class=\"text-block\">\r\n                <p>Les salles blanches n\u00e9cessitent des normes d&rsquo;hygi\u00e8ne strictes et le syst\u00e8me d&rsquo;interphone hospitalier de BAS-IP est con\u00e7u pour r\u00e9pondre \u00e0 ces exigences. L&rsquo;interphone de salle blanche garantit que la communication entre les professionnels de sant\u00e9 reste ininterrompue sans compromettre la st\u00e9rilit\u00e9 et la s\u00e9curit\u00e9 de ces environnements sp\u00e9cialis\u00e9s.<\/p>\n              <\/div>\r\n                  <\/div>\r\n    <\/div>\r\n<\/div>\r\n            <\/div>\r\n<\/section>\r\n<!-- END Block Features -->\n\n\n<h2 class=\"wp-block-heading\"><strong>Composants mat\u00e9riels de haute qualit\u00e9 de BAS-IP<\/strong><\/h2>\n\n\n<!-- START Block Features --><section id=\"block_64304f888b5e8\" class=\"features-section\">\r\n\t\r\n    <div class=\"features-list\">\r\n                    <div class=\"features-item\" data-aos=\"fade-up\">\r\n    <div class=\"features-box\">\r\n                    <div class=\"image-holder\">\r\n                <img loading=\"lazy\" decoding=\"async\" width=\"350\" height=\"320\" src=\"https:\/\/bas-ip.com\/wp-content\/uploads\/2023\/04\/4-2-350x320.jpg\" class=\"attachment-thumbnail_350x320 size-thumbnail_350x320\" alt=\"\" \/>            <\/div>\r\n        \r\n        <div class=\"text-holder\">\r\n                        <h3 class=\"title-block\">AV-04AFD \u2013 L&rsquo;ultime interphone<\/h3>\r\n          \r\n                        <div class=\"text-block\">\r\n                <p>L&rsquo;AV-04AFD est un interphone polyvalent con\u00e7u pour fournir des performances de premier ordre aux installations m\u00e9dicales. Avec ses capacit\u00e9s d&rsquo;appel audio HD, l&rsquo;int\u00e9gration du contr\u00f4le d&rsquo;acc\u00e8s et la compatibilit\u00e9 avec divers appareils IP, il offre des fonctionnalit\u00e9s de communication et de s\u00e9curit\u00e9 in\u00e9gal\u00e9es dans un design \u00e9l\u00e9gant et moderne.<\/p>\n              <\/div>\r\n                  <\/div>\r\n    <\/div>\r\n<\/div>\r\n                    <div class=\"features-item\" data-aos=\"fade-up\">\r\n    <div class=\"features-box\">\r\n                    <div class=\"image-holder\">\r\n                <img loading=\"lazy\" decoding=\"async\" width=\"350\" height=\"320\" src=\"https:\/\/bas-ip.com\/wp-content\/uploads\/2023\/04\/5-3-350x320.jpg\" class=\"attachment-thumbnail_350x320 size-thumbnail_350x320\" alt=\"\" \/>            <\/div>\r\n        \r\n        <div class=\"text-holder\">\r\n                        <h3 class=\"title-block\">AM-02 \u2013 Terminal de conciergerie efficace<\/h3>\r\n          \r\n                        <div class=\"text-block\">\r\n                <p>Le terminal de conciergerie AM-02 assure une communication claire et fiable entre les professionnels de sant\u00e9. Cet appareil facile \u00e0 installer peut \u00eatre int\u00e9gr\u00e9 de mani\u00e8re transparente dans le syst\u00e8me d&rsquo;interphone de l&rsquo;h\u00f4pital, offrant une solution efficace et rentable pour les \u00e9tablissements m\u00e9dicaux.<\/p>\n              <\/div>\r\n                  <\/div>\r\n    <\/div>\r\n<\/div>\r\n                    <div class=\"features-item\" data-aos=\"fade-up\">\r\n    <div class=\"features-box\">\r\n                    <div class=\"image-holder\">\r\n                <img loading=\"lazy\" decoding=\"async\" width=\"350\" height=\"320\" src=\"https:\/\/bas-ip.com\/wp-content\/uploads\/2023\/04\/6-2-350x320.jpg\" class=\"attachment-thumbnail_350x320 size-thumbnail_350x320\" alt=\"\" \/>            <\/div>\r\n        \r\n        <div class=\"text-holder\">\r\n                        <h3 class=\"title-block\">SH-31TM &#8211; Module de temp\u00e9rature du panneau d&rsquo;entr\u00e9e<\/h3>\r\n          \r\n                        <div class=\"text-block\">\r\n                <p>Le module de temp\u00e9rature d&rsquo;interphone de porte avec mesure de temp\u00e9rature au poignet sans contact est un \u00e9l\u00e9ment essentiel d&rsquo;un syst\u00e8me d&rsquo;interphone d&rsquo;h\u00f4pital. Cet appareil innovant combine des fonctions de contr\u00f4le d&rsquo;acc\u00e8s et de d\u00e9pistage m\u00e9dical pour garantir un environnement s\u00fbr et s\u00e9curis\u00e9 pour les patients et le personnel des \u00e9tablissements de sant\u00e9.<\/p>\n              <\/div>\r\n                  <\/div>\r\n    <\/div>\r\n<\/div>\r\n            <\/div>\r\n<\/section>\r\n<!-- END Block Features -->\n\n<!-- START Block FAQ --><section id=\"block_642163c6f4e28\" class=\"faq-section\">\r\n\t\t    <h2 class=\"title-section\" data-aos=\"fade-right\">Foire aux questions (FAQ)<\/h2>\r\n\t\t\t    <div class=\"faq-list js-accordion\" data-aos=\"fade-up\">\r\n\t\t\t\t\t\t\t\t\t\t\t    <div class=\"accordion-item faq-item\">\r\n                        <div class=\"accordion-opener\">\r\n                            Q: Comment le syst\u00e8me d&rsquo;interphone hospitalier de BAS-IP am\u00e9liore-t-il l&rsquo;efficacit\u00e9 des \u00e9tablissements m\u00e9dicaux ?                            <i class=\"fa-solid fa-chevron-down\"><\/i>\r\n                        <\/div>\r\n                        <div class=\"accordion-slide\">\r\n\t\t\t\t\t\t    <p>Le syst\u00e8me d&rsquo;interphone hospitalier de BAS-IP permet aux professionnels de la sant\u00e9 de communiquer de mani\u00e8re transparente et s\u00e9curis\u00e9e, augmentant ainsi l&rsquo;efficacit\u00e9 globale. En int\u00e9grant des fonctionnalit\u00e9s avanc\u00e9es telles que les appels audio et vid\u00e9o HD, le contr\u00f4le d&rsquo;acc\u00e8s et la compatibilit\u00e9 avec divers appareils IP, le syst\u00e8me rationalise la communication et r\u00e9duit le temps de r\u00e9ponse dans les situations critiques.<\/p>\n                        <\/div>\r\n\t\t\t\t\t<\/div>\r\n\t\t\t\t\t\t\t\t\t\t\t\t\t\t\t    <div class=\"accordion-item faq-item\">\r\n                        <div class=\"accordion-opener\">\r\n                            Q: Le syst\u00e8me d&rsquo;interphone hospitalier BAS-IP peut-il \u00eatre personnalis\u00e9 pour r\u00e9pondre aux besoins sp\u00e9cifiques d&rsquo;un \u00e9tablissement m\u00e9dical ?                            <i class=\"fa-solid fa-chevron-down\"><\/i>\r\n                        <\/div>\r\n                        <div class=\"accordion-slide\">\r\n\t\t\t\t\t\t    <p>Oui, le syst\u00e8me d&rsquo;interphone hospitalier BAS-IP peut \u00eatre adapt\u00e9 pour r\u00e9pondre aux besoins sp\u00e9cifiques d&rsquo;un \u00e9tablissement m\u00e9dical. Sa compatibilit\u00e9 avec divers appareils IP et son int\u00e9gration transparente avec les r\u00e9seaux locaux IP garantissent que le syst\u00e8me peut \u00eatre personnalis\u00e9 pour fournir la solution de communication la plus efficace et la plus efficace pour votre installation.<\/p>\n                        <\/div>\r\n\t\t\t\t\t<\/div>\r\n\t\t\t\t\t\t\t\t\t\t\t\t\t\t\t    <div class=\"accordion-item faq-item\">\r\n                        <div class=\"accordion-opener\">\r\n                            Q: Qu&rsquo;est-ce qui rend l&rsquo;interphone pour salle blanche de BAS-IP adapt\u00e9 aux environnements st\u00e9riles\u00a0?                            <i class=\"fa-solid fa-chevron-down\"><\/i>\r\n                        <\/div>\r\n                        <div class=\"accordion-slide\">\r\n\t\t\t\t\t\t    <p>L&rsquo;interphone pour salle blanche de BAS-IP est con\u00e7u pour r\u00e9pondre aux normes d&rsquo;hygi\u00e8ne strictes requises dans les environnements st\u00e9riles. Le syst\u00e8me assure une communication ininterrompue sans compromettre la st\u00e9rilit\u00e9 et la s\u00e9curit\u00e9 des salles blanches, ce qui en fait un choix id\u00e9al pour les installations m\u00e9dicales avec des exigences d&rsquo;hygi\u00e8ne strictes.<\/p>\n                        <\/div>\r\n\t\t\t\t\t<\/div>\r\n\t\t\t\t\t\t\t\t\t\t\t\t\t\t\t    <div class=\"accordion-item faq-item\">\r\n                        <div class=\"accordion-opener\">\r\n                            Q: Est-il facile d&rsquo;installer et d&rsquo;entretenir le syst\u00e8me d&rsquo;interphone hospitalier de BAS-IP\u00a0?                            <i class=\"fa-solid fa-chevron-down\"><\/i>\r\n                        <\/div>\r\n                        <div class=\"accordion-slide\">\r\n\t\t\t\t\t\t    <p>Le syst\u00e8me d&rsquo;interphone hospitalier de BAS-IP est con\u00e7u pour une installation et une maintenance faciles. L&rsquo;int\u00e9gration transparente du syst\u00e8me avec les r\u00e9seaux locaux IP simplifie le processus d&rsquo;installation, tandis que ses composants mat\u00e9riels de haute qualit\u00e9, comme l&rsquo;AV-04AFD et l&rsquo;AM-02, garantissent la fiabilit\u00e9 et la durabilit\u00e9 pour une utilisation \u00e0 long terme.<\/p>\n                        <\/div>\r\n\t\t\t\t\t<\/div>\r\n\t\t\t\t\t\t\t\t\t<\/div>\r\n\t<\/section>\r\n<!-- END Block FAQ -->\n\n\n<p>Le syst\u00e8me d&rsquo;interphone hospitalier de BAS-IP offre une solution de communication avanc\u00e9e pour les installations m\u00e9dicales, am\u00e9liorant l&rsquo;efficacit\u00e9, la s\u00e9curit\u00e9 et l&rsquo;hygi\u00e8ne. Passez au syst\u00e8me d&rsquo;interphone hospitalier de BAS-IP d\u00e8s aujourd&rsquo;hui et d\u00e9couvrez la diff\u00e9rence dans la communication et les op\u00e9rations de votre \u00e9tablissement de sant\u00e9.<\/p>","protected":false},"excerpt":{"rendered":"<p>Syst\u00e8me d&rsquo;interphone d&rsquo;h\u00f4pital par BAS-IP &#8211; Am\u00e9liorez les soins aux patients L&rsquo;industrie m\u00e9dicale est en constante \u00e9volution pour offrir aux patients les meilleurs soins possibles. Comme la communication joue un r\u00f4le crucial dans la prestation de services m\u00e9dicaux efficaces et s\u00fbrs, la mise \u00e0 niveau vers un syst\u00e8me d&rsquo;interphone hospitalier de pointe est indispensable. Les [&hellip;]<\/p>","protected":false},"author":1,"featured_media":0,"parent":0,"menu_order":0,"comment_status":"closed","ping_status":"closed","template":"","meta":{"inline_featured_image":false,"footnotes":""},"class_list":["post-82900","page","type-page","status-publish","hentry"],"acf":[],"_links":{"self":[{"href":"https:\/\/bas-ip.com\/fr\/wp-json\/wp\/v2\/pages\/82900","targetHints":{"allow":["GET"]}}],"collection":[{"href":"https:\/\/bas-ip.com\/fr\/wp-json\/wp\/v2\/pages"}],"about":[{"href":"https:\/\/bas-ip.com\/fr\/wp-json\/wp\/v2\/types\/page"}],"author":[{"embeddable":true,"href":"https:\/\/bas-ip.com\/fr\/wp-json\/wp\/v2\/users\/1"}],"replies":[{"embeddable":true,"href":"https:\/\/bas-ip.com\/fr\/wp-json\/wp\/v2\/comments?post=82900"}],"version-history":[{"count":2,"href":"https:\/\/bas-ip.com\/fr\/wp-json\/wp\/v2\/pages\/82900\/revisions"}],"predecessor-version":[{"id":82902,"href":"https:\/\/bas-ip.com\/fr\/wp-json\/wp\/v2\/pages\/82900\/revisions\/82902"}],"wp:attachment":[{"href":"https:\/\/bas-ip.com\/fr\/wp-json\/wp\/v2\/media?parent=82900"}],"curies":[{"name":"wp","href":"https:\/\/api.w.org\/{rel}","templated":true}]}}