{"id":160257,"date":"2026-02-02T03:51:00","date_gmt":"2026-02-02T03:51:00","guid":{"rendered":"https:\/\/bas-ip.com\/hartman\/"},"modified":"2026-03-25T11:45:11","modified_gmt":"2026-03-25T11:45:11","slug":"hartman","status":"publish","type":"page","link":"https:\/\/bas-ip.com\/fr\/hartman\/","title":{"rendered":"Hartman"},"content":{"rendered":"<h2>BAS-IP et Hartman Controls annoncent une int\u00e9gration pour red\u00e9finir la gestion des acc\u00e8s aux b\u00e2timents<\/h2>\n<p><img loading=\"lazy\" decoding=\"async\" class=\"aligncenter size-large wp-image-155099\" src=\"https:\/\/bas-ip.com\/wp-content\/uploads\/2026\/02\/Hartman_logo_n-1024x296.png\" alt=\"\" width=\"900\" height=\"260\" srcset=\"https:\/\/bas-ip.com\/wp-content\/uploads\/2026\/02\/Hartman_logo_n-1024x296.png 1024w,  https:\/\/bas-ip.com\/wp-content\/uploads\/2026\/02\/Hartman_logo_n-300x87.png 300w,  https:\/\/bas-ip.com\/wp-content\/uploads\/2026\/02\/Hartman_logo_n-768x222.png 768w,  https:\/\/bas-ip.com\/wp-content\/uploads\/2026\/02\/Hartman_logo_n-1536x444.png 1536w,  https:\/\/bas-ip.com\/wp-content\/uploads\/2026\/02\/Hartman_logo_n-2048x592.png 2048w,  https:\/\/bas-ip.com\/wp-content\/uploads\/2026\/02\/Hartman_logo_n-1920x555.png 1920w,  https:\/\/bas-ip.com\/wp-content\/uploads\/2026\/02\/Hartman_logo_n-767x222.png 767w,  https:\/\/bas-ip.com\/wp-content\/uploads\/2026\/02\/Hartman_logo_n-1534x443.png 1534w\" sizes=\"auto, (max-width: 900px) 100vw, 900px\" \/><\/p>\n<p data-path-to-node=\"1\"><strong>BAS-IP, l&rsquo;un des principaux d\u00e9veloppeurs de syst\u00e8mes d&rsquo;interphonie IP, et Hartman Controls, leader des plateformes de contr\u00f4le d&rsquo;acc\u00e8s int\u00e9gr\u00e9es, ont annonc\u00e9 une int\u00e9gration strat\u00e9gique. Ce partenariat combine les platines de rue avanc\u00e9es de BAS-IP avec l&rsquo;\u00e9cosyst\u00e8me Odyssey, offrant une solution unifi\u00e9e et \u00e9volutive pour les b\u00e2timents r\u00e9sidentiels et commerciaux modernes.<\/strong><\/p>\n<p data-path-to-node=\"2\">Le c\u0153ur de cette int\u00e9gration r\u00e9side dans la coordination transparente entre le mat\u00e9riel BAS-IP et la <strong>plateforme Odyssey<\/strong>. En s&rsquo;appuyant sur la communication bas\u00e9e sur le protocole SIP et l&rsquo;API ouverte de BAS-IP, les syst\u00e8mes travaillent de concert pour g\u00e9rer les identifiants, la communication et la s\u00e9curit\u00e9 \u00e0 partir d&rsquo;une interface unique et centralis\u00e9e.<\/p>\n<p data-path-to-node=\"3\">Le syst\u00e8me Odyssey sert de centre de gestion principal. Les op\u00e9rateurs de s\u00e9curit\u00e9 peuvent g\u00e9rer les r\u00e9sidents, les portes et les autorisations, tandis que la plateforme BAS-IP Link garantit que toutes les donn\u00e9es de configuration \u2014 y compris les param\u00e8tres SIP et les r\u00e9pertoires de contacts \u2014 sont automatiquement synchronis\u00e9es sur l&rsquo;ensemble de l&rsquo;infrastructure d&rsquo;interphonie.<\/p>\n<h3 data-path-to-node=\"4\">Principaux avantages :<\/h3>\n<ul>\n<li data-path-to-node=\"5,0,0\"><b data-path-to-node=\"5,0,0\" data-index-in-node=\"0\">Gestion centralis\u00e9e<\/b> \u2013 Contr\u00f4le unifi\u00e9 des acc\u00e8s, de l&rsquo;interphonie et de la vid\u00e9o au sein de l&rsquo;\u00e9cosyst\u00e8me Odyssey.<\/li>\n<li data-path-to-node=\"5,1,0\"><b data-path-to-node=\"5,1,0\" data-index-in-node=\"0\">Mobilit\u00e9 accrue<\/b> \u2013 Les r\u00e9sidents et le personnel peuvent recevoir des appels d&rsquo;interphonie via les applications mobiles HC-Key et HC-Admin.<\/li>\n<li data-path-to-node=\"5,2,0\"><b data-path-to-node=\"5,2,0\" data-index-in-node=\"0\">Synchronisation automatis\u00e9e<\/b> \u2013 Synchronisation en temps r\u00e9el des carnets de contacts et des param\u00e8tres SIP via l&rsquo;API ouverte BAS-IP.<\/li>\n<li data-path-to-node=\"5,3,0\"><b data-path-to-node=\"5,3,0\" data-index-in-node=\"0\">Architecture \u00e9volutive<\/b> \u2013 Une solution p\u00e9renne adapt\u00e9e aux projets multi-locataires, commerciaux et \u00e0 usage mixte.<\/li>\n<\/ul>\n<h3 data-path-to-node=\"6\">Fonctionnement de l&rsquo;int\u00e9gration :<\/h3>\n<ol>\n<li data-path-to-node=\"7,0,0\"><b data-path-to-node=\"7,0,0\" data-index-in-node=\"0\">Enregistrement :<\/b> L&rsquo;administrateur g\u00e8re les identifiants et les donn\u00e9es des r\u00e9sidents au sein de la plateforme Hartman Odyssey.<\/li>\n<li data-path-to-node=\"7,1,0\"><b data-path-to-node=\"7,1,0\" data-index-in-node=\"0\">Synchronisation :<\/b> Gr\u00e2ce \u00e0 l&rsquo;API ouverte BAS-IP, Odyssey synchronise les comptes SIP et les r\u00e9pertoires de contacts directement sur les platines de rue.<\/li>\n<li data-path-to-node=\"7,2,0\"><b data-path-to-node=\"7,2,0\" data-index-in-node=\"0\">Appel :<\/b> Un visiteur s\u00e9lectionne un nom dans le r\u00e9pertoire de la platine BAS-IP. L&rsquo;appel est achemin\u00e9 via l&rsquo;infrastructure SIP d&rsquo;Odyssey.<\/li>\n<li data-path-to-node=\"7,3,0\"><b data-path-to-node=\"7,3,0\" data-index-in-node=\"0\">Communication :<\/b> Les r\u00e9sidents ou les op\u00e9rateurs re\u00e7oivent l&rsquo;appel sur l&rsquo;application mobile HC-Key, le logiciel de bureau Odyssey ou les postes de travail fixes.<\/li>\n<li data-path-to-node=\"7,4,0\"><b data-path-to-node=\"7,4,0\" data-index-in-node=\"0\">Acc\u00e8s :<\/b> La porte est d\u00e9verrouill\u00e9e \u00e0 distance via l&rsquo;interface int\u00e9gr\u00e9e Odyssey, tout en maintenant un registre s\u00e9curis\u00e9 des \u00e9v\u00e9nements.<\/li>\n<\/ol>\n<p data-path-to-node=\"8\">Cette int\u00e9gration \u00e9limine le probl\u00e8me des \u00ab syst\u00e8mes fragment\u00e9s \u00bb, rempla\u00e7ant les composants autonomes par un environnement coh\u00e9rent qui r\u00e9duit le temps de mise en service pour les int\u00e9grateurs et am\u00e9liore l&rsquo;exp\u00e9rience quotidienne des occupants du b\u00e2timent.<\/p>\n\n<!-- START Block Sign Up --><section id=\"block_629678229e935\" class=\"sign-up-section\">\r\n\r\n    <div class=\"form-holder js-form\" data-aos=\"fade-right\">\r\n                    <div class=\"title-block h3\">Sign up for connection<\/div>\r\n        \r\n                    <div class=\"text-block\">\r\n                Filling out all the information needed to answer you as quickly as possible            <\/div>\r\n        \r\n                    \n<div class=\"wpcf7 no-js\" id=\"wpcf7-f157874-o1\" lang=\"fr-FR\" dir=\"ltr\">\n<div class=\"screen-reader-response\"><p role=\"status\" aria-live=\"polite\" aria-atomic=\"true\"><\/p> <ul><\/ul><\/div>\n<form action=\"\/fr\/wp-json\/wp\/v2\/pages\/160257#wpcf7-f157874-o1\" method=\"post\" class=\"wpcf7-form init\" aria-label=\"Formulaire de contact\" enctype=\"multipart\/form-data\" novalidate=\"novalidate\" data-status=\"init\">\n<div style=\"display: none;\">\n<input type=\"hidden\" name=\"_wpcf7\" value=\"157874\" \/>\n<input type=\"hidden\" name=\"_wpcf7_version\" value=\"5.8.3\" \/>\n<input type=\"hidden\" name=\"_wpcf7_locale\" value=\"fr_FR\" \/>\n<input type=\"hidden\" name=\"_wpcf7_unit_tag\" value=\"wpcf7-f157874-o1\" \/>\n<input type=\"hidden\" name=\"_wpcf7_container_post\" value=\"0\" \/>\n<input type=\"hidden\" name=\"_wpcf7_posted_data_hash\" value=\"\" \/>\n<input type=\"hidden\" name=\"_wpcf7_recaptcha_response\" value=\"\" \/>\n<\/div>\n<div class=\"row\"> \n <label><span class=\"label-text\">Nom<\/span> \n  <span class=\"wpcf7-form-control-wrap\" data-name=\"text-full-name\"><input size=\"40\" class=\"wpcf7-form-control wpcf7-text wpcf7-validates-as-required\" aria-required=\"true\" aria-invalid=\"false\" placeholder=\"Nom\" value=\"\" type=\"text\" name=\"text-full-name\" \/><\/span><\/label> \n<\/div> \n<div class=\"row\"> \n <label><span class=\"label-text\">T\u00e9l\u00e9phone*<\/span> \n<span class=\"wpcf7-form-control-wrap\" data-name=\"phonetext-270\"><input size=\"40\" class=\"wpcf7-form-control wpcf7-phonetext wpcf7-validates-as-required wpcf7-text wpcf7-validates-as-phonetext\" aria-required=\"true\" aria-invalid=\"false\" placeholder=\"T\u00e9l\u00e9phone*\" value=\"\" type=\"text\" name=\"phonetext-270\" \/><input type=\"hidden\" name=\"phonetext-270-country-code\" class=\"wpcf7-phonetext-country-code\" \/><\/span><\/label> \n<\/div> \n<div class=\"row\"> \n <label><span class=\"label-text\">E-mail<\/span> \n  <span class=\"wpcf7-form-control-wrap\" data-name=\"email-e-mail\"><input size=\"40\" class=\"wpcf7-form-control wpcf7-email wpcf7-validates-as-required wpcf7-text wpcf7-validates-as-email\" aria-required=\"true\" aria-invalid=\"false\" placeholder=\"E-mail\" value=\"\" type=\"email\" name=\"email-e-mail\" \/><\/span><\/label> \n<\/div> \n<div class=\"row\"><span>Votre pays<\/span> \n <label><span class=\"wpcf7-form-control-wrap\" data-name=\"countrytext-126\"><input size=\"40\" class=\"wpcf7-form-control wpcf7-countrytext wpcf7-text wpcf7-validates-as-countrytext\" aria-invalid=\"false\" value=\"\" type=\"text\" name=\"countrytext-126\" \/><\/span><\/label>\n<\/div> \n<div class=\"row\"> \n <button type=\"submit\" class=\"btn\">Envoyer<\/button> \n<\/div> \n<div class=\"row\"> \n <span class=\"wpcf7-form-control-wrap\" data-name=\"checkbox-931\"><span class=\"wpcf7-form-control wpcf7-checkbox\"><span class=\"wpcf7-list-item first\"><label><input type=\"checkbox\" name=\"checkbox-931[]\" value=\"Int\u00e9grateur\" \/><span class=\"wpcf7-list-item-label\">Int\u00e9grateur<\/span><\/label><\/span><span class=\"wpcf7-list-item\"><label><input type=\"checkbox\" name=\"checkbox-931[]\" value=\"Constructeur\" \/><span class=\"wpcf7-list-item-label\">Constructeur<\/span><\/label><\/span><span class=\"wpcf7-list-item last\"><label><input type=\"checkbox\" name=\"checkbox-931[]\" value=\"Utilisateur final\" \/><span class=\"wpcf7-list-item-label\">Utilisateur final<\/span><\/label><\/span><\/span><\/span> \n<\/div> \n<div class=\"row row-upload-file\"> \n <label class=\"upload-file-block js-upload-file\">Joindre un fichier \n  <span class=\"wpcf7-form-control-wrap\" data-name=\"file-466\"><input size=\"40\" class=\"wpcf7-form-control wpcf7-file\" accept=\"audio\/*,video\/*,image\/*\" aria-invalid=\"false\" type=\"file\" name=\"file-466\" \/><\/span><\/label> \n<\/div><input type='hidden' class='wpcf7-pum' value='{\"closepopup\":false,\"closedelay\":0,\"openpopup\":false,\"openpopup_id\":0}' \/><div class=\"wpcf7-response-output\" aria-hidden=\"true\"><\/div>\n<\/form>\n<\/div>\n            <\/div>\r\n\r\n\t\t    <div class=\"text-holder\" data-aos=\"fade-left\">\r\n\t\t\t\t\t\t    <h3 class=\"title-block\">How Can We Help?<\/h3>\r\n\t\t\t\r\n\t\t\t                <div class=\"text-block\">\r\n                    Please select a topic below related to your inquiry. If you don&rsquo;t find what you need, fill out our contact form.                <\/div>\r\n\t\t\t\r\n\t\t\t\t\t\t    <ul class=\"link-list\">\r\n\t\t\t\t\t\t\t\t\t\t\t\t\t\t\t\t\t\t<li>\r\n\t\t\t\t\t\t\t\t\t\t\t\t\t\t\t\t    <strong>Get Inspired<\/strong>\r\n\t\t\t\t\t\t\t\t\t\t\t\t\t\t\t\t\t\t\t\t\t\t\t\t    <a href=\"\/features\/\">\r\n\t\t\t\t\t\t\t\t        Discover what&rsquo;s beneath our intercom\t\t\t\t\t\t\t\t    <\/a>\r\n\t\t\t\t\t\t\t\t\t\t\t\t\t\t\t<\/li>\r\n\t\t\t\t\t\t\t\t\t\t\t\t\t\t\t\t\t\t\t\t\t\t\t\t<li>\r\n\t\t\t\t\t\t\t\t\t\t\t\t\t\t\t\t    <strong>Become a Partner<\/strong>\r\n\t\t\t\t\t\t\t\t\t\t\t\t\t\t\t\t\t\t\t\t\t\t\t\t    <a href=\"\/distributors\/\">\r\n\t\t\t\t\t\t\t\t        Expand your business with BAS-IP intercom\t\t\t\t\t\t\t\t    <\/a>\r\n\t\t\t\t\t\t\t\t\t\t\t\t\t\t\t<\/li>\r\n\t\t\t\t\t\t\t\t\t\t\t\t\t\t\t\t\t\t\t\t\t\t\t\t<li>\r\n\t\t\t\t\t\t\t\t\t\t\t\t\t\t\t\t    <strong>Check the Guides<\/strong>\r\n\t\t\t\t\t\t\t\t\t\t\t\t\t\t\t\t\t\t\t\t\t\t\t\t    <a href=\"\/support\/\">\r\n\t\t\t\t\t\t\t\t        Download detailed manuals and schemes\t\t\t\t\t\t\t\t    <\/a>\r\n\t\t\t\t\t\t\t\t\t\t\t\t\t\t\t<\/li>\r\n\t\t\t\t\t\t\t\t\t\t\t\t\t\t\t<\/ul>\r\n\t\t\t\r\n\t\t\t\t\t\t    <h3 class=\"title-block\">Our contacts<\/h3>\r\n\t\t\t\r\n\t\t\t\t\t\t\t<ul class=\"contact-list\">\r\n\t\t\t\t\t\t\t\t\t\t\t\t\t\t\t\t\t\t<li>\r\n\t\t\t\t\t\t\t\t\t\t\t\t\t\t\t\t\t<strong>Sales:<\/strong>\r\n\t\t\t\t\t\t\t\t\t\t\t\t\t\t\t\t\t\t\t\t\t\t\t\t    <a href=\"mailto:&#115;a&#108;&#101;s&#64;b&#97;s&#45;i&#112;.&#99;om\">&#115;a&#108;e&#115;&#64;ba&#115;&#45;ip&#46;com<\/a>\r\n\t\t\t\t\t\t\t\t\t\t\t\t\t\t\t<\/li>\r\n\t\t\t\t\t\t\t\t\t\t\t\t\t\t\t\t\t\t\t\t\t\t\t\t<li>\r\n\t\t\t\t\t\t\t\t\t\t\t\t\t\t\t\t\t<strong>Technical support:<\/strong>\r\n\t\t\t\t\t\t\t\t\t\t\t\t\t\t\t\t\t\t\t\t\t\t\t\t    <a href=\"mailto:su&#112;por&#116;&#64;b&#97;&#115;-&#105;&#112;&#46;c&#111;m\">&#115;&#117;&#112;&#112;&#111;rt&#64;b&#97;&#115;-&#105;p&#46;co&#109;<\/a>\r\n\t\t\t\t\t\t\t\t\t\t\t\t\t\t\t<\/li>\r\n\t\t\t\t\t\t\t\t\t\t\t\t\t\t\t<\/ul>\r\n\t\t\t\t\t<\/div>\r\n\t<\/section>\r\n\r\n\r\n\r\n<!-- END Block Sign Up -->\n\n\n<p><\/p>","protected":false},"excerpt":{"rendered":"<p>BAS-IP et Hartman Controls annoncent une int\u00e9gration pour red\u00e9finir la gestion des acc\u00e8s aux b\u00e2timents BAS-IP, l&rsquo;un des principaux d\u00e9veloppeurs de syst\u00e8mes d&rsquo;interphonie IP, et Hartman Controls, leader des plateformes de contr\u00f4le d&rsquo;acc\u00e8s int\u00e9gr\u00e9es, ont annonc\u00e9 une int\u00e9gration strat\u00e9gique. Ce partenariat combine les platines de rue avanc\u00e9es de BAS-IP avec l&rsquo;\u00e9cosyst\u00e8me Odyssey, offrant une solution [&hellip;]<\/p>","protected":false},"author":1,"featured_media":0,"parent":0,"menu_order":0,"comment_status":"closed","ping_status":"closed","template":"page-custom-breadcrumbs.php","meta":{"inline_featured_image":false,"footnotes":""},"class_list":["post-160257","page","type-page","status-publish","hentry"],"acf":[],"_links":{"self":[{"href":"https:\/\/bas-ip.com\/fr\/wp-json\/wp\/v2\/pages\/160257","targetHints":{"allow":["GET"]}}],"collection":[{"href":"https:\/\/bas-ip.com\/fr\/wp-json\/wp\/v2\/pages"}],"about":[{"href":"https:\/\/bas-ip.com\/fr\/wp-json\/wp\/v2\/types\/page"}],"author":[{"embeddable":true,"href":"https:\/\/bas-ip.com\/fr\/wp-json\/wp\/v2\/users\/1"}],"replies":[{"embeddable":true,"href":"https:\/\/bas-ip.com\/fr\/wp-json\/wp\/v2\/comments?post=160257"}],"version-history":[{"count":2,"href":"https:\/\/bas-ip.com\/fr\/wp-json\/wp\/v2\/pages\/160257\/revisions"}],"predecessor-version":[{"id":160321,"href":"https:\/\/bas-ip.com\/fr\/wp-json\/wp\/v2\/pages\/160257\/revisions\/160321"}],"wp:attachment":[{"href":"https:\/\/bas-ip.com\/fr\/wp-json\/wp\/v2\/media?parent=160257"}],"curies":[{"name":"wp","href":"https:\/\/api.w.org\/{rel}","templated":true}]}}