{"id":150911,"date":"2025-09-24T10:16:00","date_gmt":"2025-09-24T10:16:00","guid":{"rendered":"https:\/\/bas-ip.com\/warranty-policy-europe\/"},"modified":"2025-11-24T12:04:53","modified_gmt":"2025-11-24T12:04:53","slug":"warranty-policy-europe","status":"publish","type":"page","link":"https:\/\/bas-ip.com\/fr\/warranty-policy-europe\/","title":{"rendered":"Politique de Garantie (Europe)"},"content":{"rendered":"<p data-path-to-node=\"2\">La politique en vigueur implique l&rsquo;entretien des appareils au Centre de Service de la soci\u00e9t\u00e9 BAS-IP et l&rsquo;exp\u00e9dition de pi\u00e8ces d\u00e9tach\u00e9es aux clients sous forme de modules enti\u00e8rement assembl\u00e9s.<\/p>\n<p data-path-to-node=\"3\">Selon les donn\u00e9es statistiques sur les demandes de service, la majorit\u00e9 des probl\u00e8mes peuvent \u00eatre r\u00e9solus \u00e0 distance par des mises \u00e0 jour de firmware ou la reconfiguration de l&rsquo;appareil. Pour tenter de r\u00e9soudre votre probl\u00e8me \u00e0 distance, veuillez nous contacter via les canaux de communication suivants :<\/p>\n<p data-path-to-node=\"4,0,0\"><strong>WhatsApp<\/strong> : <a class=\"ng-star-inserted\" href=\"https:\/\/wa.me\/message\/TQPHTSMDUD6UE1\" target=\"_blank\" rel=\"noopener\" data-hveid=\"0\" data-ved=\"0CAAQ_4QMahgKEwjV2-GN1YqRAxUAAAAAHQAAAAAQtQE\">https:\/\/wa.me\/message\/TQPHTSMDUD6UE1<\/a><\/p>\n<p data-path-to-node=\"4,1,0\"><strong>Telegram<\/strong> : <a class=\"ng-star-inserted\" href=\"https:\/\/t.me\/bas_ip_international_support_bot\" target=\"_blank\" rel=\"noopener\" data-hveid=\"0\" data-ved=\"0CAAQ_4QMahgKEwjV2-GN1YqRAxUAAAAAHQAAAAAQtgE\">https:\/\/t.me\/bas_ip_international_support_bot<\/a><\/p>\n<p data-path-to-node=\"4,2,0\"><strong>E-mail<\/strong> : <a href=\"mailto:support@bas-ip.com\">support@bas-ip.com<\/a><\/p>\n<p data-path-to-node=\"4,3,0\"><strong>Heures d&rsquo;ouverture<\/strong> : du lundi au vendredi, de 06:00 \u00e0 22:00 (GMT)<\/p>\n<p data-path-to-node=\"5\">Si votre probl\u00e8me ne peut \u00eatre r\u00e9solu \u00e0 distance, veuillez suivre la proc\u00e9dure d\u00e9crite ci-dessous :<\/p>\n<p data-path-to-node=\"6,0,0\">&#8211; Veuillez pr\u00e9parer \u00e0 l&rsquo;avance les informations suivantes, car nos sp\u00e9cialistes les demanderont lors de votre prise de contact : <b>mod\u00e8le de l&rsquo;appareil, num\u00e9ro de s\u00e9rie, motif de la r\u00e9clamation, date d&rsquo;achat, toute plainte \u00e9ventuelle et photographies<\/b>. Ces informations sont requises pour initier soit la proc\u00e9dure d&rsquo;envoi de l&rsquo;appareil au Centre de Service BAS-IP, soit l&rsquo;exp\u00e9dition de modules enti\u00e8rement assembl\u00e9s \u00e0 votre intention.<\/p>\n<p data-path-to-node=\"6,1,0\">&#8211; Apr\u00e8s analyse de toutes les informations soumises, vous serez contact\u00e9 via les coordonn\u00e9es que vous avez fournies et inform\u00e9 de la d\u00e9cision prise et des \u00e9tapes ult\u00e9rieures \u00e0 entreprendre, telles que l&rsquo;envoi de l&rsquo;appareil au Centre de Service BAS-IP ou l&rsquo;exp\u00e9dition de modules enti\u00e8rement assembl\u00e9s \u00e0 votre intention.<\/p>\n<p data-path-to-node=\"6,2,0\">&#8211; En cas d&rsquo;exp\u00e9dition de modules enti\u00e8rement assembl\u00e9s, ceux-ci vous seront exp\u00e9di\u00e9s par l&rsquo;entreprise partenaire aupr\u00e8s de laquelle l&rsquo;appareil a \u00e9t\u00e9 achet\u00e9 initialement.<\/p>\n<p data-path-to-node=\"6,3,0\">&#8211; S&rsquo;il est n\u00e9cessaire d&rsquo;envoyer votre appareil au Centre de Service BAS-IP, veuillez utiliser l&rsquo;adresse et les coordonn\u00e9es suivantes :<\/p>\n<ul>\n<li>Suchovr\u0161ice 110, 54232, \u00dapice, Czech Republic \/ \u010d.p. 110, 542 32 Suchovr\u0161ice, \u010cesk\u00e1 republika<\/li>\n<li>+420234715332<\/li>\n<li>E-mail : <a href=\"mailto:service@bas-ip.com\">service@bas-ip.com<\/a><\/li>\n<li>Heures d&rsquo;ouverture : du lundi au vendredi, de 6h00 \u00e0 14h00 (GMT+0)<\/li>\n<\/ul>\n<p data-path-to-node=\"7\">Votre appareil doit \u00eatre envoy\u00e9 au Centre de Service BAS-IP <b>aux frais du client<\/b>. Alternativement, l&rsquo;appareil peut \u00eatre envoy\u00e9 au Centre de Service BAS-IP via l&rsquo;entreprise partenaire aupr\u00e8s de laquelle vous avez achet\u00e9 l&rsquo;appareil.<\/p>\n<p data-path-to-node=\"8\">Dans le cas o\u00f9 l&rsquo;appareil vous est exp\u00e9di\u00e9 depuis le Centre de Service BAS-IP, l&rsquo;exp\u00e9dition sera effectu\u00e9e soit par l&rsquo;entreprise partenaire aupr\u00e8s de laquelle l&rsquo;appareil a \u00e9t\u00e9 achet\u00e9 initialement, soit directement depuis le Centre de Service BAS-IP.<\/p>\n<p data-path-to-node=\"9\"><strong>La p\u00e9riode de garantie pour le produit est de trente-six (36) mois \u00e0 compter de la date de vente.<\/strong><\/p>\n<p data-path-to-node=\"10,0,0\">&#8211; Le transport des appareils doit \u00eatre effectu\u00e9 dans l&rsquo;<b>emballage d&rsquo;origine<\/b> fourni par le vendeur ou dans un emballage pr\u00e9sentant des caract\u00e9ristiques de protection et de fonctionnement \u00e9quivalentes.<\/p>\n<p data-path-to-node=\"10,1,0\">&#8211; Une garantie limit\u00e9e de <b>douze (12) mois<\/b> \u00e0 compter de la date de vente s&rsquo;applique aux diff\u00e9rents types de supports de montage, y compris les supports encastr\u00e9s, en surface, de bureau, les visi\u00e8res de pluie et de soleil, les coins pivotants.<\/p>\n<p data-path-to-node=\"10,2,0\">&#8211; Ces conditions de garantie sont <b>suppl\u00e9mentaires<\/b> aux droits constitutionnels et autres droits du consommateur applicables dans le pays de r\u00e9sidence du consommateur et ne limitent en aucun cas ces droits.<\/p>\n<h3>Conditions de Garantie<\/h3>\n<ol>\n<li data-path-to-node=\"13\">Lors de la soumission d&rsquo;une demande de RMA \u00e0 BAS-IP, il est n\u00e9cessaire de fournir des informations d\u00e9taill\u00e9es sur le mod\u00e8le exact de l&rsquo;appareil, y compris sa couleur, le num\u00e9ro de s\u00e9rie de l&rsquo;appareil, la date d&rsquo;achat et la r\u00e9clamation avec une description compl\u00e8te et pr\u00e9cise du probl\u00e8me \u00e0 l&rsquo;origine de la demande de RMA.<\/li>\n<li data-path-to-node=\"13\">La livraison \u00e0 BAS-IP ou \u00e0 son Centre de Service est sous la responsabilit\u00e9 et aux frais de l&rsquo;acheteur<span style=\"font-size: revert; color: initial;\">.<\/span><\/li>\n<li data-path-to-node=\"13\">Le service de garantie est fourni uniquement pendant la p\u00e9riode de garantie sp\u00e9cifi\u00e9e dans cette politique de garantie.<\/li>\n<li data-path-to-node=\"13\">Le temps pass\u00e9 \u00e0 restaurer l&rsquo;op\u00e9rabilit\u00e9 de l&rsquo;appareil sera ajout\u00e9<span style=\"font-size: revert; color: initial;\"> \u00e0 la p\u00e9riode de garantie \u00e9tablie dans cette politique de garantie.<\/span><\/li>\n<\/ol>\n<h3>Violation des Conditions de Garantie<\/h3>\n<ol>\n<li data-path-to-node=\"19\">Ces conditions de garantie deviennent nulles si les num\u00e9ros standard ou de s\u00e9rie du produit sont alt\u00e9r\u00e9s, effac\u00e9s, retir\u00e9s ou rendus illisibles.<\/li>\n<li data-path-to-node=\"19\">Les dispositions de la garantie seront invalid\u00e9es<span style=\"font-size: revert; color: initial;\"> en cas de modifications, d&rsquo;adaptations ou d&rsquo;alt\u00e9rations du produit destin\u00e9es \u00e0 am\u00e9liorer ou \u00e0 \u00e9tendre la port\u00e9e normale d&rsquo;utilisation telle que sp\u00e9cifi\u00e9e dans le manuel d&rsquo;utilisation.<\/span><\/li>\n<li data-path-to-node=\"19\">La garantie est annul\u00e9e<span style=\"font-size: revert; color: initial;\"> si le produit est utilis\u00e9 contrairement \u00e0 sa destination ou d&rsquo;une mani\u00e8re incompatible avec les instructions d&rsquo;utilisation et d&rsquo;entretien.<\/span><\/li>\n<li data-path-to-node=\"19\">La couverture de la garantie est perdue<span style=\"font-size: revert; color: initial;\"> si des objets \u00e9trangers, des substances, des liquides, des vapeurs, des gaz corrosifs ou des insectes s&rsquo;infiltrent dans les parties internes ou externes du produit, que ce soit accidentellement ou intentionnellement.<\/span><\/li>\n<li data-path-to-node=\"19\">La garantie est annul\u00e9e<span style=\"font-size: revert; color: initial;\"> en cas de connexion incorrecte du produit \u00e0 d&rsquo;autres syst\u00e8mes ou d&rsquo;installation et de montage incorrects.<\/span><\/li>\n<li data-path-to-node=\"19\">Cette garantie ne s&rsquo;\u00e9tend pas<span style=\"font-size: revert; color: initial;\"> aux d\u00e9fauts ou dommages subis par tout syst\u00e8me dans lequel le produit a \u00e9t\u00e9 int\u00e9gr\u00e9 ou utilis\u00e9 en conjonction.<\/span><\/li>\n<li data-path-to-node=\"19\">La garantie est r\u00e9put\u00e9e invalide et nulle<span style=\"font-size: revert; color: initial;\"> si le produit pr\u00e9sente des dommages m\u00e9caniques, des \u00e9clats, des bosses, des fissures, des signes d&rsquo;alt\u00e9ration ou des d\u00e9fauts similaires.<\/span><\/li>\n<li data-path-to-node=\"19\">La garantie ne couvre pas<span style=\"font-size: revert; color: initial;\"> les produits endommag\u00e9s en raison du non-respect des normes applicables dans le pays d&rsquo;exploitation, y compris les probl\u00e8mes li\u00e9s aux param\u00e8tres d&rsquo;alimentation \u00e9lectrique, aux r\u00e9seaux de t\u00e9l\u00e9communications, de c\u00e2blage ou \u00e0 d&rsquo;autres facteurs externes.<\/span><\/li>\n<li data-path-to-node=\"19\">La couverture de la garantie exclut<span style=\"font-size: revert; color: initial;\"> les dommages r\u00e9sultant de facteurs externes tels que les catastrophes naturelles, la guerre, les incendies, les inondations, la foudre, les temp\u00eates, les fluctuations de tension ou d&rsquo;autres causes \u00e9chappant au contr\u00f4le du fabricant.<\/span><\/li>\n<li data-path-to-node=\"19\">La garantie est annul\u00e9e<span style=\"font-size: revert; color: initial;\"> si des r\u00e9parations ou des modifications sont tent\u00e9es par des centres de service non autoris\u00e9s ou des personnes\/organisations n&rsquo;ayant pas l&rsquo;autorit\u00e9 l\u00e9gale pour effectuer de telles r\u00e9parations ou modifications.<\/span><\/li>\n<li data-path-to-node=\"19\">Ces conditions de garantie ne s&rsquo;appliquent pas<span style=\"font-size: revert; color: initial;\"> aux accessoires (y compris, mais sans s&rsquo;y limiter, les batteries, les alimentations externes, les c\u00e2bles de connexion, les porte-cl\u00e9s, les cartes, les identifiants) ou aux pi\u00e8ces du produit soumises \u00e0 une usure normale.<\/span><\/li>\n<\/ol>","protected":false},"excerpt":{"rendered":"<p>La politique en vigueur implique l&rsquo;entretien des appareils au Centre de Service de la soci\u00e9t\u00e9 BAS-IP et l&rsquo;exp\u00e9dition de pi\u00e8ces d\u00e9tach\u00e9es aux clients sous forme de modules enti\u00e8rement assembl\u00e9s. Selon les donn\u00e9es statistiques sur les demandes de service, la majorit\u00e9 des probl\u00e8mes peuvent \u00eatre r\u00e9solus \u00e0 distance par des mises \u00e0 jour de firmware ou [&hellip;]<\/p>","protected":false},"author":1,"featured_media":0,"parent":0,"menu_order":0,"comment_status":"closed","ping_status":"closed","template":"","meta":{"inline_featured_image":false,"footnotes":""},"class_list":["post-150911","page","type-page","status-publish","hentry"],"acf":[],"_links":{"self":[{"href":"https:\/\/bas-ip.com\/fr\/wp-json\/wp\/v2\/pages\/150911","targetHints":{"allow":["GET"]}}],"collection":[{"href":"https:\/\/bas-ip.com\/fr\/wp-json\/wp\/v2\/pages"}],"about":[{"href":"https:\/\/bas-ip.com\/fr\/wp-json\/wp\/v2\/types\/page"}],"author":[{"embeddable":true,"href":"https:\/\/bas-ip.com\/fr\/wp-json\/wp\/v2\/users\/1"}],"replies":[{"embeddable":true,"href":"https:\/\/bas-ip.com\/fr\/wp-json\/wp\/v2\/comments?post=150911"}],"version-history":[{"count":4,"href":"https:\/\/bas-ip.com\/fr\/wp-json\/wp\/v2\/pages\/150911\/revisions"}],"predecessor-version":[{"id":150997,"href":"https:\/\/bas-ip.com\/fr\/wp-json\/wp\/v2\/pages\/150911\/revisions\/150997"}],"wp:attachment":[{"href":"https:\/\/bas-ip.com\/fr\/wp-json\/wp\/v2\/media?parent=150911"}],"curies":[{"name":"wp","href":"https:\/\/api.w.org\/{rel}","templated":true}]}}