{"id":146575,"date":"2025-09-24T07:37:21","date_gmt":"2025-09-24T07:37:21","guid":{"rendered":"https:\/\/bas-ip.com\/memo-on-personal-data-processing-compliance\/"},"modified":"2025-10-23T09:28:21","modified_gmt":"2025-10-23T09:28:21","slug":"memo-on-personal-data-processing-compliance","status":"publish","type":"page","link":"https:\/\/bas-ip.com\/fr\/memo-on-personal-data-processing-compliance\/","title":{"rendered":"MEMORANDUM SUR LA CONFORMIT\u00c9 AU TRAITEMENT DES DONN\u00c9ES PERSONNELLES"},"content":{"rendered":"<p style=\"text-align: right;\"><em>Nous sommes engag\u00e9s envers des pratiques de protection des donn\u00e9es <b>solides et innovantes<\/b>, afin que chaque client puisse avoir confiance que ses <b>donn\u00e9es personnelles<\/b> sont trait\u00e9es de mani\u00e8re s\u00fbre et s\u00e9curis\u00e9e.<\/em><\/p>\n<p><b>BAS-IP DISTRIBUTION LTD<\/b> (<b>Soci\u00e9t\u00e9<\/b> ou <b>BAS-IP<\/b>) a pr\u00e9par\u00e9 ce m\u00e9morandum pour nos clients concernant notre conformit\u00e9 avec la l\u00e9gislation applicable en mati\u00e8re de protection des donn\u00e9es, y compris le <b>R\u00e8glement g\u00e9n\u00e9ral sur la protection des donn\u00e9es du Royaume-Uni<\/b> (<b>UK GDPR<\/b>) et le <b>R\u00e8glement g\u00e9n\u00e9ral sur la protection des donn\u00e9es de l&rsquo;UE<\/b> (<b>RGPD\/GDPR<\/b>). Ci-dessous, nous vous pr\u00e9senterons nos activit\u00e9s concernant le respect des exigences en mati\u00e8re de protection des donn\u00e9es personnelles.<\/p>\n<h1><strong>D\u00c9FINITIONS<\/strong><\/h1>\n<ul>\n<li><b>\u00ab UK GDPR \u00bb<\/b> d\u00e9signe le R\u00e8glement g\u00e9n\u00e9ral sur la protection des donn\u00e9es du Royaume-Uni, tel qu&rsquo;int\u00e9gr\u00e9 dans le droit britannique en vertu du Data Protection Act 2018, ainsi que toute autre l\u00e9gislation applicable du Royaume-Uni en mati\u00e8re de protection des donn\u00e9es et de la vie priv\u00e9e.<\/li>\n<li><b>\u00ab RGPD \u00bb (ou \u00ab GDPR \u00bb)<\/b> d\u00e9signe le R\u00e8glement g\u00e9n\u00e9ral sur la protection des donn\u00e9es (R\u00e8glement (UE) 2016\/679) et toute l\u00e9gislation connexe sur la protection des donn\u00e9es et de la vie priv\u00e9e applicable au sein de l&rsquo;Union europ\u00e9enne et de l&rsquo;Espace \u00e9conomique europ\u00e9en.<\/li>\n<li><b>Donn\u00e9es personnelles<\/b> (Personal data) d\u00e9signent toute information se rapportant \u00e0 une <b>personne physique identifi\u00e9e ou identifiable<\/b>.<\/li>\n<li><b>Personne concern\u00e9e<\/b> (Data subject) d\u00e9signe une personne physique identifiable qui peut \u00eatre identifi\u00e9e, directement ou indirectement.<\/li>\n<li><b>Responsable du traitement<\/b> (Controller) d\u00e9signe la personne physique ou morale, l&rsquo;autorit\u00e9 publique, l&rsquo;agence ou tout autre organisme qui, <b>seul ou conjointement avec d&rsquo;autres, d\u00e9termine les finalit\u00e9s et les moyens du traitement des donn\u00e9es personnelles<\/b>.<\/li>\n<li><b>Sous-traitant<\/b> (Processor) d\u00e9signe la personne physique ou morale, l&rsquo;autorit\u00e9 publique, l&rsquo;agence ou tout autre organisme qui <b>traite des donn\u00e9es personnelles pour le compte du responsable du traitement<\/b>.<\/li>\n<li><b>Sous-sous-traitant<\/b> (Subprocessor) d\u00e9signe une personne physique ou morale, engag\u00e9e par un sous-traitant, qui <b>effectue le traitement des donn\u00e9es personnelles pour le compte du responsable du traitement<\/b>.<\/li>\n<li><b>Traitement<\/b> (Processing) d\u00e9signe toute op\u00e9ration ou ensemble d&rsquo;op\u00e9rations effectu\u00e9es ou non \u00e0 l&rsquo;aide de proc\u00e9d\u00e9s automatis\u00e9s et appliqu\u00e9es \u00e0 des donn\u00e9es ou des ensembles de donn\u00e9es \u00e0 caract\u00e8re personnel, telles que la collecte, l&rsquo;enregistrement, l&rsquo;organisation, la structuration, la conservation, l&rsquo;adaptation ou la modification, l&rsquo;extraction, la consultation, l&rsquo;utilisation, la communication par transmission, la diffusion ou toute autre forme de mise \u00e0 disposition, le rapprochement ou l&rsquo;interconnexion, la limitation, l&rsquo;effacement ou la destruction.<\/li>\n<\/ul>\n<h1><strong>\u00c0 PROPOS DE BAS-IP<\/strong><\/h1>\n<p>BAS-IP d\u00e9veloppe et fabrique <b>interphones IP, syst\u00e8mes de contr\u00f4le d&rsquo;acc\u00e8s et syst\u00e8mes de communication<\/b>, et est un acteur de premier plan dans ce domaine. Vous pouvez trouver plus d&rsquo;informations sur nos activit\u00e9s sur le site web : <a class=\"ng-star-inserted\" href=\"https:\/\/bas-ip.com\/\" target=\"_blank\" rel=\"noopener\" data-hveid=\"0\" data-ved=\"0CAAQ_4QMahcKEwjZuIui9LmQAxUAAAAAHQAAAAAQKQ\">https:\/\/bas-ip.com\/<\/a>.<\/p>\n<p>Dans le cadre de ses activit\u00e9s, la <b>Soci\u00e9t\u00e9<\/b> peut collecter, acc\u00e9der ou traiter de toute autre mani\u00e8re des donn\u00e9es personnelles relatives \u00e0 diverses cat\u00e9gories de personnes concern\u00e9es : <b>clients et utilisateurs, employ\u00e9s, entrepreneurs et autres personnes concern\u00e9es<\/b>. Au cours d&rsquo;un tel traitement, la Soci\u00e9t\u00e9 s&rsquo;engage \u00e0 prendre toutes les mesures n\u00e9cessaires et \u00e0 suivre les politiques, proc\u00e9dures et autres documents pertinents sur la protection des donn\u00e9es personnelles pour traiter les donn\u00e9es personnelles conform\u00e9ment \u00e0 la loi applicable et aux meilleures pratiques.<\/p>\n<h2><strong>R\u00f4les lors du traitement des donn\u00e9es personnelles<\/strong><\/h2>\n<p>BAS-IP peut avoir divers r\u00f4les en vertu de l&rsquo;UK GDPR et du RGPD :<\/p>\n<ul>\n<li>En tant que <b>responsable du traitement<\/b>, la Soci\u00e9t\u00e9 d\u00e9termine les finalit\u00e9s et les moyens du traitement des donn\u00e9es personnelles, par exemple lors de la communication avec les clients et les visiteurs du site web, des activit\u00e9s de marketing qui impliquent le traitement des donn\u00e9es personnelles, etc.<\/li>\n<li>En tant que <b>sous-traitant<\/b>, la Soci\u00e9t\u00e9 peut traiter des donn\u00e9es personnelles sur instruction de notre client, agissant en tant que responsable du traitement ou pour le compte du responsable du traitement respectif.<\/li>\n<li>Lors du traitement des donn\u00e9es personnelles en tant que sous-traitant, nous pouvons engager des fournisseurs de services tiers qui agiront en tant que <b>sous-sous-traitants<\/b>.<\/li>\n<\/ul>\n<table width=\"681\">\n<tbody>\n<tr>\n<td width=\"681\"><em>Lors du traitement des donn\u00e9es personnelles dans le cadre de la fourniture de services \u00e0 ses clients, la Soci\u00e9t\u00e9 agit en tant que <b>sous-traitant<\/b> et se conforme aux exigences applicables de l&rsquo;UK GDPR et du RGPD, ainsi qu&rsquo;aux obligations contractuelles pertinentes entre la Soci\u00e9t\u00e9 et le client.<\/em><\/td>\n<\/tr>\n<\/tbody>\n<\/table>\n<h1><strong>BAS-IP ET PROTECTION DES DONN\u00c9ES<\/strong><\/h1>\n<p>BAS-IP s&rsquo;engage \u00e0 respecter les <b>normes de protection des donn\u00e9es les plus \u00e9lev\u00e9es<\/b> et la l\u00e9gislation applicable en mati\u00e8re de protection des donn\u00e9es personnelles.<\/p>\n<p>Toutes les activit\u00e9s impliquant le traitement de donn\u00e9es personnelles sont men\u00e9es conform\u00e9ment \u00e0 la <b>documentation interne<\/b> r\u00e9gissant la r\u00e9glementation du traitement des donn\u00e9es personnelles.<\/p>\n<p>Les mesures suivantes de protection des donn\u00e9es personnelles sont appliqu\u00e9es par la Soci\u00e9t\u00e9 :<\/p>\n<h2><strong>Examen r\u00e9gulier de la documentation de protection des donn\u00e9es personnelles et apports de modifications n\u00e9cessaires \u00e0 notre documentation et \u00e0 nos activit\u00e9s<\/strong><\/h2>\n<p>L&rsquo;examen et la mise \u00e0 jour r\u00e9guliers de la documentation interne de protection des donn\u00e9es personnelles font partie int\u00e9grante de la strat\u00e9gie de la Soci\u00e9t\u00e9 visant \u00e0 assurer la conformit\u00e9 aux exigences de l&rsquo;UK GDPR, du RGPD et d&rsquo;autres actes r\u00e9glementaires dans le domaine de la protection des donn\u00e9es personnelles.<\/p>\n<p>La documentation interne pertinente et les politiques et proc\u00e9dures adopt\u00e9es, en particulier concernant les <b>demandes des personnes concern\u00e9es, la notification des violations de donn\u00e9es personnelles, les \u00e9valuations de conformit\u00e9 des tiers<\/b> impliqu\u00e9s dans le traitement des donn\u00e9es personnelles, etc., sont p\u00e9riodiquement mises \u00e0 jour ou modifi\u00e9es si n\u00e9cessaire, en particulier en cas de changements dans la l\u00e9gislation ou de l&rsquo;introduction de nouvelles activit\u00e9s de traitement de donn\u00e9es personnelles.<\/p>\n<p>De plus, les activit\u00e9s de traitement des donn\u00e9es personnelles sont enregistr\u00e9es, ce qui comprend la tenue de <b>registres des activit\u00e9s de traitement (RoPA)<\/b>, et, si n\u00e9cessaire, une <b>analyse d&rsquo;impact relative \u00e0 la protection des donn\u00e9es (DPIA)<\/b> et une <b>\u00e9valuation d&rsquo;int\u00e9r\u00eat l\u00e9gitime (LIA)<\/b> sont effectu\u00e9es.<\/p>\n<p>Ainsi, en maintenant sa documentation de protection des donn\u00e9es personnelles \u00e0 jour, la Soci\u00e9t\u00e9 assure un haut niveau de protection des donn\u00e9es personnelles et une conformit\u00e9 continue avec la l\u00e9gislation.<\/p>\n<h2><strong>Conformit\u00e9 aux exigences pour la protection des droits des personnes concern\u00e9es<\/strong><\/h2>\n<p>La <b>Politique de confidentialit\u00e9<\/b> de la Soci\u00e9t\u00e9, qui est accessible au public sur son site web, fournit aux clients et autres personnes concern\u00e9es des informations sur les finalit\u00e9s pour lesquelles les donn\u00e9es personnelles peuvent \u00eatre trait\u00e9es, comment et quelles donn\u00e9es personnelles sp\u00e9cifiques peuvent \u00eatre trait\u00e9es, ainsi que des informations sur <b>leurs droits<\/b> en vertu des lois applicables en mati\u00e8re de protection des donn\u00e9es personnelles, y compris la mani\u00e8re d&rsquo;exercer ces droits.<\/p>\n<p>De plus, la Soci\u00e9t\u00e9 a adopt\u00e9 une <b>Proc\u00e9dure de demande et de plainte<\/b>, qui contient la proc\u00e9dure de r\u00e9ponse aux demandes des personnes concern\u00e9es et \u00e0 leurs droits conform\u00e9ment \u00e0 l&rsquo;UK GDPR et au RGPD.<\/p>\n<p>La Soci\u00e9t\u00e9 s&rsquo;engage \u00e0 fournir tout le soutien n\u00e9cessaire au client dans le cadre de la r\u00e9ponse aux demandes des personnes concern\u00e9es dont les donn\u00e9es sont trait\u00e9es par la Soci\u00e9t\u00e9 en tant que sous-traitant conform\u00e9ment aux dispositions de l&rsquo;UK GDPR, du RGPD et des obligations contractuelles entre la Soci\u00e9t\u00e9 et le client.<\/p>\n<h2><strong>Conformit\u00e9 aux meilleures normes et pratiques en mati\u00e8re de s\u00e9curit\u00e9 technique et organisationnelle<\/strong><\/h2>\n<p>La Soci\u00e9t\u00e9 a mis en \u0153uvre des <b>mesures techniques et organisationnelles<\/b> pour assurer la s\u00e9curit\u00e9 des donn\u00e9es personnelles. La documentation interne de la Soci\u00e9t\u00e9 d\u00e9finit clairement les mesures techniques et organisationnelles utilis\u00e9es lors du traitement des donn\u00e9es personnelles :<\/p>\n<ul>\n<li>la documentation r\u00e9gissant la <b>s\u00e9curit\u00e9 de l&rsquo;information<\/b> est d\u00e9velopp\u00e9e et adopt\u00e9e, et surveille \u00e9galement en permanence les \u00e9v\u00e9nements de s\u00e9curit\u00e9 de l&rsquo;information et assure une r\u00e9ponse rapide aux incidents ;<\/li>\n<li>a mis en place des mesures de protection pour <b>restreindre l&rsquo;acc\u00e8s<\/b> aux donn\u00e9es personnelles, telles que le contr\u00f4le de l&rsquo;acc\u00e8s aux donn\u00e9es personnelles, en particulier par l&rsquo;utilisation de comptes personnalis\u00e9s, le contr\u00f4le des exigences relatives \u00e0 la longueur et \u00e0 la complexit\u00e9 des mots de passe de compte, et la protection de l&rsquo;acc\u00e8s au r\u00e9seau pour r\u00e9duire le risque d&rsquo;attaques r\u00e9seau ; v\u00e9rification de la conformit\u00e9 des centres de donn\u00e9es physiques o\u00f9 les donn\u00e9es sont stock\u00e9es avec les exigences de s\u00e9curit\u00e9 ; authentification multifacteur et authentification des utilisateurs lors de l&rsquo;autorisation, ainsi que la configuration et l&rsquo;application des <b>autorisations d&rsquo;acc\u00e8s aux donn\u00e9es<\/b>, l&rsquo;examen r\u00e9gulier des droits d&rsquo;acc\u00e8s existants, etc. ;<\/li>\n<li>utilise des <b>technologies de chiffrement<\/b> lors du stockage et du traitement des donn\u00e9es personnelles \u00e0 l&rsquo;aide de technologies cloud et \u00e9tablit des exigences pour l&rsquo;utilisation uniquement de protocoles cryptographiques, d&rsquo;algorithmes, de suites de chiffrement, de cl\u00e9s de chiffrement et d&rsquo;approches de gestion des cl\u00e9s \u00e0 jour et robustes ;<\/li>\n<li>examine r\u00e9guli\u00e8rement les <b>sauvegardes<\/b> des donn\u00e9es personnelles pour d\u00e9terminer si leur stockage est conforme aux exigences op\u00e9rationnelles et aux obligations l\u00e9gales ;<\/li>\n<li>prend d&rsquo;autres <b>mesures de s\u00e9curit\u00e9 organisationnelles<\/b>, y compris la mise en \u0153uvre d&rsquo;une politique de s\u00e9paration des r\u00f4les et des responsabilit\u00e9s, la mise \u00e0 jour r\u00e9guli\u00e8re des politiques et proc\u00e9dures pertinentes, la surveillance de l&rsquo;ex\u00e9cution des t\u00e2ches et la d\u00e9monstration d&rsquo;une volont\u00e9 de coop\u00e9rer avec les autorit\u00e9s gouvernementales comp\u00e9tentes. Les mesures de s\u00e9curit\u00e9 du personnel mises en \u0153uvre par la Soci\u00e9t\u00e9 comprennent dans certains cas des v\u00e9rifications des ant\u00e9c\u00e9dents des employ\u00e9s, la sensibilisation des employ\u00e9s aux probl\u00e8mes de s\u00e9curit\u00e9 de l&rsquo;information et la surveillance de cette sensibilisation, ainsi que la conduite de programmes de formation et de perfectionnement professionnel ;<\/li>\n<li>surveille en permanence les changements dans la l\u00e9gislation et met en \u0153uvre les <b>meilleures pratiques<\/b> dans le domaine de la protection des donn\u00e9es personnelles conform\u00e9ment aux normes de cybers\u00e9curit\u00e9, aux lignes directrices, aux recommandations des autorit\u00e9s de contr\u00f4le de la protection des donn\u00e9es personnelles et de l&rsquo;Information Commissioner\u2019s Office (ICO).<\/li>\n<\/ul>\n<p>La Soci\u00e9t\u00e9 se conforme \u00e0 toutes les politiques et proc\u00e9dures visant \u00e0 assurer la s\u00e9curit\u00e9 de la protection des donn\u00e9es personnelles, v\u00e9rifie r\u00e9guli\u00e8rement leur pertinence et assure une r\u00e9vision en temps opportun.<\/p>\n<p><strong>V\u00e9rification r\u00e9guli\u00e8re par des tiers<\/strong><\/p>\n<p>Tous les <b>tiers<\/b> impliqu\u00e9s dans le traitement des donn\u00e9es personnelles sont v\u00e9rifi\u00e9s \u00e0 l&rsquo;aide d&rsquo;une <b>proc\u00e9dure interne r\u00e9glement\u00e9e pour l&rsquo;\u00e9valuation de la conformit\u00e9 des tiers<\/b>. En particulier, ces v\u00e9rifications \u00e9valuent la disponibilit\u00e9 de la documentation pertinente relative au traitement des donn\u00e9es personnelles, ainsi que la disponibilit\u00e9 et l&rsquo;efficacit\u00e9 des mesures de s\u00e9curit\u00e9 techniques et organisationnelles mises en \u0153uvre pour prot\u00e9ger les donn\u00e9es personnelles contre l&rsquo;acc\u00e8s non autoris\u00e9, la perte ou les atteintes \u00e0 l&rsquo;int\u00e9grit\u00e9.<\/p>\n<h2><strong>Transferts s\u00e9curis\u00e9s de donn\u00e9es personnelles<\/strong><\/h2>\n<p>Lors de la fourniture de services, la Soci\u00e9t\u00e9 peut transf\u00e9rer des donn\u00e9es personnelles <b>en dehors du Royaume-Uni<\/b>, par exemple vers les \u00c9tats-Unis et l&rsquo;Ukraine.<\/p>\n<p>Pour assurer la s\u00e9curit\u00e9 et la conformit\u00e9 aux exigences l\u00e9gales pour le transfert de donn\u00e9es personnelles, une <b>\u00e9valuation<\/b> est effectu\u00e9e \u00e0 l&rsquo;avance. De plus, une surveillance interne est r\u00e9guli\u00e8rement effectu\u00e9e pour assurer la conformit\u00e9 des exigences l\u00e9gales et des pratiques des \u00c9tats-Unis, de l&rsquo;Ukraine et, si n\u00e9cessaire, d&rsquo;autres pays vers lesquels des donn\u00e9es personnelles sont transf\u00e9r\u00e9es, avec les <b>normes et pratiques de protection des donn\u00e9es personnelles du Royaume-Uni et de l&rsquo;UE<\/b>. En outre, les mesures de s\u00e9curit\u00e9 prises par les importateurs de donn\u00e9es sont soigneusement v\u00e9rifi\u00e9es, notamment en signant la documentation pertinente r\u00e9gissant la protection des donn\u00e9es personnelles.<\/p>\n<p>Lorsque la Soci\u00e9t\u00e9 transf\u00e8re des donn\u00e9es personnelles soumises \u00e0 l&rsquo;UK GDPR et\/ou au RGPD, elle conclut un <b>Accord de Traitement de Donn\u00e9es (DPA)<\/b> avec ses contractants. Ces accords int\u00e8grent les m\u00e9canismes de transfert appropri\u00e9s, y compris les <b>Clauses Contractuelles Types de l&rsquo;UE (CCT\/SCCs)<\/b> avec l&rsquo;<b>Addendum britannique (UK Addendum)<\/b>, ou l&rsquo;<b>Accord International de Transfert de Donn\u00e9es (IDTA)<\/b>.<\/p>\n<h2><strong>Formations r\u00e9guli\u00e8res<\/strong><\/h2>\n<p>La Soci\u00e9t\u00e9 organise r\u00e9guli\u00e8rement des <b>formations<\/b> pour ses employ\u00e9s et contractants sur la conformit\u00e9 aux exigences de l&rsquo;UK GDPR et du RGPD, ainsi que sur la protection des donn\u00e9es personnelles. Les sujets abord\u00e9s lors de la formation comprennent, entre autres, les exigences g\u00e9n\u00e9rales de l&rsquo;UK GDPR, du RGPD et d&rsquo;autres lois applicables sur la protection des donn\u00e9es personnelles, les r\u00f4les dans le traitement, les principes du traitement des donn\u00e9es personnelles, les motifs de traitement, la garantie des droits des personnes concern\u00e9es et les questions de protection des donn\u00e9es personnelles.<\/p>\n<p>De plus, la Soci\u00e9t\u00e9 a \u00e9galement adopt\u00e9 la documentation n\u00e9cessaire et mis en \u0153uvre des mesures appropri\u00e9es pour assurer la formation et la sensibilisation des employ\u00e9s dans le domaine de la protection des donn\u00e9es.<\/p>\n<h1><strong>NOS CONTACTS<\/strong><\/h1>\n<p>Si vous avez d&rsquo;autres questions concernant la protection des donn\u00e9es personnelles chez BAS-IP, veuillez nous contacter par e-mail : <a href=\"mailto:privacy@bas-ip.com\">privacy@bas-ip.com<\/a>.<\/p>\n<p>Cordialement,<\/p>\n<p><strong>BAS-IP DISTRIBUTION LTD<\/strong><\/p>","protected":false},"excerpt":{"rendered":"<p>Nous sommes engag\u00e9s envers des pratiques de protection des donn\u00e9es solides et innovantes, afin que chaque client puisse avoir confiance que ses donn\u00e9es personnelles sont trait\u00e9es de mani\u00e8re s\u00fbre et s\u00e9curis\u00e9e. BAS-IP DISTRIBUTION LTD (Soci\u00e9t\u00e9 ou BAS-IP) a pr\u00e9par\u00e9 ce m\u00e9morandum pour nos clients concernant notre conformit\u00e9 avec la l\u00e9gislation applicable en mati\u00e8re de protection [&hellip;]<\/p>","protected":false},"author":1,"featured_media":0,"parent":0,"menu_order":0,"comment_status":"closed","ping_status":"closed","template":"","meta":{"inline_featured_image":false,"footnotes":""},"class_list":["post-146575","page","type-page","status-publish","hentry"],"acf":[],"_links":{"self":[{"href":"https:\/\/bas-ip.com\/fr\/wp-json\/wp\/v2\/pages\/146575","targetHints":{"allow":["GET"]}}],"collection":[{"href":"https:\/\/bas-ip.com\/fr\/wp-json\/wp\/v2\/pages"}],"about":[{"href":"https:\/\/bas-ip.com\/fr\/wp-json\/wp\/v2\/types\/page"}],"author":[{"embeddable":true,"href":"https:\/\/bas-ip.com\/fr\/wp-json\/wp\/v2\/users\/1"}],"replies":[{"embeddable":true,"href":"https:\/\/bas-ip.com\/fr\/wp-json\/wp\/v2\/comments?post=146575"}],"version-history":[{"count":2,"href":"https:\/\/bas-ip.com\/fr\/wp-json\/wp\/v2\/pages\/146575\/revisions"}],"predecessor-version":[{"id":146683,"href":"https:\/\/bas-ip.com\/fr\/wp-json\/wp\/v2\/pages\/146575\/revisions\/146683"}],"wp:attachment":[{"href":"https:\/\/bas-ip.com\/fr\/wp-json\/wp\/v2\/media?parent=146575"}],"curies":[{"name":"wp","href":"https:\/\/api.w.org\/{rel}","templated":true}]}}