{"id":145707,"date":"2025-09-22T13:03:10","date_gmt":"2025-09-22T13:03:10","guid":{"rendered":"https:\/\/bas-ip.com\/career\/"},"modified":"2025-10-02T11:04:18","modified_gmt":"2025-10-02T11:04:18","slug":"career","status":"publish","type":"page","link":"https:\/\/bas-ip.com\/fr\/career\/","title":{"rendered":"Carri\u00e8re"},"content":{"rendered":"<!-- START Block Career Hero -->   <div class=\"careers-hero\" style=\"background-image:url(https:\/\/bas-ip.com\/wp-content\/uploads\/2025\/09\/career_top_bg_2-scaled.jpg)\">\r\n    <div class=\"careers-hero__overlay\"><\/div>\r\n    <div class=\"careers-container careers-hero__content\">\r\n      <h1 class=\"careers-hero__title\">Nous <span>recherchons<\/span> des personnes qualifi\u00e9es<\/h1>\r\n              <p class=\"careers-hero__subtitle\">Nous d\u00e9veloppons des solutions de pointe dans le domaine de la s\u00e9curit\u00e9 \u2014 des interphones IP au contr\u00f4le d\u2019acc\u00e8s et aux syst\u00e8mes de vid\u00e9osurveillance.<br>\r\nMais la chose la plus importante que nous construisons est une \u00e9quipe.<\/p>\r\n                    <a class=\"careers-btn careers-btn--primary\" href=\"https:\/\/bas-ip.com\/vacancies\/\">\r\n          travailler avec nous        <\/a>\r\n          <\/div>\r\n  <\/div>\r\n     <section class=\"careers-benefits\">\r\n    <div class=\"careers-container\">\r\n              <h2 class=\"careers-section-title\">Pourquoi nous rejoindre<\/h2>\r\n                    <div class=\"careers-benefits__grid\">\r\n                      <div class=\"careers-benefit\">\r\n                              <div class=\"careers-benefit__icon\"><img decoding=\"async\" src=\"https:\/\/bas-ip.com\/wp-content\/uploads\/2025\/09\/hugeicons_global.svg\" alt=\"icon\"><\/div>\r\n                                            <h3>Priorit\u00e9 \u00e0 distance<\/h3>\r\n                                            <p>Travaillez de n&#039;importe o\u00f9 dans le monde<\/p>\r\n                          <\/div>\r\n                      <div class=\"careers-benefit\">\r\n                              <div class=\"careers-benefit__icon\"><img decoding=\"async\" src=\"https:\/\/bas-ip.com\/wp-content\/uploads\/2025\/09\/iconoir_brain.svg\" alt=\"icon\"><\/div>\r\n                                            <h3>Des produits innovants<\/h3>\r\n                                            <p>Technologie de pointe sur le march\u00e9 de la s\u00e9curit\u00e9<\/p>\r\n                          <\/div>\r\n                      <div class=\"careers-benefit\">\r\n                              <div class=\"careers-benefit__icon\"><img decoding=\"async\" src=\"https:\/\/bas-ip.com\/wp-content\/uploads\/2025\/09\/fluent_people-team-16-regular.svg\" alt=\"icon\"><\/div>\r\n                                            <h3>\u00c9quipe mondiale<\/h3>\r\n                                            <p>Collaborer au-del\u00e0 des fronti\u00e8res et des fuseaux horaires<\/p>\r\n                          <\/div>\r\n                      <div class=\"careers-benefit\">\r\n                              <div class=\"careers-benefit__icon\"><img decoding=\"async\" src=\"https:\/\/bas-ip.com\/wp-content\/uploads\/2025\/09\/tabler_rocket.svg\" alt=\"icon\"><\/div>\r\n                                            <h3>Ax\u00e9 sur la croissance<\/h3>\r\n                                            <p>Nous soutenons votre apprentissage et votre d\u00e9veloppement de carri\u00e8re<\/p>\r\n                          <\/div>\r\n                      <div class=\"careers-benefit\">\r\n                              <div class=\"careers-benefit__icon\"><img decoding=\"async\" src=\"https:\/\/bas-ip.com\/wp-content\/uploads\/2025\/09\/octicon_goal-24.svg\" alt=\"icon\"><\/div>\r\n                                            <h3>Les r\u00e9sultats plut\u00f4t que la bureaucratie<\/h3>\r\n                                            <p>Nous valorisons l\u2019action et l\u2019appropriation<\/p>\r\n                          <\/div>\r\n                      <div class=\"careers-benefit\">\r\n                              <div class=\"careers-benefit__icon\"><img decoding=\"async\" src=\"https:\/\/bas-ip.com\/wp-content\/uploads\/2025\/09\/hugeicons_idea.svg\" alt=\"icon\"><\/div>\r\n                                            <h3>Votre voix compte<\/h3>\r\n                                            <p>L&#039;initiative est bienvenue et r\u00e9compens\u00e9e<\/p>\r\n                          <\/div>\r\n                  <\/div>\r\n          <\/div>\r\n  <\/section>\r\n    <section class=\"careers-vision\">\r\n    <div class=\"careers-container careers-vision__grid\">\r\n      <div class=\"careers-vision__media\">\r\n                  <img decoding=\"async\" src=\"https:\/\/bas-ip.com\/wp-content\/uploads\/2025\/09\/vision.jpg\" alt=\"\" class=\"careers-vision__img careers-vision__img--single\">\r\n              <\/div>\r\n      <div class=\"careers-vision__text\">\r\n                  <h2 class=\"careers-section-title careers-section-title--left\">notre vision<\/h2>\r\n                          <p data-start=\"433\" data-end=\"700\">Chez BAS-IP, vous trouverez des opportunit\u00e9s de croissance, des projets inspirants et une \u00e9quipe mondiale fa\u00e7onnant l\u2019avenir de la s\u00e9curit\u00e9 intelligente. Nous sommes plus de 60 personnes travaillant depuis diff\u00e9rents coins du monde \u2014 sans fronti\u00e8res pour le talent.<\/p>\n<p data-start=\"702\" data-end=\"912\">Notre \u00e9quipe r\u00e9unit des professionnels de la R&amp;D, des ventes, du support, du marketing, des achats et de la logistique, des finances et des ressources humaines. Nous sommes diversifi\u00e9s \u2013 et c\u2019est notre force.<\/p>\n<p data-start=\"914\" data-end=\"1111\" data-is-last-node=\"\" data-is-only-node=\"\">Nous soutenons les nouveaux arrivants, nous nous inspirons mutuellement, prenons des d\u00e9cisions rapidement et valorisons l\u2019initiative. Ici, vous ne travaillerez pas seulement \u2014 vous aurez un impact.<\/p>\n                          <a class=\"careers-btn careers-btn--primary\" href=\"https:\/\/bas-ip.com\/vacancies\/\">\r\n            travailler avec nous          <\/a>\r\n              <\/div>\r\n    <\/div>\r\n  <\/section>\r\n  <section class=\"careers-values\">\r\n    <div class=\"careers-container\">\r\n              <h2 class=\"careers-section-title\">Nos valeurs<\/h2>\r\n        <p>Chez BAS-IP, notre culture ne se r\u00e9sume pas \u00e0 des objectifs : elle est fa\u00e7onn\u00e9e par des valeurs communes qui guident notre fa\u00e7on de travailler au quotidien :<\/p>\r\n                    <div class=\"careers-values__grid\">\r\n                      <article class=\"careers-card\">\r\n                              <img decoding=\"async\" src=\"https:\/\/bas-ip.com\/wp-content\/uploads\/2025\/09\/honesty3.jpg\" alt=\"\">\r\n                            <div class=\"careers-card__body\">\r\n                                  <h3>Honn\u00eatet\u00e9<\/h3>\r\n                                                  <p>Ouverture et transparence dans tout ce que nous faisons<\/p>\r\n                              <\/div>\r\n            <\/article>\r\n                      <article class=\"careers-card\">\r\n                              <img decoding=\"async\" src=\"https:\/\/bas-ip.com\/wp-content\/uploads\/2025\/09\/optimism.jpg\" alt=\"\">\r\n                            <div class=\"careers-card__body\">\r\n                                  <h3>Optimisme<\/h3>\r\n                                                  <p>Croire en nous-m\u00eames et au succ\u00e8s de notre \u00e9quipe<\/p>\r\n                              <\/div>\r\n            <\/article>\r\n                      <article class=\"careers-card\">\r\n                              <img decoding=\"async\" src=\"https:\/\/bas-ip.com\/wp-content\/uploads\/2025\/09\/support2.jpg\" alt=\"\">\r\n                            <div class=\"careers-card__body\">\r\n                                  <h3>Soutien<\/h3>\r\n                                                  <p>S&#039;entraider avec gentillesse et attention<\/p>\r\n                              <\/div>\r\n            <\/article>\r\n                      <article class=\"careers-card\">\r\n                              <img decoding=\"async\" src=\"https:\/\/bas-ip.com\/wp-content\/uploads\/2025\/09\/selfdev-1.jpg\" alt=\"\">\r\n                            <div class=\"careers-card__body\">\r\n                                  <h3>D\u00e9veloppement personnel<\/h3>\r\n                                                  <p>Toujours s&#039;efforcer d&#039;apprendre et de grandir<\/p>\r\n                              <\/div>\r\n            <\/article>\r\n                  <\/div>\r\n          <\/div>\r\n  <\/section>\r\n    <section class=\"careers-banner\">\r\n    <div class=\"careers-banner__bg\" style=\"background-image:url(https:\/\/bas-ip.com\/wp-content\/uploads\/2025\/09\/careerbannerbg1-scaled.jpg)\"><\/div>\r\n    <div class=\"careers-container careers-banner__content\">\r\n              <p class=\"careers-banner__title\">NOUS NE CONSTRUISONS PAS SEULEMENT LA TECHNOLOGIE \u2014 <span>NOUS CONSTRUISONS<br>\r\nUNE \u00c9QUIPE<\/span> QUI REFLETTE CES VALEURS \u00c0 CHAQUE \u00c9TAPE.<\/p>\r\n          <\/div>\r\n  <\/section>\r\n\r\n  \r\n    <section id=\"open\" class=\"careers-open\">\r\n    <div class=\"careers-container careers-open__inner\">\r\n              <h2 class=\"careers-section-title\">Postes ouverts<\/h2>\r\n                    <p>D\u00e9couvrez nos offres d&#039;emploi et postulez directement. Nous sommes toujours \u00e0 la recherche de professionnels passionn\u00e9s pour nous rejoindre.<\/p>\r\n                    <a class=\"careers-btn careers-btn--primary\" href=\"https:\/\/bas-ip.com\/vacancies\/\">\r\n          travailler avec nous        <\/a>\r\n          <\/div>\r\n  <\/section><!-- END Block Career Hero -->","protected":false},"excerpt":{"rendered":"","protected":false},"author":2,"featured_media":0,"parent":0,"menu_order":0,"comment_status":"closed","ping_status":"closed","template":"","meta":{"inline_featured_image":false,"footnotes":""},"class_list":["post-145707","page","type-page","status-publish","hentry"],"acf":[],"_links":{"self":[{"href":"https:\/\/bas-ip.com\/fr\/wp-json\/wp\/v2\/pages\/145707","targetHints":{"allow":["GET"]}}],"collection":[{"href":"https:\/\/bas-ip.com\/fr\/wp-json\/wp\/v2\/pages"}],"about":[{"href":"https:\/\/bas-ip.com\/fr\/wp-json\/wp\/v2\/types\/page"}],"author":[{"embeddable":true,"href":"https:\/\/bas-ip.com\/fr\/wp-json\/wp\/v2\/users\/2"}],"replies":[{"embeddable":true,"href":"https:\/\/bas-ip.com\/fr\/wp-json\/wp\/v2\/comments?post=145707"}],"version-history":[{"count":3,"href":"https:\/\/bas-ip.com\/fr\/wp-json\/wp\/v2\/pages\/145707\/revisions"}],"predecessor-version":[{"id":145767,"href":"https:\/\/bas-ip.com\/fr\/wp-json\/wp\/v2\/pages\/145707\/revisions\/145767"}],"wp:attachment":[{"href":"https:\/\/bas-ip.com\/fr\/wp-json\/wp\/v2\/media?parent=145707"}],"curies":[{"name":"wp","href":"https:\/\/api.w.org\/{rel}","templated":true}]}}