{"id":140858,"date":"2025-06-03T12:48:57","date_gmt":"2025-06-03T12:48:57","guid":{"rendered":"https:\/\/bas-ip.com\/condo-control\/"},"modified":"2025-08-05T10:07:15","modified_gmt":"2025-08-05T10:07:15","slug":"condo-control","status":"publish","type":"page","link":"https:\/\/bas-ip.com\/fr\/condo-control\/","title":{"rendered":"Condo Control"},"content":{"rendered":"<h2><strong>BAS-IP et Condo Control annoncent une int\u00e9gration pour am\u00e9liorer l&rsquo;exp\u00e9rience de vie r\u00e9sidentielle<\/strong><\/h2>\n\n<div class=\"wp-block-image\">\n<figure class=\"aligncenter size-large\"><img loading=\"lazy\" decoding=\"async\" width=\"1024\" height=\"235\" src=\"https:\/\/bas-ip.com\/wp-content\/uploads\/2025\/06\/Condo-Control-1024x235.png\" alt=\"\" class=\"wp-image-138764\" srcset=\"https:\/\/bas-ip.com\/wp-content\/uploads\/2025\/06\/Condo-Control-1024x235.png 1024w,  https:\/\/bas-ip.com\/wp-content\/uploads\/2025\/06\/Condo-Control-300x69.png 300w,  https:\/\/bas-ip.com\/wp-content\/uploads\/2025\/06\/Condo-Control-768x177.png 768w,  https:\/\/bas-ip.com\/wp-content\/uploads\/2025\/06\/Condo-Control-767x176.png 767w,  https:\/\/bas-ip.com\/wp-content\/uploads\/2025\/06\/Condo-Control.png 1266w\" sizes=\"auto, (max-width: 1024px) 100vw, 1024px\" \/><\/figure>\n<\/div>\n\n<p>BAS-IP, l&rsquo;un des principaux d\u00e9veloppeurs de syst\u00e8mes d&rsquo;interphone IP, et Condo Control, la plateforme tout-en-un qui num\u00e9rise les op\u00e9rations pour plus de 2 millions de r\u00e9sidents, ont annonc\u00e9 aujourd&rsquo;hui une int\u00e9gration strat\u00e9gique. Cette collaboration cr\u00e9e une source unique de v\u00e9rit\u00e9 pour les donn\u00e9es des r\u00e9sidents, \u00e9limine les doubles saisies et permet une synchronisation fluide des donn\u00e9es entre les deux syst\u00e8mes, offrant un nouveau niveau de commodit\u00e9 et de pr\u00e9cision des donn\u00e9es pour les r\u00e9sidents et les gestionnaires immobiliers au Canada.<\/p>\n<p>La principale caract\u00e9ristique de cette int\u00e9gration est la synchronisation de la liste des r\u00e9sidents de la plateforme Condo Control avec les interphones BAS-IP. Au lieu de composer des num\u00e9ros d&rsquo;appartement, les visiteurs peuvent faire d\u00e9filer un r\u00e9pertoire intelligent alphab\u00e9tique, toucher un nom et le panneau d&rsquo;appel affiche d\u00e9sormais un annuaire avec les noms des r\u00e9sidents, offrant une approche plus intuitive et centr\u00e9e sur l&rsquo;utilisateur.<\/p>\n<p>Le syst\u00e8me Condo Control sert d&rsquo;interface principale pour les administrateurs immobiliers afin d&rsquo;ajouter, de supprimer et de mettre \u00e0 jour facilement les dossiers des r\u00e9sidents. Ces modifications sont automatiquement transf\u00e9r\u00e9es vers le r\u00e9pertoire intelligent du syst\u00e8me d&rsquo;interphone via la plateforme de gestion BAS-IP Link, qui agit comme un middleware. BAS-IP Link g\u00e8re \u00e9galement le processus d&rsquo;appel, garantissant une communication fiable.<\/p>\n<p>Cette am\u00e9lioration a \u00e9t\u00e9 mise en \u0153uvre en tenant compte des pr\u00e9f\u00e9rences des r\u00e9sidents canadiens, qui sont habitu\u00e9s \u00e0 recevoir des appels sur leurs num\u00e9ros de t\u00e9l\u00e9phone mobile personnels plut\u00f4t que sur un appareil fixe dans l&rsquo;appartement.<\/p>\n<p>\u00ab Notre mission est de num\u00e9riser et de rationaliser les op\u00e9rations communautaires \u00bb, a d\u00e9clar\u00e9 Brian Bosscher, de Condo Control. \u00ab Le partenariat avec BAS-IP permet aux gestionnaires de mettre \u00e0 jour les donn\u00e9es une seule fois et donne aux r\u00e9sidents l&rsquo;acc\u00e8s mobile sans friction qu&rsquo;ils attendent. \u00bb<\/p>\n<p><strong><u>Principaux avantages:<\/u><\/strong><\/p>\n<ul>\n<li><b>Z\u00e9ro double saisie<\/b> \u2013 les dossiers des r\u00e9sidents sont transf\u00e9r\u00e9s automatiquement.<\/li>\n<li><b>Les appels atteignent la bonne personne du premier coup<\/b> \u2013 moins de rappels depuis le hall d&rsquo;entr\u00e9e.<\/li>\n<li><b>Exp\u00e9rience ax\u00e9e sur le mobile<\/b> \u2013 les r\u00e9sidents peuvent r\u00e9pondre depuis n&rsquo;importe quel t\u00e9l\u00e9phone mobile.<\/li>\n<li><b>Toujours \u00e0 jour<\/b> : les num\u00e9ros de t\u00e9l\u00e9phone et les d\u00e9m\u00e9nagements sont synchronis\u00e9s instantan\u00e9ment.<\/li>\n<\/ul>\n<p><strong><u>Le processus d&rsquo;appel a \u00e9t\u00e9 am\u00e9lior\u00e9 pour une flexibilit\u00e9 maximale:<\/u><\/strong><\/p>\n<ul>\n<li><b>Appel direct au r\u00e9sident :<\/b> Les visiteurs peuvent appeler un r\u00e9sident sp\u00e9cifique sur son num\u00e9ro de t\u00e9l\u00e9phone personnel ou dans l&rsquo;application mobile BAS-IP Link en s\u00e9lectionnant son nom dans le r\u00e9pertoire intelligent ou en composant un code sp\u00e9cifique.<\/li>\n<li><b>Appel d&rsquo;appartement :<\/b> L&rsquo;option traditionnelle d&rsquo;appeler tous les r\u00e9sidents d&rsquo;un appartement simultan\u00e9ment est toujours disponible.<\/li>\n<li><b>Mod\u00e8le hybride :<\/b> Les deux options peuvent \u00eatre prises en charge simultan\u00e9ment sur un seul appareil d&rsquo;appel.<\/li>\n<\/ul>\n<p><strong><u>Fonctionnement de l&rsquo;int\u00e9gration:<\/u><\/strong><\/p>\n<ul>\n<li><b>Enregistrement :<\/b> L&rsquo;administrateur enregistre un r\u00e9sident dans le syst\u00e8me Condo Control et ajoute ses coordonn\u00e9es.<\/li>\n<li><b>Synchronisation :<\/b> Le serveur BAS-IP Link envoie automatiquement les donn\u00e9es du r\u00e9sident au r\u00e9pertoire intelligent du panneau d&rsquo;appel.<\/li>\n<li><b>Appel :<\/b> Un coursier ou un invit\u00e9 s\u00e9lectionne le r\u00e9sident par son nom ou compose son code.<\/li>\n<li><b>R\u00e9ponse :<\/b> Le r\u00e9sident r\u00e9pond \u00e0 l&rsquo;appel depuis le panneau sur son num\u00e9ro de t\u00e9l\u00e9phone mobile personnel (via un trunk SIP Twilio connect\u00e9) ou dans l&rsquo;application BAS-IP Link.<\/li>\n<li><b>Acc\u00e8s :<\/b> Le r\u00e9sident peut ouvrir la porte \u00e0 distance.<\/li>\n<\/ul>\n<p>L&rsquo;int\u00e9gration garantit \u00e9galement des mises \u00e0 jour automatiques des donn\u00e9es. Toute modification du num\u00e9ro de t\u00e9l\u00e9phone d&rsquo;un r\u00e9sident, la suppression d&rsquo;un utilisateur ou une session d&rsquo;application mobile dans le syst\u00e8me Condo Control sont imm\u00e9diatement r\u00e9percut\u00e9es dans le sch\u00e9ma de renvoi de BAS-IP Link, garantissant que les informations de contact sont toujours \u00e0 jour.<\/p>\n<p>Cette int\u00e9gration repr\u00e9sente une \u00e9tape importante dans la cr\u00e9ation d&rsquo;espaces de vie plus intelligents et plus pratiques. En combinant la technologie d&rsquo;interphone IP de pointe de BAS-IP avec les puissantes capacit\u00e9s de gestion immobili\u00e8re de Condo Control, les entreprises offrent une solution qui r\u00e9pond aux besoins modernes des r\u00e9sidents et simplifie le flux de travail des administrateurs.<\/p>\n\n<!-- START Block Sign Up --><section id=\"block_629678229e935\" class=\"sign-up-section\">\r\n\r\n    <div class=\"form-holder js-form\" data-aos=\"fade-right\">\r\n                    <div class=\"title-block h3\">Sign up for connection<\/div>\r\n        \r\n                    <div class=\"text-block\">\r\n                Filling out all the information needed to answer you as quickly as possible            <\/div>\r\n        \r\n                    \n<div class=\"wpcf7 no-js\" id=\"wpcf7-f157874-o1\" lang=\"fr-FR\" dir=\"ltr\">\n<div class=\"screen-reader-response\"><p role=\"status\" aria-live=\"polite\" aria-atomic=\"true\"><\/p> <ul><\/ul><\/div>\n<form action=\"\/fr\/wp-json\/wp\/v2\/pages\/140858#wpcf7-f157874-o1\" method=\"post\" class=\"wpcf7-form init\" aria-label=\"Formulaire de contact\" enctype=\"multipart\/form-data\" novalidate=\"novalidate\" data-status=\"init\">\n<div style=\"display: none;\">\n<input type=\"hidden\" name=\"_wpcf7\" value=\"157874\" \/>\n<input type=\"hidden\" name=\"_wpcf7_version\" value=\"5.8.3\" \/>\n<input type=\"hidden\" name=\"_wpcf7_locale\" value=\"fr_FR\" \/>\n<input type=\"hidden\" name=\"_wpcf7_unit_tag\" value=\"wpcf7-f157874-o1\" \/>\n<input type=\"hidden\" name=\"_wpcf7_container_post\" value=\"0\" \/>\n<input type=\"hidden\" name=\"_wpcf7_posted_data_hash\" value=\"\" \/>\n<input type=\"hidden\" name=\"_wpcf7_recaptcha_response\" value=\"\" \/>\n<\/div>\n<div class=\"row\"> \n <label><span class=\"label-text\">Nom<\/span> \n  <span class=\"wpcf7-form-control-wrap\" data-name=\"text-full-name\"><input size=\"40\" class=\"wpcf7-form-control wpcf7-text wpcf7-validates-as-required\" aria-required=\"true\" aria-invalid=\"false\" placeholder=\"Nom\" value=\"\" type=\"text\" name=\"text-full-name\" \/><\/span><\/label> \n<\/div> \n<div class=\"row\"> \n <label><span class=\"label-text\">T\u00e9l\u00e9phone*<\/span> \n<span class=\"wpcf7-form-control-wrap\" data-name=\"phonetext-270\"><input size=\"40\" class=\"wpcf7-form-control wpcf7-phonetext wpcf7-validates-as-required wpcf7-text wpcf7-validates-as-phonetext\" aria-required=\"true\" aria-invalid=\"false\" placeholder=\"T\u00e9l\u00e9phone*\" value=\"\" type=\"text\" name=\"phonetext-270\" \/><input type=\"hidden\" name=\"phonetext-270-country-code\" class=\"wpcf7-phonetext-country-code\" \/><\/span><\/label> \n<\/div> \n<div class=\"row\"> \n <label><span class=\"label-text\">E-mail<\/span> \n  <span class=\"wpcf7-form-control-wrap\" data-name=\"email-e-mail\"><input size=\"40\" class=\"wpcf7-form-control wpcf7-email wpcf7-validates-as-required wpcf7-text wpcf7-validates-as-email\" aria-required=\"true\" aria-invalid=\"false\" placeholder=\"E-mail\" value=\"\" type=\"email\" name=\"email-e-mail\" \/><\/span><\/label> \n<\/div> \n<div class=\"row\"><span>Votre pays<\/span> \n <label><span class=\"wpcf7-form-control-wrap\" data-name=\"countrytext-126\"><input size=\"40\" class=\"wpcf7-form-control wpcf7-countrytext wpcf7-text wpcf7-validates-as-countrytext\" aria-invalid=\"false\" value=\"\" type=\"text\" name=\"countrytext-126\" \/><\/span><\/label>\n<\/div> \n<div class=\"row\"> \n <button type=\"submit\" class=\"btn\">Envoyer<\/button> \n<\/div> \n<div class=\"row\"> \n <span class=\"wpcf7-form-control-wrap\" data-name=\"checkbox-931\"><span class=\"wpcf7-form-control wpcf7-checkbox\"><span class=\"wpcf7-list-item first\"><label><input type=\"checkbox\" name=\"checkbox-931[]\" value=\"Int\u00e9grateur\" \/><span class=\"wpcf7-list-item-label\">Int\u00e9grateur<\/span><\/label><\/span><span class=\"wpcf7-list-item\"><label><input type=\"checkbox\" name=\"checkbox-931[]\" value=\"Constructeur\" \/><span class=\"wpcf7-list-item-label\">Constructeur<\/span><\/label><\/span><span class=\"wpcf7-list-item last\"><label><input type=\"checkbox\" name=\"checkbox-931[]\" value=\"Utilisateur final\" \/><span class=\"wpcf7-list-item-label\">Utilisateur final<\/span><\/label><\/span><\/span><\/span> \n<\/div> \n<div class=\"row row-upload-file\"> \n <label class=\"upload-file-block js-upload-file\">Joindre un fichier \n  <span class=\"wpcf7-form-control-wrap\" data-name=\"file-466\"><input size=\"40\" class=\"wpcf7-form-control wpcf7-file\" accept=\"audio\/*,video\/*,image\/*\" aria-invalid=\"false\" type=\"file\" name=\"file-466\" \/><\/span><\/label> \n<\/div><input type='hidden' class='wpcf7-pum' value='{\"closepopup\":false,\"closedelay\":0,\"openpopup\":false,\"openpopup_id\":0}' \/><div class=\"wpcf7-response-output\" aria-hidden=\"true\"><\/div>\n<\/form>\n<\/div>\n            <\/div>\r\n\r\n\t\t    <div class=\"text-holder\" data-aos=\"fade-left\">\r\n\t\t\t\t\t\t    <h3 class=\"title-block\">How Can We Help?<\/h3>\r\n\t\t\t\r\n\t\t\t                <div class=\"text-block\">\r\n                    Please select a topic below related to your inquiry. If you don&rsquo;t find what you need, fill out our contact form.                <\/div>\r\n\t\t\t\r\n\t\t\t\t\t\t    <ul class=\"link-list\">\r\n\t\t\t\t\t\t\t\t\t\t\t\t\t\t\t\t\t\t<li>\r\n\t\t\t\t\t\t\t\t\t\t\t\t\t\t\t\t    <strong>Get Inspired<\/strong>\r\n\t\t\t\t\t\t\t\t\t\t\t\t\t\t\t\t\t\t\t\t\t\t\t\t    <a href=\"\/features\/\">\r\n\t\t\t\t\t\t\t\t        Discover what&rsquo;s beneath our intercom\t\t\t\t\t\t\t\t    <\/a>\r\n\t\t\t\t\t\t\t\t\t\t\t\t\t\t\t<\/li>\r\n\t\t\t\t\t\t\t\t\t\t\t\t\t\t\t\t\t\t\t\t\t\t\t\t<li>\r\n\t\t\t\t\t\t\t\t\t\t\t\t\t\t\t\t    <strong>Become a Partner<\/strong>\r\n\t\t\t\t\t\t\t\t\t\t\t\t\t\t\t\t\t\t\t\t\t\t\t\t    <a href=\"\/distributors\/\">\r\n\t\t\t\t\t\t\t\t        Expand your business with BAS-IP intercom\t\t\t\t\t\t\t\t    <\/a>\r\n\t\t\t\t\t\t\t\t\t\t\t\t\t\t\t<\/li>\r\n\t\t\t\t\t\t\t\t\t\t\t\t\t\t\t\t\t\t\t\t\t\t\t\t<li>\r\n\t\t\t\t\t\t\t\t\t\t\t\t\t\t\t\t    <strong>Check the Guides<\/strong>\r\n\t\t\t\t\t\t\t\t\t\t\t\t\t\t\t\t\t\t\t\t\t\t\t\t    <a href=\"\/support\/\">\r\n\t\t\t\t\t\t\t\t        Download detailed manuals and schemes\t\t\t\t\t\t\t\t    <\/a>\r\n\t\t\t\t\t\t\t\t\t\t\t\t\t\t\t<\/li>\r\n\t\t\t\t\t\t\t\t\t\t\t\t\t\t\t<\/ul>\r\n\t\t\t\r\n\t\t\t\t\t\t    <h3 class=\"title-block\">Our contacts<\/h3>\r\n\t\t\t\r\n\t\t\t\t\t\t\t<ul class=\"contact-list\">\r\n\t\t\t\t\t\t\t\t\t\t\t\t\t\t\t\t\t\t<li>\r\n\t\t\t\t\t\t\t\t\t\t\t\t\t\t\t\t\t<strong>Sales:<\/strong>\r\n\t\t\t\t\t\t\t\t\t\t\t\t\t\t\t\t\t\t\t\t\t\t\t\t    <a href=\"mailto:&#115;al&#101;s&#64;bas&#45;&#105;&#112;.com\">&#115;ale&#115;&#64;b&#97;&#115;-i&#112;.&#99;&#111;m<\/a>\r\n\t\t\t\t\t\t\t\t\t\t\t\t\t\t\t<\/li>\r\n\t\t\t\t\t\t\t\t\t\t\t\t\t\t\t\t\t\t\t\t\t\t\t\t<li>\r\n\t\t\t\t\t\t\t\t\t\t\t\t\t\t\t\t\t<strong>Technical support:<\/strong>\r\n\t\t\t\t\t\t\t\t\t\t\t\t\t\t\t\t\t\t\t\t\t\t\t\t    <a href=\"mailto:&#115;&#117;&#112;po&#114;t&#64;b&#97;s&#45;i&#112;&#46;&#99;om\">&#115;u&#112;&#112;o&#114;&#116;&#64;&#98;&#97;&#115;-i&#112;.com<\/a>\r\n\t\t\t\t\t\t\t\t\t\t\t\t\t\t\t<\/li>\r\n\t\t\t\t\t\t\t\t\t\t\t\t\t\t\t<\/ul>\r\n\t\t\t\t\t<\/div>\r\n\t<\/section>\r\n\r\n\r\n\r\n<!-- END Block Sign Up -->","protected":false},"excerpt":{"rendered":"<p>BAS-IP et Condo Control annoncent une int\u00e9gration pour am\u00e9liorer l&rsquo;exp\u00e9rience de vie r\u00e9sidentielle BAS-IP, l&rsquo;un des principaux d\u00e9veloppeurs de syst\u00e8mes d&rsquo;interphone IP, et Condo Control, la plateforme tout-en-un qui num\u00e9rise les op\u00e9rations pour plus de 2 millions de r\u00e9sidents, ont annonc\u00e9 aujourd&rsquo;hui une int\u00e9gration strat\u00e9gique. Cette collaboration cr\u00e9e une source unique de v\u00e9rit\u00e9 pour les [&hellip;]<\/p>","protected":false},"author":1,"featured_media":0,"parent":0,"menu_order":0,"comment_status":"closed","ping_status":"closed","template":"page-custom-breadcrumbs.php","meta":{"inline_featured_image":false,"footnotes":""},"class_list":["post-140858","page","type-page","status-publish","hentry"],"acf":[],"_links":{"self":[{"href":"https:\/\/bas-ip.com\/fr\/wp-json\/wp\/v2\/pages\/140858","targetHints":{"allow":["GET"]}}],"collection":[{"href":"https:\/\/bas-ip.com\/fr\/wp-json\/wp\/v2\/pages"}],"about":[{"href":"https:\/\/bas-ip.com\/fr\/wp-json\/wp\/v2\/types\/page"}],"author":[{"embeddable":true,"href":"https:\/\/bas-ip.com\/fr\/wp-json\/wp\/v2\/users\/1"}],"replies":[{"embeddable":true,"href":"https:\/\/bas-ip.com\/fr\/wp-json\/wp\/v2\/comments?post=140858"}],"version-history":[{"count":2,"href":"https:\/\/bas-ip.com\/fr\/wp-json\/wp\/v2\/pages\/140858\/revisions"}],"predecessor-version":[{"id":140932,"href":"https:\/\/bas-ip.com\/fr\/wp-json\/wp\/v2\/pages\/140858\/revisions\/140932"}],"wp:attachment":[{"href":"https:\/\/bas-ip.com\/fr\/wp-json\/wp\/v2\/media?parent=140858"}],"curies":[{"name":"wp","href":"https:\/\/api.w.org\/{rel}","templated":true}]}}