{"id":133757,"date":"2023-03-27T16:07:41","date_gmt":"2023-03-27T16:07:41","guid":{"rendered":"https:\/\/bas-ip.com\/gates\/"},"modified":"2025-03-17T13:56:32","modified_gmt":"2025-03-17T13:56:32","slug":"gates","status":"publish","type":"page","link":"https:\/\/bas-ip.com\/fr\/gates\/","title":{"rendered":"Portes"},"content":{"rendered":"<h1 class=\"wp-block-heading\"><strong>Syst\u00e8me d&rsquo;interphone de portail\u00a0: am\u00e9liorez votre s\u00e9curit\u00e9<\/strong><\/h1>\n\n\n\n<p>Bienvenue dans l&rsquo;avenir de la gestion d&rsquo;acc\u00e8s \u00e0 la propri\u00e9t\u00e9, o\u00f9 commodit\u00e9, s\u00e9curit\u00e9 et technologie de pointe se rencontrent. Avec un syst\u00e8me d&rsquo;interphone de portail BAS-IP, vous pouvez b\u00e9n\u00e9ficier d&rsquo;un contr\u00f4le in\u00e9gal\u00e9 sur les points d&rsquo;acc\u00e8s de votre propri\u00e9t\u00e9. Que ce soit pour une maison r\u00e9sidentielle, un complexe d&rsquo;appartements ou une installation commerciale, nos syst\u00e8mes d&rsquo;interphone pour portails offrent des fonctionnalit\u00e9s uniques qui r\u00e9pondent \u00e0 tous vos besoins. Nous explorerons les principales caract\u00e9ristiques et avantages de l&rsquo;interphone BAS-IP pour portails, vous fournissant toutes les informations n\u00e9cessaires pour prendre une d\u00e9cision \u00e9clair\u00e9e.<\/p>\n\n\n\n<h2 class=\"wp-block-heading\"><strong>Pourquoi choisir un syst\u00e8me d&rsquo;interphone BAS-IP ?<\/strong><\/h2>\n\n\n\n<p>Les syst\u00e8mes d&rsquo;interphone de portail BAS-IP offrent une multitude de fonctionnalit\u00e9s qui les distinguent des interphones de portail traditionnels. Voici quelques-uns des principaux avantages de choisir un syst\u00e8me d&rsquo;interphone de portail BAS-IP :<\/p>\n\n\n<!-- START Block Features --><section id=\"block_6430528dc3f3e\" class=\"features-section\">\r\n\t\r\n    <div class=\"features-list\">\r\n                    <div class=\"features-item\" data-aos=\"fade-up\">\r\n    <div class=\"features-box\">\r\n                    <div class=\"image-holder\">\r\n                <img loading=\"lazy\" decoding=\"async\" width=\"350\" height=\"320\" src=\"https:\/\/bas-ip.com\/wp-content\/uploads\/2023\/04\/1-3-350x320.jpg\" class=\"attachment-thumbnail_350x320 size-thumbnail_350x320\" alt=\"\" \/>            <\/div>\r\n        \r\n        <div class=\"text-holder\">\r\n                        <h3 class=\"title-block\">Int\u00e9gration transparente au sein du r\u00e9seau local IP<\/h3>\r\n          \r\n                        <div class=\"text-block\">\r\n                <p>Les syst\u00e8mes d&rsquo;interphone de portail BAS-IP sont con\u00e7us pour fonctionner de mani\u00e8re fluide au sein du m\u00eame r\u00e9seau local IP, garantissant une installation et une configuration simples. Cette int\u00e9gration transparente vous permet d&rsquo;incorporer facilement votre syst\u00e8me d&rsquo;interphone dans votre infrastructure r\u00e9seau existante, minimisant ainsi les probl\u00e8mes de compatibilit\u00e9 et r\u00e9duisant la complexit\u00e9.<\/p>\n              <\/div>\r\n                  <\/div>\r\n    <\/div>\r\n<\/div>\r\n                    <div class=\"features-item\" data-aos=\"fade-up\">\r\n    <div class=\"features-box\">\r\n                    <div class=\"image-holder\">\r\n                <img loading=\"lazy\" decoding=\"async\" width=\"350\" height=\"320\" src=\"https:\/\/bas-ip.com\/wp-content\/uploads\/2023\/04\/2-3-350x320.jpg\" class=\"attachment-thumbnail_350x320 size-thumbnail_350x320\" alt=\"\" \/>            <\/div>\r\n        \r\n        <div class=\"text-holder\">\r\n                        <h3 class=\"title-block\">Connectivit\u00e9 longue distance<\/h3>\r\n          \r\n                        <div class=\"text-block\">\r\n                <p>L&rsquo;une des caract\u00e9ristiques remarquables des syst\u00e8mes d&rsquo;interphone de portail BAS-IP est leur capacit\u00e9 \u00e0 fonctionner sur de longues distances. Cela en fait un choix id\u00e9al pour les grandes propri\u00e9t\u00e9s, les complexes r\u00e9sidentiels \u00e9tendus ou les installations commerciales o\u00f9 les points d&rsquo;acc\u00e8s peuvent \u00eatre dispers\u00e9s. Avec les solutions d&rsquo;interphone de portail BAS-IP, vous pouvez maintenir une communication s\u00e9curis\u00e9e et un contr\u00f4le sur l&rsquo;ensemble de votre propri\u00e9t\u00e9, quel que soit la distance.<\/p>\n              <\/div>\r\n                  <\/div>\r\n    <\/div>\r\n<\/div>\r\n                    <div class=\"features-item\" data-aos=\"fade-up\">\r\n    <div class=\"features-box\">\r\n                    <div class=\"image-holder\">\r\n                <img loading=\"lazy\" decoding=\"async\" width=\"350\" height=\"320\" src=\"https:\/\/bas-ip.com\/wp-content\/uploads\/2023\/04\/3-3-350x320.jpg\" class=\"attachment-thumbnail_350x320 size-thumbnail_350x320\" alt=\"\" \/>            <\/div>\r\n        \r\n        <div class=\"text-holder\">\r\n                        <h3 class=\"title-block\">Contr\u00f4le de portail bas\u00e9 sur PC<\/h3>\r\n          \r\n                        <div class=\"text-block\">\r\n                <p>Les syst\u00e8mes d&rsquo;interphone de portail BAS-IP offrent la flexibilit\u00e9 d&rsquo;ouvrir et de g\u00e9rer vos portails depuis un PC. Cela signifie que vous pouvez contr\u00f4ler l&rsquo;acc\u00e8s \u00e0 distance et de mani\u00e8re pratique, sans avoir besoin d&rsquo;une interface physique d\u00e9di\u00e9e. Que vous soyez \u00e0 la maison ou au bureau, vous aurez un contr\u00f4le total sur les points d&rsquo;acc\u00e8s de votre propri\u00e9t\u00e9, directement \u00e0 port\u00e9e de main.<\/p>\n              <\/div>\r\n                  <\/div>\r\n    <\/div>\r\n<\/div>\r\n                    <div class=\"features-item\" data-aos=\"fade-up\">\r\n    <div class=\"features-box\">\r\n                    <div class=\"image-holder\">\r\n                <img loading=\"lazy\" decoding=\"async\" width=\"350\" height=\"320\" src=\"https:\/\/bas-ip.com\/wp-content\/uploads\/2023\/04\/4-3-350x320.jpg\" class=\"attachment-thumbnail_350x320 size-thumbnail_350x320\" alt=\"\" \/>            <\/div>\r\n        \r\n        <div class=\"text-holder\">\r\n                        <h3 class=\"title-block\">Module de verrouillage double pour la gestion de plusieurs portails<\/h3>\r\n          \r\n                        <div class=\"text-block\">\r\n                <p>Le module \u00e0 double verrou BAS-IP SH-42 vous permet de contr\u00f4ler deux portails simultan\u00e9ment \u00e0 l&rsquo;aide d&rsquo;un seul syst\u00e8me d&rsquo;interphone de portail. Cette fonctionnalit\u00e9 est id\u00e9ale pour les propri\u00e9t\u00e9s avec plusieurs points d&rsquo;acc\u00e8s ou des entr\u00e9es pi\u00e9tonnes et v\u00e9hicules s\u00e9par\u00e9es, permettant une gestion efficace de tous vos portails depuis un syst\u00e8me centralis\u00e9.<\/p>\n              <\/div>\r\n                  <\/div>\r\n    <\/div>\r\n<\/div>\r\n                    <div class=\"features-item\" data-aos=\"fade-up\">\r\n    <div class=\"features-box\">\r\n                    <div class=\"image-holder\">\r\n                <img loading=\"lazy\" decoding=\"async\" width=\"350\" height=\"320\" src=\"https:\/\/bas-ip.com\/wp-content\/uploads\/2023\/04\/5-4-350x320.jpg\" class=\"attachment-thumbnail_350x320 size-thumbnail_350x320\" alt=\"\" \/>            <\/div>\r\n        \r\n        <div class=\"text-holder\">\r\n                        <h3 class=\"title-block\">Int\u00e9gration avec les syst\u00e8mes de vid\u00e9osurveillance IP existants<\/h3>\r\n          \r\n                        <div class=\"text-block\">\r\n                <p>Les syst\u00e8mes d&rsquo;interphone vid\u00e9o de portail BAS-IP peuvent \u00eatre facilement int\u00e9gr\u00e9s \u00e0 votre infrastructure CCTV IP existante. Cela vous permet de surveiller et de contr\u00f4ler les points d&rsquo;acc\u00e8s de votre propri\u00e9t\u00e9 en utilisant la m\u00eame interface que celle de vos cam\u00e9ras de s\u00e9curit\u00e9, rationalisant ainsi la gestion de la s\u00e9curit\u00e9 et am\u00e9liorant l&rsquo;efficacit\u00e9 globale.<\/p>\n              <\/div>\r\n                  <\/div>\r\n    <\/div>\r\n<\/div>\r\n                    <div class=\"features-item\" data-aos=\"fade-up\">\r\n    <div class=\"features-box\">\r\n                    <div class=\"image-holder\">\r\n                <img loading=\"lazy\" decoding=\"async\" width=\"350\" height=\"320\" src=\"https:\/\/bas-ip.com\/wp-content\/uploads\/2023\/04\/6-3-350x320.jpg\" class=\"attachment-thumbnail_350x320 size-thumbnail_350x320\" alt=\"\" \/>            <\/div>\r\n        \r\n        <div class=\"text-holder\">\r\n                        <h3 class=\"title-block\">Int\u00e9gration de la reconnaissance des plaques d&rsquo;immatriculation<\/h3>\r\n          \r\n                        <div class=\"text-block\">\r\n                <p>Les panneaux d&rsquo;entr\u00e9e BAS-IP peuvent \u00eatre int\u00e9gr\u00e9s avec des cam\u00e9ras de reconnaissance de plaques d&rsquo;immatriculation, permettant d&rsquo;automatiser l&rsquo;acc\u00e8s pour les v\u00e9hicules pr\u00e9autoris\u00e9s. Cette fonctionnalit\u00e9 avanc\u00e9e am\u00e9liore consid\u00e9rablement la s\u00e9curit\u00e9 et la commodit\u00e9 en ouvrant automatiquement les barri\u00e8res pour les v\u00e9hicules autoris\u00e9s, r\u00e9duisant ainsi les temps d&rsquo;attente et la n\u00e9cessit\u00e9 d&rsquo;un contr\u00f4le d&rsquo;acc\u00e8s manuel.<\/p>\n              <\/div>\r\n                  <\/div>\r\n    <\/div>\r\n<\/div>\r\n            <\/div>\r\n<\/section>\r\n<!-- END Block Features -->\n\n\n<h2 class=\"wp-block-heading\"><strong>Compatible avec diff\u00e9rents types de portails<\/strong><\/h2>\n\n\n\n<p>Les interphones de portail BAS-IP peuvent \u00eatre int\u00e9gr\u00e9s \u00e0 diff\u00e9rents m\u00e9canismes de portail, offrant une exp\u00e9rience de communication fluide pour les utilisateurs :<\/p>\n\n\n\n<ol class=\"wp-block-list\">\n<li><strong>Portails battants :<\/strong> Ces portails s&rsquo;ouvrent et se ferment par un mouvement de balancement, soit vers l&rsquo;int\u00e9rieur, soit vers l&rsquo;ext\u00e9rieur. Ils sont populaires dans les environnements r\u00e9sidentiels et commerciaux en raison de leur apparence classique et de leur facilit\u00e9 d&rsquo;utilisation.<\/li>\n\n\n\n<li><strong>Portails coulissants :<\/strong> Couramment utilis\u00e9s dans les environnements commerciaux et industriels, les portails coulissants se d\u00e9placent horizontalement le long d&rsquo;une voie pour s&rsquo;ouvrir et se fermer.<\/li>\n\n\n\n<li><strong>Portails \u00e0 barri\u00e8re :<\/strong> Souvent trouv\u00e9s dans les parkings et les zones \u00e0 acc\u00e8s contr\u00f4l\u00e9, les portails \u00e0 barri\u00e8re utilisent un bras vertical pour contr\u00f4ler l&rsquo;entr\u00e9e et la sortie.<\/li>\n\n\n\n<li><strong>Portails pliants : <\/strong>Ces portails sont compos\u00e9s de deux panneaux qui se plient ensemble lors de l&rsquo;ouverture, \u00e9conomisant de l&rsquo;espace et offrant une apparence \u00e9l\u00e9gante.<\/li>\n\n\n\n<li><strong>Portails \u00e0 lev\u00e9e verticale : <\/strong>Typiquement utilis\u00e9s dans les zones \u00e0 haute s\u00e9curit\u00e9, les portails \u00e0 lev\u00e9e verticale se d\u00e9placent de haut en bas pour s&rsquo;ouvrir et se fermer.<\/li>\n\n\n\n<li><strong>Portillons <\/strong>: Courants dans les centres de transport public et certains b\u00e2timents commerciaux, les portillons contr\u00f4lent l&rsquo;acc\u00e8s en permettant \u00e0 une seule personne de passer \u00e0 la fois.<\/li>\n\n\n\n<li><strong>Portails pi\u00e9tonniers : <\/strong>Ces portails sont sp\u00e9cifiquement con\u00e7us pour les pi\u00e9tons et peuvent \u00eatre trouv\u00e9s dans divers environnements, tels que les communaut\u00e9s r\u00e9sidentielles, les parcs ou les complexes commerciaux.<\/li>\n<\/ol>\n\n\n\n<p>L&rsquo;adaptabilit\u00e9 de l&rsquo;interphone BAS-IP en fait un choix id\u00e9al pour une large gamme de types de portails, garantissant un contr\u00f4le d&rsquo;acc\u00e8s efficace et s\u00e9curis\u00e9 pour les propri\u00e9t\u00e9s r\u00e9sidentielles, commerciales et industrielles.<\/p>\n\n\n\n<h2 class=\"wp-block-heading\"><strong>Comprendre les composants d&rsquo;un syst\u00e8me d&rsquo;interphonie BAS-IP pour portails<\/strong><\/h2>\n\n\n\n<p>Les syst\u00e8mes d&rsquo;interphone de portail BAS-IP se composent de trois composants principaux, chacun jouant un r\u00f4le crucial dans la cr\u00e9ation d&rsquo;un syst\u00e8me d&rsquo;interphone d&rsquo;entr\u00e9e de portail complet et efficace :<\/p>\n\n\n<!-- START Block Features --><section id=\"block_643053d1c3f45\" class=\"features-section\">\r\n\t\r\n    <div class=\"features-list\">\r\n                    <div class=\"features-item\" data-aos=\"fade-up\">\r\n    <div class=\"features-box\">\r\n                    <div class=\"image-holder\">\r\n                <img loading=\"lazy\" decoding=\"async\" width=\"350\" height=\"320\" src=\"https:\/\/bas-ip.com\/wp-content\/uploads\/2023\/04\/7-1-350x320.jpg\" class=\"attachment-thumbnail_350x320 size-thumbnail_350x320\" alt=\"\" \/>            <\/div>\r\n        \r\n        <div class=\"text-holder\">\r\n                        <h3 class=\"title-block\">Panneaux de porte d&rsquo;interphone IP<\/h3>\r\n          \r\n                        <div class=\"text-block\">\r\n                <p>Les panneaux d&rsquo;entr\u00e9e BAS-IP servent d&rsquo;interface principale pour votre syst\u00e8me d&rsquo;interphone de portail. Ils sont con\u00e7us pour \u00eatre durables, r\u00e9sistants aux intemp\u00e9ries et faciles \u00e0 utiliser. Avec une gamme de designs et de finitions, ces panneaux peuvent \u00eatre personnalis\u00e9s pour s&rsquo;adapter \u00e0 l&rsquo;esth\u00e9tique de votre propri\u00e9t\u00e9. \u00c9quip\u00e9s de cam\u00e9ras, microphones et haut-parleurs int\u00e9gr\u00e9s, les panneaux d&rsquo;entr\u00e9e BAS-IP offrent une communication audio et vid\u00e9o d&rsquo;une clart\u00e9 exceptionnelle entre le visiteur et le r\u00e9sident ou le personnel de s\u00e9curit\u00e9.<\/p>\n              <\/div>\r\n                  <\/div>\r\n    <\/div>\r\n<\/div>\r\n                    <div class=\"features-item\" data-aos=\"fade-up\">\r\n    <div class=\"features-box\">\r\n                    <div class=\"image-holder\">\r\n                <img loading=\"lazy\" decoding=\"async\" width=\"350\" height=\"320\" src=\"https:\/\/bas-ip.com\/wp-content\/uploads\/2023\/04\/8-1-350x320.jpg\" class=\"attachment-thumbnail_350x320 size-thumbnail_350x320\" alt=\"\" \/>            <\/div>\r\n        \r\n        <div class=\"text-holder\">\r\n                        <h3 class=\"title-block\">T\u00e9l\u00e9phones vid\u00e9o<\/h3>\r\n          \r\n                        <div class=\"text-block\">\r\n                <p>Les t\u00e9l\u00e9phones vid\u00e9o BAS-IP servent d&rsquo;interface interne pour votre syst\u00e8me d&rsquo;interphone, vous permettant de voir et de parler avec les visiteurs \u00e0 votre portail. Ces appareils offrent une communication vid\u00e9o et audio de haute qualit\u00e9, garantissant que vous puissiez identifier clairement vos visiteurs et communiquer avec eux avant de leur accorder l&rsquo;acc\u00e8s \u00e0 votre propri\u00e9t\u00e9.<\/p>\n              <\/div>\r\n                  <\/div>\r\n    <\/div>\r\n<\/div>\r\n                    <div class=\"features-item\" data-aos=\"fade-up\">\r\n    <div class=\"features-box\">\r\n                    <div class=\"image-holder\">\r\n                <img loading=\"lazy\" decoding=\"async\" width=\"350\" height=\"320\" src=\"https:\/\/bas-ip.com\/wp-content\/uploads\/2023\/04\/9-1-350x320.jpg\" class=\"attachment-thumbnail_350x320 size-thumbnail_350x320\" alt=\"\" \/>            <\/div>\r\n        \r\n        <div class=\"text-holder\">\r\n                        <h3 class=\"title-block\">Commutateurs POE<\/h3>\r\n          \r\n                        <div class=\"text-block\">\r\n                <p>Les commutateurs Power over Ethernet (POE) sont un composant essentiel d&rsquo;un interphone BAS-IP pour portails \u00e9lectriques. Ils fournissent \u00e0 la fois l&rsquo;alimentation et la connectivit\u00e9 des donn\u00e9es \u00e0 vos appareils d&rsquo;interphone en utilisant un seul c\u00e2ble Ethernet. Cela simplifie l&rsquo;installation, r\u00e9duit l&rsquo;encombrement des c\u00e2bles et garantit une connexion fiable et \u00e0 haute vitesse entre les composants de votre interphone de portail.<\/p>\n              <\/div>\r\n                  <\/div>\r\n    <\/div>\r\n<\/div>\r\n            <\/div>\r\n<\/section>\r\n<!-- END Block Features -->\n\n<!-- START Block FAQ --><section id=\"block_6421c0e7ae86e\" class=\"faq-section\">\r\n\t\t    <h2 class=\"title-section\" data-aos=\"fade-right\">Foire aux questions (FAQ)<\/h2>\r\n\t\t\t    <div class=\"faq-list js-accordion\" data-aos=\"fade-up\">\r\n\t\t\t\t\t\t\t\t\t\t\t    <div class=\"accordion-item faq-item\">\r\n                        <div class=\"accordion-opener\">\r\n                            Q: Puis-je utiliser un syst\u00e8me d&rsquo;interphone BAS-IP avec mon r\u00e9seau local IP existant ?                            <i class=\"fa-solid fa-chevron-down\"><\/i>\r\n                        <\/div>\r\n                        <div class=\"accordion-slide\">\r\n\t\t\t\t\t\t    <p>Oui, les syst\u00e8mes d&rsquo;interphone de portail BAS-IP sont con\u00e7us pour fonctionner de mani\u00e8re transparente au sein de votre r\u00e9seau local IP existant, ce qui rend l&rsquo;int\u00e9gration facile et sans tracas.<\/p>\n                        <\/div>\r\n\t\t\t\t\t<\/div>\r\n\t\t\t\t\t\t\t\t\t\t\t\t\t\t\t    <div class=\"accordion-item faq-item\">\r\n                        <div class=\"accordion-opener\">\r\n                            Q: Comment fonctionnent les syst\u00e8mes d&rsquo;interphonie BAS-IP pour portails sur de longues distances ?                            <i class=\"fa-solid fa-chevron-down\"><\/i>\r\n                        <\/div>\r\n                        <div class=\"accordion-slide\">\r\n\t\t\t\t\t\t    <p>Les syst\u00e8mes d&rsquo;interphone de portail BAS-IP sont con\u00e7us pour fonctionner efficacement sur de longues distances, ce qui en fait un choix id\u00e9al pour les propri\u00e9t\u00e9s avec des points d&rsquo;acc\u00e8s dispers\u00e9s ou des installations de grande envergure.<\/p>\n                        <\/div>\r\n\t\t\t\t\t<\/div>\r\n\t\t\t\t\t\t\t\t\t\t\t\t\t\t\t    <div class=\"accordion-item faq-item\">\r\n                        <div class=\"accordion-opener\">\r\n                            Q: Comment puis-je int\u00e9grer mon interphone vid\u00e9o BAS-IP \u00e0 mon syst\u00e8me de vid\u00e9osurveillance IP existant ?                            <i class=\"fa-solid fa-chevron-down\"><\/i>\r\n                        <\/div>\r\n                        <div class=\"accordion-slide\">\r\n\t\t\t\t\t\t    <p>Les syst\u00e8mes d&rsquo;interphone de portail BAS-IP peuvent \u00eatre facilement int\u00e9gr\u00e9s \u00e0 votre infrastructure CCTV IP existante, vous permettant de g\u00e9rer et de surveiller les points d&rsquo;acc\u00e8s de votre propri\u00e9t\u00e9 en utilisant la m\u00eame interface que celle de vos cam\u00e9ras de s\u00e9curit\u00e9.<\/p>\n                        <\/div>\r\n\t\t\t\t\t<\/div>\r\n\t\t\t\t\t\t\t\t\t\t\t\t\t\t\t    <div class=\"accordion-item faq-item\">\r\n                        <div class=\"accordion-opener\">\r\n                            Q: Est-il possible de contr\u00f4ler plusieurs portails \u00e0 l&rsquo;aide d&rsquo;un seul interphone BAS-IP ?                            <i class=\"fa-solid fa-chevron-down\"><\/i>\r\n                        <\/div>\r\n                        <div class=\"accordion-slide\">\r\n\t\t\t\t\t\t    <p>Oui, avec le module \u00e0 double verrou BAS-IP SH-42, vous pouvez contr\u00f4ler deux portails simultan\u00e9ment \u00e0 l&rsquo;aide d&rsquo;un seul syst\u00e8me d&rsquo;interphone de portail. Cette fonctionnalit\u00e9 est id\u00e9ale pour les propri\u00e9t\u00e9s ayant plusieurs points d&rsquo;acc\u00e8s ou des entr\u00e9es pi\u00e9tonnes et v\u00e9hicules s\u00e9par\u00e9es.<\/p>\n                        <\/div>\r\n\t\t\t\t\t<\/div>\r\n\t\t\t\t\t\t\t\t\t<\/div>\r\n\t<\/section>\r\n<!-- END Block FAQ -->\n\n\n<p>Les syst\u00e8mes d&rsquo;interphone de portail BAS-IP offrent un parfait m\u00e9lange de commodit\u00e9, de s\u00e9curit\u00e9 et de technologie avanc\u00e9e pour un contr\u00f4le in\u00e9gal\u00e9 de l&rsquo;acc\u00e8s \u00e0 votre propri\u00e9t\u00e9. Avec des fonctionnalit\u00e9s uniques telles que l&rsquo;int\u00e9gration transparente dans un r\u00e9seau local IP, la connectivit\u00e9 longue distance, le contr\u00f4le des portails via PC, la fonctionnalit\u00e9 du module \u00e0 double verrou, l&rsquo;int\u00e9gration avec les syst\u00e8mes CCTV IP et la compatibilit\u00e9 avec les cam\u00e9ras de reconnaissance de plaques d&rsquo;immatriculation, les syst\u00e8mes d&rsquo;interphone BAS-IP pour portails sont un choix exceptionnel pour tout propri\u00e9taire cherchant \u00e0 am\u00e9liorer la gestion de l&rsquo;acc\u00e8s.<\/p>\n\n\n\n<p>En choisissant un syst\u00e8me d&rsquo;interphone de portail BAS-IP, vous investissez dans une solution qui s&rsquo;adapte facilement \u00e0 vos besoins, \u00e9volue avec votre propri\u00e9t\u00e9 et vous offre la tranquillit\u00e9 d&rsquo;esprit de savoir que votre propri\u00e9t\u00e9 est s\u00e9curis\u00e9e et accessible uniquement \u00e0 ceux en qui vous avez confiance. D\u00e9couvrez la diff\u00e9rence qu&rsquo;un syst\u00e8me d&rsquo;interphone de portail BAS-IP peut apporter \u00e0 votre propri\u00e9t\u00e9 d\u00e8s aujourd&rsquo;hui.<\/p>","protected":false},"excerpt":{"rendered":"<p>Syst\u00e8me d&rsquo;interphone de portail\u00a0: am\u00e9liorez votre s\u00e9curit\u00e9 Bienvenue dans l&rsquo;avenir de la gestion d&rsquo;acc\u00e8s \u00e0 la propri\u00e9t\u00e9, o\u00f9 commodit\u00e9, s\u00e9curit\u00e9 et technologie de pointe se rencontrent. Avec un syst\u00e8me d&rsquo;interphone de portail BAS-IP, vous pouvez b\u00e9n\u00e9ficier d&rsquo;un contr\u00f4le in\u00e9gal\u00e9 sur les points d&rsquo;acc\u00e8s de votre propri\u00e9t\u00e9. Que ce soit pour une maison r\u00e9sidentielle, un complexe [&hellip;]<\/p>","protected":false},"author":1,"featured_media":0,"parent":0,"menu_order":0,"comment_status":"closed","ping_status":"closed","template":"","meta":{"inline_featured_image":false,"footnotes":""},"class_list":["post-133757","page","type-page","status-publish","hentry"],"acf":[],"_links":{"self":[{"href":"https:\/\/bas-ip.com\/fr\/wp-json\/wp\/v2\/pages\/133757","targetHints":{"allow":["GET"]}}],"collection":[{"href":"https:\/\/bas-ip.com\/fr\/wp-json\/wp\/v2\/pages"}],"about":[{"href":"https:\/\/bas-ip.com\/fr\/wp-json\/wp\/v2\/types\/page"}],"author":[{"embeddable":true,"href":"https:\/\/bas-ip.com\/fr\/wp-json\/wp\/v2\/users\/1"}],"replies":[{"embeddable":true,"href":"https:\/\/bas-ip.com\/fr\/wp-json\/wp\/v2\/comments?post=133757"}],"version-history":[{"count":4,"href":"https:\/\/bas-ip.com\/fr\/wp-json\/wp\/v2\/pages\/133757\/revisions"}],"predecessor-version":[{"id":133858,"href":"https:\/\/bas-ip.com\/fr\/wp-json\/wp\/v2\/pages\/133757\/revisions\/133858"}],"wp:attachment":[{"href":"https:\/\/bas-ip.com\/fr\/wp-json\/wp\/v2\/media?parent=133757"}],"curies":[{"name":"wp","href":"https:\/\/api.w.org\/{rel}","templated":true}]}}