{"id":133476,"date":"2023-03-27T12:22:38","date_gmt":"2023-03-27T12:22:38","guid":{"rendered":"https:\/\/bas-ip.com\/school\/"},"modified":"2025-03-12T11:09:48","modified_gmt":"2025-03-12T11:09:48","slug":"school","status":"publish","type":"page","link":"https:\/\/bas-ip.com\/fr\/school\/","title":{"rendered":"\u00c9cole"},"content":{"rendered":"<h1 class=\"wp-block-heading\"><strong>Syst\u00e8mes d&rsquo;interphone pour les \u00e9coles<\/strong><\/h1>\n\n\n\n<p>Dans le monde d&rsquo;aujourd&rsquo;hui, une communication fluide et la s\u00e9curit\u00e9 sont des composantes essentielles de toute institution \u00e9ducative. Un syst\u00e8me d&rsquo;interphone scolaire efficace assure non seulement une communication rapide, mais am\u00e9liore \u00e9galement la s\u00e9curit\u00e9 des \u00e9l\u00e8ves, des enseignants et du personnel. D\u00e9couvrez le syst\u00e8me d&rsquo;interphone BAS-IP pour les \u00e9coles, la solution ultime qui combine une technologie robuste, des fonctionnalit\u00e9s innovantes et des performances in\u00e9gal\u00e9es. Cet article examine les principales caract\u00e9ristiques et avantages des syst\u00e8mes d&rsquo;interphone BAS-IP, d\u00e9montrant pourquoi ils constituent le meilleur choix pour votre \u00e9cole.<\/p>\n\n\n\n<h2 class=\"wp-block-heading\"><strong>La puissance de l&rsquo;interphone IP pour les \u00e9coles<\/strong><\/h2>\n\n\n\n<h3 class=\"wp-block-heading\"><strong>Syst\u00e8me d&rsquo;interphone IP filaire\u00a0: le meilleur choix<\/strong><\/h3>\n\n\n\n<p>Bien que les syst\u00e8mes d&rsquo;interphone sans fil offrent un certain niveau de commodit\u00e9, les syst\u00e8mes d&rsquo;interphone IP filaires fournissent un niveau sup\u00e9rieur de fiabilit\u00e9, de s\u00e9curit\u00e9 et de performance. En utilisant le syst\u00e8me d&rsquo;interphone BAS-IP pour les \u00e9coles, vous investissez dans une solution s\u00e9curis\u00e9e et stable qui garantit une communication et un contr\u00f4le ininterrompus.<\/p>\n\n\n\n<h3 class=\"wp-block-heading\"><strong>Une solution compl\u00e8te pour les \u00e9tablissements d&rsquo;enseignement<\/strong><\/h3>\n\n\n\n<p>Le syst\u00e8me d&rsquo;interphone BAS-IP est con\u00e7u pour r\u00e9pondre aux besoins des \u00e9coles, des campus et des coll\u00e8ges. Il int\u00e8gre de mani\u00e8re transparente des panneaux audio, des terminaux de conciergerie et des commutateurs POE, cr\u00e9ant un r\u00e9seau de communication unifi\u00e9 \u00e0 la fois efficace et rentable. Gr\u00e2ce \u00e0 ses caract\u00e9ristiques uniques, telles que la surveillance de la temp\u00e9rature \u00e0 l&rsquo;entr\u00e9e de l&rsquo;\u00e9cole, ce syst\u00e8me d&rsquo;interphone assure une s\u00e9curit\u00e9 et un confort accrus pour tous les utilisateurs.<\/p>\n\n\n\n<h2 class=\"wp-block-heading\"><strong>Composants cl\u00e9s du syst\u00e8me d&rsquo;interphone scolaire BAS-IP<\/strong><\/h2>\n\n\n<!-- START Block Features --><section id=\"block_6430565dc8a2b\" class=\"features-section\">\r\n\t\r\n    <div class=\"features-list\">\r\n                    <div class=\"features-item\" data-aos=\"fade-up\">\r\n    <div class=\"features-box\">\r\n                    <div class=\"image-holder\">\r\n                <img loading=\"lazy\" decoding=\"async\" width=\"350\" height=\"320\" src=\"https:\/\/bas-ip.com\/wp-content\/uploads\/2023\/04\/1-4-350x320.jpg\" class=\"attachment-thumbnail_350x320 size-thumbnail_350x320\" alt=\"\" \/>            <\/div>\r\n        \r\n        <div class=\"text-holder\">\r\n                        <h3 class=\"title-block\">Panneau audio BAS-IP AV-04AFD<\/h3>\r\n          \r\n                        <div class=\"text-block\">\r\n                <p>Le panneau audio AV-04AFD est une solution d&rsquo;interphone abordable et riche en fonctionnalit\u00e9s, con\u00e7ue sp\u00e9cifiquement pour les \u00e9tablissements d&rsquo;enseignement. Il permet une communication d&rsquo;une clart\u00e9 cristalline entre les diff\u00e9rentes zones de l&rsquo;\u00e9cole, tout en assurant un contr\u00f4le d&rsquo;acc\u00e8s rapide.<\/p>\n              <\/div>\r\n                  <\/div>\r\n    <\/div>\r\n<\/div>\r\n                    <div class=\"features-item\" data-aos=\"fade-up\">\r\n    <div class=\"features-box\">\r\n                    <div class=\"image-holder\">\r\n                <img loading=\"lazy\" decoding=\"async\" width=\"350\" height=\"320\" src=\"https:\/\/bas-ip.com\/wp-content\/uploads\/2023\/04\/2-4-350x320.jpg\" class=\"attachment-thumbnail_350x320 size-thumbnail_350x320\" alt=\"\" \/>            <\/div>\r\n        \r\n        <div class=\"text-holder\">\r\n                        <h3 class=\"title-block\">Terminal de conciergerie BAS-IP AM-02<\/h3>\r\n          \r\n                        <div class=\"text-block\">\r\n                <p>Le terminal de conciergerie AM-02 sert de point de contr\u00f4le central pour l&rsquo;ensemble du syst\u00e8me d&rsquo;interphone, permettant au personnel de g\u00e9rer les appels, de surveiller les entr\u00e9es et d&rsquo;accorder l&rsquo;acc\u00e8s en toute simplicit\u00e9. Son interface conviviale en fait le choix id\u00e9al pour une communication et une administration efficaces.<\/p>\n              <\/div>\r\n                  <\/div>\r\n    <\/div>\r\n<\/div>\r\n                    <div class=\"features-item\" data-aos=\"fade-up\">\r\n    <div class=\"features-box\">\r\n                    <div class=\"image-holder\">\r\n                <img loading=\"lazy\" decoding=\"async\" width=\"350\" height=\"320\" src=\"https:\/\/bas-ip.com\/wp-content\/uploads\/2023\/04\/3-4-350x320.jpg\" class=\"attachment-thumbnail_350x320 size-thumbnail_350x320\" alt=\"\" \/>            <\/div>\r\n        \r\n        <div class=\"text-holder\">\r\n                        <h3 class=\"title-block\">Commutateur POE 16 ports BAS-IP SH-20.16<\/h3>\r\n          \r\n                        <div class=\"text-block\">\r\n                <p>Tout \u00e0 fait. Le commutateur POE 16 ports SH-20.16 joue un r\u00f4le crucial dans le syst\u00e8me d&rsquo;interphone BAS-IP pour les \u00e9coles. Il assure l&rsquo;alimentation \u00e9lectrique et la connectivit\u00e9 n\u00e9cessaires pour que l&rsquo;ensemble du syst\u00e8me fonctionne de mani\u00e8re fluide et ininterrompue sur l&rsquo;ensemble du campus scolaire. En d&rsquo;autres termes, il garantit que tous les composants du syst\u00e8me d&rsquo;interphone, tels que les panneaux audio et les terminaux de conciergerie, restent op\u00e9rationnels et connect\u00e9s.<\/p>\n              <\/div>\r\n                  <\/div>\r\n    <\/div>\r\n<\/div>\r\n                    <div class=\"features-item\" data-aos=\"fade-up\">\r\n    <div class=\"features-box\">\r\n                    <div class=\"image-holder\">\r\n                <img loading=\"lazy\" decoding=\"async\" width=\"350\" height=\"320\" src=\"https:\/\/bas-ip.com\/wp-content\/uploads\/2023\/04\/4-4-350x320.jpg\" class=\"attachment-thumbnail_350x320 size-thumbnail_350x320\" alt=\"\" \/>            <\/div>\r\n        \r\n        <div class=\"text-holder\">\r\n                        <h3 class=\"title-block\">Mod\u00e8le de temp\u00e9rature BAS-IP SH-31TM<\/h3>\r\n          \r\n                        <div class=\"text-block\">\r\n                <p>Le mod\u00e8le de temp\u00e9rature SH-31TM peut \u00eatre install\u00e9 \u00e0 l&rsquo;entr\u00e9e de l&rsquo;\u00e9cole, permettant une surveillance de la temp\u00e9rature en temps r\u00e9el et contribuant \u00e0 maintenir un environnement sain pour les \u00e9l\u00e8ves, le personnel et les visiteurs. En ajoutant cette couche de s\u00e9curit\u00e9 suppl\u00e9mentaire, votre \u00e9cole peut traiter de mani\u00e8re proactive les probl\u00e8mes de sant\u00e9 potentiels et assurer le bien-\u00eatre de tous sur le campus.<\/p>\n              <\/div>\r\n                  <\/div>\r\n    <\/div>\r\n<\/div>\r\n                    <div class=\"features-item features-full-width\" data-aos=\"fade-up\">\r\n    <div class=\"features-box image-position-left\">\r\n                <div class=\"image-holder\">\r\n            <img loading=\"lazy\" decoding=\"async\" width=\"1\" height=\"1\" src=\"https:\/\/bas-ip.com\/wp-content\/uploads\/2023\/04\/school-1.svg\" class=\"attachment-thumbnail_350x320 size-thumbnail_350x320\" alt=\"\" \/>          <\/div>\r\n      \r\n      <div class=\"text-holder\">\r\n                        <h3 class=\"title-block\">Exploiter les r\u00e9seaux IP pour une int\u00e9gration transparente<\/h3>\r\n          \r\n                        <div class=\"text-block\">\r\n                <p>Les syst\u00e8mes d&rsquo;interphone BAS-IP sont con\u00e7us pour fonctionner de mani\u00e8re transparente au sein du r\u00e9seau local IP existant de votre \u00e9cole, permettant une installation et une maintenance faciles. Cette int\u00e9gration facilite une meilleure communication, un contr\u00f4le d&rsquo;acc\u00e8s et une s\u00e9curit\u00e9 renforc\u00e9s dans l&rsquo;ensemble de l&rsquo;\u00e9tablissement d&rsquo;enseignement.<\/p>\n              <\/div>\r\n                <\/div>\r\n    <\/div>\r\n<\/div>\r\n                    <div class=\"features-item features-full-width\" data-aos=\"fade-up\">\r\n    <div class=\"features-box image-position-right\">\r\n                <div class=\"image-holder\">\r\n            <img loading=\"lazy\" decoding=\"async\" width=\"1\" height=\"1\" src=\"https:\/\/bas-ip.com\/wp-content\/uploads\/2023\/04\/collage-1.svg\" class=\"attachment-thumbnail_350x320 size-thumbnail_350x320\" alt=\"\" \/>          <\/div>\r\n      \r\n      <div class=\"text-holder\">\r\n                        <h3 class=\"title-block\">Acc\u00e8s et contr\u00f4le \u00e0 distance depuis votre PC<\/h3>\r\n          \r\n                        <div class=\"text-block\">\r\n                <p>Gr\u00e2ce au syst\u00e8me d&rsquo;interphone avanc\u00e9 de BAS-IP, le personnel scolaire peut facilement utiliser ses PC pour communiquer via l&rsquo;interphone, surveiller les entr\u00e9es et contr\u00f4ler l&rsquo;acc\u00e8s aux portes. Cette flexibilit\u00e9 permet d&rsquo;am\u00e9liorer les temps de r\u00e9ponse et d&rsquo;accro\u00eetre l&rsquo;efficacit\u00e9 dans la gestion des t\u00e2ches quotidiennes et des urgences<\/p>\n              <\/div>\r\n                <\/div>\r\n    <\/div>\r\n<\/div>\r\n            <\/div>\r\n<\/section>\r\n<!-- END Block Features -->\n\n<!-- START Block FAQ --><section id=\"block_64218de5ac119\" class=\"faq-section\">\r\n\t\t    <h2 class=\"title-section\" data-aos=\"fade-right\">Questions fr\u00e9quemment pos\u00e9es<\/h2>\r\n\t\t\t    <div class=\"faq-list js-accordion\" data-aos=\"fade-up\">\r\n\t\t\t\t\t\t\t\t\t\t\t    <div class=\"accordion-item faq-item\">\r\n                        <div class=\"accordion-opener\">\r\n                            Q: Le syst\u00e8me d\u2019interphone BAS-IP pour les \u00e9coles peut-il \u00eatre facilement int\u00e9gr\u00e9 \u00e0 notre infrastructure existante ?                            <i class=\"fa-solid fa-chevron-down\"><\/i>\r\n                        <\/div>\r\n                        <div class=\"accordion-slide\">\r\n\t\t\t\t\t\t    <p>Oui, les syst\u00e8mes d&rsquo;interphone BAS-IP peuvent facilement \u00eatre int\u00e9gr\u00e9s au r\u00e9seau local IP existant de votre \u00e9cole, permettant un processus d&rsquo;installation fluide et rentable.<\/p>\n                        <\/div>\r\n\t\t\t\t\t<\/div>\r\n\t\t\t\t\t\t\t\t\t\t\t\t\t\t\t    <div class=\"accordion-item faq-item\">\r\n                        <div class=\"accordion-opener\">\r\n                            Q: Comment le syst\u00e8me d&rsquo;interphone BAS-IP assure-t-il la s\u00e9curit\u00e9 de nos \u00e9tudiants et de notre personnel ?                            <i class=\"fa-solid fa-chevron-down\"><\/i>\r\n                        <\/div>\r\n                        <div class=\"accordion-slide\">\r\n\t\t\t\t\t\t    <p>Le syst\u00e8me d&rsquo;interphone BAS-IP offre de multiples fonctionnalit\u00e9s de s\u00e9curit\u00e9, telles que la surveillance de la temp\u00e9rature aux entr\u00e9es, un contr\u00f4le d&rsquo;acc\u00e8s rapide et la possibilit\u00e9 de surveiller et de g\u00e9rer la communication et l&rsquo;acc\u00e8s aux portes depuis votre PC, garantissant un environnement s\u00e9curis\u00e9 pour tous.<\/p>\n                        <\/div>\r\n\t\t\t\t\t<\/div>\r\n\t\t\t\t\t\t\t\t\t\t\t\t\t\t\t    <div class=\"accordion-item faq-item\">\r\n                        <div class=\"accordion-opener\">\r\n                            Q: Le syst\u00e8me d&rsquo;interphone BAS-IP est-il compatible avec d&rsquo;autres appareils et syst\u00e8mes de communication ?                            <i class=\"fa-solid fa-chevron-down\"><\/i>\r\n                        <\/div>\r\n                        <div class=\"accordion-slide\">\r\n\t\t\t\t\t\t    <p>Oui, le syst\u00e8me d&rsquo;interphone BAS-IP est con\u00e7u pour fonctionner de mani\u00e8re transparente avec une vari\u00e9t\u00e9 d&rsquo;appareils et de syst\u00e8mes de communication, offrant une solution compl\u00e8te et flexible pour les besoins de communication de votre \u00e9cole.<\/p>\n                        <\/div>\r\n\t\t\t\t\t<\/div>\r\n\t\t\t\t\t\t\t\t\t\t\t\t\t\t\t    <div class=\"accordion-item faq-item\">\r\n                        <div class=\"accordion-opener\">\r\n                            Q: Dans quelle mesure les syst\u00e8mes d\u2019interphone IP filaires sont-ils fiables par rapport aux syst\u00e8mes d\u2019interphone sans fil ?                            <i class=\"fa-solid fa-chevron-down\"><\/i>\r\n                        <\/div>\r\n                        <div class=\"accordion-slide\">\r\n\t\t\t\t\t\t    <p>Les syst\u00e8mes d&rsquo;interphone IP filaires, comme le syst\u00e8me d&rsquo;interphone BAS-IP pour les \u00e9coles, offrent une fiabilit\u00e9, une s\u00e9curit\u00e9 et des performances sup\u00e9rieures par rapport aux syst\u00e8mes d&rsquo;interphone sans fil. Ils garantissent une communication et un contr\u00f4le stables et ininterrompus, ce qui en fait le choix id\u00e9al pour les \u00e9tablissements d&rsquo;enseignement<\/p>\n                        <\/div>\r\n\t\t\t\t\t<\/div>\r\n\t\t\t\t\t\t\t\t\t\t\t\t\t\t\t    <div class=\"accordion-item faq-item\">\r\n                        <div class=\"accordion-opener\">\r\n                            Q: Pouvons-nous personnaliser le syst\u00e8me d\u2019interphone BAS-IP pour r\u00e9pondre aux besoins sp\u00e9cifiques de notre \u00e9cole ?                            <i class=\"fa-solid fa-chevron-down\"><\/i>\r\n                        <\/div>\r\n                        <div class=\"accordion-slide\">\r\n\t\t\t\t\t\t    <p>Oui, le syst\u00e8me d&rsquo;interphone BAS-IP est hautement personnalisable et peut \u00eatre adapt\u00e9 pour r\u00e9pondre aux exigences uniques de votre \u00e9cole. Sa conception modulaire permet l&rsquo;ajout de divers composants, tels que le mod\u00e8le de temp\u00e9rature, pour am\u00e9liorer la s\u00e9curit\u00e9 et la fonctionnalit\u00e9<\/p>\n                        <\/div>\r\n\t\t\t\t\t<\/div>\r\n\t\t\t\t\t\t\t\t\t<\/div>\r\n\t<\/section>\r\n<!-- END Block FAQ -->\n\n\n<p>Investir dans un syst\u00e8me d&rsquo;interphone fiable, riche en fonctionnalit\u00e9s et s\u00e9curis\u00e9 est crucial pour la s\u00e9curit\u00e9 et l&rsquo;efficacit\u00e9 de tout \u00e9tablissement d&rsquo;enseignement. Le syst\u00e8me d&rsquo;interphone BAS-IP pour les \u00e9coles offre des performances in\u00e9gal\u00e9es, des fonctionnalit\u00e9s innovantes et une int\u00e9gration transparente avec les r\u00e9seaux IP existants. En choisissant BAS-IP, vous investissez dans l&rsquo;avenir de l&rsquo;infrastructure de communication et de s\u00e9curit\u00e9 de votre \u00e9cole. Faites l&rsquo;exp\u00e9rience de la r\u00e9volution de la communication avec le meilleur syst\u00e8me d&rsquo;interphone scolaire \u2013 BAS-IP. Am\u00e9liorez la s\u00e9curit\u00e9, la communication et l&rsquo;environnement g\u00e9n\u00e9ral de votre \u00e9tablissement d&rsquo;enseignement, assurant ainsi le bien-\u00eatre des \u00e9l\u00e8ves, du personnel et des visiteurs. Ne faites aucun compromis sur la qualit\u00e9 ; faites confiance \u00e0 BAS-IP pour offrir des performances et une fiabilit\u00e9 exceptionnelles \u00e0 votre \u00e9cole.<\/p>","protected":false},"excerpt":{"rendered":"<p>Syst\u00e8mes d&rsquo;interphone pour les \u00e9coles Dans le monde d&rsquo;aujourd&rsquo;hui, une communication fluide et la s\u00e9curit\u00e9 sont des composantes essentielles de toute institution \u00e9ducative. Un syst\u00e8me d&rsquo;interphone scolaire efficace assure non seulement une communication rapide, mais am\u00e9liore \u00e9galement la s\u00e9curit\u00e9 des \u00e9l\u00e8ves, des enseignants et du personnel. D\u00e9couvrez le syst\u00e8me d&rsquo;interphone BAS-IP pour les \u00e9coles, la [&hellip;]<\/p>","protected":false},"author":1,"featured_media":0,"parent":0,"menu_order":0,"comment_status":"closed","ping_status":"closed","template":"","meta":{"inline_featured_image":false,"footnotes":""},"class_list":["post-133476","page","type-page","status-publish","hentry"],"acf":[],"_links":{"self":[{"href":"https:\/\/bas-ip.com\/fr\/wp-json\/wp\/v2\/pages\/133476","targetHints":{"allow":["GET"]}}],"collection":[{"href":"https:\/\/bas-ip.com\/fr\/wp-json\/wp\/v2\/pages"}],"about":[{"href":"https:\/\/bas-ip.com\/fr\/wp-json\/wp\/v2\/types\/page"}],"author":[{"embeddable":true,"href":"https:\/\/bas-ip.com\/fr\/wp-json\/wp\/v2\/users\/1"}],"replies":[{"embeddable":true,"href":"https:\/\/bas-ip.com\/fr\/wp-json\/wp\/v2\/comments?post=133476"}],"version-history":[{"count":3,"href":"https:\/\/bas-ip.com\/fr\/wp-json\/wp\/v2\/pages\/133476\/revisions"}],"predecessor-version":[{"id":133545,"href":"https:\/\/bas-ip.com\/fr\/wp-json\/wp\/v2\/pages\/133476\/revisions\/133545"}],"wp:attachment":[{"href":"https:\/\/bas-ip.com\/fr\/wp-json\/wp\/v2\/media?parent=133476"}],"curies":[{"name":"wp","href":"https:\/\/api.w.org\/{rel}","templated":true}]}}