{"id":133227,"date":"2023-03-27T09:04:54","date_gmt":"2023-03-27T09:04:54","guid":{"rendered":"https:\/\/bas-ip.com\/%d1%82%d1%8a%d1%80%d0%b3%d0%be%d0%b2%d1%81%d0%ba%d0%b8-%d0%bf%d1%80%d0%be%d0%bc%d0%b8%d1%88%d0%bb%d0%b5%d0%bd%d0%b8\/"},"modified":"2025-03-10T10:44:55","modified_gmt":"2025-03-10T10:44:55","slug":"commercial","status":"publish","type":"page","link":"https:\/\/bas-ip.com\/fr\/commercial-industriel\/","title":{"rendered":"Commercial \/ Industriel"},"content":{"rendered":"<h1 class=\"wp-block-heading\"><strong>Transformez votre environnement de travail gr\u00e2ce aux syst\u00e8mes d&rsquo;interphonie professionnels.<\/strong><\/h1>\n\n\n\n<p>Alors que la technologie continue de progresser, il est crucial pour les entreprises de rester \u00e0 jour avec les derni\u00e8res avanc\u00e9es. L&rsquo;une de ces \u00e9volutions est l&rsquo;int\u00e9gration de syst\u00e8mes d&rsquo;interphonie d&rsquo;entreprise, offrant une s\u00e9curit\u00e9 renforc\u00e9e et une communication efficace pour les bureaux et les propri\u00e9t\u00e9s commerciales. Les interphones IP de BAS-IP offrent une solution compl\u00e8te, dot\u00e9e d&rsquo;une vari\u00e9t\u00e9 de fonctionnalit\u00e9s uniques qui r\u00e9pondent aux besoins du lieu de travail moderne. Nous explorerons les avantages de l&rsquo;adoption d&rsquo;un syst\u00e8me d&rsquo;interphonie d&rsquo;entreprise et examinerons en d\u00e9tail les sp\u00e9cificit\u00e9s des produits haut de gamme de BAS-IP.<\/p>\n\n\n\n<h2 class=\"wp-block-heading\"><strong>Pourquoi opter pour BAS-IP pour votre syst\u00e8me d&rsquo;interphonie professionnel ?<\/strong><\/h2>\n\n\n\n<p>BAS-IP a \u00e9t\u00e9 un pionnier dans le d\u00e9veloppement de syst\u00e8mes d&rsquo;interphonie avanc\u00e9s pour les entreprises, offrant une gamme de produits innovants con\u00e7us pour r\u00e9pondre aux exigences des lieux de travail modernes. En int\u00e9grant des fonctionnalit\u00e9s de pointe et un mat\u00e9riel fiable, les syst\u00e8mes d&rsquo;interphonie commerciaux de BAS-IP assurent une communication efficace et une s\u00e9curit\u00e9 renforc\u00e9e pour les bureaux et les installations industrielles.<\/p>\n\n\n<!-- START Block Features --><section id=\"block_642edd596eeb4\" class=\"features-section\">\r\n\t\r\n    <div class=\"features-list\">\r\n                    <div class=\"features-item\" data-aos=\"fade-up\">\r\n    <div class=\"features-box\">\r\n                    <div class=\"image-holder\">\r\n                <img loading=\"lazy\" decoding=\"async\" width=\"350\" height=\"320\" src=\"https:\/\/bas-ip.com\/wp-content\/uploads\/2023\/04\/1-350x320.jpg\" class=\"attachment-thumbnail_350x320 size-thumbnail_350x320\" alt=\"\" \/>            <\/div>\r\n        \r\n        <div class=\"text-holder\">\r\n                        <h3 class=\"title-block\">Les avantages des interphones IP sur le lieu de travail.<\/h3>\r\n          \r\n                        <div class=\"text-block\">\r\n                <p>Les syst\u00e8mes d&rsquo;interphonie IP de BAS-IP offrent un large \u00e9ventail d&rsquo;avantages, notamment une int\u00e9gration transparente dans les r\u00e9seaux locaux IP existants.<\/p>\n<p>Cela permet aux employ\u00e9s d&rsquo;acc\u00e9der facilement au syst\u00e8me d&rsquo;interphonie et d&rsquo;ouvrir les portes depuis leurs PC, rationalisant ainsi la communication et la s\u00e9curit\u00e9 au sein du bureau.<\/p>\n<p>De plus, l&rsquo;infrastructure bas\u00e9e sur IP permet l&rsquo;\u00e9volutivit\u00e9 et l&rsquo;adaptabilit\u00e9, garantissant que votre syst\u00e8me d&rsquo;interphonie d&rsquo;entreprise peut cro\u00eetre et \u00e9voluer en m\u00eame temps que votre organisation.<\/p>\n              <\/div>\r\n                  <\/div>\r\n    <\/div>\r\n<\/div>\r\n                    <div class=\"features-item\" data-aos=\"fade-up\">\r\n    <div class=\"features-box\">\r\n                    <div class=\"image-holder\">\r\n                <img loading=\"lazy\" decoding=\"async\" width=\"350\" height=\"320\" src=\"https:\/\/bas-ip.com\/wp-content\/uploads\/2023\/04\/2-350x320.jpg\" class=\"attachment-thumbnail_350x320 size-thumbnail_350x320\" alt=\"Business intercom systems\" \/>            <\/div>\r\n        \r\n        <div class=\"text-holder\">\r\n                        <h3 class=\"title-block\">Mat\u00e9riel haut de gamme.<\/h3>\r\n          \r\n                        <div class=\"text-block\">\r\n                <p>Le meilleur syst\u00e8me d&rsquo;interphonie d&rsquo;entreprise de BAS-IP se compose des mod\u00e8les AV-08FBL, AT-10 et BR-AT10. Ces composants fonctionnent ensemble pour offrir des performances exceptionnelles et une exp\u00e9rience utilisateur optimale, les rendant id\u00e9aux pour les bureaux et les propri\u00e9t\u00e9s commerciales.<\/p>\n<p>AV-08FBL : Ce panneau ext\u00e9rieur pr\u00e9sente un design \u00e9l\u00e9gant, une cam\u00e9ra int\u00e9gr\u00e9e et un lecteur RFID, assurant un contr\u00f4le d&rsquo;acc\u00e8s s\u00e9curis\u00e9 et l&rsquo;identification visuelle des visiteurs.<\/p>\n<p>AT-10 : Ce panneau tactile int\u00e9rieur \u00e9l\u00e9gant offre un \u00e9cran haute r\u00e9solution, une interface utilisateur intuitive et une compatibilit\u00e9 avec divers appareils de maison intelligente et de s\u00e9curit\u00e9.<\/p>\n<p>BR-AT10 : Ce support de bureau multifonctionnel facilite l&rsquo;installation du panneau AT-10 sur le bureau.<\/p>\n              <\/div>\r\n                  <\/div>\r\n    <\/div>\r\n<\/div>\r\n                    <div class=\"features-item\" data-aos=\"fade-up\">\r\n    <div class=\"features-box\">\r\n                    <div class=\"image-holder\">\r\n                <img loading=\"lazy\" decoding=\"async\" width=\"350\" height=\"320\" src=\"https:\/\/bas-ip.com\/wp-content\/uploads\/2023\/04\/3-350x320.jpg\" class=\"attachment-thumbnail_350x320 size-thumbnail_350x320\" alt=\"\" \/>            <\/div>\r\n        \r\n        <div class=\"text-holder\">\r\n                        <h3 class=\"title-block\">Service client et support de qualit\u00e9.<\/h3>\r\n          \r\n                        <div class=\"text-block\">\r\n                <p>BAS-IP s&rsquo;engage \u00e0 fournir un service client exceptionnel, offrant une assistance professionnelle et un support pour ses produits tout au long du processus d&rsquo;installation et au-del\u00e0.<\/p>\n<p>Notre \u00e9quipe de support comp\u00e9tente peut aider \u00e0 r\u00e9soudre tous les probl\u00e8mes qui pourraient survenir, garantissant que votre syst\u00e8me d&rsquo;interphonie d&rsquo;entreprise reste fonctionnel et efficace.<\/p>\n<p>De plus, notre engagement envers la recherche et le d\u00e9veloppement continus signifie que les produits BAS-IP continueront de s&rsquo;am\u00e9liorer, fournissant \u00e0 votre entreprise une solution d&rsquo;interphonie qui reste \u00e0 la pointe de la technologie et de la performance.<\/p>\n              <\/div>\r\n                  <\/div>\r\n    <\/div>\r\n<\/div>\r\n            <\/div>\r\n<\/section>\r\n<!-- END Block Features -->\n\n\n<h2 class=\"wp-block-heading\"><strong>Fonctionnalit\u00e9s principales des syst\u00e8mes d&rsquo;interphonie professionnels BAS-IP.<\/strong><\/h2>\n\n\n\n<p>Les syst\u00e8mes d&rsquo;interphonie de BAS-IP pour les entreprises offrent une gamme de fonctionnalit\u00e9s uniques qui les distinguent de la concurrence. En exploitant ces capacit\u00e9s avanc\u00e9es, vous pouvez am\u00e9liorer l&rsquo;efficacit\u00e9, la s\u00e9curit\u00e9 et la fonctionnalit\u00e9 globale de votre lieu de travail.<\/p>\n\n\n<!-- START Block Features --><section id=\"block_642edfc06eeba\" class=\"features-section\">\r\n\t\r\n    <div class=\"features-list\">\r\n                    <div class=\"features-item\" data-aos=\"fade-up\">\r\n    <div class=\"features-box\">\r\n                    <div class=\"image-holder\">\r\n                <img loading=\"lazy\" decoding=\"async\" width=\"350\" height=\"320\" src=\"https:\/\/bas-ip.com\/wp-content\/uploads\/2023\/04\/4-350x320.jpg\" class=\"attachment-thumbnail_350x320 size-thumbnail_350x320\" alt=\"\" \/>            <\/div>\r\n        \r\n        <div class=\"text-holder\">\r\n                        <h3 class=\"title-block\">Syst\u00e8mes d&rsquo;interphonie filaires fiables pour entreprises.<\/h3>\r\n          \r\n                        <div class=\"text-block\">\r\n                <p>Bien que la technologie sans fil continue de gagner en popularit\u00e9, les syst\u00e8mes d&rsquo;interphonie filaires pour entreprises offrent plusieurs avantages, notamment une fiabilit\u00e9 accrue, une r\u00e9duction des interf\u00e9rences et une s\u00e9curit\u00e9 renforc\u00e9e. Les syst\u00e8mes d&rsquo;interphonie filaires de BAS-IP sont con\u00e7us pour offrir des performances constantes, garantissant une communication et un contr\u00f4le d&rsquo;acc\u00e8s fluides dans votre bureau ou propri\u00e9t\u00e9 commerciale.<\/p>\n              <\/div>\r\n                  <\/div>\r\n    <\/div>\r\n<\/div>\r\n                    <div class=\"features-item\" data-aos=\"fade-up\">\r\n    <div class=\"features-box\">\r\n                    <div class=\"image-holder\">\r\n                <img loading=\"lazy\" decoding=\"async\" width=\"350\" height=\"320\" src=\"https:\/\/bas-ip.com\/wp-content\/uploads\/2023\/04\/5-1-350x320.jpg\" class=\"attachment-thumbnail_350x320 size-thumbnail_350x320\" alt=\"\" \/>            <\/div>\r\n        \r\n        <div class=\"text-holder\">\r\n                        <h3 class=\"title-block\">Compatibilit\u00e9 entre l&rsquo;interphone de bureau et les syst\u00e8mes d&rsquo;interphonie de bureau.<\/h3>\r\n          \r\n                        <div class=\"text-block\">\r\n                <p>Les syst\u00e8mes d&rsquo;interphonie d&rsquo;entreprise de BAS-IP peuvent \u00eatre facilement int\u00e9gr\u00e9s aux t\u00e9l\u00e9phones de bureau et aux configurations d&rsquo;interphonie de bureau, permettant aux employ\u00e9s de communiquer sans effort au sein de l&rsquo;espace de travail. Cela favorise un environnement collaboratif et garantit que les informations importantes peuvent \u00eatre transmises rapidement et avec pr\u00e9cision.<\/p>\n              <\/div>\r\n                  <\/div>\r\n    <\/div>\r\n<\/div>\r\n                    <div class=\"features-item\" data-aos=\"fade-up\">\r\n    <div class=\"features-box\">\r\n                    <div class=\"image-holder\">\r\n                <img loading=\"lazy\" decoding=\"async\" width=\"350\" height=\"320\" src=\"https:\/\/bas-ip.com\/wp-content\/uploads\/2023\/04\/6-350x320.jpg\" class=\"attachment-thumbnail_350x320 size-thumbnail_350x320\" alt=\"\" \/>            <\/div>\r\n        \r\n        <div class=\"text-holder\">\r\n                        <h3 class=\"title-block\">Compatibilit\u00e9 des syst\u00e8mes d&rsquo;interphonie industrielle.<\/h3>\r\n          \r\n                        <div class=\"text-block\">\r\n                <p>Pour les entreprises op\u00e9rant dans des environnements industriels, les syst\u00e8mes d&rsquo;interphonie de BAS-IP fournissent des solutions de communication robustes con\u00e7ues pour r\u00e9sister \u00e0 des conditions difficiles. En mettant en \u0153uvre un syst\u00e8me d&rsquo;interphonie industrielle fiable, vous pouvez maintenir une communication efficace et un contr\u00f4le d&rsquo;acc\u00e8s s\u00e9curis\u00e9 m\u00eame dans les environnements les plus exigeants.<\/p>\n              <\/div>\r\n                  <\/div>\r\n    <\/div>\r\n<\/div>\r\n            <\/div>\r\n<\/section>\r\n<!-- END Block Features -->\n\n<!-- START Block FAQ --><section id=\"block_64215db07ecd6\" class=\"faq-section\">\r\n\t\t    <h2 class=\"title-section\" data-aos=\"fade-right\">FAQ sur les syst\u00e8mes d&rsquo;interphonie d&rsquo;entreprise.<\/h2>\r\n\t\t\t    <div class=\"faq-list js-accordion\" data-aos=\"fade-up\">\r\n\t\t\t\t\t\t\t\t\t\t\t    <div class=\"accordion-item faq-item\">\r\n                        <div class=\"accordion-opener\">\r\n                            Q: Comment un syst\u00e8me d&rsquo;interphonie d&rsquo;entreprise peut-il am\u00e9liorer la s\u00e9curit\u00e9 d&rsquo;un bureau ?                            <i class=\"fa-solid fa-chevron-down\"><\/i>\r\n                        <\/div>\r\n                        <div class=\"accordion-slide\">\r\n\t\t\t\t\t\t    <p>En int\u00e9grant des fonctionnalit\u00e9s telles que la vid\u00e9osurveillance, le contr\u00f4le d&rsquo;acc\u00e8s et l&rsquo;identification des visiteurs, les syst\u00e8mes d&rsquo;interphonie d&rsquo;entreprise contribuent \u00e0 prot\u00e9ger votre bureau ou propri\u00e9t\u00e9 commerciale contre les acc\u00e8s non autoris\u00e9s et les menaces potentielles<\/p>\n                        <\/div>\r\n\t\t\t\t\t<\/div>\r\n\t\t\t\t\t\t\t\t\t\t\t\t\t\t\t    <div class=\"accordion-item faq-item\">\r\n                        <div class=\"accordion-opener\">\r\n                            Q: Puis-je int\u00e9grer le syst\u00e8me d\u2019interphone BAS-IP \u00e0 mon r\u00e9seau local IP existant\u00a0?                            <i class=\"fa-solid fa-chevron-down\"><\/i>\r\n                        <\/div>\r\n                        <div class=\"accordion-slide\">\r\n\t\t\t\t\t\t    <p>Oui, les syst\u00e8mes d&rsquo;interphonie de BAS-IP peuvent \u00eatre int\u00e9gr\u00e9s de mani\u00e8re transparente aux r\u00e9seaux locaux IP existants, permettant aux employ\u00e9s d&rsquo;acc\u00e9der au syst\u00e8me et d&rsquo;ouvrir les portes depuis leurs PC et autres appareils connect\u00e9s. Cela simplifie la communication et le contr\u00f4le d&rsquo;acc\u00e8s au sein de votre lieu de travail.<\/p>\n                        <\/div>\r\n\t\t\t\t\t<\/div>\r\n\t\t\t\t\t\t\t\t\t\t\t\t\t\t\t    <div class=\"accordion-item faq-item\">\r\n                        <div class=\"accordion-opener\">\r\n                            Q: Pourquoi les syst\u00e8mes d&rsquo;interphonie filaires BAS-IP sont-ils pr\u00e9f\u00e9rables aux options sans fil ?                            <i class=\"fa-solid fa-chevron-down\"><\/i>\r\n                        <\/div>\r\n                        <div class=\"accordion-slide\">\r\n\t\t\t\t\t\t    <p>Les syst\u00e8mes d&rsquo;interphonie filaires offrent une fiabilit\u00e9 accrue, une r\u00e9duction des interf\u00e9rences et une s\u00e9curit\u00e9 renforc\u00e9e par rapport aux options sans fil. Les syst\u00e8mes d&rsquo;interphonie filaires de BAS-IP sont con\u00e7us pour offrir des performances constantes, ce qui les rend id\u00e9aux pour les entreprises \u00e0 la recherche de solutions de communication fiables.<\/p>\n                        <\/div>\r\n\t\t\t\t\t<\/div>\r\n\t\t\t\t\t\t\t\t\t\t\t\t\t\t\t    <div class=\"accordion-item faq-item\">\r\n                        <div class=\"accordion-opener\">\r\n                            Q: Les syst\u00e8mes d\u2019interphonie BAS-IP conviennent-ils aux environnements industriels\u00a0?                            <i class=\"fa-solid fa-chevron-down\"><\/i>\r\n                        <\/div>\r\n                        <div class=\"accordion-slide\">\r\n\t\t\t\t\t\t    <p>Oui, les syst\u00e8mes d&rsquo;interphonie de BAS-IP sont con\u00e7us pour \u00eatre compatibles avec les environnements industriels. Ces syst\u00e8mes robustes peuvent r\u00e9sister \u00e0 des conditions difficiles, assurant une communication efficace et un contr\u00f4le d&rsquo;acc\u00e8s s\u00e9curis\u00e9 dans diverses industries.<\/p>\n                        <\/div>\r\n\t\t\t\t\t<\/div>\r\n\t\t\t\t\t\t\t\t\t\t\t\t\t\t\t    <div class=\"accordion-item faq-item\">\r\n                        <div class=\"accordion-opener\">\r\n                            Q: Le syst\u00e8me d&rsquo;interphonie BAS-IP est-il compatible avec mes appareils de bureau intelligents ?                            <i class=\"fa-solid fa-chevron-down\"><\/i>\r\n                        <\/div>\r\n                        <div class=\"accordion-slide\">\r\n\t\t\t\t\t\t    <p>Oui, les syst\u00e8mes d&rsquo;interphonie de BAS-IP sont con\u00e7us pour \u00eatre compatibles avec une gamme d&rsquo;appareils de bureau intelligents, tels que les syst\u00e8mes d&rsquo;\u00e9clairage et de contr\u00f4le climatique. Cela permet une int\u00e9gration transparente et une fonctionnalit\u00e9 globale am\u00e9lior\u00e9e dans votre espace de travail.<\/p>\n                        <\/div>\r\n\t\t\t\t\t<\/div>\r\n\t\t\t\t\t\t\t\t\t<\/div>\r\n\t<\/section>\r\n<!-- END Block FAQ -->\n\n\n<p>Dans le monde des affaires actuel, en constante \u00e9volution, une communication efficace et des mesures de s\u00e9curit\u00e9 robustes sont essentielles. Les syst\u00e8mes d&rsquo;interphonie d&rsquo;entreprise de BAS-IP offrent une solution compl\u00e8te, combinant des fonctionnalit\u00e9s de pointe, un mat\u00e9riel fiable et une int\u00e9gration transparente avec les r\u00e9seaux locaux IP existants. En mettant en \u0153uvre un syst\u00e8me d&rsquo;interphonie BAS-IP pour votre bureau ou propri\u00e9t\u00e9 commerciale, vous pouvez am\u00e9liorer la communication, la s\u00e9curit\u00e9 et la fonctionnalit\u00e9 globale de votre lieu de travail. D\u00e9couvrez les avantages d&rsquo;un syst\u00e8me d&rsquo;interphonie de classe mondiale et r\u00e9volutionnez votre lieu de travail avec les solutions d&rsquo;interphonie innovantes de BAS-IP. Explorez les possibilit\u00e9s d&rsquo;une communication efficace, d&rsquo;une s\u00e9curit\u00e9 avanc\u00e9e et d&rsquo;une int\u00e9gration transparente qui peuvent permettre \u00e0 votre entreprise de prosp\u00e9rer dans un monde de plus en plus connect\u00e9.<\/p>","protected":false},"excerpt":{"rendered":"<p>Transformez votre environnement de travail gr\u00e2ce aux syst\u00e8mes d&rsquo;interphonie professionnels. Alors que la technologie continue de progresser, il est crucial pour les entreprises de rester \u00e0 jour avec les derni\u00e8res avanc\u00e9es. L&rsquo;une de ces \u00e9volutions est l&rsquo;int\u00e9gration de syst\u00e8mes d&rsquo;interphonie d&rsquo;entreprise, offrant une s\u00e9curit\u00e9 renforc\u00e9e et une communication efficace pour les bureaux et les propri\u00e9t\u00e9s [&hellip;]<\/p>","protected":false},"author":1,"featured_media":0,"parent":0,"menu_order":0,"comment_status":"closed","ping_status":"closed","template":"","meta":{"inline_featured_image":false,"footnotes":""},"class_list":["post-133227","page","type-page","status-publish","hentry"],"acf":[],"_links":{"self":[{"href":"https:\/\/bas-ip.com\/fr\/wp-json\/wp\/v2\/pages\/133227","targetHints":{"allow":["GET"]}}],"collection":[{"href":"https:\/\/bas-ip.com\/fr\/wp-json\/wp\/v2\/pages"}],"about":[{"href":"https:\/\/bas-ip.com\/fr\/wp-json\/wp\/v2\/types\/page"}],"author":[{"embeddable":true,"href":"https:\/\/bas-ip.com\/fr\/wp-json\/wp\/v2\/users\/1"}],"replies":[{"embeddable":true,"href":"https:\/\/bas-ip.com\/fr\/wp-json\/wp\/v2\/comments?post=133227"}],"version-history":[{"count":4,"href":"https:\/\/bas-ip.com\/fr\/wp-json\/wp\/v2\/pages\/133227\/revisions"}],"predecessor-version":[{"id":133296,"href":"https:\/\/bas-ip.com\/fr\/wp-json\/wp\/v2\/pages\/133227\/revisions\/133296"}],"wp:attachment":[{"href":"https:\/\/bas-ip.com\/fr\/wp-json\/wp\/v2\/media?parent=133227"}],"curies":[{"name":"wp","href":"https:\/\/api.w.org\/{rel}","templated":true}]}}