{"id":133067,"date":"2023-03-28T17:03:55","date_gmt":"2023-03-28T17:03:55","guid":{"rendered":"https:\/\/bas-ip.com\/case-studies\/"},"modified":"2025-03-06T09:35:24","modified_gmt":"2025-03-06T09:35:24","slug":"case-studies","status":"publish","type":"page","link":"https:\/\/bas-ip.com\/fr\/case-studies\/","title":{"rendered":"Solutions"},"content":{"rendered":"<h1 class=\"wp-block-heading\"><strong>Solutions d&rsquo;interphonie<\/strong><\/h1>\n\n\n\n<p>BAS-IP est un leader dans la fourniture de solutions d&rsquo;interphonie de pointe \u00e0 diverses industries, offrant des exp\u00e9riences de s\u00e9curit\u00e9 et de communication exceptionnelles. Dans cet article, nous explorons six \u00e9tudes de cas d&rsquo;interphonie convaincantes qui d\u00e9montrent la polyvalence et l&rsquo;efficacit\u00e9 des produits de BAS-IP dans diff\u00e9rents contextes. Des immeubles r\u00e9sidentiels aux \u00e9tablissements hospitaliers, ces \u00e9tudes de cas mettent en \u00e9vidence le pouvoir transformateur des syst\u00e8mes d&rsquo;interphonie BAS-IP.<\/p>\n\n\n<!-- START Block Info 3 Columns with links --><section id=\"block_6437b6d9794a8\" class=\"info-columns-section\">\r\n   <div class=\"column-list\">\r\n                        <div class=\"column-item\" data-aos=\"fade-up\" data-aos-delay=\"100\">\r\n                  <div class=\"image-block\">\r\n            <a href=\"\/building-intercom-system\/\">\r\n               <img loading=\"lazy\" decoding=\"async\" width=\"320\" height=\"232\" src=\"https:\/\/bas-ip.com\/wp-content\/uploads\/2023\/04\/1-5.jpg\" class=\"attachment-thumbnail_345x250 size-thumbnail_345x250\" alt=\"\" srcset=\"https:\/\/bas-ip.com\/wp-content\/uploads\/2023\/04\/1-5.jpg 320w,  https:\/\/bas-ip.com\/wp-content\/uploads\/2023\/04\/1-5-300x218.jpg 300w\" sizes=\"auto, (max-width: 320px) 100vw, 320px\" \/><\/a>\r\n         <\/div>\r\n         \r\n                  <a href=\"\/building-intercom-system\/\">\r\n            <h3 class=\"title-section\">Immeuble r\u00e9sidentiel : Une exp\u00e9rience de vie sans faille<\/h3>\r\n         <\/a>\r\n                           <div class=\"text-block\">\r\n            <p>Les solutions d&rsquo;interphonie de BAS-IP ont r\u00e9volutionn\u00e9 la fa\u00e7on dont les r\u00e9sidents interagissent avec leur environnement de vie. Dans un immeuble r\u00e9sidentiel, la mise en \u0153uvre du syst\u00e8me d&rsquo;interphonie BAS-IP a non seulement renforc\u00e9 la s\u00e9curit\u00e9, mais a \u00e9galement facilit\u00e9 la communication fluide entre les locataires, les visiteurs et la gestion de l&rsquo;immeuble. L&rsquo;interface conviviale du syst\u00e8me et son int\u00e9gration avec la technologie de la maison intelligente ont offert un nouveau niveau de commodit\u00e9 et d&rsquo;accessibilit\u00e9 aux r\u00e9sidents, am\u00e9liorant ainsi leur exp\u00e9rience de vie.<\/p>\n         <\/div>\r\n               <\/div>\r\n                              <div class=\"column-item\" data-aos=\"fade-up\" data-aos-delay=\"200\">\r\n                  <div class=\"image-block\">\r\n            <a href=\"\/business-intercom-systems-for-office\/\">\r\n               <img loading=\"lazy\" decoding=\"async\" width=\"320\" height=\"232\" src=\"https:\/\/bas-ip.com\/wp-content\/uploads\/2023\/04\/2-5.jpg\" class=\"attachment-thumbnail_345x250 size-thumbnail_345x250\" alt=\"\" srcset=\"https:\/\/bas-ip.com\/wp-content\/uploads\/2023\/04\/2-5.jpg 320w,  https:\/\/bas-ip.com\/wp-content\/uploads\/2023\/04\/2-5-300x218.jpg 300w\" sizes=\"auto, (max-width: 320px) 100vw, 320px\" \/><\/a>\r\n         <\/div>\r\n         \r\n                  <a href=\"\/business-intercom-systems-for-office\/\">\r\n            <h3 class=\"title-section\">Commercial : Rationalisation des op\u00e9rations et de la s\u00e9curit\u00e9<\/h3>\r\n         <\/a>\r\n                           <div class=\"text-block\">\r\n            <p>Dans un environnement commercial ou industriel, une communication et une s\u00e9curit\u00e9 efficaces sont essentielles au bon d\u00e9roulement des op\u00e9rations. Les solutions d&rsquo;interphonie BAS-IP ont jou\u00e9 un r\u00f4le central dans l&rsquo;am\u00e9lioration des flux de travail et des mesures de s\u00e9curit\u00e9 dans une grande usine de fabrication. En int\u00e9grant le syst\u00e8me d&rsquo;interphonie avec le contr\u00f4le d&rsquo;acc\u00e8s, la vid\u00e9osurveillance et les fonctionnalit\u00e9s de r\u00e9ponse d&rsquo;urgence, l&rsquo;\u00e9tablissement a connu une am\u00e9lioration significative de la communication et de la s\u00e9curit\u00e9 globale.<\/p>\n         <\/div>\r\n               <\/div>\r\n                              <div class=\"column-item\" data-aos=\"fade-up\" data-aos-delay=\"300\">\r\n                  <div class=\"image-block\">\r\n            <a href=\"\/intercom-systems-for-home-and-house\/\">\r\n               <img loading=\"lazy\" decoding=\"async\" width=\"320\" height=\"232\" src=\"https:\/\/bas-ip.com\/wp-content\/uploads\/2023\/04\/3-5.jpg\" class=\"attachment-thumbnail_345x250 size-thumbnail_345x250\" alt=\"\" srcset=\"https:\/\/bas-ip.com\/wp-content\/uploads\/2023\/04\/3-5.jpg 320w,  https:\/\/bas-ip.com\/wp-content\/uploads\/2023\/04\/3-5-300x218.jpg 300w\" sizes=\"auto, (max-width: 320px) 100vw, 320px\" \/><\/a>\r\n         <\/div>\r\n         \r\n                  <a href=\"\/intercom-systems-for-home-and-house\/\">\r\n            <h3 class=\"title-section\">Domicile : Am\u00e9lioration de la s\u00e9curit\u00e9 et de la connectivit\u00e9<\/h3>\r\n         <\/a>\r\n                           <div class=\"text-block\">\r\n            <p>Alors que les propri\u00e9taires accordent de plus en plus la priorit\u00e9 \u00e0 la s\u00e9curit\u00e9 et \u00e0 la technologie de la maison intelligente, les solutions d&rsquo;interphonie de BAS-IP sont devenues un choix populaire. Dans une maison de banlieue, l&rsquo;installation d&rsquo;un syst\u00e8me d&rsquo;interphonie BAS-IP a non seulement renforc\u00e9 la s\u00e9curit\u00e9, mais a \u00e9galement am\u00e9lior\u00e9 la connectivit\u00e9 avec les membres de la famille et les invit\u00e9s. L&rsquo;interface intuitive et la compatibilit\u00e9 avec les smartphones ont permis aux propri\u00e9taires de surveiller leur propri\u00e9t\u00e9 et de communiquer sans effort, cr\u00e9ant ainsi un environnement de vie s\u00fbr et connect\u00e9.<\/p>\n         <\/div>\r\n               <\/div>\r\n                              <div class=\"column-item\" data-aos=\"fade-up\" data-aos-delay=\"400\">\r\n                  <div class=\"image-block\">\r\n            <a href=\"\/medical-hospital-intercom-system\/\">\r\n               <img loading=\"lazy\" decoding=\"async\" width=\"320\" height=\"232\" src=\"https:\/\/bas-ip.com\/wp-content\/uploads\/2023\/04\/4-5.jpg\" class=\"attachment-thumbnail_345x250 size-thumbnail_345x250\" alt=\"\" srcset=\"https:\/\/bas-ip.com\/wp-content\/uploads\/2023\/04\/4-5.jpg 320w,  https:\/\/bas-ip.com\/wp-content\/uploads\/2023\/04\/4-5-300x218.jpg 300w\" sizes=\"auto, (max-width: 320px) 100vw, 320px\" \/><\/a>\r\n         <\/div>\r\n         \r\n                  <a href=\"\/medical-hospital-intercom-system\/\">\r\n            <h3 class=\"title-section\">H\u00f4pital : Renforcement des soins aux patients et de la s\u00e9curit\u00e9<\/h3>\r\n         <\/a>\r\n                           <div class=\"text-block\">\r\n            <p>Les h\u00f4pitaux et les \u00e9tablissements m\u00e9dicaux n\u00e9cessitent des syst\u00e8mes de communication avanc\u00e9s pour assurer des soins aux patients et une s\u00e9curit\u00e9 efficaces. Dans un h\u00f4pital \u00e0 la pointe de la technologie, les solutions d&rsquo;interphonie de BAS-IP ont \u00e9t\u00e9 utilis\u00e9es pour rationaliser la communication entre le personnel m\u00e9dical, les patients et les visiteurs. Le syst\u00e8me a facilit\u00e9 une r\u00e9ponse rapide aux urgences, am\u00e9lior\u00e9 la confidentialit\u00e9 des patients et renforc\u00e9 la s\u00e9curit\u00e9 globale de l&rsquo;h\u00f4pital. L&rsquo;int\u00e9gration du syst\u00e8me d&rsquo;interphonie BAS-IP s&rsquo;est av\u00e9r\u00e9e r\u00e9volutionnaire pour fournir des soins aux patients exceptionnels.<\/p>\n         <\/div>\r\n               <\/div>\r\n                              <div class=\"column-item\" data-aos=\"fade-up\" data-aos-delay=\"500\">\r\n                  <div class=\"image-block\">\r\n            <a href=\"\/intercom-systems-for-schools\/\">\r\n               <img loading=\"lazy\" decoding=\"async\" width=\"320\" height=\"232\" src=\"https:\/\/bas-ip.com\/wp-content\/uploads\/2023\/04\/5-5.jpg\" class=\"attachment-thumbnail_345x250 size-thumbnail_345x250\" alt=\"\" srcset=\"https:\/\/bas-ip.com\/wp-content\/uploads\/2023\/04\/5-5.jpg 320w,  https:\/\/bas-ip.com\/wp-content\/uploads\/2023\/04\/5-5-300x218.jpg 300w\" sizes=\"auto, (max-width: 320px) 100vw, 320px\" \/><\/a>\r\n         <\/div>\r\n         \r\n                  <a href=\"\/intercom-systems-for-schools\/\">\r\n            <h3 class=\"title-section\">\u00c9cole : Favoriser un environnement d&rsquo;apprentissage s\u00e9curis\u00e9<\/h3>\r\n         <\/a>\r\n                           <div class=\"text-block\">\r\n            <p>Les \u00e9tablissements d&rsquo;enseignement ont besoin de syst\u00e8mes de s\u00e9curit\u00e9 et de communication robustes pour prot\u00e9ger les \u00e9l\u00e8ves et le personnel. Dans une \u00e9cole progressiste, les solutions d&rsquo;interphonie de BAS-IP ont jou\u00e9 un r\u00f4le d\u00e9terminant dans la cr\u00e9ation d&rsquo;un environnement d&rsquo;apprentissage s\u00e9curis\u00e9. Le syst\u00e8me a permis une communication fluide entre les salles de classe, les bureaux administratifs et les visiteurs ext\u00e9rieurs, assurant ainsi la s\u00e9curit\u00e9 des \u00e9l\u00e8ves et du personnel. De plus, l&rsquo;int\u00e9gration du syst\u00e8me d&rsquo;interphonie avec les fonctionnalit\u00e9s de contr\u00f4le d&rsquo;acc\u00e8s et de vid\u00e9osurveillance a consid\u00e9rablement am\u00e9lior\u00e9 la s\u00e9curit\u00e9 globale de l&rsquo;\u00e9cole.<\/p>\n         <\/div>\r\n               <\/div>\r\n                              <div class=\"column-item\" data-aos=\"fade-up\" data-aos-delay=\"600\">\r\n                  <div class=\"image-block\">\r\n            <a href=\"\/gate-intercom-system\/\">\r\n               <img loading=\"lazy\" decoding=\"async\" width=\"320\" height=\"232\" src=\"https:\/\/bas-ip.com\/wp-content\/uploads\/2023\/04\/6-4.jpg\" class=\"attachment-thumbnail_345x250 size-thumbnail_345x250\" alt=\"\" srcset=\"https:\/\/bas-ip.com\/wp-content\/uploads\/2023\/04\/6-4.jpg 320w,  https:\/\/bas-ip.com\/wp-content\/uploads\/2023\/04\/6-4-300x218.jpg 300w\" sizes=\"auto, (max-width: 320px) 100vw, 320px\" \/><\/a>\r\n         <\/div>\r\n         \r\n                  <a href=\"\/gate-intercom-system\/\">\r\n            <h3 class=\"title-section\">Portails : Renforcement de la s\u00e9curit\u00e9 p\u00e9rim\u00e9trique<\/h3>\r\n         <\/a>\r\n                           <div class=\"text-block\">\r\n            <p>La s\u00e9curit\u00e9 des portails est cruciale pour prot\u00e9ger les propri\u00e9t\u00e9s et maintenir la vie priv\u00e9e. Dans une communaut\u00e9 r\u00e9sidentielle haut de gamme, les solutions d&rsquo;interphonie BAS-IP ont \u00e9t\u00e9 mises en \u0153uvre pour renforcer la s\u00e9curit\u00e9 p\u00e9rim\u00e9trique. Le syst\u00e8me a permis aux r\u00e9sidents d&rsquo;accorder ou de refuser \u00e0 distance l&rsquo;acc\u00e8s aux visiteurs, et l&rsquo;int\u00e9gration avec la vid\u00e9osurveillance a permis une surveillance transparente des entr\u00e9es et sorties de la communaut\u00e9. Cette solution d&rsquo;interphonie avanc\u00e9e a contribu\u00e9 \u00e0 un sentiment accru de s\u00e9curit\u00e9 et de tranquillit\u00e9 d&rsquo;esprit pour les r\u00e9sidents.<\/p>\n         <\/div>\r\n               <\/div>\r\n                     <\/div>\r\n<\/section>\r\n<!-- END Block Info 3 Columns with links -->\n\n\n<p>Ces \u00e9tudes de cas d&rsquo;interphonie mettent en \u00e9vidence la polyvalence et l&rsquo;efficacit\u00e9 remarquables des solutions d&rsquo;interphonie BAS-IP dans divers secteurs. Des communaut\u00e9s r\u00e9sidentielles aux h\u00f4pitaux, la mise en \u0153uvre des syst\u00e8mes d&rsquo;interphonie BAS-IP a transform\u00e9 la communication, la s\u00e9curit\u00e9 et l&rsquo;exp\u00e9rience utilisateur globale. Alors que la technologie continue de progresser, BAS-IP reste engag\u00e9 \u00e0 fournir des solutions d&rsquo;interphonie innovantes et sup\u00e9rieures qui r\u00e9pondent aux besoins \u00e9volutifs de diverses industries.<\/p>\n\n\n<!-- START Block FAQ --><section id=\"block_64231e53deae2\" class=\"faq-section\">\r\n\t\t    <h2 class=\"title-section\" data-aos=\"fade-right\">Questions fr\u00e9quemment pos\u00e9es<\/h2>\r\n\t\t\t    <div class=\"faq-list js-accordion\" data-aos=\"fade-up\">\r\n\t\t\t\t\t\t\t\t\t\t\t    <div class=\"accordion-item faq-item\">\r\n                        <div class=\"accordion-opener\">\r\n                            Q: Comment BAS-IP assure-t-il la s\u00e9curit\u00e9 et la fiabilit\u00e9 de ses solutions d&rsquo;interphonie ?                            <i class=\"fa-solid fa-chevron-down\"><\/i>\r\n                        <\/div>\r\n                        <div class=\"accordion-slide\">\r\n\t\t\t\t\t\t    <p>BAS-IP utilise des protocoles de cryptage avanc\u00e9s et un mat\u00e9riel robuste pour assurer la s\u00e9curit\u00e9 et la fiabilit\u00e9 de ses syst\u00e8mes d&rsquo;interphonie. Cet engagement \u00e0 fournir une technologie de pointe a fait de BAS-IP un choix de confiance pour diverses industries \u00e0 travers le monde.<\/p>\n                        <\/div>\r\n\t\t\t\t\t<\/div>\r\n\t\t\t\t\t\t\t\t\t\t\t\t\t\t\t    <div class=\"accordion-item faq-item\">\r\n                        <div class=\"accordion-opener\">\r\n                            Q: Comment les solutions d&rsquo;interphonie BAS-IP contribuent-elles \u00e0 l&rsquo;efficacit\u00e9 \u00e9nerg\u00e9tique ?                            <i class=\"fa-solid fa-chevron-down\"><\/i>\r\n                        <\/div>\r\n                        <div class=\"accordion-slide\">\r\n\t\t\t\t\t\t    <p>Les syst\u00e8mes d&rsquo;interphonie BAS-IP sont con\u00e7us dans un souci d&rsquo;efficacit\u00e9 \u00e9nerg\u00e9tique. En int\u00e9grant des fonctionnalit\u00e9s telles que l&rsquo;\u00e9clairage activ\u00e9 par le mouvement, la climatisation intelligente et les modes de veille \u00e0 \u00e9conomie d&rsquo;\u00e9nergie, les solutions d&rsquo;interphonie BAS-IP contribuent \u00e0 un environnement plus vert et plus durable.<\/p>\n                        <\/div>\r\n\t\t\t\t\t<\/div>\r\n\t\t\t\t\t\t\t\t\t\t\t\t\t\t\t    <div class=\"accordion-item faq-item\">\r\n                        <div class=\"accordion-opener\">\r\n                            Q: Quel type de support BAS-IP offre-t-il pour ses solutions d&rsquo;interphonie ?                            <i class=\"fa-solid fa-chevron-down\"><\/i>\r\n                        <\/div>\r\n                        <div class=\"accordion-slide\">\r\n\t\t\t\t\t\t    <p>BAS-IP s&rsquo;engage \u00e0 fournir un support client exceptionnel, offrant une assistance technique et des ressources compl\u00e8tes pour assurer une mise en \u0153uvre et un fonctionnement fluides de ses syst\u00e8mes d&rsquo;interphonie. Ce d\u00e9vouement \u00e0 la satisfaction client a valu \u00e0 BAS-IP une r\u00e9putation exceptionnelle dans l&rsquo;industrie.<\/p>\n                        <\/div>\r\n\t\t\t\t\t<\/div>\r\n\t\t\t\t\t\t\t\t\t<\/div>\r\n\t<\/section>\r\n<!-- END Block FAQ -->","protected":false},"excerpt":{"rendered":"<p>Solutions d&rsquo;interphonie BAS-IP est un leader dans la fourniture de solutions d&rsquo;interphonie de pointe \u00e0 diverses industries, offrant des exp\u00e9riences de s\u00e9curit\u00e9 et de communication exceptionnelles. Dans cet article, nous explorons six \u00e9tudes de cas d&rsquo;interphonie convaincantes qui d\u00e9montrent la polyvalence et l&rsquo;efficacit\u00e9 des produits de BAS-IP dans diff\u00e9rents contextes. Des immeubles r\u00e9sidentiels aux \u00e9tablissements [&hellip;]<\/p>","protected":false},"author":1,"featured_media":0,"parent":0,"menu_order":0,"comment_status":"closed","ping_status":"closed","template":"","meta":{"inline_featured_image":false,"footnotes":""},"class_list":["post-133067","page","type-page","status-publish","hentry"],"acf":[],"_links":{"self":[{"href":"https:\/\/bas-ip.com\/fr\/wp-json\/wp\/v2\/pages\/133067","targetHints":{"allow":["GET"]}}],"collection":[{"href":"https:\/\/bas-ip.com\/fr\/wp-json\/wp\/v2\/pages"}],"about":[{"href":"https:\/\/bas-ip.com\/fr\/wp-json\/wp\/v2\/types\/page"}],"author":[{"embeddable":true,"href":"https:\/\/bas-ip.com\/fr\/wp-json\/wp\/v2\/users\/1"}],"replies":[{"embeddable":true,"href":"https:\/\/bas-ip.com\/fr\/wp-json\/wp\/v2\/comments?post=133067"}],"version-history":[{"count":3,"href":"https:\/\/bas-ip.com\/fr\/wp-json\/wp\/v2\/pages\/133067\/revisions"}],"predecessor-version":[{"id":133135,"href":"https:\/\/bas-ip.com\/fr\/wp-json\/wp\/v2\/pages\/133067\/revisions\/133135"}],"wp:attachment":[{"href":"https:\/\/bas-ip.com\/fr\/wp-json\/wp\/v2\/media?parent=133067"}],"curies":[{"name":"wp","href":"https:\/\/api.w.org\/{rel}","templated":true}]}}