{"id":131213,"date":"2025-02-19T15:47:09","date_gmt":"2025-02-19T15:47:09","guid":{"rendered":"https:\/\/bas-ip.com\/intercom-migration-to-link\/"},"modified":"2025-02-24T11:39:52","modified_gmt":"2025-02-24T11:39:52","slug":"intercom-migration-to-link","status":"publish","type":"page","link":"https:\/\/bas-ip.com\/fr\/intercom-migration-to-link\/","title":{"rendered":"Migration d&rsquo;Intercom vers Link"},"content":{"rendered":"<h2 data-sourcepos=\"1:1-1:67\">Intercom migre vers Link: qu&rsquo;est-ce que cela signifie pour vous?<\/h2>\n<p data-sourcepos=\"3:1-3:352\">\u00c0 partir du 4 mars 2025, l&rsquo;application Intercom pour Android ne sera plus disponible sur le Google Play Store. Cependant, la version Web et l&rsquo;application iOS continueront de fonctionner sans aucun changement, et les serveurs Intercom resteront actifs pour assurer la stabilit\u00e9 et l&rsquo;acc\u00e8s \u00e0 vos donn\u00e9es jusqu&rsquo;\u00e0 la fin de la prise en charge des serveurs.<\/p>\n<p data-sourcepos=\"5:1-5:232\">Nous vous invitons \u00e0 passer \u00e0 Link &#8211; une solution puissante con\u00e7ue pour votre confort. La plateforme offre des capacit\u00e9s de gestion avanc\u00e9es, un niveau \u00e9lev\u00e9 de stabilit\u00e9 et une s\u00e9curit\u00e9 conforme aux derni\u00e8res normes de l&rsquo;industrie.<\/p>\n<p data-sourcepos=\"7:1-7:209\">Nous comprenons que ce changement peut soulever des questions, c&rsquo;est pourquoi nous avons pr\u00e9par\u00e9 des instructions d\u00e9taill\u00e9es et un support complet pour rendre la transition aussi fluide et simple que possible.<\/p>\n<h2 data-sourcepos=\"9:1-9:39\">Pourquoi faisons-nous ce changement?<\/h2>\n<p data-sourcepos=\"11:1-11:424\">Notre d\u00e9cision de passer \u00e0 Link est motiv\u00e9e par la n\u00e9cessit\u00e9 de vous fournir une meilleure qualit\u00e9 de service et des outils modernes de gestion des appareils. L&rsquo;application Intercom pour Android est obsol\u00e8te et ne r\u00e9pond plus aux exigences actuelles. Au lieu de mettre \u00e0 jour l&rsquo;ancienne plateforme, nous avons choisi de d\u00e9velopper une solution plus puissante et conviviale qui \u00e9tablira une nouvelle norme pour votre confort.<\/p>\n<h2 data-sourcepos=\"13:1-13:22\">Qu&rsquo;est-ce que Link?<\/h2>\n<p data-sourcepos=\"15:1-15:242\">Link est une plateforme con\u00e7ue pour ceux qui appr\u00e9cient la commodit\u00e9 et la fiabilit\u00e9. Elle remplace Intercom et offre plus de fonctionnalit\u00e9s, une conception am\u00e9lior\u00e9e et une assistance \u00e0 long terme. Voici ce que vous pouvez attendre de Link:<\/p>\n<ul data-sourcepos=\"17:1-21:0\">\n<li data-sourcepos=\"17:1-17:112\"><strong>Interface repens\u00e9e:<\/strong> Une conception simple et intuitive cr\u00e9\u00e9e pour une exp\u00e9rience utilisateur transparente.<\/li>\n<li data-sourcepos=\"18:1-18:148\"><strong>Prise en charge des appareils modernes:<\/strong> Link est compatible avec les derniers syst\u00e8mes d&rsquo;exploitation et s&rsquo;int\u00e8gre aux nouvelles technologies.<\/li>\n<li data-sourcepos=\"19:1-19:147\"><strong>Fonctionnalit\u00e9s avanc\u00e9es:<\/strong> Gestion des acc\u00e8s, s\u00e9curit\u00e9 et configuration flexible des appareils, le tout disponible sur la nouvelle plateforme.<\/li>\n<li data-sourcepos=\"20:1-21:0\"><strong>Stabilit\u00e9 et fiabilit\u00e9:<\/strong> Con\u00e7u pour g\u00e9rer des charges \u00e9lev\u00e9es, garantissant des performances ininterrompues.<\/li>\n<\/ul>\n<h2 data-sourcepos=\"22:1-22:45\">Comment la transition se d\u00e9roulera-t-elle?<\/h2>\n<p data-sourcepos=\"24:1-24:423\">Nous avons rendu le processus de transition aussi transparent que possible. Les comptes Intercom actifs seront automatiquement migr\u00e9s vers la plateforme Link, et les utilisateurs recevront des licences de version de base \u00e9gales au nombre de num\u00e9ros SIP de leur compte. Le processus est con\u00e7u pour minimiser les difficult\u00e9s potentielles tout en garantissant l&rsquo;acc\u00e8s \u00e0 toutes les fonctionnalit\u00e9s de la plateforme disponibles.<\/p>\n<p data-sourcepos=\"26:1-26:50\">Pour les propri\u00e9taires, la transition sera simple:<\/p>\n<ol data-sourcepos=\"28:1-30:0\">\n<li data-sourcepos=\"28:1-28:78\">Configurez votre compte et connectez les appareils d&rsquo;interphone au serveur.<\/li>\n<li data-sourcepos=\"29:1-30:0\">Remplissez un tableau avec les informations sur les r\u00e9sidents et t\u00e9l\u00e9chargez-le dans le syst\u00e8me.<\/li>\n<\/ol>\n<p data-sourcepos=\"31:1-31:169\">Le syst\u00e8me se chargera du reste: il cr\u00e9era des comptes utilisateur, enverra des invitations, configurera les appareils d&rsquo;interphone et accordera l&rsquo;acc\u00e8s \u00e0 la plateforme.<\/p>\n<p data-sourcepos=\"33:1-33:140\">Les r\u00e9sidents n&rsquo;auront qu&rsquo;\u00e0 terminer l&rsquo;inscription via l&rsquo;invitation &#8211; et ils pourront commencer \u00e0 utiliser le nouveau syst\u00e8me imm\u00e9diatement.<\/p>\n<h2 data-sourcepos=\"35:1-35:29\">Ce que la plateforme fera:<\/h2>\n<ul data-sourcepos=\"37:1-40:0\">\n<li data-sourcepos=\"37:1-37:95\">Lier automatiquement les comptes utilisateur \u00e0 leurs appareils et fournir l&rsquo;acc\u00e8s au service.<\/li>\n<li data-sourcepos=\"38:1-38:114\">Configurer l&rsquo;int\u00e9gration de l&rsquo;interphone, y compris la synchronisation du r\u00e9pertoire t\u00e9l\u00e9phonique si n\u00e9cessaire.<\/li>\n<li data-sourcepos=\"39:1-40:0\">Traiter les donn\u00e9es et \u00e9mettre des licences de version de base pour Link.<\/li>\n<\/ul>\n<p data-sourcepos=\"41:1-41:203\">Pour les cas plus complexes, tels que le travail avec des appareils plus anciens ou le transfert manuel de donn\u00e9es, nous avons d\u00e9velopp\u00e9 des outils pour aider les partenaires \u00e0 rationaliser le processus.<\/p>\n<h2 data-sourcepos=\"43:1-43:38\">Quels sont les avantages pour vous?<\/h2>\n<p data-sourcepos=\"45:1-45:126\">Pour rendre la transition aussi b\u00e9n\u00e9fique que possible, la plateforme Link offre une large gamme de nouvelles fonctionnalit\u00e9s:<\/p>\n<p data-sourcepos=\"47:1-47:22\"><strong>Gestion des acc\u00e8s:<\/strong><\/p>\n<ul data-sourcepos=\"49:1-50:0\">\n<li data-sourcepos=\"49:1-50:0\">Contr\u00f4le total sur l&rsquo;acc\u00e8s aux b\u00e2timents via l&rsquo;application mobile, y compris le d\u00e9verrouillage des portes \u00e0 distance et la gestion des acc\u00e8s des invit\u00e9s.<\/li>\n<\/ul>\n<p data-sourcepos=\"51:1-51:39\"><strong>Capacit\u00e9s d&rsquo;interaction am\u00e9lior\u00e9es:<\/strong><\/p>\n<ul data-sourcepos=\"53:1-54:0\">\n<li data-sourcepos=\"53:1-54:0\">Int\u00e9gration avec les appareils modernes comme Apple Watch et Siri, gestion des \u00e9v\u00e9nements familiaux et r\u00e9servation de salles via la plateforme.<\/li>\n<\/ul>\n<p data-sourcepos=\"55:1-55:35\"><strong>Journalisation et surveillance:<\/strong><\/p>\n<ul data-sourcepos=\"57:1-58:0\">\n<li data-sourcepos=\"57:1-58:0\">Affichez l&rsquo;historique des appels, les journaux d&rsquo;acc\u00e8s et g\u00e9rez les horaires et les restrictions.<\/li>\n<\/ul>\n<p data-sourcepos=\"59:1-59:35\"><strong>Modularit\u00e9 et personnalisation:<\/strong><\/p>\n<ul data-sourcepos=\"61:1-62:0\">\n<li data-sourcepos=\"61:1-62:0\">Cr\u00e9ez des espaces pour les propri\u00e9t\u00e9s r\u00e9sidentielles et commerciales, configurez des r\u00e8gles de transfert d&rsquo;appel flexibles et g\u00e9rez les annuaires t\u00e9l\u00e9phoniques.<\/li>\n<\/ul>\n<p data-sourcepos=\"63:1-63:43\"><strong>Fonctionnalit\u00e9s de t\u00e9l\u00e9phonie avanc\u00e9es:<\/strong><\/p>\n<ul data-sourcepos=\"65:1-66:0\">\n<li data-sourcepos=\"65:1-66:0\">Prise en charge des trunks SIP, des num\u00e9ros virtuels et de la fonctionnalit\u00e9 de softphone pour une communication transparente.<\/li>\n<\/ul>\n<p data-sourcepos=\"67:1-67:23\"><strong>Outils de s\u00e9curit\u00e9:<\/strong><\/p>\n<ul data-sourcepos=\"69:1-70:0\">\n<li data-sourcepos=\"69:1-70:0\">Int\u00e9gration avec les dispositifs d&rsquo;appel d&rsquo;urgence, gestion des acc\u00e8s aux ascenseurs et contr\u00f4le des zones r\u00e9glement\u00e9es.<\/li>\n<\/ul>\n<h2 data-sourcepos=\"71:1-71:45\">Comment informerons-nous les utilisateurs?<\/h2>\n<p data-sourcepos=\"73:1-73:95\">Nous avons pr\u00e9par\u00e9 une s\u00e9rie de notifications pour vous guider \u00e0 chaque \u00e9tape de la transition:<\/p>\n<ul data-sourcepos=\"75:1-79:0\">\n<li data-sourcepos=\"75:1-75:183\"><strong>E-mails d&rsquo;information:<\/strong> Vous recevrez des e-mails d\u00e9taillant les changements, le calendrier de transition, les avantages de Link et les instructions de migration \u00e9tape par \u00e9tape.<\/li>\n<li data-sourcepos=\"76:1-76:153\"><strong>Invitations \u00e0 l&rsquo;inscription:<\/strong> Apr\u00e8s la migration des donn\u00e9es, vous recevrez une invitation \u00e0 finaliser votre inscription sur la nouvelle plateforme.<\/li>\n<li data-sourcepos=\"77:1-77:150\"><strong>Rappels:<\/strong> Si n\u00e9cessaire, nous enverrons des rappels pour nous assurer que vous terminez la configuration et commencez \u00e0 utiliser Link sans d\u00e9lai.<\/li>\n<li data-sourcepos=\"78:1-79:0\"><strong>Support utilisateur:<\/strong> Notre \u00e9quipe sera disponible pour r\u00e9pondre \u00e0 vos questions par e-mail et autres canaux de support.<\/li>\n<\/ul>\n<h2 data-sourcepos=\"80:1-80:56\">Migrer d&rsquo;Intercom vers Link: un guide \u00e9tape par \u00e9tape<\/h2>\n<p data-sourcepos=\"82:1-82:327\">Pour assurer une transition en douceur, vous recevrez une invitation \u00e0 rejoindre le nouveau serveur Link entre le 20 et le 25 f\u00e9vrier. Cette invitation sera envoy\u00e9e \u00e0 l&rsquo;adresse e-mail que vous avez utilis\u00e9e pour vous inscrire \u00e0 Intercom. Veuillez v\u00e9rifier votre bo\u00eete de r\u00e9ception (et votre dossier spam) pendant cette p\u00e9riode.<\/p>\n<h2 data-sourcepos=\"84:1-84:22\">Commencer avec Link<\/h2>\n<ol data-sourcepos=\"86:1-90:0\">\n<li data-sourcepos=\"86:1-86:106\"><strong>Acceptez l&rsquo;invitation:<\/strong> Cliquez sur le lien dans l&rsquo;e-mail d&rsquo;invitation pour acc\u00e9der au serveur Link.<\/li>\n<li data-sourcepos=\"87:1-87:103\"><strong>Cr\u00e9ez un mot de passe:<\/strong> Vous serez invit\u00e9 \u00e0 cr\u00e9er un nouveau mot de passe pour votre compte Link.<\/li>\n<li data-sourcepos=\"88:1-88:190\"><strong>Connectez-vous:<\/strong> Une fois que vous avez cr\u00e9\u00e9 votre mot de passe, vous pouvez vous connecter au serveur Link en utilisant votre adresse e-mail enregistr\u00e9e et votre nouveau mot de passe.<\/li>\n<li data-sourcepos=\"89:1-90:0\"><strong>Suivez les instructions d&rsquo;installation:<\/strong> Apr\u00e8s vous \u00eatre connect\u00e9, vous serez guid\u00e9 tout au long du processus d&rsquo;installation. Les instructions varient en fonction de votre type d&rsquo;utilisateur et de votre \u00e9quipement.<\/li>\n<\/ol>\n<h2 data-sourcepos=\"91:1-91:43\">Instructions sp\u00e9cifiques \u00e0 l&rsquo;utilisateur<\/h2>\n<p data-sourcepos=\"93:1-93:138\">Pour faciliter au maximum le processus de migration, nous avons fourni des instructions d\u00e9taill\u00e9es pour diff\u00e9rents groupes d&rsquo;utilisateurs:<\/p>\n<p data-sourcepos=\"95:1-95:16\"><strong>Partenaires<\/strong><strong style=\"font-size: revert; color: initial;\">:<\/strong><\/p>\n<div id=\"model-response-message-contentr_7cc64dd4d44cdcb4\" class=\"markdown markdown-main-panel\" dir=\"ltr\">\n<ul>\n<li><a href=\"https:\/\/basip.atlassian.net\/wiki\/spaces\/migrationtothelink\/pages\/354812908\" target=\"_blank\" rel=\"noopener\">Propri\u00e9taires de nouveaux \u00e9quipements ou responsables de leur installation<\/a><\/li>\n<li><a href=\"https:\/\/basip.atlassian.net\/wiki\/spaces\/migrationtothelink\/pages\/354713882\" target=\"_blank\" rel=\"noopener\">Propri\u00e9taires d&rsquo;anciens \u00e9quipements (ou responsables de leur installation) qui ne peuvent pas \u00eatre connect\u00e9s au nouveau serveur Link<\/a><\/li>\n<li><a style=\"font-size: revert;\" href=\"https:\/\/basip.atlassian.net\/wiki\/spaces\/migrationtothelink\/pages\/354877460\" target=\"_blank\" rel=\"noopener\">Propri\u00e9taires d&rsquo;anciens \u00e9quipements (ou responsables de leur installation) qui <em>peuvent<\/em> \u00eatre connect\u00e9s au nouveau serveur Link<\/a><\/li>\n<\/ul>\n<p><strong>R\u00e9sidents de complexes r\u00e9sidentiels ou clients priv\u00e9s:<\/strong><\/p>\n<ul>\n<li><a href=\"https:\/\/basip.atlassian.net\/wiki\/spaces\/migrationtothelink\/pages\/354713902\" target=\"_blank\" rel=\"noopener\">Utilisateurs d&rsquo;Intercom qui n&rsquo;ont pas d&rsquo;interphone mais qui poss\u00e8dent une application mobile<\/a><\/li>\n<li><a href=\"https:\/\/basip.atlassian.net\/wiki\/spaces\/migrationtothelink\/pages\/354713892\" target=\"_blank\" rel=\"noopener\">Utilisateurs d&rsquo;Intercom qui ont \u00e0 la fois un interphone et une application mobile<\/a><\/li>\n<\/ul>\n<p data-sourcepos=\"1:1-1:250\">Nous vous encourageons \u00e0 consulter les instructions qui s&rsquo;appliquent \u00e0 votre type d&rsquo;utilisateur et \u00e0 votre \u00e9quipement. Si vous avez des questions ou besoin d&rsquo;aide pendant le processus de migration, n&rsquo;h\u00e9sitez pas \u00e0 contacter notre \u00e9quipe d&rsquo;assistance.<\/p>\n<p data-sourcepos=\"3:1-3:134\">Nous sommes convaincus que vous appr\u00e9cierez l&rsquo;exp\u00e9rience de communication am\u00e9lior\u00e9e que Link offre. Merci pour votre soutien continu !<\/p>\n<p data-sourcepos=\"5:1-5:20\">Bienvenue sur Link<\/p>\n<\/div>\n\n<!-- START Block Sign Up --><section id=\"block_629678229e935\" class=\"sign-up-section\">\r\n\r\n    <div class=\"form-holder js-form\" data-aos=\"fade-right\">\r\n                    <div class=\"title-block h3\">Sign up for connection<\/div>\r\n        \r\n                    <div class=\"text-block\">\r\n                Filling out all the information needed to answer you as quickly as possible            <\/div>\r\n        \r\n                    \n<div class=\"wpcf7 no-js\" id=\"wpcf7-f157874-o1\" lang=\"fr-FR\" dir=\"ltr\">\n<div class=\"screen-reader-response\"><p role=\"status\" aria-live=\"polite\" aria-atomic=\"true\"><\/p> <ul><\/ul><\/div>\n<form action=\"\/fr\/wp-json\/wp\/v2\/pages\/131213#wpcf7-f157874-o1\" method=\"post\" class=\"wpcf7-form init\" aria-label=\"Formulaire de contact\" enctype=\"multipart\/form-data\" novalidate=\"novalidate\" data-status=\"init\">\n<div style=\"display: none;\">\n<input type=\"hidden\" name=\"_wpcf7\" value=\"157874\" \/>\n<input type=\"hidden\" name=\"_wpcf7_version\" value=\"5.8.3\" \/>\n<input type=\"hidden\" name=\"_wpcf7_locale\" value=\"fr_FR\" \/>\n<input type=\"hidden\" name=\"_wpcf7_unit_tag\" value=\"wpcf7-f157874-o1\" \/>\n<input type=\"hidden\" name=\"_wpcf7_container_post\" value=\"0\" \/>\n<input type=\"hidden\" name=\"_wpcf7_posted_data_hash\" value=\"\" \/>\n<input type=\"hidden\" name=\"_wpcf7_recaptcha_response\" value=\"\" \/>\n<\/div>\n<div class=\"row\"> \n <label><span class=\"label-text\">Nom<\/span> \n  <span class=\"wpcf7-form-control-wrap\" data-name=\"text-full-name\"><input size=\"40\" class=\"wpcf7-form-control wpcf7-text wpcf7-validates-as-required\" aria-required=\"true\" aria-invalid=\"false\" placeholder=\"Nom\" value=\"\" type=\"text\" name=\"text-full-name\" \/><\/span><\/label> \n<\/div> \n<div class=\"row\"> \n <label><span class=\"label-text\">T\u00e9l\u00e9phone*<\/span> \n<span class=\"wpcf7-form-control-wrap\" data-name=\"phonetext-270\"><input size=\"40\" class=\"wpcf7-form-control wpcf7-phonetext wpcf7-validates-as-required wpcf7-text wpcf7-validates-as-phonetext\" aria-required=\"true\" aria-invalid=\"false\" placeholder=\"T\u00e9l\u00e9phone*\" value=\"\" type=\"text\" name=\"phonetext-270\" \/><input type=\"hidden\" name=\"phonetext-270-country-code\" class=\"wpcf7-phonetext-country-code\" \/><\/span><\/label> \n<\/div> \n<div class=\"row\"> \n <label><span class=\"label-text\">E-mail<\/span> \n  <span class=\"wpcf7-form-control-wrap\" data-name=\"email-e-mail\"><input size=\"40\" class=\"wpcf7-form-control wpcf7-email wpcf7-validates-as-required wpcf7-text wpcf7-validates-as-email\" aria-required=\"true\" aria-invalid=\"false\" placeholder=\"E-mail\" value=\"\" type=\"email\" name=\"email-e-mail\" \/><\/span><\/label> \n<\/div> \n<div class=\"row\"><span>Votre pays<\/span> \n <label><span class=\"wpcf7-form-control-wrap\" data-name=\"countrytext-126\"><input size=\"40\" class=\"wpcf7-form-control wpcf7-countrytext wpcf7-text wpcf7-validates-as-countrytext\" aria-invalid=\"false\" value=\"\" type=\"text\" name=\"countrytext-126\" \/><\/span><\/label>\n<\/div> \n<div class=\"row\"> \n <button type=\"submit\" class=\"btn\">Envoyer<\/button> \n<\/div> \n<div class=\"row\"> \n <span class=\"wpcf7-form-control-wrap\" data-name=\"checkbox-931\"><span class=\"wpcf7-form-control wpcf7-checkbox\"><span class=\"wpcf7-list-item first\"><label><input type=\"checkbox\" name=\"checkbox-931[]\" value=\"Int\u00e9grateur\" \/><span class=\"wpcf7-list-item-label\">Int\u00e9grateur<\/span><\/label><\/span><span class=\"wpcf7-list-item\"><label><input type=\"checkbox\" name=\"checkbox-931[]\" value=\"Constructeur\" \/><span class=\"wpcf7-list-item-label\">Constructeur<\/span><\/label><\/span><span class=\"wpcf7-list-item last\"><label><input type=\"checkbox\" name=\"checkbox-931[]\" value=\"Utilisateur final\" \/><span class=\"wpcf7-list-item-label\">Utilisateur final<\/span><\/label><\/span><\/span><\/span> \n<\/div> \n<div class=\"row row-upload-file\"> \n <label class=\"upload-file-block js-upload-file\">Joindre un fichier \n  <span class=\"wpcf7-form-control-wrap\" data-name=\"file-466\"><input size=\"40\" class=\"wpcf7-form-control wpcf7-file\" accept=\"audio\/*,video\/*,image\/*\" aria-invalid=\"false\" type=\"file\" name=\"file-466\" \/><\/span><\/label> \n<\/div><input type='hidden' class='wpcf7-pum' value='{\"closepopup\":false,\"closedelay\":0,\"openpopup\":false,\"openpopup_id\":0}' \/><div class=\"wpcf7-response-output\" aria-hidden=\"true\"><\/div>\n<\/form>\n<\/div>\n            <\/div>\r\n\r\n\t\t    <div class=\"text-holder\" data-aos=\"fade-left\">\r\n\t\t\t\t\t\t    <h3 class=\"title-block\">How Can We Help?<\/h3>\r\n\t\t\t\r\n\t\t\t                <div class=\"text-block\">\r\n                    Please select a topic below related to your inquiry. If you don&rsquo;t find what you need, fill out our contact form.                <\/div>\r\n\t\t\t\r\n\t\t\t\t\t\t    <ul class=\"link-list\">\r\n\t\t\t\t\t\t\t\t\t\t\t\t\t\t\t\t\t\t<li>\r\n\t\t\t\t\t\t\t\t\t\t\t\t\t\t\t\t    <strong>Get Inspired<\/strong>\r\n\t\t\t\t\t\t\t\t\t\t\t\t\t\t\t\t\t\t\t\t\t\t\t\t    <a href=\"\/features\/\">\r\n\t\t\t\t\t\t\t\t        Discover what&rsquo;s beneath our intercom\t\t\t\t\t\t\t\t    <\/a>\r\n\t\t\t\t\t\t\t\t\t\t\t\t\t\t\t<\/li>\r\n\t\t\t\t\t\t\t\t\t\t\t\t\t\t\t\t\t\t\t\t\t\t\t\t<li>\r\n\t\t\t\t\t\t\t\t\t\t\t\t\t\t\t\t    <strong>Become a Partner<\/strong>\r\n\t\t\t\t\t\t\t\t\t\t\t\t\t\t\t\t\t\t\t\t\t\t\t\t    <a href=\"\/distributors\/\">\r\n\t\t\t\t\t\t\t\t        Expand your business with BAS-IP intercom\t\t\t\t\t\t\t\t    <\/a>\r\n\t\t\t\t\t\t\t\t\t\t\t\t\t\t\t<\/li>\r\n\t\t\t\t\t\t\t\t\t\t\t\t\t\t\t\t\t\t\t\t\t\t\t\t<li>\r\n\t\t\t\t\t\t\t\t\t\t\t\t\t\t\t\t    <strong>Check the Guides<\/strong>\r\n\t\t\t\t\t\t\t\t\t\t\t\t\t\t\t\t\t\t\t\t\t\t\t\t    <a href=\"\/support\/\">\r\n\t\t\t\t\t\t\t\t        Download detailed manuals and schemes\t\t\t\t\t\t\t\t    <\/a>\r\n\t\t\t\t\t\t\t\t\t\t\t\t\t\t\t<\/li>\r\n\t\t\t\t\t\t\t\t\t\t\t\t\t\t\t<\/ul>\r\n\t\t\t\r\n\t\t\t\t\t\t    <h3 class=\"title-block\">Our contacts<\/h3>\r\n\t\t\t\r\n\t\t\t\t\t\t\t<ul class=\"contact-list\">\r\n\t\t\t\t\t\t\t\t\t\t\t\t\t\t\t\t\t\t<li>\r\n\t\t\t\t\t\t\t\t\t\t\t\t\t\t\t\t\t<strong>Sales:<\/strong>\r\n\t\t\t\t\t\t\t\t\t\t\t\t\t\t\t\t\t\t\t\t\t\t\t\t    <a href=\"mailto:&#115;ale&#115;&#64;&#98;&#97;s&#45;&#105;&#112;.&#99;&#111;m\">&#115;al&#101;s&#64;bas-&#105;p&#46;&#99;o&#109;<\/a>\r\n\t\t\t\t\t\t\t\t\t\t\t\t\t\t\t<\/li>\r\n\t\t\t\t\t\t\t\t\t\t\t\t\t\t\t\t\t\t\t\t\t\t\t\t<li>\r\n\t\t\t\t\t\t\t\t\t\t\t\t\t\t\t\t\t<strong>Technical support:<\/strong>\r\n\t\t\t\t\t\t\t\t\t\t\t\t\t\t\t\t\t\t\t\t\t\t\t\t    <a href=\"mailto:s&#117;pp&#111;r&#116;&#64;bas-&#105;&#112;&#46;com\">&#115;&#117;&#112;&#112;&#111;rt&#64;b&#97;s&#45;&#105;p&#46;&#99;om<\/a>\r\n\t\t\t\t\t\t\t\t\t\t\t\t\t\t\t<\/li>\r\n\t\t\t\t\t\t\t\t\t\t\t\t\t\t\t<\/ul>\r\n\t\t\t\t\t<\/div>\r\n\t<\/section>\r\n\r\n\r\n\r\n<!-- END Block Sign Up -->","protected":false},"excerpt":{"rendered":"<p>Intercom migre vers Link: qu&rsquo;est-ce que cela signifie pour vous? \u00c0 partir du 4 mars 2025, l&rsquo;application Intercom pour Android ne sera plus disponible sur le Google Play Store. Cependant, la version Web et l&rsquo;application iOS continueront de fonctionner sans aucun changement, et les serveurs Intercom resteront actifs pour assurer la stabilit\u00e9 et l&rsquo;acc\u00e8s \u00e0 [&hellip;]<\/p>","protected":false},"author":1,"featured_media":0,"parent":0,"menu_order":0,"comment_status":"closed","ping_status":"closed","template":"","meta":{"inline_featured_image":false,"footnotes":""},"class_list":["post-131213","page","type-page","status-publish","hentry"],"acf":[],"_links":{"self":[{"href":"https:\/\/bas-ip.com\/fr\/wp-json\/wp\/v2\/pages\/131213","targetHints":{"allow":["GET"]}}],"collection":[{"href":"https:\/\/bas-ip.com\/fr\/wp-json\/wp\/v2\/pages"}],"about":[{"href":"https:\/\/bas-ip.com\/fr\/wp-json\/wp\/v2\/types\/page"}],"author":[{"embeddable":true,"href":"https:\/\/bas-ip.com\/fr\/wp-json\/wp\/v2\/users\/1"}],"replies":[{"embeddable":true,"href":"https:\/\/bas-ip.com\/fr\/wp-json\/wp\/v2\/comments?post=131213"}],"version-history":[{"count":2,"href":"https:\/\/bas-ip.com\/fr\/wp-json\/wp\/v2\/pages\/131213\/revisions"}],"predecessor-version":[{"id":131505,"href":"https:\/\/bas-ip.com\/fr\/wp-json\/wp\/v2\/pages\/131213\/revisions\/131505"}],"wp:attachment":[{"href":"https:\/\/bas-ip.com\/fr\/wp-json\/wp\/v2\/media?parent=131213"}],"curies":[{"name":"wp","href":"https:\/\/api.w.org\/{rel}","templated":true}]}}