{"id":123044,"date":"2023-03-31T12:50:05","date_gmt":"2023-03-31T12:50:05","guid":{"rendered":"https:\/\/bas-ip.com\/?page_id=123044"},"modified":"2025-03-14T09:57:42","modified_gmt":"2025-03-14T09:57:42","slug":"ascenseur-lift","status":"publish","type":"page","link":"https:\/\/bas-ip.com\/fr\/ascenseur\/","title":{"rendered":"Ascenseur"},"content":{"rendered":"<h1 class=\"wp-block-heading\"><strong>Interphone pour ascenseur bas\u00e9 sur la technologie IP<\/strong><\/h1>\n\n\n\n<p>Dans un monde toujours plus connect\u00e9, la communication est devenue primordiale. C&rsquo;est particuli\u00e8rement vrai dans les environnements o\u00f9 la s\u00e9curit\u00e9 et l&rsquo;accessibilit\u00e9 sont cruciales, comme dans les ascenseurs. L&rsquo;interphone d&rsquo;ascenseur joue un r\u00f4le essentiel dans le bien-\u00eatre des passagers et est de plus en plus consid\u00e9r\u00e9 comme un \u00e9l\u00e9ment obligatoire. Examinons les avantages de l&rsquo;utilisation des syst\u00e8mes d&rsquo;interphonie pour ascenseurs BAS-IP IP et la fa\u00e7on dont ils r\u00e9volutionnent l&rsquo;exp\u00e9rience des utilisateurs d&rsquo;ascenseurs.<\/p>\n\n\n<!-- START Block Features --><section id=\"block_6437d003aff43\" class=\"features-section\">\r\n\t\r\n    <div class=\"features-list\">\r\n                    <div class=\"features-item\" data-aos=\"fade-up\">\r\n    <div class=\"features-box\">\r\n                    <div class=\"image-holder\">\r\n                <img loading=\"lazy\" decoding=\"async\" width=\"350\" height=\"320\" src=\"https:\/\/bas-ip.com\/wp-content\/uploads\/2023\/04\/1-6-350x320.jpg\" class=\"attachment-thumbnail_350x320 size-thumbnail_350x320\" alt=\"\" \/>            <\/div>\r\n        \r\n        <div class=\"text-holder\">\r\n                        <h3 class=\"title-block\">La n\u00e9cessit\u00e9 d&rsquo;interphones dans les ascenseurs<\/h3>\r\n          \r\n                        <div class=\"text-block\">\r\n                <p>Les interphones d&rsquo;ascenseurs servent de bou\u00e9e de sauvetage aux passagers en cas d&rsquo;urgence ou de probl\u00e8mes techniques. Ils fournissent un canal de communication direct avec la direction du b\u00e2timent ou les services d&rsquo;urgence, garantissant une assistance rapide en cas de besoin. Il est donc essentiel de disposer d&rsquo;un syst\u00e8me d&rsquo;interphone fiable et efficace dans les ascenseurs pour maintenir les normes de s\u00e9curit\u00e9 et rassurer les passagers.<\/p>\n              <\/div>\r\n                  <\/div>\r\n    <\/div>\r\n<\/div>\r\n                    <div class=\"features-item\" data-aos=\"fade-up\">\r\n    <div class=\"features-box\">\r\n                    <div class=\"image-holder\">\r\n                <img loading=\"lazy\" decoding=\"async\" width=\"350\" height=\"320\" src=\"https:\/\/bas-ip.com\/wp-content\/uploads\/2023\/04\/2-6-350x320.jpg\" class=\"attachment-thumbnail_350x320 size-thumbnail_350x320\" alt=\"\" \/>            <\/div>\r\n        \r\n        <div class=\"text-holder\">\r\n                        <h3 class=\"title-block\">Interphones IP : une \u00e9tape au-dessus des syst\u00e8mes traditionnels<\/h3>\r\n          \r\n                        <div class=\"text-block\">\r\n                <p>Les syst\u00e8mes d&rsquo;interphonie analogiques traditionnels ont \u00e9t\u00e9 la norme pendant de nombreuses ann\u00e9es. Cependant, l&rsquo;av\u00e8nement des solutions bas\u00e9es sur IP, qui exploitent le protocole Internet (IP) et le protocole d&rsquo;initiation de session (SIP), a entra\u00een\u00e9 un changement de paradigme dans la fa\u00e7on dont nous communiquons dans les ascenseurs.<\/p>\n              <\/div>\r\n                  <\/div>\r\n    <\/div>\r\n<\/div>\r\n                    <div class=\"features-item\" data-aos=\"fade-up\">\r\n    <div class=\"features-box\">\r\n                    <div class=\"image-holder\">\r\n                <img loading=\"lazy\" decoding=\"async\" width=\"350\" height=\"320\" src=\"https:\/\/bas-ip.com\/wp-content\/uploads\/2023\/04\/3-6-350x320.jpg\" class=\"attachment-thumbnail_350x320 size-thumbnail_350x320\" alt=\"\" \/>            <\/div>\r\n        \r\n        <div class=\"text-holder\">\r\n                        <h3 class=\"title-block\">Partenariat avec les fabricants mondiaux d&rsquo;ascenseurs<\/h3>\r\n          \r\n                        <div class=\"text-block\">\r\n                <p>BAS-IP a \u00e9tabli des partenariats avec les principaux fabricants d&rsquo;ascenseurs, tels que Kone, afin d&rsquo;assurer une int\u00e9gration transparente avec leurs produits. Cette collaboration permet un contr\u00f4le total des ascenseurs Kone \u00e0 partir des interphones BAS-IP install\u00e9s dans les appartements, cr\u00e9ant ainsi une exp\u00e9rience utilisateur coh\u00e9rente et rationalis\u00e9e.<\/p>\n              <\/div>\r\n                  <\/div>\r\n    <\/div>\r\n<\/div>\r\n            <\/div>\r\n<\/section>\r\n<!-- END Block Features -->\n\n\n<h2 class=\"wp-block-heading\"><strong>Avantages des interphones pour ascenseurs BAS-IP<\/strong><\/h2>\n\n\n\n<p>Par rapport aux syst\u00e8mes analogiques traditionnels, les interphones d&rsquo;ascenseur bas\u00e9s sur IP, comme la solution BAS-IP, offrent plusieurs avantages :<\/p>\n\n\n<!-- START Block Features --><section id=\"block_6437d09daff47\" class=\"features-section\">\r\n\t\r\n    <div class=\"features-list\">\r\n                    <div class=\"features-item\" data-aos=\"fade-up\">\r\n    <div class=\"features-box\">\r\n                    <div class=\"image-holder\">\r\n                <img loading=\"lazy\" decoding=\"async\" width=\"350\" height=\"320\" src=\"https:\/\/bas-ip.com\/wp-content\/uploads\/2023\/04\/4-6-350x320.jpg\" class=\"attachment-thumbnail_350x320 size-thumbnail_350x320\" alt=\"\" \/>            <\/div>\r\n        \r\n        <div class=\"text-holder\">\r\n                        <h3 class=\"title-block\">Qualit\u00e9 audio et vid\u00e9o am\u00e9lior\u00e9e<\/h3>\r\n          \r\n                        <div class=\"text-block\">\r\n                <p>Les interphones BAS-IP sont \u00e9quip\u00e9s de cam\u00e9ras int\u00e9gr\u00e9es, ce qui permet au personnel de gestion et de s\u00e9curit\u00e9 du b\u00e2timent de surveiller l&rsquo;activit\u00e9 de l&rsquo;ascenseur en temps r\u00e9el. Cette fonction renforce non seulement la s\u00e9curit\u00e9 globale du b\u00e2timent, mais sert \u00e9galement de moyen de dissuasion pour les malfaiteurs potentiels.<\/p>\n              <\/div>\r\n                  <\/div>\r\n    <\/div>\r\n<\/div>\r\n                    <div class=\"features-item\" data-aos=\"fade-up\">\r\n    <div class=\"features-box\">\r\n                    <div class=\"image-holder\">\r\n                <img loading=\"lazy\" decoding=\"async\" width=\"350\" height=\"320\" src=\"https:\/\/bas-ip.com\/wp-content\/uploads\/2023\/04\/5-6-350x320.jpg\" class=\"attachment-thumbnail_350x320 size-thumbnail_350x320\" alt=\"\" \/>            <\/div>\r\n        \r\n        <div class=\"text-holder\">\r\n                        <h3 class=\"title-block\">Prise en charge illimit\u00e9e des appareils et des terminaux Concierge<\/h3>\r\n          \r\n                        <div class=\"text-block\">\r\n                <p>La solution BAS-IP prend en charge un nombre illimit\u00e9 d&rsquo;appareils au sein d&rsquo;un r\u00e9seau, y compris l&rsquo;int\u00e9gration d&rsquo;un terminal de conciergerie. Cette \u00e9volutivit\u00e9 garantit que le syst\u00e8me peut grandir avec le b\u00e2timent, en s&rsquo;adaptant \u00e0 tous les changements d&rsquo;exigences sans compromettre la performance ou la fiabilit\u00e9.<\/p>\n              <\/div>\r\n                  <\/div>\r\n    <\/div>\r\n<\/div>\r\n                    <div class=\"features-item\" data-aos=\"fade-up\">\r\n    <div class=\"features-box\">\r\n                    <div class=\"image-holder\">\r\n                <img loading=\"lazy\" decoding=\"async\" width=\"350\" height=\"320\" src=\"https:\/\/bas-ip.com\/wp-content\/uploads\/2023\/04\/6-5-350x320.jpg\" class=\"attachment-thumbnail_350x320 size-thumbnail_350x320\" alt=\"\" \/>            <\/div>\r\n        \r\n        <div class=\"text-holder\">\r\n                        <h3 class=\"title-block\">Installation et maintenance plus faciles<\/h3>\r\n          \r\n                        <div class=\"text-block\">\r\n                <p>Les interphones IP pour ascenseurs utilisent l&rsquo;infrastructure r\u00e9seau existante, ce qui rend leur installation et leur maintenance plus simples et plus rentables.<\/p>\n<p>Dans le monde de plus en plus connect\u00e9 d&rsquo;aujourd&rsquo;hui, le besoin d&rsquo;une communication efficace et fiable dans les ascenseurs ne peut \u00eatre surestim\u00e9. Les syst\u00e8mes d&rsquo;interphonie pour ascenseurs bas\u00e9s sur IP, tels que la solution BAS-IP, sont devenus la r\u00e9f\u00e9rence dans ce domaine, offrant de nombreux avantages par rapport aux syst\u00e8mes analogiques traditionnels. De l&rsquo;am\u00e9lioration de la qualit\u00e9 audio et vid\u00e9o \u00e0 l&rsquo;int\u00e9gration transparente avec d&rsquo;autres syst\u00e8mes de gestion des b\u00e2timents, les interphones IP transforment l&rsquo;exp\u00e9rience des ascenseurs pour le meilleur. Les propri\u00e9taires, les gestionnaires et les occupants d&rsquo;immeubles peuvent ainsi b\u00e9n\u00e9ficier d&rsquo;une s\u00e9curit\u00e9, d&rsquo;une commodit\u00e9 et d&rsquo;une tranquillit\u00e9 d&rsquo;esprit accrues.<\/p>\n              <\/div>\r\n                  <\/div>\r\n    <\/div>\r\n<\/div>\r\n            <\/div>\r\n<\/section>\r\n<!-- END Block Features -->\n\n<!-- START Block FAQ --><section id=\"block_6426d69cbc4a0\" class=\"faq-section\">\r\n\t\t    <h2 class=\"title-section\" data-aos=\"fade-right\">Questions fr\u00e9quemment pos\u00e9es<\/h2>\r\n\t\t\t    <div class=\"faq-list js-accordion\" data-aos=\"fade-up\">\r\n\t\t\t\t\t\t\t\t\t\t\t    <div class=\"accordion-item faq-item\">\r\n                        <div class=\"accordion-opener\">\r\n                            Q: Pourquoi les interphones d\u2019ascenseur sont-ils consid\u00e9r\u00e9s comme obligatoires ?                            <i class=\"fa-solid fa-chevron-down\"><\/i>\r\n                        <\/div>\r\n                        <div class=\"accordion-slide\">\r\n\t\t\t\t\t\t    <p>Les interphones d&rsquo;ascenseurs sont consid\u00e9r\u00e9s comme obligatoires parce qu&rsquo;ils fournissent un canal de communication direct entre les passagers et la direction du b\u00e2timent ou les services d&rsquo;urgence, garantissant une assistance rapide en cas d&rsquo;urgence ou de probl\u00e8mes techniques.<\/p>\n                        <\/div>\r\n\t\t\t\t\t<\/div>\r\n\t\t\t\t\t\t\t\t\t\t\t\t\t\t\t    <div class=\"accordion-item faq-item\">\r\n                        <div class=\"accordion-opener\">\r\n                            Q: Qu&rsquo;est-ce qui rend les interphones d&rsquo;ascenseur bas\u00e9s sur IP meilleurs que les syst\u00e8mes analogiques traditionnels ?                            <i class=\"fa-solid fa-chevron-down\"><\/i>\r\n                        <\/div>\r\n                        <div class=\"accordion-slide\">\r\n\t\t\t\t\t\t    <p>Les interphones d&rsquo;ascenseur IP, tels que la solution BAS-IP, offrent plusieurs avantages par rapport aux syst\u00e8mes analogiques traditionnels, notamment une meilleure qualit\u00e9 audio et vid\u00e9o, l&rsquo;\u00e9volutivit\u00e9, une installation et une maintenance plus faciles, des fonctions de cam\u00e9ra int\u00e9gr\u00e9es et une int\u00e9gration transparente avec d&rsquo;autres syst\u00e8mes IP.<\/p>\n                        <\/div>\r\n\t\t\t\t\t<\/div>\r\n\t\t\t\t\t\t\t\t\t\t\t\t\t\t\t    <div class=\"accordion-item faq-item\">\r\n                        <div class=\"accordion-opener\">\r\n                            Q: Comment la fonction cam\u00e9ra int\u00e9gr\u00e9e aux interphones IP am\u00e9liore-t-elle la s\u00e9curit\u00e9 des ascenseurs ?                            <i class=\"fa-solid fa-chevron-down\"><\/i>\r\n                        <\/div>\r\n                        <div class=\"accordion-slide\">\r\n\t\t\t\t\t\t    <p>La cam\u00e9ra int\u00e9gr\u00e9e aux interphones IP permet au personnel de gestion et de s\u00e9curit\u00e9 des b\u00e2timents de surveiller l&rsquo;activit\u00e9 des ascenseurs en temps r\u00e9el. Ce niveau de s\u00e9curit\u00e9 suppl\u00e9mentaire peut avoir un effet dissuasif sur les malfaiteurs potentiels et fournit des preuves visuelles en cas d&rsquo;incident.<\/p>\n                        <\/div>\r\n\t\t\t\t\t<\/div>\r\n\t\t\t\t\t\t\t\t\t\t\t\t\t\t\t    <div class=\"accordion-item faq-item\">\r\n                        <div class=\"accordion-opener\">\r\n                            Q: Les interphones d\u2019ascenseur bas\u00e9s sur IP peuvent-ils fonctionner avec d\u2019autres syst\u00e8mes de gestion de b\u00e2timent ?                            <i class=\"fa-solid fa-chevron-down\"><\/i>\r\n                        <\/div>\r\n                        <div class=\"accordion-slide\">\r\n\t\t\t\t\t\t    <p>Oui, les interphones d&rsquo;ascenseur sur IP sont con\u00e7us pour s&rsquo;int\u00e9grer de mani\u00e8re transparente \u00e0 d&rsquo;autres syst\u00e8mes de gestion de b\u00e2timents sur IP. Cela permet de cr\u00e9er un \u00e9cosyst\u00e8me de gestion des b\u00e2timents plus connect\u00e9 et plus efficace, am\u00e9liorant ainsi la s\u00e9curit\u00e9 et le confort d&rsquo;utilisation.<\/p>\n                        <\/div>\r\n\t\t\t\t\t<\/div>\r\n\t\t\t\t\t\t\t\t\t\t\t\t\t\t\t    <div class=\"accordion-item faq-item\">\r\n                        <div class=\"accordion-opener\">\r\n                            Q: Comment le partenariat entre BAS-IP et les fabricants d&rsquo;ascenseurs comme Kone profite-t-il aux utilisateurs ?                            <i class=\"fa-solid fa-chevron-down\"><\/i>\r\n                        <\/div>\r\n                        <div class=\"accordion-slide\">\r\n\t\t\t\t\t\t    <p>Le partenariat entre BAS-IP et des fabricants d&rsquo;ascenseurs comme Kone permet une int\u00e9gration transparente de leurs produits respectifs. Cette collaboration permet un contr\u00f4le total des ascenseurs Kone \u00e0 partir des interphones BAS-IP install\u00e9s dans les appartements, offrant ainsi une exp\u00e9rience utilisateur coh\u00e9rente et rationalis\u00e9e.<\/p>\n                        <\/div>\r\n\t\t\t\t\t<\/div>\r\n\t\t\t\t\t\t\t\t\t<\/div>\r\n\t<\/section>\r\n<!-- END Block FAQ -->","protected":false},"excerpt":{"rendered":"<p>Interphone pour ascenseur bas\u00e9 sur la technologie IP Dans un monde toujours plus connect\u00e9, la communication est devenue primordiale. C&rsquo;est particuli\u00e8rement vrai dans les environnements o\u00f9 la s\u00e9curit\u00e9 et l&rsquo;accessibilit\u00e9 sont cruciales, comme dans les ascenseurs. L&rsquo;interphone d&rsquo;ascenseur joue un r\u00f4le essentiel dans le bien-\u00eatre des passagers et est de plus en plus consid\u00e9r\u00e9 comme [&hellip;]<\/p>","protected":false},"author":3,"featured_media":0,"parent":0,"menu_order":0,"comment_status":"closed","ping_status":"closed","template":"","meta":{"inline_featured_image":false,"footnotes":""},"class_list":["post-123044","page","type-page","status-publish","hentry"],"acf":[],"_links":{"self":[{"href":"https:\/\/bas-ip.com\/fr\/wp-json\/wp\/v2\/pages\/123044","targetHints":{"allow":["GET"]}}],"collection":[{"href":"https:\/\/bas-ip.com\/fr\/wp-json\/wp\/v2\/pages"}],"about":[{"href":"https:\/\/bas-ip.com\/fr\/wp-json\/wp\/v2\/types\/page"}],"author":[{"embeddable":true,"href":"https:\/\/bas-ip.com\/fr\/wp-json\/wp\/v2\/users\/3"}],"replies":[{"embeddable":true,"href":"https:\/\/bas-ip.com\/fr\/wp-json\/wp\/v2\/comments?post=123044"}],"version-history":[{"count":3,"href":"https:\/\/bas-ip.com\/fr\/wp-json\/wp\/v2\/pages\/123044\/revisions"}],"predecessor-version":[{"id":133674,"href":"https:\/\/bas-ip.com\/fr\/wp-json\/wp\/v2\/pages\/123044\/revisions\/133674"}],"wp:attachment":[{"href":"https:\/\/bas-ip.com\/fr\/wp-json\/wp\/v2\/media?parent=123044"}],"curies":[{"name":"wp","href":"https:\/\/api.w.org\/{rel}","templated":true}]}}