{"id":122677,"date":"2023-03-24T09:51:10","date_gmt":"2023-03-24T09:51:10","guid":{"rendered":"https:\/\/bas-ip.com\/?page_id=122677"},"modified":"2024-11-08T14:19:44","modified_gmt":"2024-11-08T14:19:44","slug":"axxonsoft","status":"publish","type":"page","link":"https:\/\/bas-ip.com\/fr\/axxonsoft\/","title":{"rendered":"AxxonSoft"},"content":{"rendered":"<p><\/p>\n\n\n<div class=\"wp-block-image\">\n<figure class=\"aligncenter size-full\"><img loading=\"lazy\" decoding=\"async\" width=\"682\" height=\"219\" src=\"https:\/\/bas-ip.com\/wp-content\/uploads\/2023\/03\/AxxonSoft.png\" alt=\"\" class=\"wp-image-63599\" srcset=\"https:\/\/bas-ip.com\/wp-content\/uploads\/2023\/03\/AxxonSoft.png 682w,  https:\/\/bas-ip.com\/wp-content\/uploads\/2023\/03\/AxxonSoft-300x96.png 300w\" sizes=\"auto, (max-width: 682px) 100vw, 682px\" \/><\/figure>\n<\/div>\n\n<!-- START Block Integrations Text & Image --><section id=\"block_641d7ab5f70cf\" class=\"integrations-text-image-section\">\r\n\t\t<div class=\"image-holder\" data-aos=\"fade-left\">\r\n\t\t<img loading=\"lazy\" decoding=\"async\" width=\"900\" height=\"506\" src=\"https:\/\/bas-ip.com\/wp-content\/uploads\/2023\/03\/p_img_s_p2-1024x576.jpg\" class=\"attachment-large size-large\" alt=\"\" srcset=\"https:\/\/bas-ip.com\/wp-content\/uploads\/2023\/03\/p_img_s_p2-1024x576.jpg 1024w,  https:\/\/bas-ip.com\/wp-content\/uploads\/2023\/03\/p_img_s_p2-300x169.jpg 300w,  https:\/\/bas-ip.com\/wp-content\/uploads\/2023\/03\/p_img_s_p2-768x432.jpg 768w,  https:\/\/bas-ip.com\/wp-content\/uploads\/2023\/03\/p_img_s_p2-1536x864.jpg 1536w,  https:\/\/bas-ip.com\/wp-content\/uploads\/2023\/03\/p_img_s_p2-767x431.jpg 767w,  https:\/\/bas-ip.com\/wp-content\/uploads\/2023\/03\/p_img_s_p2-1534x863.jpg 1534w,  https:\/\/bas-ip.com\/wp-content\/uploads\/2023\/03\/p_img_s_p2.jpg 1833w\" sizes=\"auto, (max-width: 900px) 100vw, 900px\" \/>\t<\/div>\r\n\t\r\n\t<div class=\"text-holder\" data-aos=\"fade-right\">\r\n\t\t\t\t\t\t<div class=\"text-block\">\r\n\t\t\t<h1>Fusion de la s\u00e9curit\u00e9 et de l&rsquo;innovation : Interphones BAS-IP et AxxonSoft<\/h1>\n<p>Imaginez un peu : l&rsquo;int\u00e9gration transparente d&rsquo;une technologie de communication de pointe et d&rsquo;un logiciel de s\u00e9curit\u00e9 de pointe. C&rsquo;est pr\u00e9cis\u00e9ment ce que nous avons r\u00e9alis\u00e9 gr\u00e2ce \u00e0 la collaboration novatrice entre BAS-IP, pionnier des solutions d&rsquo;interphonie avanc\u00e9es, et AxxonSoft, pionnier des logiciels de gestion vid\u00e9o et de gestion des informations de s\u00e9curit\u00e9 physique.<\/p>\n<p>Pour de plus amples informations, veuillez consulter notre <a href=\"https:\/\/basip.atlassian.net\/wiki\/spaces\/Integrations\/pages\/5046901\/Integration+with+Axxonsoft+Intelect+software\" target=\"_blank\" rel=\"noopener\"><strong>WIKI<\/strong><\/a>.<\/p>\n<h2>D\u00e9couvrez l&rsquo;avenir du contr\u00f4le d&rsquo;acc\u00e8s et de la s\u00e9curit\u00e9<\/h2>\n<p>L&rsquo;\u00e9poque o\u00f9 vous deviez compter sur des syst\u00e8mes disparates pour la communication et la surveillance est r\u00e9volue. En associant les interphones BAS-IP au logiciel de premier plan d&rsquo;AxxonSoft, nous avons cr\u00e9\u00e9 la solution de s\u00e9curit\u00e9 ultime, vous offrant un contr\u00f4le d&rsquo;acc\u00e8s et une surveillance visuelle in\u00e9gal\u00e9s. Le r\u00e9sultat ? Un environnement plus s\u00fbr, plus intelligent et plus efficace pour votre propri\u00e9t\u00e9 r\u00e9sidentielle, commerciale ou industrielle.<\/p>\n<h2>Lib\u00e9rer la puissance de l&rsquo;int\u00e9gration nouvelle g\u00e9n\u00e9ration<\/h2>\n<p>La synergie entre ces deux leaders de l&rsquo;industrie d\u00e9bloque un ensemble de fonctionnalit\u00e9s qui transformeront votre jeu de s\u00e9curit\u00e9 :<\/p>\n<h3>Flux vid\u00e9o en temps r\u00e9el<\/h3>\n<p>Gardez un \u0153il sur votre propri\u00e9t\u00e9 gr\u00e2ce aux flux vid\u00e9o d&rsquo;une grande clart\u00e9 provenant des interphones BAS-IP, int\u00e9gr\u00e9s de mani\u00e8re transparente \u00e0 la plateforme de gestion vid\u00e9o d&rsquo;AxxonSoft.<\/p>\n<h3>Contr\u00f4le d&rsquo;acc\u00e8s avanc\u00e9<\/h3>\n<p>Am\u00e9liorez votre strat\u00e9gie de contr\u00f4le d&rsquo;acc\u00e8s gr\u00e2ce \u00e0 des fonctionnalit\u00e9s de pointe en mati\u00e8re de reconnaissance faciale et de lecture d&rsquo;identit\u00e9, afin que les entr\u00e9es non autoris\u00e9es fassent partie du pass\u00e9.<\/p>\n<h3>Gestion \u00e0 distance<\/h3>\n<p>G\u00e9rez l&rsquo;ensemble de votre syst\u00e8me de s\u00e9curit\u00e9 \u00e0 distance \u00e0 partir d&rsquo;un emplacement centralis\u00e9, en utilisant l&rsquo;interface utilisateur intuitive et les puissants outils de gestion d&rsquo;AxxonSoft.<\/p>\n<h3>Syst\u00e8me unifi\u00e9<\/h3>\n<p>Une seule plateforme pour tout dominer ! Profitez d&rsquo;une exp\u00e9rience rationalis\u00e9e gr\u00e2ce \u00e0 un \u00e9cosyst\u00e8me de s\u00e9curit\u00e9 enti\u00e8rement int\u00e9gr\u00e9, r\u00e9duisant la complexit\u00e9 et garantissant des performances optimales.<\/p>\t\t<\/div>\r\n\t\t\r\n\t\t\r\n\t\t\t<\/div>\r\n<\/section>\r\n<!-- END Block Integrations Text & Image -->\n\n<!-- START Block Sign Up --><section id=\"block_629678229e935\" class=\"sign-up-section\">\r\n\r\n    <div class=\"form-holder js-form\" data-aos=\"fade-right\">\r\n                    <div class=\"title-block h3\">Sign up for connection<\/div>\r\n        \r\n                    <div class=\"text-block\">\r\n                Filling out all the information needed to answer you as quickly as possible            <\/div>\r\n        \r\n                    \n<div class=\"wpcf7 no-js\" id=\"wpcf7-f157874-o1\" lang=\"fr-FR\" dir=\"ltr\">\n<div class=\"screen-reader-response\"><p role=\"status\" aria-live=\"polite\" aria-atomic=\"true\"><\/p> <ul><\/ul><\/div>\n<form action=\"\/fr\/wp-json\/wp\/v2\/pages\/122677#wpcf7-f157874-o1\" method=\"post\" class=\"wpcf7-form init\" aria-label=\"Formulaire de contact\" enctype=\"multipart\/form-data\" novalidate=\"novalidate\" data-status=\"init\">\n<div style=\"display: none;\">\n<input type=\"hidden\" name=\"_wpcf7\" value=\"157874\" \/>\n<input type=\"hidden\" name=\"_wpcf7_version\" value=\"5.8.3\" \/>\n<input type=\"hidden\" name=\"_wpcf7_locale\" value=\"fr_FR\" \/>\n<input type=\"hidden\" name=\"_wpcf7_unit_tag\" value=\"wpcf7-f157874-o1\" \/>\n<input type=\"hidden\" name=\"_wpcf7_container_post\" value=\"0\" \/>\n<input type=\"hidden\" name=\"_wpcf7_posted_data_hash\" value=\"\" \/>\n<input type=\"hidden\" name=\"_wpcf7_recaptcha_response\" value=\"\" \/>\n<\/div>\n<div class=\"row\"> \n <label><span class=\"label-text\">Nom<\/span> \n  <span class=\"wpcf7-form-control-wrap\" data-name=\"text-full-name\"><input size=\"40\" class=\"wpcf7-form-control wpcf7-text wpcf7-validates-as-required\" aria-required=\"true\" aria-invalid=\"false\" placeholder=\"Nom\" value=\"\" type=\"text\" name=\"text-full-name\" \/><\/span><\/label> \n<\/div> \n<div class=\"row\"> \n <label><span class=\"label-text\">T\u00e9l\u00e9phone*<\/span> \n<span class=\"wpcf7-form-control-wrap\" data-name=\"phonetext-270\"><input size=\"40\" class=\"wpcf7-form-control wpcf7-phonetext wpcf7-validates-as-required wpcf7-text wpcf7-validates-as-phonetext\" aria-required=\"true\" aria-invalid=\"false\" placeholder=\"T\u00e9l\u00e9phone*\" value=\"\" type=\"text\" name=\"phonetext-270\" \/><input type=\"hidden\" name=\"phonetext-270-country-code\" class=\"wpcf7-phonetext-country-code\" \/><\/span><\/label> \n<\/div> \n<div class=\"row\"> \n <label><span class=\"label-text\">E-mail<\/span> \n  <span class=\"wpcf7-form-control-wrap\" data-name=\"email-e-mail\"><input size=\"40\" class=\"wpcf7-form-control wpcf7-email wpcf7-validates-as-required wpcf7-text wpcf7-validates-as-email\" aria-required=\"true\" aria-invalid=\"false\" placeholder=\"E-mail\" value=\"\" type=\"email\" name=\"email-e-mail\" \/><\/span><\/label> \n<\/div> \n<div class=\"row\"><span>Votre pays<\/span> \n <label><span class=\"wpcf7-form-control-wrap\" data-name=\"countrytext-126\"><input size=\"40\" class=\"wpcf7-form-control wpcf7-countrytext wpcf7-text wpcf7-validates-as-countrytext\" aria-invalid=\"false\" value=\"\" type=\"text\" name=\"countrytext-126\" \/><\/span><\/label>\n<\/div> \n<div class=\"row\"> \n <button type=\"submit\" class=\"btn\">Envoyer<\/button> \n<\/div> \n<div class=\"row\"> \n <span class=\"wpcf7-form-control-wrap\" data-name=\"checkbox-931\"><span class=\"wpcf7-form-control wpcf7-checkbox\"><span class=\"wpcf7-list-item first\"><label><input type=\"checkbox\" name=\"checkbox-931[]\" value=\"Int\u00e9grateur\" \/><span class=\"wpcf7-list-item-label\">Int\u00e9grateur<\/span><\/label><\/span><span class=\"wpcf7-list-item\"><label><input type=\"checkbox\" name=\"checkbox-931[]\" value=\"Constructeur\" \/><span class=\"wpcf7-list-item-label\">Constructeur<\/span><\/label><\/span><span class=\"wpcf7-list-item last\"><label><input type=\"checkbox\" name=\"checkbox-931[]\" value=\"Utilisateur final\" \/><span class=\"wpcf7-list-item-label\">Utilisateur final<\/span><\/label><\/span><\/span><\/span> \n<\/div> \n<div class=\"row row-upload-file\"> \n <label class=\"upload-file-block js-upload-file\">Joindre un fichier \n  <span class=\"wpcf7-form-control-wrap\" data-name=\"file-466\"><input size=\"40\" class=\"wpcf7-form-control wpcf7-file\" accept=\"audio\/*,video\/*,image\/*\" aria-invalid=\"false\" type=\"file\" name=\"file-466\" \/><\/span><\/label> \n<\/div><input type='hidden' class='wpcf7-pum' value='{\"closepopup\":false,\"closedelay\":0,\"openpopup\":false,\"openpopup_id\":0}' \/><div class=\"wpcf7-response-output\" aria-hidden=\"true\"><\/div>\n<\/form>\n<\/div>\n            <\/div>\r\n\r\n\t\t    <div class=\"text-holder\" data-aos=\"fade-left\">\r\n\t\t\t\t\t\t    <h3 class=\"title-block\">How Can We Help?<\/h3>\r\n\t\t\t\r\n\t\t\t                <div class=\"text-block\">\r\n                    Please select a topic below related to your inquiry. If you don&rsquo;t find what you need, fill out our contact form.                <\/div>\r\n\t\t\t\r\n\t\t\t\t\t\t    <ul class=\"link-list\">\r\n\t\t\t\t\t\t\t\t\t\t\t\t\t\t\t\t\t\t<li>\r\n\t\t\t\t\t\t\t\t\t\t\t\t\t\t\t\t    <strong>Get Inspired<\/strong>\r\n\t\t\t\t\t\t\t\t\t\t\t\t\t\t\t\t\t\t\t\t\t\t\t\t    <a href=\"\/features\/\">\r\n\t\t\t\t\t\t\t\t        Discover what&rsquo;s beneath our intercom\t\t\t\t\t\t\t\t    <\/a>\r\n\t\t\t\t\t\t\t\t\t\t\t\t\t\t\t<\/li>\r\n\t\t\t\t\t\t\t\t\t\t\t\t\t\t\t\t\t\t\t\t\t\t\t\t<li>\r\n\t\t\t\t\t\t\t\t\t\t\t\t\t\t\t\t    <strong>Become a Partner<\/strong>\r\n\t\t\t\t\t\t\t\t\t\t\t\t\t\t\t\t\t\t\t\t\t\t\t\t    <a href=\"\/distributors\/\">\r\n\t\t\t\t\t\t\t\t        Expand your business with BAS-IP intercom\t\t\t\t\t\t\t\t    <\/a>\r\n\t\t\t\t\t\t\t\t\t\t\t\t\t\t\t<\/li>\r\n\t\t\t\t\t\t\t\t\t\t\t\t\t\t\t\t\t\t\t\t\t\t\t\t<li>\r\n\t\t\t\t\t\t\t\t\t\t\t\t\t\t\t\t    <strong>Check the Guides<\/strong>\r\n\t\t\t\t\t\t\t\t\t\t\t\t\t\t\t\t\t\t\t\t\t\t\t\t    <a href=\"\/support\/\">\r\n\t\t\t\t\t\t\t\t        Download detailed manuals and schemes\t\t\t\t\t\t\t\t    <\/a>\r\n\t\t\t\t\t\t\t\t\t\t\t\t\t\t\t<\/li>\r\n\t\t\t\t\t\t\t\t\t\t\t\t\t\t\t<\/ul>\r\n\t\t\t\r\n\t\t\t\t\t\t    <h3 class=\"title-block\">Our contacts<\/h3>\r\n\t\t\t\r\n\t\t\t\t\t\t\t<ul class=\"contact-list\">\r\n\t\t\t\t\t\t\t\t\t\t\t\t\t\t\t\t\t\t<li>\r\n\t\t\t\t\t\t\t\t\t\t\t\t\t\t\t\t\t<strong>Sales:<\/strong>\r\n\t\t\t\t\t\t\t\t\t\t\t\t\t\t\t\t\t\t\t\t\t\t\t\t    <a href=\"mailto:s&#97;&#108;es&#64;b&#97;&#115;&#45;ip&#46;c&#111;&#109;\">sa&#108;e&#115;&#64;bas-&#105;p&#46;com<\/a>\r\n\t\t\t\t\t\t\t\t\t\t\t\t\t\t\t<\/li>\r\n\t\t\t\t\t\t\t\t\t\t\t\t\t\t\t\t\t\t\t\t\t\t\t\t<li>\r\n\t\t\t\t\t\t\t\t\t\t\t\t\t\t\t\t\t<strong>Technical support:<\/strong>\r\n\t\t\t\t\t\t\t\t\t\t\t\t\t\t\t\t\t\t\t\t\t\t\t\t    <a href=\"mailto:sup&#112;o&#114;t&#64;ba&#115;-&#105;&#112;&#46;c&#111;&#109;\">s&#117;&#112;port&#64;&#98;as&#45;ip.co&#109;<\/a>\r\n\t\t\t\t\t\t\t\t\t\t\t\t\t\t\t<\/li>\r\n\t\t\t\t\t\t\t\t\t\t\t\t\t\t\t<\/ul>\r\n\t\t\t\t\t<\/div>\r\n\t<\/section>\r\n\r\n\r\n\r\n<!-- END Block Sign Up -->","protected":false},"excerpt":{"rendered":"","protected":false},"author":3,"featured_media":0,"parent":0,"menu_order":0,"comment_status":"closed","ping_status":"closed","template":"page-custom-breadcrumbs.php","meta":{"inline_featured_image":false,"footnotes":""},"class_list":["post-122677","page","type-page","status-publish","hentry"],"acf":[],"_links":{"self":[{"href":"https:\/\/bas-ip.com\/fr\/wp-json\/wp\/v2\/pages\/122677","targetHints":{"allow":["GET"]}}],"collection":[{"href":"https:\/\/bas-ip.com\/fr\/wp-json\/wp\/v2\/pages"}],"about":[{"href":"https:\/\/bas-ip.com\/fr\/wp-json\/wp\/v2\/types\/page"}],"author":[{"embeddable":true,"href":"https:\/\/bas-ip.com\/fr\/wp-json\/wp\/v2\/users\/3"}],"replies":[{"embeddable":true,"href":"https:\/\/bas-ip.com\/fr\/wp-json\/wp\/v2\/comments?post=122677"}],"version-history":[{"count":2,"href":"https:\/\/bas-ip.com\/fr\/wp-json\/wp\/v2\/pages\/122677\/revisions"}],"predecessor-version":[{"id":122679,"href":"https:\/\/bas-ip.com\/fr\/wp-json\/wp\/v2\/pages\/122677\/revisions\/122679"}],"wp:attachment":[{"href":"https:\/\/bas-ip.com\/fr\/wp-json\/wp\/v2\/media?parent=122677"}],"curies":[{"name":"wp","href":"https:\/\/api.w.org\/{rel}","templated":true}]}}