{"id":122453,"date":"2024-05-15T14:21:12","date_gmt":"2024-05-15T14:21:12","guid":{"rendered":"https:\/\/bas-ip.com\/?page_id=122453"},"modified":"2024-11-05T14:25:01","modified_gmt":"2024-11-05T14:25:01","slug":"politique-de-soutien-aux-microprogrammes","status":"publish","type":"page","link":"https:\/\/bas-ip.com\/fr\/politique-de-soutien-aux-microprogrammes\/","title":{"rendered":"Politique de soutien aux microprogrammes"},"content":{"rendered":"<p><strong>Maintenance du micrologiciel<\/strong><\/p>\n\n\n\n<p id=\"block-f4f1f047-b9f6-4d64-8cbb-a2ff2141dd31\">BAS-IP peut, \u00e0 sa seule discr\u00e9tion, fournir une assistance micrologicielle de base pendant la p\u00e9riode de garantie applicable au mat\u00e9riel. Pendant la p\u00e9riode de garantie, BAS-IP peut publier des versions de maintenance ou des corrections de bogues pour le mat\u00e9riel.<\/p>\n\n\n\n<p id=\"block-9b0e3d90-1193-4b9e-9a8b-245a763a13f6\">\u00c0 l&rsquo;expiration de la p\u00e9riode de garantie, BAS-IP ne d\u00e9veloppera plus, n&rsquo;entretiendra plus et ne testera plus le micrologiciel en question. Toutefois, BAS-IP peut, \u00e0 sa seule discr\u00e9tion et pour chaque produit, offrir une assistance apr\u00e8s l&rsquo;expiration de la p\u00e9riode de garantie. Tous les microprogrammes de BAS-IP, y compris, mais sans s&rsquo;y limiter, les microprogrammes livr\u00e9s pr\u00e9install\u00e9s sur le mat\u00e9riel de BAS-IP et lorsque le mat\u00e9riel est soumis au service RMA, sont livr\u00e9s \u00ab\u00a0en l&rsquo;\u00e9tat\u00a0\u00bb.<\/p>\n\n\n\n<p>Les microprogrammes BAS-IP ne sont pas couverts par la garantie BAS-IP.<\/p>\n\n\n\n<p><\/p>\n\n\n\n<p><\/p>","protected":false},"excerpt":{"rendered":"<p>Maintenance du micrologiciel BAS-IP peut, \u00e0 sa seule discr\u00e9tion, fournir une assistance micrologicielle de base pendant la p\u00e9riode de garantie applicable au mat\u00e9riel. Pendant la p\u00e9riode de garantie, BAS-IP peut publier des versions de maintenance ou des corrections de bogues pour le mat\u00e9riel. \u00c0 l&rsquo;expiration de la p\u00e9riode de garantie, BAS-IP ne d\u00e9veloppera plus, n&rsquo;entretiendra [&hellip;]<\/p>","protected":false},"author":3,"featured_media":0,"parent":0,"menu_order":0,"comment_status":"closed","ping_status":"closed","template":"","meta":{"inline_featured_image":false,"footnotes":""},"class_list":["post-122453","page","type-page","status-publish","hentry"],"acf":[],"_links":{"self":[{"href":"https:\/\/bas-ip.com\/fr\/wp-json\/wp\/v2\/pages\/122453","targetHints":{"allow":["GET"]}}],"collection":[{"href":"https:\/\/bas-ip.com\/fr\/wp-json\/wp\/v2\/pages"}],"about":[{"href":"https:\/\/bas-ip.com\/fr\/wp-json\/wp\/v2\/types\/page"}],"author":[{"embeddable":true,"href":"https:\/\/bas-ip.com\/fr\/wp-json\/wp\/v2\/users\/3"}],"replies":[{"embeddable":true,"href":"https:\/\/bas-ip.com\/fr\/wp-json\/wp\/v2\/comments?post=122453"}],"version-history":[{"count":1,"href":"https:\/\/bas-ip.com\/fr\/wp-json\/wp\/v2\/pages\/122453\/revisions"}],"predecessor-version":[{"id":122454,"href":"https:\/\/bas-ip.com\/fr\/wp-json\/wp\/v2\/pages\/122453\/revisions\/122454"}],"wp:attachment":[{"href":"https:\/\/bas-ip.com\/fr\/wp-json\/wp\/v2\/media?parent=122453"}],"curies":[{"name":"wp","href":"https:\/\/api.w.org\/{rel}","templated":true}]}}