{"id":77580,"date":"2022-10-19T09:56:51","date_gmt":"2022-10-19T09:56:51","guid":{"rendered":"https:\/\/bas-ip.com\/?page_id=77580"},"modified":"2023-05-02T08:07:19","modified_gmt":"2023-05-02T08:07:19","slug":"henkilokohtaistaminen","status":"publish","type":"page","link":"https:\/\/bas-ip.com\/fi\/henkilokohtaistaminen\/","title":{"rendered":"Henkil\u00f6kohtaistaminen"},"content":{"rendered":"<!-- START Block Home Hero Slider --><section id=\"block_63dcf9efc6125\" class=\"home-hero-slider-section js-home-hero-slider-section\">\r\n            <div class=\"home-hero-slide\">\r\n        <picture>\r\n            \r\n            \r\n                        <img decoding=\"async\" class=\"d-block w-100\" src=\"https:\/\/bas-ip.com\/wp-content\/uploads\/2023\/02\/1_main.jpg\"\r\n                alt=\"slide\">\r\n            \r\n        <\/picture>\r\n        <div class=\"container\">\r\n            <div class=\"text-holder fullsize__device\">\r\n                                <div class=\"h1 title-page\">R\u00e4\u00e4t\u00e4l\u00f6ityj\u00e4 ratkaisuja kaikille<\/div>\r\n                                                <div class=\"text-block\">\r\n                    Valitse v\u00e4ri, koko, materiaali, asennustapa ja kaiverrus!                <\/div>\r\n                                            <\/div>\r\n            <div class=\"text-holder medium__device__show\">\r\n                                                            <\/div>\r\n            <div class=\"text-holder small__device__show\">\r\n                                                            <\/div>\r\n        <\/div>\r\n    <\/div>\r\n        <\/section>\r\n<!-- END Block Home Hero Slider -->\n\n<!-- START Block Product Installation --><section id=\"block_63dd0dfdc612a\" class=\"product-installation-section\">\r\n\t<div class=\"text-holder\">\r\n                            <div class=\"text-section\" data-aos=\"fade-right\">\r\n                <p>Me BAS-IP:ss\u00e4 ymm\u00e4rr\u00e4mme, ett\u00e4 <b>jokaisella asiakkaalla on yksil\u00f6lliset tarpeet ja mieltymykset<\/b>. Siksi tarjoamme laajan valikoiman r\u00e4\u00e4t\u00e4l\u00f6intivaihtoehtoja, jotta sis\u00e4puhelinj\u00e4rjestelm\u00e4mme voidaan r\u00e4\u00e4t\u00e4l\u00f6id\u00e4 t\u00e4ydellisesti sinun tarpeisiisi. <\/p>\n            <\/div>\r\n            <\/div>\r\n\r\n\t\t    <div class=\"installation-blocks-list\">\r\n\t\t\t\t\t\t\t\t\t\t\t\t<div class=\"installation-block-item image-position-left\">\r\n\t\t\t\t\t\t<div class=\"text-holder\" data-aos=\"fade-left\">\r\n                                                            <h3 class=\"h2 title-section\">Kaiverrus<\/h3>\r\n                            \r\n                                                            <div class=\"text-section\">\r\n                                  <p>Personoi sis\u00e4puhelin yksil\u00f6llisill\u00e4 kaiverruksilla, kuten yrityksesi logolla, rakennuksen nimell\u00e4 tai asuinalueiden yksil\u00f6llisill\u00e4 nimill\u00e4.<br \/>\nKaiverruksella voidaan lis\u00e4t\u00e4 sis\u00e4puhelimen arvoa monin tavoin ja tehd\u00e4 siit\u00e4 houkuttelevampi, yksil\u00f6llisempi ja toimivampi. Kaiverrus voi parantaa sis\u00e4\u00e4ntulopaneelin yleisilmett\u00e4 ja tehd\u00e4 siit\u00e4 houkuttelevamman potentiaalisille asiakkaille tai k\u00e4ytt\u00e4jille.<br \/>\nMukautetun kaiverruksen avulla voit lis\u00e4t\u00e4 henkil\u00f6kohtaista teksti\u00e4 tai symboleja, kuten nimen, yrityksen logon tai monogrammin. T\u00e4llainen personointi voi tehd\u00e4 sis\u00e4puhelupaneelista ainutlaatuisen ja omistajalleen arvokkaamman.<br \/>\nYrityksille logon tai yrityksen nimen kaiverruttaminen sis\u00e4puhelinpaneeliin voi toimia hienovaraisena br\u00e4ndity\u00f6kaluna, joka vahvistaa yrityksen identiteetti\u00e4.<\/p>\n                                <\/div>\r\n                                                    <\/div>\r\n\r\n                                                    <div class=\"image-holder\" data-aos=\"fade-right\">\r\n                                <div class=\"image-block\">\r\n                                    <img loading=\"lazy\" decoding=\"async\" width=\"944\" height=\"560\" src=\"https:\/\/bas-ip.com\/wp-content\/uploads\/2023\/02\/2_block_1.png\" class=\"attachment-full size-full\" alt=\"Engraving\" srcset=\"https:\/\/bas-ip.com\/wp-content\/uploads\/2023\/02\/2_block_1.png 944w,  https:\/\/bas-ip.com\/wp-content\/uploads\/2023\/02\/2_block_1-300x178.png 300w,  https:\/\/bas-ip.com\/wp-content\/uploads\/2023\/02\/2_block_1-768x456.png 768w,  https:\/\/bas-ip.com\/wp-content\/uploads\/2023\/02\/2_block_1-767x455.png 767w\" sizes=\"auto, (max-width: 944px) 100vw, 944px\" \/>                                <\/div>\r\n                            <\/div>\r\n                            \t\t\t\t\t<\/div>\r\n\t\t\t\t\t\t\t\t\t\t\t\t\t\t\t\t<div class=\"installation-block-item image-position-right\">\r\n\t\t\t\t\t\t<div class=\"text-holder\" data-aos=\"fade-right\">\r\n                                                            <h3 class=\"h2 title-section\">Materiaalit<\/h3>\r\n                            \r\n                                                            <div class=\"text-section\">\r\n                                  <p>Olemme ylpeit\u00e4 voidessamme tarjota asiakkaillemme monipuolisen valikoiman <b>laadukkaita materiaaleja<\/b>, joista valita:<\/p>\n<p>1. S\u00e4teilev\u00e4t ylellisyytt\u00e4 ja glamouria huolellisesti muotoillulla <b>Brittil\u00e4iset messinkiset <b>soittopaneelit<\/b>. Jokainen elementti on suunniteltu mestarillisesti luomaan suurenmoisuuden tunnetta ja tarjoamaan poikkeuksellista kest\u00e4vyytt\u00e4, mik\u00e4 takaa, ett\u00e4 sis\u00e4\u00e4nk\u00e4yntij\u00e4rjestelm\u00e4si kest\u00e4\u00e4 ajan testin.<br \/>\n2. Ota moderni minimalismi k\u00e4ytt\u00f6\u00f6n tyylikk\u00e4ill\u00e4 <b>alumiinisilla<\/b> sis\u00e4puhelupaneeleillamme. Alumiini on tunnettu keveydest\u00e4\u00e4n ja samalla lujuudestaan, ja sill\u00e4 on erinomainen korroosionkest\u00e4vyys, mik\u00e4 tekee siit\u00e4 ihanteellisen valinnan sek\u00e4 asuin- ett\u00e4 liiketiloihin.<br \/>\n3. Arvosta <b>ruostumattomasta ter\u00e4ksest\u00e4<\/b> valmistettujen sis\u00e4puhelinj\u00e4rjestelmiemme ajatonta vetovoimaa. N\u00e4iss\u00e4 paneeleissa on ylivoimainen lujuus ja korroosionkest\u00e4vyys, ja niiss\u00e4 on hienostunut kiillotettu viimeistely, jossa tyyli ja k\u00e4yt\u00e4nn\u00f6llisyys yhdistyv\u00e4t helposti.<br \/>\n4. P\u00e4\u00e4st\u00e4 luovuutesi valloilleen <b>maalatuilla metallipaneeleillamme<\/b>. Saatavilla on useita elinvoimaisia v\u00e4rej\u00e4 ja pintoja, ja n\u00e4iden r\u00e4\u00e4t\u00e4l\u00f6it\u00e4vien paneelien avulla voit ilmaista ainutlaatuista makuasi ja persoonallisuuttasi samalla kun nautit metallirakenteen kest\u00e4vyydest\u00e4 ja luotettavuudesta.<\/p>\n                                <\/div>\r\n                                                    <\/div>\r\n\r\n                                                    <div class=\"image-holder\" data-aos=\"fade-left\">\r\n                                <div class=\"image-block\">\r\n                                    <img loading=\"lazy\" decoding=\"async\" width=\"944\" height=\"560\" src=\"https:\/\/bas-ip.com\/wp-content\/uploads\/2023\/02\/2_block_2.png\" class=\"attachment-full size-full\" alt=\"FLEXIBILITY OF MATERIALS\" srcset=\"https:\/\/bas-ip.com\/wp-content\/uploads\/2023\/02\/2_block_2.png 944w,  https:\/\/bas-ip.com\/wp-content\/uploads\/2023\/02\/2_block_2-300x178.png 300w,  https:\/\/bas-ip.com\/wp-content\/uploads\/2023\/02\/2_block_2-768x456.png 768w,  https:\/\/bas-ip.com\/wp-content\/uploads\/2023\/02\/2_block_2-767x455.png 767w\" sizes=\"auto, (max-width: 944px) 100vw, 944px\" \/>                                <\/div>\r\n                            <\/div>\r\n                            \t\t\t\t\t<\/div>\r\n\t\t\t\t\t\t\t\t\t\t\t\t\t\t\t\t<div class=\"installation-block-item image-position-left\">\r\n\t\t\t\t\t\t<div class=\"text-holder\" data-aos=\"fade-left\">\r\n                                                            <h3 class=\"h2 title-section\">V\u00e4rit<\/h3>\r\n                            \r\n                                                            <div class=\"text-section\">\r\n                                  <p>Avaa rajattoman luovuuden maailma BAS-IP Custom Color Collectionin avulla, jossa mielikuvituksestasi tulee avain t\u00e4ydellisen sis\u00e4\u00e4ntulopaneelin luomiseen. Ymm\u00e4rr\u00e4mme, ett\u00e4 <b>omaisuutesi on henkil\u00f6kohtaisen tyylisi jatke<\/b>, joten tarjoamme mielell\u00e4mme rajattomasti v\u00e4rivaihtoehtoja, joiden avulla visiosi toteutuu.<br \/>\nBAS-IP Custom Colour Collectionin avulla voit <b>ei en\u00e4\u00e4 rajoitettu rajoitettuun v\u00e4ripalettiin<\/b>. Valitse laajasta valikoimasta s\u00e4vyj\u00e4, s\u00e4vyj\u00e4 ja s\u00e4vyj\u00e4, jotka sopivat t\u00e4ydellisesti kiinteist\u00f6si ulkoasuun, tai tee rohkea kannanotto erottuvalla v\u00e4rikyll\u00e4isyydell\u00e4.<br \/>\n<b>maalimme<\/b> ovat UV-suojattuja ja suunniteltu kest\u00e4m\u00e4\u00e4n s\u00e4\u00e4olosuhteita, mik\u00e4 takaa kest\u00e4v\u00e4n kauneuden ja kest\u00e4vyyden.<br \/>\nKoulutetut teknikot levitt\u00e4v\u00e4t valitsemasi v\u00e4rin huolellisesti, mik\u00e4 takaa virheett\u00f6m\u00e4n ja tasaisen viimeistelyn jokaiseen BAS-IP-sis\u00e4\u00e4nk\u00e4yntipaneeliin. <b>Koe t\u00e4ydellinen yhdistelm\u00e4 <b>taidetta<\/b> ja teknologiaa, kun tiimimme suunnittelee jokaisen paneelin huolellisesti juuri sinun tarpeidesi mukaan.<\/p>\n                                <\/div>\r\n                                                    <\/div>\r\n\r\n                                                    <div class=\"image-holder\" data-aos=\"fade-right\">\r\n                                <div class=\"image-block\">\r\n                                    <img loading=\"lazy\" decoding=\"async\" width=\"1920\" height=\"960\" src=\"https:\/\/bas-ip.com\/wp-content\/uploads\/2023\/02\/Individual-Color-Solution2-1.png\" class=\"attachment-full size-full\" alt=\"\" srcset=\"https:\/\/bas-ip.com\/wp-content\/uploads\/2023\/02\/Individual-Color-Solution2-1.png 1920w,  https:\/\/bas-ip.com\/wp-content\/uploads\/2023\/02\/Individual-Color-Solution2-1-300x150.png 300w,  https:\/\/bas-ip.com\/wp-content\/uploads\/2023\/02\/Individual-Color-Solution2-1-1024x512.png 1024w,  https:\/\/bas-ip.com\/wp-content\/uploads\/2023\/02\/Individual-Color-Solution2-1-768x384.png 768w,  https:\/\/bas-ip.com\/wp-content\/uploads\/2023\/02\/Individual-Color-Solution2-1-1536x768.png 1536w,  https:\/\/bas-ip.com\/wp-content\/uploads\/2023\/02\/Individual-Color-Solution2-1-767x384.png 767w,  https:\/\/bas-ip.com\/wp-content\/uploads\/2023\/02\/Individual-Color-Solution2-1-1534x767.png 1534w\" sizes=\"auto, (max-width: 1920px) 100vw, 1920px\" \/>                                <\/div>\r\n                            <\/div>\r\n                            \t\t\t\t\t<\/div>\r\n\t\t\t\t\t\t\t\t\t<\/div>\r\n\t<\/section>\r\n<!-- END Block Product Installation -->\n\n<!-- START Block Video Banner -->    <div data-aos=\"fade-up\" class=\"video-banner-section-wrapper\">\r\n        <section id=\"block_63dcf4d0c6123\" class=\"video-banner-section\" style=\"background-image: url('https:\/\/bas-ip.com\/wp-content\/uploads\/2023\/02\/4_long-for-sait.jpg');\">\r\n            <div class=\"container\">\r\n                <div class=\"text-holder\" data-aos=\"fade-right\" data-aos-delay=\"300\">\r\n                                        <h2 class=\"title-section\">UKEY-lukijan vaihto<\/h2>\r\n                                                          <div class=\"text-section\">\r\n                        <p>Mahdollisuus korvata nykyinen UKEY-lukija sis\u00e4\u00e4nk\u00e4yntipaneeleissa rakennuttajan\/asiakkaan tarvitsemalla lukijalla, kun sit\u00e4 todella tarvitaan. <\/p>\n                      <\/div>\r\n                                  <\/div>\r\n                                    <a href=\"https:\/\/bas-ip.com\/wp-content\/uploads\/2023\/02\/reader.mp4\" data-fancybox class=\"icon-play\" data-aos=\"fade-left\" data-aos-delay=\"300\">\r\n                        <svg width=\"74\" height=\"74\" viewBox=\"0 0 74 74\" fill=\"none\" xmlns=\"http:\/\/www.w3.org\/2000\/svg\">\r\n                            <path d=\"M47.0084 35.0371C49.685 36.5593 49.7101 40.4083 47.0535 41.9652L34.4076 49.3762C31.751 50.9331 28.4052 49.0303 28.3852 45.9512L28.29 31.2941C28.27 28.2149 31.5907 26.2688 34.2673 27.791L47.0084 35.0371Z\" fill=\"currentColor\"\/>\r\n                            <circle cx=\"37\" cy=\"37\" r=\"36.5\" stroke=\"currentColor\"\/>\r\n                        <\/svg>\r\n                        <span><\/span>\r\n                    <\/a>\r\n                            <\/div>\r\n        <\/section>\r\n    <\/div>\r\n<!-- END Block Video Banner -->\n\n<!-- START Block Info Boxes Gated Community --><section id=\"block_63dceb1ec611f\" class=\"info-boxes-gated-community-section\">\r\n\t\t    <h2 class=\"title-section\" data-aos=\"fade-right\">Erilaisia asennusvaihtoehtoja<\/h2>\r\n\t\r\n\t\t    <div class=\"features-list\">\r\n            \t\t\t\t\t\t\t\t\t\t\t\t<div class=\"features-item\" data-aos=\"fade-up\" data-aos-delay=\"100\">\r\n\t\t\t\t\t\t<div class=\"features-box\">\r\n\t\t\t\t\t\t\t\t\t\t\t\t\t\t\t<div class=\"image-holder\">\r\n\t\t\t\t\t\t\t\t\t<img loading=\"lazy\" decoding=\"async\" width=\"350\" height=\"320\" src=\"https:\/\/bas-ip.com\/wp-content\/uploads\/2023\/02\/5_block_3-1-350x320.jpg\" class=\"attachment-thumbnail_350x320 size-thumbnail_350x320\" alt=\"The Pedestal\" srcset=\"https:\/\/bas-ip.com\/wp-content\/uploads\/2023\/02\/5_block_3-1.jpg 350w,  https:\/\/bas-ip.com\/wp-content\/uploads\/2023\/02\/5_block_3-1-300x274.jpg 300w\" sizes=\"auto, (max-width: 350px) 100vw, 350px\" \/>\t\t\t\t\t\t\t\t<\/div>\r\n\t\t\t\t\t\t\t\r\n\t\t\t\t\t\t\t<div class=\"text-holder\">\r\n\t\t\t\t\t\t\t\t\t\t\t\t\t\t\t\t\t<h3 class=\"title-block\">Jalusta<\/h3>\r\n\t\t\t\t\t\t\t\t\r\n\t\t\t\t\t\t\t\t\t\t\t\t\t\t\t<\/div>\r\n\t\t\t\t\t\t<\/div>\r\n\t\t\t\t\t<\/div>\r\n\t\t\t\t              \t\t\t\t\t\t\t\t\t\t\t\t<div class=\"features-item\" data-aos=\"fade-up\" data-aos-delay=\"200\">\r\n\t\t\t\t\t\t<div class=\"features-box\">\r\n\t\t\t\t\t\t\t\t\t\t\t\t\t\t\t<div class=\"image-holder\">\r\n\t\t\t\t\t\t\t\t\t<img loading=\"lazy\" decoding=\"async\" width=\"350\" height=\"320\" src=\"https:\/\/bas-ip.com\/wp-content\/uploads\/2023\/02\/5_block_2-1-350x320.jpg\" class=\"attachment-thumbnail_350x320 size-thumbnail_350x320\" alt=\"Wall Mounting\" srcset=\"https:\/\/bas-ip.com\/wp-content\/uploads\/2023\/02\/5_block_2-1.jpg 350w,  https:\/\/bas-ip.com\/wp-content\/uploads\/2023\/02\/5_block_2-1-300x274.jpg 300w\" sizes=\"auto, (max-width: 350px) 100vw, 350px\" \/>\t\t\t\t\t\t\t\t<\/div>\r\n\t\t\t\t\t\t\t\r\n\t\t\t\t\t\t\t<div class=\"text-holder\">\r\n\t\t\t\t\t\t\t\t\t\t\t\t\t\t\t\t\t<h3 class=\"title-block\">Sein\u00e4kiinnitys<\/h3>\r\n\t\t\t\t\t\t\t\t\r\n\t\t\t\t\t\t\t\t\t\t\t\t\t\t\t<\/div>\r\n\t\t\t\t\t\t<\/div>\r\n\t\t\t\t\t<\/div>\r\n\t\t\t\t              \t\t\t\t\t\t\t\t\t\t\t\t<div class=\"features-item\" data-aos=\"fade-up\" data-aos-delay=\"300\">\r\n\t\t\t\t\t\t<div class=\"features-box\">\r\n\t\t\t\t\t\t\t\t\t\t\t\t\t\t\t<div class=\"image-holder\">\r\n\t\t\t\t\t\t\t\t\t<img loading=\"lazy\" decoding=\"async\" width=\"350\" height=\"320\" src=\"https:\/\/bas-ip.com\/wp-content\/uploads\/2023\/02\/5_block_1-1-350x320.jpg\" class=\"attachment-thumbnail_350x320 size-thumbnail_350x320\" alt=\"Flush Mounting\" srcset=\"https:\/\/bas-ip.com\/wp-content\/uploads\/2023\/02\/5_block_1-1.jpg 350w,  https:\/\/bas-ip.com\/wp-content\/uploads\/2023\/02\/5_block_1-1-300x274.jpg 300w\" sizes=\"auto, (max-width: 350px) 100vw, 350px\" \/>\t\t\t\t\t\t\t\t<\/div>\r\n\t\t\t\t\t\t\t\r\n\t\t\t\t\t\t\t<div class=\"text-holder\">\r\n\t\t\t\t\t\t\t\t\t\t\t\t\t\t\t\t\t<h3 class=\"title-block\">Upotusasennus<\/h3>\r\n\t\t\t\t\t\t\t\t\r\n\t\t\t\t\t\t\t\t\t\t\t\t\t\t\t<\/div>\r\n\t\t\t\t\t\t<\/div>\r\n\t\t\t\t\t<\/div>\r\n\t\t\t\t              \t\t\t\t\t<\/div>\r\n\t<\/section>\r\n<!-- END Block Info Boxes Gated Community -->\n\n<!-- START Block Product Installation --><section id=\"block_641db96570b23\" class=\"product-installation-section\">\r\n\t<div class=\"text-holder\">\r\n                    <\/div>\r\n\r\n\t\t    <div class=\"installation-blocks-list\">\r\n\t\t\t\t\t\t\t\t\t\t\t\t<div class=\"installation-block-item image-position-left\">\r\n\t\t\t\t\t\t<div class=\"text-holder\" data-aos=\"fade-left\">\r\n                                                            <h3 class=\"h2 title-section\">Valitse BAS-IP, jossa vertaansa vailla oleva laatu kohtaa ajattoman tyylikkyyden.<\/h3>\r\n                            \r\n                                                            <div class=\"text-section\">\r\n                                  <p>Koe <b>vertaansa vailla oleva suorituskyky<\/b> ja <b>ly\u00f6m\u00e4t\u00f6nt\u00e4 tyyli\u00e4<\/b> BAS-IP:n hienostuneesta sis\u00e4puhelinmallistosta. Monipuolinen tuotevalikoimamme on suunniteltu tarpeitasi silm\u00e4ll\u00e4 pit\u00e4en, ja sen ansiosta l\u00f6yd\u00e4t t\u00e4ydellisen ratkaisun kiinteist\u00f6si tarpeisiin, etsitp\u00e4 sitten klassisen tyylik\u00e4st\u00e4 tai nykyaikaista sisustusta.<\/p>\n<p>Paranna kulunvalvontaj\u00e4rjestelm\u00e4\u00e4si ja tee pysyv\u00e4 vaikutelma huolellisesti suunnitelluilla BAS-IP-oviviestint\u00e4j\u00e4rjestelmill\u00e4. Sitoutumisemme laatuun, innovaatioihin ja muotoiluun takaa, ett\u00e4 voit nauttia kauneudesta ja toiminnallisuudesta yhdess\u00e4 hienostuneessa paketissa.<\/p>\n<p>Investoi BAS-IP-oviovierailuj\u00e4rjestelm\u00e4\u00e4n jo t\u00e4n\u00e4\u00e4n ja huomaa, miten poikkeukselliset materiaalit ja ammattitaito voivat tehd\u00e4 eron. Tee sis\u00e4\u00e4ntuloaulastasi upea keskipiste, joka kuvastaa vaativaa makuasi ja sitoutumistasi huippuosaamiseen.<\/p>\n                                <\/div>\r\n                                                    <\/div>\r\n\r\n                                                    <div class=\"image-holder\" data-aos=\"fade-right\">\r\n                                <div class=\"image-block\">\r\n                                    <img loading=\"lazy\" decoding=\"async\" width=\"799\" height=\"439\" src=\"https:\/\/bas-ip.com\/wp-content\/uploads\/2023\/03\/18_2.jpg\" class=\"attachment-full size-full\" alt=\"\" srcset=\"https:\/\/bas-ip.com\/wp-content\/uploads\/2023\/03\/18_2.jpg 799w,  https:\/\/bas-ip.com\/wp-content\/uploads\/2023\/03\/18_2-300x165.jpg 300w,  https:\/\/bas-ip.com\/wp-content\/uploads\/2023\/03\/18_2-768x422.jpg 768w,  https:\/\/bas-ip.com\/wp-content\/uploads\/2023\/03\/18_2-767x421.jpg 767w\" sizes=\"auto, (max-width: 799px) 100vw, 799px\" \/>                                <\/div>\r\n                            <\/div>\r\n                            \t\t\t\t\t<\/div>\r\n\t\t\t\t\t\t\t\t\t<\/div>\r\n\t<\/section>\r\n<!-- END Block Product Installation -->\n\n<!-- START Block Sign Up --><section id=\"block_629678229e935\" class=\"sign-up-section\">\r\n\r\n    <div class=\"form-holder js-form\" data-aos=\"fade-right\">\r\n                    <div class=\"title-block h3\">Sign up for connection<\/div>\r\n        \r\n                    <div class=\"text-block\">\r\n                Filling out all the information needed to answer you as quickly as possible            <\/div>\r\n        \r\n                    \n<div class=\"wpcf7 no-js\" id=\"wpcf7-f102-o1\" lang=\"en-US\" dir=\"ltr\">\n<div class=\"screen-reader-response\"><p role=\"status\" aria-live=\"polite\" aria-atomic=\"true\"><\/p> <ul><\/ul><\/div>\n<form action=\"\/fi\/wp-json\/wp\/v2\/pages\/77580#wpcf7-f102-o1\" method=\"post\" class=\"wpcf7-form init\" aria-label=\"Contact form\" enctype=\"multipart\/form-data\" novalidate=\"novalidate\" data-status=\"init\">\n<div style=\"display: none;\">\n<input type=\"hidden\" name=\"_wpcf7\" value=\"102\" \/>\n<input type=\"hidden\" name=\"_wpcf7_version\" value=\"5.8.3\" \/>\n<input type=\"hidden\" name=\"_wpcf7_locale\" value=\"en_US\" \/>\n<input type=\"hidden\" name=\"_wpcf7_unit_tag\" value=\"wpcf7-f102-o1\" \/>\n<input type=\"hidden\" name=\"_wpcf7_container_post\" value=\"0\" \/>\n<input type=\"hidden\" name=\"_wpcf7_posted_data_hash\" value=\"\" \/>\n<input type=\"hidden\" name=\"_wpcf7_recaptcha_response\" value=\"\" \/>\n<\/div>\n<div class=\"row\"> \n <label><span class=\"label-text\">Name<\/span> \n  <span class=\"wpcf7-form-control-wrap\" data-name=\"text-full-name\"><input size=\"40\" class=\"wpcf7-form-control wpcf7-text wpcf7-validates-as-required\" aria-required=\"true\" aria-invalid=\"false\" placeholder=\"Name\" value=\"\" type=\"text\" name=\"text-full-name\" \/><\/span><\/label> \n<\/div> \n<div class=\"row\"> \n <label><span class=\"label-text\">Phone*<\/span> \n<span class=\"wpcf7-form-control-wrap\" data-name=\"phonetext-270\"><input size=\"40\" class=\"wpcf7-form-control wpcf7-phonetext wpcf7-validates-as-required wpcf7-text wpcf7-validates-as-phonetext\" aria-required=\"true\" aria-invalid=\"false\" placeholder=\"Phone*\" value=\"\" type=\"text\" name=\"phonetext-270\" \/><input type=\"hidden\" name=\"phonetext-270-country-code\" class=\"wpcf7-phonetext-country-code\" \/><\/span><\/label> \n<\/div> \n<div class=\"row\"> \n <label><span class=\"label-text\">E-mail<\/span> \n  <span class=\"wpcf7-form-control-wrap\" data-name=\"email-e-mail\"><input size=\"40\" class=\"wpcf7-form-control wpcf7-email wpcf7-validates-as-required wpcf7-text wpcf7-validates-as-email\" aria-required=\"true\" aria-invalid=\"false\" placeholder=\"E-mail\" value=\"\" type=\"email\" name=\"email-e-mail\" \/><\/span><\/label> \n<\/div> \n<div class=\"row\"><span>Your country<\/span> \n <label><span class=\"wpcf7-form-control-wrap\" data-name=\"countrytext-126\"><input size=\"40\" class=\"wpcf7-form-control wpcf7-countrytext wpcf7-text wpcf7-validates-as-countrytext\" aria-invalid=\"false\" value=\"\" type=\"text\" name=\"countrytext-126\" \/><\/span> <\/label>\n<\/div> \n<div class=\"row\"> \n <button type=\"submit\" class=\"btn\">Send<\/button> \n<\/div> \n<div class=\"row\"> \n <span class=\"wpcf7-form-control-wrap\" data-name=\"checkbox-931\"><span class=\"wpcf7-form-control wpcf7-checkbox\"><span class=\"wpcf7-list-item first\"><label><input type=\"checkbox\" name=\"checkbox-931[]\" value=\"Integrator\" \/><span class=\"wpcf7-list-item-label\">Integrator<\/span><\/label><\/span><span class=\"wpcf7-list-item\"><label><input type=\"checkbox\" name=\"checkbox-931[]\" value=\"Builder\" \/><span class=\"wpcf7-list-item-label\">Builder<\/span><\/label><\/span><span class=\"wpcf7-list-item last\"><label><input type=\"checkbox\" name=\"checkbox-931[]\" value=\"End-User\" \/><span class=\"wpcf7-list-item-label\">End-User<\/span><\/label><\/span><\/span><\/span> \n<\/div> \n<div class=\"row row-upload-file\"> \n <label class=\"upload-file-block js-upload-file\">Attach file \n  <span class=\"wpcf7-form-control-wrap\" data-name=\"file-466\"><input size=\"40\" class=\"wpcf7-form-control wpcf7-file\" accept=\"audio\/*,video\/*,image\/*\" aria-invalid=\"false\" type=\"file\" name=\"file-466\" \/><\/span><\/label> \n<\/div><input type='hidden' class='wpcf7-pum' value='{\"closepopup\":false,\"closedelay\":0,\"openpopup\":false,\"openpopup_id\":0}' \/><div class=\"wpcf7-response-output\" aria-hidden=\"true\"><\/div>\n<\/form>\n<\/div>\n            <\/div>\r\n\r\n\t\t    <div class=\"text-holder\" data-aos=\"fade-left\">\r\n\t\t\t\t\t\t    <h3 class=\"title-block\">How Can We Help?<\/h3>\r\n\t\t\t\r\n\t\t\t                <div class=\"text-block\">\r\n                    Please select a topic below related to your inquiry. If you don&#8217;t find what you need, fill out our contact form.                <\/div>\r\n\t\t\t\r\n\t\t\t\t\t\t    <ul class=\"link-list\">\r\n\t\t\t\t\t\t\t\t\t\t\t\t\t\t\t\t\t\t<li>\r\n\t\t\t\t\t\t\t\t\t\t\t\t\t\t\t\t    <strong>Get Inspired<\/strong>\r\n\t\t\t\t\t\t\t\t\t\t\t\t\t\t\t\t\t\t\t\t\t\t\t\t    <a href=\"\/features\/\">\r\n\t\t\t\t\t\t\t\t        Discover what&#8217;s beneath our intercom\t\t\t\t\t\t\t\t    <\/a>\r\n\t\t\t\t\t\t\t\t\t\t\t\t\t\t\t<\/li>\r\n\t\t\t\t\t\t\t\t\t\t\t\t\t\t\t\t\t\t\t\t\t\t\t\t<li>\r\n\t\t\t\t\t\t\t\t\t\t\t\t\t\t\t\t    <strong>Become a Partner<\/strong>\r\n\t\t\t\t\t\t\t\t\t\t\t\t\t\t\t\t\t\t\t\t\t\t\t\t    <a href=\"\/distributors\/\">\r\n\t\t\t\t\t\t\t\t        Expand your business with BAS-IP intercom\t\t\t\t\t\t\t\t    <\/a>\r\n\t\t\t\t\t\t\t\t\t\t\t\t\t\t\t<\/li>\r\n\t\t\t\t\t\t\t\t\t\t\t\t\t\t\t\t\t\t\t\t\t\t\t\t<li>\r\n\t\t\t\t\t\t\t\t\t\t\t\t\t\t\t\t    <strong>Check the Guides<\/strong>\r\n\t\t\t\t\t\t\t\t\t\t\t\t\t\t\t\t\t\t\t\t\t\t\t\t    <a href=\"\/support\/\">\r\n\t\t\t\t\t\t\t\t        Download detailed manuals and schemes\t\t\t\t\t\t\t\t    <\/a>\r\n\t\t\t\t\t\t\t\t\t\t\t\t\t\t\t<\/li>\r\n\t\t\t\t\t\t\t\t\t\t\t\t\t\t\t<\/ul>\r\n\t\t\t\r\n\t\t\t\t\t\t    <h3 class=\"title-block\">Our contacts<\/h3>\r\n\t\t\t\r\n\t\t\t\t\t\t\t<ul class=\"contact-list\">\r\n\t\t\t\t\t\t\t\t\t\t\t\t\t\t\t\t\t\t<li>\r\n\t\t\t\t\t\t\t\t\t\t\t\t\t\t\t\t\t<strong>Sales:<\/strong>\r\n\t\t\t\t\t\t\t\t\t\t\t\t\t\t\t\t\t\t\t\t\t\t\t\t    <a href=\"mailto:&#115;a&#108;&#101;s&#64;b&#97;s-&#105;&#112;.c&#111;&#109;\">sa&#108;&#101;s&#64;&#98;as&#45;&#105;p&#46;&#99;&#111;m<\/a>\r\n\t\t\t\t\t\t\t\t\t\t\t\t\t\t\t<\/li>\r\n\t\t\t\t\t\t\t\t\t\t\t\t\t\t\t\t\t\t\t\t\t\t\t\t<li>\r\n\t\t\t\t\t\t\t\t\t\t\t\t\t\t\t\t\t<strong>Technical support:<\/strong>\r\n\t\t\t\t\t\t\t\t\t\t\t\t\t\t\t\t\t\t\t\t\t\t\t\t    <a href=\"mailto:&#115;uppor&#116;&#64;&#98;as&#45;&#105;p.&#99;&#111;&#109;\">s&#117;&#112;&#112;&#111;&#114;t&#64;&#98;&#97;s-&#105;p&#46;&#99;o&#109;<\/a>\r\n\t\t\t\t\t\t\t\t\t\t\t\t\t\t\t<\/li>\r\n\t\t\t\t\t\t\t\t\t\t\t\t\t\t\t<\/ul>\r\n\t\t\t\t\t<\/div>\r\n\t<\/section>\r\n\r\n\r\n\r\n<!-- END Block Sign Up -->\n\n<!-- START Block Info Boxes Gated Community --><!-- END Block Info Boxes Gated Community -->","protected":false},"excerpt":{"rendered":"","protected":false},"author":1,"featured_media":0,"parent":0,"menu_order":0,"comment_status":"closed","ping_status":"closed","template":"","meta":{"inline_featured_image":false,"footnotes":""},"class_list":["post-77580","page","type-page","status-publish","hentry"],"acf":[],"_links":{"self":[{"href":"https:\/\/bas-ip.com\/fi\/wp-json\/wp\/v2\/pages\/77580","targetHints":{"allow":["GET"]}}],"collection":[{"href":"https:\/\/bas-ip.com\/fi\/wp-json\/wp\/v2\/pages"}],"about":[{"href":"https:\/\/bas-ip.com\/fi\/wp-json\/wp\/v2\/types\/page"}],"author":[{"embeddable":true,"href":"https:\/\/bas-ip.com\/fi\/wp-json\/wp\/v2\/users\/1"}],"replies":[{"embeddable":true,"href":"https:\/\/bas-ip.com\/fi\/wp-json\/wp\/v2\/comments?post=77580"}],"version-history":[{"count":2,"href":"https:\/\/bas-ip.com\/fi\/wp-json\/wp\/v2\/pages\/77580\/revisions"}],"predecessor-version":[{"id":77609,"href":"https:\/\/bas-ip.com\/fi\/wp-json\/wp\/v2\/pages\/77580\/revisions\/77609"}],"wp:attachment":[{"href":"https:\/\/bas-ip.com\/fi\/wp-json\/wp\/v2\/media?parent=77580"}],"curies":[{"name":"wp","href":"https:\/\/api.w.org\/{rel}","templated":true}]}}