{"id":77515,"date":"2023-04-05T10:35:01","date_gmt":"2023-04-05T10:35:01","guid":{"rendered":"https:\/\/bas-ip.com\/?page_id=77515"},"modified":"2023-05-02T06:36:23","modified_gmt":"2023-05-02T06:36:23","slug":"crestron","status":"publish","type":"page","link":"https:\/\/bas-ip.com\/fi\/crestron\/","title":{"rendered":"Crestron"},"content":{"rendered":"<div class=\"wp-block-image\">\n<figure class=\"aligncenter size-full is-resized\"><img loading=\"lazy\" decoding=\"async\" src=\"https:\/\/bas-ip.com\/wp-content\/uploads\/2023\/04\/crestron_logo.png\" alt=\"\" class=\"wp-image-67973\" width=\"501\" height=\"284\" srcset=\"https:\/\/bas-ip.com\/wp-content\/uploads\/2023\/04\/crestron_logo.png 668w,  https:\/\/bas-ip.com\/wp-content\/uploads\/2023\/04\/crestron_logo-300x170.png 300w\" sizes=\"auto, (max-width: 501px) 100vw, 501px\" \/><\/figure>\n<\/div>\n\n<!-- START Block Integrations Text & Image --><section id=\"block_642d4e5e447ff\" class=\"integrations-text-image-section\">\r\n\t\t<div class=\"image-holder\" data-aos=\"fade-left\">\r\n\t\t<img loading=\"lazy\" decoding=\"async\" width=\"810\" height=\"579\" src=\"https:\/\/bas-ip.com\/wp-content\/uploads\/2023\/04\/crestron_pic2.jpg\" class=\"attachment-large size-large\" alt=\"\" srcset=\"https:\/\/bas-ip.com\/wp-content\/uploads\/2023\/04\/crestron_pic2.jpg 810w,  https:\/\/bas-ip.com\/wp-content\/uploads\/2023\/04\/crestron_pic2-300x214.jpg 300w,  https:\/\/bas-ip.com\/wp-content\/uploads\/2023\/04\/crestron_pic2-768x549.jpg 768w,  https:\/\/bas-ip.com\/wp-content\/uploads\/2023\/04\/crestron_pic2-767x548.jpg 767w\" sizes=\"auto, (max-width: 810px) 100vw, 810px\" \/>\t<\/div>\r\n\t\r\n\t<div class=\"text-holder\" data-aos=\"fade-right\">\r\n\t\t\t\t\t\t<div class=\"text-block\">\r\n\t\t\t<div class=\"wrapper container margin_t_b_80_p\">\n<div class=\"auntk_text_p\">\n<h1>BAS-IP SIP-v\u00e4lipuhelimet t\u00e4ytt\u00e4v\u00e4t Crestronin Smart Home Automation -vaatimukset.<\/h1>\n<p>\u00c4lykk\u00e4\u00e4n asumisen tulevaisuus on jo koittanut, sill\u00e4 olemme yhdist\u00e4neet BAS-IP SIP-v\u00e4lipuhelimien vankat ominaisuudet Crestronin kotiautomaatioj\u00e4rjestelmien vertaansa vailla olevaan \u00e4lykkyyteen. Valmistaudu h\u00e4mm\u00e4stym\u00e4\u00e4n, kun uppoudut edistyksellisen teknologian sinfoniaan, joka vie el\u00e4m\u00e4ntyylisi uusiin korkeuksiin.<\/p>\n<h2>Luo t\u00e4ydellinen ilmapiiri<\/h2>\n<p>Kuvittele talo, joka tanssii sinun tahdissasi, talo, jossa voit luoda t\u00e4ydellisen tunnelman poistumatta BAS-IP-intercom-valvomosta. Crestron-sovellus on maestro, joka yhdist\u00e4\u00e4 sis\u00e4puhelimesi ja Crestron-palvelimeen liitetyt laitteet. Integrointimahdollisuuden ansiosta voit nyt helposti ohjata verhoja, kaihtimia, valoja ja musiikkia suoraan sis\u00e4puhelinmonitorista, mik\u00e4 luo harmonisen yhdistelm\u00e4n yksinkertaisuutta ja hienostuneisuutta.<\/p>\n<h2>Saumaton integrointi yhten\u00e4ist\u00e4 kokemusta varten<\/h2>\n<p>Prosessi on niin yksinkertainen kuin se vain voi olla. Saumaton integraatiomme tapahtuu suoraan BAS-IP-sis\u00e4valvontalaitteisiin yksinkertaisesti asentamalla Crestron-sovellus ja k\u00e4ytt\u00e4m\u00e4ll\u00e4 rekister\u00f6ity\u00e4 tili\u00e4. T\u00e4m\u00e4n innovatiivisen ratkaisun avulla voit nauttia yhdest\u00e4 kokemuksesta, jossa viestint\u00e4, turvallisuus ja \u00e4lykk\u00e4\u00e4n kodin hallinta yhdistyv\u00e4t yhdeksi tyylikk\u00e4\u00e4ksi ja tehokkaaksi kokonaisuudeksi.<\/p>\n<h2>Lis\u00e4\u00e4 kotisi \u00e4lykkyysosam\u00e4\u00e4r\u00e4\u00e4<\/h2>\n<p>BAS-IP SIP-v\u00e4lipuhelimien ja Crestronin kumppanuus parantaa kotisi \u00e4lykkyysosam\u00e4\u00e4r\u00e4\u00e4 ja tekee jokap\u00e4iv\u00e4isest\u00e4 el\u00e4m\u00e4st\u00e4si mukavampaa ja turvallisempaa, mutta tuo my\u00f6s ripauksen tyylikkyytt\u00e4 el\u00e4m\u00e4ntyyliisi. T\u00e4m\u00e4 integraatio muuttaa kotisi \u00e4lykk\u00e4\u00e4ksi turvapaikaksi, joka palvelee jokaista mielijohteitasi, olipa kyse sitten vieraiden vastaanottamisesta tai t\u00e4ydellisen tunnelman luomisesta romanttiselle illalliselle.<\/p>\n<h2>Koe lumoava fuusio<\/h2>\n<p>Koe BAS-IP SIP -intercomien ja Crestronin \u00e4lykk\u00e4iden kotiautomaatioj\u00e4rjestelmien lumoava yhdistelm\u00e4 ja tee kodistasi \u00e4lyk\u00e4s mestariteos, joka h\u00e4ik\u00e4isee ja ilahduttaa kaikin tavoin. Oletko valmis saamaan kotisi laulamaan mahdollisuuksista? Liity innovaation sinfoniaan jo t\u00e4n\u00e4\u00e4n!<\/p>\n<h2>Ota tulevaisuus vastaan<\/h2>\n<p>Koe taika. Anna BAS-IP:n ja Crestronin kohottaa el\u00e4m\u00e4ntyyli\u00e4si.<\/p>\n<\/div>\n<\/div>\t\t<\/div>\r\n\t\t\r\n\t\t\r\n\t\t\t<\/div>\r\n<\/section>\r\n<!-- END Block Integrations Text & Image -->\n\n<!-- START Block Sign Up --><section id=\"block_629678229e935\" class=\"sign-up-section\">\r\n\r\n    <div class=\"form-holder js-form\" data-aos=\"fade-right\">\r\n                    <div class=\"title-block h3\">Sign up for connection<\/div>\r\n        \r\n                    <div class=\"text-block\">\r\n                Filling out all the information needed to answer you as quickly as possible            <\/div>\r\n        \r\n                    \n<div class=\"wpcf7 no-js\" id=\"wpcf7-f102-o1\" lang=\"en-US\" dir=\"ltr\">\n<div class=\"screen-reader-response\"><p role=\"status\" aria-live=\"polite\" aria-atomic=\"true\"><\/p> <ul><\/ul><\/div>\n<form action=\"\/fi\/wp-json\/wp\/v2\/pages\/77515#wpcf7-f102-o1\" method=\"post\" class=\"wpcf7-form init\" aria-label=\"Contact form\" enctype=\"multipart\/form-data\" novalidate=\"novalidate\" data-status=\"init\">\n<div style=\"display: none;\">\n<input type=\"hidden\" name=\"_wpcf7\" value=\"102\" \/>\n<input type=\"hidden\" name=\"_wpcf7_version\" value=\"5.8.3\" \/>\n<input type=\"hidden\" name=\"_wpcf7_locale\" value=\"en_US\" \/>\n<input type=\"hidden\" name=\"_wpcf7_unit_tag\" value=\"wpcf7-f102-o1\" \/>\n<input type=\"hidden\" name=\"_wpcf7_container_post\" value=\"0\" \/>\n<input type=\"hidden\" name=\"_wpcf7_posted_data_hash\" value=\"\" \/>\n<input type=\"hidden\" name=\"_wpcf7_recaptcha_response\" value=\"\" \/>\n<\/div>\n<div class=\"row\"> \n <label><span class=\"label-text\">Name<\/span> \n  <span class=\"wpcf7-form-control-wrap\" data-name=\"text-full-name\"><input size=\"40\" class=\"wpcf7-form-control wpcf7-text wpcf7-validates-as-required\" aria-required=\"true\" aria-invalid=\"false\" placeholder=\"Name\" value=\"\" type=\"text\" name=\"text-full-name\" \/><\/span><\/label> \n<\/div> \n<div class=\"row\"> \n <label><span class=\"label-text\">Phone*<\/span> \n<span class=\"wpcf7-form-control-wrap\" data-name=\"phonetext-270\"><input size=\"40\" class=\"wpcf7-form-control wpcf7-phonetext wpcf7-validates-as-required wpcf7-text wpcf7-validates-as-phonetext\" aria-required=\"true\" aria-invalid=\"false\" placeholder=\"Phone*\" value=\"\" type=\"text\" name=\"phonetext-270\" \/><input type=\"hidden\" name=\"phonetext-270-country-code\" class=\"wpcf7-phonetext-country-code\" \/><\/span><\/label> \n<\/div> \n<div class=\"row\"> \n <label><span class=\"label-text\">E-mail<\/span> \n  <span class=\"wpcf7-form-control-wrap\" data-name=\"email-e-mail\"><input size=\"40\" class=\"wpcf7-form-control wpcf7-email wpcf7-validates-as-required wpcf7-text wpcf7-validates-as-email\" aria-required=\"true\" aria-invalid=\"false\" placeholder=\"E-mail\" value=\"\" type=\"email\" name=\"email-e-mail\" \/><\/span><\/label> \n<\/div> \n<div class=\"row\"><span>Your country<\/span> \n <label><span class=\"wpcf7-form-control-wrap\" data-name=\"countrytext-126\"><input size=\"40\" class=\"wpcf7-form-control wpcf7-countrytext wpcf7-text wpcf7-validates-as-countrytext\" aria-invalid=\"false\" value=\"\" type=\"text\" name=\"countrytext-126\" \/><\/span> <\/label>\n<\/div> \n<div class=\"row\"> \n <button type=\"submit\" class=\"btn\">Send<\/button> \n<\/div> \n<div class=\"row\"> \n <span class=\"wpcf7-form-control-wrap\" data-name=\"checkbox-931\"><span class=\"wpcf7-form-control wpcf7-checkbox\"><span class=\"wpcf7-list-item first\"><label><input type=\"checkbox\" name=\"checkbox-931[]\" value=\"Integrator\" \/><span class=\"wpcf7-list-item-label\">Integrator<\/span><\/label><\/span><span class=\"wpcf7-list-item\"><label><input type=\"checkbox\" name=\"checkbox-931[]\" value=\"Builder\" \/><span class=\"wpcf7-list-item-label\">Builder<\/span><\/label><\/span><span class=\"wpcf7-list-item last\"><label><input type=\"checkbox\" name=\"checkbox-931[]\" value=\"End-User\" \/><span class=\"wpcf7-list-item-label\">End-User<\/span><\/label><\/span><\/span><\/span> \n<\/div> \n<div class=\"row row-upload-file\"> \n <label class=\"upload-file-block js-upload-file\">Attach file \n  <span class=\"wpcf7-form-control-wrap\" data-name=\"file-466\"><input size=\"40\" class=\"wpcf7-form-control wpcf7-file\" accept=\"audio\/*,video\/*,image\/*\" aria-invalid=\"false\" type=\"file\" name=\"file-466\" \/><\/span><\/label> \n<\/div><input type='hidden' class='wpcf7-pum' value='{\"closepopup\":false,\"closedelay\":0,\"openpopup\":false,\"openpopup_id\":0}' \/><div class=\"wpcf7-response-output\" aria-hidden=\"true\"><\/div>\n<\/form>\n<\/div>\n            <\/div>\r\n\r\n\t\t    <div class=\"text-holder\" data-aos=\"fade-left\">\r\n\t\t\t\t\t\t    <h3 class=\"title-block\">How Can We Help?<\/h3>\r\n\t\t\t\r\n\t\t\t                <div class=\"text-block\">\r\n                    Please select a topic below related to your inquiry. If you don&#8217;t find what you need, fill out our contact form.                <\/div>\r\n\t\t\t\r\n\t\t\t\t\t\t    <ul class=\"link-list\">\r\n\t\t\t\t\t\t\t\t\t\t\t\t\t\t\t\t\t\t<li>\r\n\t\t\t\t\t\t\t\t\t\t\t\t\t\t\t\t    <strong>Get Inspired<\/strong>\r\n\t\t\t\t\t\t\t\t\t\t\t\t\t\t\t\t\t\t\t\t\t\t\t\t    <a href=\"\/features\/\">\r\n\t\t\t\t\t\t\t\t        Discover what&#8217;s beneath our intercom\t\t\t\t\t\t\t\t    <\/a>\r\n\t\t\t\t\t\t\t\t\t\t\t\t\t\t\t<\/li>\r\n\t\t\t\t\t\t\t\t\t\t\t\t\t\t\t\t\t\t\t\t\t\t\t\t<li>\r\n\t\t\t\t\t\t\t\t\t\t\t\t\t\t\t\t    <strong>Become a Partner<\/strong>\r\n\t\t\t\t\t\t\t\t\t\t\t\t\t\t\t\t\t\t\t\t\t\t\t\t    <a href=\"\/distributors\/\">\r\n\t\t\t\t\t\t\t\t        Expand your business with BAS-IP intercom\t\t\t\t\t\t\t\t    <\/a>\r\n\t\t\t\t\t\t\t\t\t\t\t\t\t\t\t<\/li>\r\n\t\t\t\t\t\t\t\t\t\t\t\t\t\t\t\t\t\t\t\t\t\t\t\t<li>\r\n\t\t\t\t\t\t\t\t\t\t\t\t\t\t\t\t    <strong>Check the Guides<\/strong>\r\n\t\t\t\t\t\t\t\t\t\t\t\t\t\t\t\t\t\t\t\t\t\t\t\t    <a href=\"\/support\/\">\r\n\t\t\t\t\t\t\t\t        Download detailed manuals and schemes\t\t\t\t\t\t\t\t    <\/a>\r\n\t\t\t\t\t\t\t\t\t\t\t\t\t\t\t<\/li>\r\n\t\t\t\t\t\t\t\t\t\t\t\t\t\t\t<\/ul>\r\n\t\t\t\r\n\t\t\t\t\t\t    <h3 class=\"title-block\">Our contacts<\/h3>\r\n\t\t\t\r\n\t\t\t\t\t\t\t<ul class=\"contact-list\">\r\n\t\t\t\t\t\t\t\t\t\t\t\t\t\t\t\t\t\t<li>\r\n\t\t\t\t\t\t\t\t\t\t\t\t\t\t\t\t\t<strong>Sales:<\/strong>\r\n\t\t\t\t\t\t\t\t\t\t\t\t\t\t\t\t\t\t\t\t\t\t\t\t    <a href=\"mailto:s&#97;&#108;es&#64;b&#97;&#115;-&#105;&#112;.&#99;&#111;&#109;\">&#115;&#97;&#108;&#101;&#115;&#64;&#98;&#97;&#115;-ip&#46;c&#111;&#109;<\/a>\r\n\t\t\t\t\t\t\t\t\t\t\t\t\t\t\t<\/li>\r\n\t\t\t\t\t\t\t\t\t\t\t\t\t\t\t\t\t\t\t\t\t\t\t\t<li>\r\n\t\t\t\t\t\t\t\t\t\t\t\t\t\t\t\t\t<strong>Technical support:<\/strong>\r\n\t\t\t\t\t\t\t\t\t\t\t\t\t\t\t\t\t\t\t\t\t\t\t\t    <a href=\"mailto:sup&#112;&#111;&#114;&#116;&#64;bas&#45;&#105;p&#46;&#99;&#111;&#109;\">s&#117;pp&#111;rt&#64;&#98;&#97;s&#45;&#105;p&#46;&#99;&#111;&#109;<\/a>\r\n\t\t\t\t\t\t\t\t\t\t\t\t\t\t\t<\/li>\r\n\t\t\t\t\t\t\t\t\t\t\t\t\t\t\t<\/ul>\r\n\t\t\t\t\t<\/div>\r\n\t<\/section>\r\n\r\n\r\n\r\n<!-- END Block Sign Up -->","protected":false},"excerpt":{"rendered":"","protected":false},"author":1,"featured_media":0,"parent":0,"menu_order":0,"comment_status":"closed","ping_status":"closed","template":"page-custom-breadcrumbs.php","meta":{"inline_featured_image":false,"footnotes":""},"class_list":["post-77515","page","type-page","status-publish","hentry"],"acf":[],"_links":{"self":[{"href":"https:\/\/bas-ip.com\/fi\/wp-json\/wp\/v2\/pages\/77515","targetHints":{"allow":["GET"]}}],"collection":[{"href":"https:\/\/bas-ip.com\/fi\/wp-json\/wp\/v2\/pages"}],"about":[{"href":"https:\/\/bas-ip.com\/fi\/wp-json\/wp\/v2\/types\/page"}],"author":[{"embeddable":true,"href":"https:\/\/bas-ip.com\/fi\/wp-json\/wp\/v2\/users\/1"}],"replies":[{"embeddable":true,"href":"https:\/\/bas-ip.com\/fi\/wp-json\/wp\/v2\/comments?post=77515"}],"version-history":[{"count":2,"href":"https:\/\/bas-ip.com\/fi\/wp-json\/wp\/v2\/pages\/77515\/revisions"}],"predecessor-version":[{"id":77550,"href":"https:\/\/bas-ip.com\/fi\/wp-json\/wp\/v2\/pages\/77515\/revisions\/77550"}],"wp:attachment":[{"href":"https:\/\/bas-ip.com\/fi\/wp-json\/wp\/v2\/media?parent=77515"}],"curies":[{"name":"wp","href":"https:\/\/api.w.org\/{rel}","templated":true}]}}