{"id":76254,"date":"2022-08-31T21:02:49","date_gmt":"2022-08-31T21:02:49","guid":{"rendered":"https:\/\/bas-ip.com\/?page_id=76254"},"modified":"2025-08-26T09:43:33","modified_gmt":"2025-08-26T09:43:33","slug":"courses","status":"publish","type":"page","link":"https:\/\/bas-ip.com\/fi\/courses\/","title":{"rendered":"Kurssit"},"content":{"rendered":"<!-- START Block Home Hero Slider --><section id=\"block_630fcbf3596ba\" class=\"home-hero-slider-section js-home-hero-slider-section\">\r\n            <div class=\"home-hero-slide\">\r\n        <picture>\r\n            \r\n            \r\n                        <img decoding=\"async\" class=\"d-block w-100\" src=\"https:\/\/bas-ip.com\/wp-content\/uploads\/2022\/09\/main_2-1.jpg\"\r\n                alt=\"slide\">\r\n            \r\n        <\/picture>\r\n        <div class=\"container\">\r\n            <div class=\"text-holder fullsize__device\">\r\n                                <div class=\"h1 title-page\">RYHDY BAS-IP-ASIANTUNTIJAKSI<\/div>\r\n                                                <div class=\"text-block\">\r\n                    Ilmaista koulutusta milloin ja miss\u00e4 tahansa, kannettavalla tietokoneella tai \u00e4lypuhelimella! Saat virallisen BAS-IP-sertifikaatin.                <\/div>\r\n                                                <a class=\"btn\" href=\"https:\/\/courses.bas-ip.com\/registration\/2b40036d-2bf1-4f55-9171-ba0e6b1811bd\"\r\n                    >\r\n                    REKISTER\u00d6IDY                <\/a>\r\n                            <\/div>\r\n            <div class=\"text-holder medium__device__show\">\r\n                                                            <\/div>\r\n            <div class=\"text-holder small__device__show\">\r\n                                                            <\/div>\r\n        <\/div>\r\n    <\/div>\r\n        <\/section>\r\n<!-- END Block Home Hero Slider -->\n\n<!-- START Block Course --><section id=\"block_6314eb1d699f4\" class=\"course-section\">\r\n\r\n            <div class=\"course-holder js-course-holder\">\r\n            <div class=\"course-nav-holder\">\r\n                                    <h2 class=\"title-section\" data-aos=\"fade-right\">Mist\u00e4 t\u00e4ll\u00e4 kurssilla on kyse ja kenelle se on tarkoitettu?<\/h2>\r\n                                                    <ul class=\"course-nav course-nav-js\" data-aos=\"fade-right\">\r\n                                                                    <li class=\"active\" data-id=\"0\">Johdanto<\/li>\r\n                                                                      <li  data-id=\"1\">Konfigurointi<\/li>\r\n                                                                      <li  data-id=\"2\">Vianm\u00e4\u00e4ritys ja huolto<\/li>\r\n                                                                      <li  data-id=\"3\">Hienos\u00e4\u00e4t\u00f6, integrointi<\/li>\r\n                                                                  <\/ul>\r\n                            <\/div>\r\n                      <div class=\"courses-slider js-courses-slider\" data-aos=\"fade-left\">\r\n                                    <div class=\"courses-slide\">\r\n                        <div class=\"name-block\">Hienos\u00e4\u00e4t\u00f6, integrointi<\/div>\r\n                                                    <div class=\"image-holder\">\r\n                              <img loading=\"lazy\" decoding=\"async\" width=\"192\" height=\"300\" src=\"https:\/\/bas-ip.com\/wp-content\/uploads\/2022\/09\/block_1.jpg\" class=\"attachment-medium size-medium\" alt=\"\" \/>                            <\/div>\r\n                                                                            <div class=\"text-holder\">\r\n                                                                                              <div class=\"text-block\"><p>Ensimm\u00e4isess\u00e4 osassa k\u00e4sitell\u00e4\u00e4n sis\u00e4puhelinj\u00e4rjestelmien perusteita, kuten saatavilla olevia sis\u00e4puhelinj\u00e4rjestelm\u00e4tyyppej\u00e4, niiden p\u00e4\u00e4komponentteja ja toimintaa. T\u00e4ss\u00e4 osassa luodaan yleiskatsaus sis\u00e4puhelintekniikkaan ja autetaan integraattoreita ymm\u00e4rt\u00e4m\u00e4\u00e4n sis\u00e4puhelinj\u00e4rjestelmien perusperiaatteet.<\/p><\/div>\r\n                                                          <\/div>\r\n                                            <\/div>\r\n                                    <div class=\"courses-slide\">\r\n                        <div class=\"name-block\">Hienos\u00e4\u00e4t\u00f6, integrointi<\/div>\r\n                                                    <div class=\"image-holder\">\r\n                              <img loading=\"lazy\" decoding=\"async\" width=\"192\" height=\"300\" src=\"https:\/\/bas-ip.com\/wp-content\/uploads\/2023\/03\/Courses_4.jpg\" class=\"attachment-medium size-medium\" alt=\"\" \/>                            <\/div>\r\n                                                                            <div class=\"text-holder\">\r\n                                                                                              <div class=\"text-block\"><p>Toisessa osassa perehdyt\u00e4\u00e4n sis\u00e4puhelinj\u00e4rjestelmien integroinnin yksityiskohtiin, jotka kattavat johdotuksen, verkon konfiguroinnin ja \u00e4\u00e4nenlaadun optimoinnin. T\u00e4ss\u00e4 osassa integraattorit saavat teknist\u00e4 tietoa sis\u00e4puhelinj\u00e4rjestelmien suunnitteluun ja asennukseen.<\/p><\/div>\r\n                                                          <\/div>\r\n                                            <\/div>\r\n                                    <div class=\"courses-slide\">\r\n                        <div class=\"name-block\">Hienos\u00e4\u00e4t\u00f6, integrointi<\/div>\r\n                                                    <div class=\"image-holder\">\r\n                              <img loading=\"lazy\" decoding=\"async\" width=\"192\" height=\"300\" src=\"https:\/\/bas-ip.com\/wp-content\/uploads\/2023\/03\/Courses_3.jpg\" class=\"attachment-medium size-medium\" alt=\"\" \/>                            <\/div>\r\n                                                                            <div class=\"text-holder\">\r\n                                                                                              <div class=\"text-block\"><p>Kolmannessa osassa k\u00e4sitell\u00e4\u00e4n vianetsint\u00e4\u00e4 ja huoltoa, k\u00e4sitell\u00e4\u00e4n yleisi\u00e4 ongelmia, joita integraattorit voivat kohdata, ja annetaan neuvoja niiden diagnosointiin ja korjaamiseen. T\u00e4ss\u00e4 osassa tarkastellaan my\u00f6s s\u00e4\u00e4nn\u00f6llisi\u00e4 huoltoteht\u00e4vi\u00e4, jotka integraattoreiden on suoritettava ovikommunikointij\u00e4rjestelmien optimaalisen toiminnan yll\u00e4pit\u00e4miseksi.<\/p><\/div>\r\n                                                          <\/div>\r\n                                            <\/div>\r\n                                    <div class=\"courses-slide\">\r\n                        <div class=\"name-block\">Hienos\u00e4\u00e4t\u00f6, integrointi<\/div>\r\n                                                    <div class=\"image-holder\">\r\n                              <img loading=\"lazy\" decoding=\"async\" width=\"192\" height=\"300\" src=\"https:\/\/bas-ip.com\/wp-content\/uploads\/2023\/03\/Courses_2.jpg\" class=\"attachment-medium size-medium\" alt=\"\" \/>                            <\/div>\r\n                                                                            <div class=\"text-holder\">\r\n                                                                                              <div class=\"text-block\"><p>Nelj\u00e4nness\u00e4 osassa k\u00e4sitell\u00e4\u00e4n oviviestint\u00e4j\u00e4rjestelmien integroinnin edistyneempi\u00e4 aiheita, kuten sis\u00e4puhelinj\u00e4rjestelmien integrointia muihin j\u00e4rjestelmiin, kehittyneit\u00e4 \u00e4\u00e4nenk\u00e4sittelytekniikoita ja sis\u00e4puhelinj\u00e4rjestelmien k\u00e4ytt\u00f6\u00e4 erikoissovelluksissa. T\u00e4m\u00e4 osa antaa integraattoreille tietoa, jota he tarvitsevat monimutkaisten integraatioprojektien toteuttamiseen ja etenemiseen t\u00e4ll\u00e4 nopeasti kehittyv\u00e4ll\u00e4 alalla.<\/p><\/div>\r\n                                                          <\/div>\r\n                                            <\/div>\r\n                            <\/div>\r\n                  <\/div>\r\n    \r\n\r\n            <ul class=\"icons-list\">\r\n                                      <li data-aos=\"fade-up\" data-aos-delay=\"100\">\r\n                                            <div class=\"icon-block\"><img loading=\"lazy\" decoding=\"async\" width=\"56\" height=\"56\" src=\"https:\/\/bas-ip.com\/wp-content\/uploads\/2022\/09\/Mask-group-3.png\" class=\"attachment-medium size-medium\" alt=\"\" \/><\/div>\r\n                    \r\n                                            <div class=\"title-block\">ASENTAJAT<\/div>\r\n                    \r\n                                            <div class=\"text-block\">Tutustu BAS-IP-laitteiden asentamiseen ja konfigurointiin suoraan valmistajalta.<\/div>\r\n                                    <\/li>\r\n                                          <li data-aos=\"fade-up\" data-aos-delay=\"200\">\r\n                                            <div class=\"icon-block\"><img loading=\"lazy\" decoding=\"async\" width=\"56\" height=\"56\" src=\"https:\/\/bas-ip.com\/wp-content\/uploads\/2022\/09\/Mask-group-1.png\" class=\"attachment-medium size-medium\" alt=\"\" \/><\/div>\r\n                    \r\n                                            <div class=\"title-block\">MYYNTIP\u00c4\u00c4LLIK\u00d6T<\/div>\r\n                    \r\n                                            <div class=\"text-block\">Tutustu tuotteeseen vakavasti ja opi lis\u00e4\u00e4 sen ominaisuuksista.<\/div>\r\n                                    <\/li>\r\n                                          <li data-aos=\"fade-up\" data-aos-delay=\"300\">\r\n                                            <div class=\"icon-block\"><img loading=\"lazy\" decoding=\"async\" width=\"52\" height=\"52\" src=\"https:\/\/bas-ip.com\/wp-content\/uploads\/2022\/09\/Mask-group-2.png\" class=\"attachment-medium size-medium\" alt=\"\" \/><\/div>\r\n                    \r\n                                            <div class=\"title-block\">INTEGRATORS<\/div>\r\n                    \r\n                                            <div class=\"text-block\">Tutustu k\u00e4ytt\u00f6valmiiden BAS-IP-ratkaisujen toteuttamismahdollisuuksiin erityyppisiss\u00e4 laitoksissa.<\/div>\r\n                                    <\/li>\r\n                                  <\/ul>\r\n    <\/section>\r\n<!-- END Block Course -->\n\n<!-- START Block Product Installation --><section id=\"block_6411dd14b579f\" class=\"product-installation-section\">\r\n\t<div class=\"text-holder\">\r\n                    <\/div>\r\n\r\n\t\t    <div class=\"installation-blocks-list\">\r\n\t\t\t\t\t\t\t\t\t\t\t\t<div class=\"installation-block-item image-position-right\">\r\n\t\t\t\t\t\t<div class=\"text-holder\" data-aos=\"fade-right\">\r\n                                                            <h3 class=\"h2 title-section\">MITEN KURSSI ON J\u00c4SENNELTY?<\/h3>\r\n                            \r\n                                                            <div class=\"text-section\">\r\n                                  <p>Tekninen koulutus on suunniteltu modulaarisesti, jotta osallistujat voivat oppia omaan tahtiinsa ja keskitty\u00e4 tarpeisiinsa sopiviin osa-alueisiin. Kurssi on jaettu moduuleihin, joista kukin k\u00e4sittelee tietty\u00e4 sis\u00e4puhelinj\u00e4rjestelm\u00e4n integrointiin liittyv\u00e4\u00e4 aihetta. Kukin moduuli rakentuu teoriasta ja k\u00e4yt\u00e4nn\u00f6n harjoituksista, jolloin osallistujat voivat soveltaa oppimaansa todellisiin skenaarioihin.<\/p>\n<p>T\u00e4ll\u00e4 l\u00e4hestymistavalla varmistetaan, ett\u00e4 osallistujat ymm\u00e4rt\u00e4v\u00e4t ajatuksen ja saavat k\u00e4yt\u00e4nn\u00f6n taidot ovikommunikaatioj\u00e4rjestelmien tehokasta suunnittelua, asennusta ja yll\u00e4pitoa varten. Lis\u00e4ksi kurssilla on oppimiskokemuksen tehostamiseksi erilaisia multimediamateriaaleja, kuten videoita, kaavioita ja interaktiivisia simulaatioita. Osallistujilla on my\u00f6s mahdollisuus k\u00e4ytt\u00e4\u00e4 verkkoresursseja ja tukiverkostoa, johon kuuluu kouluttajia ja kurssitovereita, jotka auttavat heit\u00e4 pysym\u00e4\u00e4n kurssilla ja k\u00e4sittelem\u00e4\u00e4n mahdollisia kysymyksi\u00e4 tai huolenaiheita.<\/p>\n                                <\/div>\r\n                                                    <\/div>\r\n\r\n                                                    <div class=\"image-holder\" data-aos=\"fade-left\">\r\n                                <div class=\"image-block\">\r\n                                    <img loading=\"lazy\" decoding=\"async\" width=\"944\" height=\"560\" src=\"https:\/\/bas-ip.com\/wp-content\/uploads\/2023\/03\/337-1.jpg\" class=\"attachment-full size-full\" alt=\"\" srcset=\"https:\/\/bas-ip.com\/wp-content\/uploads\/2023\/03\/337-1.jpg 944w,  https:\/\/bas-ip.com\/wp-content\/uploads\/2023\/03\/337-1-300x178.jpg 300w,  https:\/\/bas-ip.com\/wp-content\/uploads\/2023\/03\/337-1-768x456.jpg 768w,  https:\/\/bas-ip.com\/wp-content\/uploads\/2023\/03\/337-1-767x455.jpg 767w\" sizes=\"auto, (max-width: 944px) 100vw, 944px\" \/>                                <\/div>\r\n                            <\/div>\r\n                            \t\t\t\t\t<\/div>\r\n\t\t\t\t\t\t\t\t\t<\/div>\r\n\t<\/section>\r\n<!-- END Block Product Installation -->\n\n<!-- START Block About Us Text & Image --><section id=\"block_630fd51d596c5\" class=\"about-text-image-section\">\r\n\t        <div class=\"image-holder\" data-aos=\"fade-right\">\r\n\t        <img loading=\"lazy\" decoding=\"async\" width=\"438\" height=\"798\" src=\"https:\/\/bas-ip.com\/wp-content\/uploads\/2022\/09\/phone.png\" class=\"attachment-medium_large size-medium_large\" alt=\"\" srcset=\"https:\/\/bas-ip.com\/wp-content\/uploads\/2022\/09\/phone.png 438w,  https:\/\/bas-ip.com\/wp-content\/uploads\/2022\/09\/phone-165x300.png 165w\" sizes=\"auto, (max-width: 438px) 100vw, 438px\" \/>        <\/div>\r\n\t\r\n    <div class=\"text-holder\" data-aos=\"fade-left\">\r\n                            <div class=\"text-block\">\r\n                <h4><span style=\"color: #d32d23;\">VERKOSSA<\/span><\/h4>\n<p>Verkkokoulutus koostuu videotunneista, ja se on jaettu lohkoihin. Kun olet katsonut kunkin lohkon videotunnit, sinun on suoritettava v\u00e4likoe. Kun olet l\u00e4p\u00e4issyt v\u00e4likokeen, p\u00e4\u00e4set seuraavaan lohkoon. Kun olet katsonut kaikki videot ja l\u00e4p\u00e4issyt kaikki v\u00e4likokeet, on loppukoe.<\/p>\n<h4><span style=\"color: #d32d23;\">OFFLINE-TILASSA<\/span><\/h4>\n<p>Kaikki, jotka ovat suorittaneet verkkokoulutuksen ja l\u00e4p\u00e4isseet loppukokeen, ovat oikeutettuja k\u00e4yt\u00e4nn\u00f6n koulutukseen ja sertifiointiin. Offline-koulutusta ja sertifiointia j\u00e4rjestet\u00e4\u00e4n m\u00e4\u00e4r\u00e4ajoin maasi virallisen jakelijan toimistossa.<\/p>            <\/div>\r\n            <\/div>\r\n<\/section>\r\n<!-- END Block About Us Text & Image -->\n\n<!-- START Block About Us Text & Image --><section id=\"block_630fd575596c6\" class=\"about-text-image-section\">\r\n\t        <div class=\"image-holder\" data-aos=\"fade-right\">\r\n\t        <img loading=\"lazy\" decoding=\"async\" width=\"640\" height=\"780\" src=\"https:\/\/bas-ip.com\/wp-content\/uploads\/2022\/08\/license_img_c2-1.png\" class=\"attachment-medium_large size-medium_large\" alt=\"\" srcset=\"https:\/\/bas-ip.com\/wp-content\/uploads\/2022\/08\/license_img_c2-1.png 640w,  https:\/\/bas-ip.com\/wp-content\/uploads\/2022\/08\/license_img_c2-1-246x300.png 246w\" sizes=\"auto, (max-width: 640px) 100vw, 640px\" \/>        <\/div>\r\n\t\r\n    <div class=\"text-holder\" data-aos=\"fade-left\">\r\n                    <h2 class=\"title-section\">ERIKOISL\u00c4\u00c4K\u00c4RINTODISTUS<\/h2>\r\n                            <div class=\"text-block\">\r\n                <p>Maksuton koulutusohjelmamme on suunniteltu sertifioitujen ammattilaisten kouluttamiseen, ja sen avulla yritykset voivat varmistaa, ett\u00e4 heid\u00e4n henkil\u00f6kuntansa on t\u00e4ysin koulutettu ja p\u00e4tev\u00e4 ottamaan k\u00e4ytt\u00f6\u00f6n BAS-IP-tuotteita. T\u00e4m\u00e4 sertifikaatti on todiste t\u00e4st\u00e4.<\/p>\n<p><a href=\"https:\/\/courses.bas-ip.com\/registration\/2b40036d-2bf1-4f55-9171-ba0e6b1811bd\">REKISTER\u00d6IDY<\/a><\/p>            <\/div>\r\n            <\/div>\r\n<\/section>\r\n<!-- END Block About Us Text & Image -->\n\n<!-- START Block CTA Courses --><section data-aos=\"fade-up\" id=\"block_630fde6a1b048\" class=\"cta-courses-section\">\r\n    <div class=\"bg-block\" style=\"background-image: url('https:\/\/bas-ip.com\/wp-content\/uploads\/2022\/09\/block_install.jpg');\"><\/div>\r\n    <div class=\"text-holder\" data-aos=\"fade-right\" data-aos-delay=\"300\">\r\n                    <h2 class=\"title-section\">Eik\u00f6 sinulla ole mahdollisuutta opiskella toimistossa?<\/h2>\r\n        \r\n\r\n    <\/div>\r\n\r\n\t        <div class=\"link-holder\" data-aos=\"fade-left\" data-aos-delay=\"300\">\r\n                        <div class=\"text-section\">\r\n                Lataa kurssimme ja opi \u00e4lypuhelimellasi.              <\/div>\r\n                                  <a href=\"https:\/\/apps.apple.com\/us\/app\/unicraft\/id1540267679?roistat_visit=220783\" class=\"icon-app-store\" target=\"_blank\" rel=\"noopener\">app store<\/a>\r\n          \r\n                        <a href=\"https:\/\/play.google.com\/store\/apps\/details?id=org.unicraft.app&#038;roistat_visit=220783\" class=\"icon-google-play\" target=\"_blank\" rel=\"noopener\">google play<\/a>\r\n                  <\/div>\r\n\t<\/section>\r\n<!-- END Block CTA Courses -->\n\n<!-- START Block Sign Up --><section id=\"block_630fd153596bc\" class=\"sign-up-section\">\r\n\r\n    <div class=\"form-holder js-form\" data-aos=\"fade-right\">\r\n                    <div class=\"title-block h3\">Rekister\u00f6idy yhteytt\u00e4 varten<\/div>\r\n        \r\n                    <div class=\"text-block\">\r\n                T\u00e4yt\u00e4 kaikki tarvittavat tiedot, jotta voimme vastata sinulle mahdollisimman nopeasti            <\/div>\r\n        \r\n                    \n<div class=\"wpcf7 no-js\" id=\"wpcf7-f102-o1\" lang=\"en-US\" dir=\"ltr\">\n<div class=\"screen-reader-response\"><p role=\"status\" aria-live=\"polite\" aria-atomic=\"true\"><\/p> <ul><\/ul><\/div>\n<form action=\"\/fi\/wp-json\/wp\/v2\/pages\/76254#wpcf7-f102-o1\" method=\"post\" class=\"wpcf7-form init\" aria-label=\"Contact form\" enctype=\"multipart\/form-data\" novalidate=\"novalidate\" data-status=\"init\">\n<div style=\"display: none;\">\n<input type=\"hidden\" name=\"_wpcf7\" value=\"102\" \/>\n<input type=\"hidden\" name=\"_wpcf7_version\" value=\"5.8.3\" \/>\n<input type=\"hidden\" name=\"_wpcf7_locale\" value=\"en_US\" \/>\n<input type=\"hidden\" name=\"_wpcf7_unit_tag\" value=\"wpcf7-f102-o1\" \/>\n<input type=\"hidden\" name=\"_wpcf7_container_post\" value=\"0\" \/>\n<input type=\"hidden\" name=\"_wpcf7_posted_data_hash\" value=\"\" \/>\n<input type=\"hidden\" name=\"_wpcf7_recaptcha_response\" value=\"\" \/>\n<\/div>\n<div class=\"row\"> \n <label><span class=\"label-text\">Name<\/span> \n  <span class=\"wpcf7-form-control-wrap\" data-name=\"text-full-name\"><input size=\"40\" class=\"wpcf7-form-control wpcf7-text wpcf7-validates-as-required\" aria-required=\"true\" aria-invalid=\"false\" placeholder=\"Name\" value=\"\" type=\"text\" name=\"text-full-name\" \/><\/span><\/label> \n<\/div> \n<div class=\"row\"> \n <label><span class=\"label-text\">Phone*<\/span> \n<span class=\"wpcf7-form-control-wrap\" data-name=\"phonetext-270\"><input size=\"40\" class=\"wpcf7-form-control wpcf7-phonetext wpcf7-validates-as-required wpcf7-text wpcf7-validates-as-phonetext\" aria-required=\"true\" aria-invalid=\"false\" placeholder=\"Phone*\" value=\"\" type=\"text\" name=\"phonetext-270\" \/><input type=\"hidden\" name=\"phonetext-270-country-code\" class=\"wpcf7-phonetext-country-code\" \/><\/span><\/label> \n<\/div> \n<div class=\"row\"> \n <label><span class=\"label-text\">E-mail<\/span> \n  <span class=\"wpcf7-form-control-wrap\" data-name=\"email-e-mail\"><input size=\"40\" class=\"wpcf7-form-control wpcf7-email wpcf7-validates-as-required wpcf7-text wpcf7-validates-as-email\" aria-required=\"true\" aria-invalid=\"false\" placeholder=\"E-mail\" value=\"\" type=\"email\" name=\"email-e-mail\" \/><\/span><\/label> \n<\/div> \n<div class=\"row\"><span>Your country<\/span> \n <label><span class=\"wpcf7-form-control-wrap\" data-name=\"countrytext-126\"><input size=\"40\" class=\"wpcf7-form-control wpcf7-countrytext wpcf7-text wpcf7-validates-as-countrytext\" aria-invalid=\"false\" value=\"\" type=\"text\" name=\"countrytext-126\" \/><\/span> <\/label>\n<\/div> \n<div class=\"row\"> \n <button type=\"submit\" class=\"btn\">Send<\/button> \n<\/div> \n<div class=\"row\"> \n <span class=\"wpcf7-form-control-wrap\" data-name=\"checkbox-931\"><span class=\"wpcf7-form-control wpcf7-checkbox\"><span class=\"wpcf7-list-item first\"><label><input type=\"checkbox\" name=\"checkbox-931[]\" value=\"Integrator\" \/><span class=\"wpcf7-list-item-label\">Integrator<\/span><\/label><\/span><span class=\"wpcf7-list-item\"><label><input type=\"checkbox\" name=\"checkbox-931[]\" value=\"Builder\" \/><span class=\"wpcf7-list-item-label\">Builder<\/span><\/label><\/span><span class=\"wpcf7-list-item last\"><label><input type=\"checkbox\" name=\"checkbox-931[]\" value=\"End-User\" \/><span class=\"wpcf7-list-item-label\">End-User<\/span><\/label><\/span><\/span><\/span> \n<\/div> \n<div class=\"row row-upload-file\"> \n <label class=\"upload-file-block js-upload-file\">Attach file \n  <span class=\"wpcf7-form-control-wrap\" data-name=\"file-466\"><input size=\"40\" class=\"wpcf7-form-control wpcf7-file\" accept=\"audio\/*,video\/*,image\/*\" aria-invalid=\"false\" type=\"file\" name=\"file-466\" \/><\/span><\/label> \n<\/div><input type='hidden' class='wpcf7-pum' value='{\"closepopup\":false,\"closedelay\":0,\"openpopup\":false,\"openpopup_id\":0}' \/><div class=\"wpcf7-response-output\" aria-hidden=\"true\"><\/div>\n<\/form>\n<\/div>\n            <\/div>\r\n\r\n\t\t    <div class=\"text-holder\" data-aos=\"fade-left\">\r\n\t\t\t\t\t\t    <h3 class=\"title-block\">Kuinka voimme auttaa?<\/h3>\r\n\t\t\t\r\n\t\t\t                <div class=\"text-block\">\r\n                    Valitse alta kyselyysi liittyv\u00e4 aihe. Jos et l\u00f6yd\u00e4 etsim\u00e4\u00e4si, t\u00e4yt\u00e4 yhteydenottolomakkeemme.                <\/div>\r\n\t\t\t\r\n\t\t\t\t\t\t    <ul class=\"link-list\">\r\n\t\t\t\t\t\t\t\t\t\t\t\t\t\t\t\t\t\t<li>\r\n\t\t\t\t\t\t\t\t\t\t\t\t\t\t\t\t    <strong>Inspiroidu<\/strong>\r\n\t\t\t\t\t\t\t\t\t\t\t\t\t\t\t\t\t\t\t\t\t\t\t\t    <a href=\"\/features\/\">\r\n\t\t\t\t\t\t\t\t        Tutustu sis\u00e4puhelimemme alla oleviin tiloihin\t\t\t\t\t\t\t\t    <\/a>\r\n\t\t\t\t\t\t\t\t\t\t\t\t\t\t\t<\/li>\r\n\t\t\t\t\t\t\t\t\t\t\t\t\t\t\t\t\t\t\t\t\t\t\t\t<li>\r\n\t\t\t\t\t\t\t\t\t\t\t\t\t\t\t\t    <strong>Ryhdy kumppaniksi<\/strong>\r\n\t\t\t\t\t\t\t\t\t\t\t\t\t\t\t\t\t\t\t\t\t\t\t\t    <a href=\"\/distributors\/\">\r\n\t\t\t\t\t\t\t\t        Laajenna liiketoimintaasi BAS-IP-sis\u00e4puhelimella\t\t\t\t\t\t\t\t    <\/a>\r\n\t\t\t\t\t\t\t\t\t\t\t\t\t\t\t<\/li>\r\n\t\t\t\t\t\t\t\t\t\t\t\t\t\t\t\t\t\t\t\t\t\t\t\t<li>\r\n\t\t\t\t\t\t\t\t\t\t\t\t\t\t\t\t    <strong>Tarkista oppaat<\/strong>\r\n\t\t\t\t\t\t\t\t\t\t\t\t\t\t\t\t\t\t\t\t\t\t\t\t    <a href=\"\/support\/\">\r\n\t\t\t\t\t\t\t\t        Lataa yksityiskohtaiset k\u00e4ytt\u00f6ohjeet ja kaaviot\t\t\t\t\t\t\t\t    <\/a>\r\n\t\t\t\t\t\t\t\t\t\t\t\t\t\t\t<\/li>\r\n\t\t\t\t\t\t\t\t\t\t\t\t\t\t\t<\/ul>\r\n\t\t\t\r\n\t\t\t\t\t\t    <h3 class=\"title-block\">Yhteystietomme<\/h3>\r\n\t\t\t\r\n\t\t\t\t\t\t\t<ul class=\"contact-list\">\r\n\t\t\t\t\t\t\t\t\t\t\t\t\t\t\t\t\t\t<li>\r\n\t\t\t\t\t\t\t\t\t\t\t\t\t\t\t\t\t<strong>Myynti:<\/strong>\r\n\t\t\t\t\t\t\t\t\t\t\t\t\t\t\t\t\t\t\t\t\t\t\t\t    <a href=\"mailto:s&#97;l&#101;&#115;&#64;&#98;&#97;&#115;-i&#112;&#46;c&#111;m\">s&#97;les&#64;ba&#115;&#45;ip&#46;co&#109;<\/a>\r\n\t\t\t\t\t\t\t\t\t\t\t\t\t\t\t<\/li>\r\n\t\t\t\t\t\t\t\t\t\t\t\t\t\t\t\t\t\t\t\t\t\t\t\t<li>\r\n\t\t\t\t\t\t\t\t\t\t\t\t\t\t\t\t\t<strong>Tekninen tuki:<\/strong>\r\n\t\t\t\t\t\t\t\t\t\t\t\t\t\t\t\t\t\t\t\t\t\t\t\t    <a href=\"mailto:s&#117;ppo&#114;t&#64;b&#97;s&#45;&#105;&#112;.c&#111;m\">&#115;upp&#111;r&#116;&#64;b&#97;s&#45;&#105;p.&#99;om<\/a>\r\n\t\t\t\t\t\t\t\t\t\t\t\t\t\t\t<\/li>\r\n\t\t\t\t\t\t\t\t\t\t\t\t\t\t\t<\/ul>\r\n\t\t\t\t\t<\/div>\r\n\t<\/section>\r\n\r\n\r\n\r\n<!-- END Block Sign Up -->","protected":false},"excerpt":{"rendered":"","protected":false},"author":1,"featured_media":0,"parent":0,"menu_order":0,"comment_status":"closed","ping_status":"closed","template":"","meta":{"inline_featured_image":false,"footnotes":""},"class_list":["post-76254","page","type-page","status-publish","hentry"],"acf":[],"_links":{"self":[{"href":"https:\/\/bas-ip.com\/fi\/wp-json\/wp\/v2\/pages\/76254","targetHints":{"allow":["GET"]}}],"collection":[{"href":"https:\/\/bas-ip.com\/fi\/wp-json\/wp\/v2\/pages"}],"about":[{"href":"https:\/\/bas-ip.com\/fi\/wp-json\/wp\/v2\/types\/page"}],"author":[{"embeddable":true,"href":"https:\/\/bas-ip.com\/fi\/wp-json\/wp\/v2\/users\/1"}],"replies":[{"embeddable":true,"href":"https:\/\/bas-ip.com\/fi\/wp-json\/wp\/v2\/comments?post=76254"}],"version-history":[{"count":7,"href":"https:\/\/bas-ip.com\/fi\/wp-json\/wp\/v2\/pages\/76254\/revisions"}],"predecessor-version":[{"id":142139,"href":"https:\/\/bas-ip.com\/fi\/wp-json\/wp\/v2\/pages\/76254\/revisions\/142139"}],"wp:attachment":[{"href":"https:\/\/bas-ip.com\/fi\/wp-json\/wp\/v2\/media?parent=76254"}],"curies":[{"name":"wp","href":"https:\/\/api.w.org\/{rel}","templated":true}]}}