{"id":160255,"date":"2026-02-02T03:51:00","date_gmt":"2026-02-02T03:51:00","guid":{"rendered":"https:\/\/bas-ip.com\/hartman\/"},"modified":"2026-03-25T11:44:00","modified_gmt":"2026-03-25T11:44:00","slug":"hartman","status":"publish","type":"page","link":"https:\/\/bas-ip.com\/fi\/hartman\/","title":{"rendered":"Hartman"},"content":{"rendered":"<h2>BAS-IP ja Hartman Controls ilmoittavat integraatiosta, joka m\u00e4\u00e4rittelee rakennusten kulunvalvonnan uudelleen<\/h2>\n<p><img loading=\"lazy\" decoding=\"async\" class=\"aligncenter size-large wp-image-155099\" src=\"https:\/\/bas-ip.com\/wp-content\/uploads\/2026\/02\/Hartman_logo_n-1024x296.png\" alt=\"\" width=\"900\" height=\"260\" srcset=\"https:\/\/bas-ip.com\/wp-content\/uploads\/2026\/02\/Hartman_logo_n-1024x296.png 1024w,  https:\/\/bas-ip.com\/wp-content\/uploads\/2026\/02\/Hartman_logo_n-300x87.png 300w,  https:\/\/bas-ip.com\/wp-content\/uploads\/2026\/02\/Hartman_logo_n-768x222.png 768w,  https:\/\/bas-ip.com\/wp-content\/uploads\/2026\/02\/Hartman_logo_n-1536x444.png 1536w,  https:\/\/bas-ip.com\/wp-content\/uploads\/2026\/02\/Hartman_logo_n-2048x592.png 2048w,  https:\/\/bas-ip.com\/wp-content\/uploads\/2026\/02\/Hartman_logo_n-1920x555.png 1920w,  https:\/\/bas-ip.com\/wp-content\/uploads\/2026\/02\/Hartman_logo_n-767x222.png 767w,  https:\/\/bas-ip.com\/wp-content\/uploads\/2026\/02\/Hartman_logo_n-1534x443.png 1534w\" sizes=\"auto, (max-width: 900px) 100vw, 900px\" \/><\/p>\n<p data-path-to-node=\"1\"><strong>BAS-IP, johtava IP-ovipuhelinj\u00e4rjestelmien kehitt\u00e4j\u00e4, ja Hartman Controls, integroituun kulunvalvontaan erikoistunut edell\u00e4k\u00e4vij\u00e4, ovat julkistaneet strategisen integraation. T\u00e4m\u00e4 kumppanuus yhdist\u00e4\u00e4 BAS-IP:n edistykselliset ovikojeet Odyssey-ekosysteemiin tarjoten yhten\u00e4isen ja skaalautuvan ratkaisun nykyaikaisiin asuin- ja liikerakennuksiin.<\/strong><\/p>\n<p data-path-to-node=\"2\">Integraation ytimess\u00e4 on saumaton yhteisty\u00f6 BAS-IP-laitteiston ja <strong>Odyssey-alustan<\/strong> v\u00e4lill\u00e4. Hy\u00f6dynt\u00e4m\u00e4ll\u00e4 SIP-pohjaista viestint\u00e4\u00e4 ja BAS-IP Open API -rajapintaa, j\u00e4rjestelm\u00e4t toimivat yhdess\u00e4 hallitakseen tunnistetietoja, viestint\u00e4\u00e4 ja turvallisuutta yhdest\u00e4 keskitetyst\u00e4 k\u00e4ytt\u00f6liittym\u00e4st\u00e4.<\/p>\n<p data-path-to-node=\"3\">Odyssey-j\u00e4rjestelm\u00e4 toimii ensisijaisena hallintakeskuksena. Turvaoperaattorit voivat hallita asukkaita, ovia ja k\u00e4ytt\u00f6oikeuksia, kun taas BAS-IP Link -alusta varmistaa, ett\u00e4 kaikki konfigurointitiedot \u2014 mukaan lukien SIP-parametrit ja yhteystietoluettelot \u2014 synkronoidaan automaattisesti koko ovipuhelininfrastruktuurissa.<\/p>\n<h3 data-path-to-node=\"4\">T\u00e4rkeimm\u00e4t edut:<\/h3>\n<ul>\n<li data-path-to-node=\"5,0,0\"><b data-path-to-node=\"5,0,0\" data-index-in-node=\"0\">Keskitetty hallinta<\/b> \u2013 Kulunvalvonnan, ovipuhelinten ja videon yhten\u00e4inen hallinta Odyssey-ekosysteemiss\u00e4.<\/li>\n<li data-path-to-node=\"5,1,0\"><b data-path-to-node=\"5,1,0\" data-index-in-node=\"0\">Parempi liikkuvuus<\/b> \u2013 Asukkaat ja henkil\u00f6kunta voivat vastaanottaa ovipuhelinpuheluita mobiilisovelluksilla (HC-Key ja HC-Admin).<\/li>\n<li data-path-to-node=\"5,2,0\"><b data-path-to-node=\"5,2,0\" data-index-in-node=\"0\">Automatisoitu synkronointi<\/b> \u2013 Yhteystietojen ja SIP-asetusten reaaliaikainen synkronointi BAS-IP Open API:n kautta.<\/li>\n<li data-path-to-node=\"5,3,0\"><b data-path-to-node=\"5,3,0\" data-index-in-node=\"0\">Skaalautuva arkkitehtuuri<\/b> \u2013 Tulevaisuuden varma ratkaisu, joka soveltuu asuinkerrostaloihin, liikekiinteist\u00f6ihin ja monik\u00e4ytt\u00f6isiin kohteisiin.<\/li>\n<\/ul>\n<h3 data-path-to-node=\"6\">N\u00e4in integraatio toimii:<\/h3>\n<ol>\n<li data-path-to-node=\"7,0,0\"><b data-path-to-node=\"7,0,0\" data-index-in-node=\"0\">Rekister\u00f6inti:<\/b> J\u00e4rjestelm\u00e4nvalvoja hallitsee tunnisteita ja asukastietoja Hartman Odyssey -alustalla.<\/li>\n<li data-path-to-node=\"7,1,0\"><b data-path-to-node=\"7,1,0\" data-index-in-node=\"0\">Synkronointi:<\/b> Odyssey synkronoi SIP-tilit ja yhteystietoluettelot suoraan ovikojeisiin BAS-IP Open API:n avulla.<\/li>\n<li data-path-to-node=\"7,2,0\"><b data-path-to-node=\"7,2,0\" data-index-in-node=\"0\">Soittaminen:<\/b> Vierailija valitsee nimen BAS-IP-ovikojeen luettelosta. Puhelu reititet\u00e4\u00e4n Odyssey SIP -infrastruktuurin kautta.<\/li>\n<li data-path-to-node=\"7,3,0\"><b data-path-to-node=\"7,3,0\" data-index-in-node=\"0\">Viestint\u00e4:<\/b> Asukkaat tai operaattorit vastaanottavat puhelun HC-Key-mobiilisovelluksella, Odyssey-ty\u00f6p\u00f6yt\u00e4ohjelmistolla tai kiinteill\u00e4 ty\u00f6pisteill\u00e4.<\/li>\n<li data-path-to-node=\"7,4,0\"><b data-path-to-node=\"7,4,0\" data-index-in-node=\"0\">P\u00e4\u00e4sy:<\/b> Ovi avataan et\u00e4n\u00e4 integroidun Odyssey-k\u00e4ytt\u00f6liittym\u00e4n kautta, ja tapahtumasta s\u00e4ilyy turvallinen lokitieto.<\/li>\n<\/ol>\n<p data-path-to-node=\"8\">T\u00e4m\u00e4 integraatio poistaa &#8221;pirstaloituneen j\u00e4rjestelm\u00e4n&#8221; ongelman korvaamalla erilliset komponentit yhten\u00e4isell\u00e4 ymp\u00e4rist\u00f6ll\u00e4. Se lyhent\u00e4\u00e4 asentajien k\u00e4ytt\u00f6\u00f6nottosaikaa ja parantaa rakennuksen k\u00e4ytt\u00e4jien p\u00e4ivitt\u00e4ist\u00e4 kokemusta.<\/p>\n\n<!-- START Block Sign Up --><section id=\"block_629678229e935\" class=\"sign-up-section\">\r\n\r\n    <div class=\"form-holder js-form\" data-aos=\"fade-right\">\r\n                    <div class=\"title-block h3\">Sign up for connection<\/div>\r\n        \r\n                    <div class=\"text-block\">\r\n                Filling out all the information needed to answer you as quickly as possible            <\/div>\r\n        \r\n                    \n<div class=\"wpcf7 no-js\" id=\"wpcf7-f102-o1\" lang=\"en-US\" dir=\"ltr\">\n<div class=\"screen-reader-response\"><p role=\"status\" aria-live=\"polite\" aria-atomic=\"true\"><\/p> <ul><\/ul><\/div>\n<form action=\"\/fi\/wp-json\/wp\/v2\/pages\/160255#wpcf7-f102-o1\" method=\"post\" class=\"wpcf7-form init\" aria-label=\"Contact form\" enctype=\"multipart\/form-data\" novalidate=\"novalidate\" data-status=\"init\">\n<div style=\"display: none;\">\n<input type=\"hidden\" name=\"_wpcf7\" value=\"102\" \/>\n<input type=\"hidden\" name=\"_wpcf7_version\" value=\"5.8.3\" \/>\n<input type=\"hidden\" name=\"_wpcf7_locale\" value=\"en_US\" \/>\n<input type=\"hidden\" name=\"_wpcf7_unit_tag\" value=\"wpcf7-f102-o1\" \/>\n<input type=\"hidden\" name=\"_wpcf7_container_post\" value=\"0\" \/>\n<input type=\"hidden\" name=\"_wpcf7_posted_data_hash\" value=\"\" \/>\n<input type=\"hidden\" name=\"_wpcf7_recaptcha_response\" value=\"\" \/>\n<\/div>\n<div class=\"row\"> \n <label><span class=\"label-text\">Name<\/span> \n  <span class=\"wpcf7-form-control-wrap\" data-name=\"text-full-name\"><input size=\"40\" class=\"wpcf7-form-control wpcf7-text wpcf7-validates-as-required\" aria-required=\"true\" aria-invalid=\"false\" placeholder=\"Name\" value=\"\" type=\"text\" name=\"text-full-name\" \/><\/span><\/label> \n<\/div> \n<div class=\"row\"> \n <label><span class=\"label-text\">Phone*<\/span> \n<span class=\"wpcf7-form-control-wrap\" data-name=\"phonetext-270\"><input size=\"40\" class=\"wpcf7-form-control wpcf7-phonetext wpcf7-validates-as-required wpcf7-text wpcf7-validates-as-phonetext\" aria-required=\"true\" aria-invalid=\"false\" placeholder=\"Phone*\" value=\"\" type=\"text\" name=\"phonetext-270\" \/><input type=\"hidden\" name=\"phonetext-270-country-code\" class=\"wpcf7-phonetext-country-code\" \/><\/span><\/label> \n<\/div> \n<div class=\"row\"> \n <label><span class=\"label-text\">E-mail<\/span> \n  <span class=\"wpcf7-form-control-wrap\" data-name=\"email-e-mail\"><input size=\"40\" class=\"wpcf7-form-control wpcf7-email wpcf7-validates-as-required wpcf7-text wpcf7-validates-as-email\" aria-required=\"true\" aria-invalid=\"false\" placeholder=\"E-mail\" value=\"\" type=\"email\" name=\"email-e-mail\" \/><\/span><\/label> \n<\/div> \n<div class=\"row\"><span>Your country<\/span> \n <label><span class=\"wpcf7-form-control-wrap\" data-name=\"countrytext-126\"><input size=\"40\" class=\"wpcf7-form-control wpcf7-countrytext wpcf7-text wpcf7-validates-as-countrytext\" aria-invalid=\"false\" value=\"\" type=\"text\" name=\"countrytext-126\" \/><\/span> <\/label>\n<\/div> \n<div class=\"row\"> \n <button type=\"submit\" class=\"btn\">Send<\/button> \n<\/div> \n<div class=\"row\"> \n <span class=\"wpcf7-form-control-wrap\" data-name=\"checkbox-931\"><span class=\"wpcf7-form-control wpcf7-checkbox\"><span class=\"wpcf7-list-item first\"><label><input type=\"checkbox\" name=\"checkbox-931[]\" value=\"Integrator\" \/><span class=\"wpcf7-list-item-label\">Integrator<\/span><\/label><\/span><span class=\"wpcf7-list-item\"><label><input type=\"checkbox\" name=\"checkbox-931[]\" value=\"Builder\" \/><span class=\"wpcf7-list-item-label\">Builder<\/span><\/label><\/span><span class=\"wpcf7-list-item last\"><label><input type=\"checkbox\" name=\"checkbox-931[]\" value=\"End-User\" \/><span class=\"wpcf7-list-item-label\">End-User<\/span><\/label><\/span><\/span><\/span> \n<\/div> \n<div class=\"row row-upload-file\"> \n <label class=\"upload-file-block js-upload-file\">Attach file \n  <span class=\"wpcf7-form-control-wrap\" data-name=\"file-466\"><input size=\"40\" class=\"wpcf7-form-control wpcf7-file\" accept=\"audio\/*,video\/*,image\/*\" aria-invalid=\"false\" type=\"file\" name=\"file-466\" \/><\/span><\/label> \n<\/div><input type='hidden' class='wpcf7-pum' value='{\"closepopup\":false,\"closedelay\":0,\"openpopup\":false,\"openpopup_id\":0}' \/><div class=\"wpcf7-response-output\" aria-hidden=\"true\"><\/div>\n<\/form>\n<\/div>\n            <\/div>\r\n\r\n\t\t    <div class=\"text-holder\" data-aos=\"fade-left\">\r\n\t\t\t\t\t\t    <h3 class=\"title-block\">How Can We Help?<\/h3>\r\n\t\t\t\r\n\t\t\t                <div class=\"text-block\">\r\n                    Please select a topic below related to your inquiry. If you don&#8217;t find what you need, fill out our contact form.                <\/div>\r\n\t\t\t\r\n\t\t\t\t\t\t    <ul class=\"link-list\">\r\n\t\t\t\t\t\t\t\t\t\t\t\t\t\t\t\t\t\t<li>\r\n\t\t\t\t\t\t\t\t\t\t\t\t\t\t\t\t    <strong>Get Inspired<\/strong>\r\n\t\t\t\t\t\t\t\t\t\t\t\t\t\t\t\t\t\t\t\t\t\t\t\t    <a href=\"\/features\/\">\r\n\t\t\t\t\t\t\t\t        Discover what&#8217;s beneath our intercom\t\t\t\t\t\t\t\t    <\/a>\r\n\t\t\t\t\t\t\t\t\t\t\t\t\t\t\t<\/li>\r\n\t\t\t\t\t\t\t\t\t\t\t\t\t\t\t\t\t\t\t\t\t\t\t\t<li>\r\n\t\t\t\t\t\t\t\t\t\t\t\t\t\t\t\t    <strong>Become a Partner<\/strong>\r\n\t\t\t\t\t\t\t\t\t\t\t\t\t\t\t\t\t\t\t\t\t\t\t\t    <a href=\"\/distributors\/\">\r\n\t\t\t\t\t\t\t\t        Expand your business with BAS-IP intercom\t\t\t\t\t\t\t\t    <\/a>\r\n\t\t\t\t\t\t\t\t\t\t\t\t\t\t\t<\/li>\r\n\t\t\t\t\t\t\t\t\t\t\t\t\t\t\t\t\t\t\t\t\t\t\t\t<li>\r\n\t\t\t\t\t\t\t\t\t\t\t\t\t\t\t\t    <strong>Check the Guides<\/strong>\r\n\t\t\t\t\t\t\t\t\t\t\t\t\t\t\t\t\t\t\t\t\t\t\t\t    <a href=\"\/support\/\">\r\n\t\t\t\t\t\t\t\t        Download detailed manuals and schemes\t\t\t\t\t\t\t\t    <\/a>\r\n\t\t\t\t\t\t\t\t\t\t\t\t\t\t\t<\/li>\r\n\t\t\t\t\t\t\t\t\t\t\t\t\t\t\t<\/ul>\r\n\t\t\t\r\n\t\t\t\t\t\t    <h3 class=\"title-block\">Our contacts<\/h3>\r\n\t\t\t\r\n\t\t\t\t\t\t\t<ul class=\"contact-list\">\r\n\t\t\t\t\t\t\t\t\t\t\t\t\t\t\t\t\t\t<li>\r\n\t\t\t\t\t\t\t\t\t\t\t\t\t\t\t\t\t<strong>Sales:<\/strong>\r\n\t\t\t\t\t\t\t\t\t\t\t\t\t\t\t\t\t\t\t\t\t\t\t\t    <a href=\"mailto:sale&#115;&#64;bas&#45;&#105;p.c&#111;&#109;\">sa&#108;&#101;s&#64;ba&#115;&#45;&#105;&#112;.&#99;&#111;&#109;<\/a>\r\n\t\t\t\t\t\t\t\t\t\t\t\t\t\t\t<\/li>\r\n\t\t\t\t\t\t\t\t\t\t\t\t\t\t\t\t\t\t\t\t\t\t\t\t<li>\r\n\t\t\t\t\t\t\t\t\t\t\t\t\t\t\t\t\t<strong>Technical support:<\/strong>\r\n\t\t\t\t\t\t\t\t\t\t\t\t\t\t\t\t\t\t\t\t\t\t\t\t    <a href=\"mailto:&#115;u&#112;p&#111;&#114;&#116;&#64;b&#97;s-&#105;p&#46;co&#109;\">&#115;&#117;p&#112;ort&#64;b&#97;&#115;-i&#112;&#46;&#99;om<\/a>\r\n\t\t\t\t\t\t\t\t\t\t\t\t\t\t\t<\/li>\r\n\t\t\t\t\t\t\t\t\t\t\t\t\t\t\t<\/ul>\r\n\t\t\t\t\t<\/div>\r\n\t<\/section>\r\n\r\n\r\n\r\n<!-- END Block Sign Up -->\n\n\n<p><\/p>","protected":false},"excerpt":{"rendered":"<p>BAS-IP ja Hartman Controls ilmoittavat integraatiosta, joka m\u00e4\u00e4rittelee rakennusten kulunvalvonnan uudelleen BAS-IP, johtava IP-ovipuhelinj\u00e4rjestelmien kehitt\u00e4j\u00e4, ja Hartman Controls, integroituun kulunvalvontaan erikoistunut edell\u00e4k\u00e4vij\u00e4, ovat julkistaneet strategisen integraation. T\u00e4m\u00e4 kumppanuus yhdist\u00e4\u00e4 BAS-IP:n edistykselliset ovikojeet Odyssey-ekosysteemiin tarjoten yhten\u00e4isen ja skaalautuvan ratkaisun nykyaikaisiin asuin- ja liikerakennuksiin. Integraation ytimess\u00e4 on saumaton yhteisty\u00f6 BAS-IP-laitteiston ja Odyssey-alustan v\u00e4lill\u00e4. Hy\u00f6dynt\u00e4m\u00e4ll\u00e4 SIP-pohjaista viestint\u00e4\u00e4 ja [&hellip;]<\/p>","protected":false},"author":1,"featured_media":0,"parent":0,"menu_order":0,"comment_status":"closed","ping_status":"closed","template":"page-custom-breadcrumbs.php","meta":{"inline_featured_image":false,"footnotes":""},"class_list":["post-160255","page","type-page","status-publish","hentry"],"acf":[],"_links":{"self":[{"href":"https:\/\/bas-ip.com\/fi\/wp-json\/wp\/v2\/pages\/160255","targetHints":{"allow":["GET"]}}],"collection":[{"href":"https:\/\/bas-ip.com\/fi\/wp-json\/wp\/v2\/pages"}],"about":[{"href":"https:\/\/bas-ip.com\/fi\/wp-json\/wp\/v2\/types\/page"}],"author":[{"embeddable":true,"href":"https:\/\/bas-ip.com\/fi\/wp-json\/wp\/v2\/users\/1"}],"replies":[{"embeddable":true,"href":"https:\/\/bas-ip.com\/fi\/wp-json\/wp\/v2\/comments?post=160255"}],"version-history":[{"count":2,"href":"https:\/\/bas-ip.com\/fi\/wp-json\/wp\/v2\/pages\/160255\/revisions"}],"predecessor-version":[{"id":160320,"href":"https:\/\/bas-ip.com\/fi\/wp-json\/wp\/v2\/pages\/160255\/revisions\/160320"}],"wp:attachment":[{"href":"https:\/\/bas-ip.com\/fi\/wp-json\/wp\/v2\/media?parent=160255"}],"curies":[{"name":"wp","href":"https:\/\/api.w.org\/{rel}","templated":true}]}}