{"id":150003,"date":"2025-02-06T12:58:36","date_gmt":"2025-02-06T12:58:36","guid":{"rendered":"https:\/\/bas-ip.com\/napco\/"},"modified":"2025-11-18T11:21:07","modified_gmt":"2025-11-18T11:21:07","slug":"napco","status":"publish","type":"page","link":"https:\/\/bas-ip.com\/fi\/napco\/","title":{"rendered":"NAPCO"},"content":{"rendered":"<h2 class=\"wp-block-heading\"><strong>BAS-IP ja NAPCO: Integrointi K\u00e4tev\u00e4\u00e4n Kulunhallintaan<\/strong><\/h2>\n\n\n<div class=\"wp-block-image\">\n<figure class=\"aligncenter size-full\"><img loading=\"lazy\" decoding=\"async\" width=\"900\" height=\"183\" src=\"https:\/\/bas-ip.com\/wp-content\/uploads\/2025\/02\/napco-security-logo.png\" alt=\"\" class=\"wp-image-130197\" srcset=\"https:\/\/bas-ip.com\/wp-content\/uploads\/2025\/02\/napco-security-logo.png 900w,  https:\/\/bas-ip.com\/wp-content\/uploads\/2025\/02\/napco-security-logo-300x61.png 300w,  https:\/\/bas-ip.com\/wp-content\/uploads\/2025\/02\/napco-security-logo-768x156.png 768w,  https:\/\/bas-ip.com\/wp-content\/uploads\/2025\/02\/napco-security-logo-767x156.png 767w\" sizes=\"auto, (max-width: 900px) 100vw, 900px\" \/><\/figure>\n<\/div>\n\n<p data-path-to-node=\"2\">Integraatio <b>NAPCO:n<\/b> kanssa toimii <b>Android-pohjaisen<\/b> paneelin <b>AV-08FB<\/b> kautta. Yhdist\u00e4m\u00e4ll\u00e4 paneelin <b>Card Access Software v1.2.x<\/b> -ohjelmistoon k\u00e4ytt\u00e4j\u00e4t voivat hallita tunnistetietoja yhden k\u00e4ytt\u00f6liittym\u00e4n kautta, mik\u00e4 poistaa erillisen verkkok\u00e4ytt\u00f6liittym\u00e4n tarpeen ja yksinkertaistaa prosessia.<\/p>\n<p data-path-to-node=\"3\">Integraatio kattaa <b>kulunvalvonnan<\/b>, <b>videovalvonnan<\/b> ja <b>reaaliaikaisen seurannan<\/b>, tehden j\u00e4rjestelm\u00e4st\u00e4 joustavan ja k\u00e4tev\u00e4n, erityisesti asuinkomplekseissa ja toimistoissa, joissa nopea hallinta ja v\u00e4lit\u00f6n reagointi tapahtumiin ovat ratkaisevan t\u00e4rkeit\u00e4.<\/p>\n<p data-path-to-node=\"5\">\u00a0<\/p>\n<h3>BAS-IP ja NAPCO Integroinnin Edut:<\/h3>\n<p>\u00a0<\/p>\n<ul>\n<li data-path-to-node=\"6,0,0\"><b>Helppo Hallinta:<\/b> Yhden k\u00e4ytt\u00f6liittym\u00e4n avulla k\u00e4ytt\u00e4j\u00e4t voivat helposti hallita tunnistetietoja ja kulkua, mik\u00e4 yksinkertaistaa hallintoprosessia.<\/li>\n<li data-path-to-node=\"6,0,0\"><b>Joustava J\u00e4rjestelm\u00e4:<\/b> Integraatio mahdollistaa eri toimintojen, kuten kulunvalvonnan ja videovalvonnan, k\u00e4yt\u00f6n, tehden j\u00e4rjestelm\u00e4st\u00e4 monipuolisen.<\/li>\n<li data-path-to-node=\"6,0,0\"><b>Reaaliaikainen Seuranta:<\/b> Kyky seurata tapahtumia reaaliajassa parantaa turvallisuutta ja mahdollistaa nopeamman reagoinnin tapauksiin.<\/li>\n<li data-path-to-node=\"6,0,0\"><b>Ihanteellinen Asuin- ja Toimistokomplekseihin:<\/b> Ratkaisu soveltuu kiinteist\u00f6ihin, joissa nopea reagointi ja k\u00e4tev\u00e4 kulunhallinta ovat v\u00e4ltt\u00e4m\u00e4tt\u00f6mi\u00e4.<\/li>\n<\/ul>\n<p data-path-to-node=\"8\">\u00a0<\/p>\n<h3>Integroinnin T\u00e4rkeimm\u00e4t Kohdat:<\/h3>\n<p>\u00a0<\/p>\n<p data-path-to-node=\"9\"><b>BAS-IP:n<\/b> ja <b>NAPCO:n<\/b> yhteisty\u00f6 tarjoaa:<\/p>\n<ul>\n<li data-path-to-node=\"10,0,0\">Integroinnin <b>AV-08FB<\/b>-paneeliin ja <b>Card Access<\/b> -ohjelmistoon, tarjoten k\u00e4tev\u00e4n kulunhallinnan.<\/li>\n<li data-path-to-node=\"10,0,0\">Eri turvallisuusn\u00e4k\u00f6kohtien, kuten videovalvonnan ja kulunvalvonnan, keskin\u00e4isen yhteyden.<\/li>\n<li data-path-to-node=\"10,0,0\">Joustavat konfiguraatiot mukautumaan erilaisiin k\u00e4ytt\u00e4j\u00e4tarpeisiin.<\/li>\n<\/ul>\n<p data-path-to-node=\"11\">T\u00e4m\u00e4 integraatio mahdollistaa kulunhallinnan ja videovalvonnan yhdist\u00e4misen yhdeksi j\u00e4rjestelm\u00e4ksi, tehden siit\u00e4 ihanteellisen ratkaisun nykyaikaisiin kiinteist\u00f6ihin. <b>BAS-IP:n<\/b> ja <b>NAPCO:n<\/b> yhteisty\u00f6 tarjoaa tehokkaan ja turvallisen ty\u00f6kalun kulunhallintaan ja valvontaan.<\/p>\n<p data-path-to-node=\"12\">Tarkempia asennus- ja m\u00e4\u00e4ritysohjeita varten, katso <a href=\"https:\/\/basip.atlassian.net\/wiki\/spaces\/Integrations\/pages\/248479748\/Integration+with+NAPCO\" target=\"_blank\" rel=\"noopener\"><b>Wiki-oppaamme<\/b><\/a>.<\/p>\n\n<!-- START Block Sign Up --><section id=\"block_629678229e935\" class=\"sign-up-section\">\r\n\r\n    <div class=\"form-holder js-form\" data-aos=\"fade-right\">\r\n                    <div class=\"title-block h3\">Sign up for connection<\/div>\r\n        \r\n                    <div class=\"text-block\">\r\n                Filling out all the information needed to answer you as quickly as possible            <\/div>\r\n        \r\n                    \n<div class=\"wpcf7 no-js\" id=\"wpcf7-f102-o1\" lang=\"en-US\" dir=\"ltr\">\n<div class=\"screen-reader-response\"><p role=\"status\" aria-live=\"polite\" aria-atomic=\"true\"><\/p> <ul><\/ul><\/div>\n<form action=\"\/fi\/wp-json\/wp\/v2\/pages\/150003#wpcf7-f102-o1\" method=\"post\" class=\"wpcf7-form init\" aria-label=\"Contact form\" enctype=\"multipart\/form-data\" novalidate=\"novalidate\" data-status=\"init\">\n<div style=\"display: none;\">\n<input type=\"hidden\" name=\"_wpcf7\" value=\"102\" \/>\n<input type=\"hidden\" name=\"_wpcf7_version\" value=\"5.8.3\" \/>\n<input type=\"hidden\" name=\"_wpcf7_locale\" value=\"en_US\" \/>\n<input type=\"hidden\" name=\"_wpcf7_unit_tag\" value=\"wpcf7-f102-o1\" \/>\n<input type=\"hidden\" name=\"_wpcf7_container_post\" value=\"0\" \/>\n<input type=\"hidden\" name=\"_wpcf7_posted_data_hash\" value=\"\" \/>\n<input type=\"hidden\" name=\"_wpcf7_recaptcha_response\" value=\"\" \/>\n<\/div>\n<div class=\"row\"> \n <label><span class=\"label-text\">Name<\/span> \n  <span class=\"wpcf7-form-control-wrap\" data-name=\"text-full-name\"><input size=\"40\" class=\"wpcf7-form-control wpcf7-text wpcf7-validates-as-required\" aria-required=\"true\" aria-invalid=\"false\" placeholder=\"Name\" value=\"\" type=\"text\" name=\"text-full-name\" \/><\/span><\/label> \n<\/div> \n<div class=\"row\"> \n <label><span class=\"label-text\">Phone*<\/span> \n<span class=\"wpcf7-form-control-wrap\" data-name=\"phonetext-270\"><input size=\"40\" class=\"wpcf7-form-control wpcf7-phonetext wpcf7-validates-as-required wpcf7-text wpcf7-validates-as-phonetext\" aria-required=\"true\" aria-invalid=\"false\" placeholder=\"Phone*\" value=\"\" type=\"text\" name=\"phonetext-270\" \/><input type=\"hidden\" name=\"phonetext-270-country-code\" class=\"wpcf7-phonetext-country-code\" \/><\/span><\/label> \n<\/div> \n<div class=\"row\"> \n <label><span class=\"label-text\">E-mail<\/span> \n  <span class=\"wpcf7-form-control-wrap\" data-name=\"email-e-mail\"><input size=\"40\" class=\"wpcf7-form-control wpcf7-email wpcf7-validates-as-required wpcf7-text wpcf7-validates-as-email\" aria-required=\"true\" aria-invalid=\"false\" placeholder=\"E-mail\" value=\"\" type=\"email\" name=\"email-e-mail\" \/><\/span><\/label> \n<\/div> \n<div class=\"row\"><span>Your country<\/span> \n <label><span class=\"wpcf7-form-control-wrap\" data-name=\"countrytext-126\"><input size=\"40\" class=\"wpcf7-form-control wpcf7-countrytext wpcf7-text wpcf7-validates-as-countrytext\" aria-invalid=\"false\" value=\"\" type=\"text\" name=\"countrytext-126\" \/><\/span> <\/label>\n<\/div> \n<div class=\"row\"> \n <button type=\"submit\" class=\"btn\">Send<\/button> \n<\/div> \n<div class=\"row\"> \n <span class=\"wpcf7-form-control-wrap\" data-name=\"checkbox-931\"><span class=\"wpcf7-form-control wpcf7-checkbox\"><span class=\"wpcf7-list-item first\"><label><input type=\"checkbox\" name=\"checkbox-931[]\" value=\"Integrator\" \/><span class=\"wpcf7-list-item-label\">Integrator<\/span><\/label><\/span><span class=\"wpcf7-list-item\"><label><input type=\"checkbox\" name=\"checkbox-931[]\" value=\"Builder\" \/><span class=\"wpcf7-list-item-label\">Builder<\/span><\/label><\/span><span class=\"wpcf7-list-item last\"><label><input type=\"checkbox\" name=\"checkbox-931[]\" value=\"End-User\" \/><span class=\"wpcf7-list-item-label\">End-User<\/span><\/label><\/span><\/span><\/span> \n<\/div> \n<div class=\"row row-upload-file\"> \n <label class=\"upload-file-block js-upload-file\">Attach file \n  <span class=\"wpcf7-form-control-wrap\" data-name=\"file-466\"><input size=\"40\" class=\"wpcf7-form-control wpcf7-file\" accept=\"audio\/*,video\/*,image\/*\" aria-invalid=\"false\" type=\"file\" name=\"file-466\" \/><\/span><\/label> \n<\/div><input type='hidden' class='wpcf7-pum' value='{\"closepopup\":false,\"closedelay\":0,\"openpopup\":false,\"openpopup_id\":0}' \/><div class=\"wpcf7-response-output\" aria-hidden=\"true\"><\/div>\n<\/form>\n<\/div>\n            <\/div>\r\n\r\n\t\t    <div class=\"text-holder\" data-aos=\"fade-left\">\r\n\t\t\t\t\t\t    <h3 class=\"title-block\">How Can We Help?<\/h3>\r\n\t\t\t\r\n\t\t\t                <div class=\"text-block\">\r\n                    Please select a topic below related to your inquiry. If you don&#8217;t find what you need, fill out our contact form.                <\/div>\r\n\t\t\t\r\n\t\t\t\t\t\t    <ul class=\"link-list\">\r\n\t\t\t\t\t\t\t\t\t\t\t\t\t\t\t\t\t\t<li>\r\n\t\t\t\t\t\t\t\t\t\t\t\t\t\t\t\t    <strong>Get Inspired<\/strong>\r\n\t\t\t\t\t\t\t\t\t\t\t\t\t\t\t\t\t\t\t\t\t\t\t\t    <a href=\"\/features\/\">\r\n\t\t\t\t\t\t\t\t        Discover what&#8217;s beneath our intercom\t\t\t\t\t\t\t\t    <\/a>\r\n\t\t\t\t\t\t\t\t\t\t\t\t\t\t\t<\/li>\r\n\t\t\t\t\t\t\t\t\t\t\t\t\t\t\t\t\t\t\t\t\t\t\t\t<li>\r\n\t\t\t\t\t\t\t\t\t\t\t\t\t\t\t\t    <strong>Become a Partner<\/strong>\r\n\t\t\t\t\t\t\t\t\t\t\t\t\t\t\t\t\t\t\t\t\t\t\t\t    <a href=\"\/distributors\/\">\r\n\t\t\t\t\t\t\t\t        Expand your business with BAS-IP intercom\t\t\t\t\t\t\t\t    <\/a>\r\n\t\t\t\t\t\t\t\t\t\t\t\t\t\t\t<\/li>\r\n\t\t\t\t\t\t\t\t\t\t\t\t\t\t\t\t\t\t\t\t\t\t\t\t<li>\r\n\t\t\t\t\t\t\t\t\t\t\t\t\t\t\t\t    <strong>Check the Guides<\/strong>\r\n\t\t\t\t\t\t\t\t\t\t\t\t\t\t\t\t\t\t\t\t\t\t\t\t    <a href=\"\/support\/\">\r\n\t\t\t\t\t\t\t\t        Download detailed manuals and schemes\t\t\t\t\t\t\t\t    <\/a>\r\n\t\t\t\t\t\t\t\t\t\t\t\t\t\t\t<\/li>\r\n\t\t\t\t\t\t\t\t\t\t\t\t\t\t\t<\/ul>\r\n\t\t\t\r\n\t\t\t\t\t\t    <h3 class=\"title-block\">Our contacts<\/h3>\r\n\t\t\t\r\n\t\t\t\t\t\t\t<ul class=\"contact-list\">\r\n\t\t\t\t\t\t\t\t\t\t\t\t\t\t\t\t\t\t<li>\r\n\t\t\t\t\t\t\t\t\t\t\t\t\t\t\t\t\t<strong>Sales:<\/strong>\r\n\t\t\t\t\t\t\t\t\t\t\t\t\t\t\t\t\t\t\t\t\t\t\t\t    <a href=\"mailto:s&#97;&#108;e&#115;&#64;ba&#115;&#45;ip&#46;com\">&#115;a&#108;&#101;s&#64;&#98;as-ip&#46;c&#111;&#109;<\/a>\r\n\t\t\t\t\t\t\t\t\t\t\t\t\t\t\t<\/li>\r\n\t\t\t\t\t\t\t\t\t\t\t\t\t\t\t\t\t\t\t\t\t\t\t\t<li>\r\n\t\t\t\t\t\t\t\t\t\t\t\t\t\t\t\t\t<strong>Technical support:<\/strong>\r\n\t\t\t\t\t\t\t\t\t\t\t\t\t\t\t\t\t\t\t\t\t\t\t\t    <a href=\"mailto:&#115;uppo&#114;t&#64;&#98;a&#115;&#45;ip.c&#111;m\">s&#117;p&#112;or&#116;&#64;&#98;a&#115;&#45;ip&#46;c&#111;m<\/a>\r\n\t\t\t\t\t\t\t\t\t\t\t\t\t\t\t<\/li>\r\n\t\t\t\t\t\t\t\t\t\t\t\t\t\t\t<\/ul>\r\n\t\t\t\t\t<\/div>\r\n\t<\/section>\r\n\r\n\r\n\r\n<!-- END Block Sign Up -->","protected":false},"excerpt":{"rendered":"<p>BAS-IP ja NAPCO: Integrointi K\u00e4tev\u00e4\u00e4n Kulunhallintaan Integraatio NAPCO:n kanssa toimii Android-pohjaisen paneelin AV-08FB kautta. Yhdist\u00e4m\u00e4ll\u00e4 paneelin Card Access Software v1.2.x -ohjelmistoon k\u00e4ytt\u00e4j\u00e4t voivat hallita tunnistetietoja yhden k\u00e4ytt\u00f6liittym\u00e4n kautta, mik\u00e4 poistaa erillisen verkkok\u00e4ytt\u00f6liittym\u00e4n tarpeen ja yksinkertaistaa prosessia. Integraatio kattaa kulunvalvonnan, videovalvonnan ja reaaliaikaisen seurannan, tehden j\u00e4rjestelm\u00e4st\u00e4 joustavan ja k\u00e4tev\u00e4n, erityisesti asuinkomplekseissa ja toimistoissa, joissa nopea hallinta [&hellip;]<\/p>","protected":false},"author":1,"featured_media":0,"parent":0,"menu_order":0,"comment_status":"closed","ping_status":"closed","template":"page-custom-breadcrumbs.php","meta":{"inline_featured_image":false,"footnotes":""},"class_list":["post-150003","page","type-page","status-publish","hentry"],"acf":[],"_links":{"self":[{"href":"https:\/\/bas-ip.com\/fi\/wp-json\/wp\/v2\/pages\/150003","targetHints":{"allow":["GET"]}}],"collection":[{"href":"https:\/\/bas-ip.com\/fi\/wp-json\/wp\/v2\/pages"}],"about":[{"href":"https:\/\/bas-ip.com\/fi\/wp-json\/wp\/v2\/types\/page"}],"author":[{"embeddable":true,"href":"https:\/\/bas-ip.com\/fi\/wp-json\/wp\/v2\/users\/1"}],"replies":[{"embeddable":true,"href":"https:\/\/bas-ip.com\/fi\/wp-json\/wp\/v2\/comments?post=150003"}],"version-history":[{"count":2,"href":"https:\/\/bas-ip.com\/fi\/wp-json\/wp\/v2\/pages\/150003\/revisions"}],"predecessor-version":[{"id":150127,"href":"https:\/\/bas-ip.com\/fi\/wp-json\/wp\/v2\/pages\/150003\/revisions\/150127"}],"wp:attachment":[{"href":"https:\/\/bas-ip.com\/fi\/wp-json\/wp\/v2\/media?parent=150003"}],"curies":[{"name":"wp","href":"https:\/\/api.w.org\/{rel}","templated":true}]}}