{"id":149375,"date":"2025-02-06T13:42:37","date_gmt":"2025-02-06T13:42:37","guid":{"rendered":"https:\/\/bas-ip.com\/rosslare\/"},"modified":"2025-11-17T14:37:44","modified_gmt":"2025-11-17T14:37:44","slug":"rosslare","status":"publish","type":"page","link":"https:\/\/bas-ip.com\/fi\/rosslare\/","title":{"rendered":"Rosslare"},"content":{"rendered":"<h2 class=\"wp-block-heading\">BAS-IP ja Rosslare: Kehittynyt kulunvalvonta- ja ovipuhelinj\u00e4rjestelmien integrointi<\/h2>\n\n\n<div class=\"wp-block-image\">\n<figure class=\"aligncenter size-large is-resized\"><img loading=\"lazy\" decoding=\"async\" width=\"1024\" height=\"166\" src=\"https:\/\/bas-ip.com\/wp-content\/uploads\/2025\/02\/Rosslare_logo_new-1024x166.png\" alt=\"\" class=\"wp-image-130233\" style=\"width:900px\" srcset=\"https:\/\/bas-ip.com\/wp-content\/uploads\/2025\/02\/Rosslare_logo_new-1024x166.png 1024w,  https:\/\/bas-ip.com\/wp-content\/uploads\/2025\/02\/Rosslare_logo_new-300x48.png 300w,  https:\/\/bas-ip.com\/wp-content\/uploads\/2025\/02\/Rosslare_logo_new-768x124.png 768w,  https:\/\/bas-ip.com\/wp-content\/uploads\/2025\/02\/Rosslare_logo_new-767x124.png 767w,  https:\/\/bas-ip.com\/wp-content\/uploads\/2025\/02\/Rosslare_logo_new.png 1064w\" sizes=\"auto, (max-width: 1024px) 100vw, 1024px\" \/><\/figure>\n<\/div>\n\n<p data-path-to-node=\"2\">BAS-IP-ovipuhelinj\u00e4rjestelmien integrointi Rosslaren AxTraxPro\u2122 -alustaan yhdist\u00e4\u00e4 kaksi tehokasta ratkaisua saumattomaan turvallisuus- ja viestint\u00e4nhallintaan. Rosslaren AxTraxPro\u2122 on erinomainen kulkupisteiden hallinnassa, k\u00e4ytt\u00e4j\u00e4oikeuksissa ja turvallisuustapahtumien seurannassa, kun taas BAS-IP Link Cloud Server keskitt\u00e4\u00e4 ovipuhelinj\u00e4rjestelm\u00e4n hallinnan ja kolmannen osapuolen integraatiot. Yhdess\u00e4 n\u00e4m\u00e4 j\u00e4rjestelm\u00e4t tarjoavat virtaviivaistetut toiminnot ja parannetun turvallisuuden asuin- ja liikekiinteist\u00f6ihin.<\/p>\n<p data-path-to-node=\"3\">T\u00e4m\u00e4 yhten\u00e4inen l\u00e4hestymistapa antaa operaattoreille mahdollisuuden hoitaa kulku- ja viestint\u00e4toimintoja yhden k\u00e4ytt\u00f6liittym\u00e4n kautta. AxTraxPro\u2122 hallinnoi reaaliaikaista seurantaa ja k\u00e4ytt\u00f6oikeuksia, kun taas BAS-IP Link Cloud Server varmistaa tehokkaan ovipuhelinj\u00e4rjestelm\u00e4n toimivuuden. Integroimalla n\u00e4m\u00e4 teknologiat ratkaisu yksinkertaistaa hallintoa, parantaa turvallisuutta ja tehostaa kaikkien k\u00e4ytt\u00e4jien kokemusta.<\/p>\n<p data-path-to-node=\"4\">T\u00e4m\u00e4n integraation tavoitteena on ratkaista operaattorien kohtaamat yleiset haasteet, kuten tarve siirty\u00e4 useiden eri j\u00e4rjestelmien v\u00e4lill\u00e4 kulunvalvontaa ja ovipuhelinj\u00e4rjestelm\u00e4n hallintaa varten. Yhdist\u00e4m\u00e4ll\u00e4 n\u00e4m\u00e4 toiminnot k\u00e4ytt\u00e4j\u00e4t hy\u00f6tyv\u00e4t parantuneesta yleisn\u00e4kym\u00e4st\u00e4, nopeammista reagointiajoista turvallisuuspoikkeamiin ja k\u00e4ytt\u00e4j\u00e4yst\u00e4v\u00e4llisemm\u00e4st\u00e4 kokemuksesta sek\u00e4 j\u00e4rjestelm\u00e4nvalvojille ett\u00e4 loppuk\u00e4ytt\u00e4jille.<\/p>\n<hr data-path-to-node=\"5\" \/>\n<p data-path-to-node=\"6\">\u00a0<\/p>\n<h3>Integraation keskeiset edut<\/h3>\n<p>\u00a0<\/p>\n<ul>\n<li data-path-to-node=\"7,0,0\"><b>Yhten\u00e4inen hallinta:<\/b> Hallitse kulkupisteit\u00e4 ja ovipuhelimia yhdelt\u00e4 alustalta, mik\u00e4 yksinkertaistaa hallintoa.<\/li>\n<li data-path-to-node=\"7,0,0\"><b>Parannettu turvallisuus:<\/b> Reaaliaikainen tapahtumien seuranta mahdollistaa nopeamman reagoinnin poikkeamiin.<\/li>\n<li data-path-to-node=\"7,0,0\"><b>Parempi k\u00e4ytt\u00f6kokemus:<\/b> Saumaton integrointi tarjoaa johdonmukaisen kokemuksen operaattoreille ja loppuk\u00e4ytt\u00e4jille.<\/li>\n<li data-path-to-node=\"7,0,0\"><b>Joustavuus:<\/b> Tukee useita kieli\u00e4 ja alueita laajan yhteensopivuuden takaamiseksi.<\/li>\n<li data-path-to-node=\"7,0,0\"><b>Skaalautuvuus:<\/b> Soveltuu kaikenkokoisille kiinteist\u00f6ille, pienist\u00e4 toimistoista suuriin asuinkomplekseihin.<\/li>\n<\/ul>\n<p data-path-to-node=\"8\">T\u00e4m\u00e4n integraation t\u00e4yden potentiaalin saavuttamiseksi molemmat j\u00e4rjestelm\u00e4t tukeutuvat Rosslare AxTraxPro\u2122 GraphQL API:in ja niiden on oltava yhteydess\u00e4 samaan verkkoon. Ratkaisu tukee useita kieli\u00e4, mukaan lukien englanti, ukraina, ven\u00e4j\u00e4, puola, espanja ja turkki, ja se on saatavilla Aasiassa, Euroopassa ja USA:ssa.<\/p>\n\n<div class=\"wp-block-image\">\n<figure class=\"aligncenter size-large\"><img loading=\"lazy\" decoding=\"async\" width=\"1024\" height=\"662\" src=\"https:\/\/bas-ip.com\/wp-content\/uploads\/2025\/02\/AxTraxPro-BasIP-Diagram2-1024x662.png\" alt=\"\" class=\"wp-image-130297\" srcset=\"https:\/\/bas-ip.com\/wp-content\/uploads\/2025\/02\/AxTraxPro-BasIP-Diagram2-1024x662.png 1024w,  https:\/\/bas-ip.com\/wp-content\/uploads\/2025\/02\/AxTraxPro-BasIP-Diagram2-300x194.png 300w,  https:\/\/bas-ip.com\/wp-content\/uploads\/2025\/02\/AxTraxPro-BasIP-Diagram2-768x497.png 768w,  https:\/\/bas-ip.com\/wp-content\/uploads\/2025\/02\/AxTraxPro-BasIP-Diagram2-767x496.png 767w,  https:\/\/bas-ip.com\/wp-content\/uploads\/2025\/02\/AxTraxPro-BasIP-Diagram2-1534x992.png 1534w,  https:\/\/bas-ip.com\/wp-content\/uploads\/2025\/02\/AxTraxPro-BasIP-Diagram2.png 1536w\" sizes=\"auto, (max-width: 1024px) 100vw, 1024px\" \/><\/figure>\n<\/div>\n\n<!-- START Block Sign Up --><section id=\"block_629678229e935\" class=\"sign-up-section\">\r\n\r\n    <div class=\"form-holder js-form\" data-aos=\"fade-right\">\r\n                    <div class=\"title-block h3\">Sign up for connection<\/div>\r\n        \r\n                    <div class=\"text-block\">\r\n                Filling out all the information needed to answer you as quickly as possible            <\/div>\r\n        \r\n                    \n<div class=\"wpcf7 no-js\" id=\"wpcf7-f102-o1\" lang=\"en-US\" dir=\"ltr\">\n<div class=\"screen-reader-response\"><p role=\"status\" aria-live=\"polite\" aria-atomic=\"true\"><\/p> <ul><\/ul><\/div>\n<form action=\"\/fi\/wp-json\/wp\/v2\/pages\/149375#wpcf7-f102-o1\" method=\"post\" class=\"wpcf7-form init\" aria-label=\"Contact form\" enctype=\"multipart\/form-data\" novalidate=\"novalidate\" data-status=\"init\">\n<div style=\"display: none;\">\n<input type=\"hidden\" name=\"_wpcf7\" value=\"102\" \/>\n<input type=\"hidden\" name=\"_wpcf7_version\" value=\"5.8.3\" \/>\n<input type=\"hidden\" name=\"_wpcf7_locale\" value=\"en_US\" \/>\n<input type=\"hidden\" name=\"_wpcf7_unit_tag\" value=\"wpcf7-f102-o1\" \/>\n<input type=\"hidden\" name=\"_wpcf7_container_post\" value=\"0\" \/>\n<input type=\"hidden\" name=\"_wpcf7_posted_data_hash\" value=\"\" \/>\n<input type=\"hidden\" name=\"_wpcf7_recaptcha_response\" value=\"\" \/>\n<\/div>\n<div class=\"row\"> \n <label><span class=\"label-text\">Name<\/span> \n  <span class=\"wpcf7-form-control-wrap\" data-name=\"text-full-name\"><input size=\"40\" class=\"wpcf7-form-control wpcf7-text wpcf7-validates-as-required\" aria-required=\"true\" aria-invalid=\"false\" placeholder=\"Name\" value=\"\" type=\"text\" name=\"text-full-name\" \/><\/span><\/label> \n<\/div> \n<div class=\"row\"> \n <label><span class=\"label-text\">Phone*<\/span> \n<span class=\"wpcf7-form-control-wrap\" data-name=\"phonetext-270\"><input size=\"40\" class=\"wpcf7-form-control wpcf7-phonetext wpcf7-validates-as-required wpcf7-text wpcf7-validates-as-phonetext\" aria-required=\"true\" aria-invalid=\"false\" placeholder=\"Phone*\" value=\"\" type=\"text\" name=\"phonetext-270\" \/><input type=\"hidden\" name=\"phonetext-270-country-code\" class=\"wpcf7-phonetext-country-code\" \/><\/span><\/label> \n<\/div> \n<div class=\"row\"> \n <label><span class=\"label-text\">E-mail<\/span> \n  <span class=\"wpcf7-form-control-wrap\" data-name=\"email-e-mail\"><input size=\"40\" class=\"wpcf7-form-control wpcf7-email wpcf7-validates-as-required wpcf7-text wpcf7-validates-as-email\" aria-required=\"true\" aria-invalid=\"false\" placeholder=\"E-mail\" value=\"\" type=\"email\" name=\"email-e-mail\" \/><\/span><\/label> \n<\/div> \n<div class=\"row\"><span>Your country<\/span> \n <label><span class=\"wpcf7-form-control-wrap\" data-name=\"countrytext-126\"><input size=\"40\" class=\"wpcf7-form-control wpcf7-countrytext wpcf7-text wpcf7-validates-as-countrytext\" aria-invalid=\"false\" value=\"\" type=\"text\" name=\"countrytext-126\" \/><\/span> <\/label>\n<\/div> \n<div class=\"row\"> \n <button type=\"submit\" class=\"btn\">Send<\/button> \n<\/div> \n<div class=\"row\"> \n <span class=\"wpcf7-form-control-wrap\" data-name=\"checkbox-931\"><span class=\"wpcf7-form-control wpcf7-checkbox\"><span class=\"wpcf7-list-item first\"><label><input type=\"checkbox\" name=\"checkbox-931[]\" value=\"Integrator\" \/><span class=\"wpcf7-list-item-label\">Integrator<\/span><\/label><\/span><span class=\"wpcf7-list-item\"><label><input type=\"checkbox\" name=\"checkbox-931[]\" value=\"Builder\" \/><span class=\"wpcf7-list-item-label\">Builder<\/span><\/label><\/span><span class=\"wpcf7-list-item last\"><label><input type=\"checkbox\" name=\"checkbox-931[]\" value=\"End-User\" \/><span class=\"wpcf7-list-item-label\">End-User<\/span><\/label><\/span><\/span><\/span> \n<\/div> \n<div class=\"row row-upload-file\"> \n <label class=\"upload-file-block js-upload-file\">Attach file \n  <span class=\"wpcf7-form-control-wrap\" data-name=\"file-466\"><input size=\"40\" class=\"wpcf7-form-control wpcf7-file\" accept=\"audio\/*,video\/*,image\/*\" aria-invalid=\"false\" type=\"file\" name=\"file-466\" \/><\/span><\/label> \n<\/div><input type='hidden' class='wpcf7-pum' value='{\"closepopup\":false,\"closedelay\":0,\"openpopup\":false,\"openpopup_id\":0}' \/><div class=\"wpcf7-response-output\" aria-hidden=\"true\"><\/div>\n<\/form>\n<\/div>\n            <\/div>\r\n\r\n\t\t    <div class=\"text-holder\" data-aos=\"fade-left\">\r\n\t\t\t\t\t\t    <h3 class=\"title-block\">How Can We Help?<\/h3>\r\n\t\t\t\r\n\t\t\t                <div class=\"text-block\">\r\n                    Please select a topic below related to your inquiry. If you don&#8217;t find what you need, fill out our contact form.                <\/div>\r\n\t\t\t\r\n\t\t\t\t\t\t    <ul class=\"link-list\">\r\n\t\t\t\t\t\t\t\t\t\t\t\t\t\t\t\t\t\t<li>\r\n\t\t\t\t\t\t\t\t\t\t\t\t\t\t\t\t    <strong>Get Inspired<\/strong>\r\n\t\t\t\t\t\t\t\t\t\t\t\t\t\t\t\t\t\t\t\t\t\t\t\t    <a href=\"\/features\/\">\r\n\t\t\t\t\t\t\t\t        Discover what&#8217;s beneath our intercom\t\t\t\t\t\t\t\t    <\/a>\r\n\t\t\t\t\t\t\t\t\t\t\t\t\t\t\t<\/li>\r\n\t\t\t\t\t\t\t\t\t\t\t\t\t\t\t\t\t\t\t\t\t\t\t\t<li>\r\n\t\t\t\t\t\t\t\t\t\t\t\t\t\t\t\t    <strong>Become a Partner<\/strong>\r\n\t\t\t\t\t\t\t\t\t\t\t\t\t\t\t\t\t\t\t\t\t\t\t\t    <a href=\"\/distributors\/\">\r\n\t\t\t\t\t\t\t\t        Expand your business with BAS-IP intercom\t\t\t\t\t\t\t\t    <\/a>\r\n\t\t\t\t\t\t\t\t\t\t\t\t\t\t\t<\/li>\r\n\t\t\t\t\t\t\t\t\t\t\t\t\t\t\t\t\t\t\t\t\t\t\t\t<li>\r\n\t\t\t\t\t\t\t\t\t\t\t\t\t\t\t\t    <strong>Check the Guides<\/strong>\r\n\t\t\t\t\t\t\t\t\t\t\t\t\t\t\t\t\t\t\t\t\t\t\t\t    <a href=\"\/support\/\">\r\n\t\t\t\t\t\t\t\t        Download detailed manuals and schemes\t\t\t\t\t\t\t\t    <\/a>\r\n\t\t\t\t\t\t\t\t\t\t\t\t\t\t\t<\/li>\r\n\t\t\t\t\t\t\t\t\t\t\t\t\t\t\t<\/ul>\r\n\t\t\t\r\n\t\t\t\t\t\t    <h3 class=\"title-block\">Our contacts<\/h3>\r\n\t\t\t\r\n\t\t\t\t\t\t\t<ul class=\"contact-list\">\r\n\t\t\t\t\t\t\t\t\t\t\t\t\t\t\t\t\t\t<li>\r\n\t\t\t\t\t\t\t\t\t\t\t\t\t\t\t\t\t<strong>Sales:<\/strong>\r\n\t\t\t\t\t\t\t\t\t\t\t\t\t\t\t\t\t\t\t\t\t\t\t\t    <a href=\"mailto:&#115;&#97;&#108;&#101;&#115;&#64;&#98;a&#115;-ip.com\">&#115;al&#101;&#115;&#64;bas-&#105;&#112;&#46;&#99;&#111;&#109;<\/a>\r\n\t\t\t\t\t\t\t\t\t\t\t\t\t\t\t<\/li>\r\n\t\t\t\t\t\t\t\t\t\t\t\t\t\t\t\t\t\t\t\t\t\t\t\t<li>\r\n\t\t\t\t\t\t\t\t\t\t\t\t\t\t\t\t\t<strong>Technical support:<\/strong>\r\n\t\t\t\t\t\t\t\t\t\t\t\t\t\t\t\t\t\t\t\t\t\t\t\t    <a href=\"mailto:&#115;upp&#111;rt&#64;b&#97;&#115;-i&#112;.&#99;&#111;m\">s&#117;pp&#111;&#114;t&#64;&#98;a&#115;-&#105;&#112;&#46;&#99;o&#109;<\/a>\r\n\t\t\t\t\t\t\t\t\t\t\t\t\t\t\t<\/li>\r\n\t\t\t\t\t\t\t\t\t\t\t\t\t\t\t<\/ul>\r\n\t\t\t\t\t<\/div>\r\n\t<\/section>\r\n\r\n\r\n\r\n<!-- END Block Sign Up -->","protected":false},"excerpt":{"rendered":"<p>BAS-IP ja Rosslare: Kehittynyt kulunvalvonta- ja ovipuhelinj\u00e4rjestelmien integrointi BAS-IP-ovipuhelinj\u00e4rjestelmien integrointi Rosslaren AxTraxPro\u2122 -alustaan yhdist\u00e4\u00e4 kaksi tehokasta ratkaisua saumattomaan turvallisuus- ja viestint\u00e4nhallintaan. Rosslaren AxTraxPro\u2122 on erinomainen kulkupisteiden hallinnassa, k\u00e4ytt\u00e4j\u00e4oikeuksissa ja turvallisuustapahtumien seurannassa, kun taas BAS-IP Link Cloud Server keskitt\u00e4\u00e4 ovipuhelinj\u00e4rjestelm\u00e4n hallinnan ja kolmannen osapuolen integraatiot. Yhdess\u00e4 n\u00e4m\u00e4 j\u00e4rjestelm\u00e4t tarjoavat virtaviivaistetut toiminnot ja parannetun turvallisuuden asuin- ja [&hellip;]<\/p>","protected":false},"author":1,"featured_media":0,"parent":0,"menu_order":0,"comment_status":"closed","ping_status":"closed","template":"page-custom-breadcrumbs.php","meta":{"inline_featured_image":false,"footnotes":""},"class_list":["post-149375","page","type-page","status-publish","hentry"],"acf":[],"_links":{"self":[{"href":"https:\/\/bas-ip.com\/fi\/wp-json\/wp\/v2\/pages\/149375","targetHints":{"allow":["GET"]}}],"collection":[{"href":"https:\/\/bas-ip.com\/fi\/wp-json\/wp\/v2\/pages"}],"about":[{"href":"https:\/\/bas-ip.com\/fi\/wp-json\/wp\/v2\/types\/page"}],"author":[{"embeddable":true,"href":"https:\/\/bas-ip.com\/fi\/wp-json\/wp\/v2\/users\/1"}],"replies":[{"embeddable":true,"href":"https:\/\/bas-ip.com\/fi\/wp-json\/wp\/v2\/comments?post=149375"}],"version-history":[{"count":2,"href":"https:\/\/bas-ip.com\/fi\/wp-json\/wp\/v2\/pages\/149375\/revisions"}],"predecessor-version":[{"id":149431,"href":"https:\/\/bas-ip.com\/fi\/wp-json\/wp\/v2\/pages\/149375\/revisions\/149431"}],"wp:attachment":[{"href":"https:\/\/bas-ip.com\/fi\/wp-json\/wp\/v2\/media?parent=149375"}],"curies":[{"name":"wp","href":"https:\/\/api.w.org\/{rel}","templated":true}]}}