{"id":148231,"date":"2023-04-05T09:42:38","date_gmt":"2023-04-05T09:42:38","guid":{"rendered":"https:\/\/bas-ip.com\/integration-u-prox\/"},"modified":"2025-11-13T12:00:27","modified_gmt":"2025-11-13T12:00:27","slug":"integration-u-prox","status":"publish","type":"page","link":"https:\/\/bas-ip.com\/fi\/integration-u-prox\/","title":{"rendered":"U-Prox"},"content":{"rendered":"<div class=\"wp-block-image\">\n<figure class=\"aligncenter size-large is-resized\"><img loading=\"lazy\" decoding=\"async\" width=\"1024\" height=\"225\" src=\"https:\/\/bas-ip.com\/wp-content\/uploads\/2023\/04\/UPROX-2-1024x225.png\" alt=\"\" class=\"wp-image-67550\" style=\"width:768px;height:169px\" srcset=\"https:\/\/bas-ip.com\/wp-content\/uploads\/2023\/04\/UPROX-2-1024x225.png 1024w,  https:\/\/bas-ip.com\/wp-content\/uploads\/2023\/04\/UPROX-2-300x66.png 300w,  https:\/\/bas-ip.com\/wp-content\/uploads\/2023\/04\/UPROX-2-768x169.png 768w,  https:\/\/bas-ip.com\/wp-content\/uploads\/2023\/04\/UPROX-2-767x169.png 767w,  https:\/\/bas-ip.com\/wp-content\/uploads\/2023\/04\/UPROX-2.png 1200w\" sizes=\"auto, (max-width: 1024px) 100vw, 1024px\" \/><\/figure>\n<\/div>\n\n<!-- START Block Integrations Text & Image --><section id=\"block_642d403e495e8\" class=\"integrations-text-image-section\">\r\n\t\t<div class=\"image-holder\" data-aos=\"fade-left\">\r\n\t\t<img loading=\"lazy\" decoding=\"async\" width=\"900\" height=\"195\" src=\"https:\/\/bas-ip.com\/wp-content\/uploads\/2023\/04\/upro_image-1024x222.jpg\" class=\"attachment-large size-large\" alt=\"\" srcset=\"https:\/\/bas-ip.com\/wp-content\/uploads\/2023\/04\/upro_image-1024x222.jpg 1024w,  https:\/\/bas-ip.com\/wp-content\/uploads\/2023\/04\/upro_image-300x65.jpg 300w,  https:\/\/bas-ip.com\/wp-content\/uploads\/2023\/04\/upro_image-768x166.jpg 768w,  https:\/\/bas-ip.com\/wp-content\/uploads\/2023\/04\/upro_image-767x166.jpg 767w,  https:\/\/bas-ip.com\/wp-content\/uploads\/2023\/04\/upro_image.jpg 1029w\" sizes=\"auto, (max-width: 900px) 100vw, 900px\" \/>\t<\/div>\r\n\t\r\n\t<div class=\"text-holder\" data-aos=\"fade-right\">\r\n\t\t\t\t\t\t<div class=\"text-block\">\r\n\t\t\t<div class=\"wrapper container margin_t_b_80_p\">\n<div class=\"auntk_text_p\">\n<h1>U-Prox Security Integration (U-Prox-turvallisuusintegraatio)<\/h1>\n<p>&nbsp;<\/p>\n<p><b>BAS-IP<\/b>-ovipuhelinsysteemien k\u00e4ytt\u00f6 yhdess\u00e4 <b>U-Prox<\/b>-laitteiden kanssa on kiinnostavaa paitsi kehitt\u00e4jille ja asennusorganisaatioille, my\u00f6s itse yrityksille, toimisto- tai ostoskeskuksille.<\/p>\n<p>Kohteeseen tarvitsee asentaa vain <b>U-Prox<\/b>-palvelin ja <b>BAS-IP<\/b>-ovipuhelinpaneelit. Riitt\u00e4\u00e4, kun <b>BAS-IP<\/b>-ovipuhelimessa m\u00e4\u00e4ritell\u00e4\u00e4n v\u00e4lityspalvelimen (Proxy server) osoite, ja ovipuhelinsysteemin laitteet lis\u00e4t\u00e4\u00e4n automaattisesti palvelimeen yhten\u00e4isess\u00e4 k\u00e4ytt\u00f6liittym\u00e4ss\u00e4.<\/p>\n<p>T\u00e4m\u00e4 auttaa laajentamaan mahdollisuuksia suoritettavissa teht\u00e4viss\u00e4 sek\u00e4 v\u00e4hent\u00e4m\u00e4\u00e4n lis\u00e4laitteiden tai ty\u00f6paikkojen kustannuksia.<\/p>\n<p>Kiitos kahden j\u00e4rjestelm\u00e4n sulautumisesta yhdeksi, on tullut saataville uusi taso <b>turvallisuudessa<\/b> ja <b>k\u00e4ytett\u00e4vyydess\u00e4<\/b>:<\/p>\n<ul>\n<li>Kyky <b>ohjata lukkoja<\/b><\/li>\n<li><b>Tunnisteiden lukeminen, lis\u00e4\u00e4minen ja poistaminen<\/b><\/li>\n<li><b>Kulutilastot<\/b><\/li>\n<li><b>BAS-IP-paneelien t\u00e4ysi tuki<\/b> U-Prox-ohjelmistossa<\/li>\n<li><b>\u00c4lypuhelimen k\u00e4ytt\u00f6 tunnisteena<\/b><\/li>\n<li><b>Yhten\u00e4inen kulunvalvontaliittym\u00e4<\/b><\/li>\n<li><b>Yhten\u00e4inen tapahtumaloki<\/b> muokattavilla suodattimilla<\/li>\n<li><b>Keskitetty p\u00e4\u00e4sytasojen jakelu<\/b> BAS-IP- ja U-Prox-laitteille<\/li>\n<\/ul>\n<p>Lis\u00e4tietoja l\u00f6yd\u00e4t vierailemalla <a href=\"https:\/\/basip.atlassian.net\/wiki\/spaces\/Integrations\/pages\/5046964\/Integration+with+U-Prox+software\" target=\"_blank\" rel=\"noopener\"><b>WIKI<\/b><\/a>-sivuillamme.<\/p>\n<\/div>\n<\/div>\t\t<\/div>\r\n\t\t\r\n\t\t\r\n\t\t\t<\/div>\r\n<\/section>\r\n<!-- END Block Integrations Text & Image -->\n\n<!-- START Block Sign Up --><section id=\"block_642d4169495e9\" class=\"sign-up-section\">\r\n\r\n    <div class=\"form-holder js-form\" data-aos=\"fade-right\">\r\n                    <div class=\"title-block h3\">Rekister\u00f6idy yhteytt\u00e4 varten<\/div>\r\n        \r\n                    <div class=\"text-block\">\r\n                T\u00e4yt\u00e4 kaikki tarvittavat tiedot, jotta voimme vastata sinulle mahdollisimman nopeasti            <\/div>\r\n        \r\n                    \n<div class=\"wpcf7 no-js\" id=\"wpcf7-f102-o1\" lang=\"en-US\" dir=\"ltr\">\n<div class=\"screen-reader-response\"><p role=\"status\" aria-live=\"polite\" aria-atomic=\"true\"><\/p> <ul><\/ul><\/div>\n<form action=\"\/fi\/wp-json\/wp\/v2\/pages\/148231#wpcf7-f102-o1\" method=\"post\" class=\"wpcf7-form init\" aria-label=\"Contact form\" enctype=\"multipart\/form-data\" novalidate=\"novalidate\" data-status=\"init\">\n<div style=\"display: none;\">\n<input type=\"hidden\" name=\"_wpcf7\" value=\"102\" \/>\n<input type=\"hidden\" name=\"_wpcf7_version\" value=\"5.8.3\" \/>\n<input type=\"hidden\" name=\"_wpcf7_locale\" value=\"en_US\" \/>\n<input type=\"hidden\" name=\"_wpcf7_unit_tag\" value=\"wpcf7-f102-o1\" \/>\n<input type=\"hidden\" name=\"_wpcf7_container_post\" value=\"0\" \/>\n<input type=\"hidden\" name=\"_wpcf7_posted_data_hash\" value=\"\" \/>\n<input type=\"hidden\" name=\"_wpcf7_recaptcha_response\" value=\"\" \/>\n<\/div>\n<div class=\"row\"> \n <label><span class=\"label-text\">Name<\/span> \n  <span class=\"wpcf7-form-control-wrap\" data-name=\"text-full-name\"><input size=\"40\" class=\"wpcf7-form-control wpcf7-text wpcf7-validates-as-required\" aria-required=\"true\" aria-invalid=\"false\" placeholder=\"Name\" value=\"\" type=\"text\" name=\"text-full-name\" \/><\/span><\/label> \n<\/div> \n<div class=\"row\"> \n <label><span class=\"label-text\">Phone*<\/span> \n<span class=\"wpcf7-form-control-wrap\" data-name=\"phonetext-270\"><input size=\"40\" class=\"wpcf7-form-control wpcf7-phonetext wpcf7-validates-as-required wpcf7-text wpcf7-validates-as-phonetext\" aria-required=\"true\" aria-invalid=\"false\" placeholder=\"Phone*\" value=\"\" type=\"text\" name=\"phonetext-270\" \/><input type=\"hidden\" name=\"phonetext-270-country-code\" class=\"wpcf7-phonetext-country-code\" \/><\/span><\/label> \n<\/div> \n<div class=\"row\"> \n <label><span class=\"label-text\">E-mail<\/span> \n  <span class=\"wpcf7-form-control-wrap\" data-name=\"email-e-mail\"><input size=\"40\" class=\"wpcf7-form-control wpcf7-email wpcf7-validates-as-required wpcf7-text wpcf7-validates-as-email\" aria-required=\"true\" aria-invalid=\"false\" placeholder=\"E-mail\" value=\"\" type=\"email\" name=\"email-e-mail\" \/><\/span><\/label> \n<\/div> \n<div class=\"row\"><span>Your country<\/span> \n <label><span class=\"wpcf7-form-control-wrap\" data-name=\"countrytext-126\"><input size=\"40\" class=\"wpcf7-form-control wpcf7-countrytext wpcf7-text wpcf7-validates-as-countrytext\" aria-invalid=\"false\" value=\"\" type=\"text\" name=\"countrytext-126\" \/><\/span> <\/label>\n<\/div> \n<div class=\"row\"> \n <button type=\"submit\" class=\"btn\">Send<\/button> \n<\/div> \n<div class=\"row\"> \n <span class=\"wpcf7-form-control-wrap\" data-name=\"checkbox-931\"><span class=\"wpcf7-form-control wpcf7-checkbox\"><span class=\"wpcf7-list-item first\"><label><input type=\"checkbox\" name=\"checkbox-931[]\" value=\"Integrator\" \/><span class=\"wpcf7-list-item-label\">Integrator<\/span><\/label><\/span><span class=\"wpcf7-list-item\"><label><input type=\"checkbox\" name=\"checkbox-931[]\" value=\"Builder\" \/><span class=\"wpcf7-list-item-label\">Builder<\/span><\/label><\/span><span class=\"wpcf7-list-item last\"><label><input type=\"checkbox\" name=\"checkbox-931[]\" value=\"End-User\" \/><span class=\"wpcf7-list-item-label\">End-User<\/span><\/label><\/span><\/span><\/span> \n<\/div> \n<div class=\"row row-upload-file\"> \n <label class=\"upload-file-block js-upload-file\">Attach file \n  <span class=\"wpcf7-form-control-wrap\" data-name=\"file-466\"><input size=\"40\" class=\"wpcf7-form-control wpcf7-file\" accept=\"audio\/*,video\/*,image\/*\" aria-invalid=\"false\" type=\"file\" name=\"file-466\" \/><\/span><\/label> \n<\/div><input type='hidden' class='wpcf7-pum' value='{\"closepopup\":false,\"closedelay\":0,\"openpopup\":false,\"openpopup_id\":0}' \/><div class=\"wpcf7-response-output\" aria-hidden=\"true\"><\/div>\n<\/form>\n<\/div>\n            <\/div>\r\n\r\n\t\t    <div class=\"text-holder\" data-aos=\"fade-left\">\r\n\t\t\t\t\t\t    <h3 class=\"title-block\">Kuinka voimme auttaa?<\/h3>\r\n\t\t\t\r\n\t\t\t                <div class=\"text-block\">\r\n                    Valitse alta kyselyysi liittyv\u00e4 aihe. Jos et l\u00f6yd\u00e4 etsim\u00e4\u00e4si, t\u00e4yt\u00e4 yhteydenottolomakkeemme.                <\/div>\r\n\t\t\t\r\n\t\t\t\t\t\t    <ul class=\"link-list\">\r\n\t\t\t\t\t\t\t\t\t\t\t\t\t\t\t\t\t\t<li>\r\n\t\t\t\t\t\t\t\t\t\t\t\t\t\t\t\t    <strong>Inspiroidu<\/strong>\r\n\t\t\t\t\t\t\t\t\t\t\t\t\t\t\t\t\t\t\t\t\t\t\t\t    <a href=\"\/features\/\">\r\n\t\t\t\t\t\t\t\t        Tutustu sis\u00e4puhelimemme alla oleviin tiloihin\t\t\t\t\t\t\t\t    <\/a>\r\n\t\t\t\t\t\t\t\t\t\t\t\t\t\t\t<\/li>\r\n\t\t\t\t\t\t\t\t\t\t\t\t\t\t\t\t\t\t\t\t\t\t\t\t<li>\r\n\t\t\t\t\t\t\t\t\t\t\t\t\t\t\t\t    <strong>Ryhdy kumppaniksi<\/strong>\r\n\t\t\t\t\t\t\t\t\t\t\t\t\t\t\t\t\t\t\t\t\t\t\t\t    <a href=\"\/distributors\/\">\r\n\t\t\t\t\t\t\t\t        Laajenna liiketoimintaasi BAS-IP-sis\u00e4puhelimella\t\t\t\t\t\t\t\t    <\/a>\r\n\t\t\t\t\t\t\t\t\t\t\t\t\t\t\t<\/li>\r\n\t\t\t\t\t\t\t\t\t\t\t\t\t\t\t\t\t\t\t\t\t\t\t\t<li>\r\n\t\t\t\t\t\t\t\t\t\t\t\t\t\t\t\t    <strong>Tarkista oppaat<\/strong>\r\n\t\t\t\t\t\t\t\t\t\t\t\t\t\t\t\t\t\t\t\t\t\t\t\t    <a href=\"\/support\/\">\r\n\t\t\t\t\t\t\t\t        Lataa yksityiskohtaiset k\u00e4ytt\u00f6ohjeet ja kaaviot\t\t\t\t\t\t\t\t    <\/a>\r\n\t\t\t\t\t\t\t\t\t\t\t\t\t\t\t<\/li>\r\n\t\t\t\t\t\t\t\t\t\t\t\t\t\t\t<\/ul>\r\n\t\t\t\r\n\t\t\t\t\t\t    <h3 class=\"title-block\">Yhteystietomme<\/h3>\r\n\t\t\t\r\n\t\t\t\t\t\t\t<ul class=\"contact-list\">\r\n\t\t\t\t\t\t\t\t\t\t\t\t\t\t\t\t\t\t<li>\r\n\t\t\t\t\t\t\t\t\t\t\t\t\t\t\t\t\t<strong>Myynti:<\/strong>\r\n\t\t\t\t\t\t\t\t\t\t\t\t\t\t\t\t\t\t\t\t\t\t\t\t    <a href=\"mailto:&#115;a&#108;es&#64;&#98;&#97;s-&#105;&#112;&#46;&#99;&#111;&#109;\">sal&#101;s&#64;&#98;&#97;s-&#105;&#112;&#46;&#99;&#111;&#109;<\/a>\r\n\t\t\t\t\t\t\t\t\t\t\t\t\t\t\t<\/li>\r\n\t\t\t\t\t\t\t\t\t\t\t\t\t\t\t\t\t\t\t\t\t\t\t\t<li>\r\n\t\t\t\t\t\t\t\t\t\t\t\t\t\t\t\t\t<strong>Tekninen tuki:<\/strong>\r\n\t\t\t\t\t\t\t\t\t\t\t\t\t\t\t\t\t\t\t\t\t\t\t\t    <a href=\"mailto:s&#117;p&#112;or&#116;&#64;bas-&#105;p&#46;&#99;&#111;m\">&#115;u&#112;po&#114;&#116;&#64;b&#97;s&#45;i&#112;&#46;&#99;o&#109;<\/a>\r\n\t\t\t\t\t\t\t\t\t\t\t\t\t\t\t<\/li>\r\n\t\t\t\t\t\t\t\t\t\t\t\t\t\t\t<\/ul>\r\n\t\t\t\t\t<\/div>\r\n\t<\/section>\r\n\r\n\r\n\r\n<!-- END Block Sign Up -->","protected":false},"excerpt":{"rendered":"","protected":false},"author":1,"featured_media":0,"parent":0,"menu_order":0,"comment_status":"closed","ping_status":"closed","template":"page-custom-breadcrumbs.php","meta":{"inline_featured_image":false,"footnotes":""},"class_list":["post-148231","page","type-page","status-publish","hentry"],"acf":[],"_links":{"self":[{"href":"https:\/\/bas-ip.com\/fi\/wp-json\/wp\/v2\/pages\/148231","targetHints":{"allow":["GET"]}}],"collection":[{"href":"https:\/\/bas-ip.com\/fi\/wp-json\/wp\/v2\/pages"}],"about":[{"href":"https:\/\/bas-ip.com\/fi\/wp-json\/wp\/v2\/types\/page"}],"author":[{"embeddable":true,"href":"https:\/\/bas-ip.com\/fi\/wp-json\/wp\/v2\/users\/1"}],"replies":[{"embeddable":true,"href":"https:\/\/bas-ip.com\/fi\/wp-json\/wp\/v2\/comments?post=148231"}],"version-history":[{"count":5,"href":"https:\/\/bas-ip.com\/fi\/wp-json\/wp\/v2\/pages\/148231\/revisions"}],"predecessor-version":[{"id":148312,"href":"https:\/\/bas-ip.com\/fi\/wp-json\/wp\/v2\/pages\/148231\/revisions\/148312"}],"wp:attachment":[{"href":"https:\/\/bas-ip.com\/fi\/wp-json\/wp\/v2\/media?parent=148231"}],"curies":[{"name":"wp","href":"https:\/\/api.w.org\/{rel}","templated":true}]}}