{"id":147935,"date":"2025-02-06T14:14:40","date_gmt":"2025-02-06T14:14:40","guid":{"rendered":"https:\/\/bas-ip.com\/actentry-vanderbilt\/"},"modified":"2025-11-12T11:44:41","modified_gmt":"2025-11-12T11:44:41","slug":"actentry-vanderbilt","status":"publish","type":"page","link":"https:\/\/bas-ip.com\/fi\/actentry-vanderbilt\/","title":{"rendered":"ACTentry (Vanderbilt)"},"content":{"rendered":"<h2 class=\"wp-block-heading\">BAS-IP ja ACTentry: P\u00e4\u00e4synhallinnan uudelleenm\u00e4\u00e4rittely \u00e4lykk\u00e4\u00e4ll\u00e4 integraatiolla<\/h2>\n\n\n<div class=\"wp-block-image\">\n<figure class=\"aligncenter size-full\"><img loading=\"lazy\" decoding=\"async\" width=\"594\" height=\"321\" src=\"https:\/\/bas-ip.com\/wp-content\/uploads\/2025\/02\/ACTpro.png\" alt=\"\" class=\"wp-image-130372\" srcset=\"https:\/\/bas-ip.com\/wp-content\/uploads\/2025\/02\/ACTpro.png 594w,  https:\/\/bas-ip.com\/wp-content\/uploads\/2025\/02\/ACTpro-300x162.png 300w\" sizes=\"auto, (max-width: 594px) 100vw, 594px\" \/><\/figure>\n<\/div>\n\n<p data-start=\"89\" data-end=\"410\">ACTentry mullistaa perinteisen kulunvalvonnan korvaamalla fyysiset ovipuhelimet ohjelmistopohjaisella ratkaisulla. Yhdistettyn\u00e4 BAS-IP:n ovipuhelinpaneeleihin t\u00e4m\u00e4 integraatio tarjoaa edistyksellisen vierailijahallinnan, joka yhdist\u00e4\u00e4 video- ja \u00e4\u00e4niviestinn\u00e4n saumattomaan kulunhallintaan suoraan ACTpro-alustan kautta.<\/p>\n<p data-start=\"412\" data-end=\"734\">Tuetut mallit, kuten <strong data-start=\"433\" data-end=\"446\">AA-12FB2M<\/strong> ja <strong data-start=\"450\" data-end=\"461\">AV-03BD<\/strong>, yhdistyv\u00e4t helposti ACTentry-j\u00e4rjestelm\u00e4\u00e4n, jolloin operaattorit voivat valvoa vierailijoiden sis\u00e4\u00e4ntuloa, hallita ovia ja seurata toimintaa reaaliaikaisesti. T\u00e4m\u00e4 synergia tehostaa turvallisuusprosesseja ja yksinkertaistaa toimintaa kaikissa moderneissa ymp\u00e4rist\u00f6iss\u00e4.<\/p>\n<h4 dir=\"auto\"><span class=\"heading-content\">Miksi valita t\u00e4m\u00e4 integraatio?<\/span><\/h4>\n<ul>\n<li dir=\"auto\"><strong data-start=\"774\" data-end=\"804\">Helppo vierailijahallinta:<\/strong> K\u00e4yt\u00e4 ovia ja kommunikoi vierailijoiden kanssa reaaliaikaisen video- ja \u00e4\u00e4niviestinn\u00e4n avulla suoraan tietokoneeltasi.<\/li>\n<li dir=\"auto\"><strong data-start=\"927\" data-end=\"948\">Tehokas hallinta:<\/strong> Keskitetty ovipuhelimien ja kulkupisteiden hallinta ACTentry-k\u00e4ytt\u00f6liittym\u00e4ss\u00e4.<\/li>\n<li dir=\"auto\"><strong data-start=\"1032\" data-end=\"1057\">\u00c4lyk\u00e4s konfigurointi:<\/strong> Mukauta ovipuhelimen asetuksia turvallisten k\u00e4ytt\u00f6oikeuksien, reaaliaikaisen valvonnan ja joustavien k\u00e4ytt\u00e4j\u00e4valintojen avulla.<\/li>\n<li dir=\"auto\"><strong data-start=\"1189\" data-end=\"1219\">Kustannustehokas hallinta:<\/strong> V\u00e4henn\u00e4 laitteistoriippuvuutta hy\u00f6dynt\u00e4m\u00e4ll\u00e4 ohjelmistoa ovien hallinnassa.<\/li>\n<li dir=\"auto\"><strong data-start=\"1299\" data-end=\"1327\">Saumaton yhteensopivuus:<\/strong> Suunniteltu toimimaan t\u00e4ydellisesti yhdess\u00e4 ACTpro-j\u00e4rjestelm\u00e4n ja BAS-IP:n kehittyneen ovipuhelinteknologian kanssa.<\/li>\n<\/ul>\n<h4 dir=\"auto\"><span class=\"heading-content\">Integraation t\u00e4rkeimm\u00e4t ominaisuudet<\/span><\/h4>\n<p dir=\"auto\">BAS-IP:n ja ACTentryn yhteisty\u00f6 tarjoaa:<\/p>\n<ul>\n<li dir=\"auto\">Turvallisen ja intuitiivisen SIP-pohjaisen viestinn\u00e4n ovipuhelimien ja ACTentry-ohjelmiston v\u00e4lill\u00e4.<\/li>\n<li dir=\"auto\">Keskitetyn lisenssien synkronoinnin ja helpon k\u00e4ytt\u00f6\u00f6noton ACTentry-palvelimen kautta.<\/li>\n<li dir=\"auto\">Mukautettavat k\u00e4ytt\u00f6oikeudet ja reaaliaikaisen valvonnan dynaamisten k\u00e4ytt\u00e4j\u00e4tarpeiden mukaan.<\/li>\n<li dir=\"auto\">Monikielisen k\u00e4ytt\u00f6liittym\u00e4n ja vahvan salasanahallinnan maailmanlaajuista k\u00e4ytt\u00f6\u00e4 varten.<\/li>\n<\/ul>\n<p data-start=\"1928\" data-end=\"2290\">T\u00e4m\u00e4 ratkaisu on suunniteltu kohteille, jotka priorisoivat sujuvan kulunhallinnan, tarjoten joustavan ja luotettavan vaihtoehdon vanhentuneille laitteistopohjaisille j\u00e4rjestelmille. Yhdist\u00e4m\u00e4ll\u00e4 BAS-IP:n ovipuhelinosaamisen ja ACTentryn \u00e4lyteknologian operaattorit saavat k\u00e4yt\u00e4nn\u00f6llisen ja laajennettavan ty\u00f6kalun jokap\u00e4iv\u00e4iseen turvallisuuteen ja mukavuuteen.<\/p>\n<p data-start=\"2292\" data-end=\"2376\" data-is-last-node=\"\" data-is-only-node=\"\">Yksityiskohtaiset asennus- ja konfigurointiohjeet l\u00f6ytyv\u00e4t <a href=\"https:\/\/basip.atlassian.net\/wiki\/spaces\/Integrations\/pages\/250019867\/Integration+with+ACRE+Vanderbilt\" target=\"_blank\" rel=\"noopener\"><strong data-start=\"2351\" data-end=\"2375\">Wiki-k\u00e4sikirjastamme<\/strong><\/a>.<\/p>\n\n<!-- START Block Sign Up --><section id=\"block_629678229e935\" class=\"sign-up-section\">\r\n\r\n    <div class=\"form-holder js-form\" data-aos=\"fade-right\">\r\n                    <div class=\"title-block h3\">Sign up for connection<\/div>\r\n        \r\n                    <div class=\"text-block\">\r\n                Filling out all the information needed to answer you as quickly as possible            <\/div>\r\n        \r\n                    \n<div class=\"wpcf7 no-js\" id=\"wpcf7-f102-o1\" lang=\"en-US\" dir=\"ltr\">\n<div class=\"screen-reader-response\"><p role=\"status\" aria-live=\"polite\" aria-atomic=\"true\"><\/p> <ul><\/ul><\/div>\n<form action=\"\/fi\/wp-json\/wp\/v2\/pages\/147935#wpcf7-f102-o1\" method=\"post\" class=\"wpcf7-form init\" aria-label=\"Contact form\" enctype=\"multipart\/form-data\" novalidate=\"novalidate\" data-status=\"init\">\n<div style=\"display: none;\">\n<input type=\"hidden\" name=\"_wpcf7\" value=\"102\" \/>\n<input type=\"hidden\" name=\"_wpcf7_version\" value=\"5.8.3\" \/>\n<input type=\"hidden\" name=\"_wpcf7_locale\" value=\"en_US\" \/>\n<input type=\"hidden\" name=\"_wpcf7_unit_tag\" value=\"wpcf7-f102-o1\" \/>\n<input type=\"hidden\" name=\"_wpcf7_container_post\" value=\"0\" \/>\n<input type=\"hidden\" name=\"_wpcf7_posted_data_hash\" value=\"\" \/>\n<input type=\"hidden\" name=\"_wpcf7_recaptcha_response\" value=\"\" \/>\n<\/div>\n<div class=\"row\"> \n <label><span class=\"label-text\">Name<\/span> \n  <span class=\"wpcf7-form-control-wrap\" data-name=\"text-full-name\"><input size=\"40\" class=\"wpcf7-form-control wpcf7-text wpcf7-validates-as-required\" aria-required=\"true\" aria-invalid=\"false\" placeholder=\"Name\" value=\"\" type=\"text\" name=\"text-full-name\" \/><\/span><\/label> \n<\/div> \n<div class=\"row\"> \n <label><span class=\"label-text\">Phone*<\/span> \n<span class=\"wpcf7-form-control-wrap\" data-name=\"phonetext-270\"><input size=\"40\" class=\"wpcf7-form-control wpcf7-phonetext wpcf7-validates-as-required wpcf7-text wpcf7-validates-as-phonetext\" aria-required=\"true\" aria-invalid=\"false\" placeholder=\"Phone*\" value=\"\" type=\"text\" name=\"phonetext-270\" \/><input type=\"hidden\" name=\"phonetext-270-country-code\" class=\"wpcf7-phonetext-country-code\" \/><\/span><\/label> \n<\/div> \n<div class=\"row\"> \n <label><span class=\"label-text\">E-mail<\/span> \n  <span class=\"wpcf7-form-control-wrap\" data-name=\"email-e-mail\"><input size=\"40\" class=\"wpcf7-form-control wpcf7-email wpcf7-validates-as-required wpcf7-text wpcf7-validates-as-email\" aria-required=\"true\" aria-invalid=\"false\" placeholder=\"E-mail\" value=\"\" type=\"email\" name=\"email-e-mail\" \/><\/span><\/label> \n<\/div> \n<div class=\"row\"><span>Your country<\/span> \n <label><span class=\"wpcf7-form-control-wrap\" data-name=\"countrytext-126\"><input size=\"40\" class=\"wpcf7-form-control wpcf7-countrytext wpcf7-text wpcf7-validates-as-countrytext\" aria-invalid=\"false\" value=\"\" type=\"text\" name=\"countrytext-126\" \/><\/span> <\/label>\n<\/div> \n<div class=\"row\"> \n <button type=\"submit\" class=\"btn\">Send<\/button> \n<\/div> \n<div class=\"row\"> \n <span class=\"wpcf7-form-control-wrap\" data-name=\"checkbox-931\"><span class=\"wpcf7-form-control wpcf7-checkbox\"><span class=\"wpcf7-list-item first\"><label><input type=\"checkbox\" name=\"checkbox-931[]\" value=\"Integrator\" \/><span class=\"wpcf7-list-item-label\">Integrator<\/span><\/label><\/span><span class=\"wpcf7-list-item\"><label><input type=\"checkbox\" name=\"checkbox-931[]\" value=\"Builder\" \/><span class=\"wpcf7-list-item-label\">Builder<\/span><\/label><\/span><span class=\"wpcf7-list-item last\"><label><input type=\"checkbox\" name=\"checkbox-931[]\" value=\"End-User\" \/><span class=\"wpcf7-list-item-label\">End-User<\/span><\/label><\/span><\/span><\/span> \n<\/div> \n<div class=\"row row-upload-file\"> \n <label class=\"upload-file-block js-upload-file\">Attach file \n  <span class=\"wpcf7-form-control-wrap\" data-name=\"file-466\"><input size=\"40\" class=\"wpcf7-form-control wpcf7-file\" accept=\"audio\/*,video\/*,image\/*\" aria-invalid=\"false\" type=\"file\" name=\"file-466\" \/><\/span><\/label> \n<\/div><input type='hidden' class='wpcf7-pum' value='{\"closepopup\":false,\"closedelay\":0,\"openpopup\":false,\"openpopup_id\":0}' \/><div class=\"wpcf7-response-output\" aria-hidden=\"true\"><\/div>\n<\/form>\n<\/div>\n            <\/div>\r\n\r\n\t\t    <div class=\"text-holder\" data-aos=\"fade-left\">\r\n\t\t\t\t\t\t    <h3 class=\"title-block\">How Can We Help?<\/h3>\r\n\t\t\t\r\n\t\t\t                <div class=\"text-block\">\r\n                    Please select a topic below related to your inquiry. If you don&#8217;t find what you need, fill out our contact form.                <\/div>\r\n\t\t\t\r\n\t\t\t\t\t\t    <ul class=\"link-list\">\r\n\t\t\t\t\t\t\t\t\t\t\t\t\t\t\t\t\t\t<li>\r\n\t\t\t\t\t\t\t\t\t\t\t\t\t\t\t\t    <strong>Get Inspired<\/strong>\r\n\t\t\t\t\t\t\t\t\t\t\t\t\t\t\t\t\t\t\t\t\t\t\t\t    <a href=\"\/features\/\">\r\n\t\t\t\t\t\t\t\t        Discover what&#8217;s beneath our intercom\t\t\t\t\t\t\t\t    <\/a>\r\n\t\t\t\t\t\t\t\t\t\t\t\t\t\t\t<\/li>\r\n\t\t\t\t\t\t\t\t\t\t\t\t\t\t\t\t\t\t\t\t\t\t\t\t<li>\r\n\t\t\t\t\t\t\t\t\t\t\t\t\t\t\t\t    <strong>Become a Partner<\/strong>\r\n\t\t\t\t\t\t\t\t\t\t\t\t\t\t\t\t\t\t\t\t\t\t\t\t    <a href=\"\/distributors\/\">\r\n\t\t\t\t\t\t\t\t        Expand your business with BAS-IP intercom\t\t\t\t\t\t\t\t    <\/a>\r\n\t\t\t\t\t\t\t\t\t\t\t\t\t\t\t<\/li>\r\n\t\t\t\t\t\t\t\t\t\t\t\t\t\t\t\t\t\t\t\t\t\t\t\t<li>\r\n\t\t\t\t\t\t\t\t\t\t\t\t\t\t\t\t    <strong>Check the Guides<\/strong>\r\n\t\t\t\t\t\t\t\t\t\t\t\t\t\t\t\t\t\t\t\t\t\t\t\t    <a href=\"\/support\/\">\r\n\t\t\t\t\t\t\t\t        Download detailed manuals and schemes\t\t\t\t\t\t\t\t    <\/a>\r\n\t\t\t\t\t\t\t\t\t\t\t\t\t\t\t<\/li>\r\n\t\t\t\t\t\t\t\t\t\t\t\t\t\t\t<\/ul>\r\n\t\t\t\r\n\t\t\t\t\t\t    <h3 class=\"title-block\">Our contacts<\/h3>\r\n\t\t\t\r\n\t\t\t\t\t\t\t<ul class=\"contact-list\">\r\n\t\t\t\t\t\t\t\t\t\t\t\t\t\t\t\t\t\t<li>\r\n\t\t\t\t\t\t\t\t\t\t\t\t\t\t\t\t\t<strong>Sales:<\/strong>\r\n\t\t\t\t\t\t\t\t\t\t\t\t\t\t\t\t\t\t\t\t\t\t\t\t    <a href=\"mailto:sa&#108;&#101;&#115;&#64;&#98;as&#45;i&#112;&#46;&#99;om\">s&#97;&#108;es&#64;b&#97;&#115;&#45;&#105;p.&#99;o&#109;<\/a>\r\n\t\t\t\t\t\t\t\t\t\t\t\t\t\t\t<\/li>\r\n\t\t\t\t\t\t\t\t\t\t\t\t\t\t\t\t\t\t\t\t\t\t\t\t<li>\r\n\t\t\t\t\t\t\t\t\t\t\t\t\t\t\t\t\t<strong>Technical support:<\/strong>\r\n\t\t\t\t\t\t\t\t\t\t\t\t\t\t\t\t\t\t\t\t\t\t\t\t    <a href=\"mailto:support&#64;ba&#115;-i&#112;&#46;&#99;o&#109;\">suppor&#116;&#64;&#98;&#97;&#115;-&#105;p&#46;co&#109;<\/a>\r\n\t\t\t\t\t\t\t\t\t\t\t\t\t\t\t<\/li>\r\n\t\t\t\t\t\t\t\t\t\t\t\t\t\t\t<\/ul>\r\n\t\t\t\t\t<\/div>\r\n\t<\/section>\r\n\r\n\r\n\r\n<!-- END Block Sign Up -->","protected":false},"excerpt":{"rendered":"<p>BAS-IP ja ACTentry: P\u00e4\u00e4synhallinnan uudelleenm\u00e4\u00e4rittely \u00e4lykk\u00e4\u00e4ll\u00e4 integraatiolla ACTentry mullistaa perinteisen kulunvalvonnan korvaamalla fyysiset ovipuhelimet ohjelmistopohjaisella ratkaisulla. Yhdistettyn\u00e4 BAS-IP:n ovipuhelinpaneeleihin t\u00e4m\u00e4 integraatio tarjoaa edistyksellisen vierailijahallinnan, joka yhdist\u00e4\u00e4 video- ja \u00e4\u00e4niviestinn\u00e4n saumattomaan kulunhallintaan suoraan ACTpro-alustan kautta. Tuetut mallit, kuten AA-12FB2M ja AV-03BD, yhdistyv\u00e4t helposti ACTentry-j\u00e4rjestelm\u00e4\u00e4n, jolloin operaattorit voivat valvoa vierailijoiden sis\u00e4\u00e4ntuloa, hallita ovia ja seurata toimintaa reaaliaikaisesti. [&hellip;]<\/p>","protected":false},"author":1,"featured_media":0,"parent":0,"menu_order":0,"comment_status":"closed","ping_status":"closed","template":"page-custom-breadcrumbs.php","meta":{"inline_featured_image":false,"footnotes":""},"class_list":["post-147935","page","type-page","status-publish","hentry"],"acf":[],"_links":{"self":[{"href":"https:\/\/bas-ip.com\/fi\/wp-json\/wp\/v2\/pages\/147935","targetHints":{"allow":["GET"]}}],"collection":[{"href":"https:\/\/bas-ip.com\/fi\/wp-json\/wp\/v2\/pages"}],"about":[{"href":"https:\/\/bas-ip.com\/fi\/wp-json\/wp\/v2\/types\/page"}],"author":[{"embeddable":true,"href":"https:\/\/bas-ip.com\/fi\/wp-json\/wp\/v2\/users\/1"}],"replies":[{"embeddable":true,"href":"https:\/\/bas-ip.com\/fi\/wp-json\/wp\/v2\/comments?post=147935"}],"version-history":[{"count":6,"href":"https:\/\/bas-ip.com\/fi\/wp-json\/wp\/v2\/pages\/147935\/revisions"}],"predecessor-version":[{"id":148104,"href":"https:\/\/bas-ip.com\/fi\/wp-json\/wp\/v2\/pages\/147935\/revisions\/148104"}],"wp:attachment":[{"href":"https:\/\/bas-ip.com\/fi\/wp-json\/wp\/v2\/media?parent=147935"}],"curies":[{"name":"wp","href":"https:\/\/api.w.org\/{rel}","templated":true}]}}