{"id":146573,"date":"2025-09-24T07:37:21","date_gmt":"2025-09-24T07:37:21","guid":{"rendered":"https:\/\/bas-ip.com\/memo-on-personal-data-processing-compliance\/"},"modified":"2025-10-23T09:21:08","modified_gmt":"2025-10-23T09:21:08","slug":"memo-on-personal-data-processing-compliance","status":"publish","type":"page","link":"https:\/\/bas-ip.com\/fi\/memo-on-personal-data-processing-compliance\/","title":{"rendered":"MUISTIO HENKIL\u00d6TIETOJEN K\u00c4SITTELYN VAATIMUSTENMUKAISUUDESTA"},"content":{"rendered":"<p style=\"text-align: right;\"><em>Olemme sitoutuneet <b>vahvoihin ja innovatiivisiin tietosuojak\u00e4yt\u00e4nt\u00f6ihin<\/b>, jotta jokainen asiakas voi luottaa siihen, ett\u00e4 heid\u00e4n <b>henkil\u00f6tietojaan<\/b> k\u00e4sitell\u00e4\u00e4n turvallisesti ja luotettavasti.<\/em><\/p>\n<p><b>BAS-IP DISTRIBUTION LTD<\/b> (<b>Yhti\u00f6<\/b> tai <b>BAS-IP<\/b>) on laatinut t\u00e4m\u00e4n muistion asiakkaillemme koskien sovellettavan tietosuojalains\u00e4\u00e4d\u00e4nn\u00f6n noudattamista, mukaan lukien <b>Yhdistyneen kuningaskunnan yleinen tietosuoja-asetus<\/b> (<b>UK GDPR<\/b>) ja <b>EU:n yleinen tietosuoja-asetus<\/b> (<b>GDPR<\/b>). Alla tutustut toimintaamme liittyen henkil\u00f6tietojen suojelun vaatimusten noudattamiseen.<\/p>\n<h1><strong>M\u00c4\u00c4RITELM\u00c4T<\/strong><\/h1>\n<ul>\n<li><b>\u201dUK GDPR\u201d<\/b> tarkoittaa Yhdistyneen kuningaskunnan yleist\u00e4 tietosuoja-asetusta (UK General Data Protection Regulation), sellaisena kuin se on sis\u00e4llytetty Yhdistyneen kuningaskunnan lains\u00e4\u00e4d\u00e4nt\u00f6\u00f6n vuoden 2018 tietosuojalain (Data Protection Act 2018) nojalla, yhdess\u00e4 muun soveltuvan Yhdistyneen kuningaskunnan tietosuoja- ja yksityisyydensuojalains\u00e4\u00e4d\u00e4nn\u00f6n kanssa.<\/li>\n<li><b>\u201dGDPR\u201d<\/b> tarkoittaa yleist\u00e4 tietosuoja-asetusta (asetus (EU) 2016\/679) ja kaikkea siihen liittyv\u00e4\u00e4 tietosuoja- ja yksityisyydensuojalains\u00e4\u00e4d\u00e4nt\u00f6\u00e4, joka on sovellettavissa Euroopan unionissa ja Euroopan talousalueella.<\/li>\n<li><b>Henkil\u00f6tiedot<\/b> (Personal data) tarkoittavat kaikkia tunnistettuun tai <b>tunnistettavissa olevaan luonnolliseen henkil\u00f6\u00f6n liittyvi\u00e4 tietoja<\/b>.<\/li>\n<li><b>Rekister\u00f6ity<\/b> (Data subject) tarkoittaa tunnistettavissa olevaa luonnollista henkil\u00f6\u00e4, joka voidaan tunnistaa suoraan tai ep\u00e4suorasti.<\/li>\n<li><b>Rekisterinpit\u00e4j\u00e4<\/b> (Controller) tarkoittaa luonnollista henkil\u00f6\u00e4 tai oikeushenkil\u00f6\u00e4, viranomaista, virastoa tai muuta elint\u00e4, joka <b>yksin tai yhdess\u00e4 toisten kanssa m\u00e4\u00e4ritt\u00e4\u00e4 henkil\u00f6tietojen k\u00e4sittelyn tarkoitukset ja keinot<\/b>.<\/li>\n<li><b>Henkil\u00f6tietojen k\u00e4sittelij\u00e4<\/b> (Processor) tarkoittaa luonnollista henkil\u00f6\u00e4 tai oikeushenkil\u00f6\u00e4, viranomaista, virastoa tai muuta elint\u00e4, joka <b>k\u00e4sittelee henkil\u00f6tietoja rekisterinpit\u00e4j\u00e4n puolesta<\/b>.<\/li>\n<li><b>Alik\u00e4sittelij\u00e4<\/b> (Subprocessor) tarkoittaa luonnollista henkil\u00f6\u00e4 tai oikeushenkil\u00f6\u00e4, jonka k\u00e4sittelij\u00e4 on ottanut k\u00e4ytt\u00f6\u00f6n ja joka <b>suorittaa henkil\u00f6tietojen k\u00e4sittely\u00e4 rekisterinpit\u00e4j\u00e4n puolesta<\/b>.<\/li>\n<li><b>K\u00e4sittely<\/b> (Processing) tarkoittaa mit\u00e4 tahansa henkil\u00f6tiedoille tai henkil\u00f6tietojen joukoille suoritettua toimenpidett\u00e4 tai toimenpidekokonaisuutta riippumatta siit\u00e4, suoritetaanko se automaattisin keinoin vai ei, kuten ker\u00e4\u00e4mist\u00e4, tallentamista, j\u00e4rjest\u00e4mist\u00e4, j\u00e4sent\u00e4mist\u00e4, s\u00e4ilytt\u00e4mist\u00e4, mukauttamista tai muuttamista, hakuja, kyselyj\u00e4, k\u00e4ytt\u00f6\u00e4, luovuttamista siirt\u00e4m\u00e4ll\u00e4, levitt\u00e4m\u00e4ll\u00e4 tai asettamalla muulla tavoin saataville, yhteensovittamista tai yhdist\u00e4mist\u00e4, rajoittamista, poistamista tai tuhoamista.<\/li>\n<\/ul>\n<h1><strong>TIETOA BAS-IP:ST\u00c4<\/strong><\/h1>\n<p>BAS-IP kehitt\u00e4\u00e4 ja valmistaa <b>IP-ovipuhelimia, kulunvalvontaj\u00e4rjestelmi\u00e4 ja viestint\u00e4j\u00e4rjestelmi\u00e4<\/b> ja on alan johtava toimija. L\u00f6yd\u00e4t lis\u00e4tietoja toiminnastamme verkkosivuilta: <a class=\"ng-star-inserted\" href=\"https:\/\/bas-ip.com\/\" target=\"_blank\" rel=\"noopener\" data-hveid=\"0\" data-ved=\"0CAAQ_4QMahcKEwjZuIui9LmQAxUAAAAAHQAAAAAQFw\">https:\/\/bas-ip.com\/<\/a>.<\/p>\n<p>Toimintansa aikana <b>Yhti\u00f6<\/b> voi ker\u00e4t\u00e4, saada p\u00e4\u00e4syn tai muuten k\u00e4sitell\u00e4 henkil\u00f6tietoja, jotka liittyv\u00e4t eri rekister\u00f6ityjen luokkiin: <b>asiakkaisiin ja k\u00e4ytt\u00e4jiin, ty\u00f6ntekij\u00f6ihin, urakoitsijoihin ja muihin rekister\u00f6ityihin<\/b>. T\u00e4llaisen k\u00e4sittelyn aikana Yhti\u00f6 on sitoutunut toteuttamaan kaikki tarvittavat toimenpiteet ja noudattamaan asianmukaisia henkil\u00f6tietojen suojelua koskevia k\u00e4yt\u00e4nt\u00f6j\u00e4, menettelytapoja ja muuta dokumentaatiota k\u00e4sitell\u00e4kseen henkil\u00f6tietoja soveltuvan lains\u00e4\u00e4d\u00e4nn\u00f6n ja parhaiden k\u00e4yt\u00e4nt\u00f6jen mukaisesti.<\/p>\n<h2><strong>Roolit henkil\u00f6tietojen k\u00e4sittelyss\u00e4<\/strong><\/h2>\n<p>BAS-IP:ll\u00e4 voi olla erilaisia rooleja UK GDPR:n ja GDPR:n mukaisesti:<\/p>\n<ul>\n<li><b>Rekisterinpit\u00e4j\u00e4n\u00e4<\/b> Yhti\u00f6 m\u00e4\u00e4ritt\u00e4\u00e4 henkil\u00f6tietojen k\u00e4sittelyn tarkoitukset ja keinot esimerkiksi kommunikoidessaan asiakkaiden ja verkkosivuston k\u00e4vij\u00f6iden kanssa, markkinointitoiminnassa, johon liittyy henkil\u00f6tietojen k\u00e4sittely\u00e4 jne.<\/li>\n<li><b>K\u00e4sittelij\u00e4n\u00e4<\/b> Yhti\u00f6 voi k\u00e4sitell\u00e4 henkil\u00f6tietoja asiakkaamme ohjeiden mukaisesti, joka toimii rekisterinpit\u00e4j\u00e4n\u00e4, tai kyseisen rekisterinpit\u00e4j\u00e4n puolesta.<\/li>\n<li>K\u00e4sitelless\u00e4mme henkil\u00f6tietoja k\u00e4sittelij\u00e4n\u00e4, voimme ottaa k\u00e4ytt\u00f6\u00f6n kolmannen osapuolen palveluntarjoajia, jotka toimivat <b>alik\u00e4sittelij\u00f6in\u00e4<\/b>.<\/li>\n<\/ul>\n<table width=\"681\">\n<tbody>\n<tr>\n<td width=\"681\"><em>K\u00e4sitelless\u00e4\u00e4n henkil\u00f6tietoja tarjotessaan palveluja asiakkailleen, Yhti\u00f6 toimii <b>k\u00e4sittelij\u00e4n\u00e4<\/b> ja noudattaa UK GDPR:n ja GDPR:n soveltuvia vaatimuksia, samoin kuin Yhti\u00f6n ja asiakkaan v\u00e4lisi\u00e4 asiaankuuluvia sopimusvelvoitteita.<\/em><\/td>\n<\/tr>\n<\/tbody>\n<\/table>\n<h1><strong>BAS-IP JA TIETOSUOJA<\/strong><\/h1>\n<p>BAS-IP on sitoutunut noudattamaan <b>korkeimpia tietosuojastandardeja<\/b> ja sovellettavaa henkil\u00f6tietojen suojelua koskevaa lains\u00e4\u00e4d\u00e4nt\u00f6\u00e4.<\/p>\n<p>Kaikki toiminnot, joihin liittyy henkil\u00f6tietojen k\u00e4sittely\u00e4, suoritetaan henkil\u00f6tietojen k\u00e4sittelyn s\u00e4\u00e4ntely\u00e4 koskevan <b>sis\u00e4isen dokumentaation<\/b> mukaisesti.<\/p>\n<p>Yhti\u00f6 soveltaa seuraavia henkil\u00f6tietojen suojaamistoimenpiteit\u00e4:<\/p>\n<h2><strong>Henkil\u00f6tietojen suojelua koskevan dokumentaation s\u00e4\u00e4nn\u00f6llinen tarkistus ja tarvittavien muutosten tekeminen dokumentaatioon ja toimintaan<\/strong><\/h2>\n<p>Sis\u00e4isen henkil\u00f6tietojen suojelua koskevan dokumentaation s\u00e4\u00e4nn\u00f6llinen tarkistaminen ja p\u00e4ivitt\u00e4minen on olennainen osa Yhti\u00f6n strategiaa varmistaa UK GDPR:n, GDPR:n ja muiden tietosuojalains\u00e4\u00e4d\u00e4nn\u00f6n s\u00e4\u00e4d\u00f6sten vaatimusten noudattaminen.<\/p>\n<p>Asiaankuuluvat sis\u00e4iset asiakirjat ja hyv\u00e4ksytyt k\u00e4yt\u00e4nn\u00f6t ja menettelyt, erityisesti koskien <b>rekister\u00f6ityjen pyynt\u00f6j\u00e4, henkil\u00f6tietojen tietoturvaloukkauksista ilmoittamista, kolmansien osapuolten vaatimustenmukaisuuden arviointeja<\/b>, jotka ovat mukana henkil\u00f6tietojen k\u00e4sittelyss\u00e4 jne., p\u00e4ivitet\u00e4\u00e4n tai muutetaan s\u00e4\u00e4nn\u00f6llisesti tarpeen mukaan, erityisesti lains\u00e4\u00e4d\u00e4nn\u00f6n muutosten tai uusien henkil\u00f6tietojen k\u00e4sittelytoimintojen k\u00e4ytt\u00f6\u00f6noton yhteydess\u00e4.<\/p>\n<p>Lis\u00e4ksi henkil\u00f6tietojen k\u00e4sittelytoiminnot kirjataan, mik\u00e4 sis\u00e4lt\u00e4\u00e4 <b>henkil\u00f6tietojen k\u00e4sittelyrekisterin (RoPA)<\/b> yll\u00e4pit\u00e4misen, ja tarvittaessa suoritetaan <b>tietosuojaa koskeva vaikutustenarviointi (DPIA)<\/b> ja <b>oikeutetun edun arviointi (LIA)<\/b>.<\/p>\n<p>Pit\u00e4m\u00e4ll\u00e4 henkil\u00f6tietojen suojelua koskevan dokumentaationsa ajan tasalla, Yhti\u00f6 varmistaa korkeatasoisen henkil\u00f6tietojen suojan ja jatkuvan lains\u00e4\u00e4d\u00e4nn\u00f6n noudattamisen.<\/p>\n<h2><strong>Rekister\u00f6ityjen oikeuksien suojaamista koskevien vaatimusten noudattaminen<\/strong><\/h2>\n<p>Yhti\u00f6n <b>tietosuojak\u00e4yt\u00e4nt\u00f6<\/b>, joka on julkisesti saatavilla sen verkkosivuilla, tarjoaa asiakkaille ja muille rekister\u00f6idyille tietoa tarkoituksista, joita varten henkil\u00f6tietoja voidaan k\u00e4sitell\u00e4, miten ja mit\u00e4 nimenomaisia henkil\u00f6tietoja voidaan k\u00e4sitell\u00e4, sek\u00e4 tietoa heid\u00e4n <b>oikeuksistaan<\/b> sovellettavan henkil\u00f6tietojen suojalains\u00e4\u00e4d\u00e4nn\u00f6n mukaisesti, mukaan lukien kuinka n\u00e4it\u00e4 oikeuksia k\u00e4ytet\u00e4\u00e4n.<\/p>\n<p>Lis\u00e4ksi Yhti\u00f6 on hyv\u00e4ksynyt <b>pyynt\u00f6jen ja valitusten menettelytavan<\/b>, joka sis\u00e4lt\u00e4\u00e4 menettelytavan rekister\u00f6ityjen pyynt\u00f6ihin ja heid\u00e4n oikeuksiinsa vastaamiseksi UK GDPR:n ja GDPR:n mukaisesti.<\/p>\n<p>Yhti\u00f6 on sitoutunut antamaan kaiken tarvittavan tuen asiakkaalle vastatessaan rekister\u00f6ityjen pyynt\u00f6ihin, joiden tietoja Yhti\u00f6 k\u00e4sittelee k\u00e4sittelij\u00e4n\u00e4, UK GDPR:n, GDPR:n s\u00e4\u00e4nn\u00f6sten ja Yhti\u00f6n ja asiakkaan v\u00e4listen sopimusvelvoitteiden mukaisesti.<\/p>\n<h2><strong>Teknisen ja organisatorisen turvallisuuden parhaiden standardien ja k\u00e4yt\u00e4nt\u00f6jen noudattaminen<\/strong><\/h2>\n<p>Yhti\u00f6 on toteuttanut <b>tekniset ja organisatoriset toimenpiteet<\/b> henkil\u00f6tietojen turvallisuuden varmistamiseksi. Yhti\u00f6n sis\u00e4inen dokumentaatio m\u00e4\u00e4rittelee selke\u00e4sti henkil\u00f6tietojen k\u00e4sittelyss\u00e4 k\u00e4ytetyt tekniset ja organisatoriset toimenpiteet:<\/p>\n<ul>\n<li>kehitetty ja hyv\u00e4ksytty <b>tietoturvallisuutta<\/b> ohjaava dokumentaatio, ja lis\u00e4ksi seurataan jatkuvasti tietoturvallisuuden tapahtumia ja varmistetaan oikea-aikainen reagointi poikkeamiin;<\/li>\n<li>on otettu k\u00e4ytt\u00f6\u00f6n suojatoimia <b>rajoittaa p\u00e4\u00e4sy\u00e4<\/b> henkil\u00f6tietoihin, kuten henkil\u00f6tietojen p\u00e4\u00e4syn valvonta, erityisesti k\u00e4ytt\u00e4m\u00e4ll\u00e4 henkil\u00f6kohtaisia tilej\u00e4, tilien salasanojen pituutta ja monimutkaisuutta koskevien vaatimusten valvonta ja verkkoyhteyden suojaaminen verkkohy\u00f6kk\u00e4ysten riskin v\u00e4hent\u00e4miseksi; fyysisten palvelinkeskusten, joissa tietoja s\u00e4ilytet\u00e4\u00e4n, vaatimustenmukaisuuden tarkistaminen turvallisuusvaatimusten kanssa; monivaiheinen todennus ja k\u00e4ytt\u00e4j\u00e4n todennus valtuutuksen aikana, samoin kuin <b>tietojen k\u00e4ytt\u00f6oikeuksien<\/b> konfigurointi ja soveltaminen, olemassa olevien k\u00e4ytt\u00f6oikeuksien s\u00e4\u00e4nn\u00f6llinen tarkistus jne.;<\/li>\n<li>k\u00e4ytt\u00e4\u00e4 <b>salaustekniikoita<\/b> henkil\u00f6tietojen tallentamisessa ja k\u00e4sittelyss\u00e4 pilviteknologioiden avulla ja asettaa vaatimukset vain ajantasaisten ja vankkojen kryptografisten protokollien, algoritmien, salauspakettien, salaustekniikoiden ja avaintenhallintatapojen k\u00e4yt\u00f6lle;<\/li>\n<li>tarkistaa s\u00e4\u00e4nn\u00f6llisesti henkil\u00f6tietojen <b>varmuuskopiot<\/b> sen m\u00e4\u00e4ritt\u00e4miseksi, onko niiden s\u00e4ilytys operatiivisten vaatimusten ja oikeudellisten velvoitteiden mukainen;<\/li>\n<li>toteuttaa muita <b>organisatorisia turvatoimenpiteit\u00e4<\/b>, mukaan lukien roolien ja vastuiden erottamisen politiikan t\u00e4yt\u00e4nt\u00f6\u00f6npano, asiaankuuluvien k\u00e4yt\u00e4nt\u00f6jen ja menettelytapojen s\u00e4\u00e4nn\u00f6llinen p\u00e4ivitt\u00e4minen, velvollisuuksien suorittamisen seuranta ja halukkuuden osoittaminen yhteisty\u00f6h\u00f6n asiaankuuluvien valtion viranomaisten kanssa. Yhti\u00f6n toteuttamat henkil\u00f6st\u00f6turvatoimet sis\u00e4lt\u00e4v\u00e4t joissakin tapauksissa ty\u00f6ntekij\u00f6iden taustatarkistukset, ty\u00f6ntekij\u00f6iden tietoisuuden lis\u00e4\u00e4misen tietoturva-asioista ja t\u00e4llaisen tietoisuuden seurannan, samoin kuin koulutus- ja ammatillisten kehitysohjelmien j\u00e4rjest\u00e4misen;<\/li>\n<li>seuraa jatkuvasti lains\u00e4\u00e4d\u00e4nn\u00f6n muutoksia ja toteuttaa <b>parhaita k\u00e4yt\u00e4nt\u00f6j\u00e4<\/b> henkil\u00f6tietojen suojelun alalla kyberturvallisuusstandardien, ohjeiden, henkil\u00f6tietojen suojelun valvontaviranomaisten ja Information Commissioner\u2019s Office (ICO) suositusten mukaisesti.<\/li>\n<\/ul>\n<p>Yhti\u00f6 noudattaa kaikkia k\u00e4yt\u00e4nt\u00f6j\u00e4 ja menettelytapoja henkil\u00f6tietojen suojan turvaamiseksi, tarkistaa s\u00e4\u00e4nn\u00f6llisesti niiden relevanssin ja varmistaa oikea-aikaisen tarkistuksen.<\/p>\n<p><strong>S\u00e4\u00e4nn\u00f6llinen kolmannen osapuolen tarkistus<\/strong><\/p>\n<p>Kaikki henkil\u00f6tietojen k\u00e4sittelyyn osallistuvat <b>kolmannet osapuolet<\/b> tarkistetaan k\u00e4ytt\u00e4m\u00e4ll\u00e4 sis\u00e4isesti s\u00e4\u00e4nnelty\u00e4 <b>kolmannen osapuolen vaatimustenmukaisuuden arviointimenettely\u00e4<\/b>. T\u00e4llaisissa tarkistuksissa arvioidaan erityisesti henkil\u00f6tietojen k\u00e4sittelyyn liittyv\u00e4n asiaankuuluvan dokumentaation saatavuutta, samoin kuin teknisten ja organisatoristen turvatoimenpiteiden saatavuutta ja tehokkuutta, jotka on otettu k\u00e4ytt\u00f6\u00f6n henkil\u00f6tietojen suojaamiseksi luvattomalta p\u00e4\u00e4sylt\u00e4, katoamiselta tai eheysrikkomuksilta.<\/p>\n<h2><strong>Henkil\u00f6tietojen turvalliset siirrot<\/strong><\/h2>\n<p>Palveluja tarjotessaan Yhti\u00f6 voi siirt\u00e4\u00e4 henkil\u00f6tietoja <b>Yhdistyneen kuningaskunnan ulkopuolelle<\/b>, esimerkiksi Yhdysvaltoihin ja Ukrainaan.<\/p>\n<p>Henkil\u00f6tietojen siirron turvallisuuden ja oikeudellisten vaatimusten noudattamisen varmistamiseksi suoritetaan ennakkoon <b>arviointi<\/b>. Lis\u00e4ksi suoritetaan s\u00e4\u00e4nn\u00f6llisesti sis\u00e4ist\u00e4 seurantaa sen varmistamiseksi, ett\u00e4 Yhdysvaltojen, Ukrainan ja tarvittaessa muiden maiden, joihin henkil\u00f6tietoja siirret\u00e4\u00e4n, oikeudelliset vaatimukset ja k\u00e4yt\u00e4nn\u00f6t ovat <b>UK:n ja EU:n henkil\u00f6tietojen suojastandardien ja k\u00e4yt\u00e4nt\u00f6jen<\/b> mukaisia. Lis\u00e4ksi tarkistetaan perusteellisesti tietojen tuojien toteuttamat turvatoimet, erityisesti allekirjoittamalla asiaankuuluva henkil\u00f6tietojen suojelua s\u00e4\u00e4telev\u00e4 dokumentaatio.<\/p>\n<p>Kun Yhti\u00f6 siirt\u00e4\u00e4 henkil\u00f6tietoja, joihin sovelletaan UK GDPR:\u00e4\u00e4 ja\/tai GDPR:\u00e4\u00e4, se solmii <b>tietojenk\u00e4sittelysopimuksen (DPA)<\/b> urakoitsijoidensa kanssa. T\u00e4llaiset sopimukset sis\u00e4lt\u00e4v\u00e4t asianmukaiset siirtomekanismit, mukaan lukien <b>EU:n vakiosopimuslausekkeet (SCC:t)<\/b> yhdess\u00e4 <b>UK-lis\u00e4yksen (UK Addendum)<\/b> tai <b>kansainv\u00e4lisen tiedonsiirtosopimuksen (IDTA)<\/b> kanssa.<\/p>\n<h2><strong>S\u00e4\u00e4nn\u00f6lliset koulutukset<\/strong><\/h2>\n<p>Yhti\u00f6 j\u00e4rjest\u00e4\u00e4 s\u00e4\u00e4nn\u00f6llisesti <b>koulutusta<\/b> ty\u00f6ntekij\u00f6illeen ja urakoitsijoilleen UK GDPR:n ja GDPR:n vaatimusten sek\u00e4 henkil\u00f6tietojen suojelun noudattamisesta. Koulutuksen aiheet sis\u00e4lt\u00e4v\u00e4t muun muassa UK GDPR:n, GDPR:n ja muiden sovellettavien henkil\u00f6tietojen suojalakien yleiset vaatimukset, roolit k\u00e4sittelyss\u00e4, henkil\u00f6tietojen k\u00e4sittelyn periaatteet, k\u00e4sittelyn perusteet, rekister\u00f6ityjen oikeuksien varmistamisen ja henkil\u00f6tietojen suojeluun liittyv\u00e4t kysymykset.<\/p>\n<p>Lis\u00e4ksi Yhti\u00f6 on hyv\u00e4ksynyt tarvittavan dokumentaation ja toteuttanut asianmukaiset toimenpiteet ty\u00f6ntekij\u00f6iden koulutuksen ja tietoisuuden varmistamiseksi tietosuojan alalla.<\/p>\n<h1><strong>YHTEYSTIEDOT<\/strong><\/h1>\n<p>Jos sinulla on lis\u00e4kysymyksi\u00e4 BAS-IP:n henkil\u00f6tietojen suojelusta, ota meihin yhteytt\u00e4 s\u00e4hk\u00f6postitse: <a href=\"mailto:privacy@bas-ip.com\">privacy@bas-ip.com<\/a>.<\/p>\n<p>Yst\u00e4v\u00e4llisin terveisin,<\/p>\n<p><strong>BAS-IP DISTRIBUTION LTD<\/strong><\/p>","protected":false},"excerpt":{"rendered":"<p>Olemme sitoutuneet vahvoihin ja innovatiivisiin tietosuojak\u00e4yt\u00e4nt\u00f6ihin, jotta jokainen asiakas voi luottaa siihen, ett\u00e4 heid\u00e4n henkil\u00f6tietojaan k\u00e4sitell\u00e4\u00e4n turvallisesti ja luotettavasti. BAS-IP DISTRIBUTION LTD (Yhti\u00f6 tai BAS-IP) on laatinut t\u00e4m\u00e4n muistion asiakkaillemme koskien sovellettavan tietosuojalains\u00e4\u00e4d\u00e4nn\u00f6n noudattamista, mukaan lukien Yhdistyneen kuningaskunnan yleinen tietosuoja-asetus (UK GDPR) ja EU:n yleinen tietosuoja-asetus (GDPR). Alla tutustut toimintaamme liittyen henkil\u00f6tietojen suojelun vaatimusten noudattamiseen. [&hellip;]<\/p>","protected":false},"author":1,"featured_media":0,"parent":0,"menu_order":0,"comment_status":"closed","ping_status":"closed","template":"","meta":{"inline_featured_image":false,"footnotes":""},"class_list":["post-146573","page","type-page","status-publish","hentry"],"acf":[],"_links":{"self":[{"href":"https:\/\/bas-ip.com\/fi\/wp-json\/wp\/v2\/pages\/146573","targetHints":{"allow":["GET"]}}],"collection":[{"href":"https:\/\/bas-ip.com\/fi\/wp-json\/wp\/v2\/pages"}],"about":[{"href":"https:\/\/bas-ip.com\/fi\/wp-json\/wp\/v2\/types\/page"}],"author":[{"embeddable":true,"href":"https:\/\/bas-ip.com\/fi\/wp-json\/wp\/v2\/users\/1"}],"replies":[{"embeddable":true,"href":"https:\/\/bas-ip.com\/fi\/wp-json\/wp\/v2\/comments?post=146573"}],"version-history":[{"count":3,"href":"https:\/\/bas-ip.com\/fi\/wp-json\/wp\/v2\/pages\/146573\/revisions"}],"predecessor-version":[{"id":146681,"href":"https:\/\/bas-ip.com\/fi\/wp-json\/wp\/v2\/pages\/146573\/revisions\/146681"}],"wp:attachment":[{"href":"https:\/\/bas-ip.com\/fi\/wp-json\/wp\/v2\/media?parent=146573"}],"curies":[{"name":"wp","href":"https:\/\/api.w.org\/{rel}","templated":true}]}}