{"id":145705,"date":"2025-09-22T13:03:10","date_gmt":"2025-09-22T13:03:10","guid":{"rendered":"https:\/\/bas-ip.com\/career\/"},"modified":"2025-10-02T10:46:55","modified_gmt":"2025-10-02T10:46:55","slug":"career","status":"publish","type":"page","link":"https:\/\/bas-ip.com\/fi\/career\/","title":{"rendered":"Ura"},"content":{"rendered":"<!-- START Block Career Hero -->   <div class=\"careers-hero\" style=\"background-image:url(https:\/\/bas-ip.com\/wp-content\/uploads\/2025\/09\/career_top_bg_2-scaled.jpg)\">\r\n    <div class=\"careers-hero__overlay\"><\/div>\r\n    <div class=\"careers-container careers-hero__content\">\r\n      <h1 class=\"careers-hero__title\">Me <span>etsimme<\/span> taitavia ihmisi\u00e4<\/h1>\r\n              <p class=\"careers-hero__subtitle\">Kehit\u00e4mme huipputason ratkaisuja turvallisuuden alalla \u2014 IP-videopuhelimista p\u00e4\u00e4synhallintaan ja valvontaj\u00e4rjestelmiin.<br>\r\nMutta t\u00e4rkein asia, jota rakennamme, on tiimi.<\/p>\r\n                    <a class=\"careers-btn careers-btn--primary\" href=\"https:\/\/bas-ip.com\/vacancies\/\">\r\n          ty\u00f6skentele kanssamme        <\/a>\r\n          <\/div>\r\n  <\/div>\r\n     <section class=\"careers-benefits\">\r\n    <div class=\"careers-container\">\r\n              <h2 class=\"careers-section-title\">Miksi liitty\u00e4 meihin<\/h2>\r\n                    <div class=\"careers-benefits__grid\">\r\n                      <div class=\"careers-benefit\">\r\n                              <div class=\"careers-benefit__icon\"><img decoding=\"async\" src=\"https:\/\/bas-ip.com\/wp-content\/uploads\/2025\/09\/hugeicons_global.svg\" alt=\"icon\"><\/div>\r\n                                            <h3>Et\u00e4ty\u00f6 ensin<\/h3>\r\n                                            <p>Ty\u00f6skentele mist\u00e4 p\u00e4in maailmaa tahansa<\/p>\r\n                          <\/div>\r\n                      <div class=\"careers-benefit\">\r\n                              <div class=\"careers-benefit__icon\"><img decoding=\"async\" src=\"https:\/\/bas-ip.com\/wp-content\/uploads\/2025\/09\/iconoir_brain.svg\" alt=\"icon\"><\/div>\r\n                                            <h3>Innovatiiviset tuotteet<\/h3>\r\n                                            <p>Huipputeknologiaa turvallisuusmarkkinoilla<\/p>\r\n                          <\/div>\r\n                      <div class=\"careers-benefit\">\r\n                              <div class=\"careers-benefit__icon\"><img decoding=\"async\" src=\"https:\/\/bas-ip.com\/wp-content\/uploads\/2025\/09\/fluent_people-team-16-regular.svg\" alt=\"icon\"><\/div>\r\n                                            <h3>Globaali tiimi<\/h3>\r\n                                            <p>Tee yhteisty\u00f6t\u00e4 rajojen ja aikavy\u00f6hykkeiden yli<\/p>\r\n                          <\/div>\r\n                      <div class=\"careers-benefit\">\r\n                              <div class=\"careers-benefit__icon\"><img decoding=\"async\" src=\"https:\/\/bas-ip.com\/wp-content\/uploads\/2025\/09\/tabler_rocket.svg\" alt=\"icon\"><\/div>\r\n                                            <h3>Kasvuvetoinen<\/h3>\r\n                                            <p>Tuemme oppimistasi ja urakehityst\u00e4si<\/p>\r\n                          <\/div>\r\n                      <div class=\"careers-benefit\">\r\n                              <div class=\"careers-benefit__icon\"><img decoding=\"async\" src=\"https:\/\/bas-ip.com\/wp-content\/uploads\/2025\/09\/octicon_goal-24.svg\" alt=\"icon\"><\/div>\r\n                                            <h3>Tuloksia byrokratian sijaan<\/h3>\r\n                                            <p>Arvostamme toimintaa ja omistajuutta<\/p>\r\n                          <\/div>\r\n                      <div class=\"careers-benefit\">\r\n                              <div class=\"careers-benefit__icon\"><img decoding=\"async\" src=\"https:\/\/bas-ip.com\/wp-content\/uploads\/2025\/09\/hugeicons_idea.svg\" alt=\"icon\"><\/div>\r\n                                            <h3>\u00c4\u00e4nesi on t\u00e4rke\u00e4<\/h3>\r\n                                            <p>Aloitteellisuus on tervetullutta ja palkitsevaa<\/p>\r\n                          <\/div>\r\n                  <\/div>\r\n          <\/div>\r\n  <\/section>\r\n    <section class=\"careers-vision\">\r\n    <div class=\"careers-container careers-vision__grid\">\r\n      <div class=\"careers-vision__media\">\r\n                  <img decoding=\"async\" src=\"https:\/\/bas-ip.com\/wp-content\/uploads\/2025\/09\/vision.jpg\" alt=\"\" class=\"careers-vision__img careers-vision__img--single\">\r\n              <\/div>\r\n      <div class=\"careers-vision__text\">\r\n                  <h2 class=\"careers-section-title careers-section-title--left\">visiomme<\/h2>\r\n                          <p data-start=\"347\" data-end=\"560\">BAS-IP:ss\u00e4 l\u00f6yd\u00e4t kasvumahdollisuuksia, inspiroivia projekteja ja globaalin tiimin, joka muovaa \u00e4lykk\u00e4\u00e4n turvallisuuden tulevaisuutta. Olemme yli 60 henkil\u00f6\u00e4 eri puolilta maailmaa \u2014 lahjakkuudelle ei ole rajoja.<\/p>\n<p data-start=\"562\" data-end=\"778\">Tiimimme kokoaa yhteen ammattilaisia tutkimus- ja kehitysty\u00f6st\u00e4, myynnist\u00e4, tuesta, markkinoinnista, hankinnasta ja logistiikasta, taloudesta sek\u00e4 henkil\u00f6st\u00f6hallinnosta. Olemme monimuotoisia \u2013 ja se on vahvuutemme.<\/p>\n<p data-start=\"780\" data-end=\"920\" data-is-last-node=\"\" data-is-only-node=\"\">Tuemme tulokkaita, inspiroimme toisiamme, teemme p\u00e4\u00e4t\u00f6ksi\u00e4 nopeasti ja arvostamme oma-aloitteisuutta. T\u00e4\u00e4ll\u00e4 et vain ty\u00f6skentele \u2014 vaikutat.<\/p>\n                          <a class=\"careers-btn careers-btn--primary\" href=\"https:\/\/bas-ip.com\/vacancies\/\">\r\n            ty\u00f6skentele kanssamme          <\/a>\r\n              <\/div>\r\n    <\/div>\r\n  <\/section>\r\n  <section class=\"careers-values\">\r\n    <div class=\"careers-container\">\r\n              <h2 class=\"careers-section-title\">Arvomme<\/h2>\r\n        <p>BAS-IP:ll\u00e4 kulttuurimme perustuu enemm\u00e4n kuin tavoitteisiin \u2013 sit\u00e4 muokkaavat yhteiset arvot, jotka ohjaavat ty\u00f6skentely\u00e4mme joka p\u00e4iv\u00e4:<\/p>\r\n                    <div class=\"careers-values__grid\">\r\n                      <article class=\"careers-card\">\r\n                              <img decoding=\"async\" src=\"https:\/\/bas-ip.com\/wp-content\/uploads\/2025\/09\/honesty3.jpg\" alt=\"\">\r\n                            <div class=\"careers-card__body\">\r\n                                  <h3>Rehellisyys<\/h3>\r\n                                                  <p>Avoimuus ja l\u00e4pin\u00e4kyvyys kaikessa toiminnassamme<\/p>\r\n                              <\/div>\r\n            <\/article>\r\n                      <article class=\"careers-card\">\r\n                              <img decoding=\"async\" src=\"https:\/\/bas-ip.com\/wp-content\/uploads\/2025\/09\/optimism.jpg\" alt=\"\">\r\n                            <div class=\"careers-card__body\">\r\n                                  <h3>Optimismi<\/h3>\r\n                                                  <p>Usko itseemme ja tiimimme menestykseen<\/p>\r\n                              <\/div>\r\n            <\/article>\r\n                      <article class=\"careers-card\">\r\n                              <img decoding=\"async\" src=\"https:\/\/bas-ip.com\/wp-content\/uploads\/2025\/09\/support2.jpg\" alt=\"\">\r\n                            <div class=\"careers-card__body\">\r\n                                  <h3>Tukea<\/h3>\r\n                                                  <p>Auttamalla toisiamme yst\u00e4v\u00e4llisesti ja v\u00e4litt\u00e4en<\/p>\r\n                              <\/div>\r\n            <\/article>\r\n                      <article class=\"careers-card\">\r\n                              <img decoding=\"async\" src=\"https:\/\/bas-ip.com\/wp-content\/uploads\/2025\/09\/selfdev-1.jpg\" alt=\"\">\r\n                            <div class=\"careers-card__body\">\r\n                                  <h3>Itsekehitys<\/h3>\r\n                                                  <p>Aina pyrkim\u00e4ss\u00e4 oppimaan ja kasvamaan<\/p>\r\n                              <\/div>\r\n            <\/article>\r\n                  <\/div>\r\n          <\/div>\r\n  <\/section>\r\n    <section class=\"careers-banner\">\r\n    <div class=\"careers-banner__bg\" style=\"background-image:url(https:\/\/bas-ip.com\/wp-content\/uploads\/2025\/09\/careerbannerbg1-scaled.jpg)\"><\/div>\r\n    <div class=\"careers-container careers-banner__content\">\r\n              <p class=\"careers-banner__title\">EMME RAKENNA VAIN TEKNOLOGIAA \u2014 <span>ME RAKENNAMME<br>\r\nTIIMIN<\/span>, JOKA HEIJASTAA N\u00c4IT\u00c4 ARVOJA JOKAISELLA ASKELEELLA.<\/p>\r\n          <\/div>\r\n  <\/section>\r\n\r\n  \r\n    <section id=\"open\" class=\"careers-open\">\r\n    <div class=\"careers-container careers-open__inner\">\r\n              <h2 class=\"careers-section-title\">Avoimet ty\u00f6paikat<\/h2>\r\n                    <p>Tutustu avoimiin ty\u00f6paikkoihimme ja hae suoraan. Etsimme jatkuvasti intohimoisia ammattilaisia \u200b\u200bmukaan matkaamme.<\/p>\r\n                    <a class=\"careers-btn careers-btn--primary\" href=\"https:\/\/bas-ip.com\/vacancies\/\">\r\n          ty\u00f6skentele kanssamme        <\/a>\r\n          <\/div>\r\n  <\/section><!-- END Block Career Hero -->","protected":false},"excerpt":{"rendered":"","protected":false},"author":2,"featured_media":0,"parent":0,"menu_order":0,"comment_status":"closed","ping_status":"closed","template":"","meta":{"inline_featured_image":false,"footnotes":""},"class_list":["post-145705","page","type-page","status-publish","hentry"],"acf":[],"_links":{"self":[{"href":"https:\/\/bas-ip.com\/fi\/wp-json\/wp\/v2\/pages\/145705","targetHints":{"allow":["GET"]}}],"collection":[{"href":"https:\/\/bas-ip.com\/fi\/wp-json\/wp\/v2\/pages"}],"about":[{"href":"https:\/\/bas-ip.com\/fi\/wp-json\/wp\/v2\/types\/page"}],"author":[{"embeddable":true,"href":"https:\/\/bas-ip.com\/fi\/wp-json\/wp\/v2\/users\/2"}],"replies":[{"embeddable":true,"href":"https:\/\/bas-ip.com\/fi\/wp-json\/wp\/v2\/comments?post=145705"}],"version-history":[{"count":3,"href":"https:\/\/bas-ip.com\/fi\/wp-json\/wp\/v2\/pages\/145705\/revisions"}],"predecessor-version":[{"id":145764,"href":"https:\/\/bas-ip.com\/fi\/wp-json\/wp\/v2\/pages\/145705\/revisions\/145764"}],"wp:attachment":[{"href":"https:\/\/bas-ip.com\/fi\/wp-json\/wp\/v2\/media?parent=145705"}],"curies":[{"name":"wp","href":"https:\/\/api.w.org\/{rel}","templated":true}]}}