{"id":140856,"date":"2025-06-03T12:48:57","date_gmt":"2025-06-03T12:48:57","guid":{"rendered":"https:\/\/bas-ip.com\/condo-control\/"},"modified":"2025-08-05T10:03:45","modified_gmt":"2025-08-05T10:03:45","slug":"condo-control","status":"publish","type":"page","link":"https:\/\/bas-ip.com\/fi\/condo-control\/","title":{"rendered":"Condo Control"},"content":{"rendered":"<h2>BAS-IP ja Condo Control julkistavat integraation asukkaiden asumiskokemuksen parantamiseksi<\/h2>\n\n<div class=\"wp-block-image\">\n<figure class=\"aligncenter size-large\"><img loading=\"lazy\" decoding=\"async\" width=\"1024\" height=\"235\" src=\"https:\/\/bas-ip.com\/wp-content\/uploads\/2025\/06\/Condo-Control-1024x235.png\" alt=\"\" class=\"wp-image-138764\" srcset=\"https:\/\/bas-ip.com\/wp-content\/uploads\/2025\/06\/Condo-Control-1024x235.png 1024w,  https:\/\/bas-ip.com\/wp-content\/uploads\/2025\/06\/Condo-Control-300x69.png 300w,  https:\/\/bas-ip.com\/wp-content\/uploads\/2025\/06\/Condo-Control-768x177.png 768w,  https:\/\/bas-ip.com\/wp-content\/uploads\/2025\/06\/Condo-Control-767x176.png 767w,  https:\/\/bas-ip.com\/wp-content\/uploads\/2025\/06\/Condo-Control.png 1266w\" sizes=\"auto, (max-width: 1024px) 100vw, 1024px\" \/><\/figure>\n<\/div>\n\n<p>BAS-IP, johtava IP-ovipuhelinj\u00e4rjestelmien kehitt\u00e4j\u00e4, ja Condo Control, kaikki yhdess\u00e4 -alusta, joka digitalisoi toimintoja yli 2 miljoonalle asukkaalle, ovat t\u00e4n\u00e4\u00e4n julkistaneet strategisen integraation. T\u00e4m\u00e4 yhteisty\u00f6 luo yhden totuuden l\u00e4hteen asukastiedoille, poistaa kaksoissy\u00f6t\u00f6n ja mahdollistaa asukastietojen saumattoman synkronoinnin n\u00e4iden kahden j\u00e4rjestelm\u00e4n v\u00e4lill\u00e4, mik\u00e4 tarjoaa uuden tason mukavuutta ja tietojen tarkkuutta asukkaille ja kiinteist\u00f6p\u00e4\u00e4llik\u00f6ille Kanadassa.<\/p>\n<p>T\u00e4m\u00e4n integraation keskeinen ominaisuus on asukaslistan synkronointi Condo Control -alustalta BAS-IP-ovipuhelimiin. Sen sijaan, ett\u00e4 asukkaiden tarvitsisi valita asunnon numeroita, vierailijat selaavat aakkosj\u00e4rjestyksess\u00e4 olevaa \u00e4lyk\u00e4st\u00e4 hakemistoa, napauttavat nime\u00e4, ja soitto-paneeli n\u00e4ytt\u00e4\u00e4 nyt puhelinluettelon asukkaiden nimill\u00e4, mik\u00e4 tarjoaa intuitiivisemman ja k\u00e4ytt\u00e4j\u00e4keskeisemm\u00e4n l\u00e4hestymistavan.<\/p>\n<p>Condo Control -j\u00e4rjestelm\u00e4 toimii kiinteist\u00f6hallinnoijien ensisijaisena k\u00e4ytt\u00f6liittym\u00e4n\u00e4, jolla he voivat helposti lis\u00e4t\u00e4, poistaa ja p\u00e4ivitt\u00e4\u00e4 asukkaiden tietoja. N\u00e4m\u00e4 muutokset siirtyv\u00e4t automaattisesti ovipuhelinj\u00e4rjestelm\u00e4n \u00e4lykk\u00e4\u00e4seen hakemistoon BAS-IP Link -hallinta-alustan kautta, joka toimii v\u00e4liohjelmistona. BAS-IP Link hallinnoi my\u00f6s soittoprosessia ja varmistaa luotettavan viestinn\u00e4n.<\/p>\n<p>T\u00e4m\u00e4 parannus toteutettiin Kanadan asukkaiden mieltymykset huomioon ottaen, sill\u00e4 he ovat tottuneet vastaanottamaan puheluita henkil\u00f6kohtaisilla matkapuhelinnumeroillaan kiinte\u00e4n asuntoon asennetun laitteen sijaan.<\/p>\n<p>&#8221;Missiomme on digitalisoida ja virtaviivaistaa yhteis\u00f6n toimintoja&#8221;, sanoi Brian Bosscher, Condo Control. &#8221;Yhteisty\u00f6 BAS-IP:n kanssa antaa johtajille mahdollisuuden p\u00e4ivitt\u00e4\u00e4 tiedot kerran ja antaa asukkaille kitkattoman, mobiilin p\u00e4\u00e4syn, jota he odottavat.&#8221;<\/p>\n<p><strong><u>T\u00e4rkeimm\u00e4t edut:<\/u><\/strong><\/p>\n<ul>\n<li><b>Ei kaksoissy\u00f6tt\u00f6\u00e4<\/b> \u2013 asukastiedot siirtyv\u00e4t automaattisesti.<\/li>\n<li><b>Puhelut tavoittavat oikean henkil\u00f6n ensimm\u00e4isell\u00e4 kerralla<\/b> \u2013 v\u00e4hemm\u00e4n puhelujen uudelleenvalintoja aulan kautta.<\/li>\n<li><b>Mobiilikeskeinen kokemus<\/b> \u2013 asukkaat voivat vastata mist\u00e4 tahansa matkapuhelimesta.<\/li>\n<li><b>Aina ajantasainen:<\/b> puhelinnumerot ja muuttoilmoitukset synkronoituvat v\u00e4litt\u00f6m\u00e4sti.<\/li>\n<\/ul>\n<p><strong><u>Soittoprosessia on parannettu maksimaalisen joustavuuden saavuttamiseksi:<\/u><\/strong><\/p>\n<ul>\n<li><b>Suora soitto asukkaalle:<\/b> Vierailijat voivat soittaa tietylle asukkaalle heid\u00e4n henkil\u00f6kohtaiseen puhelinnumeroonsa tai BAS-IP Link -mobiilisovelluksessa valitsemalla heid\u00e4n nimens\u00e4 \u00e4lykk\u00e4\u00e4st\u00e4 hakemistosta tai valitsemalla tietyn koodin.<\/li>\n<li><b>Soitto asuntoon:<\/b> Perinteinen vaihtoehto soittaa samanaikaisesti kaikille asunnon asukkaille on edelleen saatavilla.<\/li>\n<li><b>Hybridimalli:<\/b> Molempia vaihtoehtoja voidaan tukea samanaikaisesti yhdell\u00e4 soittolaitteella.<\/li>\n<\/ul>\n<p><strong><u>N\u00e4in integraatio toimii:<\/u><\/strong><\/p>\n<ul>\n<li><b>Rekister\u00f6inti:<\/b> J\u00e4rjestelm\u00e4nvalvoja rekister\u00f6i asukkaan Condo Control -j\u00e4rjestelm\u00e4\u00e4n ja lis\u00e4\u00e4 h\u00e4nen yhteystietonsa.<\/li>\n<li><b>Synkronointi:<\/b> BAS-IP Link -palvelin l\u00e4hett\u00e4\u00e4 asukkaan tiedot automaattisesti soitto-paneelin \u00e4lykk\u00e4\u00e4seen hakemistoon.<\/li>\n<li><b>Puhelu:<\/b> Kuriiri tai vieras valitsee asukkaan nimen perusteella tai valitsee h\u00e4nen koodinsa.<\/li>\n<li><b>Vastaus:<\/b> Asukas vastaa puheluun paneelista omalla henkil\u00f6kohtaisella matkapuhelinnumerollaan (yhdistetyn Twilio SIP-trunkin kautta) tai BAS-IP Link -sovelluksessa.<\/li>\n<li><b>Kulkuoikeus:<\/b> Asukas voi avata oven et\u00e4n\u00e4.<\/li>\n<\/ul>\n<p>Integraatio varmistaa my\u00f6s automaattiset tietojen p\u00e4ivitykset. Kaikki muutokset asukkaan puhelinnumeroon, k\u00e4ytt\u00e4j\u00e4n poistamiseen tai mobiilisovelluksen istuntoon Condo Control -j\u00e4rjestelm\u00e4ss\u00e4 heijastuvat v\u00e4litt\u00f6m\u00e4sti BAS-IP Link -edelleenl\u00e4hetysj\u00e4rjestelm\u00e4\u00e4n, mik\u00e4 takaa, ett\u00e4 yhteystiedot ovat aina ajantasaisia.<\/p>\n<p>T\u00e4m\u00e4 integraatio edustaa merkitt\u00e4v\u00e4\u00e4 askelta eteenp\u00e4in \u00e4lykk\u00e4\u00e4mpien ja mukavampien asuintilojen luomisessa. Yhdist\u00e4m\u00e4ll\u00e4 BAS-IP:n huippuluokan IP-ovipuhelinteknologian Condo Controlin tehokkaisiin kiinteist\u00f6nhallintaominaisuuksiin, yritykset tarjoavat ratkaisun, joka vastaa asukkaiden nykyaikaisiin tarpeisiin ja yksinkertaistaa j\u00e4rjestelm\u00e4nvalvojien ty\u00f6nkulkua.<\/p>\n\n<!-- START Block Sign Up --><section id=\"block_629678229e935\" class=\"sign-up-section\">\r\n\r\n    <div class=\"form-holder js-form\" data-aos=\"fade-right\">\r\n                    <div class=\"title-block h3\">Sign up for connection<\/div>\r\n        \r\n                    <div class=\"text-block\">\r\n                Filling out all the information needed to answer you as quickly as possible            <\/div>\r\n        \r\n                    \n<div class=\"wpcf7 no-js\" id=\"wpcf7-f102-o1\" lang=\"en-US\" dir=\"ltr\">\n<div class=\"screen-reader-response\"><p role=\"status\" aria-live=\"polite\" aria-atomic=\"true\"><\/p> <ul><\/ul><\/div>\n<form action=\"\/fi\/wp-json\/wp\/v2\/pages\/140856#wpcf7-f102-o1\" method=\"post\" class=\"wpcf7-form init\" aria-label=\"Contact form\" enctype=\"multipart\/form-data\" novalidate=\"novalidate\" data-status=\"init\">\n<div style=\"display: none;\">\n<input type=\"hidden\" name=\"_wpcf7\" value=\"102\" \/>\n<input type=\"hidden\" name=\"_wpcf7_version\" value=\"5.8.3\" \/>\n<input type=\"hidden\" name=\"_wpcf7_locale\" value=\"en_US\" \/>\n<input type=\"hidden\" name=\"_wpcf7_unit_tag\" value=\"wpcf7-f102-o1\" \/>\n<input type=\"hidden\" name=\"_wpcf7_container_post\" value=\"0\" \/>\n<input type=\"hidden\" name=\"_wpcf7_posted_data_hash\" value=\"\" \/>\n<input type=\"hidden\" name=\"_wpcf7_recaptcha_response\" value=\"\" \/>\n<\/div>\n<div class=\"row\"> \n <label><span class=\"label-text\">Name<\/span> \n  <span class=\"wpcf7-form-control-wrap\" data-name=\"text-full-name\"><input size=\"40\" class=\"wpcf7-form-control wpcf7-text wpcf7-validates-as-required\" aria-required=\"true\" aria-invalid=\"false\" placeholder=\"Name\" value=\"\" type=\"text\" name=\"text-full-name\" \/><\/span><\/label> \n<\/div> \n<div class=\"row\"> \n <label><span class=\"label-text\">Phone*<\/span> \n<span class=\"wpcf7-form-control-wrap\" data-name=\"phonetext-270\"><input size=\"40\" class=\"wpcf7-form-control wpcf7-phonetext wpcf7-validates-as-required wpcf7-text wpcf7-validates-as-phonetext\" aria-required=\"true\" aria-invalid=\"false\" placeholder=\"Phone*\" value=\"\" type=\"text\" name=\"phonetext-270\" \/><input type=\"hidden\" name=\"phonetext-270-country-code\" class=\"wpcf7-phonetext-country-code\" \/><\/span><\/label> \n<\/div> \n<div class=\"row\"> \n <label><span class=\"label-text\">E-mail<\/span> \n  <span class=\"wpcf7-form-control-wrap\" data-name=\"email-e-mail\"><input size=\"40\" class=\"wpcf7-form-control wpcf7-email wpcf7-validates-as-required wpcf7-text wpcf7-validates-as-email\" aria-required=\"true\" aria-invalid=\"false\" placeholder=\"E-mail\" value=\"\" type=\"email\" name=\"email-e-mail\" \/><\/span><\/label> \n<\/div> \n<div class=\"row\"><span>Your country<\/span> \n <label><span class=\"wpcf7-form-control-wrap\" data-name=\"countrytext-126\"><input size=\"40\" class=\"wpcf7-form-control wpcf7-countrytext wpcf7-text wpcf7-validates-as-countrytext\" aria-invalid=\"false\" value=\"\" type=\"text\" name=\"countrytext-126\" \/><\/span> <\/label>\n<\/div> \n<div class=\"row\"> \n <button type=\"submit\" class=\"btn\">Send<\/button> \n<\/div> \n<div class=\"row\"> \n <span class=\"wpcf7-form-control-wrap\" data-name=\"checkbox-931\"><span class=\"wpcf7-form-control wpcf7-checkbox\"><span class=\"wpcf7-list-item first\"><label><input type=\"checkbox\" name=\"checkbox-931[]\" value=\"Integrator\" \/><span class=\"wpcf7-list-item-label\">Integrator<\/span><\/label><\/span><span class=\"wpcf7-list-item\"><label><input type=\"checkbox\" name=\"checkbox-931[]\" value=\"Builder\" \/><span class=\"wpcf7-list-item-label\">Builder<\/span><\/label><\/span><span class=\"wpcf7-list-item last\"><label><input type=\"checkbox\" name=\"checkbox-931[]\" value=\"End-User\" \/><span class=\"wpcf7-list-item-label\">End-User<\/span><\/label><\/span><\/span><\/span> \n<\/div> \n<div class=\"row row-upload-file\"> \n <label class=\"upload-file-block js-upload-file\">Attach file \n  <span class=\"wpcf7-form-control-wrap\" data-name=\"file-466\"><input size=\"40\" class=\"wpcf7-form-control wpcf7-file\" accept=\"audio\/*,video\/*,image\/*\" aria-invalid=\"false\" type=\"file\" name=\"file-466\" \/><\/span><\/label> \n<\/div><input type='hidden' class='wpcf7-pum' value='{\"closepopup\":false,\"closedelay\":0,\"openpopup\":false,\"openpopup_id\":0}' \/><div class=\"wpcf7-response-output\" aria-hidden=\"true\"><\/div>\n<\/form>\n<\/div>\n            <\/div>\r\n\r\n\t\t    <div class=\"text-holder\" data-aos=\"fade-left\">\r\n\t\t\t\t\t\t    <h3 class=\"title-block\">How Can We Help?<\/h3>\r\n\t\t\t\r\n\t\t\t                <div class=\"text-block\">\r\n                    Please select a topic below related to your inquiry. If you don&#8217;t find what you need, fill out our contact form.                <\/div>\r\n\t\t\t\r\n\t\t\t\t\t\t    <ul class=\"link-list\">\r\n\t\t\t\t\t\t\t\t\t\t\t\t\t\t\t\t\t\t<li>\r\n\t\t\t\t\t\t\t\t\t\t\t\t\t\t\t\t    <strong>Get Inspired<\/strong>\r\n\t\t\t\t\t\t\t\t\t\t\t\t\t\t\t\t\t\t\t\t\t\t\t\t    <a href=\"\/features\/\">\r\n\t\t\t\t\t\t\t\t        Discover what&#8217;s beneath our intercom\t\t\t\t\t\t\t\t    <\/a>\r\n\t\t\t\t\t\t\t\t\t\t\t\t\t\t\t<\/li>\r\n\t\t\t\t\t\t\t\t\t\t\t\t\t\t\t\t\t\t\t\t\t\t\t\t<li>\r\n\t\t\t\t\t\t\t\t\t\t\t\t\t\t\t\t    <strong>Become a Partner<\/strong>\r\n\t\t\t\t\t\t\t\t\t\t\t\t\t\t\t\t\t\t\t\t\t\t\t\t    <a href=\"\/distributors\/\">\r\n\t\t\t\t\t\t\t\t        Expand your business with BAS-IP intercom\t\t\t\t\t\t\t\t    <\/a>\r\n\t\t\t\t\t\t\t\t\t\t\t\t\t\t\t<\/li>\r\n\t\t\t\t\t\t\t\t\t\t\t\t\t\t\t\t\t\t\t\t\t\t\t\t<li>\r\n\t\t\t\t\t\t\t\t\t\t\t\t\t\t\t\t    <strong>Check the Guides<\/strong>\r\n\t\t\t\t\t\t\t\t\t\t\t\t\t\t\t\t\t\t\t\t\t\t\t\t    <a href=\"\/support\/\">\r\n\t\t\t\t\t\t\t\t        Download detailed manuals and schemes\t\t\t\t\t\t\t\t    <\/a>\r\n\t\t\t\t\t\t\t\t\t\t\t\t\t\t\t<\/li>\r\n\t\t\t\t\t\t\t\t\t\t\t\t\t\t\t<\/ul>\r\n\t\t\t\r\n\t\t\t\t\t\t    <h3 class=\"title-block\">Our contacts<\/h3>\r\n\t\t\t\r\n\t\t\t\t\t\t\t<ul class=\"contact-list\">\r\n\t\t\t\t\t\t\t\t\t\t\t\t\t\t\t\t\t\t<li>\r\n\t\t\t\t\t\t\t\t\t\t\t\t\t\t\t\t\t<strong>Sales:<\/strong>\r\n\t\t\t\t\t\t\t\t\t\t\t\t\t\t\t\t\t\t\t\t\t\t\t\t    <a href=\"mailto:&#115;&#97;&#108;&#101;s&#64;&#98;&#97;&#115;-&#105;&#112;.&#99;om\">s&#97;&#108;&#101;s&#64;&#98;&#97;&#115;&#45;&#105;&#112;&#46;co&#109;<\/a>\r\n\t\t\t\t\t\t\t\t\t\t\t\t\t\t\t<\/li>\r\n\t\t\t\t\t\t\t\t\t\t\t\t\t\t\t\t\t\t\t\t\t\t\t\t<li>\r\n\t\t\t\t\t\t\t\t\t\t\t\t\t\t\t\t\t<strong>Technical support:<\/strong>\r\n\t\t\t\t\t\t\t\t\t\t\t\t\t\t\t\t\t\t\t\t\t\t\t\t    <a href=\"mailto:&#115;u&#112;&#112;&#111;r&#116;&#64;&#98;&#97;&#115;-&#105;&#112;&#46;com\">&#115;upp&#111;&#114;&#116;&#64;&#98;&#97;s&#45;i&#112;&#46;&#99;om<\/a>\r\n\t\t\t\t\t\t\t\t\t\t\t\t\t\t\t<\/li>\r\n\t\t\t\t\t\t\t\t\t\t\t\t\t\t\t<\/ul>\r\n\t\t\t\t\t<\/div>\r\n\t<\/section>\r\n\r\n\r\n\r\n<!-- END Block Sign Up -->","protected":false},"excerpt":{"rendered":"<p>BAS-IP ja Condo Control julkistavat integraation asukkaiden asumiskokemuksen parantamiseksi BAS-IP, johtava IP-ovipuhelinj\u00e4rjestelmien kehitt\u00e4j\u00e4, ja Condo Control, kaikki yhdess\u00e4 -alusta, joka digitalisoi toimintoja yli 2 miljoonalle asukkaalle, ovat t\u00e4n\u00e4\u00e4n julkistaneet strategisen integraation. T\u00e4m\u00e4 yhteisty\u00f6 luo yhden totuuden l\u00e4hteen asukastiedoille, poistaa kaksoissy\u00f6t\u00f6n ja mahdollistaa asukastietojen saumattoman synkronoinnin n\u00e4iden kahden j\u00e4rjestelm\u00e4n v\u00e4lill\u00e4, mik\u00e4 tarjoaa uuden tason mukavuutta ja [&hellip;]<\/p>","protected":false},"author":1,"featured_media":0,"parent":0,"menu_order":0,"comment_status":"closed","ping_status":"closed","template":"page-custom-breadcrumbs.php","meta":{"inline_featured_image":false,"footnotes":""},"class_list":["post-140856","page","type-page","status-publish","hentry"],"acf":[],"_links":{"self":[{"href":"https:\/\/bas-ip.com\/fi\/wp-json\/wp\/v2\/pages\/140856","targetHints":{"allow":["GET"]}}],"collection":[{"href":"https:\/\/bas-ip.com\/fi\/wp-json\/wp\/v2\/pages"}],"about":[{"href":"https:\/\/bas-ip.com\/fi\/wp-json\/wp\/v2\/types\/page"}],"author":[{"embeddable":true,"href":"https:\/\/bas-ip.com\/fi\/wp-json\/wp\/v2\/users\/1"}],"replies":[{"embeddable":true,"href":"https:\/\/bas-ip.com\/fi\/wp-json\/wp\/v2\/comments?post=140856"}],"version-history":[{"count":2,"href":"https:\/\/bas-ip.com\/fi\/wp-json\/wp\/v2\/pages\/140856\/revisions"}],"predecessor-version":[{"id":140930,"href":"https:\/\/bas-ip.com\/fi\/wp-json\/wp\/v2\/pages\/140856\/revisions\/140930"}],"wp:attachment":[{"href":"https:\/\/bas-ip.com\/fi\/wp-json\/wp\/v2\/media?parent=140856"}],"curies":[{"name":"wp","href":"https:\/\/api.w.org\/{rel}","templated":true}]}}