{"id":133940,"date":"2023-03-27T09:32:04","date_gmt":"2023-03-27T09:32:04","guid":{"rendered":"https:\/\/bas-ip.com\/medical\/"},"modified":"2025-03-20T11:40:39","modified_gmt":"2025-03-20T11:40:39","slug":"medical","status":"publish","type":"page","link":"https:\/\/bas-ip.com\/fi\/medical\/","title":{"rendered":"Sairaaloihin\/L\u00e4\u00e4ketieteellisiin tiloihin"},"content":{"rendered":"<h1 class=\"wp-block-heading\"><strong>BAS-IP:n sairaalan sis\u00e4puhelinj\u00e4rjestelm\u00e4 &#8211; Potilashoidon parantaminen<\/strong><\/h1>\n\n\n\n<p>L\u00e4\u00e4ketieteellinen teollisuus kehittyy jatkuvasti tarjotakseen potilaille parhaan mahdollisen hoidon. Koska viestint\u00e4 on ratkaisevassa roolissa tehokkaiden ja turvallisten l\u00e4\u00e4ketieteellisten palvelujen tarjoamisessa, sairaalan sis\u00e4puhelinj\u00e4rjestelm\u00e4n p\u00e4ivitt\u00e4minen huipputeknologialla on v\u00e4ltt\u00e4m\u00e4t\u00f6nt\u00e4. BAS-IP:n innovatiiviset l\u00e4\u00e4ketieteelliset sis\u00e4puhelinj\u00e4rjestelm\u00e4t, jotka on suunniteltu erityisesti puhtaisiin huoneisiin ja l\u00e4\u00e4ketieteellisiin tiloihin, tuovat vertaansa vailla olevaa mukavuutta ja luotettavuutta terveydenhuollon ammattilaisille ja heid\u00e4n potilailleen. T\u00e4ss\u00e4 artikkelissa tarkastelemme BAS-IP:n sairaalan sis\u00e4puhelimen ominaisuuksia ja etuja sek\u00e4 sit\u00e4, miten se voi mullistaa l\u00e4\u00e4ketieteellisten tilojen toiminnan.<\/p>\n\n\n\n<h2 class=\"wp-block-heading\"><strong>BAS-IP:n sairaalan sis\u00e4puhelimen teho<\/strong><\/h2>\n\n\n<!-- START Block Features --><section id=\"block_64304f018b5e4\" class=\"features-section\">\r\n\t\r\n    <div class=\"features-list\">\r\n                    <div class=\"features-item\" data-aos=\"fade-up\">\r\n    <div class=\"features-box\">\r\n                    <div class=\"image-holder\">\r\n                <img loading=\"lazy\" decoding=\"async\" width=\"350\" height=\"320\" src=\"https:\/\/bas-ip.com\/wp-content\/uploads\/2023\/04\/1-2-350x320.jpg\" class=\"attachment-thumbnail_350x320 size-thumbnail_350x320\" alt=\"\" \/>            <\/div>\r\n        \r\n        <div class=\"text-holder\">\r\n                        <h3 class=\"title-block\">Saumaton integrointi IP-paikallisverkkojen kanssa<\/h3>\r\n          \r\n                        <div class=\"text-block\">\r\n                <p>Yksi BAS-IP:n l\u00e4\u00e4ketieteellisten sis\u00e4puhelinj\u00e4rjestelmien merkitt\u00e4vist\u00e4 eduista on niiden kyky toimia saumattomasti saman IP-lokaalin verkon sis\u00e4ll\u00e4. T\u00e4m\u00e4 yhteensopivuus takaa sujuvan viestinn\u00e4n eri sis\u00e4puhelinlaitteiden v\u00e4lill\u00e4, v\u00e4hent\u00e4en viivett\u00e4 ja parantaen yleist\u00e4 tehokkuutta.<\/p>\n              <\/div>\r\n                  <\/div>\r\n    <\/div>\r\n<\/div>\r\n                    <div class=\"features-item\" data-aos=\"fade-up\">\r\n    <div class=\"features-box\">\r\n                    <div class=\"image-holder\">\r\n                <img loading=\"lazy\" decoding=\"async\" width=\"350\" height=\"320\" src=\"https:\/\/bas-ip.com\/wp-content\/uploads\/2023\/04\/2-2-350x320.jpg\" class=\"attachment-thumbnail_350x320 size-thumbnail_350x320\" alt=\"\" \/>            <\/div>\r\n        \r\n        <div class=\"text-holder\">\r\n                        <h3 class=\"title-block\">Kehittyneet ominaisuudet tehostettuun viestint\u00e4\u00e4n<\/h3>\r\n          \r\n                        <div class=\"text-block\">\r\n                <p>BAS-IP tarjoaa laajan valikoiman ainutlaatuisia ominaisuuksia sairaalan sis\u00e4puhelinj\u00e4rjestelm\u00e4lleen, mik\u00e4 erottaa sen kilpailijoista. N\u00e4ihin ominaisuuksiin kuuluvat HD-videopuhelut, p\u00e4\u00e4synhallinta ja yhteensopivuus erilaisten IP-laitteiden kanssa, mik\u00e4 takaa sujuvan viestinn\u00e4n ja lis\u00e4\u00e4 turvallisuutta l\u00e4\u00e4ketieteellisiss\u00e4 tiloissa.<\/p>\n              <\/div>\r\n                  <\/div>\r\n    <\/div>\r\n<\/div>\r\n                    <div class=\"features-item\" data-aos=\"fade-up\">\r\n    <div class=\"features-box\">\r\n                    <div class=\"image-holder\">\r\n                <img loading=\"lazy\" decoding=\"async\" width=\"350\" height=\"320\" src=\"https:\/\/bas-ip.com\/wp-content\/uploads\/2023\/04\/3-2-350x320.jpg\" class=\"attachment-thumbnail_350x320 size-thumbnail_350x320\" alt=\"\" \/>            <\/div>\r\n        \r\n        <div class=\"text-holder\">\r\n                        <h3 class=\"title-block\">Puhdashuoneen sis\u00e4puhelinominaisuudet<\/h3>\r\n          \r\n                        <div class=\"text-block\">\r\n                <p>Puhtaat huoneet vaativat tiukkoja hygieniastandardeja, ja BAS-IP:n sairaalan sis\u00e4puhelinj\u00e4rjestelm\u00e4 on suunniteltu t\u00e4ytt\u00e4m\u00e4\u00e4n n\u00e4m\u00e4 vaatimukset. Puhtaan huoneen sis\u00e4puhelin varmistaa, ett\u00e4 terveydenhuollon ammattilaisten v\u00e4linen viestint\u00e4 pysyy keskeytym\u00e4tt\u00f6m\u00e4n\u00e4 vaarantamatta n\u00e4iden erikoistuneiden ymp\u00e4rist\u00f6jen steriiliytt\u00e4 ja turvallisuutta.<\/p>\n              <\/div>\r\n                  <\/div>\r\n    <\/div>\r\n<\/div>\r\n            <\/div>\r\n<\/section>\r\n<!-- END Block Features -->\n\n\n<h2 class=\"wp-block-heading\"><strong>BAS-IP:n korkealaatuiset laitteistokomponentit<\/strong><\/h2>\n\n\n<!-- START Block Features --><section id=\"block_64304f888b5e8\" class=\"features-section\">\r\n\t\r\n    <div class=\"features-list\">\r\n                    <div class=\"features-item\" data-aos=\"fade-up\">\r\n    <div class=\"features-box\">\r\n                    <div class=\"image-holder\">\r\n                <img loading=\"lazy\" decoding=\"async\" width=\"350\" height=\"320\" src=\"https:\/\/bas-ip.com\/wp-content\/uploads\/2023\/04\/4-2-350x320.jpg\" class=\"attachment-thumbnail_350x320 size-thumbnail_350x320\" alt=\"\" \/>            <\/div>\r\n        \r\n        <div class=\"text-holder\">\r\n                        <h3 class=\"title-block\">AV-04AFD \u2013 Ultimaattinen sis\u00e4puhelinlaite<\/h3>\r\n          \r\n                        <div class=\"text-block\">\r\n                <p>AV-04AFD on monik\u00e4ytt\u00f6inen sis\u00e4puhelinlaite, joka on suunniteltu tarjoamaan huippuluokan suorituskyky\u00e4 l\u00e4\u00e4ketieteellisiss\u00e4 tiloissa. Sen HD-\u00e4\u00e4nipuhelutoiminnot, p\u00e4\u00e4synhallintaintegraatio ja yhteensopivuus erilaisten IP-laitteiden kanssa tarjoavat vertaansa vailla olevaa viestint\u00e4\u00e4 ja turvallisuusominaisuuksia tyylikk\u00e4\u00e4ss\u00e4 ja modernissa suunnittelussa.<\/p>\n              <\/div>\r\n                  <\/div>\r\n    <\/div>\r\n<\/div>\r\n                    <div class=\"features-item\" data-aos=\"fade-up\">\r\n    <div class=\"features-box\">\r\n                    <div class=\"image-holder\">\r\n                <img loading=\"lazy\" decoding=\"async\" width=\"350\" height=\"320\" src=\"https:\/\/bas-ip.com\/wp-content\/uploads\/2023\/04\/5-3-350x320.jpg\" class=\"attachment-thumbnail_350x320 size-thumbnail_350x320\" alt=\"\" \/>            <\/div>\r\n        \r\n        <div class=\"text-holder\">\r\n                        <h3 class=\"title-block\">AM-02 \u2013 Tehokas concierge-p\u00e4\u00e4te<\/h3>\r\n          \r\n                        <div class=\"text-block\">\r\n                <p>AM-02 concierge-p\u00e4\u00e4te varmistaa selke\u00e4n ja luotettavan viestinn\u00e4n terveydenhuollon ammattilaisten v\u00e4lill\u00e4. T\u00e4m\u00e4 helposti asennettava laite voidaan saumattomasti integroida sairaalan sis\u00e4puhelinj\u00e4rjestelm\u00e4\u00e4n, tarjoten tehokkaan ja kustannustehokkaan ratkaisun l\u00e4\u00e4ketieteellisille tiloille.<\/p>\n              <\/div>\r\n                  <\/div>\r\n    <\/div>\r\n<\/div>\r\n                    <div class=\"features-item\" data-aos=\"fade-up\">\r\n    <div class=\"features-box\">\r\n                    <div class=\"image-holder\">\r\n                <img loading=\"lazy\" decoding=\"async\" width=\"350\" height=\"320\" src=\"https:\/\/bas-ip.com\/wp-content\/uploads\/2023\/04\/6-2-350x320.jpg\" class=\"attachment-thumbnail_350x320 size-thumbnail_350x320\" alt=\"\" \/>            <\/div>\r\n        \r\n        <div class=\"text-holder\">\r\n                        <h3 class=\"title-block\">SH-31TM &#8211; Sis\u00e4\u00e4ntulopaneelin l\u00e4mp\u00f6tilamoduuli<\/h3>\r\n          \r\n                        <div class=\"text-block\">\r\n                <p>Ovien sis\u00e4puhelimen l\u00e4mp\u00f6tilamoduuli, joka sis\u00e4lt\u00e4\u00e4 kosketusvapaalla ranteen l\u00e4mp\u00f6tilamittauksella varustetun toiminnon, on olennainen osa sairaalan sis\u00e4puhelinj\u00e4rjestelm\u00e4\u00e4. T\u00e4m\u00e4 innovatiivinen laite yhdist\u00e4\u00e4 p\u00e4\u00e4synhallinnan ja terveystarkastusominaisuudet varmistaen turvallisen ja suojatun ymp\u00e4rist\u00f6n niin potilaille kuin henkil\u00f6kunnallekin terveydenhuollon tiloissa.<\/p>\n              <\/div>\r\n                  <\/div>\r\n    <\/div>\r\n<\/div>\r\n            <\/div>\r\n<\/section>\r\n<!-- END Block Features -->\n\n<!-- START Block FAQ --><section id=\"block_642163c6f4e28\" class=\"faq-section\">\r\n\t\t    <h2 class=\"title-section\" data-aos=\"fade-right\">Usein kysytyt kysymykset (FAQ)<\/h2>\r\n\t\t\t    <div class=\"faq-list js-accordion\" data-aos=\"fade-up\">\r\n\t\t\t\t\t\t\t\t\t\t\t    <div class=\"accordion-item faq-item\">\r\n                        <div class=\"accordion-opener\">\r\n                            Q: Miten BAS-IP:n sairaalan sis\u00e4puhelinj\u00e4rjestelm\u00e4 parantaa tehokkuutta l\u00e4\u00e4ketieteellisiss\u00e4 tiloissa?                            <i class=\"fa-solid fa-chevron-down\"><\/i>\r\n                        <\/div>\r\n                        <div class=\"accordion-slide\">\r\n\t\t\t\t\t\t    <p>BAS-IP:n sairaalan sis\u00e4puhelinj\u00e4rjestelm\u00e4 mahdollistaa terveydenhuollon ammattilaisten sujuvan ja turvallisen viestinn\u00e4n, parantaen yleist\u00e4 tehokkuutta. Integroimalla edistyksellisi\u00e4 ominaisuuksia, kuten HD-\u00e4\u00e4nipuhelut ja videopuhelut, p\u00e4\u00e4synhallinnan ja yhteensopivuuden erilaisten IP-laitteiden kanssa, j\u00e4rjestelm\u00e4 sujuvoittaa viestint\u00e4\u00e4 ja v\u00e4hent\u00e4\u00e4 reagointiaikaa kriittisiss\u00e4 tilanteissa.<\/p>\n                        <\/div>\r\n\t\t\t\t\t<\/div>\r\n\t\t\t\t\t\t\t\t\t\t\t\t\t\t\t    <div class=\"accordion-item faq-item\">\r\n                        <div class=\"accordion-opener\">\r\n                            Q: Voidaanko BAS-IP sairaalan sis\u00e4puhelinj\u00e4rjestelm\u00e4 r\u00e4\u00e4t\u00e4l\u00f6id\u00e4 tietyn l\u00e4\u00e4ketieteellisen laitoksen tarpeisiin?                            <i class=\"fa-solid fa-chevron-down\"><\/i>\r\n                        <\/div>\r\n                        <div class=\"accordion-slide\">\r\n\t\t\t\t\t\t    <p>Kyll\u00e4, BAS-IP:n sairaalan sis\u00e4puhelinj\u00e4rjestelm\u00e4 voidaan r\u00e4\u00e4t\u00e4l\u00f6id\u00e4 vastaamaan l\u00e4\u00e4ketieteellisen laitoksen erityistarpeita. Sen yhteensopivuus erilaisten IP-laitteiden kanssa ja saumaton integraatio IP-lokaaliverkkoihin varmistavat, ett\u00e4 j\u00e4rjestelm\u00e4 voidaan mukauttaa tarjoamaan tehokkain ja toimivin viestint\u00e4ratkaisu laitoksellesi.<\/p>\n                        <\/div>\r\n\t\t\t\t\t<\/div>\r\n\t\t\t\t\t\t\t\t\t\t\t\t\t\t\t    <div class=\"accordion-item faq-item\">\r\n                        <div class=\"accordion-opener\">\r\n                            Q: Mik\u00e4 tekee BAS-IP:n puhdastilan sis\u00e4puhelimesta sopivan steriileihin ymp\u00e4rist\u00f6ihin?                            <i class=\"fa-solid fa-chevron-down\"><\/i>\r\n                        <\/div>\r\n                        <div class=\"accordion-slide\">\r\n\t\t\t\t\t\t    <p>BAS-IP:n puhtaan huoneen sis\u00e4puhelin on suunniteltu t\u00e4ytt\u00e4m\u00e4\u00e4n steriileiss\u00e4 ymp\u00e4rist\u00f6iss\u00e4 vaadittavat tiukat hygieniastandardit. J\u00e4rjestelm\u00e4 varmistaa keskeytym\u00e4tt\u00f6m\u00e4n viestinn\u00e4n vaarantamatta puhtaan huoneen steriiliytt\u00e4 ja turvallisuutta, mik\u00e4 tekee siit\u00e4 ihanteellisen valinnan l\u00e4\u00e4ketieteellisille tiloille, joilla on tiukat hygieniavaatimukset.<\/p>\n                        <\/div>\r\n\t\t\t\t\t<\/div>\r\n\t\t\t\t\t\t\t\t\t\t\t\t\t\t\t    <div class=\"accordion-item faq-item\">\r\n                        <div class=\"accordion-opener\">\r\n                            Q: Kuinka helppoa BAS-IP:n sairaalan sis\u00e4puhelinj\u00e4rjestelm\u00e4n asentaminen ja yll\u00e4pito on?                            <i class=\"fa-solid fa-chevron-down\"><\/i>\r\n                        <\/div>\r\n                        <div class=\"accordion-slide\">\r\n\t\t\t\t\t\t    <p>BAS-IP:n sairaalan sis\u00e4puhelinj\u00e4rjestelm\u00e4 on suunniteltu helppoon asennukseen ja huoltoon. J\u00e4rjestelm\u00e4n saumatonta integraatiota IP-lokaaliverkkoihin yksinkertaistaa asennusprosessia, kun taas sen korkealaatuiset laitteistokomponentit, kuten AV-04AFD ja AM-02, takaavat luotettavuuden ja kest\u00e4vyys pitk\u00e4n aikav\u00e4lin k\u00e4ytt\u00f6\u00f6n.<\/p>\n                        <\/div>\r\n\t\t\t\t\t<\/div>\r\n\t\t\t\t\t\t\t\t\t<\/div>\r\n\t<\/section>\r\n<!-- END Block FAQ -->\n\n\n<p>BAS-IP:n sairaalan sis\u00e4puhelinj\u00e4rjestelm\u00e4 tarjoaa edistyksellisen viestint\u00e4ratkaisun l\u00e4\u00e4ketieteellisille tiloille, parantaen tehokkuutta, turvallisuutta ja hygieniaa. P\u00e4ivit\u00e4 BAS-IP:n sairaalan sis\u00e4puhelinj\u00e4rjestelm\u00e4\u00e4n t\u00e4n\u00e4\u00e4n ja koe ero terveydenhuollon tilasi viestinn\u00e4ss\u00e4 ja toiminnassa.<\/p>\n\n\n\n<p><\/p>","protected":false},"excerpt":{"rendered":"<p>BAS-IP:n sairaalan sis\u00e4puhelinj\u00e4rjestelm\u00e4 &#8211; Potilashoidon parantaminen L\u00e4\u00e4ketieteellinen teollisuus kehittyy jatkuvasti tarjotakseen potilaille parhaan mahdollisen hoidon. Koska viestint\u00e4 on ratkaisevassa roolissa tehokkaiden ja turvallisten l\u00e4\u00e4ketieteellisten palvelujen tarjoamisessa, sairaalan sis\u00e4puhelinj\u00e4rjestelm\u00e4n p\u00e4ivitt\u00e4minen huipputeknologialla on v\u00e4ltt\u00e4m\u00e4t\u00f6nt\u00e4. BAS-IP:n innovatiiviset l\u00e4\u00e4ketieteelliset sis\u00e4puhelinj\u00e4rjestelm\u00e4t, jotka on suunniteltu erityisesti puhtaisiin huoneisiin ja l\u00e4\u00e4ketieteellisiin tiloihin, tuovat vertaansa vailla olevaa mukavuutta ja luotettavuutta terveydenhuollon ammattilaisille ja [&hellip;]<\/p>","protected":false},"author":1,"featured_media":0,"parent":0,"menu_order":0,"comment_status":"closed","ping_status":"closed","template":"","meta":{"inline_featured_image":false,"footnotes":""},"class_list":["post-133940","page","type-page","status-publish","hentry"],"acf":[],"_links":{"self":[{"href":"https:\/\/bas-ip.com\/fi\/wp-json\/wp\/v2\/pages\/133940","targetHints":{"allow":["GET"]}}],"collection":[{"href":"https:\/\/bas-ip.com\/fi\/wp-json\/wp\/v2\/pages"}],"about":[{"href":"https:\/\/bas-ip.com\/fi\/wp-json\/wp\/v2\/types\/page"}],"author":[{"embeddable":true,"href":"https:\/\/bas-ip.com\/fi\/wp-json\/wp\/v2\/users\/1"}],"replies":[{"embeddable":true,"href":"https:\/\/bas-ip.com\/fi\/wp-json\/wp\/v2\/comments?post=133940"}],"version-history":[{"count":3,"href":"https:\/\/bas-ip.com\/fi\/wp-json\/wp\/v2\/pages\/133940\/revisions"}],"predecessor-version":[{"id":134006,"href":"https:\/\/bas-ip.com\/fi\/wp-json\/wp\/v2\/pages\/133940\/revisions\/134006"}],"wp:attachment":[{"href":"https:\/\/bas-ip.com\/fi\/wp-json\/wp\/v2\/media?parent=133940"}],"curies":[{"name":"wp","href":"https:\/\/api.w.org\/{rel}","templated":true}]}}