{"id":133755,"date":"2023-03-27T16:07:41","date_gmt":"2023-03-27T16:07:41","guid":{"rendered":"https:\/\/bas-ip.com\/gates\/"},"modified":"2025-03-17T13:46:14","modified_gmt":"2025-03-17T13:46:14","slug":"gates","status":"publish","type":"page","link":"https:\/\/bas-ip.com\/fi\/gates\/","title":{"rendered":"Portit"},"content":{"rendered":"<h1 class=\"wp-block-heading\"><strong>Porttipuhelinj\u00e4rjestelm\u00e4: Paranna turvallisuuttasi<\/strong><\/h1>\n\n\n\n<p>Tervetuloa kiinteist\u00f6jen kulunvalvonnan tulevaisuuteen, jossa mukavuus, turvallisuus ja huipputeknologia yhdistyv\u00e4t. BAS-IP-porttipuhelinj\u00e4rjestelm\u00e4n avulla voit kokea vertaansa vailla olevan hallinnan kiinteist\u00f6si sis\u00e4\u00e4np\u00e4\u00e4syihin. Olipa kyseess\u00e4 asuintalo, kerrostalo tai liiketila, porttipuhelinj\u00e4rjestelm\u00e4mme tarjoavat ainutlaatuisia ominaisuuksia, jotka vastaavat kaikkiin tarpeisiisi. Perehdymme BAS-IP-porttipuhelimen t\u00e4rkeimpiin ominaisuuksiin ja etuihin, antaen sinulle kaikki tiedot, joita tarvitset tehd\u00e4kseen tietoisen p\u00e4\u00e4t\u00f6ksen.<\/p>\n\n\n\n<h2 class=\"wp-block-heading\"><strong>Miksi valita BAS-IP-intercom-porttij\u00e4rjestelm\u00e4?<\/strong><\/h2>\n\n\n\n<p>BAS-IP-porttipuhelinj\u00e4rjestelm\u00e4t tarjoavat runsaasti ominaisuuksia, jotka erottavat ne perinteisist\u00e4 porttipuhelimista. T\u00e4ss\u00e4 muutamia t\u00e4rkeimpi\u00e4 etuja, joita BAS-IP-et\u00e4porttipuhelinj\u00e4rjestelm\u00e4n valinta tuo mukanaan:<\/p>\n\n\n<!-- START Block Features --><section id=\"block_6430528dc3f3e\" class=\"features-section\">\r\n\t\r\n    <div class=\"features-list\">\r\n                    <div class=\"features-item\" data-aos=\"fade-up\">\r\n    <div class=\"features-box\">\r\n                    <div class=\"image-holder\">\r\n                <img loading=\"lazy\" decoding=\"async\" width=\"350\" height=\"320\" src=\"https:\/\/bas-ip.com\/wp-content\/uploads\/2023\/04\/1-3-350x320.jpg\" class=\"attachment-thumbnail_350x320 size-thumbnail_350x320\" alt=\"\" \/>            <\/div>\r\n        \r\n        <div class=\"text-holder\">\r\n                        <h3 class=\"title-block\">Saumaton integrointi IP-paikallisverkkoon<\/h3>\r\n          \r\n                        <div class=\"text-block\">\r\n                <p>BAS-IP-porttipuhelinj\u00e4rjestelm\u00e4t on suunniteltu toimimaan sujuvasti samassa IP-l\u00e4hiverkossa, mik\u00e4 varmistaa helpon asennuksen ja konfiguroinnin. T\u00e4m\u00e4n saumattoman integroinnin avulla voit vaivattomasti sis\u00e4llytt\u00e4\u00e4 porttipuhelinj\u00e4rjestelm\u00e4si olemassa olevaan verkkoinfrastruktuuriisi, minimoiden yhteensopivuusongelmat ja v\u00e4hent\u00e4en monimutkaisuutta.<\/p>\n              <\/div>\r\n                  <\/div>\r\n    <\/div>\r\n<\/div>\r\n                    <div class=\"features-item\" data-aos=\"fade-up\">\r\n    <div class=\"features-box\">\r\n                    <div class=\"image-holder\">\r\n                <img loading=\"lazy\" decoding=\"async\" width=\"350\" height=\"320\" src=\"https:\/\/bas-ip.com\/wp-content\/uploads\/2023\/04\/2-3-350x320.jpg\" class=\"attachment-thumbnail_350x320 size-thumbnail_350x320\" alt=\"\" \/>            <\/div>\r\n        \r\n        <div class=\"text-holder\">\r\n                        <h3 class=\"title-block\">Pitk\u00e4n matkan yhteydet<\/h3>\r\n          \r\n                        <div class=\"text-block\">\r\n                <p>Yksi BAS-IP-porttipuhelinj\u00e4rjestelmien erottuvista ominaisuuksista on niiden kyky toimia pitkill\u00e4 et\u00e4isyyksill\u00e4. T\u00e4m\u00e4 tekee niist\u00e4 ihanteellisen valinnan suurille kiinteist\u00f6ille, laajoille asuinkomplekseille tai liiketiloille, joissa sis\u00e4\u00e4np\u00e4\u00e4sypisteet voivat olla hajallaan. BAS-IP-porttipuhelinratkaisujen avulla voit yll\u00e4pit\u00e4\u00e4 turvallista viestint\u00e4\u00e4 ja hallintaa koko kiinteist\u00f6ss\u00e4si et\u00e4isyydest\u00e4 riippumatta.<\/p>\n              <\/div>\r\n                  <\/div>\r\n    <\/div>\r\n<\/div>\r\n                    <div class=\"features-item\" data-aos=\"fade-up\">\r\n    <div class=\"features-box\">\r\n                    <div class=\"image-holder\">\r\n                <img loading=\"lazy\" decoding=\"async\" width=\"350\" height=\"320\" src=\"https:\/\/bas-ip.com\/wp-content\/uploads\/2023\/04\/3-3-350x320.jpg\" class=\"attachment-thumbnail_350x320 size-thumbnail_350x320\" alt=\"\" \/>            <\/div>\r\n        \r\n        <div class=\"text-holder\">\r\n                        <h3 class=\"title-block\">PC-pohjainen Ajanportin hallinta<\/h3>\r\n          \r\n                        <div class=\"text-block\">\r\n                <p>BAS-IP-porttipuhelinj\u00e4rjestelm\u00e4t tarjoavat joustavuuden avata ja hallita portteja tietokoneelta. T\u00e4m\u00e4 tarkoittaa, ett\u00e4 voit hallita p\u00e4\u00e4sy\u00e4 et\u00e4n\u00e4 ja k\u00e4tev\u00e4sti ilman erillist\u00e4 fyysist\u00e4 k\u00e4ytt\u00f6liittym\u00e4\u00e4. Olitpa kotona tai toimistossa, sinulla on t\u00e4ysi hallinta kiinteist\u00f6si sis\u00e4\u00e4np\u00e4\u00e4sypisteisiin aivan sormiesi ulottuvilla.<\/p>\n              <\/div>\r\n                  <\/div>\r\n    <\/div>\r\n<\/div>\r\n                    <div class=\"features-item\" data-aos=\"fade-up\">\r\n    <div class=\"features-box\">\r\n                    <div class=\"image-holder\">\r\n                <img loading=\"lazy\" decoding=\"async\" width=\"350\" height=\"320\" src=\"https:\/\/bas-ip.com\/wp-content\/uploads\/2023\/04\/4-3-350x320.jpg\" class=\"attachment-thumbnail_350x320 size-thumbnail_350x320\" alt=\"\" \/>            <\/div>\r\n        \r\n        <div class=\"text-holder\">\r\n                        <h3 class=\"title-block\">Kaksoislukkomoduuli useiden porttien hallintaan<\/h3>\r\n          \r\n                        <div class=\"text-block\">\r\n                <p>BAS-IP SH-42 -kaksoislukitusmoduulin avulla voit ohjata kahta porttia samanaikaisesti yhdell\u00e4 porttipuhelinj\u00e4rjestelm\u00e4ll\u00e4. T\u00e4m\u00e4 ominaisuus on t\u00e4ydellinen kiinteist\u00f6ille, joissa on useita sis\u00e4\u00e4np\u00e4\u00e4sypisteit\u00e4 tai erilliset jalankulku- ja ajoneuvosis\u00e4\u00e4nk\u00e4ynnit, mik\u00e4 mahdollistaa kaikkien porttien tehokkaan hallinnan yhdest\u00e4 keskitetyst\u00e4 j\u00e4rjestelm\u00e4st\u00e4.<\/p>\n              <\/div>\r\n                  <\/div>\r\n    <\/div>\r\n<\/div>\r\n                    <div class=\"features-item\" data-aos=\"fade-up\">\r\n    <div class=\"features-box\">\r\n                    <div class=\"image-holder\">\r\n                <img loading=\"lazy\" decoding=\"async\" width=\"350\" height=\"320\" src=\"https:\/\/bas-ip.com\/wp-content\/uploads\/2023\/04\/5-4-350x320.jpg\" class=\"attachment-thumbnail_350x320 size-thumbnail_350x320\" alt=\"\" \/>            <\/div>\r\n        \r\n        <div class=\"text-holder\">\r\n                        <h3 class=\"title-block\">Integrointi olemassa oleviin IP CCTV -j\u00e4rjestelmiin<\/h3>\r\n          \r\n                        <div class=\"text-block\">\r\n                <p>BAS-IP-portin videopuhelinj\u00e4rjestelm\u00e4t voidaan helposti integroida olemassa olevaan IP-CCTV-infrastruktuuriisi. N\u00e4in voit valvoa ja ohjata kiinteist\u00f6si sis\u00e4\u00e4np\u00e4\u00e4sypisteit\u00e4 samalla k\u00e4ytt\u00f6liittym\u00e4ll\u00e4 kuin valvontakameroitasi, mik\u00e4 virtaviivaistaa turvallisuuden hallintaa ja parantaa yleist\u00e4 tehokkuutta.<\/p>\n              <\/div>\r\n                  <\/div>\r\n    <\/div>\r\n<\/div>\r\n                    <div class=\"features-item\" data-aos=\"fade-up\">\r\n    <div class=\"features-box\">\r\n                    <div class=\"image-holder\">\r\n                <img loading=\"lazy\" decoding=\"async\" width=\"350\" height=\"320\" src=\"https:\/\/bas-ip.com\/wp-content\/uploads\/2023\/04\/6-3-350x320.jpg\" class=\"attachment-thumbnail_350x320 size-thumbnail_350x320\" alt=\"\" \/>            <\/div>\r\n        \r\n        <div class=\"text-holder\">\r\n                        <h3 class=\"title-block\">Rekisterikilven tunnistamisen integrointi<\/h3>\r\n          \r\n                        <div class=\"text-block\">\r\n                <p>BAS-IP-sis\u00e4\u00e4nk\u00e4yntipaneelit voidaan integroida rekisterikilpien tunnistuskameroihin, jolloin voit automatisoida p\u00e4\u00e4syn ennalta hyv\u00e4ksytyille ajoneuvoille. T\u00e4m\u00e4 edistyksellinen ominaisuus parantaa merkitt\u00e4v\u00e4sti turvallisuutta ja mukavuutta avaamalla automaattisesti portit valtuutetuille ajoneuvoille, minimoiden odotusajat ja v\u00e4hent\u00e4en manuaalisen kulunvalvonnan tarvetta.<\/p>\n              <\/div>\r\n                  <\/div>\r\n    <\/div>\r\n<\/div>\r\n            <\/div>\r\n<\/section>\r\n<!-- END Block Features -->\n\n\n<h2 class=\"wp-block-heading\"><strong>Yhteensopiva erityyppisten porttien kanssa<\/strong><\/h2>\n\n\n\n<p>BAS-IP-porttipuhelimet voidaan integroida erilaisiin porttimekanismeihin, mik\u00e4 tarjoaa k\u00e4ytt\u00e4jille saumattoman viestint\u00e4kokemuksen:<\/p>\n\n\n\n<ol class=\"wp-block-list\">\n<li><strong>K\u00e4\u00e4nt\u00f6portit:<\/strong> N\u00e4m\u00e4 portit avautuvat ja sulkeutuvat k\u00e4\u00e4nt\u00f6liikkeell\u00e4, joko sis\u00e4\u00e4n- tai ulosp\u00e4in. Ne ovat suosittuja asuin- ja liiketiloissa klassisen ulkon\u00e4k\u00f6ns\u00e4 ja helppok\u00e4ytt\u00f6isyytens\u00e4 ansiosta.<\/li>\n\n\n\n<li><strong>Liukuportit:<\/strong> Yleisesti k\u00e4ytettyj\u00e4 liike- ja teollisuustiloissa, liukuportit liikkuvat vaakasuunnassa kiskoa pitkin avautuakseen ja sulkeutuakseen.<\/li>\n\n\n\n<li><strong>Puomipuomit:<\/strong> Usein pys\u00e4k\u00f6intialueilla ja kulunvalvotuilla alueilla, puomipuomit k\u00e4ytt\u00e4v\u00e4t pystysuoraa vartta sis\u00e4\u00e4n- ja ulosk\u00e4ynnin hallintaan.<\/li>\n\n\n\n<li><strong>Taittoportit:<\/strong> N\u00e4m\u00e4 portit koostuvat kahdesta paneelista, jotka taittuvat yhteen avattaessa, s\u00e4\u00e4st\u00e4en tilaa ja tarjoten tyylikk\u00e4\u00e4n ulkon\u00e4\u00f6n.<\/li>\n\n\n\n<li><strong>Pystysuorat nostoportit:<\/strong> Tyypillisesti k\u00e4ytettyj\u00e4 korkean turvallisuuden alueilla, pystysuorat nostoportit liikkuvat yl\u00f6s ja alas avautuakseen ja sulkeutuakseen.<\/li>\n\n\n\n<li><strong>K\u00e4\u00e4nt\u00f6portit:<\/strong> Yleisi\u00e4 julkisen liikenteen solmukohdissa ja joissakin liikerakennuksissa, k\u00e4\u00e4nt\u00f6portit hallitsevat p\u00e4\u00e4sy\u00e4 sallimalla vain yhden henkil\u00f6n kulkemisen kerrallaan.<\/li>\n\n\n\n<li><strong>Jalankulkuportit:<\/strong> N\u00e4m\u00e4 portit on suunniteltu erityisesti jalankulkijoille, ja niit\u00e4 l\u00f6ytyy eri ymp\u00e4rist\u00f6ist\u00e4, kuten asuinyhteis\u00f6ist\u00e4, puistoista tai liikekomplekseista.<\/li>\n<\/ol>\n\n\n\n<p>BAS-IP-porttipuhelimen mukautuvuus tekee siit\u00e4 ihanteellisen valinnan monenlaisille porttityypeille, mik\u00e4 varmistaa tehokkaan ja turvallisen kulunvalvonnan asuin-, liike- ja teollisuuskiinteist\u00f6ille.<\/p>\n\n\n\n<h2 class=\"wp-block-heading\"><strong>Porttien BAS-IP-intercom-j\u00e4rjestelm\u00e4n komponenttien ymm\u00e4rt\u00e4minen<\/strong><\/h2>\n\n\n\n<p>BAS-IP-porttipuhelinj\u00e4rjestelm\u00e4t koostuvat kolmesta p\u00e4\u00e4komponentista, joista jokaisella on ratkaiseva rooli kattavan ja tehokkaan portin sis\u00e4\u00e4nk\u00e4ynnin porttipuhelinj\u00e4rjestelm\u00e4n luomisessa:<\/p>\n\n\n<!-- START Block Features --><section id=\"block_643053d1c3f45\" class=\"features-section\">\r\n\t\r\n    <div class=\"features-list\">\r\n                    <div class=\"features-item\" data-aos=\"fade-up\">\r\n    <div class=\"features-box\">\r\n                    <div class=\"image-holder\">\r\n                <img loading=\"lazy\" decoding=\"async\" width=\"350\" height=\"320\" src=\"https:\/\/bas-ip.com\/wp-content\/uploads\/2023\/04\/7-1-350x320.jpg\" class=\"attachment-thumbnail_350x320 size-thumbnail_350x320\" alt=\"\" \/>            <\/div>\r\n        \r\n        <div class=\"text-holder\">\r\n                        <h3 class=\"title-block\">IP Intercom-ovipaneelit<\/h3>\r\n          \r\n                        <div class=\"text-block\">\r\n                <p>BAS-IP-ovisis\u00e4\u00e4nk\u00e4yntipaneelit toimivat porttipuhelinj\u00e4rjestelm\u00e4si ensisijaisena k\u00e4ytt\u00f6liittym\u00e4n\u00e4. Ne on suunniteltu kest\u00e4viksi, s\u00e4\u00e4nkest\u00e4viksi ja helppok\u00e4ytt\u00f6isiksi. Erilaisten mallien ja viimeistelyjen ansiosta n\u00e4m\u00e4 paneelit voidaan mukauttaa sopimaan kiinteist\u00f6si estetiikkaan. Sis\u00e4\u00e4nrakennetuilla kameroilla, mikrofoneilla ja kaiuttimilla varustetut BAS-IP-ovipaneelit tarjoavat kristallinkirkkaan \u00e4\u00e4ni- ja videoviestinn\u00e4n vierailijan ja asukkaan tai turvallisuushenkil\u00f6st\u00f6n v\u00e4lill\u00e4.<\/p>\n              <\/div>\r\n                  <\/div>\r\n    <\/div>\r\n<\/div>\r\n                    <div class=\"features-item\" data-aos=\"fade-up\">\r\n    <div class=\"features-box\">\r\n                    <div class=\"image-holder\">\r\n                <img loading=\"lazy\" decoding=\"async\" width=\"350\" height=\"320\" src=\"https:\/\/bas-ip.com\/wp-content\/uploads\/2023\/04\/8-1-350x320.jpg\" class=\"attachment-thumbnail_350x320 size-thumbnail_350x320\" alt=\"\" \/>            <\/div>\r\n        \r\n        <div class=\"text-holder\">\r\n                        <h3 class=\"title-block\">Videopuhelimet<\/h3>\r\n          \r\n                        <div class=\"text-block\">\r\n                <p>BAS-IP-videopuhelimet toimivat porttipuhelinj\u00e4rjestelm\u00e4si sis\u00e4isen\u00e4 k\u00e4ytt\u00f6liittym\u00e4n\u00e4, jonka avulla voit n\u00e4hd\u00e4 ja puhua portillasi olevien vierailijoiden kanssa. N\u00e4m\u00e4 laitteet tarjoavat korkealaatuisen video- ja \u00e4\u00e4niyhteyden, mik\u00e4 varmistaa, ett\u00e4 voit selke\u00e4sti tunnistaa ja kommunikoida vierailijoiden kanssa ennen kuin my\u00f6nn\u00e4t heille p\u00e4\u00e4syn kiinteist\u00f6\u00f6si.<\/p>\n              <\/div>\r\n                  <\/div>\r\n    <\/div>\r\n<\/div>\r\n                    <div class=\"features-item\" data-aos=\"fade-up\">\r\n    <div class=\"features-box\">\r\n                    <div class=\"image-holder\">\r\n                <img loading=\"lazy\" decoding=\"async\" width=\"350\" height=\"320\" src=\"https:\/\/bas-ip.com\/wp-content\/uploads\/2023\/04\/9-1-350x320.jpg\" class=\"attachment-thumbnail_350x320 size-thumbnail_350x320\" alt=\"\" \/>            <\/div>\r\n        \r\n        <div class=\"text-holder\">\r\n                        <h3 class=\"title-block\">POE-kytkimet<\/h3>\r\n          \r\n                        <div class=\"text-block\">\r\n                <p>Power over Ethernet (POE) -kytkimet ovat olennainen osa s\u00e4hk\u00f6porttien BAS-IP-porttipuhelinta. Ne tarjoavat sek\u00e4 virta- ett\u00e4 datayhteyden porttipuhelinlaitteillesi yhdell\u00e4 Ethernet-kaapelilla. T\u00e4m\u00e4 yksinkertaistaa asennusta, v\u00e4hent\u00e4\u00e4 kaapelisotkua ja varmistaa luotettavan ja nopean yhteyden porttipuhelimen osien v\u00e4lill\u00e4.<\/p>\n              <\/div>\r\n                  <\/div>\r\n    <\/div>\r\n<\/div>\r\n            <\/div>\r\n<\/section>\r\n<!-- END Block Features -->\n\n<!-- START Block FAQ --><section id=\"block_6421c0e7ae86e\" class=\"faq-section\">\r\n\t\t    <h2 class=\"title-section\" data-aos=\"fade-right\">Usein kysytyt kysymykset (FAQ)<\/h2>\r\n\t\t\t    <div class=\"faq-list js-accordion\" data-aos=\"fade-up\">\r\n\t\t\t\t\t\t\t\t\t\t\t    <div class=\"accordion-item faq-item\">\r\n                        <div class=\"accordion-opener\">\r\n                            Q: Voinko k\u00e4ytt\u00e4\u00e4 BAS-IP-intercom-porttij\u00e4rjestelm\u00e4\u00e4 olemassa olevan IP-paikallisverkon kanssa?                            <i class=\"fa-solid fa-chevron-down\"><\/i>\r\n                        <\/div>\r\n                        <div class=\"accordion-slide\">\r\n\t\t\t\t\t\t    <p>Kyll\u00e4, BAS-IP-porttipuhelinj\u00e4rjestelm\u00e4t on suunniteltu toimimaan saumattomasti olemassa olevassa IP-l\u00e4hiverkossasi, mik\u00e4 tekee integroinnista helppoa ja vaivatonta.<\/p>\n                        <\/div>\r\n\t\t\t\t\t<\/div>\r\n\t\t\t\t\t\t\t\t\t\t\t\t\t\t\t    <div class=\"accordion-item faq-item\">\r\n                        <div class=\"accordion-opener\">\r\n                            Q: Kuinka porttien BAS-IP-intercom-j\u00e4rjestelm\u00e4t toimivat pitki\u00e4 matkoja?                            <i class=\"fa-solid fa-chevron-down\"><\/i>\r\n                        <\/div>\r\n                        <div class=\"accordion-slide\">\r\n\t\t\t\t\t\t    <p>BAS-IP-porttipuhelinj\u00e4rjestelm\u00e4t on suunniteltu toimimaan tehokkaasti pitkill\u00e4 et\u00e4isyyksill\u00e4, mik\u00e4 tekee niist\u00e4 ihanteellisen valinnan kiinteist\u00f6ille, joissa on hajallaan olevia sis\u00e4\u00e4np\u00e4\u00e4sypisteit\u00e4 tai suuria tiloja.<\/p>\n                        <\/div>\r\n\t\t\t\t\t<\/div>\r\n\t\t\t\t\t\t\t\t\t\t\t\t\t\t\t    <div class=\"accordion-item faq-item\">\r\n                        <div class=\"accordion-opener\">\r\n                            Q: Kuinka voin integroida BAS-IP-porttivideopuhelimen olemassa olevaan IP CCTV -j\u00e4rjestelm\u00e4\u00e4ni?                            <i class=\"fa-solid fa-chevron-down\"><\/i>\r\n                        <\/div>\r\n                        <div class=\"accordion-slide\">\r\n\t\t\t\t\t\t    <p>BAS-IP-portin videopuhelinj\u00e4rjestelm\u00e4t voidaan helposti integroida olemassa olevaan IP-CCTV-infrastruktuuriisi, jolloin voit hallita ja valvoa kiinteist\u00f6si sis\u00e4\u00e4np\u00e4\u00e4sypisteit\u00e4 samalla k\u00e4ytt\u00f6liittym\u00e4ll\u00e4 kuin valvontakameroitasi.<\/p>\n                        <\/div>\r\n\t\t\t\t\t<\/div>\r\n\t\t\t\t\t\t\t\t\t\t\t\t\t\t\t    <div class=\"accordion-item faq-item\">\r\n                        <div class=\"accordion-opener\">\r\n                            Q: Onko mahdollista ohjata useita portteja yhdell\u00e4 BAS-IP-intercom-laitteella?                            <i class=\"fa-solid fa-chevron-down\"><\/i>\r\n                        <\/div>\r\n                        <div class=\"accordion-slide\">\r\n\t\t\t\t\t\t    <p>Kyll\u00e4, BAS-IP SH-42 -kaksoislukitusmoduulin avulla voit ohjata kahta porttia samanaikaisesti yhdell\u00e4 porttipuhelinj\u00e4rjestelm\u00e4ll\u00e4. T\u00e4m\u00e4 ominaisuus on t\u00e4ydellinen kiinteist\u00f6ille, joissa on useita sis\u00e4\u00e4np\u00e4\u00e4sypisteit\u00e4 tai erilliset jalankulku- ja ajoneuvosis\u00e4\u00e4nk\u00e4ynnit.<\/p>\n                        <\/div>\r\n\t\t\t\t\t<\/div>\r\n\t\t\t\t\t\t\t\t\t<\/div>\r\n\t<\/section>\r\n<!-- END Block FAQ -->\n\n\n<p>BAS-IP-porttipuhelinj\u00e4rjestelm\u00e4t tarjoavat t\u00e4ydellisen yhdistelm\u00e4n mukavuutta, turvallisuutta ja edistyksellist\u00e4 teknologiaa, jolla voit hallita kiinteist\u00f6si p\u00e4\u00e4sy\u00e4 vertaansa vailla olevalla tavalla. Ainutlaatuisilla ominaisuuksilla, kuten saumattomalla IP-l\u00e4hiverkkointegraatiolla, pitk\u00e4n matkan yhteydell\u00e4, tietokonepohjaisella porttiohjauksella, kaksoislukitusmoduulin toiminnallisuudella, IP-CCTV-j\u00e4rjestelm\u00e4integraatiolla ja rekisterikilpien tunnistuskameroiden yhteensopivuudella, BAS-IP-porttipuhelinj\u00e4rjestelm\u00e4t ovat poikkeuksellinen valinta kaikille kiinteist\u00f6nomistajille, jotka haluavat parantaa kulunhallintaansa.<br>Valitsemalla BAS-IP-et\u00e4porttipuhelinj\u00e4rjestelm\u00e4n investoit ratkaisuun, joka mukautuu helposti tarpeisiisi, kasvaa kiinteist\u00f6si mukana ja antaa sinulle mielenrauhan, kun tied\u00e4t, ett\u00e4 kiinteist\u00f6si on turvallinen ja vain luotettaviesi k\u00e4ytett\u00e4viss\u00e4. Koe, millaisen eron BAS-IP-porttipuhelinj\u00e4rjestelm\u00e4 voi tehd\u00e4 kiinteist\u00f6llesi jo t\u00e4n\u00e4\u00e4n.<\/p>","protected":false},"excerpt":{"rendered":"<p>Porttipuhelinj\u00e4rjestelm\u00e4: Paranna turvallisuuttasi Tervetuloa kiinteist\u00f6jen kulunvalvonnan tulevaisuuteen, jossa mukavuus, turvallisuus ja huipputeknologia yhdistyv\u00e4t. BAS-IP-porttipuhelinj\u00e4rjestelm\u00e4n avulla voit kokea vertaansa vailla olevan hallinnan kiinteist\u00f6si sis\u00e4\u00e4np\u00e4\u00e4syihin. Olipa kyseess\u00e4 asuintalo, kerrostalo tai liiketila, porttipuhelinj\u00e4rjestelm\u00e4mme tarjoavat ainutlaatuisia ominaisuuksia, jotka vastaavat kaikkiin tarpeisiisi. Perehdymme BAS-IP-porttipuhelimen t\u00e4rkeimpiin ominaisuuksiin ja etuihin, antaen sinulle kaikki tiedot, joita tarvitset tehd\u00e4kseen tietoisen p\u00e4\u00e4t\u00f6ksen. Miksi valita BAS-IP-intercom-porttij\u00e4rjestelm\u00e4? [&hellip;]<\/p>","protected":false},"author":1,"featured_media":0,"parent":0,"menu_order":0,"comment_status":"closed","ping_status":"closed","template":"","meta":{"inline_featured_image":false,"footnotes":""},"class_list":["post-133755","page","type-page","status-publish","hentry"],"acf":[],"_links":{"self":[{"href":"https:\/\/bas-ip.com\/fi\/wp-json\/wp\/v2\/pages\/133755","targetHints":{"allow":["GET"]}}],"collection":[{"href":"https:\/\/bas-ip.com\/fi\/wp-json\/wp\/v2\/pages"}],"about":[{"href":"https:\/\/bas-ip.com\/fi\/wp-json\/wp\/v2\/types\/page"}],"author":[{"embeddable":true,"href":"https:\/\/bas-ip.com\/fi\/wp-json\/wp\/v2\/users\/1"}],"replies":[{"embeddable":true,"href":"https:\/\/bas-ip.com\/fi\/wp-json\/wp\/v2\/comments?post=133755"}],"version-history":[{"count":3,"href":"https:\/\/bas-ip.com\/fi\/wp-json\/wp\/v2\/pages\/133755\/revisions"}],"predecessor-version":[{"id":133854,"href":"https:\/\/bas-ip.com\/fi\/wp-json\/wp\/v2\/pages\/133755\/revisions\/133854"}],"wp:attachment":[{"href":"https:\/\/bas-ip.com\/fi\/wp-json\/wp\/v2\/media?parent=133755"}],"curies":[{"name":"wp","href":"https:\/\/api.w.org\/{rel}","templated":true}]}}