{"id":133474,"date":"2023-03-27T12:22:38","date_gmt":"2023-03-27T12:22:38","guid":{"rendered":"https:\/\/bas-ip.com\/school\/"},"modified":"2025-03-12T10:56:59","modified_gmt":"2025-03-12T10:56:59","slug":"school","status":"publish","type":"page","link":"https:\/\/bas-ip.com\/fi\/school\/","title":{"rendered":"Koulu"},"content":{"rendered":"<h1 class=\"wp-block-heading\"><strong>Sis\u00e4puhelinj\u00e4rjestelm\u00e4t kouluille<\/strong><\/h1>\n\n\n\n<p>T\u00e4ss\u00e4 maailmassa sujuva viestint\u00e4 ja turvallisuus ovat olennaisia osia kaikissa oppilaitoksissa. Tehokas koulun ovipuhelinj\u00e4rjestelm\u00e4 ei ainoastaan takaa nopeaa viestint\u00e4\u00e4, vaan my\u00f6s parantaa opiskelijoiden, opettajien ja henkil\u00f6kunnan turvallisuutta. BAS-IP ovipuhelinj\u00e4rjestelm\u00e4 kouluissa on t\u00e4ydellinen ratkaisu, joka yhdist\u00e4\u00e4 vahvan teknologian, innovatiiviset ominaisuudet ja vertaansa vailla olevan suorituskyvyn. T\u00e4ss\u00e4 artikkelissa tarkastellaan BAS-IP ovipuhelinj\u00e4rjestelmien keskeisi\u00e4 ominaisuuksia ja etuja, ja miksi ne ovat paras valinta koulullesi.<\/p>\n\n\n\n<h2 class=\"wp-block-heading\"><strong>IP Intercomin voima kouluille<\/strong><\/h2>\n\n\n\n<h3 class=\"wp-block-heading\"><strong>Langallinen IP-puhelinj\u00e4rjestelm\u00e4: paras valinta<\/strong><\/h3>\n\n\n\n<p>Vaikka langattomat ovipuhelinj\u00e4rjestelm\u00e4t tarjoavat jonkin verran mukavuutta, langalliset IP-ovipuhelinj\u00e4rjestelm\u00e4t tarjoavat korkeampaa luotettavuutta, turvallisuutta ja suorituskyky\u00e4. K\u00e4ytt\u00e4m\u00e4ll\u00e4 BAS-IP ovipuhelinj\u00e4rjestelm\u00e4\u00e4 kouluissa teet sijoituksen turvalliseen ja vakaaseen ratkaisuun, joka takaa keskeytym\u00e4tt\u00f6m\u00e4n viestinn\u00e4n ja hallinnan.<\/p>\n\n\n\n<h3 class=\"wp-block-heading\"><strong>Kattava ratkaisu oppilaitoksille<\/strong><\/h3>\n\n\n\n<p>BAS-IP ovipuhelinj\u00e4rjestelm\u00e4 on suunniteltu erityisesti koulujen, kampusten ja korkeakoulujen tarpeisiin. Se integroi saumattomasti \u00e4\u00e4nipaneelit, vastaanottoterminaalit ja POE-kytkimet, luoden yhten\u00e4isen viestint\u00e4verkon, joka on sek\u00e4 tehokas ett\u00e4 kustannustehokas. Sen ainutlaatuiset ominaisuudet, kuten l\u00e4mp\u00f6tilan seuranta koulun sis\u00e4\u00e4nk\u00e4ynnill\u00e4, varmistavat parannetun turvallisuuden ja mukavuuden kaikille k\u00e4ytt\u00e4jille.<\/p>\n\n\n\n<h2 class=\"wp-block-heading\"><strong>BAS-IP-koulujen sis\u00e4puhelinj\u00e4rjestelm\u00e4n keskeiset osat<\/strong><\/h2>\n\n\n<!-- START Block Features --><section id=\"block_6430565dc8a2b\" class=\"features-section\">\r\n\t\r\n    <div class=\"features-list\">\r\n                    <div class=\"features-item\" data-aos=\"fade-up\">\r\n    <div class=\"features-box\">\r\n                    <div class=\"image-holder\">\r\n                <img loading=\"lazy\" decoding=\"async\" width=\"350\" height=\"320\" src=\"https:\/\/bas-ip.com\/wp-content\/uploads\/2023\/04\/1-4-350x320.jpg\" class=\"attachment-thumbnail_350x320 size-thumbnail_350x320\" alt=\"\" \/>            <\/div>\r\n        \r\n        <div class=\"text-holder\">\r\n                        <h3 class=\"title-block\">BAS-IP AV-04AFD \u00e4\u00e4nipaneeli<\/h3>\r\n          \r\n                        <div class=\"text-block\">\r\n                <p>AV-04AFD-\u00e4\u00e4nipaneeli on edullinen ja monipuolinen ovipuhelinj\u00e4rjestelm\u00e4, joka on suunniteltu erityisesti oppilaitoksille. Se mahdollistaa kristallinkirkkaan viestinn\u00e4n koulun eri alueiden v\u00e4lill\u00e4 ja takaa nopean p\u00e4\u00e4synhallinnan.<\/p>\n              <\/div>\r\n                  <\/div>\r\n    <\/div>\r\n<\/div>\r\n                    <div class=\"features-item\" data-aos=\"fade-up\">\r\n    <div class=\"features-box\">\r\n                    <div class=\"image-holder\">\r\n                <img loading=\"lazy\" decoding=\"async\" width=\"350\" height=\"320\" src=\"https:\/\/bas-ip.com\/wp-content\/uploads\/2023\/04\/2-4-350x320.jpg\" class=\"attachment-thumbnail_350x320 size-thumbnail_350x320\" alt=\"\" \/>            <\/div>\r\n        \r\n        <div class=\"text-holder\">\r\n                        <h3 class=\"title-block\">BAS-IP AM-02 Concierge-p\u00e4\u00e4te<\/h3>\r\n          \r\n                        <div class=\"text-block\">\r\n                <p>AM-02-vastaanottoterminaali toimii koko ovipuhelinj\u00e4rjestelm\u00e4n keskitettyn\u00e4 ohjauspisteen\u00e4, jolloin henkil\u00f6kunta voi hallita puheluja, valvoa sis\u00e4\u00e4nk\u00e4yntej\u00e4 ja my\u00f6nt\u00e4\u00e4 p\u00e4\u00e4sy\u00e4 vaivattomasti. Sen k\u00e4ytt\u00e4j\u00e4yst\u00e4v\u00e4llinen k\u00e4ytt\u00f6liittym\u00e4 tekee siit\u00e4 t\u00e4ydellisen valinnan tehokkaaseen viestint\u00e4\u00e4n ja hallintaan.<\/p>\n              <\/div>\r\n                  <\/div>\r\n    <\/div>\r\n<\/div>\r\n                    <div class=\"features-item\" data-aos=\"fade-up\">\r\n    <div class=\"features-box\">\r\n                    <div class=\"image-holder\">\r\n                <img loading=\"lazy\" decoding=\"async\" width=\"350\" height=\"320\" src=\"https:\/\/bas-ip.com\/wp-content\/uploads\/2023\/04\/3-4-350x320.jpg\" class=\"attachment-thumbnail_350x320 size-thumbnail_350x320\" alt=\"\" \/>            <\/div>\r\n        \r\n        <div class=\"text-holder\">\r\n                        <h3 class=\"title-block\">BAS-IP SH-20.16 16-porttinen POE-kytkin<\/h3>\r\n          \r\n                        <div class=\"text-block\">\r\n                <p>SH-20.16 16-porttinen POE-kytkin tarjoaa tarvittavan virran ja yhteyden BAS-IP ovipuhelinj\u00e4rjestelm\u00e4lle, varmistaen sujuvan ja keskeytym\u00e4tt\u00f6m\u00e4n suorituskyvyn koko koulukampuksella.<\/p>\n              <\/div>\r\n                  <\/div>\r\n    <\/div>\r\n<\/div>\r\n                    <div class=\"features-item\" data-aos=\"fade-up\">\r\n    <div class=\"features-box\">\r\n                    <div class=\"image-holder\">\r\n                <img loading=\"lazy\" decoding=\"async\" width=\"350\" height=\"320\" src=\"https:\/\/bas-ip.com\/wp-content\/uploads\/2023\/04\/4-4-350x320.jpg\" class=\"attachment-thumbnail_350x320 size-thumbnail_350x320\" alt=\"\" \/>            <\/div>\r\n        \r\n        <div class=\"text-holder\">\r\n                        <h3 class=\"title-block\">L\u00e4mp\u00f6tilamalli BAS-IP SH-31TM<\/h3>\r\n          \r\n                        <div class=\"text-block\">\r\n                <p>SH-31TM l\u00e4mp\u00f6tilamalli voidaan asentaa koulun sis\u00e4\u00e4nk\u00e4ynnille, jolloin se mahdollistaa reaaliaikaisen l\u00e4mp\u00f6tilan seurannan ja auttaa yll\u00e4pit\u00e4m\u00e4\u00e4n tervett\u00e4 ymp\u00e4rist\u00f6\u00e4 opiskelijoille, henkil\u00f6kunnalle ja vierailijoille. Lis\u00e4\u00e4m\u00e4ll\u00e4 t\u00e4m\u00e4n lis\u00e4turvallisuuskerroksen koulu voi ennakoivasti puuttua mahdollisiin terveyshuoliin ja varmistaa kaikkien kampuksella olevien hyvinvoinnin.<\/p>\n              <\/div>\r\n                  <\/div>\r\n    <\/div>\r\n<\/div>\r\n                    <div class=\"features-item features-full-width\" data-aos=\"fade-up\">\r\n    <div class=\"features-box image-position-left\">\r\n                <div class=\"image-holder\">\r\n            <img loading=\"lazy\" decoding=\"async\" width=\"1\" height=\"1\" src=\"https:\/\/bas-ip.com\/wp-content\/uploads\/2023\/04\/school-1.svg\" class=\"attachment-thumbnail_350x320 size-thumbnail_350x320\" alt=\"\" \/>          <\/div>\r\n      \r\n      <div class=\"text-holder\">\r\n                        <h3 class=\"title-block\">IP-verkkojen hy\u00f6dynt\u00e4minen saumattomaan integraatioon<\/h3>\r\n          \r\n                        <div class=\"text-block\">\r\n                <p>BAS-IP ovipuhelinj\u00e4rjestelm\u00e4t on suunniteltu toimimaan saumattomasti koulusi olemassa olevan IP-lokaalin verkon kanssa, mahdollistaen helpon asennuksen ja huollon. T\u00e4m\u00e4 integrointi parantaa viestint\u00e4\u00e4, p\u00e4\u00e4synhallintaa ja turvallisuutta koko oppilaitoksessa.<\/p>\n              <\/div>\r\n                <\/div>\r\n    <\/div>\r\n<\/div>\r\n                    <div class=\"features-item features-full-width\" data-aos=\"fade-up\">\r\n    <div class=\"features-box image-position-right\">\r\n                <div class=\"image-holder\">\r\n            <img loading=\"lazy\" decoding=\"async\" width=\"1\" height=\"1\" src=\"https:\/\/bas-ip.com\/wp-content\/uploads\/2023\/04\/collage-1.svg\" class=\"attachment-thumbnail_350x320 size-thumbnail_350x320\" alt=\"\" \/>          <\/div>\r\n      \r\n      <div class=\"text-holder\">\r\n                        <h3 class=\"title-block\">Et\u00e4k\u00e4ytt\u00f6 ja ohjaus tietokoneeltasi<\/h3>\r\n          \r\n                        <div class=\"text-block\">\r\n                <p>BAS-IP:n edistyksellisten ovipuhelinj\u00e4rjestelmien avulla koulun henkil\u00f6kunta voi helposti k\u00e4ytt\u00e4\u00e4 tietokoneitaan viestint\u00e4\u00e4n ovipuhelimen kautta, valvoa sis\u00e4\u00e4nk\u00e4yntej\u00e4 ja hallita ovien p\u00e4\u00e4sy\u00e4. T\u00e4m\u00e4 joustavuus parantaa reagointiaikoja ja lis\u00e4\u00e4 tehokkuutta p\u00e4ivitt\u00e4isten teht\u00e4vien ja h\u00e4t\u00e4tilanteiden hallinnassa.<\/p>\n              <\/div>\r\n                <\/div>\r\n    <\/div>\r\n<\/div>\r\n            <\/div>\r\n<\/section>\r\n<!-- END Block Features -->\n\n<!-- START Block FAQ --><section id=\"block_64218de5ac119\" class=\"faq-section\">\r\n\t\t    <h2 class=\"title-section\" data-aos=\"fade-right\">Usein kysytyt kysymykset<\/h2>\r\n\t\t\t    <div class=\"faq-list js-accordion\" data-aos=\"fade-up\">\r\n\t\t\t\t\t\t\t\t\t\t\t    <div class=\"accordion-item faq-item\">\r\n                        <div class=\"accordion-opener\">\r\n                            Q: Voidaanko koulujen BAS-IP-intercom-j\u00e4rjestelm\u00e4 integroida helposti olemassa olevaan infrastruktuuriimme?                            <i class=\"fa-solid fa-chevron-down\"><\/i>\r\n                        <\/div>\r\n                        <div class=\"accordion-slide\">\r\n\t\t\t\t\t\t    <p>Kyll\u00e4, BAS-IP ovipuhelinj\u00e4rjestelm\u00e4t voidaan helposti integroida koulusi olemassa olevaan IP-lokaaliin verkkoon, mik\u00e4 mahdollistaa saumattoman ja kustannustehokkaan asennusprosessin.<\/p>\n                        <\/div>\r\n\t\t\t\t\t<\/div>\r\n\t\t\t\t\t\t\t\t\t\t\t\t\t\t\t    <div class=\"accordion-item faq-item\">\r\n                        <div class=\"accordion-opener\">\r\n                            Q: Miten BAS-IP sis\u00e4puhelinj\u00e4rjestelm\u00e4 varmistaa opiskelijoiden ja henkil\u00f6kunnan turvallisuuden?                            <i class=\"fa-solid fa-chevron-down\"><\/i>\r\n                        <\/div>\r\n                        <div class=\"accordion-slide\">\r\n\t\t\t\t\t\t    <p>BAS-IP ovipuhelinj\u00e4rjestelm\u00e4 tarjoaa useita turvallisuusominaisuuksia, kuten l\u00e4mp\u00f6tilan seurannan sis\u00e4\u00e4nk\u00e4ynneill\u00e4, nopean p\u00e4\u00e4synhallinnan ja mahdollisuuden valvoa ja hallita viestint\u00e4\u00e4 sek\u00e4 ovien p\u00e4\u00e4sy\u00e4 tietokoneeltasi, varmistaen turvallisen ymp\u00e4rist\u00f6n kaikille.<\/p>\n                        <\/div>\r\n\t\t\t\t\t<\/div>\r\n\t\t\t\t\t\t\t\t\t\t\t\t\t\t\t    <div class=\"accordion-item faq-item\">\r\n                        <div class=\"accordion-opener\">\r\n                            Q: Onko BAS-IP-intercom-j\u00e4rjestelm\u00e4 yhteensopiva muiden viestint\u00e4laitteiden ja -j\u00e4rjestelmien kanssa?                            <i class=\"fa-solid fa-chevron-down\"><\/i>\r\n                        <\/div>\r\n                        <div class=\"accordion-slide\">\r\n\t\t\t\t\t\t    <p>Kyll\u00e4, BAS-IP ovipuhelinj\u00e4rjestelm\u00e4 on suunniteltu toimimaan saumattomasti erilaisten viestint\u00e4laitteiden ja -j\u00e4rjestelmien kanssa, tarjoten kattavan ja joustavan ratkaisun koulusi viestint\u00e4tarpeisiin.<\/p>\n                        <\/div>\r\n\t\t\t\t\t<\/div>\r\n\t\t\t\t\t\t\t\t\t\t\t\t\t\t\t    <div class=\"accordion-item faq-item\">\r\n                        <div class=\"accordion-opener\">\r\n                            Q: Kuinka luotettavia langalliset IP-puhelinj\u00e4rjestelm\u00e4t ovat verrattuna langattomiin sis\u00e4puhelinj\u00e4rjestelmiin?                            <i class=\"fa-solid fa-chevron-down\"><\/i>\r\n                        <\/div>\r\n                        <div class=\"accordion-slide\">\r\n\t\t\t\t\t\t    <p>Langalliset IP-ovipuhelinj\u00e4rjestelm\u00e4t, kuten BAS-IP ovipuhelinj\u00e4rjestelm\u00e4 kouluille, tarjoavat erinomaisempaa luotettavuutta, turvallisuutta ja suorituskyky\u00e4 verrattuna langattomiin j\u00e4rjestelmiin. Ne varmistavat vakaan ja keskeytym\u00e4tt\u00f6m\u00e4n viestinn\u00e4n ja hallinnan, tehden niist\u00e4 ihanteellisen valinnan oppilaitoksille.<\/p>\n                        <\/div>\r\n\t\t\t\t\t<\/div>\r\n\t\t\t\t\t\t\t\t\t\t\t\t\t\t\t    <div class=\"accordion-item faq-item\">\r\n                        <div class=\"accordion-opener\">\r\n                            Q: Voimmeko mukauttaa BAS-IP-sis\u00e4puhelinj\u00e4rjestelm\u00e4n koulumme erityistarpeisiin?                            <i class=\"fa-solid fa-chevron-down\"><\/i>\r\n                        <\/div>\r\n                        <div class=\"accordion-slide\">\r\n\t\t\t\t\t\t    <p>Kyll\u00e4, BAS-IP ovipuhelinj\u00e4rjestelm\u00e4 on eritt\u00e4in muokattavissa ja voidaan r\u00e4\u00e4t\u00e4l\u00f6id\u00e4 vastaamaan koulusi ainutlaatuisia tarpeita. Sen modulaarinen suunnittelu mahdollistaa erilaisten osien, kuten l\u00e4mp\u00f6tilamallin, lis\u00e4\u00e4misen turvallisuuden ja toiminnallisuuden parantamiseksi.<\/p>\n                        <\/div>\r\n\t\t\t\t\t<\/div>\r\n\t\t\t\t\t\t\t\t\t<\/div>\r\n\t<\/section>\r\n<!-- END Block FAQ -->\n\n\n<p>Sijoittaminen luotettavaan, monipuoliseen ja turvalliseen ovipuhelinj\u00e4rjestelm\u00e4\u00e4n on ratkaisevan t\u00e4rke\u00e4\u00e4 kaikille oppilaitoksille turvallisuuden ja tehokkuuden kannalta. BAS-IP ovipuhelinj\u00e4rjestelm\u00e4 kouluille tarjoaa vertaansa vailla olevaa suorituskyky\u00e4, innovatiivisia ominaisuuksia ja saumattoman integroinnin olemassa oleviin IP-verkoihin. Valitsemalla BAS-IP teet sijoituksen koulusi viestint\u00e4- ja turvallisuusinfrastruktuurin tulevaisuuteen. Koe viestinn\u00e4n vallankumous parhaalla koulujen ovipuhelinj\u00e4rjestelm\u00e4ll\u00e4 \u2013 BAS-IP. Paranna oppilaitoksesi turvallisuutta, viestint\u00e4\u00e4 ja ymp\u00e4rist\u00f6\u00e4, varmistaen opiskelijoiden, henkil\u00f6kunnan ja vierailijoiden hyvinvointi. \u00c4l\u00e4 tingi laadusta; luota BAS-IP:hen, joka tarjoaa poikkeuksellista suorituskyky\u00e4 ja luotettavuutta koulullesi.<\/p>","protected":false},"excerpt":{"rendered":"<p>Sis\u00e4puhelinj\u00e4rjestelm\u00e4t kouluille T\u00e4ss\u00e4 maailmassa sujuva viestint\u00e4 ja turvallisuus ovat olennaisia osia kaikissa oppilaitoksissa. Tehokas koulun ovipuhelinj\u00e4rjestelm\u00e4 ei ainoastaan takaa nopeaa viestint\u00e4\u00e4, vaan my\u00f6s parantaa opiskelijoiden, opettajien ja henkil\u00f6kunnan turvallisuutta. BAS-IP ovipuhelinj\u00e4rjestelm\u00e4 kouluissa on t\u00e4ydellinen ratkaisu, joka yhdist\u00e4\u00e4 vahvan teknologian, innovatiiviset ominaisuudet ja vertaansa vailla olevan suorituskyvyn. T\u00e4ss\u00e4 artikkelissa tarkastellaan BAS-IP ovipuhelinj\u00e4rjestelmien keskeisi\u00e4 ominaisuuksia ja etuja, [&hellip;]<\/p>","protected":false},"author":1,"featured_media":0,"parent":0,"menu_order":0,"comment_status":"closed","ping_status":"closed","template":"","meta":{"inline_featured_image":false,"footnotes":""},"class_list":["post-133474","page","type-page","status-publish","hentry"],"acf":[],"_links":{"self":[{"href":"https:\/\/bas-ip.com\/fi\/wp-json\/wp\/v2\/pages\/133474","targetHints":{"allow":["GET"]}}],"collection":[{"href":"https:\/\/bas-ip.com\/fi\/wp-json\/wp\/v2\/pages"}],"about":[{"href":"https:\/\/bas-ip.com\/fi\/wp-json\/wp\/v2\/types\/page"}],"author":[{"embeddable":true,"href":"https:\/\/bas-ip.com\/fi\/wp-json\/wp\/v2\/users\/1"}],"replies":[{"embeddable":true,"href":"https:\/\/bas-ip.com\/fi\/wp-json\/wp\/v2\/comments?post=133474"}],"version-history":[{"count":3,"href":"https:\/\/bas-ip.com\/fi\/wp-json\/wp\/v2\/pages\/133474\/revisions"}],"predecessor-version":[{"id":133542,"href":"https:\/\/bas-ip.com\/fi\/wp-json\/wp\/v2\/pages\/133474\/revisions\/133542"}],"wp:attachment":[{"href":"https:\/\/bas-ip.com\/fi\/wp-json\/wp\/v2\/media?parent=133474"}],"curies":[{"name":"wp","href":"https:\/\/api.w.org\/{rel}","templated":true}]}}