{"id":133225,"date":"2023-03-27T09:04:54","date_gmt":"2023-03-27T09:04:54","guid":{"rendered":"https:\/\/bas-ip.com\/%d1%82%d1%8a%d1%80%d0%b3%d0%be%d0%b2%d1%81%d0%ba%d0%b8-%d0%bf%d1%80%d0%be%d0%bc%d0%b8%d1%88%d0%bb%d0%b5%d0%bd%d0%b8\/"},"modified":"2025-03-10T10:32:45","modified_gmt":"2025-03-10T10:32:45","slug":"commercial","status":"publish","type":"page","link":"https:\/\/bas-ip.com\/fi\/kaupallinen-teollinen\/","title":{"rendered":"Kaupallinen \/ Teollinen"},"content":{"rendered":"<h1 class=\"wp-block-heading\"><strong>Mullista ty\u00f6paikkasi yritysten sis\u00e4puhelinj\u00e4rjestelmill\u00e4.<\/strong><\/h1>\n\n\n\n<p>Teknologian jatkuvasti kehittyess\u00e4 on yritysten olennaista pysy\u00e4 ajan tasalla uusimpien edistysaskelten kanssa. Yksi t\u00e4llainen kehitys on yritysten sis\u00e4puhelinj\u00e4rjestelmien integrointi, joka tarjoaa parannettua turvallisuutta ja tehokasta viestint\u00e4\u00e4 toimistoille ja liiketiloille. BAS-IP:n IP-sis\u00e4puhelimet tarjoavat kattavan ratkaisun, joka sis\u00e4lt\u00e4\u00e4 monipuolisia ainutlaatuisia ominaisuuksia, jotka vastaavat nykyaikaisen ty\u00f6paikan tarpeita. Tutkimme yritysten sis\u00e4puhelinj\u00e4rjestelm\u00e4n k\u00e4ytt\u00f6\u00f6noton etuja ja perehdymme BAS-IP:n huippuluokan tuotteiden yksityiskohtiin.<\/p>\n\n\n\n<h2 class=\"wp-block-heading\"><strong>Miksi valita BAS-IP yrityksesi sis\u00e4puhelinj\u00e4rjestelm\u00e4ksi?<\/strong><\/h2>\n\n\n\n<p>BAS-IP on ollut edell\u00e4k\u00e4vij\u00e4 kehittyneiden yritysten sis\u00e4puhelinj\u00e4rjestelmien kehitt\u00e4misess\u00e4 tarjoten valikoiman innovatiivisia tuotteita, jotka on suunniteltu vastaamaan nykyaikaisten ty\u00f6paikkojen vaatimuksia. Integroimalla huippuluokan ominaisuuksia ja luotettavaa laitteistoa BAS-IP:n kaupalliset sis\u00e4puhelinj\u00e4rjestelm\u00e4t varmistavat tehokkaan viestinn\u00e4n ja parannetun turvallisuuden sek\u00e4 toimistoille ett\u00e4 teollisuuslaitoksille.<\/p>\n\n\n<!-- START Block Features --><section id=\"block_642edd596eeb4\" class=\"features-section\">\r\n\t\r\n    <div class=\"features-list\">\r\n                    <div class=\"features-item\" data-aos=\"fade-up\">\r\n    <div class=\"features-box\">\r\n                    <div class=\"image-holder\">\r\n                <img loading=\"lazy\" decoding=\"async\" width=\"350\" height=\"320\" src=\"https:\/\/bas-ip.com\/wp-content\/uploads\/2023\/04\/1-350x320.jpg\" class=\"attachment-thumbnail_350x320 size-thumbnail_350x320\" alt=\"\" \/>            <\/div>\r\n        \r\n        <div class=\"text-holder\">\r\n                        <h3 class=\"title-block\">The Power of IP Intercoms in the Workplace<\/h3>\r\n          \r\n                        <div class=\"text-block\">\r\n                <p>BAS-IP&#8217;s IP intercom systems provide a wide array of advantages, including seamless integration into existing IP local networks. <\/p>\n<p>This enables employees to easily access the intercom system and open doors from their PCs, streamlining communication and security within the office. <\/p>\n<p>Furthermore, the IP-based infrastructure allows for scalability and adaptability, ensuring that your business intercom system can grow and evolve alongside your organization.<\/p>\n              <\/div>\r\n                  <\/div>\r\n    <\/div>\r\n<\/div>\r\n                    <div class=\"features-item\" data-aos=\"fade-up\">\r\n    <div class=\"features-box\">\r\n                    <div class=\"image-holder\">\r\n                <img loading=\"lazy\" decoding=\"async\" width=\"350\" height=\"320\" src=\"https:\/\/bas-ip.com\/wp-content\/uploads\/2023\/04\/2-350x320.jpg\" class=\"attachment-thumbnail_350x320 size-thumbnail_350x320\" alt=\"Business intercom systems\" \/>            <\/div>\r\n        \r\n        <div class=\"text-holder\">\r\n                        <h3 class=\"title-block\">Top-of-the-Line Hardware Components<\/h3>\r\n          \r\n                        <div class=\"text-block\">\r\n                <p>The best business intercom system from BAS-IP consists of the AV-08FBL, AT-10, and BR-AT10. These components work together to deliver exceptional performance and user experience, making them ideal for offices and commercial properties. <\/p>\n<p>AV-08FBL: This outdoor panel features a sleek design, built-in camera, and RFID reader, ensuring secure access control and visual identification of visitors.<\/p>\n<p>AT-10: This stylish indoor touch panel offers a high-resolution screen, intuitive user interface, and compatibility with various smart home and security devices.<\/p>\n<p>BR-AT10: This multi-functional desk bracket facilitates easy installation of the AT-10 panel into the desktop.<\/p>\n              <\/div>\r\n                  <\/div>\r\n    <\/div>\r\n<\/div>\r\n                    <div class=\"features-item\" data-aos=\"fade-up\">\r\n    <div class=\"features-box\">\r\n                    <div class=\"image-holder\">\r\n                <img loading=\"lazy\" decoding=\"async\" width=\"350\" height=\"320\" src=\"https:\/\/bas-ip.com\/wp-content\/uploads\/2023\/04\/3-350x320.jpg\" class=\"attachment-thumbnail_350x320 size-thumbnail_350x320\" alt=\"\" \/>            <\/div>\r\n        \r\n        <div class=\"text-holder\">\r\n                        <h3 class=\"title-block\">Reliable Customer Support and Service<\/h3>\r\n          \r\n                        <div class=\"text-block\">\r\n                <p>BAS-IP is committed to providing exceptional customer service, offering professional assistance and support for their products throughout the entire installation process and beyond. <\/p>\n<p>Our knowledgeable support team can help troubleshoot any issues that may arise, ensuring that your business intercom system remains functional and efficient. <\/p>\n<p>Furthermore, our dedication to ongoing research and development means that BAS-IP products will continue to improve, providing your business with an intercom solution that stays ahead of the curve in terms of technology and performance.<\/p>\n              <\/div>\r\n                  <\/div>\r\n    <\/div>\r\n<\/div>\r\n            <\/div>\r\n<\/section>\r\n<!-- END Block Features -->\n\n\n<h2 class=\"wp-block-heading\"><strong>BAS-IP:n yritysten sis\u00e4puhelinj\u00e4rjestelmien keskeiset toiminnot <\/strong><\/h2>\n\n\n\n<p>BAS-IP:n yritysten sis\u00e4puhelinj\u00e4rjestelmiss\u00e4 on useita ainutlaatuisia ominaisuuksia, jotka erottavat ne kilpailijoista. Hy\u00f6dynt\u00e4m\u00e4ll\u00e4 n\u00e4it\u00e4 edistyneit\u00e4 ominaisuuksia voit parantaa ty\u00f6paikkasi tehokkuutta, turvallisuutta ja yleist\u00e4 toimivuutta.<\/p>\n\n\n<!-- START Block Features --><section id=\"block_642edfc06eeba\" class=\"features-section\">\r\n\t\r\n    <div class=\"features-list\">\r\n                    <div class=\"features-item\" data-aos=\"fade-up\">\r\n    <div class=\"features-box\">\r\n                    <div class=\"image-holder\">\r\n                <img loading=\"lazy\" decoding=\"async\" width=\"350\" height=\"320\" src=\"https:\/\/bas-ip.com\/wp-content\/uploads\/2023\/04\/4-350x320.jpg\" class=\"attachment-thumbnail_350x320 size-thumbnail_350x320\" alt=\"\" \/>            <\/div>\r\n        \r\n        <div class=\"text-holder\">\r\n                        <h3 class=\"title-block\">Johdolliset sis\u00e4puhelinj\u00e4rjestelm\u00e4t yrityksille.<\/h3>\r\n          \r\n                        <div class=\"text-block\">\r\n                <p>Vaikka langaton teknologia jatkaa suosionsa kasvattamista, langalliset yritysten sis\u00e4puhelinj\u00e4rjestelm\u00e4t tarjoavat useita etuja, kuten paremman luotettavuuden, v\u00e4hemm\u00e4n h\u00e4iri\u00f6it\u00e4 ja parannetun turvallisuuden. BAS-IP:n langalliset sis\u00e4puhelinj\u00e4rjestelm\u00e4t on suunniteltu tarjoamaan tasaista suorituskyky\u00e4 varmistaen saumattoman viestinn\u00e4n ja kulunvalvonnan toimistossasi tai liiketilassasi.<\/p>\n              <\/div>\r\n                  <\/div>\r\n    <\/div>\r\n<\/div>\r\n                    <div class=\"features-item\" data-aos=\"fade-up\">\r\n    <div class=\"features-box\">\r\n                    <div class=\"image-holder\">\r\n                <img loading=\"lazy\" decoding=\"async\" width=\"350\" height=\"320\" src=\"https:\/\/bas-ip.com\/wp-content\/uploads\/2023\/04\/5-1-350x320.jpg\" class=\"attachment-thumbnail_350x320 size-thumbnail_350x320\" alt=\"\" \/>            <\/div>\r\n        \r\n        <div class=\"text-holder\">\r\n                        <h3 class=\"title-block\">P\u00f6yt\u00e4sis\u00e4puhelimen ja toimistosis\u00e4puhelimen integrointi<\/h3>\r\n          \r\n                        <div class=\"text-block\">\r\n                <p>BAS-IP:n yritysten sis\u00e4puhelinj\u00e4rjestelm\u00e4t voidaan helposti integroida p\u00f6yt\u00e4puhelimiin ja toimistojen sis\u00e4puhelinj\u00e4rjestelmiin, mahdollistaen ty\u00f6ntekij\u00f6iden vaivattoman viestinn\u00e4n ty\u00f6tilassa. T\u00e4m\u00e4 edist\u00e4\u00e4 yhteisty\u00f6ymp\u00e4rist\u00f6\u00e4 ja varmistaa, ett\u00e4 t\u00e4rke\u00e4 tieto voidaan v\u00e4litt\u00e4\u00e4 nopeasti ja tarkasti.<\/p>\n              <\/div>\r\n                  <\/div>\r\n    <\/div>\r\n<\/div>\r\n                    <div class=\"features-item\" data-aos=\"fade-up\">\r\n    <div class=\"features-box\">\r\n                    <div class=\"image-holder\">\r\n                <img loading=\"lazy\" decoding=\"async\" width=\"350\" height=\"320\" src=\"https:\/\/bas-ip.com\/wp-content\/uploads\/2023\/04\/6-350x320.jpg\" class=\"attachment-thumbnail_350x320 size-thumbnail_350x320\" alt=\"\" \/>            <\/div>\r\n        \r\n        <div class=\"text-holder\">\r\n                        <h3 class=\"title-block\">Teollisten sis\u00e4puhelinj\u00e4rjestelmien yhteensopivuus.<\/h3>\r\n          \r\n                        <div class=\"text-block\">\r\n                <p>Teollisuusymp\u00e4rist\u00f6iss\u00e4 toimiville yrityksille BAS-IP:n sis\u00e4puhelinj\u00e4rjestelm\u00e4t tarjoavat kest\u00e4vi\u00e4 viestint\u00e4ratkaisuja, jotka on suunniteltu kest\u00e4m\u00e4\u00e4n ankaria olosuhteita. Ottamalla k\u00e4ytt\u00f6\u00f6n luotettavan teollisen sis\u00e4puhelinj\u00e4rjestelm\u00e4n voit yll\u00e4pit\u00e4\u00e4 tehokasta viestint\u00e4\u00e4 ja turvallista kulunvalvontaa jopa haastavimmissa ymp\u00e4rist\u00f6iss\u00e4.<\/p>\n              <\/div>\r\n                  <\/div>\r\n    <\/div>\r\n<\/div>\r\n            <\/div>\r\n<\/section>\r\n<!-- END Block Features -->\n\n<!-- START Block FAQ --><section id=\"block_64215db07ecd6\" class=\"faq-section\">\r\n\t\t    <h2 class=\"title-section\" data-aos=\"fade-right\">Kysymyksi\u00e4 ja vastauksia yritysten sis\u00e4puhelinj\u00e4rjestelmist\u00e4.<\/h2>\r\n\t\t\t    <div class=\"faq-list js-accordion\" data-aos=\"fade-up\">\r\n\t\t\t\t\t\t\t\t\t\t\t    <div class=\"accordion-item faq-item\">\r\n                        <div class=\"accordion-opener\">\r\n                            Q: Miten yrityksen sis\u00e4puhelinj\u00e4rjestelm\u00e4 voi parantaa toimiston turvallisuutta?                            <i class=\"fa-solid fa-chevron-down\"><\/i>\r\n                        <\/div>\r\n                        <div class=\"accordion-slide\">\r\n\t\t\t\t\t\t    <p>Sis\u00e4llytt\u00e4m\u00e4ll\u00e4 ominaisuuksia, kuten videovalvonta, kulunvalvonta ja vierailijoiden tunnistaminen, yritysten sis\u00e4puhelinj\u00e4rjestelm\u00e4t auttavat suojaamaan toimistoasi tai liiketilaasi luvattomalta p\u00e4\u00e4sylt\u00e4 ja mahdollisilta uhkilta.<\/p>\n                        <\/div>\r\n\t\t\t\t\t<\/div>\r\n\t\t\t\t\t\t\t\t\t\t\t\t\t\t\t    <div class=\"accordion-item faq-item\">\r\n                        <div class=\"accordion-opener\">\r\n                            Q: Voinko integroida BAS-IP:n sis\u00e4puhelinj\u00e4rjestelm\u00e4n olemassa olevaan IP-l\u00e4hiverkkooni?                            <i class=\"fa-solid fa-chevron-down\"><\/i>\r\n                        <\/div>\r\n                        <div class=\"accordion-slide\">\r\n\t\t\t\t\t\t    <p>Kyll\u00e4, BAS-IP:n sis\u00e4puhelinj\u00e4rjestelm\u00e4t voidaan integroida saumattomasti olemassa oleviin IP-l\u00e4hiverkkoihin, mik\u00e4 mahdollistaa ty\u00f6ntekij\u00f6iden p\u00e4\u00e4syn j\u00e4rjestelm\u00e4\u00e4n ja ovien avaamisen tietokoneiltaan ja muista yhdistetyist\u00e4 laitteista. T\u00e4m\u00e4 yksinkertaistaa viestint\u00e4\u00e4 ja kulunvalvontaa ty\u00f6paikallasi.<\/p>\n                        <\/div>\r\n\t\t\t\t\t<\/div>\r\n\t\t\t\t\t\t\t\t\t\t\t\t\t\t\t    <div class=\"accordion-item faq-item\">\r\n                        <div class=\"accordion-opener\">\r\n                            Q: Miksi BAS-IP:n langalliset sis\u00e4puhelinj\u00e4rjestelm\u00e4t ovat parempi vaihtoehto kuin langattomat?                            <i class=\"fa-solid fa-chevron-down\"><\/i>\r\n                        <\/div>\r\n                        <div class=\"accordion-slide\">\r\n\t\t\t\t\t\t    <p>Langalliset sis\u00e4puhelinj\u00e4rjestelm\u00e4t tarjoavat paremman luotettavuuden, v\u00e4hemm\u00e4n h\u00e4iri\u00f6it\u00e4 ja parannetun turvallisuuden verrattuna langattomiin vaihtoehtoihin. BAS-IP:n langalliset sis\u00e4puhelinj\u00e4rjestelm\u00e4t on suunniteltu tarjoamaan tasaista suorituskyky\u00e4, mik\u00e4 tekee niist\u00e4 ihanteellisia yrityksille, jotka etsiv\u00e4t luotettavia viestint\u00e4ratkaisuja.<\/p>\n                        <\/div>\r\n\t\t\t\t\t<\/div>\r\n\t\t\t\t\t\t\t\t\t\t\t\t\t\t\t    <div class=\"accordion-item faq-item\">\r\n                        <div class=\"accordion-opener\">\r\n                            Q: Soveltuvatko BAS-IP:n sis\u00e4puhelinj\u00e4rjestelm\u00e4t teollisuusymp\u00e4rist\u00f6ihin?                            <i class=\"fa-solid fa-chevron-down\"><\/i>\r\n                        <\/div>\r\n                        <div class=\"accordion-slide\">\r\n\t\t\t\t\t\t    <p>Kyll\u00e4, BAS-IP:n sis\u00e4puhelinj\u00e4rjestelm\u00e4t on suunniteltu yhteensopiviksi teollisuusymp\u00e4rist\u00f6jen kanssa. N\u00e4m\u00e4 kest\u00e4v\u00e4t j\u00e4rjestelm\u00e4t siet\u00e4v\u00e4t ankaria olosuhteita, varmistaen tehokkaan viestinn\u00e4n ja turvallisen kulunvalvonnan eri teollisuudenaloilla.<\/p>\n                        <\/div>\r\n\t\t\t\t\t<\/div>\r\n\t\t\t\t\t\t\t\t\t\t\t\t\t\t\t    <div class=\"accordion-item faq-item\">\r\n                        <div class=\"accordion-opener\">\r\n                            Q: Voinko k\u00e4ytt\u00e4\u00e4 BAS-IP:n sis\u00e4puhelinj\u00e4rjestelm\u00e4\u00e4 integroidakseni sen \u00e4lytoimistolaitteisiini?                            <i class=\"fa-solid fa-chevron-down\"><\/i>\r\n                        <\/div>\r\n                        <div class=\"accordion-slide\">\r\n\t\t\t\t\t\t    <p>Kyll\u00e4, BAS-IP:n sis\u00e4puhelinj\u00e4rjestelm\u00e4t on suunniteltu yhteensopiviksi useiden \u00e4lytoimistolaitteiden kanssa, kuten valaistus- ja ilmastointij\u00e4rjestelmien. T\u00e4m\u00e4 mahdollistaa saumattoman integroinnin ja parantaa ty\u00f6tilasi yleist\u00e4 toimivuutta.<\/p>\n                        <\/div>\r\n\t\t\t\t\t<\/div>\r\n\t\t\t\t\t\t\t\t\t<\/div>\r\n\t<\/section>\r\n<!-- END Block FAQ -->\n\n\n<p>Nykyp\u00e4iv\u00e4n nopeatempoisessa liikemaailmassa tehokas viestint\u00e4 ja vahvat turvatoimenpiteet ovat v\u00e4ltt\u00e4m\u00e4tt\u00f6mi\u00e4. BAS-IP:n yritysten sis\u00e4puhelinj\u00e4rjestelm\u00e4t tarjoavat kattavan ratkaisun, yhdist\u00e4en huippuluokan ominaisuudet, luotettavan laitteiston ja saumattoman integroinnin olemassa oleviin IP-l\u00e4hiverkkoihin. Ottamalla k\u00e4ytt\u00f6\u00f6n BAS-IP:n sis\u00e4puhelinj\u00e4rjestelm\u00e4n toimistossasi tai liiketilassasi voit parantaa viestint\u00e4\u00e4, turvallisuutta ja ty\u00f6paikan yleist\u00e4 toimivuutta. Koe maailmanluokan sis\u00e4puhelinj\u00e4rjestelm\u00e4n edut ja mullista ty\u00f6paikkasi BAS-IP:n innovatiivisilla sis\u00e4puhelinratkaisuilla. Tutki tehokkaan viestinn\u00e4n, edistyneen turvallisuuden ja saumattoman integroinnin mahdollisuuksia, jotka voivat antaa yrityksellesi voimaa menesty\u00e4 yh\u00e4 verkottuneemmassa maailmassa.<\/p>","protected":false},"excerpt":{"rendered":"<p>Mullista ty\u00f6paikkasi yritysten sis\u00e4puhelinj\u00e4rjestelmill\u00e4. Teknologian jatkuvasti kehittyess\u00e4 on yritysten olennaista pysy\u00e4 ajan tasalla uusimpien edistysaskelten kanssa. Yksi t\u00e4llainen kehitys on yritysten sis\u00e4puhelinj\u00e4rjestelmien integrointi, joka tarjoaa parannettua turvallisuutta ja tehokasta viestint\u00e4\u00e4 toimistoille ja liiketiloille. BAS-IP:n IP-sis\u00e4puhelimet tarjoavat kattavan ratkaisun, joka sis\u00e4lt\u00e4\u00e4 monipuolisia ainutlaatuisia ominaisuuksia, jotka vastaavat nykyaikaisen ty\u00f6paikan tarpeita. Tutkimme yritysten sis\u00e4puhelinj\u00e4rjestelm\u00e4n k\u00e4ytt\u00f6\u00f6noton etuja ja perehdymme [&hellip;]<\/p>","protected":false},"author":1,"featured_media":0,"parent":0,"menu_order":0,"comment_status":"closed","ping_status":"closed","template":"","meta":{"inline_featured_image":false,"footnotes":""},"class_list":["post-133225","page","type-page","status-publish","hentry"],"acf":[],"_links":{"self":[{"href":"https:\/\/bas-ip.com\/fi\/wp-json\/wp\/v2\/pages\/133225","targetHints":{"allow":["GET"]}}],"collection":[{"href":"https:\/\/bas-ip.com\/fi\/wp-json\/wp\/v2\/pages"}],"about":[{"href":"https:\/\/bas-ip.com\/fi\/wp-json\/wp\/v2\/types\/page"}],"author":[{"embeddable":true,"href":"https:\/\/bas-ip.com\/fi\/wp-json\/wp\/v2\/users\/1"}],"replies":[{"embeddable":true,"href":"https:\/\/bas-ip.com\/fi\/wp-json\/wp\/v2\/comments?post=133225"}],"version-history":[{"count":4,"href":"https:\/\/bas-ip.com\/fi\/wp-json\/wp\/v2\/pages\/133225\/revisions"}],"predecessor-version":[{"id":133292,"href":"https:\/\/bas-ip.com\/fi\/wp-json\/wp\/v2\/pages\/133225\/revisions\/133292"}],"wp:attachment":[{"href":"https:\/\/bas-ip.com\/fi\/wp-json\/wp\/v2\/media?parent=133225"}],"curies":[{"name":"wp","href":"https:\/\/api.w.org\/{rel}","templated":true}]}}