{"id":133065,"date":"2023-03-28T17:03:55","date_gmt":"2023-03-28T17:03:55","guid":{"rendered":"https:\/\/bas-ip.com\/case-studies\/"},"modified":"2025-03-06T09:28:09","modified_gmt":"2025-03-06T09:28:09","slug":"case-studies","status":"publish","type":"page","link":"https:\/\/bas-ip.com\/fi\/case-studies\/","title":{"rendered":"Ratkaisut"},"content":{"rendered":"<h1 class=\"wp-block-heading\"><strong>Ovipuhelinratkaisut<\/strong><\/h1>\n\n\n\n<p>BAS-IP on johtava huippuluokan ovipuhelinratkaisujen tarjoaja eri toimialoille, tarjoten poikkeuksellisia turvallisuus- ja viestint\u00e4kokemuksia. T\u00e4ss\u00e4 artikkelissa tarkastelemme kuutta vakuuttavaa ovipuhelimen tapaustutkimusta, jotka osoittavat BAS-IP:n tuotteiden monipuolisuuden ja tehokkuuden eri ymp\u00e4rist\u00f6iss\u00e4. Moniasuntoisista rakennuksista sairaalatiloihin, n\u00e4m\u00e4 tapaustutkimukset korostavat BAS-IP:n ovipuhelinj\u00e4rjestelmien muutosvoimaa.<\/p>\n\n\n<!-- START Block Info 3 Columns with links --><section id=\"block_6437b6d9794a8\" class=\"info-columns-section\">\r\n   <div class=\"column-list\">\r\n                        <div class=\"column-item\" data-aos=\"fade-up\" data-aos-delay=\"100\">\r\n                  <div class=\"image-block\">\r\n            <a href=\"\/building-intercom-system\/\">\r\n               <img loading=\"lazy\" decoding=\"async\" width=\"320\" height=\"232\" src=\"https:\/\/bas-ip.com\/wp-content\/uploads\/2023\/04\/1-5.jpg\" class=\"attachment-thumbnail_345x250 size-thumbnail_345x250\" alt=\"\" srcset=\"https:\/\/bas-ip.com\/wp-content\/uploads\/2023\/04\/1-5.jpg 320w,  https:\/\/bas-ip.com\/wp-content\/uploads\/2023\/04\/1-5-300x218.jpg 300w\" sizes=\"auto, (max-width: 320px) 100vw, 320px\" \/><\/a>\r\n         <\/div>\r\n         \r\n                  <a href=\"\/building-intercom-system\/\">\r\n            <h3 class=\"title-section\">Moniasuntoinen rakennus: Saumaton asumiskokemus<\/h3>\r\n         <\/a>\r\n                           <div class=\"text-block\">\r\n            <p>BAS-IP:n ovipuhelinratkaisut ovat mullistaneet tavan, jolla asukkaat ovat vuorovaikutuksessa elinymp\u00e4rist\u00f6ns\u00e4 kanssa. Moniasuntoisessa rakennuksessa BAS-IP:n ovipuhelinj\u00e4rjestelm\u00e4n k\u00e4ytt\u00f6\u00f6notto ei ainoastaan parantanut turvallisuutta, vaan my\u00f6s helpotti saumatonta viestint\u00e4\u00e4 asukkaiden, vierailijoiden ja kiinteist\u00f6nhoidon v\u00e4lill\u00e4. J\u00e4rjestelm\u00e4n k\u00e4ytt\u00e4j\u00e4yst\u00e4v\u00e4llinen k\u00e4ytt\u00f6liittym\u00e4 ja integrointi \u00e4lykotiteknologiaan tarjosivat asukkaille uuden tason mukavuutta ja saavutettavuutta, mik\u00e4 paransi heid\u00e4n asumiskokemustaan.<\/p>\n         <\/div>\r\n               <\/div>\r\n                              <div class=\"column-item\" data-aos=\"fade-up\" data-aos-delay=\"200\">\r\n                  <div class=\"image-block\">\r\n            <a href=\"\/business-intercom-systems-for-office\/\">\r\n               <img loading=\"lazy\" decoding=\"async\" width=\"320\" height=\"232\" src=\"https:\/\/bas-ip.com\/wp-content\/uploads\/2023\/04\/2-5.jpg\" class=\"attachment-thumbnail_345x250 size-thumbnail_345x250\" alt=\"\" srcset=\"https:\/\/bas-ip.com\/wp-content\/uploads\/2023\/04\/2-5.jpg 320w,  https:\/\/bas-ip.com\/wp-content\/uploads\/2023\/04\/2-5-300x218.jpg 300w\" sizes=\"auto, (max-width: 320px) 100vw, 320px\" \/><\/a>\r\n         <\/div>\r\n         \r\n                  <a href=\"\/business-intercom-systems-for-office\/\">\r\n            <h3 class=\"title-section\">Kaupallinen: Toiminnan ja turvallisuuden virtaviivaistaminen<\/h3>\r\n         <\/a>\r\n                           <div class=\"text-block\">\r\n            <p>Kaupallisessa tai teollisessa ymp\u00e4rist\u00f6ss\u00e4 tehokas viestint\u00e4 ja turvallisuus ovat ratkaisevan t\u00e4rkeit\u00e4 sujuvan toiminnan kannalta. BAS-IP:n ovipuhelinratkaisuilla oli keskeinen rooli ty\u00f6nkulun ja turvallisuustoimenpiteiden parantamisessa suuressa tuotantolaitoksessa. Integroimalla ovipuhelinj\u00e4rjestelm\u00e4n kulunvalvontaan, videovalvontaan ja h\u00e4t\u00e4toimintatoimintoihin, laitos koki merkitt\u00e4v\u00e4n parannuksen viestinn\u00e4ss\u00e4 ja yleisess\u00e4 turvallisuudessa.<\/p>\n         <\/div>\r\n               <\/div>\r\n                              <div class=\"column-item\" data-aos=\"fade-up\" data-aos-delay=\"300\">\r\n                  <div class=\"image-block\">\r\n            <a href=\"\/intercom-systems-for-home-and-house\/\">\r\n               <img loading=\"lazy\" decoding=\"async\" width=\"320\" height=\"232\" src=\"https:\/\/bas-ip.com\/wp-content\/uploads\/2023\/04\/3-5.jpg\" class=\"attachment-thumbnail_345x250 size-thumbnail_345x250\" alt=\"\" srcset=\"https:\/\/bas-ip.com\/wp-content\/uploads\/2023\/04\/3-5.jpg 320w,  https:\/\/bas-ip.com\/wp-content\/uploads\/2023\/04\/3-5-300x218.jpg 300w\" sizes=\"auto, (max-width: 320px) 100vw, 320px\" \/><\/a>\r\n         <\/div>\r\n         \r\n                  <a href=\"\/intercom-systems-for-home-and-house\/\">\r\n            <h3 class=\"title-section\">Koti: Turvallisuuden ja yhteyksien parantaminen<\/h3>\r\n         <\/a>\r\n                           <div class=\"text-block\">\r\n            <p>Koska asunnonomistajat asettavat yh\u00e4 enemm\u00e4n etusijalle turvallisuuden ja \u00e4lykotiteknologian, BAS-IP:n ovipuhelinratkaisuista on tullut suosittu valinta. L\u00e4hi\u00f6kodissa BAS-IP:n ovipuhelinj\u00e4rjestelm\u00e4n asennus ei ainoastaan lis\u00e4nnyt turvallisuutta, vaan my\u00f6s paransi yhteyksi\u00e4 perheenj\u00e4senten ja vieraiden kanssa. Intuitiivinen k\u00e4ytt\u00f6liittym\u00e4 ja yhteensopivuus \u00e4lypuhelimien kanssa mahdollistivat asunnonomistajien omaisuuden valvonnan ja vaivattoman viestinn\u00e4n, luoden turvallisen ja yhdistetyn elinymp\u00e4rist\u00f6n.<\/p>\n         <\/div>\r\n               <\/div>\r\n                              <div class=\"column-item\" data-aos=\"fade-up\" data-aos-delay=\"400\">\r\n                  <div class=\"image-block\">\r\n            <a href=\"\/medical-hospital-intercom-system\/\">\r\n               <img loading=\"lazy\" decoding=\"async\" width=\"320\" height=\"232\" src=\"https:\/\/bas-ip.com\/wp-content\/uploads\/2023\/04\/4-5.jpg\" class=\"attachment-thumbnail_345x250 size-thumbnail_345x250\" alt=\"\" srcset=\"https:\/\/bas-ip.com\/wp-content\/uploads\/2023\/04\/4-5.jpg 320w,  https:\/\/bas-ip.com\/wp-content\/uploads\/2023\/04\/4-5-300x218.jpg 300w\" sizes=\"auto, (max-width: 320px) 100vw, 320px\" \/><\/a>\r\n         <\/div>\r\n         \r\n                  <a href=\"\/medical-hospital-intercom-system\/\">\r\n            <h3 class=\"title-section\">Sairaala: Potilashoidon ja turvallisuuden vahvistaminen<\/h3>\r\n         <\/a>\r\n                           <div class=\"text-block\">\r\n            <p>Sairaalat ja l\u00e4\u00e4ketieteelliset laitokset tarvitsevat edistyneit\u00e4 viestint\u00e4j\u00e4rjestelmi\u00e4 tehokkaan potilashoidon ja turvallisuuden varmistamiseksi. Huippuluokan sairaalassa BAS-IP:n ovipuhelinratkaisuja k\u00e4ytettiin l\u00e4\u00e4kint\u00e4henkil\u00f6st\u00f6n, potilaiden ja vierailijoiden v\u00e4lisen viestinn\u00e4n virtaviivaistamiseen. J\u00e4rjestelm\u00e4 helpotti nopeaa reagointia h\u00e4t\u00e4tilanteisiin, paransi potilaiden yksityisyytt\u00e4 ja paransi sairaalan yleist\u00e4 turvallisuutta. BAS-IP:n ovipuhelinj\u00e4rjestelm\u00e4n integrointi osoittautui mullistavaksi poikkeuksellisen potilashoidon tarjoamisessa.<\/p>\n         <\/div>\r\n               <\/div>\r\n                              <div class=\"column-item\" data-aos=\"fade-up\" data-aos-delay=\"500\">\r\n                  <div class=\"image-block\">\r\n            <a href=\"\/intercom-systems-for-schools\/\">\r\n               <img loading=\"lazy\" decoding=\"async\" width=\"320\" height=\"232\" src=\"https:\/\/bas-ip.com\/wp-content\/uploads\/2023\/04\/5-5.jpg\" class=\"attachment-thumbnail_345x250 size-thumbnail_345x250\" alt=\"\" srcset=\"https:\/\/bas-ip.com\/wp-content\/uploads\/2023\/04\/5-5.jpg 320w,  https:\/\/bas-ip.com\/wp-content\/uploads\/2023\/04\/5-5-300x218.jpg 300w\" sizes=\"auto, (max-width: 320px) 100vw, 320px\" \/><\/a>\r\n         <\/div>\r\n         \r\n                  <a href=\"\/intercom-systems-for-schools\/\">\r\n            <h3 class=\"title-section\">Koulu: Turvallisen oppimisymp\u00e4rist\u00f6n edist\u00e4minen<\/h3>\r\n         <\/a>\r\n                           <div class=\"text-block\">\r\n            <p>Oppilaitokset tarvitsevat vankkoja turvallisuus- ja viestint\u00e4j\u00e4rjestelmi\u00e4 opiskelijoiden ja henkil\u00f6st\u00f6n suojelemiseksi. Edistyksellisess\u00e4 koulussa BAS-IP:n ovipuhelinratkaisut olivat avainasemassa turvallisen oppimisymp\u00e4rist\u00f6n tarjoamisessa. J\u00e4rjestelm\u00e4 mahdollisti saumattoman viestinn\u00e4n luokkahuoneiden, hallintotoimistojen ja ulkopuolisten vierailijoiden v\u00e4lill\u00e4, varmistaen opiskelijoiden ja henkil\u00f6st\u00f6n turvallisuuden. Lis\u00e4ksi ovipuhelinj\u00e4rjestelm\u00e4n integrointi kulunvalvonta- ja videovalvontaominaisuuksiin paransi merkitt\u00e4v\u00e4sti koulun yleist\u00e4 turvallisuutta.<\/p>\n         <\/div>\r\n               <\/div>\r\n                              <div class=\"column-item\" data-aos=\"fade-up\" data-aos-delay=\"600\">\r\n                  <div class=\"image-block\">\r\n            <a href=\"\/gate-intercom-system\/\">\r\n               <img loading=\"lazy\" decoding=\"async\" width=\"320\" height=\"232\" src=\"https:\/\/bas-ip.com\/wp-content\/uploads\/2023\/04\/6-4.jpg\" class=\"attachment-thumbnail_345x250 size-thumbnail_345x250\" alt=\"\" srcset=\"https:\/\/bas-ip.com\/wp-content\/uploads\/2023\/04\/6-4.jpg 320w,  https:\/\/bas-ip.com\/wp-content\/uploads\/2023\/04\/6-4-300x218.jpg 300w\" sizes=\"auto, (max-width: 320px) 100vw, 320px\" \/><\/a>\r\n         <\/div>\r\n         \r\n                  <a href=\"\/gate-intercom-system\/\">\r\n            <h3 class=\"title-section\">Portit: Piirisuojauksen vahvistaminen<\/h3>\r\n         <\/a>\r\n                           <div class=\"text-block\">\r\n            <p>Portin turvallisuus on ratkaisevan t\u00e4rke\u00e4\u00e4 omaisuuden turvaamiseksi ja yksityisyyden s\u00e4ilytt\u00e4miseksi. Ylellisess\u00e4 asuinyhteis\u00f6ss\u00e4 BAS-IP:n ovipuhelinratkaisuja otettiin k\u00e4ytt\u00f6\u00f6n piirisuojauksen vahvistamiseksi. J\u00e4rjestelm\u00e4 mahdollisti asukkaiden et\u00e4k\u00e4ytt\u00f6isen p\u00e4\u00e4syn my\u00f6nt\u00e4misen tai ep\u00e4\u00e4misen vierailijoille, ja integrointi videovalvontaan mahdollisti yhteis\u00f6n sis\u00e4\u00e4n- ja ulosk\u00e4yntien saumattoman valvonnan. T\u00e4m\u00e4 edistyksellinen ovipuhelinratkaisu edisti asukkaiden lis\u00e4\u00e4ntynytt\u00e4 turvallisuuden tunnetta ja mielenrauhaa.<\/p>\n         <\/div>\r\n               <\/div>\r\n                     <\/div>\r\n<\/section>\r\n<!-- END Block Info 3 Columns with links -->\n\n\n<p>N\u00e4m\u00e4 ovipuhelimen tapaustutkimukset osoittavat BAS-IP:n ovipuhelinratkaisujen huomattavan monipuolisuuden ja tehokkuuden eri sektoreilla. Asuinyhteis\u00f6ist\u00e4 sairaaloihin, BAS-IP:n ovipuhelinj\u00e4rjestelmien k\u00e4ytt\u00f6\u00f6notto on muuttanut viestint\u00e4\u00e4, turvallisuutta ja yleist\u00e4 k\u00e4ytt\u00f6kokemusta. Teknologian jatkaessa kehittymist\u00e4\u00e4n BAS-IP on edelleen sitoutunut tarjoamaan innovatiivisia ja ylivoimaisia ovipuhelinratkaisuja, jotka vastaavat eri toimialojen muuttuviin tarpeisiin.<\/p>\n\n\n<!-- START Block FAQ --><section id=\"block_64231e53deae2\" class=\"faq-section\">\r\n\t\t    <h2 class=\"title-section\" data-aos=\"fade-right\">Usein kysytyt kysymykset<\/h2>\r\n\t\t\t    <div class=\"faq-list js-accordion\" data-aos=\"fade-up\">\r\n\t\t\t\t\t\t\t\t\t\t\t    <div class=\"accordion-item faq-item\">\r\n                        <div class=\"accordion-opener\">\r\n                            Q: Miten BAS-IP varmistaa ovipuhelinratkaisujensa turvallisuuden ja luotettavuuden?                            <i class=\"fa-solid fa-chevron-down\"><\/i>\r\n                        <\/div>\r\n                        <div class=\"accordion-slide\">\r\n\t\t\t\t\t\t    <p>BAS-IP k\u00e4ytt\u00e4\u00e4 edistyksellisi\u00e4 salausprotokollia ja vankkaa laitteistoa varmistaakseen ovipuhelinj\u00e4rjestelmiens\u00e4 turvallisuuden ja luotettavuuden. T\u00e4m\u00e4 sitoutuminen huipputeknologian tarjoamiseen on tehnyt BAS-IP:st\u00e4 luotettavan valinnan eri toimialoille maailmanlaajuisesti.<\/p>\n                        <\/div>\r\n\t\t\t\t\t<\/div>\r\n\t\t\t\t\t\t\t\t\t\t\t\t\t\t\t    <div class=\"accordion-item faq-item\">\r\n                        <div class=\"accordion-opener\">\r\n                            Q: Miten BAS-IP:n ovipuhelinratkaisut edist\u00e4v\u00e4t energiatehokkuutta?                            <i class=\"fa-solid fa-chevron-down\"><\/i>\r\n                        <\/div>\r\n                        <div class=\"accordion-slide\">\r\n\t\t\t\t\t\t    <p>BAS-IP:n ovipuhelinj\u00e4rjestelm\u00e4t on suunniteltu energiatehokkuutta silm\u00e4ll\u00e4 pit\u00e4en. Sis\u00e4llytt\u00e4m\u00e4ll\u00e4 ominaisuuksia, kuten liiketunnistimella aktivoituva valaistus, \u00e4lyk\u00e4s ilmastoinnin ohjaus ja virrans\u00e4\u00e4st\u00f6tilan valmiustilat, BAS-IP:n ovipuhelinratkaisut edist\u00e4v\u00e4t vihre\u00e4mp\u00e4\u00e4 ja kest\u00e4v\u00e4mp\u00e4\u00e4 ymp\u00e4rist\u00f6\u00e4.<\/p>\n                        <\/div>\r\n\t\t\t\t\t<\/div>\r\n\t\t\t\t\t\t\t\t\t\t\t\t\t\t\t    <div class=\"accordion-item faq-item\">\r\n                        <div class=\"accordion-opener\">\r\n                            Q: Millaista tukea BAS-IP tarjoaa ovipuhelinratkaisuilleen?                            <i class=\"fa-solid fa-chevron-down\"><\/i>\r\n                        <\/div>\r\n                        <div class=\"accordion-slide\">\r\n\t\t\t\t\t\t    <p>BAS-IP on sitoutunut tarjoamaan poikkeuksellista asiakastukea, tarjoten kattavaa teknist\u00e4 apua ja resursseja varmistaakseen ovipuhelinj\u00e4rjestelmiens\u00e4 sujuvan k\u00e4ytt\u00f6\u00f6noton ja toiminnan. T\u00e4m\u00e4 omistautuminen asiakastyytyv\u00e4isyydelle on tuonut BAS-IP:lle erinomaisen maineen alalla.<\/p>\n                        <\/div>\r\n\t\t\t\t\t<\/div>\r\n\t\t\t\t\t\t\t\t\t<\/div>\r\n\t<\/section>\r\n<!-- END Block FAQ -->","protected":false},"excerpt":{"rendered":"<p>Ovipuhelinratkaisut BAS-IP on johtava huippuluokan ovipuhelinratkaisujen tarjoaja eri toimialoille, tarjoten poikkeuksellisia turvallisuus- ja viestint\u00e4kokemuksia. T\u00e4ss\u00e4 artikkelissa tarkastelemme kuutta vakuuttavaa ovipuhelimen tapaustutkimusta, jotka osoittavat BAS-IP:n tuotteiden monipuolisuuden ja tehokkuuden eri ymp\u00e4rist\u00f6iss\u00e4. Moniasuntoisista rakennuksista sairaalatiloihin, n\u00e4m\u00e4 tapaustutkimukset korostavat BAS-IP:n ovipuhelinj\u00e4rjestelmien muutosvoimaa. N\u00e4m\u00e4 ovipuhelimen tapaustutkimukset osoittavat BAS-IP:n ovipuhelinratkaisujen huomattavan monipuolisuuden ja tehokkuuden eri sektoreilla. Asuinyhteis\u00f6ist\u00e4 sairaaloihin, BAS-IP:n ovipuhelinj\u00e4rjestelmien [&hellip;]<\/p>","protected":false},"author":1,"featured_media":0,"parent":0,"menu_order":0,"comment_status":"closed","ping_status":"closed","template":"","meta":{"inline_featured_image":false,"footnotes":""},"class_list":["post-133065","page","type-page","status-publish","hentry"],"acf":[],"_links":{"self":[{"href":"https:\/\/bas-ip.com\/fi\/wp-json\/wp\/v2\/pages\/133065","targetHints":{"allow":["GET"]}}],"collection":[{"href":"https:\/\/bas-ip.com\/fi\/wp-json\/wp\/v2\/pages"}],"about":[{"href":"https:\/\/bas-ip.com\/fi\/wp-json\/wp\/v2\/types\/page"}],"author":[{"embeddable":true,"href":"https:\/\/bas-ip.com\/fi\/wp-json\/wp\/v2\/users\/1"}],"replies":[{"embeddable":true,"href":"https:\/\/bas-ip.com\/fi\/wp-json\/wp\/v2\/comments?post=133065"}],"version-history":[{"count":3,"href":"https:\/\/bas-ip.com\/fi\/wp-json\/wp\/v2\/pages\/133065\/revisions"}],"predecessor-version":[{"id":133132,"href":"https:\/\/bas-ip.com\/fi\/wp-json\/wp\/v2\/pages\/133065\/revisions\/133132"}],"wp:attachment":[{"href":"https:\/\/bas-ip.com\/fi\/wp-json\/wp\/v2\/media?parent=133065"}],"curies":[{"name":"wp","href":"https:\/\/api.w.org\/{rel}","templated":true}]}}