{"id":131211,"date":"2025-02-19T15:47:09","date_gmt":"2025-02-19T15:47:09","guid":{"rendered":"https:\/\/bas-ip.com\/intercom-migration-to-link\/"},"modified":"2025-02-24T11:35:52","modified_gmt":"2025-02-24T11:35:52","slug":"intercom-migration-to-link","status":"publish","type":"page","link":"https:\/\/bas-ip.com\/fi\/intercom-migration-to-link\/","title":{"rendered":"Intercomin siirtyminen Linkkiin"},"content":{"rendered":"<h2 data-sourcepos=\"1:1-1:59\">Intercom siirtyy Linkkiin: Mit\u00e4 t\u00e4m\u00e4 tarkoittaa sinulle?\u00a0<\/h2>\n<p>\u00a0<\/p>\n<p>Maaliskuuta 4 2025 alkaen Intercomin Android-sovellus ei ole en\u00e4\u00e4 saatavilla Google Play Kaupassa. Verkkoversio ja iOS-sovellus toimivat kuitenkin edelleen ilman muutoksia, ja Intercomin palvelimet pysyv\u00e4t aktiivisina vakauden ja tietojesi saatavuuden varmistamiseksi, kunnes palvelintuki p\u00e4\u00e4ttyy.<\/p>\n<p data-sourcepos=\"5:1-5:227\">Pyyd\u00e4mme sinua siirtym\u00e4\u00e4n Linkkiin &#8211; tehokkaaseen ratkaisuun, joka on suunniteltu mukavuuttasi ajatellen. Alusta tarjoaa edistyneit\u00e4 hallintaominaisuuksia, korkean vakauden ja alan uusimpien standardien mukaisen turvallisuuden.<\/p>\n<p data-sourcepos=\"7:1-7:175\">Ymm\u00e4rr\u00e4mme, ett\u00e4 t\u00e4m\u00e4 muutos voi her\u00e4tt\u00e4\u00e4 kysymyksi\u00e4, joten olemme laatineet yksityiskohtaiset ohjeet ja kattavan tuen, jotta siirtym\u00e4 olisi mahdollisimman sujuva ja vaivaton.<\/p>\n<h2 data-sourcepos=\"9:1-9:32\">Miksi teemme t\u00e4m\u00e4n muutoksen?<\/h2>\n<p data-sourcepos=\"11:1-11:367\">P\u00e4\u00e4t\u00f6ksemme siirty\u00e4 Linkkiin johtuu tarpeesta tarjota sinulle parempaa palvelun laatua ja nykyaikaisia ty\u00f6kaluja laitteiden hallintaan. Intercomin Android-sovellus on vanhentunut eik\u00e4 en\u00e4\u00e4 t\u00e4yt\u00e4 nykyisi\u00e4 vaatimuksia. Vanhan alustan p\u00e4ivitt\u00e4misen sijaan p\u00e4\u00e4timme kehitt\u00e4\u00e4 tehokkaamman ja k\u00e4ytt\u00e4j\u00e4yst\u00e4v\u00e4llisemm\u00e4n ratkaisun, joka asettaa uuden standardin mukavuudellesi.<\/p>\n<h2 data-sourcepos=\"13:1-13:18\">Mik\u00e4 on Linkki?<\/h2>\n<p data-sourcepos=\"15:1-15:231\">Linkki on alusta, joka on suunniteltu niille, jotka arvostavat mukavuutta ja luotettavuutta. Se korvaa Intercomin ja tarjoaa enemm\u00e4n ominaisuuksia, parannetun suunnittelun ja pitk\u00e4aikaisen tuen. T\u00e4ss\u00e4 on mit\u00e4 voit odottaa Linkilt\u00e4:<\/p>\n<ul data-sourcepos=\"17:1-21:0\">\n<li data-sourcepos=\"17:1-17:120\"><strong>Uudistettu k\u00e4ytt\u00f6liittym\u00e4:<\/strong> Yksinkertainen ja intuitiivinen muotoilu, joka on luotu saumattomaan k\u00e4ytt\u00f6kokemukseen.<\/li>\n<li data-sourcepos=\"18:1-18:133\"><strong>Tuki nykyaikaisille laitteille:<\/strong> Linkki on yhteensopiva uusimpien k\u00e4ytt\u00f6j\u00e4rjestelmien kanssa ja integroituu uusiin tekniikoihin.<\/li>\n<li data-sourcepos=\"19:1-19:127\"><strong>Edistyneet ominaisuudet:<\/strong> P\u00e4\u00e4synhallinta, tietoturva ja joustava laitekonfigurointi &#8211; kaikki saatavilla uudella alustalla.<\/li>\n<li data-sourcepos=\"20:1-21:0\"><strong>Vakaus ja luotettavuus:<\/strong> Suunniteltu k\u00e4sittelem\u00e4\u00e4n suuria kuormia, mik\u00e4 varmistaa keskeytym\u00e4tt\u00f6m\u00e4n suorituskyvyn.<\/li>\n<\/ul>\n<h2 data-sourcepos=\"22:1-22:30\">Miten siirtyminen tapahtuu?<\/h2>\n<p data-sourcepos=\"24:1-24:388\">Olemme tehneet siirtymisprosessista mahdollisimman saumattoman. Aktiiviset Intercom-tilit siirret\u00e4\u00e4n automaattisesti Linkki-alustalle, ja k\u00e4ytt\u00e4j\u00e4t saavat Basic-version lisenssej\u00e4, jotka vastaavat heid\u00e4n tilill\u00e4\u00e4n olevien SIP-numeroiden m\u00e4\u00e4r\u00e4\u00e4. Prosessi on suunniteltu minimoimaan mahdolliset vaikeudet ja varmistamaan samalla kaikkien saatavilla olevien alustaominaisuuksien saatavuuden.<\/p>\n<p data-sourcepos=\"26:1-26:46\">Kiinteist\u00f6nomistajille siirtyminen on helppoa:<\/p>\n<ol data-sourcepos=\"28:1-30:0\">\n<li data-sourcepos=\"28:1-28:54\">Aseta tili ja liit\u00e4 ovipuhelinlaitteet palvelimeen.<\/li>\n<li data-sourcepos=\"29:1-30:0\">T\u00e4yt\u00e4 taulukko asukkaiden tiedoilla ja lataa se j\u00e4rjestelm\u00e4\u00e4n.<\/li>\n<\/ol>\n<p data-sourcepos=\"31:1-31:134\">J\u00e4rjestelm\u00e4 hoitaa loput: se luo k\u00e4ytt\u00e4j\u00e4tilej\u00e4, l\u00e4hett\u00e4\u00e4 kutsuja, konfiguroi ovipuhelinlaitteita ja my\u00f6nt\u00e4\u00e4 k\u00e4ytt\u00f6oikeuden alustalle.<\/p>\n<p data-sourcepos=\"33:1-33:119\">Asukkaiden tarvitsee vain suorittaa rekister\u00f6inti kutsun kautta &#8211; ja he voivat aloittaa uuden j\u00e4rjestelm\u00e4n k\u00e4yt\u00f6n heti.<\/p>\n<h2 data-sourcepos=\"35:1-35:21\">Mit\u00e4 alusta tekee?<\/h2>\n<ul data-sourcepos=\"37:1-40:0\">\n<li data-sourcepos=\"37:1-37:83\">Yhdist\u00e4\u00e4 automaattisesti k\u00e4ytt\u00e4j\u00e4tilit laitteisiinsa ja tarjoaa p\u00e4\u00e4syn palveluun.<\/li>\n<li data-sourcepos=\"38:1-38:97\">M\u00e4\u00e4ritt\u00e4\u00e4 ovipuhelimen integroinnin, mukaan lukien puhelinluettelon synkronoinnin tarvittaessa.<\/li>\n<li data-sourcepos=\"39:1-40:0\">K\u00e4sittelee tietoja ja my\u00f6nt\u00e4\u00e4 Basic-version lisenssej\u00e4 Linkille.<\/li>\n<\/ul>\n<p data-sourcepos=\"41:1-41:199\">Monimutkaisempia tapauksia varten, kuten vanhempien laitteiden kanssa ty\u00f6skentely tai tietojen manuaalinen siirt\u00e4minen, olemme kehitt\u00e4neet ty\u00f6kaluja, jotka auttavat kumppaneita tehostamaan prosessia.<\/p>\n<h2 data-sourcepos=\"43:1-43:26\">Mit\u00e4 hy\u00f6ty\u00e4 sinulle on?<\/h2>\n<p data-sourcepos=\"45:1-45:112\">Jotta siirtyminen olisi mahdollisimman hy\u00f6dyllist\u00e4, Linkki-alusta tarjoaa laajan valikoiman uusia ominaisuuksia:<\/p>\n<p data-sourcepos=\"47:1-47:19\"><strong>P\u00e4\u00e4synhallinta:<\/strong><\/p>\n<ul data-sourcepos=\"49:1-50:0\">\n<li data-sourcepos=\"49:1-50:0\">T\u00e4ydellinen hallinta rakennuksen k\u00e4ytt\u00f6oikeuksiin mobiilisovelluksen kautta, mukaan lukien ovien et\u00e4avaus ja vieraiden k\u00e4ytt\u00f6oikeuksien hallinta.<\/li>\n<\/ul>\n<p data-sourcepos=\"51:1-51:43\"><strong>Parannetut vuorovaikutusmahdollisuudet:<\/strong><\/p>\n<ul data-sourcepos=\"53:1-54:0\">\n<li data-sourcepos=\"53:1-54:0\">Integrointi nykyaikaisten laitteiden, kuten Apple Watchin ja Sirin, kanssa, perhetapahtumien hallinta ja huoneiden varaaminen alustan kautta.<\/li>\n<\/ul>\n<p data-sourcepos=\"55:1-55:33\"><strong>Lokien tallennus ja seuranta:<\/strong><\/p>\n<ul data-sourcepos=\"57:1-58:0\">\n<li data-sourcepos=\"57:1-58:0\">Katso puheluhistoriaa, k\u00e4ytt\u00f6lokeja ja hallinnoi aikatauluja ja rajoituksia.<\/li>\n<\/ul>\n<p data-sourcepos=\"59:1-59:35\"><strong>Modulaarisuus ja mukauttaminen:<\/strong><\/p>\n<ul data-sourcepos=\"61:1-62:0\">\n<li data-sourcepos=\"61:1-62:0\">Luo tiloja asuin- ja liikekiinteist\u00f6ille, m\u00e4\u00e4rit\u00e4 joustavat puheluiden edelleenl\u00e4hetyss\u00e4\u00e4nn\u00f6t ja hallinnoi puhelinluetteloita.<\/li>\n<\/ul>\n<p data-sourcepos=\"63:1-63:35\"><strong>Edistyneet puhelinominaisuudet:<\/strong><\/p>\n<ul data-sourcepos=\"65:1-66:0\">\n<li data-sourcepos=\"65:1-66:0\">Tuki SIP-runkoille, virtuaalinumeroille ja softphone-toiminnolle saumattomaan viestint\u00e4\u00e4n.<\/li>\n<\/ul>\n<p data-sourcepos=\"67:1-67:25\"><strong>Turvallisuusty\u00f6kalut:<\/strong><\/p>\n<ul data-sourcepos=\"69:1-70:0\">\n<li data-sourcepos=\"69:1-70:0\">Integrointi h\u00e4t\u00e4puhelulaitteiden kanssa, hissin k\u00e4ytt\u00f6oikeuksien hallinta ja rajoitettujen alueiden valvonta.<\/li>\n<\/ul>\n<h2 data-sourcepos=\"71:1-71:32\">Miten ilmoitamme k\u00e4ytt\u00e4jille?<\/h2>\n<p data-sourcepos=\"73:1-73:92\">Olemme laatineet useita ilmoituksia, jotka opastavat sinua siirtymisen jokaisessa vaiheessa:<\/p>\n<ul data-sourcepos=\"75:1-79:0\">\n<li data-sourcepos=\"75:1-75:153\"><strong>Tiedotus s\u00e4hk\u00f6postitse:<\/strong> Saat s\u00e4hk\u00f6postia, jossa kerrotaan muutoksista, siirtymisen aikataulusta, Linkin eduista ja vaiheittaisista siirto-ohjeista.<\/li>\n<li data-sourcepos=\"76:1-76:123\"><strong>Rekister\u00f6itymiskutsut:<\/strong> Tietojen siirron j\u00e4lkeen saat kutsun rekister\u00f6itymisen loppuunsaattamiseksi uudella alustalla.<\/li>\n<li data-sourcepos=\"77:1-77:144\"><strong>Muistutukset:<\/strong> Tarvittaessa l\u00e4het\u00e4mme muistutuksia varmistaaksemme, ett\u00e4 suoritat asennuksen loppuun ja alat k\u00e4ytt\u00e4\u00e4 Linkki\u00e4 viivytyksett\u00e4.<\/li>\n<li data-sourcepos=\"78:1-79:0\"><strong>K\u00e4ytt\u00e4j\u00e4tuki:<\/strong> Tiimimme on k\u00e4ytett\u00e4viss\u00e4 vastaamaan kysymyksiisi s\u00e4hk\u00f6postitse ja muiden tukikanavien kautta.<\/li>\n<\/ul>\n<h2 data-sourcepos=\"80:1-80:56\">Siirtyminen Intercomista Linkkiin: Vaiheittainen opas<\/h2>\n<p data-sourcepos=\"82:1-82:267\">Sujuvan siirtymisen varmistamiseksi saat kutsun liitty\u00e4 uuteen Linkki-palvelimeen 20.-25. helmikuuta v\u00e4lisen\u00e4 aikana. T\u00e4m\u00e4 kutsu l\u00e4hetet\u00e4\u00e4n s\u00e4hk\u00f6postiosoitteeseen, jota k\u00e4ytit Intercomiin rekister\u00f6itymiseen. Tarkista postilaatikkosi (ja roskapostikansio) t\u00e4n\u00e4 aikana.<\/p>\n<h2 data-sourcepos=\"84:1-84:29\">Aloittaminen Linkin kanssa<\/h2>\n<ol data-sourcepos=\"86:1-90:0\">\n<li data-sourcepos=\"86:1-86:87\"><strong>Hyv\u00e4ksy kutsu:<\/strong> Napsauta kutsus\u00e4hk\u00f6postin linkki\u00e4 p\u00e4\u00e4st\u00e4ksesi Linkki-palvelimeen.<\/li>\n<li data-sourcepos=\"87:1-87:76\"><strong>Luo salasana:<\/strong> Sinua pyydet\u00e4\u00e4n luomaan uusi salasana Linkki-tilillesi.<\/li>\n<li data-sourcepos=\"88:1-88:148\"><strong>Kirjaudu sis\u00e4\u00e4n:<\/strong> Kun olet luonut salasanan, voit kirjautua Linkki-palvelimeen rekister\u00f6idyll\u00e4 s\u00e4hk\u00f6postiosoitteellasi ja uudella salasanalla.<\/li>\n<li data-sourcepos=\"89:1-90:0\"><strong>Noudata asennusohjeita:<\/strong> Kirjautumisen j\u00e4lkeen sinut ohjataan asennusprosessin l\u00e4pi. Ohjeet vaihtelevat k\u00e4ytt\u00e4j\u00e4tyypin ja laitteiden mukaan.<\/li>\n<\/ol>\n<h2 data-sourcepos=\"91:1-91:27\">K\u00e4ytt\u00e4j\u00e4kohtaiset ohjeet<\/h2>\n<p data-sourcepos=\"93:1-93:98\">Siirtymisprosessin helpottamiseksi olemme laatineet yksityiskohtaiset ohjeet eri k\u00e4ytt\u00e4j\u00e4ryhmille:<\/p>\n<p data-sourcepos=\"95:1-95:14\"><strong>Kumppanit<\/strong><strong style=\"font-size: revert; color: initial;\">:<\/strong><\/p>\n<div id=\"model-response-message-contentr_7cc64dd4d44cdcb4\" class=\"markdown markdown-main-panel\" dir=\"ltr\">\n<ul>\n<li><a href=\"https:\/\/basip.atlassian.net\/wiki\/spaces\/migrationtothelink\/pages\/354812908\" target=\"_blank\" rel=\"noopener\">Uusien laitteiden omistajat tai niiden asennuksesta vastaavat henkil\u00f6t<\/a><\/li>\n<li><a href=\"https:\/\/basip.atlassian.net\/wiki\/spaces\/migrationtothelink\/pages\/354713882\" target=\"_blank\" rel=\"noopener\">Vanhojen laitteiden omistajat (tai niiden asennuksesta vastaavat), joita ei voi yhdist\u00e4\u00e4 uuteen Link-palvelimeen<\/a><\/li>\n<li><a style=\"font-size: revert;\" href=\"https:\/\/basip.atlassian.net\/wiki\/spaces\/migrationtothelink\/pages\/354877460\" target=\"_blank\" rel=\"noopener\">Vanhojen laitteiden omistajat (tai niiden asennuksesta vastaavat), jotka tukevat yhteytt\u00e4 uuteen Link-palvelimeen<\/a><\/li>\n<\/ul>\n<p><strong>Asuinkompleksien asukkaat tai yksityisasiakkaat:<\/strong><\/p>\n<ul>\n<li><a href=\"https:\/\/basip.atlassian.net\/wiki\/spaces\/migrationtothelink\/pages\/354713902\" target=\"_blank\" rel=\"noopener\">Intercom-k\u00e4ytt\u00e4j\u00e4t, joilla ei ole ovipuhelinta, mutta joilla on mobiilisovellus<\/a><\/li>\n<li><a href=\"https:\/\/basip.atlassian.net\/wiki\/spaces\/migrationtothelink\/pages\/354713892\" target=\"_blank\" rel=\"noopener\">Intercom-k\u00e4ytt\u00e4j\u00e4t, joilla on sek\u00e4 ovipuhelin ett\u00e4 mobiilisovellus<\/a><\/li>\n<\/ul>\n<p data-sourcepos=\"1:1-1:200\">Kehotamme sinua tutustumaan ohjeisiin, jotka koskevat k\u00e4ytt\u00e4j\u00e4tyyppi\u00e4si ja laitteitasi. Jos sinulla on kysytt\u00e4v\u00e4\u00e4 tai tarvitset apua siirtymisprosessin aikana, \u00e4l\u00e4 ep\u00e4r\u00f6i ottaa yhteytt\u00e4 tukitiimiimme.<\/p>\n<p data-sourcepos=\"3:1-3:132\">Olemme vakuuttuneita siit\u00e4, ett\u00e4 tulet nauttimaan Linkin tarjoamasta parannetusta viestint\u00e4kokemuksesta. Kiitos jatkuvasta tuestasi!<\/p>\n<p data-sourcepos=\"5:1-5:20\">Tervetuloa Linkkiin!<\/p>\n<\/div>\n\n<!-- START Block Sign Up --><section id=\"block_629678229e935\" class=\"sign-up-section\">\r\n\r\n    <div class=\"form-holder js-form\" data-aos=\"fade-right\">\r\n                    <div class=\"title-block h3\">Sign up for connection<\/div>\r\n        \r\n                    <div class=\"text-block\">\r\n                Filling out all the information needed to answer you as quickly as possible            <\/div>\r\n        \r\n                    \n<div class=\"wpcf7 no-js\" id=\"wpcf7-f102-o1\" lang=\"en-US\" dir=\"ltr\">\n<div class=\"screen-reader-response\"><p role=\"status\" aria-live=\"polite\" aria-atomic=\"true\"><\/p> <ul><\/ul><\/div>\n<form action=\"\/fi\/wp-json\/wp\/v2\/pages\/131211#wpcf7-f102-o1\" method=\"post\" class=\"wpcf7-form init\" aria-label=\"Contact form\" enctype=\"multipart\/form-data\" novalidate=\"novalidate\" data-status=\"init\">\n<div style=\"display: none;\">\n<input type=\"hidden\" name=\"_wpcf7\" value=\"102\" \/>\n<input type=\"hidden\" name=\"_wpcf7_version\" value=\"5.8.3\" \/>\n<input type=\"hidden\" name=\"_wpcf7_locale\" value=\"en_US\" \/>\n<input type=\"hidden\" name=\"_wpcf7_unit_tag\" value=\"wpcf7-f102-o1\" \/>\n<input type=\"hidden\" name=\"_wpcf7_container_post\" value=\"0\" \/>\n<input type=\"hidden\" name=\"_wpcf7_posted_data_hash\" value=\"\" \/>\n<input type=\"hidden\" name=\"_wpcf7_recaptcha_response\" value=\"\" \/>\n<\/div>\n<div class=\"row\"> \n <label><span class=\"label-text\">Name<\/span> \n  <span class=\"wpcf7-form-control-wrap\" data-name=\"text-full-name\"><input size=\"40\" class=\"wpcf7-form-control wpcf7-text wpcf7-validates-as-required\" aria-required=\"true\" aria-invalid=\"false\" placeholder=\"Name\" value=\"\" type=\"text\" name=\"text-full-name\" \/><\/span><\/label> \n<\/div> \n<div class=\"row\"> \n <label><span class=\"label-text\">Phone*<\/span> \n<span class=\"wpcf7-form-control-wrap\" data-name=\"phonetext-270\"><input size=\"40\" class=\"wpcf7-form-control wpcf7-phonetext wpcf7-validates-as-required wpcf7-text wpcf7-validates-as-phonetext\" aria-required=\"true\" aria-invalid=\"false\" placeholder=\"Phone*\" value=\"\" type=\"text\" name=\"phonetext-270\" \/><input type=\"hidden\" name=\"phonetext-270-country-code\" class=\"wpcf7-phonetext-country-code\" \/><\/span><\/label> \n<\/div> \n<div class=\"row\"> \n <label><span class=\"label-text\">E-mail<\/span> \n  <span class=\"wpcf7-form-control-wrap\" data-name=\"email-e-mail\"><input size=\"40\" class=\"wpcf7-form-control wpcf7-email wpcf7-validates-as-required wpcf7-text wpcf7-validates-as-email\" aria-required=\"true\" aria-invalid=\"false\" placeholder=\"E-mail\" value=\"\" type=\"email\" name=\"email-e-mail\" \/><\/span><\/label> \n<\/div> \n<div class=\"row\"><span>Your country<\/span> \n <label><span class=\"wpcf7-form-control-wrap\" data-name=\"countrytext-126\"><input size=\"40\" class=\"wpcf7-form-control wpcf7-countrytext wpcf7-text wpcf7-validates-as-countrytext\" aria-invalid=\"false\" value=\"\" type=\"text\" name=\"countrytext-126\" \/><\/span> <\/label>\n<\/div> \n<div class=\"row\"> \n <button type=\"submit\" class=\"btn\">Send<\/button> \n<\/div> \n<div class=\"row\"> \n <span class=\"wpcf7-form-control-wrap\" data-name=\"checkbox-931\"><span class=\"wpcf7-form-control wpcf7-checkbox\"><span class=\"wpcf7-list-item first\"><label><input type=\"checkbox\" name=\"checkbox-931[]\" value=\"Integrator\" \/><span class=\"wpcf7-list-item-label\">Integrator<\/span><\/label><\/span><span class=\"wpcf7-list-item\"><label><input type=\"checkbox\" name=\"checkbox-931[]\" value=\"Builder\" \/><span class=\"wpcf7-list-item-label\">Builder<\/span><\/label><\/span><span class=\"wpcf7-list-item last\"><label><input type=\"checkbox\" name=\"checkbox-931[]\" value=\"End-User\" \/><span class=\"wpcf7-list-item-label\">End-User<\/span><\/label><\/span><\/span><\/span> \n<\/div> \n<div class=\"row row-upload-file\"> \n <label class=\"upload-file-block js-upload-file\">Attach file \n  <span class=\"wpcf7-form-control-wrap\" data-name=\"file-466\"><input size=\"40\" class=\"wpcf7-form-control wpcf7-file\" accept=\"audio\/*,video\/*,image\/*\" aria-invalid=\"false\" type=\"file\" name=\"file-466\" \/><\/span><\/label> \n<\/div><input type='hidden' class='wpcf7-pum' value='{\"closepopup\":false,\"closedelay\":0,\"openpopup\":false,\"openpopup_id\":0}' \/><div class=\"wpcf7-response-output\" aria-hidden=\"true\"><\/div>\n<\/form>\n<\/div>\n            <\/div>\r\n\r\n\t\t    <div class=\"text-holder\" data-aos=\"fade-left\">\r\n\t\t\t\t\t\t    <h3 class=\"title-block\">How Can We Help?<\/h3>\r\n\t\t\t\r\n\t\t\t                <div class=\"text-block\">\r\n                    Please select a topic below related to your inquiry. If you don&#8217;t find what you need, fill out our contact form.                <\/div>\r\n\t\t\t\r\n\t\t\t\t\t\t    <ul class=\"link-list\">\r\n\t\t\t\t\t\t\t\t\t\t\t\t\t\t\t\t\t\t<li>\r\n\t\t\t\t\t\t\t\t\t\t\t\t\t\t\t\t    <strong>Get Inspired<\/strong>\r\n\t\t\t\t\t\t\t\t\t\t\t\t\t\t\t\t\t\t\t\t\t\t\t\t    <a href=\"\/features\/\">\r\n\t\t\t\t\t\t\t\t        Discover what&#8217;s beneath our intercom\t\t\t\t\t\t\t\t    <\/a>\r\n\t\t\t\t\t\t\t\t\t\t\t\t\t\t\t<\/li>\r\n\t\t\t\t\t\t\t\t\t\t\t\t\t\t\t\t\t\t\t\t\t\t\t\t<li>\r\n\t\t\t\t\t\t\t\t\t\t\t\t\t\t\t\t    <strong>Become a Partner<\/strong>\r\n\t\t\t\t\t\t\t\t\t\t\t\t\t\t\t\t\t\t\t\t\t\t\t\t    <a href=\"\/distributors\/\">\r\n\t\t\t\t\t\t\t\t        Expand your business with BAS-IP intercom\t\t\t\t\t\t\t\t    <\/a>\r\n\t\t\t\t\t\t\t\t\t\t\t\t\t\t\t<\/li>\r\n\t\t\t\t\t\t\t\t\t\t\t\t\t\t\t\t\t\t\t\t\t\t\t\t<li>\r\n\t\t\t\t\t\t\t\t\t\t\t\t\t\t\t\t    <strong>Check the Guides<\/strong>\r\n\t\t\t\t\t\t\t\t\t\t\t\t\t\t\t\t\t\t\t\t\t\t\t\t    <a href=\"\/support\/\">\r\n\t\t\t\t\t\t\t\t        Download detailed manuals and schemes\t\t\t\t\t\t\t\t    <\/a>\r\n\t\t\t\t\t\t\t\t\t\t\t\t\t\t\t<\/li>\r\n\t\t\t\t\t\t\t\t\t\t\t\t\t\t\t<\/ul>\r\n\t\t\t\r\n\t\t\t\t\t\t    <h3 class=\"title-block\">Our contacts<\/h3>\r\n\t\t\t\r\n\t\t\t\t\t\t\t<ul class=\"contact-list\">\r\n\t\t\t\t\t\t\t\t\t\t\t\t\t\t\t\t\t\t<li>\r\n\t\t\t\t\t\t\t\t\t\t\t\t\t\t\t\t\t<strong>Sales:<\/strong>\r\n\t\t\t\t\t\t\t\t\t\t\t\t\t\t\t\t\t\t\t\t\t\t\t\t    <a href=\"mailto:s&#97;&#108;&#101;&#115;&#64;b&#97;&#115;-&#105;p&#46;com\">&#115;&#97;l&#101;&#115;&#64;bas-&#105;&#112;&#46;&#99;&#111;&#109;<\/a>\r\n\t\t\t\t\t\t\t\t\t\t\t\t\t\t\t<\/li>\r\n\t\t\t\t\t\t\t\t\t\t\t\t\t\t\t\t\t\t\t\t\t\t\t\t<li>\r\n\t\t\t\t\t\t\t\t\t\t\t\t\t\t\t\t\t<strong>Technical support:<\/strong>\r\n\t\t\t\t\t\t\t\t\t\t\t\t\t\t\t\t\t\t\t\t\t\t\t\t    <a href=\"mailto:&#115;uppor&#116;&#64;&#98;&#97;s-i&#112;&#46;co&#109;\">su&#112;p&#111;&#114;t&#64;&#98;a&#115;&#45;i&#112;.c&#111;&#109;<\/a>\r\n\t\t\t\t\t\t\t\t\t\t\t\t\t\t\t<\/li>\r\n\t\t\t\t\t\t\t\t\t\t\t\t\t\t\t<\/ul>\r\n\t\t\t\t\t<\/div>\r\n\t<\/section>\r\n\r\n\r\n\r\n<!-- END Block Sign Up -->","protected":false},"excerpt":{"rendered":"<p>Intercom siirtyy Linkkiin: Mit\u00e4 t\u00e4m\u00e4 tarkoittaa sinulle?\u00a0 \u00a0 Maaliskuuta 4 2025 alkaen Intercomin Android-sovellus ei ole en\u00e4\u00e4 saatavilla Google Play Kaupassa. Verkkoversio ja iOS-sovellus toimivat kuitenkin edelleen ilman muutoksia, ja Intercomin palvelimet pysyv\u00e4t aktiivisina vakauden ja tietojesi saatavuuden varmistamiseksi, kunnes palvelintuki p\u00e4\u00e4ttyy. Pyyd\u00e4mme sinua siirtym\u00e4\u00e4n Linkkiin &#8211; tehokkaaseen ratkaisuun, joka on suunniteltu mukavuuttasi ajatellen. Alusta [&hellip;]<\/p>","protected":false},"author":1,"featured_media":0,"parent":0,"menu_order":0,"comment_status":"closed","ping_status":"closed","template":"","meta":{"inline_featured_image":false,"footnotes":""},"class_list":["post-131211","page","type-page","status-publish","hentry"],"acf":[],"_links":{"self":[{"href":"https:\/\/bas-ip.com\/fi\/wp-json\/wp\/v2\/pages\/131211","targetHints":{"allow":["GET"]}}],"collection":[{"href":"https:\/\/bas-ip.com\/fi\/wp-json\/wp\/v2\/pages"}],"about":[{"href":"https:\/\/bas-ip.com\/fi\/wp-json\/wp\/v2\/types\/page"}],"author":[{"embeddable":true,"href":"https:\/\/bas-ip.com\/fi\/wp-json\/wp\/v2\/users\/1"}],"replies":[{"embeddable":true,"href":"https:\/\/bas-ip.com\/fi\/wp-json\/wp\/v2\/comments?post=131211"}],"version-history":[{"count":3,"href":"https:\/\/bas-ip.com\/fi\/wp-json\/wp\/v2\/pages\/131211\/revisions"}],"predecessor-version":[{"id":131503,"href":"https:\/\/bas-ip.com\/fi\/wp-json\/wp\/v2\/pages\/131211\/revisions\/131503"}],"wp:attachment":[{"href":"https:\/\/bas-ip.com\/fi\/wp-json\/wp\/v2\/media?parent=131211"}],"curies":[{"name":"wp","href":"https:\/\/api.w.org\/{rel}","templated":true}]}}