{"id":123037,"date":"2023-03-31T12:50:05","date_gmt":"2023-03-31T12:50:05","guid":{"rendered":"https:\/\/bas-ip.com\/?page_id=123037"},"modified":"2025-03-14T09:56:54","modified_gmt":"2025-03-14T09:56:54","slug":"hissi-hissi","status":"publish","type":"page","link":"https:\/\/bas-ip.com\/fi\/hissi\/","title":{"rendered":"Hissi"},"content":{"rendered":"<h1 class=\"wp-block-heading\"><strong>IP-tekniikkaan perustuva hissien sis\u00e4puhelin<\/strong><\/h1>\n\n\n\n<p>Jatkuvasti verkottuneessa maailmassa viestinn\u00e4st\u00e4 on tullut ensiarvoisen t\u00e4rke\u00e4\u00e4. T\u00e4m\u00e4 p\u00e4tee erityisesti ymp\u00e4rist\u00f6iss\u00e4, joissa turvallisuus ja esteett\u00f6myys ovat ratkaisevan t\u00e4rkeit\u00e4, kuten hisseiss\u00e4. Hissien sis\u00e4puhelinj\u00e4rjestelm\u00e4ll\u00e4 on t\u00e4rke\u00e4 rooli matkustajien hyvinvoinnin varmistamisessa, ja sit\u00e4 pidet\u00e4\u00e4n yh\u00e4 useammin pakollisena ominaisuutena. Tutustutaanpa BAS-IP IP-pohjaisten hissien sis\u00e4puhelinj\u00e4rjestelmien k\u00e4yt\u00f6n etuihin ja siihen, miten ne mullistavat hissikokemuksen.<\/p>\n\n\n<!-- START Block Features --><section id=\"block_6437d003aff43\" class=\"features-section\">\r\n\t\r\n    <div class=\"features-list\">\r\n                    <div class=\"features-item\" data-aos=\"fade-up\">\r\n    <div class=\"features-box\">\r\n                    <div class=\"image-holder\">\r\n                <img loading=\"lazy\" decoding=\"async\" width=\"350\" height=\"320\" src=\"https:\/\/bas-ip.com\/wp-content\/uploads\/2023\/04\/1-6-350x320.jpg\" class=\"attachment-thumbnail_350x320 size-thumbnail_350x320\" alt=\"\" \/>            <\/div>\r\n        \r\n        <div class=\"text-holder\">\r\n                        <h3 class=\"title-block\">Sis\u00e4puhelinten tarve hisseiss\u00e4<\/h3>\r\n          \r\n                        <div class=\"text-block\">\r\n                <p>Hissien sis\u00e4puhelimet toimivat matkustajien pelastusrenkaana h\u00e4t\u00e4tapauksissa tai teknisiss\u00e4 ongelmissa. Ne tarjoavat suoran viestint\u00e4kanavan rakennuksen johtoon tai h\u00e4t\u00e4palveluihin, mik\u00e4 takaa nopean avun tarpeen vaatiessa. Luotettava ja tehokas sis\u00e4puhelinj\u00e4rjestelm\u00e4 hisseiss\u00e4 on olennaisen t\u00e4rke\u00e4 turvallisuusstandardien yll\u00e4pit\u00e4miseksi ja matkustajien rauhoittamiseksi.<\/p>\n              <\/div>\r\n                  <\/div>\r\n    <\/div>\r\n<\/div>\r\n                    <div class=\"features-item\" data-aos=\"fade-up\">\r\n    <div class=\"features-box\">\r\n                    <div class=\"image-holder\">\r\n                <img loading=\"lazy\" decoding=\"async\" width=\"350\" height=\"320\" src=\"https:\/\/bas-ip.com\/wp-content\/uploads\/2023\/04\/2-6-350x320.jpg\" class=\"attachment-thumbnail_350x320 size-thumbnail_350x320\" alt=\"\" \/>            <\/div>\r\n        \r\n        <div class=\"text-holder\">\r\n                        <h3 class=\"title-block\">IP-pohjaiset sis\u00e4puhelimet: Askel perinteisten j\u00e4rjestelmien yl\u00e4puolella<\/h3>\r\n          \r\n                        <div class=\"text-block\">\r\n                <p>Perinteiset analogiset sis\u00e4puhelinj\u00e4rjestelm\u00e4t ovat olleet standardi jo vuosia. IP-pohjaiset ratkaisut, joissa hy\u00f6dynnet\u00e4\u00e4n Internet-protokollaa (IP) ja SIP-protokollaa (Session Initiation Protocol), ovat kuitenkin aiheuttaneet paradigman muutoksen tavassa kommunikoida hisseiss\u00e4.<\/p>\n              <\/div>\r\n                  <\/div>\r\n    <\/div>\r\n<\/div>\r\n                    <div class=\"features-item\" data-aos=\"fade-up\">\r\n    <div class=\"features-box\">\r\n                    <div class=\"image-holder\">\r\n                <img loading=\"lazy\" decoding=\"async\" width=\"350\" height=\"320\" src=\"https:\/\/bas-ip.com\/wp-content\/uploads\/2023\/04\/3-6-350x320.jpg\" class=\"attachment-thumbnail_350x320 size-thumbnail_350x320\" alt=\"\" \/>            <\/div>\r\n        \r\n        <div class=\"text-holder\">\r\n                        <h3 class=\"title-block\">Yhteisty\u00f6t\u00e4 maailmanlaajuisten hissivalmistajien kanssa<\/h3>\r\n          \r\n                        <div class=\"text-block\">\r\n                <p>BAS-IP on solminut kumppanuuksia johtavien hissien valmistajien, kuten Koneen, kanssa tarjotakseen saumattoman integroinnin niiden tuotteisiin. T\u00e4m\u00e4 yhteisty\u00f6 mahdollistaa Kone-hissien t\u00e4ydellisen hallinnan asuntoihin asennetuista BAS-IP:n sis\u00e4puhelimista, mik\u00e4 luo yhten\u00e4isen ja virtaviivaistetun k\u00e4ytt\u00f6kokemuksen.<\/p>\n              <\/div>\r\n                  <\/div>\r\n    <\/div>\r\n<\/div>\r\n            <\/div>\r\n<\/section>\r\n<!-- END Block Features -->\n\n\n<h2 class=\"wp-block-heading\"><strong>BAS-IP-hissin sis\u00e4puhelimien edut<\/strong><\/h2>\n\n\n\n<p>Perinteisiin analogisiin j\u00e4rjestelmiin verrattuna IP-pohjaiset hissien sis\u00e4puhelimet, kuten BAS-IP-ratkaisu, tarjoavat useita etuja:<\/p>\n\n\n<!-- START Block Features --><section id=\"block_6437d09daff47\" class=\"features-section\">\r\n\t\r\n    <div class=\"features-list\">\r\n                    <div class=\"features-item\" data-aos=\"fade-up\">\r\n    <div class=\"features-box\">\r\n                    <div class=\"image-holder\">\r\n                <img loading=\"lazy\" decoding=\"async\" width=\"350\" height=\"320\" src=\"https:\/\/bas-ip.com\/wp-content\/uploads\/2023\/04\/4-6-350x320.jpg\" class=\"attachment-thumbnail_350x320 size-thumbnail_350x320\" alt=\"\" \/>            <\/div>\r\n        \r\n        <div class=\"text-holder\">\r\n                        <h3 class=\"title-block\">Parannettu \u00e4\u00e4nen ja videon laatu<\/h3>\r\n          \r\n                        <div class=\"text-block\">\r\n                <p>BAS-IP-v\u00e4lipuhelimissa on sis\u00e4\u00e4nrakennetut kamerat, jotka varmistavat, ett\u00e4 rakennuksen johto ja turvallisuushenkil\u00f6st\u00f6 voivat seurata hissitoimintaa reaaliajassa. T\u00e4m\u00e4 ominaisuus ei ainoastaan paranna rakennuksen yleist\u00e4 turvallisuutta vaan toimii my\u00f6s pelotteena mahdollisille rikoksentekij\u00f6ille.<\/p>\n              <\/div>\r\n                  <\/div>\r\n    <\/div>\r\n<\/div>\r\n                    <div class=\"features-item\" data-aos=\"fade-up\">\r\n    <div class=\"features-box\">\r\n                    <div class=\"image-holder\">\r\n                <img loading=\"lazy\" decoding=\"async\" width=\"350\" height=\"320\" src=\"https:\/\/bas-ip.com\/wp-content\/uploads\/2023\/04\/5-6-350x320.jpg\" class=\"attachment-thumbnail_350x320 size-thumbnail_350x320\" alt=\"\" \/>            <\/div>\r\n        \r\n        <div class=\"text-holder\">\r\n                        <h3 class=\"title-block\">Rajoittamaton m\u00e4\u00e4r\u00e4 laitteita ja concierge-p\u00e4\u00e4tetuki<\/h3>\r\n          \r\n                        <div class=\"text-block\">\r\n                <p>BAS-IP-ratkaisu tukee rajoittamatonta laitem\u00e4\u00e4r\u00e4\u00e4 verkossa, mukaan lukien concierge-p\u00e4\u00e4tteen integrointi. T\u00e4m\u00e4 skaalautuvuus varmistaa, ett\u00e4 j\u00e4rjestelm\u00e4 voi kasvaa rakennuksen mukana ja mukautua vaatimuksissa tapahtuviin muutoksiin suorituskyvyst\u00e4 tai luotettavuudesta tinkim\u00e4tt\u00e4.<\/p>\n              <\/div>\r\n                  <\/div>\r\n    <\/div>\r\n<\/div>\r\n                    <div class=\"features-item\" data-aos=\"fade-up\">\r\n    <div class=\"features-box\">\r\n                    <div class=\"image-holder\">\r\n                <img loading=\"lazy\" decoding=\"async\" width=\"350\" height=\"320\" src=\"https:\/\/bas-ip.com\/wp-content\/uploads\/2023\/04\/6-5-350x320.jpg\" class=\"attachment-thumbnail_350x320 size-thumbnail_350x320\" alt=\"\" \/>            <\/div>\r\n        \r\n        <div class=\"text-holder\">\r\n                        <h3 class=\"title-block\">Helpompi asennus ja huolto<\/h3>\r\n          \r\n                        <div class=\"text-block\">\r\n                <p>IP-hissin sis\u00e4puhelimet hy\u00f6dynt\u00e4v\u00e4t olemassa olevaa verkkoinfrastruktuuria, mik\u00e4 tekee niiden asentamisesta ja yll\u00e4pidosta yksinkertaisempaa ja kustannustehokkaampaa.<\/p>\n<p>Nykyisess\u00e4 yh\u00e4 verkottuneemmassa maailmassa tehokkaan ja luotettavan viestinn\u00e4n tarvetta hisseiss\u00e4 ei voi korostaa liikaa. IP-pohjaiset hissien sis\u00e4puhelinj\u00e4rjestelm\u00e4t, kuten BAS-IP-ratkaisu, ovat nousseet kultaiseksi standardiksi t\u00e4ll\u00e4 alalla, ja ne tarjoavat lukuisia etuja perinteisiin analogisiin j\u00e4rjestelmiin verrattuna. IP-sis\u00e4puhelimet ovat muuttamassa hissikokemusta parempaan suuntaan aina paremmasta \u00e4\u00e4nen- ja kuvanlaadusta saumattomaan integrointiin muiden rakennusten hallintaj\u00e4rjestelmien kanssa. T\u00e4m\u00e4n ansiosta rakennusten omistajat, hallinnoijat ja asukkaat voivat nauttia suuremmasta turvallisuudesta, mukavuudesta ja mielenrauhasta.<\/p>\n              <\/div>\r\n                  <\/div>\r\n    <\/div>\r\n<\/div>\r\n            <\/div>\r\n<\/section>\r\n<!-- END Block Features -->\n\n<!-- START Block FAQ --><section id=\"block_6426d69cbc4a0\" class=\"faq-section\">\r\n\t\t    <h2 class=\"title-section\" data-aos=\"fade-right\">Usein kysytyt kysymykset<\/h2>\r\n\t\t\t    <div class=\"faq-list js-accordion\" data-aos=\"fade-up\">\r\n\t\t\t\t\t\t\t\t\t\t\t    <div class=\"accordion-item faq-item\">\r\n                        <div class=\"accordion-opener\">\r\n                            Q: Miksi hissien sis\u00e4puhelinten katsotaan olevan pakollisia?                            <i class=\"fa-solid fa-chevron-down\"><\/i>\r\n                        <\/div>\r\n                        <div class=\"accordion-slide\">\r\n\t\t\t\t\t\t    <p>Hissien sis\u00e4puhelimia pidet\u00e4\u00e4n pakollisina, koska ne tarjoavat suoran viestint\u00e4kanavan matkustajien ja rakennuksen johdon tai h\u00e4t\u00e4palveluiden v\u00e4lille, mik\u00e4 takaa oikea-aikaisen avun h\u00e4t\u00e4tilanteissa tai teknisiss\u00e4 ongelmissa.<\/p>\n                        <\/div>\r\n\t\t\t\t\t<\/div>\r\n\t\t\t\t\t\t\t\t\t\t\t\t\t\t\t    <div class=\"accordion-item faq-item\">\r\n                        <div class=\"accordion-opener\">\r\n                            Q: Mik\u00e4 tekee IP-pohjaisista hissipuhelimesta parempia kuin perinteiset analogiset j\u00e4rjestelm\u00e4t?                            <i class=\"fa-solid fa-chevron-down\"><\/i>\r\n                        <\/div>\r\n                        <div class=\"accordion-slide\">\r\n\t\t\t\t\t\t    <p>IP-pohjaiset hissien sis\u00e4puhelimet, kuten BAS-IP-ratkaisu, tarjoavat useita etuja perinteisiin analogisiin j\u00e4rjestelmiin verrattuna, kuten paremman \u00e4\u00e4nen- ja kuvanlaadun, skaalautuvuuden, helpomman asennuksen ja yll\u00e4pidon, sis\u00e4\u00e4nrakennetut kameraominaisuudet ja saumattoman integraation muiden IP-pohjaisten j\u00e4rjestelmien kanssa.<\/p>\n                        <\/div>\r\n\t\t\t\t\t<\/div>\r\n\t\t\t\t\t\t\t\t\t\t\t\t\t\t\t    <div class=\"accordion-item faq-item\">\r\n                        <div class=\"accordion-opener\">\r\n                            Q: Miten IP-puhelimen sis\u00e4\u00e4nrakennettu kameraominaisuus parantaa hissien turvallisuutta?                            <i class=\"fa-solid fa-chevron-down\"><\/i>\r\n                        <\/div>\r\n                        <div class=\"accordion-slide\">\r\n\t\t\t\t\t\t    <p>IP-intercomien sis\u00e4\u00e4nrakennetun kameraominaisuuden ansiosta rakennuksen johto ja turvallisuushenkil\u00f6st\u00f6 voivat seurata hissitoimintaa reaaliajassa. T\u00e4m\u00e4 lis\u00e4turvakerros voi toimia pelotteena mahdollisille rikoksentekij\u00f6ille ja antaa visuaalisia todisteita mahdollisissa vaaratilanteissa.<\/p>\n                        <\/div>\r\n\t\t\t\t\t<\/div>\r\n\t\t\t\t\t\t\t\t\t\t\t\t\t\t\t    <div class=\"accordion-item faq-item\">\r\n                        <div class=\"accordion-opener\">\r\n                            Q: Voivatko IP-pohjaiset hissipuhelimet toimia muiden kiinteist\u00f6nhallintaj\u00e4rjestelmien kanssa?                            <i class=\"fa-solid fa-chevron-down\"><\/i>\r\n                        <\/div>\r\n                        <div class=\"accordion-slide\">\r\n\t\t\t\t\t\t    <p>Kyll\u00e4, IP-pohjaiset hissien sis\u00e4puhelimet on suunniteltu integroitaviksi saumattomasti muihin IP-pohjaisiin rakennuksen hallintaj\u00e4rjestelmiin. N\u00e4in rakennusten hallinnan ekosysteemi on kytketympi ja tehokkaampi, mik\u00e4 parantaa yleist\u00e4 turvallisuutta ja mukavuutta.<\/p>\n                        <\/div>\r\n\t\t\t\t\t<\/div>\r\n\t\t\t\t\t\t\t\t\t\t\t\t\t\t\t    <div class=\"accordion-item faq-item\">\r\n                        <div class=\"accordion-opener\">\r\n                            Q: Miten BAS-IP:n ja Koneen kaltaisten hissivalmistajien yhteisty\u00f6 hy\u00f6dytt\u00e4\u00e4 k\u00e4ytt\u00e4ji\u00e4?                            <i class=\"fa-solid fa-chevron-down\"><\/i>\r\n                        <\/div>\r\n                        <div class=\"accordion-slide\">\r\n\t\t\t\t\t\t    <p>BAS-IP:n ja Koneen kaltaisten hissien valmistajien v\u00e4linen kumppanuus mahdollistaa niiden tuotteiden saumattoman integroinnin. Yhteisty\u00f6 mahdollistaa Kone-hissien t\u00e4ydellisen hallinnan asuntoihin asennetuista BAS-IP:n sis\u00e4puhelimista, mik\u00e4 tarjoaa yhten\u00e4isen ja virtaviivaistetun k\u00e4ytt\u00f6kokemuksen.<\/p>\n                        <\/div>\r\n\t\t\t\t\t<\/div>\r\n\t\t\t\t\t\t\t\t\t<\/div>\r\n\t<\/section>\r\n<!-- END Block FAQ -->","protected":false},"excerpt":{"rendered":"<p>IP-tekniikkaan perustuva hissien sis\u00e4puhelin Jatkuvasti verkottuneessa maailmassa viestinn\u00e4st\u00e4 on tullut ensiarvoisen t\u00e4rke\u00e4\u00e4. T\u00e4m\u00e4 p\u00e4tee erityisesti ymp\u00e4rist\u00f6iss\u00e4, joissa turvallisuus ja esteett\u00f6myys ovat ratkaisevan t\u00e4rkeit\u00e4, kuten hisseiss\u00e4. Hissien sis\u00e4puhelinj\u00e4rjestelm\u00e4ll\u00e4 on t\u00e4rke\u00e4 rooli matkustajien hyvinvoinnin varmistamisessa, ja sit\u00e4 pidet\u00e4\u00e4n yh\u00e4 useammin pakollisena ominaisuutena. Tutustutaanpa BAS-IP IP-pohjaisten hissien sis\u00e4puhelinj\u00e4rjestelmien k\u00e4yt\u00f6n etuihin ja siihen, miten ne mullistavat hissikokemuksen. BAS-IP-hissin sis\u00e4puhelimien [&hellip;]<\/p>","protected":false},"author":3,"featured_media":0,"parent":0,"menu_order":0,"comment_status":"closed","ping_status":"closed","template":"","meta":{"inline_featured_image":false,"footnotes":""},"class_list":["post-123037","page","type-page","status-publish","hentry"],"acf":[],"_links":{"self":[{"href":"https:\/\/bas-ip.com\/fi\/wp-json\/wp\/v2\/pages\/123037","targetHints":{"allow":["GET"]}}],"collection":[{"href":"https:\/\/bas-ip.com\/fi\/wp-json\/wp\/v2\/pages"}],"about":[{"href":"https:\/\/bas-ip.com\/fi\/wp-json\/wp\/v2\/types\/page"}],"author":[{"embeddable":true,"href":"https:\/\/bas-ip.com\/fi\/wp-json\/wp\/v2\/users\/3"}],"replies":[{"embeddable":true,"href":"https:\/\/bas-ip.com\/fi\/wp-json\/wp\/v2\/comments?post=123037"}],"version-history":[{"count":3,"href":"https:\/\/bas-ip.com\/fi\/wp-json\/wp\/v2\/pages\/123037\/revisions"}],"predecessor-version":[{"id":133673,"href":"https:\/\/bas-ip.com\/fi\/wp-json\/wp\/v2\/pages\/123037\/revisions\/133673"}],"wp:attachment":[{"href":"https:\/\/bas-ip.com\/fi\/wp-json\/wp\/v2\/media?parent=123037"}],"curies":[{"name":"wp","href":"https:\/\/api.w.org\/{rel}","templated":true}]}}