{"id":122451,"date":"2024-05-15T14:21:12","date_gmt":"2024-05-15T14:21:12","guid":{"rendered":"https:\/\/bas-ip.com\/?page_id=122451"},"modified":"2024-11-05T14:24:08","modified_gmt":"2024-11-05T14:24:08","slug":"firmware-tukipolitiikka","status":"publish","type":"page","link":"https:\/\/bas-ip.com\/fi\/firmware-tukipolitiikka\/","title":{"rendered":"Firmware-tukipolitiikka"},"content":{"rendered":"<p><strong>Laiteohjelmiston yll\u00e4pito<\/strong><\/p>\n\n\n\n<p id=\"block-19b6784e-c79c-4f8e-8e3b-196e6f96cc3f\">BAS-IP voi oman harkintansa mukaan antaa perusohjelmistotukea laitteiston takuuaikana. Takuuaikana BAS-IP voi julkaista laitteistoon huoltoversioita tai vikakorjauksia.<\/p>\n\n\n\n<p id=\"block-4bf55f03-cf47-4e10-9a17-24e7e736d4a0\">Kun takuuaika on p\u00e4\u00e4ttynyt, BAS-IP ei en\u00e4\u00e4 kehit\u00e4, yll\u00e4pid\u00e4 tai testaa kyseist\u00e4 laiteohjelmistoa. BAS-IP voi kuitenkin oman valintansa mukaan ja tuotekohtaisesti tarjota tukea takuuajan p\u00e4\u00e4ttymisen j\u00e4lkeen. Kaikki BAS-IP:n laiteohjelmistot, mukaan lukien mutta ei rajoittuen BAS-IP:n laitteistoon esiasennettuihin laiteohjelmistoihin ja laitteistoihin, joihin sovelletaan RMA-palvelua, toimitetaan sellaisenaan.<\/p>\n\n\n\n<p>BAS-IP-laiteohjelmisto ei kuulu BAS-IP:n takuun piiriin.<\/p>\n\n\n\n<p><\/p>\n\n\n\n<p><\/p>","protected":false},"excerpt":{"rendered":"<p>Laiteohjelmiston yll\u00e4pito BAS-IP voi oman harkintansa mukaan antaa perusohjelmistotukea laitteiston takuuaikana. Takuuaikana BAS-IP voi julkaista laitteistoon huoltoversioita tai vikakorjauksia. Kun takuuaika on p\u00e4\u00e4ttynyt, BAS-IP ei en\u00e4\u00e4 kehit\u00e4, yll\u00e4pid\u00e4 tai testaa kyseist\u00e4 laiteohjelmistoa. BAS-IP voi kuitenkin oman valintansa mukaan ja tuotekohtaisesti tarjota tukea takuuajan p\u00e4\u00e4ttymisen j\u00e4lkeen. Kaikki BAS-IP:n laiteohjelmistot, mukaan lukien mutta ei rajoittuen BAS-IP:n laitteistoon [&hellip;]<\/p>","protected":false},"author":3,"featured_media":0,"parent":0,"menu_order":0,"comment_status":"closed","ping_status":"closed","template":"","meta":{"inline_featured_image":false,"footnotes":""},"class_list":["post-122451","page","type-page","status-publish","hentry"],"acf":[],"_links":{"self":[{"href":"https:\/\/bas-ip.com\/fi\/wp-json\/wp\/v2\/pages\/122451","targetHints":{"allow":["GET"]}}],"collection":[{"href":"https:\/\/bas-ip.com\/fi\/wp-json\/wp\/v2\/pages"}],"about":[{"href":"https:\/\/bas-ip.com\/fi\/wp-json\/wp\/v2\/types\/page"}],"author":[{"embeddable":true,"href":"https:\/\/bas-ip.com\/fi\/wp-json\/wp\/v2\/users\/3"}],"replies":[{"embeddable":true,"href":"https:\/\/bas-ip.com\/fi\/wp-json\/wp\/v2\/comments?post=122451"}],"version-history":[{"count":1,"href":"https:\/\/bas-ip.com\/fi\/wp-json\/wp\/v2\/pages\/122451\/revisions"}],"predecessor-version":[{"id":122452,"href":"https:\/\/bas-ip.com\/fi\/wp-json\/wp\/v2\/pages\/122451\/revisions\/122452"}],"wp:attachment":[{"href":"https:\/\/bas-ip.com\/fi\/wp-json\/wp\/v2\/media?parent=122451"}],"curies":[{"name":"wp","href":"https:\/\/api.w.org\/{rel}","templated":true}]}}