{"id":121685,"date":"2024-02-14T09:43:47","date_gmt":"2024-02-14T09:43:47","guid":{"rendered":"https:\/\/bas-ip.com\/?page_id=121685"},"modified":"2024-11-04T17:05:44","modified_gmt":"2024-11-04T17:05:44","slug":"axis","status":"publish","type":"page","link":"https:\/\/bas-ip.com\/fi\/axis\/","title":{"rendered":"Axis"},"content":{"rendered":"<div class=\"wp-block-image\">\n<figure class=\"aligncenter size-medium\"><img loading=\"lazy\" decoding=\"async\" width=\"300\" height=\"108\" src=\"https:\/\/bas-ip.com\/wp-content\/uploads\/2024\/02\/Axis_Communications_logo.svg-300x108.png\" alt=\"\" class=\"wp-image-108863\" srcset=\"https:\/\/bas-ip.com\/wp-content\/uploads\/2024\/02\/Axis_Communications_logo.svg-300x108.png 300w,  https:\/\/bas-ip.com\/wp-content\/uploads\/2024\/02\/Axis_Communications_logo.svg-1024x369.png 1024w,  https:\/\/bas-ip.com\/wp-content\/uploads\/2024\/02\/Axis_Communications_logo.svg-768x277.png 768w,  https:\/\/bas-ip.com\/wp-content\/uploads\/2024\/02\/Axis_Communications_logo.svg-767x276.png 767w,  https:\/\/bas-ip.com\/wp-content\/uploads\/2024\/02\/Axis_Communications_logo.svg.png 1280w\" sizes=\"auto, (max-width: 300px) 100vw, 300px\" \/><\/figure>\n<\/div>\n\n\n<p>BAS-IP-sis\u00e4puhelimien integrointi AXIS CCTV -kameroiden kanssa erityisesti ALPR-toimintoa (Automatic License Plate Recognition) varten edellytt\u00e4\u00e4 yksinkertaista mutta tehokasta asennusta. Integrointi mahdollistaa saumattoman toiminnan ja kustannustehokkuuden, koska ammattimaista ALPR-ohjelmistoa ei tarvita. T\u00e4ss\u00e4 on yksityiskohtainen kuvaus siit\u00e4, miten t\u00e4m\u00e4 integraatio toimii:<\/p>\n\n\n\n<p><strong>Integroinnin yleiskatsaus<\/strong><\/p>\n\n\n\n<p>Tavoite: Tavoitteena on automatisoida portin avaaminen rekisterikilven tunnistuksen avulla k\u00e4ytt\u00e4m\u00e4ll\u00e4 BAS-IP-intercomia ja AXIS CCTV-kameroita, joissa on ALPR-ominaisuus.<\/p>\n\n\n\n<p><strong>Komponentit:<\/strong><\/p>\n\n\n\n<p><strong>1.<\/strong> BAS-IP-intercom-paneeli: Kehittynyt sis\u00e4puhelinj\u00e4rjestelm\u00e4, joka pystyy integroitumaan IP-kameroihin.<\/p>\n\n\n\n<p id=\"block-3e3bc438-1fa8-475a-bb65-dd9362c598cf\"><strong>2. <\/strong>AXIS-kamera, jossa on ALPR-toiminto: AXIS P1455-LE-3, AXIS P3245-LVE-3 tai AXIS Q1700-LE soveltuvat t\u00e4h\u00e4n integrointiin.<\/p>\n\n\n\n<p><strong>3.<\/strong> Rekisterikilvetietokanta: Tallennettu joko BAS-IP-intercomin ulkopaneelin muistiin tai BAS-IP Link -ohjelmistoon.<\/p>\n\n\n\n<p><strong>Miten se toimii<\/strong><\/p>\n\n\n\n<p><strong>1.<\/strong> Asennus ja asennus: K\u00e4ytt\u00e4j\u00e4 ostaa BAS-IP-intercom-paneelin ja AXIS-kameran, joka on varustettu ALPR-tekniikalla.<\/p>\n\n\n\n<p id=\"block-48876de6-f5cf-4ced-9d87-4001fe181b4f\"><strong>2.<\/strong> Verkon konfigurointi: AXIS-kameran ja BAS-IP-sis\u00e4\u00e4nk\u00e4yntipaneelin on oltava samassa aliverkossa, jotta ne voivat kommunikoida tehokkaasti.<\/p>\n\n\n\n<p id=\"block-a82a8e76-6533-4ae3-9d69-aee8546a7a1a\"><strong>3.<\/strong> Rekisterikilven rekister\u00f6inti: Ajoneuvojen rekisterikilvet rekister\u00f6id\u00e4\u00e4n ja s\u00e4ilytet\u00e4\u00e4n. T\u00e4m\u00e4 voidaan tehd\u00e4 sis\u00e4puhelimen verkkok\u00e4ytt\u00f6liittym\u00e4n tai BAS-IP Link -ohjelmiston kautta.<\/p>\n\n\n\n<p id=\"block-0d871cee-6a48-4d24-83e2-e62091a2475d\"><strong>4.<\/strong> Rekisterikilven skannaus: Kun ajoneuvo l\u00e4hestyy porttia, AXIS-kamera skannaa rekisterikilven.<\/p>\n\n\n\n<p><strong>5.<\/strong> Tunnistaminen ja toiminta: Jos skannattu kilpi vastaa tallennetussa tietokannassa olevaa kilpe\u00e4, BAS-IP-intercom-paneeli k\u00e4ynnist\u00e4\u00e4 portin automaattisen avautumisen.<\/p>\n\n\n\n<p><strong>Edut<\/strong><\/p>\n\n\n\n<p>Kustannustehokas: Kalliita ammattik\u00e4ytt\u00f6\u00f6n tarkoitettuja ALPR-ohjelmistoja ei tarvita.<\/p>\n\n\n\n<p id=\"block-1d11023b-bb02-4a8a-b26d-efc7b652c269\">Helppok\u00e4ytt\u00f6isyys: Yksinkertainen k\u00e4ytt\u00f6\u00f6notto ja rekisterikilpien k\u00e4ytt\u00e4j\u00e4yst\u00e4v\u00e4llinen hallinta verkkok\u00e4ytt\u00f6liittym\u00e4n tai BAS-IP-ohjelmiston kautta.<\/p>\n\n\n\n<p id=\"block-cc3f8171-eb09-48ce-ac4f-edeb30dff026\">Parannettu turvallisuus: Tunnistettuihin rekisterikilpiin perustuva automaattinen porttik\u00e4ytt\u00f6 lis\u00e4\u00e4 turvallisuutta.<\/p>\n\n\n\n<p>Joustavuus: Soveltuu erilaisiin sovelluksiin, kuten asuinkompleksiin, toimistorakennuksiin tai aidattuihin yhteis\u00f6ihin.<\/p>\n\n\n\n<p>Yhdist\u00e4m\u00e4ll\u00e4 BAS-IP-intercomien kehittynyt teknologia ja ALPR-j\u00e4rjestelm\u00e4ll\u00e4 varustettujen AXIS-kameroiden tarkkuus k\u00e4ytt\u00e4j\u00e4t voivat nauttia korkeatasoisesta turvallisuudesta ja mukavuudesta ilman ylim\u00e4\u00e4r\u00e4ist\u00e4 ALPR-ohjelmistoa.<\/p>\n\n\n<!-- START Block Sign Up --><section id=\"block_629678229e935\" class=\"sign-up-section\">\r\n\r\n    <div class=\"form-holder js-form\" data-aos=\"fade-right\">\r\n                    <div class=\"title-block h3\">Sign up for connection<\/div>\r\n        \r\n                    <div class=\"text-block\">\r\n                Filling out all the information needed to answer you as quickly as possible            <\/div>\r\n        \r\n                    \n<div class=\"wpcf7 no-js\" id=\"wpcf7-f102-o1\" lang=\"en-US\" dir=\"ltr\">\n<div class=\"screen-reader-response\"><p role=\"status\" aria-live=\"polite\" aria-atomic=\"true\"><\/p> <ul><\/ul><\/div>\n<form action=\"\/fi\/wp-json\/wp\/v2\/pages\/121685#wpcf7-f102-o1\" method=\"post\" class=\"wpcf7-form init\" aria-label=\"Contact form\" enctype=\"multipart\/form-data\" novalidate=\"novalidate\" data-status=\"init\">\n<div style=\"display: none;\">\n<input type=\"hidden\" name=\"_wpcf7\" value=\"102\" \/>\n<input type=\"hidden\" name=\"_wpcf7_version\" value=\"5.8.3\" \/>\n<input type=\"hidden\" name=\"_wpcf7_locale\" value=\"en_US\" \/>\n<input type=\"hidden\" name=\"_wpcf7_unit_tag\" value=\"wpcf7-f102-o1\" \/>\n<input type=\"hidden\" name=\"_wpcf7_container_post\" value=\"0\" \/>\n<input type=\"hidden\" name=\"_wpcf7_posted_data_hash\" value=\"\" \/>\n<input type=\"hidden\" name=\"_wpcf7_recaptcha_response\" value=\"\" \/>\n<\/div>\n<div class=\"row\"> \n <label><span class=\"label-text\">Name<\/span> \n  <span class=\"wpcf7-form-control-wrap\" data-name=\"text-full-name\"><input size=\"40\" class=\"wpcf7-form-control wpcf7-text wpcf7-validates-as-required\" aria-required=\"true\" aria-invalid=\"false\" placeholder=\"Name\" value=\"\" type=\"text\" name=\"text-full-name\" \/><\/span><\/label> \n<\/div> \n<div class=\"row\"> \n <label><span class=\"label-text\">Phone*<\/span> \n<span class=\"wpcf7-form-control-wrap\" data-name=\"phonetext-270\"><input size=\"40\" class=\"wpcf7-form-control wpcf7-phonetext wpcf7-validates-as-required wpcf7-text wpcf7-validates-as-phonetext\" aria-required=\"true\" aria-invalid=\"false\" placeholder=\"Phone*\" value=\"\" type=\"text\" name=\"phonetext-270\" \/><input type=\"hidden\" name=\"phonetext-270-country-code\" class=\"wpcf7-phonetext-country-code\" \/><\/span><\/label> \n<\/div> \n<div class=\"row\"> \n <label><span class=\"label-text\">E-mail<\/span> \n  <span class=\"wpcf7-form-control-wrap\" data-name=\"email-e-mail\"><input size=\"40\" class=\"wpcf7-form-control wpcf7-email wpcf7-validates-as-required wpcf7-text wpcf7-validates-as-email\" aria-required=\"true\" aria-invalid=\"false\" placeholder=\"E-mail\" value=\"\" type=\"email\" name=\"email-e-mail\" \/><\/span><\/label> \n<\/div> \n<div class=\"row\"><span>Your country<\/span> \n <label><span class=\"wpcf7-form-control-wrap\" data-name=\"countrytext-126\"><input size=\"40\" class=\"wpcf7-form-control wpcf7-countrytext wpcf7-text wpcf7-validates-as-countrytext\" aria-invalid=\"false\" value=\"\" type=\"text\" name=\"countrytext-126\" \/><\/span> <\/label>\n<\/div> \n<div class=\"row\"> \n <button type=\"submit\" class=\"btn\">Send<\/button> \n<\/div> \n<div class=\"row\"> \n <span class=\"wpcf7-form-control-wrap\" data-name=\"checkbox-931\"><span class=\"wpcf7-form-control wpcf7-checkbox\"><span class=\"wpcf7-list-item first\"><label><input type=\"checkbox\" name=\"checkbox-931[]\" value=\"Integrator\" \/><span class=\"wpcf7-list-item-label\">Integrator<\/span><\/label><\/span><span class=\"wpcf7-list-item\"><label><input type=\"checkbox\" name=\"checkbox-931[]\" value=\"Builder\" \/><span class=\"wpcf7-list-item-label\">Builder<\/span><\/label><\/span><span class=\"wpcf7-list-item last\"><label><input type=\"checkbox\" name=\"checkbox-931[]\" value=\"End-User\" \/><span class=\"wpcf7-list-item-label\">End-User<\/span><\/label><\/span><\/span><\/span> \n<\/div> \n<div class=\"row row-upload-file\"> \n <label class=\"upload-file-block js-upload-file\">Attach file \n  <span class=\"wpcf7-form-control-wrap\" data-name=\"file-466\"><input size=\"40\" class=\"wpcf7-form-control wpcf7-file\" accept=\"audio\/*,video\/*,image\/*\" aria-invalid=\"false\" type=\"file\" name=\"file-466\" \/><\/span><\/label> \n<\/div><input type='hidden' class='wpcf7-pum' value='{\"closepopup\":false,\"closedelay\":0,\"openpopup\":false,\"openpopup_id\":0}' \/><div class=\"wpcf7-response-output\" aria-hidden=\"true\"><\/div>\n<\/form>\n<\/div>\n            <\/div>\r\n\r\n\t\t    <div class=\"text-holder\" data-aos=\"fade-left\">\r\n\t\t\t\t\t\t    <h3 class=\"title-block\">How Can We Help?<\/h3>\r\n\t\t\t\r\n\t\t\t                <div class=\"text-block\">\r\n                    Please select a topic below related to your inquiry. If you don&#8217;t find what you need, fill out our contact form.                <\/div>\r\n\t\t\t\r\n\t\t\t\t\t\t    <ul class=\"link-list\">\r\n\t\t\t\t\t\t\t\t\t\t\t\t\t\t\t\t\t\t<li>\r\n\t\t\t\t\t\t\t\t\t\t\t\t\t\t\t\t    <strong>Get Inspired<\/strong>\r\n\t\t\t\t\t\t\t\t\t\t\t\t\t\t\t\t\t\t\t\t\t\t\t\t    <a href=\"\/features\/\">\r\n\t\t\t\t\t\t\t\t        Discover what&#8217;s beneath our intercom\t\t\t\t\t\t\t\t    <\/a>\r\n\t\t\t\t\t\t\t\t\t\t\t\t\t\t\t<\/li>\r\n\t\t\t\t\t\t\t\t\t\t\t\t\t\t\t\t\t\t\t\t\t\t\t\t<li>\r\n\t\t\t\t\t\t\t\t\t\t\t\t\t\t\t\t    <strong>Become a Partner<\/strong>\r\n\t\t\t\t\t\t\t\t\t\t\t\t\t\t\t\t\t\t\t\t\t\t\t\t    <a href=\"\/distributors\/\">\r\n\t\t\t\t\t\t\t\t        Expand your business with BAS-IP intercom\t\t\t\t\t\t\t\t    <\/a>\r\n\t\t\t\t\t\t\t\t\t\t\t\t\t\t\t<\/li>\r\n\t\t\t\t\t\t\t\t\t\t\t\t\t\t\t\t\t\t\t\t\t\t\t\t<li>\r\n\t\t\t\t\t\t\t\t\t\t\t\t\t\t\t\t    <strong>Check the Guides<\/strong>\r\n\t\t\t\t\t\t\t\t\t\t\t\t\t\t\t\t\t\t\t\t\t\t\t\t    <a href=\"\/support\/\">\r\n\t\t\t\t\t\t\t\t        Download detailed manuals and schemes\t\t\t\t\t\t\t\t    <\/a>\r\n\t\t\t\t\t\t\t\t\t\t\t\t\t\t\t<\/li>\r\n\t\t\t\t\t\t\t\t\t\t\t\t\t\t\t<\/ul>\r\n\t\t\t\r\n\t\t\t\t\t\t    <h3 class=\"title-block\">Our contacts<\/h3>\r\n\t\t\t\r\n\t\t\t\t\t\t\t<ul class=\"contact-list\">\r\n\t\t\t\t\t\t\t\t\t\t\t\t\t\t\t\t\t\t<li>\r\n\t\t\t\t\t\t\t\t\t\t\t\t\t\t\t\t\t<strong>Sales:<\/strong>\r\n\t\t\t\t\t\t\t\t\t\t\t\t\t\t\t\t\t\t\t\t\t\t\t\t    <a href=\"mailto:s&#97;&#108;e&#115;&#64;&#98;as&#45;&#105;&#112;&#46;co&#109;\">s&#97;&#108;e&#115;&#64;&#98;a&#115;-i&#112;.c&#111;&#109;<\/a>\r\n\t\t\t\t\t\t\t\t\t\t\t\t\t\t\t<\/li>\r\n\t\t\t\t\t\t\t\t\t\t\t\t\t\t\t\t\t\t\t\t\t\t\t\t<li>\r\n\t\t\t\t\t\t\t\t\t\t\t\t\t\t\t\t\t<strong>Technical support:<\/strong>\r\n\t\t\t\t\t\t\t\t\t\t\t\t\t\t\t\t\t\t\t\t\t\t\t\t    <a href=\"mailto:&#115;&#117;&#112;&#112;o&#114;&#116;&#64;bas-&#105;p&#46;co&#109;\">&#115;&#117;&#112;port&#64;b&#97;&#115;&#45;ip&#46;&#99;o&#109;<\/a>\r\n\t\t\t\t\t\t\t\t\t\t\t\t\t\t\t<\/li>\r\n\t\t\t\t\t\t\t\t\t\t\t\t\t\t\t<\/ul>\r\n\t\t\t\t\t<\/div>\r\n\t<\/section>\r\n\r\n\r\n\r\n<!-- END Block Sign Up -->","protected":false},"excerpt":{"rendered":"<p>BAS-IP-sis\u00e4puhelimien integrointi AXIS CCTV -kameroiden kanssa erityisesti ALPR-toimintoa (Automatic License Plate Recognition) varten edellytt\u00e4\u00e4 yksinkertaista mutta tehokasta asennusta. Integrointi mahdollistaa saumattoman toiminnan ja kustannustehokkuuden, koska ammattimaista ALPR-ohjelmistoa ei tarvita. T\u00e4ss\u00e4 on yksityiskohtainen kuvaus siit\u00e4, miten t\u00e4m\u00e4 integraatio toimii: Integroinnin yleiskatsaus Tavoite: Tavoitteena on automatisoida portin avaaminen rekisterikilven tunnistuksen avulla k\u00e4ytt\u00e4m\u00e4ll\u00e4 BAS-IP-intercomia ja AXIS CCTV-kameroita, joissa [&hellip;]<\/p>","protected":false},"author":3,"featured_media":0,"parent":0,"menu_order":0,"comment_status":"closed","ping_status":"closed","template":"page-custom-breadcrumbs.php","meta":{"inline_featured_image":false,"footnotes":""},"class_list":["post-121685","page","type-page","status-publish","hentry"],"acf":[],"_links":{"self":[{"href":"https:\/\/bas-ip.com\/fi\/wp-json\/wp\/v2\/pages\/121685","targetHints":{"allow":["GET"]}}],"collection":[{"href":"https:\/\/bas-ip.com\/fi\/wp-json\/wp\/v2\/pages"}],"about":[{"href":"https:\/\/bas-ip.com\/fi\/wp-json\/wp\/v2\/types\/page"}],"author":[{"embeddable":true,"href":"https:\/\/bas-ip.com\/fi\/wp-json\/wp\/v2\/users\/3"}],"replies":[{"embeddable":true,"href":"https:\/\/bas-ip.com\/fi\/wp-json\/wp\/v2\/comments?post=121685"}],"version-history":[{"count":1,"href":"https:\/\/bas-ip.com\/fi\/wp-json\/wp\/v2\/pages\/121685\/revisions"}],"predecessor-version":[{"id":121686,"href":"https:\/\/bas-ip.com\/fi\/wp-json\/wp\/v2\/pages\/121685\/revisions\/121686"}],"wp:attachment":[{"href":"https:\/\/bas-ip.com\/fi\/wp-json\/wp\/v2\/media?parent=121685"}],"curies":[{"name":"wp","href":"https:\/\/api.w.org\/{rel}","templated":true}]}}